{"id":73,"date":"2017-06-04T21:18:28","date_gmt":"2017-06-04T21:18:28","guid":{"rendered":"http:\/\/clubdepoesia.com\/yohanaanayaruiz\/?page_id=73"},"modified":"2017-06-04T21:25:00","modified_gmt":"2017-06-04T21:25:00","slug":"poemas","status":"publish","type":"page","link":"https:\/\/clubdepoesia.com\/yohanaanayaruiz\/poemas\/","title":{"rendered":"Poemas"},"content":{"rendered":"<div class=\"wpb-content-wrapper\">[vc_row][vc_column extend=&#8221;false&#8221;]<div class=\"gambit_fullheight_row\" data-content-location=\"center\" style=\"display: none\"><\/div><div class='gambit_parallax_row' data-bg-align='' data-direction='fixed' data-opacity='100' data-velocity='-0.3' data-mobile-enabled='' data-bg-height='720' data-bg-width='1080' data-bg-image='https:\/\/clubdepoesia.com\/yohanaanayaruiz\/files\/2017\/06\/126.jpg' data-bg-repeat='false' data-id='' style='display: none'><\/div>[\/vc_column][\/vc_row][vc_row][vc_column extend=&#8221;false&#8221;][row_scroll entrance=&#8221;fly-left&#8221; exit=&#8221;stick-fly-left&#8221;]<div class=\"gambit_fullheight_row\" data-content-location=\"center\" style=\"display: none\"><\/div>[vc_row_inner][vc_column_inner extend=&#8221;false&#8221; width=&#8221;1\/2&#8243;][vc_column_text]<a name=\"_Toc483428907\"><\/a>Pens\u00e9 que hab\u00eda sido feliz regalando mis besos y mis horas,<\/p>\n<p>pero despu\u00e9s de conocerte me he dado cuenta de que todo aquello formaba parte de un n\u00famero de ilusionismo que estaba durando demasiado tiempo.<\/p>\n<p>Anduve por un camino de bisuter\u00edas,<\/p>\n<p>bajo un Sol artificial, resplandeciente como una l\u00e1mpara.<\/p>\n<p>Todo era real ante mis ojos. Aquella era mi realidad.<\/p>\n<p>Sin ti.<\/p>\n<p>Y ahora&#8230;<\/p>\n<p>Apareces de la nada, invadiendo mi camino.<\/p>\n<p>Mi vida.<\/p>\n<p>Mi felicidad imaginaria.<\/p>\n<p>Y tengo miedo de perderte.[\/vc_column_text][\/vc_column_inner][vc_column_inner extend=&#8221;false&#8221; width=&#8221;1\/2&#8243;][pt_ext__image_single align=&#8221;center&#8221; mask=&#8221;square&#8221; hover_style=&#8221;none&#8221; shadow=&#8221;&#8221; mediaquery_md=&#8221;change&#8221; mediaquery_md__align=&#8221;center&#8221; mediaquery_sm=&#8221;change&#8221; mediaquery_sm__align=&#8221;center&#8221; mediaquery_xs=&#8221;change&#8221; mediaquery_xs__align=&#8221;center&#8221; animation=&#8221;&#8221; image=&#8221;24&#8243; css=&#8221;.vc_custom_1496610888284{padding-top: 20px !important;padding-right: 20px !important;padding-bottom: 20px !important;padding-left: 20px !important;}&#8221; el_class=&#8221;&#8221; version=&#8221;1&#8243;][\/vc_column_inner][\/vc_row_inner][\/vc_column][\/vc_row][vc_row][vc_column extend=&#8221;false&#8221;]<div class=\"gambit_fullheight_row\" data-content-location=\"center\" style=\"display: none\"><\/div><div class='gambit_parallax_row' data-bg-align='' data-direction='fixed' data-opacity='100' data-velocity='-0.3' data-mobile-enabled='' data-bg-height='3264' data-bg-width='4928' data-bg-image='https:\/\/clubdepoesia.com\/yohanaanayaruiz\/files\/2017\/06\/n2zusect73u-sylwia-bartyzel.jpg' data-bg-repeat='false' data-id='' style='display: none'><\/div>[\/vc_column][\/vc_row][vc_row][vc_column extend=&#8221;false&#8221;][row_scroll entrance=&#8221;fly-right&#8221; exit=&#8221;stick-fly-right&#8221;]<div class=\"gambit_fullheight_row\" data-content-location=\"center\" style=\"display: none\"><\/div>[vc_row_inner][vc_column_inner extend=&#8221;false&#8221; width=&#8221;1\/2&#8243;][pt_ext__image_single align=&#8221;center&#8221; mask=&#8221;square&#8221; hover_style=&#8221;none&#8221; shadow=&#8221;&#8221; mediaquery_md=&#8221;change&#8221; mediaquery_md__align=&#8221;center&#8221; mediaquery_sm=&#8221;change&#8221; mediaquery_sm__align=&#8221;center&#8221; mediaquery_xs=&#8221;change&#8221; mediaquery_xs__align=&#8221;center&#8221; animation=&#8221;&#8221; image=&#8221;21&#8243; css=&#8221;.vc_custom_1496610945943{padding-top: 20px !important;padding-right: 20px !important;padding-bottom: 20px !important;padding-left: 20px !important;}&#8221; el_class=&#8221;&#8221; version=&#8221;1&#8243;][\/vc_column_inner][vc_column_inner extend=&#8221;false&#8221; width=&#8221;1\/2&#8243;][vc_column_text]<a name=\"_Toc477016366\"><\/a><\/p>\n<p><a name=\"_Toc483428923\"><\/a>Prom\u00e9teme una sonrisa diaria,<\/p>\n<p>un abrazo cada cinco minutos.<\/p>\n<p>Prom\u00e9teme que me har\u00e1s olvidar el tiempo y las fechas de caducidad.<\/p>\n<p>Que lo \u00fanico que necesite para saltar hacia mis sue\u00f1os sea la ayuda de tus manos.<\/p>\n<p>Que en mi futuro est\u00e9 incluido tu nombre.<\/p>\n<p>Prom\u00e9temelo todo.<\/p>\n<p>Todo y m\u00e1s.<\/p>\n<p>Prom\u00e9teme el futuro con las venas abiertas.[\/vc_column_text][\/vc_column_inner][\/vc_row_inner][\/vc_column][\/vc_row][vc_row][vc_column extend=&#8221;false&#8221;][row_scroll entrance=&#8221;fly-right&#8221; exit=&#8221;stick-fly-right&#8221;]<div class=\"gambit_fullheight_row\" data-content-location=\"center\" style=\"display: none\"><\/div>[\/vc_column][\/vc_row][vc_row][vc_column extend=&#8221;false&#8221;]<div class=\"gambit_fullheight_row\" data-content-location=\"center\" style=\"display: none\"><\/div><div class='gambit_parallax_row' data-bg-align='' data-direction='fixed' data-opacity='100' data-velocity='-0.3' data-mobile-enabled='' data-bg-height='3056' data-bg-width='4592' data-bg-image='https:\/\/clubdepoesia.com\/yohanaanayaruiz\/files\/2017\/06\/nduplkyrxqu-elena-prokofyeva.jpg' data-bg-repeat='false' data-id='' style='display: none'><\/div>[\/vc_column][\/vc_row][vc_row][vc_column extend=&#8221;false&#8221;][row_scroll entrance=&#8221;fly-right&#8221; exit=&#8221;stick-fly-right&#8221;]<div class=\"gambit_fullheight_row\" data-content-location=\"center\" style=\"display: none\"><\/div>[vc_row_inner][vc_column_inner extend=&#8221;false&#8221; width=&#8221;1\/2&#8243;][vc_column_text]<a name=\"_Toc483428934\"><\/a><strong>Conveniencia descarada<\/strong><\/p>\n<p>&nbsp;<\/p>\n<p>Intentas arreglar algo que lleva mucho tiempo caducado.<\/p>\n<p>Los a\u00f1os han pasado por encima de nosotros,<\/p>\n<p>borrando incluso tus recuerdos.<\/p>\n<p>Y t\u00fa no te has dado cuenta.<\/p>\n<p>&nbsp;<\/p>\n<p>La amistad no es algo de usar y tirar,<\/p>\n<p>no soy reciclable.<\/p>\n<p>&nbsp;<\/p>\n<p>Me has querido enga\u00f1ar con tus palabras vestidas de inocencia,<\/p>\n<p>de \u201crecuerda cuando\u2026\u201d, de \u201cte echo de menos\u2026\u201d<\/p>\n<p>pero la amnesia se ha puesto de mi lado<\/p>\n<p>y yo ya no s\u00e9 qui\u00e9n eres.<\/p>\n<p>Y t\u00fa a\u00fan no te has dado cuenta.[\/vc_column_text][\/vc_column_inner][vc_column_inner extend=&#8221;false&#8221; width=&#8221;1\/2&#8243;][pt_ext__image_single align=&#8221;center&#8221; mask=&#8221;square&#8221; hover_style=&#8221;none&#8221; shadow=&#8221;&#8221; mediaquery_md=&#8221;change&#8221; mediaquery_md__align=&#8221;center&#8221; mediaquery_sm=&#8221;change&#8221; mediaquery_sm__align=&#8221;center&#8221; mediaquery_xs=&#8221;change&#8221; mediaquery_xs__align=&#8221;center&#8221; animation=&#8221;&#8221; image=&#8221;18&#8243; css=&#8221;.vc_custom_1496611273190{padding-top: 20px !important;padding-right: 20px !important;padding-bottom: 20px !important;padding-left: 20px !important;}&#8221; el_class=&#8221;&#8221; version=&#8221;1&#8243;][\/vc_column_inner][\/vc_row_inner][\/vc_column][\/vc_row][vc_row][vc_column extend=&#8221;false&#8221;]<div class=\"gambit_fullheight_row\" data-content-location=\"center\" style=\"display: none\"><\/div><div class='gambit_parallax_row' data-bg-align='' data-direction='fixed' data-opacity='100' data-velocity='-0.3' data-mobile-enabled='' data-bg-height='3239' data-bg-width='4319' data-bg-image='https:\/\/clubdepoesia.com\/yohanaanayaruiz\/files\/2017\/06\/wa6ptz0snjs-aaron-burden.jpg' data-bg-repeat='false' data-id='' style='display: none'><\/div>[\/vc_column][\/vc_row][vc_row][vc_column extend=&#8221;false&#8221;][row_scroll entrance=&#8221;fly-left&#8221; exit=&#8221;stick-fly-left&#8221;]<div class=\"gambit_fullheight_row\" data-content-location=\"center\" style=\"display: none\"><\/div>[vc_row_inner][vc_column_inner extend=&#8221;false&#8221; width=&#8221;1\/2&#8243;][pt_ext__image_single align=&#8221;center&#8221; mask=&#8221;square&#8221; hover_style=&#8221;none&#8221; shadow=&#8221;&#8221; mediaquery_md=&#8221;change&#8221; mediaquery_md__align=&#8221;center&#8221; mediaquery_sm=&#8221;change&#8221; mediaquery_sm__align=&#8221;center&#8221; mediaquery_xs=&#8221;change&#8221; mediaquery_xs__align=&#8221;center&#8221; animation=&#8221;&#8221; image=&#8221;19&#8243; css=&#8221;.vc_custom_1496611490464{padding-top: 20px !important;padding-right: 20px !important;padding-bottom: 20px !important;padding-left: 20px !important;}&#8221; el_class=&#8221;&#8221; version=&#8221;1&#8243;][\/vc_column_inner][vc_column_inner extend=&#8221;false&#8221; width=&#8221;1\/2&#8243;][vc_column_text]<a name=\"_Toc477016382\"><\/a><\/p>\n<p><a name=\"_Toc483428953\"><\/a>Su sonrisa, aquella luz que permanec\u00eda encendida incluso en la<\/p>\n<p>noche m\u00e1s oscura.<\/p>\n<p>Su mano, aquella ancla que me manten\u00eda a flote y era la mejor de las curas.<\/p>\n<p>Sus ojos, que con m\u00e1s de 90 a\u00f1os, a\u00fan miraban con la ilusi\u00f3n de una ni\u00f1a.<\/p>\n<p>Cada parte de su cuerpo,<\/p>\n<p>de repente,<\/p>\n<p>polvo y cenizas.<\/p>\n<p>Te intent\u00e9 abrazar pero te deslizaste por mis dedos,<\/p>\n<p>cayendo a la hierba,<\/p>\n<p>para no regresar m\u00e1s.[\/vc_column_text][\/vc_column_inner][\/vc_row_inner][\/vc_column][\/vc_row][vc_row][vc_column extend=&#8221;false&#8221;]<div class=\"gambit_fullheight_row\" data-content-location=\"center\" style=\"display: none\"><\/div><div class='gambit_parallax_row' data-bg-align='' data-direction='fixed' data-opacity='100' data-velocity='-0.3' data-mobile-enabled='' data-bg-height='1528' data-bg-width='1080' data-bg-image='https:\/\/clubdepoesia.com\/yohanaanayaruiz\/files\/2017\/06\/2-Large.jpg' data-bg-repeat='false' data-id='' style='display: none'><\/div>[\/vc_column][\/vc_row][vc_row][vc_column extend=&#8221;false&#8221;][\/vc_column][\/vc_row]\n<\/div>","protected":false},"excerpt":{"rendered":"<p>[vc_row][vc_column extend=&#8221;false&#8221;][\/vc_column][\/vc_row][vc_row][vc_column extend=&#8221;false&#8221;][row_scroll entrance=&#8221;fly-left&#8221; exit=&#8221;stick-fly-left&#8221;][vc_row_inner][vc_column_inner extend=&#8221;false&#8221; width=&#8221;1\/2&#8243;][vc_column_text]Pens\u00e9 que hab\u00eda sido feliz regalando mis besos y mis horas, pero despu\u00e9s de conocerte me he dado cuenta de que todo aquello formaba parte de un n\u00famero de ilusionismo que estaba durando demasiado tiempo. Anduve por un camino de bisuter\u00edas, bajo un Sol artificial, resplandeciente como una l\u00e1mpara. [&hellip;]<\/p>\n","protected":false},"author":24,"featured_media":0,"parent":0,"menu_order":3,"comment_status":"closed","ping_status":"closed","template":"","meta":{"footnotes":"","_links_to":"","_links_to_target":""},"class_list":["post-73","page","type-page","status-publish","hentry"],"_links":{"self":[{"href":"https:\/\/clubdepoesia.com\/yohanaanayaruiz\/wp-json\/wp\/v2\/pages\/73","targetHints":{"allow":["GET"]}}],"collection":[{"href":"https:\/\/clubdepoesia.com\/yohanaanayaruiz\/wp-json\/wp\/v2\/pages"}],"about":[{"href":"https:\/\/clubdepoesia.com\/yohanaanayaruiz\/wp-json\/wp\/v2\/types\/page"}],"author":[{"embeddable":true,"href":"https:\/\/clubdepoesia.com\/yohanaanayaruiz\/wp-json\/wp\/v2\/users\/24"}],"replies":[{"embeddable":true,"href":"https:\/\/clubdepoesia.com\/yohanaanayaruiz\/wp-json\/wp\/v2\/comments?post=73"}],"version-history":[{"count":0,"href":"https:\/\/clubdepoesia.com\/yohanaanayaruiz\/wp-json\/wp\/v2\/pages\/73\/revisions"}],"wp:attachment":[{"href":"https:\/\/clubdepoesia.com\/yohanaanayaruiz\/wp-json\/wp\/v2\/media?parent=73"}],"curies":[{"name":"wp","href":"https:\/\/api.w.org\/{rel}","templated":true}]}}