{"id":47,"date":"2018-11-17T18:41:43","date_gmt":"2018-11-17T18:41:43","guid":{"rendered":"https:\/\/clubdepoesia.com\/victorjruiz\/?page_id=47"},"modified":"2018-11-17T21:37:42","modified_gmt":"2018-11-17T21:37:42","slug":"poesia","status":"publish","type":"page","link":"https:\/\/clubdepoesia.com\/victorjruiz\/poesia\/","title":{"rendered":"Poes\u00eda"},"content":{"rendered":"<div class=\"wpb-content-wrapper\">[vc_row][vc_column extend=&#8221;false&#8221;][vc_column_text css=&#8221;.vc_custom_1542479521272{margin-top: -30000px !important;}&#8221;]\n<h1><strong><em><u>Poes\u00eda del libro MILES DE HOJAS BLANCAS CAEN DEL CIELO de V\u00cdCTOR RU\u00cdZ. El escritor nos da una muestra tras publicar un libro.<\/u><\/em><\/strong><\/h1>\n<h2><strong><em><u>Poes\u00eda del libro MILES DE HOJAS BLANCAS CAEN DEL CIELO de V\u00cdCTOR RU\u00cdZ El poeta nos da una muestra tras publicar un libro.<\/u><\/em><\/strong><\/h2>\n<h3><strong><em><u>Poes\u00eda del libro MILES DE HOJAS BLANCAS CAEN DEL CIELO de V\u00cdCTOR RU\u00cdZ El autor nos da una muestra tras publicar un libro.<\/u><\/em><\/strong><\/h3>\n<h4><strong><em><u><img fetchpriority=\"high\" decoding=\"async\" class=\"alignleft size-medium wp-image-41\" src=\"https:\/\/clubdepoesia.com\/victorjruiz\/files\/2018\/11\/CubiertaMilesdehojasblancas3-211x300.jpg\" alt=\"\" width=\"211\" height=\"300\" srcset=\"https:\/\/clubdepoesia.com\/victorjruiz\/files\/2018\/11\/CubiertaMilesdehojasblancas3-211x300.jpg 211w, https:\/\/clubdepoesia.com\/victorjruiz\/files\/2018\/11\/CubiertaMilesdehojasblancas3.jpg 559w\" sizes=\"(max-width: 211px) 100vw, 211px\" \/>Poes\u00eda del libro MILES DE HOJAS BLANCAS CAEN DEL CIELO de V\u00cdCTOR RU\u00cdZ El autor nos da una muestra tras publicar un libro.<\/u><\/em><\/strong><\/h4>\n<h5><strong><em><u>Poes\u00eda del libro MILES DE HOJAS BLANCAS CAEN DEL CIELO de V\u00cdCTOR RU\u00cdZ El autor nos da una muestra tras publicar un libro.<\/u><\/em><\/strong><\/h5>\n[\/vc_column_text][\/vc_column][\/vc_row][vc_row][vc_column extend=&#8221;false&#8221;]<div class='gambit_parallax_row' data-bg-align='' data-direction='fixed' data-opacity='100' data-velocity='-0.3' data-mobile-enabled='' data-bg-height='480' data-bg-width='722' data-bg-image='https:\/\/clubdepoesia.com\/victorjruiz\/files\/2018\/11\/0_paper-2598053_1920-722480.jpg' data-bg-repeat='false' data-id='' style='display: none'><\/div><div class=\"gambit_fullheight_row\" data-content-location=\"center\" style=\"display: none\"><\/div>[\/vc_column][\/vc_row][vc_row][vc_column extend=&#8221;false&#8221;][vc_column_text]\n<h1><a name=\"_Toc523326839\"><\/a><\/h1>\n<h1><a name=\"_Toc529126590\"><\/a><strong>Amor<\/strong><\/h1>\n<p>&nbsp;<\/p>\n<p>\u00bfD\u00f3nde est\u00e1s?<\/p>\n<p>\u00bfPor qu\u00e9 no te veo?<\/p>\n<p>&nbsp;<\/p>\n<p>Eres la ausencia<\/p>\n<p>eres el deseo<\/p>\n<p>\u00bfD\u00f3nde est\u00e1s? \u00bfPor qu\u00e9 no te veo?<\/p>\n<p>Para algunos presente<\/p>\n<p>para otros futuro o pasado<\/p>\n<p>culpable o inocente<\/p>\n<p>recuerdo olvidado.<\/p>\n<p>&nbsp;<\/p>\n<p>\u00bfPero d\u00f3nde est\u00e1s?<\/p>\n<p>\u00bfPor qu\u00e9 no te veo?<\/p>\n<p>eres luz y oscuridad<\/p>\n<p>por eso aunque algunos<\/p>\n<p>te tengan miedo<\/p>\n<p>y te quieran olvidar,<\/p>\n<p>en m\u00ed siempre tendr\u00e1s un rinc\u00f3n<\/p>\n<p>entre el alma<\/p>\n<p>y el coraz\u00f3n.<\/p>\n<p>\u00bfD\u00f3nde est\u00e1s? \u00bfPor qu\u00e9 no te veo?<\/p>\n<p>\u00bfD\u00f3nde est\u00e1s Amor<\/p>\n<p>porque no te veo?<\/p>\n<p>&nbsp;<\/p>\n<p>&nbsp;<\/p>\n<span class='bctt-click-to-tweet'><span class='bctt-ctt-text'><a href='https:\/\/x.com\/intent\/tweet?url=https%3A%2F%2Fclubdepoesia.com%2Fvictorjruiz%2Fpoesia%2F&#038;text=AMOR%C2%A0del%20libro%20MILES%20DE%20HOJAS%20BLANCAS%20CAEN%20DEL%20CIELO%20de%20V%C3%8DCTOR%20RUIZ&#038;via=poesiaerestu&#038;related=poesiaerestu' target='_blank'rel=\"noopener noreferrer\">AMOR&nbsp;del libro MILES DE HOJAS BLANCAS CAEN DEL CIELO de V\u00cdCTOR RUIZ <\/a><\/span><a href='https:\/\/x.com\/intent\/tweet?url=https%3A%2F%2Fclubdepoesia.com%2Fvictorjruiz%2Fpoesia%2F&#038;text=AMOR%C2%A0del%20libro%20MILES%20DE%20HOJAS%20BLANCAS%20CAEN%20DEL%20CIELO%20de%20V%C3%8DCTOR%20RUIZ&#038;via=poesiaerestu&#038;related=poesiaerestu' target='_blank' class='bctt-ctt-btn'rel=\"noopener noreferrer\">Compartir en X<\/a><\/span>[\/vc_column_text][\/vc_column][\/vc_row][vc_row][vc_column extend=&#8221;false&#8221;]<div class='gambit_parallax_row' data-bg-align='' data-direction='fixed' data-opacity='100' data-velocity='-0.3' data-mobile-enabled='' data-bg-height='480' data-bg-width='705' data-bg-image='https:\/\/clubdepoesia.com\/victorjruiz\/files\/2018\/11\/technology-3200401_1920-705480.jpg' data-bg-repeat='false' data-id='' style='display: none'><\/div><div class=\"gambit_fullheight_row\" data-content-location=\"center\" style=\"display: none\"><\/div>[\/vc_column][\/vc_row][vc_row][vc_column extend=&#8221;false&#8221;][vc_column_text]\n<h1><a name=\"_Toc529126598\"><\/a><strong>La L\u00ednea de la Concepci\u00f3n<\/strong><\/h1>\n<p>&nbsp;<\/p>\n<p>Olor a brisa olor a mar<\/p>\n<p>vientos de poniente y levante<\/p>\n<p>vientos acarician mi ciudad.<\/p>\n<p>&nbsp;<\/p>\n<p>Pueblo incomprendido<\/p>\n<p>desprotegido<\/p>\n<p>pueblo joven y valiente<\/p>\n<p>alegre y acogedor<\/p>\n<p>de nombre La L\u00ednea de la Concepci\u00f3n.<\/p>\n<p>&nbsp;<\/p>\n<p>Campo y orilla, sudor y sal<\/p>\n<p>el Sol te mira como a nadie m\u00e1s<\/p>\n<p>gente alegre gente acogedora<\/p>\n<p>tus cicatrices olvidaste<\/p>\n<p>para ayudar al que llora.<\/p>\n<p>&nbsp;<\/p>\n<p>Entre pueblos blancos y dos orillas<\/p>\n<p>Gibraltar te mira<\/p>\n<p>siente orgulloso C\u00e1diz<\/p>\n<p>hasta de noche La L\u00ednea brilla,<\/p>\n<p>L\u00ednea de la Concepci\u00f3n<\/p>\n<p>esquina de Andaluc\u00eda<\/p>\n<p>un rinc\u00f3n donde un poeta naci\u00f3.<\/p>\n<p>&nbsp;<\/p>\n<p>&nbsp;<\/p>\n<span class='bctt-click-to-tweet'><span class='bctt-ctt-text'><a href='https:\/\/x.com\/intent\/tweet?url=https%3A%2F%2Fclubdepoesia.com%2Fvictorjruiz%2Fpoesia%2F&#038;text=LA%20LINEA%20DE%20LA%20CONCEPCI%C3%93N%C2%A0del%20libro%20MILES%20DE%20HOJAS%20BLANCAS%20CAEN%20DEL%20CIELO%20de%20V%C3%8DCTOR%20RU%C3%8DZ&#038;via=poesiaerestu&#038;related=poesiaerestu' target='_blank'rel=\"noopener noreferrer\">LA LINEA DE LA CONCEPCI\u00d3N&nbsp;del libro MILES DE HOJAS BLANCAS CAEN DEL CIELO de V\u00cdCTOR RU\u00cdZ <\/a><\/span><a href='https:\/\/x.com\/intent\/tweet?url=https%3A%2F%2Fclubdepoesia.com%2Fvictorjruiz%2Fpoesia%2F&#038;text=LA%20LINEA%20DE%20LA%20CONCEPCI%C3%93N%C2%A0del%20libro%20MILES%20DE%20HOJAS%20BLANCAS%20CAEN%20DEL%20CIELO%20de%20V%C3%8DCTOR%20RU%C3%8DZ&#038;via=poesiaerestu&#038;related=poesiaerestu' target='_blank' class='bctt-ctt-btn'rel=\"noopener noreferrer\">Compartir en X<\/a><\/span>[\/vc_column_text][\/vc_column][\/vc_row][vc_row][vc_column extend=&#8221;false&#8221;]<div class='gambit_parallax_row' data-bg-align='' data-direction='fixed' data-opacity='100' data-velocity='-0.3' data-mobile-enabled='' data-bg-height='480' data-bg-width='720' data-bg-image='https:\/\/clubdepoesia.com\/victorjruiz\/files\/2018\/11\/0_typography-725149_1920-720480.jpg' data-bg-repeat='false' data-id='' style='display: none'><\/div><div class=\"gambit_fullheight_row\" data-content-location=\"center\" style=\"display: none\"><\/div>[\/vc_column][\/vc_row][vc_row][vc_column extend=&#8221;false&#8221;][vc_column_text]\n<h1><a name=\"_Toc529126605\"><\/a><strong>Olivo<\/strong><\/h1>\n<p>&nbsp;<\/p>\n<p>Olivo centenario,<\/p>\n<p>olivo sabio,<\/p>\n<p>ra\u00edces secas<\/p>\n<p>y hojas verdes.<\/p>\n<p>&nbsp;<\/p>\n<p>Sombra y oro<\/p>\n<p>diste cobijo y tesoros<\/p>\n<p>olivo centenario<\/p>\n<p>olivo sabio.<\/p>\n<p>&nbsp;<\/p>\n<p>Adornas montes parques y palacios<\/p>\n<p>monumento admirado<\/p>\n<p>pintado y fotografiado,<\/p>\n<p>olivo centenario olivo sabio.<\/p>\n<p>&nbsp;<\/p>\n<p>En huertos protegidos<\/p>\n<p>en huerto sagrado<\/p>\n<p>en huerto venerado.<\/p>\n<p>&nbsp;<\/p>\n<p>De nuestra tierra deseado y admirado<\/p>\n<p>tumba y descanso,<\/p>\n<p>olivo sabio<\/p>\n<p>en ti se apoyaron,<\/p>\n<p>olivo centenario los a\u00f1os te perdonaron.<\/p>\n<p>&nbsp;<\/p>\n<p>&nbsp;<\/p>\n<span class='bctt-click-to-tweet'><span class='bctt-ctt-text'><a href='https:\/\/x.com\/intent\/tweet?url=https%3A%2F%2Fclubdepoesia.com%2Fvictorjruiz%2Fpoesia%2F&#038;text=OLIVO%20de%20MILES%20DE%20HOJAS%20BLANCAS%20CAEN%20DEL%20CIELO%20de%20V%C3%8DCTOR%20RUIZ&#038;via=poesiaerestu&#038;related=poesiaerestu' target='_blank'rel=\"noopener noreferrer\">OLIVO de MILES DE HOJAS BLANCAS CAEN DEL CIELO de V\u00cdCTOR RUIZ <\/a><\/span><a href='https:\/\/x.com\/intent\/tweet?url=https%3A%2F%2Fclubdepoesia.com%2Fvictorjruiz%2Fpoesia%2F&#038;text=OLIVO%20de%20MILES%20DE%20HOJAS%20BLANCAS%20CAEN%20DEL%20CIELO%20de%20V%C3%8DCTOR%20RUIZ&#038;via=poesiaerestu&#038;related=poesiaerestu' target='_blank' class='bctt-ctt-btn'rel=\"noopener noreferrer\">Compartir en X<\/a><\/span>[\/vc_column_text][\/vc_column][\/vc_row][vc_row][vc_column extend=&#8221;false&#8221;]<div class='gambit_parallax_row' data-bg-align='' data-direction='fixed' data-opacity='100' data-velocity='-0.3' data-mobile-enabled='' data-bg-height='480' data-bg-width='837' data-bg-image='https:\/\/clubdepoesia.com\/victorjruiz\/files\/2018\/11\/0_book-1659717_1920-837480.jpg' data-bg-repeat='false' data-id='' style='display: none'><\/div><div class=\"gambit_fullheight_row\" data-content-location=\"center\" style=\"display: none\"><\/div>[\/vc_column][\/vc_row][vc_row][vc_column extend=&#8221;false&#8221;][vc_column_text]\n<h1><a name=\"_Toc529126630\"><\/a><strong>Lucero de la noche<\/strong><\/h1>\n<p>&nbsp;<\/p>\n<p>Luz de la fragua<\/p>\n<p>forjada en las estrellas,<\/p>\n<p>fugaz mirada<\/p>\n<p>en el estrecho horizonte<\/p>\n<p>paseo por el monte de la aceituna;<\/p>\n<p>candil de la noche del bosque<\/p>\n<p>lucero en la madrugada.<\/p>\n<p>&nbsp;<\/p>\n<p>Duermen los girasoles<\/p>\n<p>en el lecho de la espiga<\/p>\n<p>duerme la hormiga<\/p>\n<p>en las hojas del bosque,<\/p>\n<p>fragua del cielo<\/p>\n<p>candil de la aceituna.<\/p>\n<p>&nbsp;<\/p>\n<p>Lucero de la noche,<\/p>\n<p>entre gajos de algodones<\/p>\n<p>pradera de estrellas en la luna estrecha<\/p>\n<p>un muro de grillos nos separa del velo<\/p>\n<p>que deja tu estela;<\/p>\n<p>lucero de sombrero y estrecha luna<\/p>\n<p>viajero de oscuros prados,<\/p>\n<p>lucero que guardas<\/p>\n<p>los deseos que te exige el camino.<\/p>\n<h1>&nbsp;<\/h1>\n<span class='bctt-click-to-tweet'><span class='bctt-ctt-text'><a href='https:\/\/x.com\/intent\/tweet?url=https%3A%2F%2Fclubdepoesia.com%2Fvictorjruiz%2Fpoesia%2F&#038;text=LUCERO%20DE%20LA%20NOCHE%C2%A0del%20libro%20MILES%20DE%20HOJAS%20BLANCAS%20CAEN%20DEL%20CIELO%20de%20V%C3%8DCTOR%20RUIZ&#038;via=poesiaerestu&#038;related=poesiaerestu' target='_blank'rel=\"noopener noreferrer\">LUCERO DE LA NOCHE&nbsp;del libro MILES DE HOJAS BLANCAS CAEN DEL CIELO de V\u00cdCTOR RUIZ <\/a><\/span><a href='https:\/\/x.com\/intent\/tweet?url=https%3A%2F%2Fclubdepoesia.com%2Fvictorjruiz%2Fpoesia%2F&#038;text=LUCERO%20DE%20LA%20NOCHE%C2%A0del%20libro%20MILES%20DE%20HOJAS%20BLANCAS%20CAEN%20DEL%20CIELO%20de%20V%C3%8DCTOR%20RUIZ&#038;via=poesiaerestu&#038;related=poesiaerestu' target='_blank' class='bctt-ctt-btn'rel=\"noopener noreferrer\">Compartir en X<\/a><\/span>[\/vc_column_text][\/vc_column][\/vc_row][vc_row][vc_column extend=&#8221;false&#8221;]<div class='gambit_parallax_row' data-bg-align='' data-direction='fixed' data-opacity='100' data-velocity='-0.3' data-mobile-enabled='' data-bg-height='768' data-bg-width='1152' data-bg-image='https:\/\/clubdepoesia.com\/victorjruiz\/files\/2018\/11\/DSC_0737OverText-Mediano.jpg' data-bg-repeat='false' data-id='' style='display: none'><\/div><div class=\"gambit_fullheight_row\" data-content-location=\"center\" style=\"display: none\"><\/div>[vc_column_text]\n<p style=\"text-align: center;\"><a class=\"fasc-button fasc-size-xlarge fasc-type-glossy fasc-rounded-medium\" style=\"background-color: #33809e; color: #ffffff;\" href=\"https:\/\/librodepoesia.com\/producto\/miles-de-hojas-blancas-caen-del-cielo-victor-j-ruiz\/\">Comprar el libro<\/a><\/p>\n[\/vc_column_text][\/vc_column][\/vc_row][vc_row][vc_column extend=&#8221;false&#8221;][vc_column_text css=&#8221;.vc_custom_1541714142418{margin-top: -30000px !important;}&#8221;]\n<h1><strong><em><u>Poes\u00eda del libro MILES DE HOJAS BLANCAS CAEN DEL CIELO de V\u00cdCTOR RU\u00cdZ. El escritor nos da una muestra tras publicar un libro.<\/u><\/em><\/strong><\/h1>\n<h2><strong><em><u><img decoding=\"async\" class=\"alignleft size-medium wp-image-7\" src=\"https:\/\/clubdepoesia.com\/pedromonfortmonfort\/files\/2018\/11\/0_Portada-Retazos-de-ser-211x300.jpg\" alt=\"\" width=\"211\" height=\"300\">Poes\u00eda del libro MILES DE HOJAS BLANCAS CAEN DEL CIELO de V\u00cdCTOR RU\u00cdZ El poeta nos da una muestra tras publicar un libro.<\/u><\/em><\/strong><\/h2>\n<h3><strong><em><u>Poes\u00eda del libro MILES DE HOJAS BLANCAS CAEN DEL CIELO de V\u00cdCTOR RU\u00cdZ El autor nos da una muestra tras publicar un libro.<\/u><\/em><\/strong><\/h3>\n<h4><strong><em><u>Poes\u00eda del libro MILES DE HOJAS BLANCAS CAEN DEL CIELO de V\u00cdCTOR RU\u00cdZ El autor nos da una muestra tras publicar un libro.<\/u><\/em><\/strong><\/h4>\n<h5><strong><em><u>Poes\u00eda del libro MILES DE HOJAS BLANCAS CAEN DEL CIELO de V\u00cdCTOR RU\u00cdZ El autor nos da una muestra tras publicar un libro.<\/u><\/em><\/strong><\/h5>\n[\/vc_column_text][\/vc_column][\/vc_row]\n<\/div>","protected":false},"excerpt":{"rendered":"<p>[vc_row][vc_column extend=&#8221;false&#8221;][vc_column_text css=&#8221;.vc_custom_1542479521272{margin-top: -30000px !important;}&#8221;] Poes\u00eda del libro MILES DE HOJAS BLANCAS CAEN DEL CIELO de V\u00cdCTOR RU\u00cdZ. El escritor nos da una muestra tras publicar un libro. Poes\u00eda del libro MILES DE HOJAS BLANCAS CAEN DEL CIELO de V\u00cdCTOR RU\u00cdZ El poeta nos da una muestra tras publicar un libro. Poes\u00eda del libro MILES [&hellip;]<\/p>\n","protected":false},"author":24,"featured_media":0,"parent":0,"menu_order":3,"comment_status":"closed","ping_status":"closed","template":"","meta":{"footnotes":"","_links_to":"","_links_to_target":""},"class_list":["post-47","page","type-page","status-publish","hentry"],"_links":{"self":[{"href":"https:\/\/clubdepoesia.com\/victorjruiz\/wp-json\/wp\/v2\/pages\/47","targetHints":{"allow":["GET"]}}],"collection":[{"href":"https:\/\/clubdepoesia.com\/victorjruiz\/wp-json\/wp\/v2\/pages"}],"about":[{"href":"https:\/\/clubdepoesia.com\/victorjruiz\/wp-json\/wp\/v2\/types\/page"}],"author":[{"embeddable":true,"href":"https:\/\/clubdepoesia.com\/victorjruiz\/wp-json\/wp\/v2\/users\/24"}],"replies":[{"embeddable":true,"href":"https:\/\/clubdepoesia.com\/victorjruiz\/wp-json\/wp\/v2\/comments?post=47"}],"version-history":[{"count":0,"href":"https:\/\/clubdepoesia.com\/victorjruiz\/wp-json\/wp\/v2\/pages\/47\/revisions"}],"wp:attachment":[{"href":"https:\/\/clubdepoesia.com\/victorjruiz\/wp-json\/wp\/v2\/media?parent=47"}],"curies":[{"name":"wp","href":"https:\/\/api.w.org\/{rel}","templated":true}]}}