{"id":21,"date":"2014-04-12T20:21:56","date_gmt":"2014-04-12T20:21:56","guid":{"rendered":"http:\/\/clubdepoesia.com\/victoriatorresvillasevil\/?page_id=21"},"modified":"2014-04-12T20:24:30","modified_gmt":"2014-04-12T20:24:30","slug":"poemas","status":"publish","type":"page","link":"https:\/\/clubdepoesia.com\/victoriatorresvillasevil\/poemas\/","title":{"rendered":"Poemas"},"content":{"rendered":"[intense_animated type=&#8221;fadeInUpBig&#8221; trigger=&#8221;scroll&#8221; scroll_percent=&#8221;10&#8243; delay=&#8221;500&#8243;]\n<p><b>Tres amores tengo<\/b><b><\/b><\/p>\n<p>&nbsp;<\/p>\n<p>Tres amores tengo, uno desde ni\u00f1a,<\/p>\n<p>los otros dos nacieron como nuevas vidas,<\/p>\n<p>si t\u00fa me preguntaras: \u00bfC\u00f3mo les querr\u00edas?<\/p>\n<p>sin pensarlo apenas yo te lo dir\u00eda:<\/p>\n<p>&nbsp;<\/p>\n<p>Con el coraz\u00f3n que late,<\/p>\n<p>con el alma m\u00eda,<\/p>\n<p>con el coraje de mujer,<\/p>\n<p>con la sangre tibia,<\/p>\n<p>con mi vida misma,<\/p>\n<p>con mis alegr\u00edas,<\/p>\n<p>con el pu\u00f1o alzado<\/p>\n<p>a quien les castiga,<\/p>\n<p>con mis penas rota<\/p>\n<p>yo les sanar\u00eda.<\/p>\n<p>&nbsp;<\/p>\n<p>Tres amores tengo, claveles perennes<\/p>\n<p>en todos mis d\u00edas, sin ellos no soy nada,<\/p>\n<p>nada soy sin ellos, pues son toda mi vida.<br \/>\n[\/intense_animated]\n<p>&nbsp;<\/p>\n[intense_animated type=&#8221;fadeInUpBig&#8221; trigger=&#8221;scroll&#8221; scroll_percent=&#8221;10&#8243; delay=&#8221;500&#8243;]\n<p><b>De claveles mis a\u00f1os<\/b><b><\/b><\/p>\n<p>&nbsp;<\/p>\n<p>Por hechicero te tengo<\/p>\n<p>para lo bueno y lo malo,<\/p>\n<p>sabes hacerme re\u00edr<\/p>\n<p>y sabes hacerme da\u00f1o.<\/p>\n<p>&nbsp;<\/p>\n<p>Llena entonces, pues,<\/p>\n<p>de claveles mis a\u00f1os,<\/p>\n<p>que con ortigas ya tuve<\/p>\n<p>el coraz\u00f3n castigado.<br \/>\n[\/intense_animated]\n[intense_animated type=&#8221;fadeInUpBig&#8221; trigger=&#8221;scroll&#8221; scroll_percent=&#8221;10&#8243; delay=&#8221;500&#8243;]\n<p><b>Cierzo del norte, levante del este<\/b><b><\/b><\/p>\n<p>&nbsp;<\/p>\n<p>Tantas cosas hemos pasado juntos<\/p>\n<p>que lo que no tuvimos ya no tendremos,<\/p>\n<p>mas aquello que poseemos<\/p>\n<p>no son los bienes de este mundo.<\/p>\n<p>&nbsp;<\/p>\n<p>Acostumbrados a los bandazos<\/p>\n<p>que la vida nos acomete,<\/p>\n<p>salimos fortalecidos en<\/p>\n<p>nuestro querer m\u00e1s perenne.<\/p>\n<p>&nbsp;<\/p>\n<p>Tengamos por contento<\/p>\n<p>el habernos conocido,<\/p>\n<p>pues al unir nuestros caminos,<\/p>\n<p>al cierzo del norte y al<\/p>\n<p>&nbsp;<\/p>\n<p>&nbsp;<\/p>\n<p>levante del este, pudimos<\/p>\n<p>juntos de sus inclemencias,<\/p>\n<p>salir siempre indemnes.<\/p>\n<p><b>\u00a0<\/b>[\/intense_animated]\n[intense_animated type=&#8221;fadeInUpBig&#8221; trigger=&#8221;scroll&#8221; scroll_percent=&#8221;10&#8243; delay=&#8221;500&#8243;]\n<p><b>\u00a0<\/b><\/p>\n<p><b>La luna tiene<\/b><b><\/b><\/p>\n<p>&nbsp;<\/p>\n<p>La luna dice que tiene<\/p>\n<p>algo especial conmigo,<\/p>\n<p>ella es due\u00f1a de la noche<\/p>\n<p>y pare estrellas en vez de ni\u00f1os.<\/p>\n<p>&nbsp;<\/p>\n<p>Es la luna la que gu\u00eda<\/p>\n<p>en la noches de poniente<\/p>\n<p>al gitano, al se\u00f1orito, al verdugo,<\/p>\n<p>al penitente, por la estrechas<\/p>\n<p>ca\u00f1adas donde la nada se pierde.<\/p>\n<p>&nbsp;<\/p>\n<p>Bajo su influjo se han dado<\/p>\n<p>los besos m\u00e1s ardientes,<\/p>\n<p>las venganzas m\u00e1s sangrientas,<\/p>\n<p>las heridas m\u00e1s dolientes.<\/p>\n<p>&nbsp;<\/p>\n<p>La luna dice que tiene<\/p>\n<p>algo especial conmigo,<\/p>\n<p>ella es due\u00f1a de la noche<\/p>\n<p>y yo por la noche es cuando olvido.<\/p>\n<p><b>[\/intense_animated]<\/b><\/p>\n[intense_animated type=&#8221;fadeInUpBig&#8221; trigger=&#8221;scroll&#8221; scroll_percent=&#8221;10&#8243; delay=&#8221;500&#8243;]\n<p><b>\u00a0<\/b><\/p>\n<p><b>\u00a0<\/b><\/p>\n<p><b>Silencio<\/b><b><\/b><\/p>\n<p>&nbsp;<\/p>\n<p>Escucha, cu\u00e1nto silencio acude a<\/p>\n<p>m\u00ed cuando no le llamo,<\/p>\n<p>y escapa a esconderse cuando le requiero.<\/p>\n<p>&nbsp;<\/p>\n<p>Escucha, lloran mis pensamientos,<\/p>\n<p>metamorfosis del alma vencida<\/p>\n<p>al filo de la navaja y acero.<\/p>\n<p>&nbsp;<\/p>\n<p>No pasa un solo d\u00eda,<\/p>\n<p>en que no me ahogue en su recuerdo.<\/p>\n<p>&nbsp;<\/p>\n<p>Lloro l\u00e1grimas de sangre<\/p>\n<p>claveles rojos pendencieros,<\/p>\n<p>acr\u00f3nimas palabras que mueren<\/p>\n<p>por no decir lo que quieren<\/p>\n<p>mis labios resecos.<\/p>\n<p>&nbsp;<\/p>\n<p>Escucha, cuanto silencio,<\/p>\n<p>es el silencio del que vive<\/p>\n<p>cuando la esperanza abandona el cuerpo.<\/p>\n<p>&nbsp;<\/p>\n<p>No pasa un solo d\u00eda,<\/p>\n<p>en que no me ahogue en su recuerdo.<\/p>\n<p><b>[\/intense_animated]<\/b><\/p>\n[intense_animated type=&#8221;fadeInUpBig&#8221; trigger=&#8221;scroll&#8221; scroll_percent=&#8221;10&#8243; delay=&#8221;500&#8243;]\n<p><b>\u00a0<\/b><\/p>\n<p><b>\u00a0<\/b><\/p>\n<p><b>La poes\u00eda es<\/b><b><\/b><\/p>\n<p>&nbsp;<\/p>\n<p>La poes\u00eda y el poeta<\/p>\n<p>van del coraz\u00f3n unidos,<\/p>\n<p>yo la siento,<\/p>\n<p>la huelo,<\/p>\n<p>la extra\u00f1o,<\/p>\n<p>la toco,<\/p>\n<p>la busco,<\/p>\n<p>oigo su palpitar y su latido,<\/p>\n<p>me alimento de su esencia<\/p>\n<p>y me pre\u00f1a los sentidos,<\/p>\n<p>poes\u00eda y poeta,<\/p>\n<p>caminante y camino.<\/p>\n<p><b>\u00a0<\/b>[\/intense_animated]\n[intense_animated type=&#8221;fadeInUpBig&#8221; trigger=&#8221;scroll&#8221; scroll_percent=&#8221;10&#8243; delay=&#8221;500&#8243;]\n<p><b>\u00a0<\/b><\/p>\n<p><b>Ll\u00e9vame al mar<\/b><b><\/b><\/p>\n<p>&nbsp;<\/p>\n<p>Barquero, ll\u00e9vame al mar,<\/p>\n<p>quiero estar con ella a solas,<\/p>\n<p>del cielo a la mar,<\/p>\n<p>de la mar a las olas.<br \/>\n[\/intense_animated]\n","protected":false},"excerpt":{"rendered":"<p>[intense_animated type=&#8221;fadeInUpBig&#8221; trigger=&#8221;scroll&#8221; scroll_percent=&#8221;10&#8243; delay=&#8221;500&#8243;] Tres amores tengo &nbsp; Tres amores tengo, uno desde ni\u00f1a, los otros dos nacieron como nuevas vidas, si t\u00fa me preguntaras: \u00bfC\u00f3mo les querr\u00edas? sin pensarlo apenas yo te lo dir\u00eda: &nbsp; Con el coraz\u00f3n que late, con el alma m\u00eda, con el coraje de mujer, con la sangre tibia, [&hellip;]<\/p>\n","protected":false},"author":1,"featured_media":0,"parent":0,"menu_order":3,"comment_status":"open","ping_status":"open","template":"","meta":{"footnotes":"","_links_to":"","_links_to_target":""},"class_list":["post-21","page","type-page","status-publish","hentry"],"_links":{"self":[{"href":"https:\/\/clubdepoesia.com\/victoriatorresvillasevil\/wp-json\/wp\/v2\/pages\/21","targetHints":{"allow":["GET"]}}],"collection":[{"href":"https:\/\/clubdepoesia.com\/victoriatorresvillasevil\/wp-json\/wp\/v2\/pages"}],"about":[{"href":"https:\/\/clubdepoesia.com\/victoriatorresvillasevil\/wp-json\/wp\/v2\/types\/page"}],"author":[{"embeddable":true,"href":"https:\/\/clubdepoesia.com\/victoriatorresvillasevil\/wp-json\/wp\/v2\/users\/1"}],"replies":[{"embeddable":true,"href":"https:\/\/clubdepoesia.com\/victoriatorresvillasevil\/wp-json\/wp\/v2\/comments?post=21"}],"version-history":[{"count":0,"href":"https:\/\/clubdepoesia.com\/victoriatorresvillasevil\/wp-json\/wp\/v2\/pages\/21\/revisions"}],"wp:attachment":[{"href":"https:\/\/clubdepoesia.com\/victoriatorresvillasevil\/wp-json\/wp\/v2\/media?parent=21"}],"curies":[{"name":"wp","href":"https:\/\/api.w.org\/{rel}","templated":true}]}}