{"id":80,"date":"2018-11-04T21:45:14","date_gmt":"2018-11-04T21:45:14","guid":{"rendered":"https:\/\/clubdepoesia.com\/veronicamicle\/veronica-micle\/"},"modified":"2018-11-06T21:55:41","modified_gmt":"2018-11-06T21:55:41","slug":"veronica-micle","status":"publish","type":"page","link":"https:\/\/clubdepoesia.com\/veronicamicle\/","title":{"rendered":"Veronica Micle"},"content":{"rendered":"<p>VER\u00d3NICA MICLE<br \/>\n(1850-1889) Ver\u00f3nica Micle fue amante del gran poeta rumano Mihai Eminescu. Sus vidas atormentadas por la \u00e9poca, las miserias econ\u00f3micas el sistema social hicieron que los dos se adentren en el m\u00e1s profundo abismo<br \/>\nde la vida, llegando a suicidarse s\u00f3lo un mes despu\u00e9s de la muerte de Eminescu.<\/p>\n<p>BIOGRAF\u00cdA<\/p>\n<p>Naci\u00f3 en 1850 en Nasaud. En 1863 se gradu\u00f3 en la escuela primaria con el calificativo \u201ceminente.\u201d En el examen final la comisi\u00f3n la formaba Titu Maiorescu y Stefan Micle el que ser\u00eda su futuro marido. Se casaron en el a\u00f1o 1864, fruto<br \/>\ndel matrimonio nacieron 2 hijos. \u00a0 Pero en 1872 conoce a Eminescu. Aqu\u00ed empieza los encuentros a espaldas de su marido durante varios a\u00f1os y a la muerte de este, Eminescu y ella intentaron formar una familia, pero sin \u00e9xito<br \/>\npor la escasez econ\u00f3mica que atravesaban tanto ella como \u00e9l. Finalmente tras la muerte de su amante se suicida en el monasterio de Varatec por intoxicaci\u00f3n con ars\u00e9nico en el a\u00f1o 1889, dos semanas despu\u00e9s. En vida public\u00f3 dos trabajos<br \/>\nen prosa Rendez-vous y El Salto en Iasi. En 1887 aparece el primer volumen de poemas.<\/p>\n<p>POES\u00cdA<br \/>\nSu poes\u00eda rom\u00e1ntica exterioriza aquella tristeza de la que ha tenido parte, por el mero hecho de amar a alguien que aun sabiendo su imposibilidad lo ha seguido haciendo hasta el \u00faltimo d\u00eda de su vida. Se amaron pero las ant\u00edtesis de<br \/>\nla vida les mantuvieron en la lejan\u00eda. Quiz\u00e1s la historia imposible de amor m\u00e1s hermosa en la literatura rumana.<\/p>\n<p>COMPRAR LIBRO<br \/>\nAntolog\u00eda Po\u00e9tica traducida por primera vez al castellano por Calin Panparau.<\/p>\n<p>Comprar libro<\/p>\n","protected":false},"excerpt":{"rendered":"<p>VER\u00d3NICA MICLE (1850-1889) Ver\u00f3nica Micle fue amante del gran poeta rumano Mihai Eminescu. Sus vidas atormentadas por la \u00e9poca, las miserias econ\u00f3micas el sistema social hicieron que los dos se adentren en el m\u00e1s profundo abismo de la vida, llegando a suicidarse s\u00f3lo un mes despu\u00e9s de la muerte de Eminescu. BIOGRAF\u00cdA Naci\u00f3 en 1850 [&hellip;]<\/p>\n","protected":false},"author":24,"featured_media":0,"parent":0,"menu_order":1,"comment_status":"closed","ping_status":"closed","template":"","meta":{"footnotes":"","_links_to":"","_links_to_target":""},"class_list":["post-80","page","type-page","status-publish","hentry"],"_links":{"self":[{"href":"https:\/\/clubdepoesia.com\/veronicamicle\/wp-json\/wp\/v2\/pages\/80","targetHints":{"allow":["GET"]}}],"collection":[{"href":"https:\/\/clubdepoesia.com\/veronicamicle\/wp-json\/wp\/v2\/pages"}],"about":[{"href":"https:\/\/clubdepoesia.com\/veronicamicle\/wp-json\/wp\/v2\/types\/page"}],"author":[{"embeddable":true,"href":"https:\/\/clubdepoesia.com\/veronicamicle\/wp-json\/wp\/v2\/users\/24"}],"replies":[{"embeddable":true,"href":"https:\/\/clubdepoesia.com\/veronicamicle\/wp-json\/wp\/v2\/comments?post=80"}],"version-history":[{"count":0,"href":"https:\/\/clubdepoesia.com\/veronicamicle\/wp-json\/wp\/v2\/pages\/80\/revisions"}],"wp:attachment":[{"href":"https:\/\/clubdepoesia.com\/veronicamicle\/wp-json\/wp\/v2\/media?parent=80"}],"curies":[{"name":"wp","href":"https:\/\/api.w.org\/{rel}","templated":true}]}}