{"id":64,"date":"2016-12-04T21:47:57","date_gmt":"2016-12-04T21:47:57","guid":{"rendered":"http:\/\/clubdepoesia.com\/vanesaruizperez\/?page_id=64"},"modified":"2016-12-06T12:18:25","modified_gmt":"2016-12-06T12:18:25","slug":"poemas","status":"publish","type":"page","link":"https:\/\/clubdepoesia.com\/vanesaruizperez\/poemas\/","title":{"rendered":"Poemas"},"content":{"rendered":"<div class=\"wpb-content-wrapper\">[vc_row][vc_column extend=&#8221;false&#8221;]<div class=\"gambit_fullheight_row\" data-content-location=\"center\" style=\"display: none\"><\/div><div class='gambit_parallax_row' data-bg-align='' data-direction='fixed' data-opacity='100' data-velocity='-0.3' data-mobile-enabled='' data-bg-height='1457' data-bg-width='626' data-bg-image='https:\/\/clubdepoesia.com\/vanesaruizperez\/files\/2016\/12\/YA-NO-PODR\u00cdA-VIVIR-SIN-TI-1.jpg' data-bg-repeat='false' data-id='' style='display: none'><\/div>[\/vc_column][\/vc_row][vc_row][vc_column extend=&#8221;false&#8221;][row_scroll entrance=&#8221;fly-left&#8221; exit=&#8221;stick-fly-left&#8221;]<div class=\"gambit_fullheight_row\" data-content-location=\"center\" style=\"display: none\"><\/div>[vc_row_inner][vc_column_inner extend=&#8221;false&#8221; width=&#8221;1\/2&#8243;][vc_column_text]<a name=\"_Toc467163282\"><\/a><strong>Y<\/strong><strong>a no podr\u00eda vivir sin ti<\/strong><\/p>\n<p>&nbsp;<\/p>\n<p>Ya no podr\u00eda vivir sin ti&#8230;<\/p>\n<p>\u00bfC\u00f3mo perderme si no quiero?<\/p>\n<p>\u00bfC\u00f3mo alejarme si no debo?<\/p>\n<p>Podr\u00eda reducirte a cifras,<\/p>\n<p>todo son matem\u00e1ticas.<\/p>\n<p>Cambiarte una y mil veces<\/p>\n<p>y mis esfuerzos habr\u00edan sido vanos.<\/p>\n<p>No resuelvo esta ecuaci\u00f3n.<\/p>\n<p>\u00bfC\u00f3mo decir?, o quiz\u00e1 callar.<\/p>\n<p>\u00bfC\u00f3mo explicar?, o tal vez mostrar.<\/p>\n<p>Ya eres parte de m\u00ed, mi prolongaci\u00f3n,<\/p>\n<p>mi dependencia, mi \u00e1ngel en la adversidad,<\/p>\n<p>mi refuerzo, mi alegr\u00eda, mi ilusi\u00f3n.<\/p>\n<p>Quiz\u00e1 tambi\u00e9n mi decepci\u00f3n.<\/p>\n<p>El canal de mis secretos, testigo de mis anhelos.<\/p>\n<p>Guardi\u00e1n de mis bajezas, se\u00f1or de mis rarezas,<\/p>\n<p>jard\u00edn de mis deseos.<\/p>\n<p>Contigo; \u00e1gil, torpe, sensata, temeraria,<\/p>\n<p>miedosa, acobardada.<\/p>\n<p>Todo me lo das, sacias mi curiosidad, mi vida,<\/p>\n<p>mi enfermedad, mi recuperaci\u00f3n, mi bienestar&#8230;<\/p>\n<p>\u00bfC\u00f3mo dejarte ir?<\/p>\n<p>Ya no soy sin ti.<\/p>\n<p>&nbsp;<\/p>\n<p>&nbsp;<\/p>\n<p>(Inspirado por mi tel\u00e9fono m\u00f3vil)[\/vc_column_text][\/vc_column_inner][vc_column_inner extend=&#8221;false&#8221; width=&#8221;1\/2&#8243;][pt_ext__image_single align=&#8221;center&#8221; mask=&#8221;square&#8221; hover_style=&#8221;none&#8221; shadow=&#8221;false&#8221; mediaquery_md=&#8221;change&#8221; mediaquery_md__align=&#8221;center&#8221; mediaquery_sm=&#8221;change&#8221; mediaquery_sm__align=&#8221;center&#8221; mediaquery_xs=&#8221;change&#8221; mediaquery_xs__align=&#8221;center&#8221; animation=&#8221;&#8221; image=&#8221;65&#8243; css=&#8221;.vc_custom_1481025881028{padding: 20px !important;}&#8221; el_class=&#8221;&#8221; version=&#8221;1&#8243;][\/vc_column_inner][\/vc_row_inner][\/vc_column][\/vc_row][vc_row][vc_column extend=&#8221;false&#8221;]<div class=\"gambit_fullheight_row\" data-content-location=\"center\" style=\"display: none\"><\/div><div class='gambit_parallax_row' data-bg-align='' data-direction='fixed' data-opacity='100' data-velocity='-0.3' data-mobile-enabled='' data-bg-height='4852' data-bg-width='4593' data-bg-image='https:\/\/clubdepoesia.com\/vanesaruizperez\/files\/2016\/12\/VIDA-1.jpg' data-bg-repeat='false' data-id='' style='display: none'><\/div>[\/vc_column][\/vc_row][vc_row][vc_column extend=&#8221;false&#8221;][row_scroll entrance=&#8221;fly-right&#8221; exit=&#8221;stick-fly-right&#8221;]<div class=\"gambit_fullheight_row\" data-content-location=\"center\" style=\"display: none\"><\/div>[vc_row_inner][vc_column_inner extend=&#8221;false&#8221; width=&#8221;1\/2&#8243;][pt_ext__image_single align=&#8221;center&#8221; mask=&#8221;square&#8221; hover_style=&#8221;none&#8221; shadow=&#8221;false&#8221; mediaquery_md=&#8221;change&#8221; mediaquery_md__align=&#8221;center&#8221; mediaquery_sm=&#8221;change&#8221; mediaquery_sm__align=&#8221;center&#8221; mediaquery_xs=&#8221;change&#8221; mediaquery_xs__align=&#8221;center&#8221; animation=&#8221;&#8221; image=&#8221;66&#8243; css=&#8221;.vc_custom_1481026053374{padding-top: 20px !important;padding-right: 20px !important;padding-bottom: 20px !important;padding-left: 20px !important;}&#8221; el_class=&#8221;&#8221; version=&#8221;1&#8243;][\/vc_column_inner][vc_column_inner extend=&#8221;false&#8221; width=&#8221;1\/2&#8243;][vc_column_text]<a name=\"_Toc466648899\"><\/a><\/p>\n<p><a name=\"_Toc467163286\"><\/a><strong>Vida<\/strong><\/p>\n<p>&nbsp;<\/p>\n<p>Si bastase una palabra<\/p>\n<p>para describir el presente,<\/p>\n<p>\u00bfqu\u00e9 dir\u00eda tanta gente?,<\/p>\n<p>\u00bfqu\u00e9 palabra fuera usada?,<\/p>\n<p>\u00bftal vez un sonido amable?,<\/p>\n<p>\u00bfo quiz\u00e1s un tono agudo?<\/p>\n<p>porque lo que es seguro<\/p>\n<p>debe ser universal.<\/p>\n<p>Tantas letras que se agolpan<\/p>\n<p>para un vocablo formar,<\/p>\n<p>todas quieren tomar parte<\/p>\n<p>pues como ellas mismas saben<\/p>\n<p>lo escrito por largo tiempo<\/p>\n<p>en la retina ha de quedar.<\/p>\n<p>Si tuviese que elegir<\/p>\n<p>mucho yo no dudar\u00eda,<\/p>\n<p>tengo clara mi palabra<\/p>\n<p>y esa palabra es: vida.[\/vc_column_text][\/vc_column_inner][\/vc_row_inner][\/vc_column][\/vc_row][vc_row][vc_column extend=&#8221;false&#8221;][row_scroll entrance=&#8221;fly-right&#8221; exit=&#8221;stick-fly-right&#8221;]<div class=\"gambit_fullheight_row\" data-content-location=\"center\" style=\"display: none\"><\/div>[\/vc_column][\/vc_row][vc_row][vc_column extend=&#8221;false&#8221;]<div class=\"gambit_fullheight_row\" data-content-location=\"center\" style=\"display: none\"><\/div><div class='gambit_parallax_row' data-bg-align='' data-direction='fixed' data-opacity='100' data-velocity='-0.3' data-mobile-enabled='' data-bg-height='4335' data-bg-width='6542' data-bg-image='https:\/\/clubdepoesia.com\/vanesaruizperez\/files\/2016\/12\/LA-PARTITURA-1.jpg' data-bg-repeat='false' data-id='' style='display: none'><\/div>[\/vc_column][\/vc_row][vc_row][vc_column extend=&#8221;false&#8221;][row_scroll entrance=&#8221;fly-right&#8221; exit=&#8221;stick-fly-right&#8221;]<div class=\"gambit_fullheight_row\" data-content-location=\"center\" style=\"display: none\"><\/div>[vc_row_inner][vc_column_inner extend=&#8221;false&#8221; width=&#8221;1\/2&#8243;][vc_column_text]<a name=\"_Toc467163287\"><\/a><strong>La partitura<\/strong><\/p>\n<p>&nbsp;<\/p>\n<p>Es un c\u00edrculo vicioso.<\/p>\n<p>Por amor, \u00a1tan clamoroso!<\/p>\n<p>Un cielo abierto a la nada.<\/p>\n<p>Una vida desdichada.<\/p>\n<p>Mas \u00bfno s\u00e9?, \u00bfqu\u00e9 puedo hacer?,<\/p>\n<p>\u00bfc\u00f3mo dejar de querer?,<\/p>\n<p>\u00bfel amor tiene remedio?,<\/p>\n<p>mas \u00bfno s\u00e9?, \u00bfqu\u00e9 pongo en medio?,<\/p>\n<p>\u00bfun r\u00edo?, \u00bfun bosque?, \u00bfuna naci\u00f3n?,<\/p>\n<p>quiz\u00e1 baste una canci\u00f3n&#8230;<\/p>\n<p>T\u00f3quese la tecla correcta.<\/p>\n<p>Siempre habr\u00e1 una mano diestra.<\/p>\n<p>Con paciencia y diligencia,<\/p>\n<p>armon\u00eda ha de encontrar.<\/p>\n<p>Si sigue los ocho pasos,<\/p>\n<p>el ritmo le ir\u00e1 llevando<\/p>\n<p>a esta mano dormida<\/p>\n<p>que desea ser querida<\/p>\n<p>y la partitura tocar.[\/vc_column_text][\/vc_column_inner][vc_column_inner extend=&#8221;false&#8221; width=&#8221;1\/2&#8243;][pt_ext__image_single align=&#8221;center&#8221; mask=&#8221;square&#8221; hover_style=&#8221;none&#8221; shadow=&#8221;false&#8221; mediaquery_md=&#8221;change&#8221; mediaquery_md__align=&#8221;center&#8221; mediaquery_sm=&#8221;change&#8221; mediaquery_sm__align=&#8221;center&#8221; mediaquery_xs=&#8221;change&#8221; mediaquery_xs__align=&#8221;center&#8221; animation=&#8221;&#8221; image=&#8221;67&#8243; css=&#8221;.vc_custom_1481026204900{padding-top: 20px !important;padding-right: 20px !important;padding-bottom: 20px !important;padding-left: 20px !important;}&#8221; el_class=&#8221;&#8221; version=&#8221;1&#8243;][\/vc_column_inner][\/vc_row_inner][\/vc_column][\/vc_row][vc_row][vc_column extend=&#8221;false&#8221;]<div class=\"gambit_fullheight_row\" data-content-location=\"center\" style=\"display: none\"><\/div><div class='gambit_parallax_row' data-bg-align='' data-direction='fixed' data-opacity='100' data-velocity='-0.3' data-mobile-enabled='' data-bg-height='2550' data-bg-width='3509' data-bg-image='https:\/\/clubdepoesia.com\/vanesaruizperez\/files\/2016\/12\/EL-GRAN-S\u00c1BADO-1.jpg' data-bg-repeat='false' data-id='' style='display: none'><\/div>[\/vc_column][\/vc_row][vc_row][vc_column extend=&#8221;false&#8221;][row_scroll entrance=&#8221;fly-left&#8221; exit=&#8221;stick-fly-left&#8221;]<div class=\"gambit_fullheight_row\" data-content-location=\"center\" style=\"display: none\"><\/div>[vc_row_inner][vc_column_inner extend=&#8221;false&#8221; width=&#8221;1\/2&#8243;][pt_ext__image_single align=&#8221;center&#8221; mask=&#8221;square&#8221; hover_style=&#8221;none&#8221; shadow=&#8221;false&#8221; mediaquery_md=&#8221;change&#8221; mediaquery_md__align=&#8221;center&#8221; mediaquery_sm=&#8221;change&#8221; mediaquery_sm__align=&#8221;center&#8221; mediaquery_xs=&#8221;change&#8221; mediaquery_xs__align=&#8221;center&#8221; animation=&#8221;&#8221; image=&#8221;68&#8243; css=&#8221;.vc_custom_1481026571416{padding-top: 20px !important;padding-right: 20px !important;padding-bottom: 20px !important;padding-left: 20px !important;}&#8221; el_class=&#8221;&#8221; version=&#8221;1&#8243;][\/vc_column_inner][vc_column_inner extend=&#8221;false&#8221; width=&#8221;1\/2&#8243;][vc_column_text]<a name=\"_Toc467163306\"><\/a><strong>El gran s\u00e1bado<\/strong><\/p>\n<p>&nbsp;<\/p>\n<p>Ha venido el circo al barrio.<\/p>\n<p>No es un s\u00e1bado cualquiera.<\/p>\n<p>Me han cogido unas entradas,<\/p>\n<p>me han plantado una chaqueta<\/p>\n<p>y montado en bicicleta<\/p>\n<p>a la carpa he ido a parar.<\/p>\n<p>\u00a1Y comienza la funci\u00f3n!<\/p>\n<p>Lentejuelas a mansalva,<\/p>\n<p>elefantes y panteras,<\/p>\n<p>conejillos en chisteras,<\/p>\n<p>acrobacias por doquier<\/p>\n<p>y tambi\u00e9n funambulistas.<\/p>\n<p>\u00a1Una fiesta es esta pista!<\/p>\n<p>Ya no quiero ir al colegio.<\/p>\n<p>Lo que quiero es ser artista.[\/vc_column_text][\/vc_column_inner][\/vc_row_inner][\/vc_column][\/vc_row][vc_row][vc_column extend=&#8221;false&#8221;]<div class=\"gambit_fullheight_row\" data-content-location=\"center\" style=\"display: none\"><\/div><div class='gambit_parallax_row' data-bg-align='' data-direction='fixed' data-opacity='100' data-velocity='-0.3' data-mobile-enabled='' data-bg-height='5009' data-bg-width='6121' data-bg-image='https:\/\/clubdepoesia.com\/vanesaruizperez\/files\/2016\/12\/EL-SOLDADO-RASO-1.jpg' data-bg-repeat='false' data-id='' style='display: none'><\/div>[\/vc_column][\/vc_row][vc_row][vc_column extend=&#8221;false&#8221;][row_scroll entrance=&#8221;fly-left&#8221; exit=&#8221;stick-fly-left&#8221;]<div class=\"gambit_fullheight_row\" data-content-location=\"center\" style=\"display: none\"><\/div>[vc_row_inner][vc_column_inner extend=&#8221;false&#8221; width=&#8221;1\/2&#8243;][vc_column_text]<a name=\"_Toc467163294\"><\/a><strong>El soldado raso<\/strong><\/p>\n<p>&nbsp;<\/p>\n<p>S\u00f3lo fue un soldado raso.<\/p>\n<p>Firme y fiel marcaba el paso.<\/p>\n<p>Luchaba con cierta violencia.<\/p>\n<p>Le toc\u00f3 pedir clemencia:<\/p>\n<p>\u2014\u00a1No me mate!, \u00a1se lo ruego!<\/p>\n<p>\u2014\u00a1Qu\u00e9 se cree!, \u00bfque esto es un juego?<\/p>\n<p>\u2014Nada tengo, se lo juro.<\/p>\n<p>\u2014Ya lo s\u00e9, no vale un duro.<\/p>\n<p>\u2014Pues entonces, \u00bfqu\u00e9 decide?<\/p>\n<p>\u2014\u00bfNo s\u00e9?, ya que me lo pide&#8230;<\/p>\n<p>libertad le voy a dar.<\/p>\n<p>Y march\u00f3 por el camino<\/p>\n<p>y la vida valor\u00f3<\/p>\n<p>y de su propio destino<\/p>\n<p>en se\u00f1or se convirti\u00f3.[\/vc_column_text][\/vc_column_inner][vc_column_inner extend=&#8221;false&#8221; width=&#8221;1\/2&#8243;][pt_ext__image_single align=&#8221;center&#8221; mask=&#8221;square&#8221; hover_style=&#8221;none&#8221; shadow=&#8221;false&#8221; mediaquery_md=&#8221;change&#8221; mediaquery_md__align=&#8221;center&#8221; mediaquery_sm=&#8221;change&#8221; mediaquery_sm__align=&#8221;center&#8221; mediaquery_xs=&#8221;change&#8221; mediaquery_xs__align=&#8221;center&#8221; animation=&#8221;&#8221; image=&#8221;69&#8243; css=&#8221;.vc_custom_1481026429922{padding-top: 20px !important;padding-right: 20px !important;padding-bottom: 20px !important;padding-left: 20px !important;}&#8221; el_class=&#8221;&#8221; version=&#8221;1&#8243;][\/vc_column_inner][\/vc_row_inner][\/vc_column][\/vc_row][vc_row][vc_column extend=&#8221;false&#8221;]<div class=\"gambit_fullheight_row\" data-content-location=\"center\" style=\"display: none\"><\/div><div class='gambit_parallax_row' data-bg-align='' data-direction='fixed' data-opacity='100' data-velocity='-0.3' data-mobile-enabled='' data-bg-height='4576' data-bg-width='5896' data-bg-image='https:\/\/clubdepoesia.com\/vanesaruizperez\/files\/2016\/12\/LA-DUE\u00d1A-DE-LOS-INVIERNOS-1.jpg' data-bg-repeat='false' data-id='' style='display: none'><\/div>[\/vc_column][\/vc_row][vc_row][vc_column extend=&#8221;false&#8221;][row_scroll entrance=&#8221;fly-left&#8221; exit=&#8221;stick-fly-left&#8221;]<div class=\"gambit_fullheight_row\" data-content-location=\"center\" style=\"display: none\"><\/div>[vc_row_inner][vc_column_inner extend=&#8221;false&#8221; width=&#8221;1\/2&#8243;][pt_ext__image_single align=&#8221;center&#8221; mask=&#8221;square&#8221; hover_style=&#8221;none&#8221; shadow=&#8221;false&#8221; mediaquery_md=&#8221;change&#8221; mediaquery_md__align=&#8221;center&#8221; mediaquery_sm=&#8221;change&#8221; mediaquery_sm__align=&#8221;center&#8221; mediaquery_xs=&#8221;change&#8221; mediaquery_xs__align=&#8221;center&#8221; animation=&#8221;&#8221; image=&#8221;71&#8243; css=&#8221;.vc_custom_1481026691217{padding-top: 20px !important;padding-right: 20px !important;padding-bottom: 20px !important;padding-left: 20px !important;}&#8221; el_class=&#8221;&#8221; version=&#8221;1&#8243;][\/vc_column_inner][vc_column_inner extend=&#8221;false&#8221; width=&#8221;1\/2&#8243;][vc_column_text]<a name=\"_Toc467163294\"><\/a><\/p>\n<p><a name=\"_Toc467163285\"><\/a><strong>L<\/strong><strong>a due\u00f1a del invierno<\/strong><\/p>\n<p>&nbsp;<\/p>\n<p>Ya no temo al silencio,<\/p>\n<p>s\u00edmbolo de soledad.<\/p>\n<p>No temo a la amargura,<\/p>\n<p>amiga de mi pesar.<\/p>\n<p>Soy la due\u00f1a de los inviernos<\/p>\n<p>que viven en mis recuerdos.<\/p>\n<p>Me propuse retar al amor,<\/p>\n<p>sentir el dolor,<\/p>\n<p>cre\u00ed ser m\u00e1s fuerte<\/p>\n<p>pero pudo m\u00e1s que yo.<\/p>\n<p>He conocido el llanto,<\/p>\n<p>el quebranto, la traici\u00f3n&#8230;<\/p>\n<p>Corren por mis manos<\/p>\n<p>las l\u00edneas que dibujan<\/p>\n<p>el camino del destino<\/p>\n<p>que no siempre me gui\u00f3.<\/p>\n<p>Quiz\u00e1 todo es m\u00e1s sencillo,<\/p>\n<p>\u00a1Qu\u00e9 s\u00e9 yo! Ya no creo en el amor.[\/vc_column_text][\/vc_column_inner][\/vc_row_inner][\/vc_column][\/vc_row][vc_row][vc_column extend=&#8221;false&#8221;][\/vc_column][\/vc_row]\n<\/div>","protected":false},"excerpt":{"rendered":"<p>[vc_row][vc_column extend=&#8221;false&#8221;][\/vc_column][\/vc_row][vc_row][vc_column extend=&#8221;false&#8221;][row_scroll entrance=&#8221;fly-left&#8221; exit=&#8221;stick-fly-left&#8221;][vc_row_inner][vc_column_inner extend=&#8221;false&#8221; width=&#8221;1\/2&#8243;][vc_column_text]Ya no podr\u00eda vivir sin ti &nbsp; Ya no podr\u00eda vivir sin ti&#8230; \u00bfC\u00f3mo perderme si no quiero? \u00bfC\u00f3mo alejarme si no debo? Podr\u00eda reducirte a cifras, todo son matem\u00e1ticas. Cambiarte una y mil veces y mis esfuerzos habr\u00edan sido vanos. No resuelvo esta ecuaci\u00f3n. \u00bfC\u00f3mo decir?, o quiz\u00e1 [&hellip;]<\/p>\n","protected":false},"author":24,"featured_media":0,"parent":0,"menu_order":3,"comment_status":"closed","ping_status":"closed","template":"","meta":{"footnotes":"","_links_to":"","_links_to_target":""},"class_list":["post-64","page","type-page","status-publish","hentry"],"_links":{"self":[{"href":"https:\/\/clubdepoesia.com\/vanesaruizperez\/wp-json\/wp\/v2\/pages\/64","targetHints":{"allow":["GET"]}}],"collection":[{"href":"https:\/\/clubdepoesia.com\/vanesaruizperez\/wp-json\/wp\/v2\/pages"}],"about":[{"href":"https:\/\/clubdepoesia.com\/vanesaruizperez\/wp-json\/wp\/v2\/types\/page"}],"author":[{"embeddable":true,"href":"https:\/\/clubdepoesia.com\/vanesaruizperez\/wp-json\/wp\/v2\/users\/24"}],"replies":[{"embeddable":true,"href":"https:\/\/clubdepoesia.com\/vanesaruizperez\/wp-json\/wp\/v2\/comments?post=64"}],"version-history":[{"count":0,"href":"https:\/\/clubdepoesia.com\/vanesaruizperez\/wp-json\/wp\/v2\/pages\/64\/revisions"}],"wp:attachment":[{"href":"https:\/\/clubdepoesia.com\/vanesaruizperez\/wp-json\/wp\/v2\/media?parent=64"}],"curies":[{"name":"wp","href":"https:\/\/api.w.org\/{rel}","templated":true}]}}