{"id":95,"date":"2018-04-04T10:52:03","date_gmt":"2018-04-04T10:52:03","guid":{"rendered":"https:\/\/clubdepoesia.com\/sofiaromanbarbieri\/?page_id=95"},"modified":"2018-04-04T10:52:03","modified_gmt":"2018-04-04T10:52:03","slug":"entrevista","status":"publish","type":"page","link":"https:\/\/clubdepoesia.com\/sofiaromanbarbieri\/entrevista\/","title":{"rendered":"Entrevista"},"content":{"rendered":"<h1>Entrevista a Sof\u00eda Rom\u00e1n Barbieri, tras publicar su libro &#8220;(EN) CONSTRUCCI\u00d3N&#8221;<\/h1>\n<p><em>Sof\u00eda Rom\u00e1n Barbieri es la autora de (EN) CONSTRUCCI\u00d3N, un poemario de amor plagado de ingenio y que no deja indiferente a ning\u00fan lector.<\/em><\/p>\n<p><a href=\"https:\/\/poesiaerestu.com\/revista\/sofia-roman-barbieri-siempre-sone-publicar-libro-pero-nunca-escribi-esa-idea\/entrevista-a-sofia-roman-barbieri\/\" rel=\"attachment wp-att-7138\"><img fetchpriority=\"high\" decoding=\"async\" class=\"aligncenter size-medium wp-image-7138\" src=\"https:\/\/poesiaerestu.com\/revista\/wp-content\/uploads\/2018\/04\/Entrevista-a-Sofia-Rom\u00e1n-Barbieri-300x212.jpg\" alt=\"Entrevista a Sofia Rom\u00e1n Barbieri\" width=\"300\" height=\"212\" \/><\/a><\/p>\n<h3><strong>P.-(EN) CONSTRUCCI\u00d3N est\u00e1 formado por m\u00faltiples poemas pero todos parecen tener un hilo conductor que nos desvela una historia. \u00bfPor qu\u00e9 el t\u00edtulo de (EN) CONSTRUCCI\u00d3N? \u00bfQu\u00e9 es lo que te llev\u00f3 a escribir este libro?<\/strong><\/h3>\n<p>R.- El t\u00edtulo tiene dos significados. Por una parte la palabra \u201cconstrucci\u00f3n\u201d me parece maravillosa, desde que naces te construyes como persona. Ahora viene el segundo significado, cuando a\u00f1ado el \u201cen\u201d. A veces, cuando llegamos a cierta edad podemos pensar \u201cyo soy as\u00ed\u201d, pero creo que es mentira. Creo que nunca dejamos de construirnos, estamos en transformaci\u00f3n constante, expuestos a est\u00edmulos, personas y sentimientos que nos pueden ir haciendo cambiar nuestro parecer.<\/p>\n<p>Siempre so\u00f1\u00e9 con publicar un libro, pero nunca escrib\u00ed con esa idea. Es decir, para m\u00ed escribir es una manera de salvarme, una necesidad para sobrevivir a todo aquello que me da\u00f1a. Cuando empec\u00e9 a trasladar mis sentimientos al papel nunca lo hice pensando en el libro, pero un d\u00eda vi que ten\u00eda mucho material y decid\u00ed ordenarlo y darle forma.<\/p>\n<span class='bctt-click-to-tweet'><span class='bctt-ctt-text'><a href='https:\/\/x.com\/intent\/tweet?url=https%3A%2F%2Fclubdepoesia.com%2Fsofiaromanbarbieri%2Fentrevista%2F&#038;text=Estamos%20en%20transformaci%C3%B3n%20constante%2C%20expuestos%20a%20est%C3%ADmulos%2C%20personas%20y%20sentimientos&#038;via=poesiaerestu&#038;related=poesiaerestu' target='_blank'rel=\"noopener noreferrer\">Estamos en transformaci\u00f3n constante, expuestos a est\u00edmulos, personas y sentimientos <\/a><\/span><a href='https:\/\/x.com\/intent\/tweet?url=https%3A%2F%2Fclubdepoesia.com%2Fsofiaromanbarbieri%2Fentrevista%2F&#038;text=Estamos%20en%20transformaci%C3%B3n%20constante%2C%20expuestos%20a%20est%C3%ADmulos%2C%20personas%20y%20sentimientos&#038;via=poesiaerestu&#038;related=poesiaerestu' target='_blank' class='bctt-ctt-btn'rel=\"noopener noreferrer\">Compartir en X<\/a><\/span>\n<h3><strong>P.-Muchas veces en los poemas de amor, parece que el amor existe cuando aparece el desamor. \u00bfQu\u00e9 es lo que impulsa a los poetas a escribir? \u00bfEs la soledad necesaria para escribir poemas?<\/strong><\/h3>\n<p>R.- A m\u00ed me pasa una cosa curiosa. Me cuesta much\u00edsimo escribir sobre el amor, sobre el amor a mi pareja. Porque dedicarle poemas a mis padres, a mi abuela, a mi hermana o a mis amigos no me cuesta nada. En mi poemario hablo de muchos tipos de amores, pero sobre todo de amor propio, que en mi caso s\u00ed que apareci\u00f3 a la par que el desamor.<\/p>\n<p>Creo que cada poeta tiene sus fuentes de inspiraci\u00f3n. Para m\u00ed la soledad no es una de ellas, son las emociones. A veces de la cosa m\u00e1s tonta que veo o siento me sale algo.<\/p>\n<span class='bctt-click-to-tweet'><span class='bctt-ctt-text'><a href='https:\/\/x.com\/intent\/tweet?url=https%3A%2F%2Fclubdepoesia.com%2Fsofiaromanbarbieri%2Fentrevista%2F&#038;text=Me%20cuesta%20much%C3%ADsimo%20escribir%20sobre%20el%20amor%2C%20sobre%20el%20amor%20a%20mi%20pareja.&#038;via=poesiaerestu&#038;related=poesiaerestu' target='_blank'rel=\"noopener noreferrer\">Me cuesta much\u00edsimo escribir sobre el amor, sobre el amor a mi pareja. <\/a><\/span><a href='https:\/\/x.com\/intent\/tweet?url=https%3A%2F%2Fclubdepoesia.com%2Fsofiaromanbarbieri%2Fentrevista%2F&#038;text=Me%20cuesta%20much%C3%ADsimo%20escribir%20sobre%20el%20amor%2C%20sobre%20el%20amor%20a%20mi%20pareja.&#038;via=poesiaerestu&#038;related=poesiaerestu' target='_blank' class='bctt-ctt-btn'rel=\"noopener noreferrer\">Compartir en X<\/a><\/span>\n<h3><strong>P.-Naciste en Argentina y pasaste los primeros a\u00f1os de tu vida all\u00ed. Despu\u00e9s viniste a Espa\u00f1a a Palma de Mallorca y ahora est\u00e1s estudiando periodismo en Alicante. \u00bfQu\u00e9 es lo que te ha aportado cada uno de estos lugares a tu vida y a tu poes\u00eda?<\/strong><\/h3>\n<p>R.- Argentina mi familia y la lecci\u00f3n sobre lo duro que es hacer un cambio tan dr\u00e1stico en tu vida. Palma de Mallorca me lo ha dado casi todo, ah\u00ed he escrito mucho, aunque de lo que est\u00e1 publicado, poco. Porque ah\u00ed empec\u00e9 a dar mis primeros pasos escribiendo y no todo me convenc\u00eda.<\/p>\n<span class='bctt-click-to-tweet'><span class='bctt-ctt-text'><a href='https:\/\/x.com\/intent\/tweet?url=https%3A%2F%2Fclubdepoesia.com%2Fsofiaromanbarbieri%2Fentrevista%2F&#038;text=Palma%20de%20Mallorca%20me%20lo%20ha%20dado%20casi%20todo&#038;via=poesiaerestu&#038;related=poesiaerestu' target='_blank'rel=\"noopener noreferrer\">Palma de Mallorca me lo ha dado casi todo <\/a><\/span><a href='https:\/\/x.com\/intent\/tweet?url=https%3A%2F%2Fclubdepoesia.com%2Fsofiaromanbarbieri%2Fentrevista%2F&#038;text=Palma%20de%20Mallorca%20me%20lo%20ha%20dado%20casi%20todo&#038;via=poesiaerestu&#038;related=poesiaerestu' target='_blank' class='bctt-ctt-btn'rel=\"noopener noreferrer\">Compartir en X<\/a><\/span>\n<h3><strong>P.- \u201cEsto no es poes\u00eda, soy defensora del legado de Loreto Sesma que afirma que sus escritos no son poes\u00eda, son vida.\u201d Afirmas en la rese\u00f1a de tu libro. \u00bfTe consideras una escritora de la experiencia? \u00bfCu\u00e1l es el legado de Loreto Sesma y porque ha influido tanto en tu poes\u00eda?<\/strong><\/h3>\n<p>R.- No me considero ni escritora ja,ja,ja. Es decir, yo admiro a gente muy grande y a su lado me veo infinitamente peque\u00f1a e inexperta. Pero lo que escribo es real, son sentimientos de verdad, cosas que he vivido.<\/p>\n<p>Loreto Sesma es una de mis poetisas favoritas. Me identifico much\u00edsimo con ella y con sus escritos, dice \u201cesto no es poes\u00eda, esto es vida, la m\u00eda, as\u00ed que decidir\u00e9 yo c\u00f3mo escribirla\u201d. Ha influido en m\u00ed porque me regal\u00f3 la fortaleza que necesitaba en un momento concreto, me salv\u00f3 y lo sigue haciendo cada vez que la escucho o la leo. Supongo que su m\u00e1xima influencia en m\u00ed ha sido que me gustar\u00eda que la gente, al leerme a m\u00ed, sintiera lo que yo siento al leerla a ella.<\/p>\n<span class='bctt-click-to-tweet'><span class='bctt-ctt-text'><a href='https:\/\/x.com\/intent\/tweet?url=https%3A%2F%2Fclubdepoesia.com%2Fsofiaromanbarbieri%2Fentrevista%2F&#038;text=Admiro%20a%20gente%20muy%20grande%20y%20a%20su%20lado%20me%20veo%20infinitamente%20peque%C3%B1a%20e%20inexperta&#038;via=poesiaerestu&#038;related=poesiaerestu' target='_blank'rel=\"noopener noreferrer\">Admiro a gente muy grande y a su lado me veo infinitamente peque\u00f1a e inexperta <\/a><\/span><a href='https:\/\/x.com\/intent\/tweet?url=https%3A%2F%2Fclubdepoesia.com%2Fsofiaromanbarbieri%2Fentrevista%2F&#038;text=Admiro%20a%20gente%20muy%20grande%20y%20a%20su%20lado%20me%20veo%20infinitamente%20peque%C3%B1a%20e%20inexperta&#038;via=poesiaerestu&#038;related=poesiaerestu' target='_blank' class='bctt-ctt-btn'rel=\"noopener noreferrer\">Compartir en X<\/a><\/span>\n<h3><strong>P.- Estas estudiando periodismo, un g\u00e9nero diferente a la poes\u00eda pero que se complementan muy bien. \u00bfA qu\u00e9 te gustar\u00eda dedicarte cuando termines la carrera?<\/strong><\/h3>\n<p>R.- Uf. En este momento de mi vida esa es la pregunta m\u00e1s dif\u00edcil de responder. Entr\u00e9 en la carrera muy decidida: quer\u00eda ser corresponsal de guerra. A medida que he ido avanzando he descubierto que me gusta todo. Me gusta la radio, la televisi\u00f3n, sin duda me apasiona escribir. Pero tambi\u00e9n me encanta la parte m\u00e1s te\u00f3rica del periodismo, el marketing. Lo que tengo claro es que quiero expresarme y provocar alguna reacci\u00f3n en las personas.<\/p>\n<p>A d\u00eda de hoy lo que tengo claro es lo que no me gustar\u00eda hacer: ni deportes, ni redactar solo noticias.<\/p>\n<span class='bctt-click-to-tweet'><span class='bctt-ctt-text'><a href='https:\/\/x.com\/intent\/tweet?url=https%3A%2F%2Fclubdepoesia.com%2Fsofiaromanbarbieri%2Fentrevista%2F&#038;text=Quer%C3%ADa%20ser%20corresponsal%20de%20guerra&#038;via=poesiaerestu&#038;related=poesiaerestu' target='_blank'rel=\"noopener noreferrer\">Quer\u00eda ser corresponsal de guerra <\/a><\/span><a href='https:\/\/x.com\/intent\/tweet?url=https%3A%2F%2Fclubdepoesia.com%2Fsofiaromanbarbieri%2Fentrevista%2F&#038;text=Quer%C3%ADa%20ser%20corresponsal%20de%20guerra&#038;via=poesiaerestu&#038;related=poesiaerestu' target='_blank' class='bctt-ctt-btn'rel=\"noopener noreferrer\">Compartir en X<\/a><\/span>\n<h3><strong>P.- \u00bfHay alg\u00fan trabajo despu\u00e9s de (EN) CONSTRUCCI\u00d3N o ha sido un poemario aislado?<\/strong><\/h3>\n<p>R.- Sigo escribiendo, desahog\u00e1ndome y salv\u00e1ndome, por eso me gustar\u00eda que hubiese otro. Pero no tengo prisa, quiero disfrutar de (En) Construcci\u00f3n primero.<\/p>\n<span class='bctt-click-to-tweet'><span class='bctt-ctt-text'><a href='https:\/\/x.com\/intent\/tweet?url=https%3A%2F%2Fclubdepoesia.com%2Fsofiaromanbarbieri%2Fentrevista%2F&#038;text=Sigo%20escribiendo%2C%20desahog%C3%A1ndome%20y%20salv%C3%A1ndome&#038;via=poesiaerestu&#038;related=poesiaerestu' target='_blank'rel=\"noopener noreferrer\">Sigo escribiendo, desahog\u00e1ndome y salv\u00e1ndome <\/a><\/span><a href='https:\/\/x.com\/intent\/tweet?url=https%3A%2F%2Fclubdepoesia.com%2Fsofiaromanbarbieri%2Fentrevista%2F&#038;text=Sigo%20escribiendo%2C%20desahog%C3%A1ndome%20y%20salv%C3%A1ndome&#038;via=poesiaerestu&#038;related=poesiaerestu' target='_blank' class='bctt-ctt-btn'rel=\"noopener noreferrer\">Compartir en X<\/a><\/span>\n<h2>Esto ha sido la entrevista a <a href=\"https:\/\/librodepoesia.com\/autor\/sofia-roman-barbieri\/\">Sof\u00eda Rom\u00e1n Barbieri<\/a>, tras publicar su libro &#8220;<a href=\"https:\/\/librodepoesia.com\/producto\/en-construccion-sofia-roman-barbieri\/\">(EN) CONSTRUCCI\u00d3N<\/a>&#8220;<\/h2>\n<p><a href=\"https:\/\/librodepoesia.com\/producto\/en-construccion-sofia-roman-barbieri\/\">Puedes adquirir el libro de poes\u00eda &#8220;(EN) CONSTRUCCI\u00d3N&#8221; en tu librer\u00eda habitual o en nuestras librer\u00edas en internet<\/a><\/p>\n","protected":false},"excerpt":{"rendered":"<p>Entrevista a Sof\u00eda Rom\u00e1n Barbieri, tras publicar su libro &#8220;(EN) CONSTRUCCI\u00d3N&#8221; Sof\u00eda Rom\u00e1n Barbieri es la autora de (EN) CONSTRUCCI\u00d3N, un poemario de amor plagado de ingenio y que no deja indiferente a ning\u00fan lector. P.-(EN) CONSTRUCCI\u00d3N est\u00e1 formado por m\u00faltiples poemas pero todos parecen tener un hilo conductor que nos desvela una historia. \u00bfPor [&hellip;]<\/p>\n","protected":false},"author":24,"featured_media":0,"parent":0,"menu_order":7,"comment_status":"closed","ping_status":"closed","template":"","meta":{"footnotes":"","_links_to":"","_links_to_target":""},"class_list":["post-95","page","type-page","status-publish","hentry"],"_links":{"self":[{"href":"https:\/\/clubdepoesia.com\/sofiaromanbarbieri\/wp-json\/wp\/v2\/pages\/95","targetHints":{"allow":["GET"]}}],"collection":[{"href":"https:\/\/clubdepoesia.com\/sofiaromanbarbieri\/wp-json\/wp\/v2\/pages"}],"about":[{"href":"https:\/\/clubdepoesia.com\/sofiaromanbarbieri\/wp-json\/wp\/v2\/types\/page"}],"author":[{"embeddable":true,"href":"https:\/\/clubdepoesia.com\/sofiaromanbarbieri\/wp-json\/wp\/v2\/users\/24"}],"replies":[{"embeddable":true,"href":"https:\/\/clubdepoesia.com\/sofiaromanbarbieri\/wp-json\/wp\/v2\/comments?post=95"}],"version-history":[{"count":0,"href":"https:\/\/clubdepoesia.com\/sofiaromanbarbieri\/wp-json\/wp\/v2\/pages\/95\/revisions"}],"wp:attachment":[{"href":"https:\/\/clubdepoesia.com\/sofiaromanbarbieri\/wp-json\/wp\/v2\/media?parent=95"}],"curies":[{"name":"wp","href":"https:\/\/api.w.org\/{rel}","templated":true}]}}