{"id":67,"date":"2017-03-05T16:33:38","date_gmt":"2017-03-05T16:33:38","guid":{"rendered":"http:\/\/clubdepoesia.com\/sofiaromanbarbieri\/?page_id=67"},"modified":"2017-03-05T16:33:38","modified_gmt":"2017-03-05T16:33:38","slug":"poemas","status":"publish","type":"page","link":"https:\/\/clubdepoesia.com\/sofiaromanbarbieri\/poemas\/","title":{"rendered":"Poemas"},"content":{"rendered":"<div class=\"wpb-content-wrapper\">[vc_row a_image_on=&#8221;&#8221; a_video_on=&#8221;&#8221; a_overlay_on=&#8221;&#8221; a_parallax_on=&#8221;&#8221; a_sep_on=&#8221;&#8221; a_full_height_on=&#8221;&#8221; offset_left=&#8221;&#8221; offset_right=&#8221;&#8221; margin_top=&#8221;&#8221; css=&#8221;.vc_custom_1448912029544{margin-top: -50px !important;}&#8221;][vc_column extend=&#8221;false&#8221;]<div class=\"gambit_fullheight_row\" data-content-location=\"center\" style=\"display: none\"><\/div><div class='gambit_parallax_row' data-bg-align='' data-direction='up' data-opacity='100' data-velocity='-0.3' data-mobile-enabled='' data-bg-height='8192' data-bg-width='5585' data-bg-image='https:\/\/clubdepoesia.com\/sofiaromanbarbieri\/files\/2017\/03\/1-2.jpg' data-bg-repeat='false' data-id='' style='display: none'><\/div>[\/vc_column][\/vc_row][vc_row a_image_on=&#8221;&#8221; a_video_on=&#8221;&#8221; a_overlay_on=&#8221;&#8221; a_parallax_on=&#8221;&#8221; a_sep_on=&#8221;&#8221; a_full_height_on=&#8221;&#8221; offset_left=&#8221;&#8221; offset_right=&#8221;&#8221; margin_top=&#8221;&#8221; css=&#8221;.vc_custom_1449184627940{margin-top: -50px !important;background-color: #c2b8a8 !important;}&#8221;][vc_column extend=&#8221;false&#8221;]<div class=\"gambit_fullheight_row\" data-content-location=\"top\" style=\"display: none\"><\/div>[row_scroll entrance=&#8221;content-fly-left&#8221; exit=&#8221;content-fly-left&#8221; body_overflow=&#8221;true&#8221;][vc_column_text css=&#8221;.vc_custom_1488717149959{margin-top: 0px !important;margin-right: 0px !important;margin-bottom: 0px !important;margin-left: 0px !important;border-top-width: 0px !important;border-right-width: 0px !important;border-bottom-width: 0px !important;border-left-width: 0px !important;padding-top: 0px !important;padding-right: 0px !important;padding-bottom: 0px !important;padding-left: 0px !important;}&#8221;]\n<h1><a name=\"_Toc471669822\"><\/a>1<\/h1>\n<p><strong>\u00a0<\/strong><\/p>\n<p>Ning\u00fan caf\u00e9 ha vuelto a ser igual,<\/p>\n<p>ni siquiera el de mi mirada,<\/p>\n<p>desde que te marchaste.<\/p>\n<p>Me dejaste echa p\u00f3lvora,<\/p>\n<p>de esa que ya no se recompone<\/p>\n<p>y buscan la brisa m\u00e1s suave para dejarse llevar.<\/p>\n<p>Me hiciste polvo<\/p>\n<p>(ra)<\/p>\n<p>de la que se enciende<\/p>\n<p>hasta con la chispa m\u00e1s d\u00e9bil.<\/p>\n<p>Me diste ganas de volar,<\/p>\n<p>ahora yo pongo las alas,<\/p>\n<p>la fuerza huracanada<\/p>\n<p>que me lleva a caer por este abismo<\/p>\n<p>llamado vida.[\/vc_column_text][\/vc_column][\/vc_row][vc_row a_image_on=&#8221;&#8221; a_video_on=&#8221;&#8221; a_overlay_on=&#8221;&#8221; a_parallax_on=&#8221;&#8221; a_sep_on=&#8221;&#8221; a_full_height_on=&#8221;&#8221; offset_left=&#8221;&#8221; offset_right=&#8221;&#8221; margin_top=&#8221;&#8221; css=&#8221;.vc_custom_1448912147833{margin-top: -50px !important;}&#8221;][vc_column extend=&#8221;false&#8221;]<div class=\"gambit_fullheight_row\" data-content-location=\"center\" style=\"display: none\"><\/div><div class='gambit_parallax_row' data-bg-align='' data-direction='up' data-opacity='100' data-velocity='-0.3' data-mobile-enabled='' data-bg-height='2665' data-bg-width='3997' data-bg-image='https:\/\/clubdepoesia.com\/sofiaromanbarbieri\/files\/2017\/03\/6.jpg' data-bg-repeat='false' data-id='' style='display: none'><\/div>[\/vc_column][\/vc_row][vc_row a_image_on=&#8221;&#8221; a_video_on=&#8221;&#8221; a_overlay_on=&#8221;&#8221; a_parallax_on=&#8221;&#8221; a_sep_on=&#8221;&#8221; a_full_height_on=&#8221;&#8221; offset_left=&#8221;&#8221; offset_right=&#8221;&#8221; margin_top=&#8221;&#8221; css=&#8221;.vc_custom_1449184645091{margin-top: -50px !important;background-color: #c2b8a8 !important;}&#8221;][vc_column extend=&#8221;false&#8221;]<div class=\"gambit_fullheight_row\" data-content-location=\"top\" style=\"display: none\"><\/div>[row_scroll entrance=&#8221;content-fly-right&#8221; exit=&#8221;content-fly-right&#8221;][vc_column_text css=&#8221;.vc_custom_1488717166544{padding-top: 25px !important;padding-right: 25px !important;padding-bottom: 25px !important;padding-left: 25px !important;}&#8221;]\n<h1><a name=\"_Toc472699157\"><\/a><\/h1>\n<h1><a name=\"_Toc471669828\"><\/a>7<\/h1>\n<p>&nbsp;<\/p>\n<p>La mejor manera de entendernos, sin duda, era ense\u00f1arnos las heridas, acariciarlas, lamerlas un poco a ver si con saliva curaban m\u00e1s r\u00e1pido. Y aunque a veces quisimos sepultarlos los zarpazos eran parte de nuestra historia.<\/p>\n<p>A veces sangr\u00e1bamos juntos y despu\u00e9s de limpiarnos la mirada con un par de l\u00e1grimas<\/p>\n<p>como siempre<\/p>\n<p>nos devor\u00e1bamos<\/p>\n<p>como nunca.<\/p>\n<p>El reloj se apresuraba, se corr\u00eda<\/p>\n<p>y vol\u00e1bamos un rato.<\/p>\n<p>No era amor,<\/p>\n<p>era amistad<\/p>\n<p>y no merec\u00eda la pena,<\/p>\n<p>meritaba la alegr\u00eda.[\/vc_column_text][\/vc_column][\/vc_row][vc_row a_image_on=&#8221;&#8221; a_video_on=&#8221;&#8221; a_overlay_on=&#8221;&#8221; a_parallax_on=&#8221;&#8221; a_sep_on=&#8221;&#8221; a_full_height_on=&#8221;&#8221; offset_left=&#8221;&#8221; offset_right=&#8221;&#8221; margin_top=&#8221;&#8221; css=&#8221;.vc_custom_1448912207297{margin-top: -50px !important;}&#8221;][vc_column extend=&#8221;false&#8221;]<div class=\"gambit_fullheight_row\" data-content-location=\"center\" style=\"display: none\"><\/div><div class='gambit_parallax_row' data-bg-align='' data-direction='up' data-opacity='100' data-velocity='-0.3' data-mobile-enabled='' data-bg-height='3168' data-bg-width='4752' data-bg-image='https:\/\/clubdepoesia.com\/sofiaromanbarbieri\/files\/2017\/03\/34.jpg' data-bg-repeat='false' data-id='' style='display: none'><\/div>[\/vc_column][\/vc_row][vc_row a_image_on=&#8221;&#8221; a_video_on=&#8221;&#8221; a_overlay_on=&#8221;&#8221; a_parallax_on=&#8221;&#8221; a_sep_on=&#8221;&#8221; a_full_height_on=&#8221;&#8221; offset_left=&#8221;&#8221; offset_right=&#8221;&#8221; margin_top=&#8221;&#8221; css=&#8221;.vc_custom_1449184662089{margin-top: -50px !important;background-color: #c2b8a8 !important;}&#8221;][vc_column extend=&#8221;false&#8221;]<div class=\"gambit_fullheight_row\" data-content-location=\"top\" style=\"display: none\"><\/div>[row_scroll entrance=&#8221;content-fly-left&#8221; exit=&#8221;content-fly-left&#8221;][vc_column_text css=&#8221;.vc_custom_1488717186558{padding-top: 25px !important;padding-right: 25px !important;padding-bottom: 25px !important;padding-left: 25px !important;}&#8221;]\n<h1><a name=\"_Toc471669836\"><\/a>15<\/h1>\n<p>&nbsp;<\/p>\n<p>Me has dejado sola. Pero eso no es lo peor. Me has dejado vac\u00eda y ya ni siquiera puedo estar conmigo misma, desprotegida a coraz\u00f3n descubierto contra viento y marea sin haberme ense\u00f1ado a bailar un vals con las olas y ahora s\u00f3lo me queda naufragar hasta llegar a la orilla de mis recuerdos, esperando no ahogarme en ellos.<\/p>\n<p>&nbsp;<\/p>\n<p>Me has dejado inundada porque desde que te has ido no para de llover aqu\u00ed dentro y el pron\u00f3stico no es muy bueno para el resto de mis d\u00edas. La caja tor\u00e1cica es c\u00f3mo una ciudad desierta, no hay ni un alma, no vaga ni mi alma. Se escucha el eco de mis miedos y retumba en todas y cada una de las paredes entre las que los tengo encerrados, desesperados por salir me golpean desde dentro, lo que no saben es que una vez se entra ah\u00ed, ya no se escapa. T\u00fa quisiste ser la excepci\u00f3n de toda regla, te fugaste y de paso y de medalla te llevaste el coraz\u00f3n, qu\u00e9 ego\u00edsta por tu parte no dejar ni que me ame a m\u00ed misma.<\/p>\n<p>&nbsp;<\/p>\n<p>Me has dejado la boca entre abierta con todas las palabras que nunca te dije anudadas en la garganta y unas ganas locas de perder la esperanza, pero no el tiempo.[\/vc_column_text][\/vc_column][\/vc_row][vc_row a_image_on=&#8221;&#8221; a_video_on=&#8221;&#8221; a_overlay_on=&#8221;&#8221; a_parallax_on=&#8221;&#8221; a_sep_on=&#8221;&#8221; a_full_height_on=&#8221;&#8221; offset_left=&#8221;&#8221; offset_right=&#8221;&#8221; margin_top=&#8221;&#8221; css=&#8221;.vc_custom_1448912260178{margin-top: -50px !important;}&#8221;][vc_column extend=&#8221;false&#8221;]<div class=\"gambit_fullheight_row\" data-content-location=\"center\" style=\"display: none\"><\/div><div class='gambit_parallax_row' data-bg-align='' data-direction='up' data-opacity='100' data-velocity='-0.3' data-mobile-enabled='' data-bg-height='1280' data-bg-width='1920' data-bg-image='https:\/\/clubdepoesia.com\/sofiaromanbarbieri\/files\/2017\/03\/39.jpg' data-bg-repeat='false' data-id='' style='display: none'><\/div>[\/vc_column][\/vc_row][vc_row a_image_on=&#8221;&#8221; a_video_on=&#8221;&#8221; a_overlay_on=&#8221;&#8221; a_parallax_on=&#8221;&#8221; a_sep_on=&#8221;&#8221; a_full_height_on=&#8221;&#8221; offset_left=&#8221;&#8221; offset_right=&#8221;&#8221; margin_top=&#8221;&#8221; css=&#8221;.vc_custom_1449184676929{margin-top: -50px !important;background-color: #c2b8a8 !important;}&#8221;][vc_column extend=&#8221;false&#8221;]<div class=\"gambit_fullheight_row\" data-content-location=\"top\" style=\"display: none\"><\/div>[row_scroll entrance=&#8221;content-fly-right&#8221; exit=&#8221;content-fly-right&#8221;][vc_column_text css=&#8221;.vc_custom_1488717205646{padding-top: 25px !important;padding-right: 25px !important;padding-bottom: 25px !important;padding-left: 25px !important;}&#8221;]\n<h1><a name=\"_Toc471669848\"><\/a>26<\/h1>\n<p>&nbsp;<\/p>\n<p>Estoy tan seca por dentro,<br \/>\nque ni me sale llorar.<br \/>\nMe abrir\u00eda las v\u00edsceras para intentar entenderme<br \/>\nporque lo tengo todo<br \/>\ny me siguen faltando unos ojos a los que entrar<br \/>\na perderme.<br \/>\nEl miedo a flor de piel<br \/>\ny una lecci\u00f3n de vida<br \/>\nque dice no te f\u00edes,<\/p>\n<p>todav\u00eda.[\/vc_column_text][\/vc_column][\/vc_row][vc_row a_image_on=&#8221;&#8221; a_video_on=&#8221;&#8221; a_overlay_on=&#8221;&#8221; a_parallax_on=&#8221;&#8221; a_sep_on=&#8221;&#8221; a_full_height_on=&#8221;&#8221; offset_left=&#8221;&#8221; offset_right=&#8221;&#8221; margin_top=&#8221;&#8221; css=&#8221;.vc_custom_1448912285598{margin-top: -50px !important;}&#8221;][vc_column extend=&#8221;false&#8221;]<div class=\"gambit_fullheight_row\" data-content-location=\"center\" style=\"display: none\"><\/div><div class='gambit_parallax_row' data-bg-align='right' data-direction='up' data-opacity='100' data-velocity='-0.3' data-mobile-enabled='' data-bg-height='2848' data-bg-width='4288' data-bg-image='https:\/\/clubdepoesia.com\/sofiaromanbarbieri\/files\/2017\/03\/38.jpg' data-bg-repeat='false' data-id='' style='display: none'><\/div>[\/vc_column][\/vc_row][vc_row full_height=&#8221;yes&#8221; a_image_on=&#8221;&#8221; a_video_on=&#8221;&#8221; a_overlay_on=&#8221;&#8221; a_parallax_on=&#8221;&#8221; a_sep_on=&#8221;&#8221; a_full_height_on=&#8221;&#8221; offset_left=&#8221;&#8221; offset_right=&#8221;&#8221; margin_top=&#8221;&#8221; css=&#8221;.vc_custom_1449184692722{margin-top: -50px !important;background-color: #c2b8a8 !important;}&#8221;][vc_column extend=&#8221;false&#8221;][row_scroll entrance=&#8221;content-fly-left&#8221; exit=&#8221;content-fly-left&#8221;]<div class=\"gambit_fullheight_row\" data-content-location=\"top\" style=\"display: none\"><\/div>[vc_column_text css=&#8221;.vc_custom_1488717225958{padding-top: 25px !important;padding-right: 25px !important;padding-bottom: 25px !important;padding-left: 25px !important;}&#8221;]\n<h1><a name=\"_Toc472699191\"><\/a><\/h1>\n<h1><a name=\"_Toc471669875\"><\/a>51<\/h1>\n<p>&nbsp;<\/p>\n<p>Vivo un infierno<\/p>\n<p>en el que soy mi \u00fanico diablo<\/p>\n<p>y no le permito a nadie<\/p>\n<p>que intente venir a salvarme<\/p>\n<p>s\u00e9 de segunda mano como rescatarme<\/p>\n<p>y me niego a entregar mi coraz\u00f3n<\/p>\n<p>en favor de la raz\u00f3n.<\/p>\n<p>Que me perdonen todos los pol\u00edticamente correctos,<\/p>\n<p>los que no pierden el control,<\/p>\n<p>los que nunca est\u00e1n hasta las manos,<\/p>\n<p>los que mantienen el escaparate intacto,<\/p>\n<p>los que saben qu\u00e9, c\u00f3mo y cu\u00e1ndo hacerlo,<\/p>\n<p>los que no fracasan,<\/p>\n<p>los que hacen lo que se debe,<\/p>\n<p>los que no se saltan normas,<\/p>\n<p>que me perdonen porque no ser\u00e9 de su agrado,<\/p>\n<p>no tendr\u00e9 leyes inexorables<\/p>\n<p>pero si principios inquebrantables<\/p>\n<p>a los que siempre ser\u00e9 fiel,<\/p>\n<p>y quiz\u00e1s me ver\u00e1n como un desastre maleducado<\/p>\n<p>pero os puedo asegurar que experimento la mejor sensaci\u00f3n del mundo:<\/p>\n<p>la de hacer lo que realmente quiero y por tanto la de ser<\/p>\n<p>extra\u00f1a<\/p>\n<p>y<\/p>\n<p>jodidamente<\/p>\n<p>feliz.[\/vc_column_text][\/vc_column][\/vc_row][vc_row a_image_on=&#8221;&#8221; a_video_on=&#8221;&#8221; a_overlay_on=&#8221;&#8221; a_parallax_on=&#8221;&#8221; a_sep_on=&#8221;&#8221; a_full_height_on=&#8221;&#8221; offset_left=&#8221;&#8221; offset_right=&#8221;&#8221; margin_top=&#8221;&#8221; css=&#8221;.vc_custom_1448912360948{margin-top: -50px !important;}&#8221;][vc_column extend=&#8221;false&#8221;]<div class=\"gambit_fullheight_row\" data-content-location=\"center\" style=\"display: none\"><\/div><div class='gambit_parallax_row' data-bg-align='' data-direction='up' data-opacity='100' data-velocity='-0.3' data-mobile-enabled='' data-bg-height='2832' data-bg-width='4256' data-bg-image='https:\/\/clubdepoesia.com\/sofiaromanbarbieri\/files\/2017\/03\/37.jpg' data-bg-repeat='false' data-id='' style='display: none'><\/div>[\/vc_column][\/vc_row][vc_row a_image_on=&#8221;&#8221; a_video_on=&#8221;&#8221; a_overlay_on=&#8221;&#8221; a_parallax_on=&#8221;&#8221; a_sep_on=&#8221;&#8221; a_full_height_on=&#8221;&#8221; offset_left=&#8221;&#8221; offset_right=&#8221;&#8221; margin_top=&#8221;&#8221; css=&#8221;.vc_custom_1448912380139{margin-top: -50px !important;}&#8221;][vc_column extend=&#8221;false&#8221;][vc_column_text]<div class=\"essb_links essb_counter_modern_right essb_displayed_shortcode essb_share essb_template_metro-retina essb_362690709 print-no\" id=\"essb_displayed_shortcode_362690709\" data-essb-postid=\"67\" data-essb-position=\"shortcode\" data-essb-button-style=\"button\" data-essb-template=\"metro-retina\" data-essb-counter-pos=\"right\" data-essb-url=\"https:\/\/clubdepoesia.com\/sofiaromanbarbieri\/poemas\/\" data-essb-fullurl=\"https:\/\/clubdepoesia.com\/sofiaromanbarbieri\/poemas\/\" data-essb-instance=\"362690709\"><ul class=\"essb_links_list\"><li class=\"essb_item essb_link_facebook nolightbox essb_link_svg_icon\"> <a href=\"https:\/\/www.facebook.com\/sharer\/sharer.php?u=https%3A%2F%2Fclubdepoesia.com%2Fsofiaromanbarbieri%2Fpoemas%2F&t=Poemas\" title=\"Share on Facebook\" onclick=\"essb.window(&#39;https:\/\/www.facebook.com\/sharer\/sharer.php?u=https%3A%2F%2Fclubdepoesia.com%2Fsofiaromanbarbieri%2Fpoemas%2F&t=Poemas&#39;,&#39;facebook&#39;,&#39;362690709&#39;); return false;\" target=\"_blank\" rel=\"nofollow\" class=\"nolightbox essb-s-bg-facebook essb-s-bgh-facebook essb-s-c-light essb-s-hover-effect essb-s-bg-network essb-s-bgh-network\" ><span class=\"essb_icon essb_icon_facebook\"><svg class=\"essb-svg-icon essb-svg-icon-facebook\" aria-hidden=\"true\" role=\"img\" focusable=\"false\" xmlns=\"http:\/\/www.w3.org\/2000\/svg\" width=\"16\" height=\"16\" viewBox=\"0 0 16 16\"><path d=\"M16 8.049c0-4.446-3.582-8.05-8-8.05C3.58 0-.002 3.603-.002 8.05c0 4.017 2.926 7.347 6.75 7.951v-5.625h-2.03V8.05H6.75V6.275c0-2.017 1.195-3.131 3.022-3.131.876 0 1.791.157 1.791.157v1.98h-1.009c-.993 0-1.303.621-1.303 1.258v1.51h2.218l-.354 2.326H9.25V16c3.824-.604 6.75-3.934 6.75-7.951\"><\/path><\/svg><\/span><span class=\"essb_network_name\">Facebook<\/span><\/a><\/li><li class=\"essb_item essb_link_twitter nolightbox essb_link_twitter_x essb_link_svg_icon\"> <a href=\"https:\/\/x.com\/intent\/post?text=Poemas&amp;url=https%3A%2F%2Fclubdepoesia.com%2Fsofiaromanbarbieri%2Fpoemas%2F\" title=\"Share on Twitter\" onclick=\"essb.window(&#39;https:\/\/x.com\/intent\/post?text=Poemas&amp;url=https%3A%2F%2Fclubdepoesia.com%2Fsofiaromanbarbieri%2Fpoemas%2F&#39;,&#39;twitter&#39;,&#39;362690709&#39;); return false;\" target=\"_blank\" rel=\"nofollow\" class=\"nolightbox essb-s-bg-twitter essb-s-bgh-twitter essb-s-c-light essb-s-hover-effect essb-s-bg-network essb-s-bgh-network\" ><span class=\"essb_icon essb_icon_twitter_x\"><svg class=\"essb-svg-icon essb-svg-icon-twitter_x\" aria-hidden=\"true\" role=\"img\" focusable=\"false\" viewBox=\"0 0 24 24\"><path d=\"M18.244 2.25h3.308l-7.227 8.26 8.502 11.24H16.17l-5.214-6.817L4.99 21.75H1.68l7.73-8.835L1.254 2.25H8.08l4.713 6.231zm-1.161 17.52h1.833L7.084 4.126H5.117z\"><\/path><\/svg><\/span><span class=\"essb_network_name\">Twitter<\/span><\/a><\/li><li class=\"essb_item essb_link_pinterest nolightbox essb_link_svg_icon\"> <a href=\"#\" title=\"Share on Pinterest\" onclick=\"essb.pinterest_picker(&#39;362690709&#39;); return false;\" target=\"_blank\" rel=\"nofollow\" class=\"nolightbox essb-s-bg-pinterest essb-s-bgh-pinterest essb-s-c-light essb-s-hover-effect essb-s-bg-network essb-s-bgh-network\" ><span class=\"essb_icon essb_icon_pinterest\"><svg class=\"essb-svg-icon essb-svg-icon-pinterest\" aria-hidden=\"true\" role=\"img\" focusable=\"false\" width=\"32\" height=\"32\" viewBox=\"0 0 32 32\" xmlns=\"http:\/\/www.w3.org\/2000\/svg\"><path d=\"M10.625 12.25c0-1.375 0.313-2.5 1.063-3.438 0.688-0.938 1.563-1.438 2.563-1.438 0.813 0 1.438 0.25 1.875 0.813s0.688 1.25 0.688 2.063c0 0.5-0.125 1.125-0.313 1.813-0.188 0.75-0.375 1.625-0.688 2.563-0.313 1-0.563 1.75-0.688 2.313-0.25 1-0.063 1.875 0.563 2.625 0.625 0.688 1.438 1.063 2.438 1.063 1.75 0 3.188-1 4.313-2.938 1.125-2 1.688-4.375 1.688-7.188 0-2.125-0.688-3.875-2.063-5.25-1.375-1.313-3.313-2-5.813-2-2.813 0-5.063 0.875-6.75 2.688-1.75 1.75-2.625 3.875-2.625 6.375 0 1.5 0.438 2.75 1.25 3.75 0.313 0.313 0.375 0.688 0.313 1.063-0.125 0.313-0.25 0.813-0.375 1.5-0.063 0.25-0.188 0.438-0.375 0.5s-0.375 0.063-0.563 0c-1.313-0.563-2.25-1.438-2.938-2.75s-1-2.813-1-4.5c0-1.125 0.188-2.188 0.563-3.313s0.875-2.188 1.625-3.188c0.75-1.063 1.688-1.938 2.688-2.75 1.063-0.813 2.313-1.438 3.875-1.938 1.5-0.438 3.125-0.688 4.813-0.688 1.813 0 3.438 0.313 4.938 0.938 1.5 0.563 2.813 1.375 3.813 2.375 1.063 1.063 1.813 2.188 2.438 3.5 0.563 1.313 0.875 2.688 0.875 4.063 0 3.75-0.938 6.875-2.875 9.313-1.938 2.5-4.375 3.688-7.375 3.688-1 0-1.938-0.188-2.813-0.688-0.875-0.438-1.5-1-1.875-1.688-0.688 2.938-1.125 4.688-1.313 5.25-0.375 1.438-1.25 3.188-2.688 5.25h-1.313c-0.25-2.563-0.188-4.688 0.188-6.375l2.438-10.313c-0.375-0.813-0.563-1.813-0.563-3.063z\"><\/path><\/svg><\/span><span class=\"essb_network_name\">Pinterest<\/span><\/a><\/li><li class=\"essb_item essb_link_linkedin nolightbox essb_link_svg_icon\"> <a href=\"https:\/\/www.linkedin.com\/shareArticle?mini=true&amp;ro=true&amp;trk=EasySocialShareButtons&amp;title=Poemas&amp;url=https%3A%2F%2Fclubdepoesia.com%2Fsofiaromanbarbieri%2Fpoemas%2F\" title=\"Share on LinkedIn\" onclick=\"essb.window(&#39;https:\/\/www.linkedin.com\/shareArticle?mini=true&amp;ro=true&amp;trk=EasySocialShareButtons&amp;title=Poemas&amp;url=https%3A%2F%2Fclubdepoesia.com%2Fsofiaromanbarbieri%2Fpoemas%2F&#39;,&#39;linkedin&#39;,&#39;362690709&#39;); return false;\" target=\"_blank\" rel=\"nofollow\" class=\"nolightbox essb-s-bg-linkedin essb-s-bgh-linkedin essb-s-c-light essb-s-hover-effect essb-s-bg-network essb-s-bgh-network\" ><span class=\"essb_icon essb_icon_linkedin\"><svg class=\"essb-svg-icon essb-svg-icon-linkedin\" aria-hidden=\"true\" role=\"img\" focusable=\"false\" width=\"32\" height=\"32\" viewBox=\"0 0 32 32\" xmlns=\"http:\/\/www.w3.org\/2000\/svg\"><path d=\"M23.938 16.375c-0.438-0.5-1.188-0.75-2.25-0.75-1.375 0-2.313 0.438-2.875 1.188-0.563 0.813-0.813 1.938-0.813 3.375v10.938c0 0.188-0.063 0.375-0.25 0.563-0.125 0.125-0.375 0.25-0.563 0.25h-5.75c-0.188 0-0.375-0.125-0.563-0.25-0.125-0.188-0.25-0.375-0.25-0.563v-20.188c0-0.188 0.125-0.375 0.25-0.563 0.188-0.125 0.375-0.25 0.563-0.25h5.563c0.188 0 0.375 0.063 0.5 0.125s0.188 0.25 0.25 0.438c0 0.188 0.063 0.375 0.063 0.438s0 0.25 0 0.5c1.438-1.375 3.375-2 5.688-2 2.688 0 4.75 0.625 6.25 1.938 1.5 1.375 2.25 3.313 2.25 5.938v13.625c0 0.188-0.063 0.375-0.25 0.563-0.125 0.125-0.375 0.25-0.563 0.25h-5.875c-0.188 0-0.375-0.125-0.563-0.25-0.125-0.188-0.25-0.375-0.25-0.563v-12.313c0-1.063-0.188-1.875-0.563-2.438zM6.625 6.688c-0.75 0.75-1.688 1.125-2.75 1.125s-2-0.375-2.75-1.125c-0.75-0.75-1.125-1.625-1.125-2.75 0-1.063 0.375-1.938 1.125-2.688s1.688-1.188 2.75-1.188c1.063 0 2 0.438 2.75 1.188s1.125 1.625 1.125 2.688c0 1.125-0.375 2-1.125 2.75zM7.563 10.938v20.188c0 0.188-0.125 0.375-0.25 0.563-0.188 0.125-0.375 0.25-0.563 0.25h-5.75c-0.188 0-0.375-0.125-0.563-0.25-0.125-0.188-0.25-0.375-0.25-0.563v-20.188c0-0.188 0.125-0.375 0.25-0.563 0.188-0.125 0.375-0.25 0.563-0.25h5.75c0.188 0 0.375 0.125 0.563 0.25 0.125 0.188 0.25 0.375 0.25 0.563z\"><\/path><\/svg><\/span><span class=\"essb_network_name\">LinkedIn<\/span><\/a><\/li><li class=\"essb_item essb_link_whatsapp nolightbox essb_link_svg_icon\"> <a href=\"whatsapp:\/\/send?text=Poemas%20https%3A%2F%2Fclubdepoesia.com%2Fsofiaromanbarbieri%2Fpoemas%2F\" title=\"Share on WhatsApp\" onclick=\"essb.whatsapp('Poemas%20https%3A%2F%2Fclubdepoesia.com%2Fsofiaromanbarbieri%2Fpoemas%2F', '362690709'); return false;\" target=\"_blank\" rel=\"nofollow\" class=\"nolightbox essb-s-bg-whatsapp essb-s-bgh-whatsapp essb-s-c-light essb-s-hover-effect essb-s-bg-network essb-s-bgh-network\" ><span class=\"essb_icon essb_icon_whatsapp\"><svg class=\"essb-svg-icon essb-svg-icon-whatsapp\" aria-hidden=\"true\" role=\"img\" focusable=\"false\" width=\"32\" height=\"32\" viewBox=\"0 0 32 32\" xmlns=\"http:\/\/www.w3.org\/2000\/svg\"><path d=\"M27.313 4.625c-3-3-7-4.625-11.25-4.625-8.75 0-15.875 7.125-15.875 15.875 0 2.75 0.75 5.5 2.125 7.938l-2.25 8.188 8.438-2.188c2.313 1.25 4.875 1.938 7.563 1.938v0c0 0 0 0 0 0 8.75 0 15.875-7.125 15.875-15.875 0-4.25-1.625-8.25-4.625-11.25zM16.063 29.063v0c-2.375 0-4.688-0.625-6.688-1.875l-0.5-0.25-5 1.313 1.313-4.875-0.313-0.5c-1.313-2.125-2-4.5-2-7 0-7.313 5.938-13.188 13.188-13.188 3.5 0 6.813 1.375 9.313 3.875s3.875 5.813 3.875 9.313c0 7.25-5.938 13.188-13.188 13.188zM23.313 19.188c-0.438-0.188-2.375-1.188-2.75-1.313-0.313-0.125-0.625-0.188-0.875 0.188-0.25 0.438-1 1.313-1.25 1.563s-0.438 0.313-0.875 0.125c-0.375-0.188-1.625-0.625-3.188-2-1.125-1-1.938-2.313-2.188-2.75-0.25-0.375 0-0.563 0.188-0.813 0.188-0.125 0.375-0.438 0.563-0.688 0.25-0.188 0.313-0.375 0.438-0.625s0.063-0.5-0.063-0.688c-0.063-0.188-0.875-2.188-1.188-2.938-0.375-0.813-0.688-0.688-0.938-0.688-0.188 0-0.5 0-0.75 0s-0.688 0.063-1.063 0.438c-0.375 0.438-1.375 1.375-1.375 3.313 0 2 1.438 3.875 1.625 4.125s2.813 4.25 6.75 6c0.938 0.375 1.688 0.625 2.25 0.813 1 0.313 1.813 0.25 2.5 0.188 0.813-0.125 2.375-1 2.688-1.938 0.375-0.875 0.375-1.688 0.25-1.875-0.125-0.125-0.375-0.25-0.75-0.438z\"><\/path><\/svg><\/span><span class=\"essb_network_name\">WhatsApp<\/span><\/a><\/li><\/ul><\/div>[\/vc_column_text][\/vc_column][\/vc_row]\n<\/div>","protected":false},"excerpt":{"rendered":"<p>[vc_row a_image_on=&#8221;&#8221; a_video_on=&#8221;&#8221; a_overlay_on=&#8221;&#8221; a_parallax_on=&#8221;&#8221; a_sep_on=&#8221;&#8221; a_full_height_on=&#8221;&#8221; offset_left=&#8221;&#8221; offset_right=&#8221;&#8221; margin_top=&#8221;&#8221; css=&#8221;.vc_custom_1448912029544{margin-top: -50px !important;}&#8221;][vc_column extend=&#8221;false&#8221;][\/vc_column][\/vc_row][vc_row a_image_on=&#8221;&#8221; a_video_on=&#8221;&#8221; a_overlay_on=&#8221;&#8221; a_parallax_on=&#8221;&#8221; a_sep_on=&#8221;&#8221; a_full_height_on=&#8221;&#8221; offset_left=&#8221;&#8221; offset_right=&#8221;&#8221; margin_top=&#8221;&#8221; css=&#8221;.vc_custom_1449184627940{margin-top: -50px !important;background-color: #c2b8a8 !important;}&#8221;][vc_column extend=&#8221;false&#8221;][row_scroll entrance=&#8221;content-fly-left&#8221; exit=&#8221;content-fly-left&#8221; body_overflow=&#8221;true&#8221;][vc_column_text css=&#8221;.vc_custom_1488717149959{margin-top: 0px !important;margin-right: 0px !important;margin-bottom: 0px !important;margin-left: 0px !important;border-top-width: 0px !important;border-right-width: 0px !important;border-bottom-width: 0px !important;border-left-width: 0px !important;padding-top: 0px !important;padding-right: 0px !important;padding-bottom: 0px !important;padding-left: [&hellip;]<\/p>\n","protected":false},"author":24,"featured_media":0,"parent":0,"menu_order":3,"comment_status":"closed","ping_status":"closed","template":"","meta":{"footnotes":"","_links_to":"","_links_to_target":""},"class_list":["post-67","page","type-page","status-publish","hentry"],"_links":{"self":[{"href":"https:\/\/clubdepoesia.com\/sofiaromanbarbieri\/wp-json\/wp\/v2\/pages\/67","targetHints":{"allow":["GET"]}}],"collection":[{"href":"https:\/\/clubdepoesia.com\/sofiaromanbarbieri\/wp-json\/wp\/v2\/pages"}],"about":[{"href":"https:\/\/clubdepoesia.com\/sofiaromanbarbieri\/wp-json\/wp\/v2\/types\/page"}],"author":[{"embeddable":true,"href":"https:\/\/clubdepoesia.com\/sofiaromanbarbieri\/wp-json\/wp\/v2\/users\/24"}],"replies":[{"embeddable":true,"href":"https:\/\/clubdepoesia.com\/sofiaromanbarbieri\/wp-json\/wp\/v2\/comments?post=67"}],"version-history":[{"count":0,"href":"https:\/\/clubdepoesia.com\/sofiaromanbarbieri\/wp-json\/wp\/v2\/pages\/67\/revisions"}],"wp:attachment":[{"href":"https:\/\/clubdepoesia.com\/sofiaromanbarbieri\/wp-json\/wp\/v2\/media?parent=67"}],"curies":[{"name":"wp","href":"https:\/\/api.w.org\/{rel}","templated":true}]}}