{"id":79,"date":"2017-06-06T17:24:36","date_gmt":"2017-06-06T17:24:36","guid":{"rendered":"http:\/\/clubdepoesia.com\/rosariolopezbenavente\/?page_id=79"},"modified":"2017-06-06T17:25:51","modified_gmt":"2017-06-06T17:25:51","slug":"entrevistas","status":"publish","type":"page","link":"https:\/\/clubdepoesia.com\/rosariolopezbenavente\/entrevistas\/","title":{"rendered":"Entrevistas"},"content":{"rendered":"<h1>Entrevista realizada a Rosario L\u00f3pez Benavente tras la publicaci\u00f3n de su libro &#8220;Rosario de cuentas&#8221; para la Revista Poes\u00eda eres t\u00fa 06\/06\/2017<\/h1>\n<p>&nbsp;<\/p>\n<p><strong>P.- \u00bfPor qu\u00e9 el t\u00edtulo de <em>Rosario de cuentas<\/em>? \u00bfTiene un significado religioso o son las cuentas pendientes que ten\u00edas en tu vida?<\/strong><\/p>\n<p>R.- No tengo ninguna fe ni en las religiones, ni en la iglesia. <em>Rosario de cuentas<\/em> es una vida llena de protestas, expresadas con absoluta libertad de expresi\u00f3n, sin tapujos en el alma, ni en la boca. Sin duda, cuentas pendientes, eran.<\/p>\n<p><strong>P.- Tus poemas son casi narrativos y se te podr\u00eda considerar una poeta hiper-realista de la experiencia. \u00bfSon las cosas que te ocurren en la vida lo que te empuja a escribir?<\/strong><\/p>\n<p>R.- Si, y sus miles de preguntas sin respuesta. La impotencia me obliga a contar y as\u00ed, poder asimilar&#8230;<\/p>\n<p>La forma de ver mi propia vida, pero desde fuera. Adem\u00e1s es mi gran pasi\u00f3n. Podr\u00eda narrar cualquier cosa. Escribir es una necesidad y un inmenso placer, tanto&#8230; que a veces me tiemblan las manos.<\/p>\n<p>&nbsp;<\/p>\n<p><strong>P.- \u00bfCu\u00e1nto tiempo te ha llevado escribir <em>Rosario de cuentas<\/em>?<\/strong><\/p>\n<p>R.- Lo comenc\u00e9 hace nueve a\u00f1os, demasiado. No volver\u00e9 a perderme tanto en el tiempo, jam\u00e1s.<\/p>\n<p><strong>P.- En <em>Rosario de cuentas<\/em>, relatas cosas muy duras que pertenecen a tu intimidad. \u00bfHa sido muy conflictivo para ti escribir y publicar estos poemas?<\/strong><\/p>\n<p>R.- S\u00ed, pero ha significado un apasionante y poderoso viaje hacia el interior del que he salido muy fortalecida. Conflicto era guardarlo, viviendo siempre al rebufo de ello, siempre corriendo detr\u00e1s. Estoy conforme y tranquila.<\/p>\n<p>&nbsp;<\/p>\n<p>Expresar mi m\u00e1s sincero agradecimiento a mis padres de las letras: Javier P\u00e9rez Ayala y Ana Mar\u00eda Olivares por el apoyo recibido, y que me pareci\u00f3 que estaban esper\u00e1ndome al otro lado de esta puerta. Gracias, mil gracias.<\/p>\n<p>&nbsp;<\/p>\n<p><strong>P.- \u00bfQu\u00e9 es lo que m\u00e1s te inspira para escribir y en qu\u00e9 momentos del d\u00eda escribes?<\/strong><\/p>\n<p>R.- La nostalgia es una buena compa\u00f1\u00eda para ello. La misma mente, cuando no se quiere callar. Viajar, la injusticia, un papel en blanco, la tinta azul. Escribo en cualquier momento del d\u00eda, el sitio, me da igual.<\/p>\n<p><strong>\u00a0<\/strong><\/p>\n<p><strong>\u00a0<\/strong><\/p>\n<p><strong>P.-\u00bfQu\u00e9 representa la imagen de la portada de <em>Rosario de cuentas<\/em>?<\/strong><\/p>\n<p>R.- Un ratito a solas donde poder estar.<\/p>\n<p>Tengo serias dudas de lo que pueda ser el instrumento que sujeta la figura entre las manos, no sabiendo si es una flauta, o una cerbatana. Y es que en realidad, yo, m\u00fasica, no quiero, no es el momento indicado para bailar. Hasta el d\u00eda de hoy, he danzado con cualquiera.<\/p>\n<p><strong>\u00a0<\/strong><\/p>\n<p><strong>P.- \u00bfHabr\u00e1 un segundo trabajo despu\u00e9s de <em>Rosario de cuentas<\/em>?<\/strong><\/p>\n<p>R.- Por supuesto que s\u00ed, siempre que la vida me deje. La pr\u00f3xima vez, sin tanta herida de guerra. Lo habr\u00e1, si no es de cuentas ser\u00e1 de digas, y pronto, mucho m\u00e1s pronto, eso s\u00ed, con la venia de ustedes. Y otra vez&#8230; millones de gracias.<\/p>\n","protected":false},"excerpt":{"rendered":"<p>Entrevista realizada a Rosario L\u00f3pez Benavente tras la publicaci\u00f3n de su libro &#8220;Rosario de cuentas&#8221; para la Revista Poes\u00eda eres t\u00fa 06\/06\/2017 &nbsp; P.- \u00bfPor qu\u00e9 el t\u00edtulo de Rosario de cuentas? \u00bfTiene un significado religioso o son las cuentas pendientes que ten\u00edas en tu vida? R.- No tengo ninguna fe ni en las religiones, [&hellip;]<\/p>\n","protected":false},"author":24,"featured_media":0,"parent":0,"menu_order":5,"comment_status":"closed","ping_status":"closed","template":"","meta":{"footnotes":"","_links_to":"","_links_to_target":""},"class_list":["post-79","page","type-page","status-publish","hentry"],"_links":{"self":[{"href":"https:\/\/clubdepoesia.com\/rosariolopezbenavente\/wp-json\/wp\/v2\/pages\/79","targetHints":{"allow":["GET"]}}],"collection":[{"href":"https:\/\/clubdepoesia.com\/rosariolopezbenavente\/wp-json\/wp\/v2\/pages"}],"about":[{"href":"https:\/\/clubdepoesia.com\/rosariolopezbenavente\/wp-json\/wp\/v2\/types\/page"}],"author":[{"embeddable":true,"href":"https:\/\/clubdepoesia.com\/rosariolopezbenavente\/wp-json\/wp\/v2\/users\/24"}],"replies":[{"embeddable":true,"href":"https:\/\/clubdepoesia.com\/rosariolopezbenavente\/wp-json\/wp\/v2\/comments?post=79"}],"version-history":[{"count":0,"href":"https:\/\/clubdepoesia.com\/rosariolopezbenavente\/wp-json\/wp\/v2\/pages\/79\/revisions"}],"wp:attachment":[{"href":"https:\/\/clubdepoesia.com\/rosariolopezbenavente\/wp-json\/wp\/v2\/media?parent=79"}],"curies":[{"name":"wp","href":"https:\/\/api.w.org\/{rel}","templated":true}]}}