{"id":96,"date":"2017-01-31T10:58:56","date_gmt":"2017-01-31T10:58:56","guid":{"rendered":"http:\/\/clubdepoesia.com\/rociocalderonconesa\/?page_id=96"},"modified":"2017-01-31T10:58:56","modified_gmt":"2017-01-31T10:58:56","slug":"entrevistas","status":"publish","type":"page","link":"https:\/\/clubdepoesia.com\/rociocalderonconesa\/entrevistas\/","title":{"rendered":"Entrevistas"},"content":{"rendered":"<h1>Entrevista a Roc\u00edo Calder\u00f3n Conesa tras la publicaci\u00f3n de su libro Inefable para la Revista Poes\u00eda eres t\u00fa, 2017.<\/h1>\n<p>&nbsp;<\/p>\n<p><em>\u201c\u2026a veces comparo mucho la poes\u00eda con el piano o el viol\u00edn, veo ambos instrumentos igual de indispensables para la armonizaci\u00f3n de la vida que una buena poes\u00eda\u201d.<\/em><\/p>\n<p><strong>\u00a0<\/strong><\/p>\n<p><strong>P.- <em>Inefable<\/em> es el t\u00edtulo de tu primer libro. \u00bfQu\u00e9 significa inefable y por qu\u00e9 das este t\u00edtulo a tu libro?<\/strong><\/p>\n<p>R.- Seg\u00fan la Real Academia Espa\u00f1ola, Inefable significa algo que no puede expresarse con palabras; desde bien peque\u00f1ita empec\u00e9 a escribir, creo que con 12 a\u00f1os ya ten\u00eda alg\u00fan que otro texto escrito y mi sue\u00f1o siempre fue llegar a poder escribir un libro pero siempre lo vi como algo muy dif\u00edcil de conseguir, y ya no hablemos de lograr que alguien lo publicase y creo que por eso le puse ese nombre.<\/p>\n<p>Para m\u00ed este libro es algo tan bueno, tan tan bueno, que nunca lograr\u00e9 expresarlo con palabras. Es un sue\u00f1o hecho realidad, al fin y al cabo.<\/p>\n<p><strong>P.-Tu poes\u00eda es f\u00e1cil de entender, pero est\u00e1 plagada de met\u00e1foras y reflexiones que enganchan al lector \u00bfQu\u00e9 es m\u00e1s importante el mensaje o la forma de comunicar el mensaje?<\/strong><\/p>\n<p>R.- Creo que lo m\u00e1s importante es la forma de comunicarlo, la forma de hacerlo llegar a la gente y que lo entienda y, al hacerlo, que algo se le remueva por dentro. El mensaje puede ser todo lo bueno, o malo, que t\u00fa quieras que sea pero si a la hora de transmitirlo no eres capaz de que se incruste dentro del alma de las personas solo habr\u00e1n sido palabras que han salido por el mismo sitio que han entrado. Hay que lograr hacer pensar a las personas con lo que queremos comunicar, es de esa manera como se logran las grandes revoluciones: haciendo pensar.<\/p>\n<p><strong>P.- \u201cOs dir\u00e9, \/ peque\u00f1os corazones rotos, \/que no hab\u00eda mayor gloria \/que sus besos con sabor a lluvia, \/ que sus brazos encajaban a la perfecci\u00f3n \/ con las curvas de mi cuerpo \/ y que, sin lugar a dudas, \/ prefiero su olor, \/ tan \u00fanico, \/ al m\u00e1s caro de los perfumes\u201d.<\/strong><\/p>\n<p><strong>El amor es el hilo conductor de tu poemario y uno de los temas m\u00e1s importantes de la poes\u00eda. \u00bfPor qu\u00e9 es tan importante el amor en tu poes\u00eda? \u00bfHay una \u00fanica persona que es objeto de tu de tu amor en el poemario? \u00bfPor qu\u00e9 casi siempre existe el amor en la poes\u00eda cuando este se acaba?<\/strong><\/p>\n<p>R.- El amor siempre va a ser el hilo conductor de la vida, dir\u00eda yo. Siempre estamos buscando querer y que nos quieran, incluso cuando no nos damos cuenta o cuando negamos que lo hacemos, ya sea intentando encontrar a tu gran amor, buscando el abrazo de un amigo, las l\u00e1grimas de alegr\u00eda de tus padres cuando consigues algo por lo que te has esforzado o de tu gato cuando llegas a casa y te recibe contento. No sabemos vivir sin amor, es una enfermedad incurable que todo el mundo busca sentir. Supongo que por eso es tan importante en mi poes\u00eda, como en la de todos los poetas, porque es lo que nos mueve, es por lo que recorrer\u00edamos kil\u00f3metros por poderlo sentir al 100%, y es por esto, por lo grande que uno se cree cuando es amado y ama con todo el coraz\u00f3n que, al apagarse, al irse, te deja un vac\u00edo existencial que tienes que llenar de alguna forma; yo, por ejemplo, las \u00e9pocas en las que m\u00e1s, y mejor, escribo es cuando me agrietan un poco m\u00e1s el coraz\u00f3n. Digamos que es escribir con el coraz\u00f3n roto te ayuda a sanarlo un poquito, es una v\u00eda de escape y sobre todo si no eres capaz de hablar de estas cosas con las personas.<\/p>\n<p>No creo que haya una \u00fanica persona que sea objeto de mi amor en este poemario, nadie ha sido tan importante para ello. En estos poemas recojo muchos tipos de amor: amor hacia mis padres, amor hacia mis amigos, amor hacia personas que me rompieron el coraz\u00f3n, amor hacia amores y, sobre todo, amor hacia m\u00ed misma, que es mi amor m\u00e1s importante.<\/p>\n<p><strong>P.- \u00bfCu\u00e1nto de tu poes\u00eda es experiencia y cu\u00e1nto es imaginado para el poema?<\/strong><\/p>\n<p>R.- Mi poes\u00eda nunca es imaginada, y si alguno de mis poemas lo fuera tampoco tendr\u00eda problema en decirlo, pero no lo es. Todo lo que escribo est\u00e1 relacionado con cosas que me han pasado, cosas que he logrado maquillar suficiente como para poder compartirlas con la gente sin sentirme tan expuesta.<\/p>\n<p><strong>P.-\u00bfQu\u00e9 opinas de los poetas contempor\u00e1neos y cual o cuales recomendar\u00edas para su lectura?<\/strong><\/p>\n<p>R.- Esto es un tema delicado porque la \u00fanica vez que di mi opini\u00f3n sobre un poeta contempor\u00e1neo por una red social, ese `poeta\u00b4 me bloque\u00f3 de dicha red social alegando que no ten\u00eda ni idea de lo que estaba diciendo, pero bueno, no me dej\u00f3 decirle (porque me bloque\u00f3 antes) que antes de dar mi opini\u00f3n sobre un tema siempre intento haberme informado de antemano para tener una base s\u00f3lida.<\/p>\n<p>Tengo una cr\u00edtica bastante mala hacia estos poetas, los famosos poetas que han nacido de sus 5000 `likes\u00b4 en las redes sociales. No me gustan lo que le hacen a la poes\u00eda, no me gusta que la llenen de palabras tan soeces como `follar\u00b4, `tetas\u00b4, y cosas relacionadas, no es por nada, yo las utilizo en mi d\u00eda a d\u00eda al hablar m\u00e1s veces de las que me gustar\u00eda pero a la hora de la poes\u00eda, es diferente, yo siempre la he visto como algo que est\u00e1 por encima de lo mundano, algo delicado, merecedor de lo mejor que puedas decir, algo que embellece el mundo un poco; a veces comparo mucho la poes\u00eda con el piano o el viol\u00edn, veo ambos instrumentos igual de indispensables para la armonizaci\u00f3n de la vida que una buena poes\u00eda.<\/p>\n<p>Y si tuviese que recomendar a uno de los poetas que ahora est\u00e1n de moda, ser\u00eda Elvira Sastre o Miguel Gane, pero yo siempre voy a tirar hacia Pablo Neruda, Miguel Hern\u00e1ndez o Lorca.<\/p>\n<p><strong>\u00a0<\/strong><\/p>\n<p><strong>P.-Parece f\u00e1cil escribir, pero no es sencillo, \u00bfUtilizas alg\u00fan m\u00e9todo para inspirarte? \u00bfQu\u00e9 es lo que te impulsa a escribir?<\/strong><\/p>\n<p>R.- Escribir es f\u00e1cil, lo dif\u00edcil es darle sentido y transmitir de verdad lo que llevas dentro, plasmarlo todo en el papel.<\/p>\n<p>Antes sol\u00eda escuchar m\u00fasica cl\u00e1sica, sobre todo piano, me hac\u00eda pensar y rascar lo que ten\u00eda dentro. Tambi\u00e9n me gustaba salir a pasear por mi pueblo y pararme en los lugares donde han ocurrido las cosas que, junto a otros factores, han dado lugar a mi poes\u00eda. Pero \u00faltimamente lo \u00fanico que tengo que hacer es permitirme pensar, \u00faltimamente lo tengo todo a flor de piel y no necesito nada que me ayude a sacarlo.<\/p>\n<p>Lo que me impulsa a escribir son los recuerdos, recordar qu\u00e9 sent\u00eda en ciertos momentos y lo que me hubiera gustado haber sentido. Tambi\u00e9n me impulsa el famoso `\u00bfy si\u2026?\u00b4y relaciono ambas cosas: pasado con el pasado que no fue.<\/p>\n<p><strong>P.- \u00bfHabr\u00e1 un segundo libro despu\u00e9s de <em>Inefable?<\/em><\/strong><\/p>\n<p>R.- Es algo en lo que estoy trabajando ya, aunque quiero que pase algo m\u00e1s de tiempo, quiero que sea un libro con mucha m\u00e1s poes\u00eda que <em>Inefable<\/em>, pero s\u00ed, ya est\u00e1 en marcha.<\/p>\n","protected":false},"excerpt":{"rendered":"<p>Entrevista a Roc\u00edo Calder\u00f3n Conesa tras la publicaci\u00f3n de su libro Inefable para la Revista Poes\u00eda eres t\u00fa, 2017. &nbsp; \u201c\u2026a veces comparo mucho la poes\u00eda con el piano o el viol\u00edn, veo ambos instrumentos igual de indispensables para la armonizaci\u00f3n de la vida que una buena poes\u00eda\u201d. \u00a0 P.- Inefable es el t\u00edtulo de [&hellip;]<\/p>\n","protected":false},"author":24,"featured_media":0,"parent":0,"menu_order":6,"comment_status":"closed","ping_status":"closed","template":"","meta":{"footnotes":"","_links_to":"","_links_to_target":""},"class_list":["post-96","page","type-page","status-publish","hentry"],"_links":{"self":[{"href":"https:\/\/clubdepoesia.com\/rociocalderonconesa\/wp-json\/wp\/v2\/pages\/96","targetHints":{"allow":["GET"]}}],"collection":[{"href":"https:\/\/clubdepoesia.com\/rociocalderonconesa\/wp-json\/wp\/v2\/pages"}],"about":[{"href":"https:\/\/clubdepoesia.com\/rociocalderonconesa\/wp-json\/wp\/v2\/types\/page"}],"author":[{"embeddable":true,"href":"https:\/\/clubdepoesia.com\/rociocalderonconesa\/wp-json\/wp\/v2\/users\/24"}],"replies":[{"embeddable":true,"href":"https:\/\/clubdepoesia.com\/rociocalderonconesa\/wp-json\/wp\/v2\/comments?post=96"}],"version-history":[{"count":0,"href":"https:\/\/clubdepoesia.com\/rociocalderonconesa\/wp-json\/wp\/v2\/pages\/96\/revisions"}],"wp:attachment":[{"href":"https:\/\/clubdepoesia.com\/rociocalderonconesa\/wp-json\/wp\/v2\/media?parent=96"}],"curies":[{"name":"wp","href":"https:\/\/api.w.org\/{rel}","templated":true}]}}