{"id":72,"date":"2016-06-04T21:49:32","date_gmt":"2016-06-04T21:49:32","guid":{"rendered":"http:\/\/clubdepoesia.com\/rociocalderonconesa\/?page_id=72"},"modified":"2016-06-06T22:26:07","modified_gmt":"2016-06-06T22:26:07","slug":"poesia","status":"publish","type":"page","link":"https:\/\/clubdepoesia.com\/rociocalderonconesa\/poesia\/","title":{"rendered":"Poes\u00eda"},"content":{"rendered":"<div class=\"wpb-content-wrapper\">[vc_row a_image_on=&#8221;&#8221; a_video_on=&#8221;&#8221; a_overlay_on=&#8221;&#8221; a_parallax_on=&#8221;&#8221; a_sep_on=&#8221;&#8221; a_full_height_on=&#8221;&#8221; offset_left=&#8221;&#8221; offset_right=&#8221;&#8221; margin_top=&#8221;&#8221; css=&#8221;.vc_custom_1448912029544{margin-top: -50px !important;}&#8221;][vc_column]<div class=\"gambit_fullheight_row\" data-content-location=\"center\" style=\"display: none\"><\/div><div class='gambit_parallax_row' data-bg-align='' data-direction='fixed' data-opacity='100' data-velocity='-0.3' data-mobile-enabled='' data-bg-height='3264' data-bg-width='4896' data-bg-image='https:\/\/clubdepoesia.com\/rociocalderonconesa\/files\/2016\/06\/217.jpg' data-bg-repeat='false' data-id='' style='display: none'><\/div>[\/vc_column][\/vc_row][vc_row a_image_on=&#8221;&#8221; a_video_on=&#8221;&#8221; a_overlay_on=&#8221;&#8221; a_parallax_on=&#8221;&#8221; a_sep_on=&#8221;&#8221; a_full_height_on=&#8221;&#8221; offset_left=&#8221;&#8221; offset_right=&#8221;&#8221; margin_top=&#8221;&#8221; css=&#8221;.vc_custom_1449184627940{margin-top: -50px !important;background-color: #c2b8a8 !important;}&#8221;][vc_column]<div class=\"gambit_fullheight_row\" data-content-location=\"top\" style=\"display: none\"><\/div>[row_scroll entrance=&#8221;content-fly-left&#8221; exit=&#8221;content-fly-left&#8221; body_overflow=&#8221;true&#8221;][vc_column_text css=&#8221;.vc_custom_1465076124514{margin-top: 0px !important;margin-right: 0px !important;margin-bottom: 0px !important;margin-left: 0px !important;border-top-width: 0px !important;border-right-width: 0px !important;border-bottom-width: 0px !important;border-left-width: 0px !important;padding-top: 0px !important;padding-right: 0px !important;padding-bottom: 0px !important;padding-left: 0px !important;}&#8221;]<a name=\"_Toc448743256\"><\/a><strong>\u00c9ramos la locura perfecta<\/strong><\/p>\n<p>&nbsp;<\/p>\n<p>Susurros abandonados en el espacio de dos cuerpos,<\/p>\n<p>besos cuya casa no deber\u00edan ser mis labios<\/p>\n<p>y<\/p>\n<p>caf\u00e9s fr\u00edos esperando en la isla de la cocina.<\/p>\n<p>&nbsp;<\/p>\n<p>Todo est\u00e1 al rev\u00e9s<\/p>\n<p>y no a consecuencia de nuestros encuentros furtivos en cualquier rinc\u00f3n de casa.<\/p>\n<p>Las s\u00e1banas han olvidado tu olor<\/p>\n<p>y yo lo busco cual desesperada por sus recovecos.<\/p>\n<p>Alcohol en vena<\/p>\n<p>y versos sin sentido sobre el papel.<\/p>\n<p>Sin sentido,<\/p>\n<p>como nosotros.<\/p>\n<p>&nbsp;<\/p>\n<p>Calles solitarias con las que comparto mi vac\u00edo,<\/p>\n<p>ellas entienden mejor que nadie<\/p>\n<p>lo que es perder vida.<\/p>\n<p>&nbsp;<\/p>\n<p>Y al final solo me encuentro a m\u00ed entre humos,<\/p>\n<p>buscando la paz que me juraron darme.<\/p>\n<p>&nbsp;<\/p>\n<p>Pero en todo este desorden<\/p>\n<p>lo \u00fanico que hallo es tu ausencia.<\/p>\n<p>Tu ausencia como enfermedad incurable.[\/vc_column_text][\/vc_column][\/vc_row][vc_row a_image_on=&#8221;&#8221; a_video_on=&#8221;&#8221; a_overlay_on=&#8221;&#8221; a_parallax_on=&#8221;&#8221; a_sep_on=&#8221;&#8221; a_full_height_on=&#8221;&#8221; offset_left=&#8221;&#8221; offset_right=&#8221;&#8221; margin_top=&#8221;&#8221; css=&#8221;.vc_custom_1448912147833{margin-top: -50px !important;}&#8221;][vc_column]<div class=\"gambit_fullheight_row\" data-content-location=\"center\" style=\"display: none\"><\/div><div class='gambit_parallax_row' data-bg-align='' data-direction='fixed' data-opacity='100' data-velocity='-0.3' data-mobile-enabled='' data-bg-height='2000' data-bg-width='3000' data-bg-image='https:\/\/clubdepoesia.com\/rociocalderonconesa\/files\/2016\/06\/216.jpg' data-bg-repeat='false' data-id='' style='display: none'><\/div>[\/vc_column][\/vc_row][vc_row a_image_on=&#8221;&#8221; a_video_on=&#8221;&#8221; a_overlay_on=&#8221;&#8221; a_parallax_on=&#8221;&#8221; a_sep_on=&#8221;&#8221; a_full_height_on=&#8221;&#8221; offset_left=&#8221;&#8221; offset_right=&#8221;&#8221; margin_top=&#8221;&#8221; css=&#8221;.vc_custom_1449184645091{margin-top: -50px !important;background-color: #c2b8a8 !important;}&#8221;][vc_column]<div class=\"gambit_fullheight_row\" data-content-location=\"top\" style=\"display: none\"><\/div>[row_scroll entrance=&#8221;content-fly-right&#8221; exit=&#8221;content-fly-right&#8221;][vc_column_text css=&#8221;.vc_custom_1465076393678{padding-top: 25px !important;padding-right: 25px !important;padding-bottom: 25px !important;padding-left: 25px !important;}&#8221;]<a name=\"_Toc448743263\"><\/a><strong>Discordantes<\/strong><\/p>\n<p>&nbsp;<\/p>\n<p>Me cans\u00e9 de las despedidas,<\/p>\n<p>de los golpes por la espalda<\/p>\n<p>y las verdades a medias que circulan por las cloacas de la ciudad<\/p>\n<p>porque son ratas quienes las dicen.<\/p>\n<p>&nbsp;<\/p>\n<p>Rumores que nos matan<\/p>\n<p>conforme los d\u00edas pasan<\/p>\n<p>y f\u00edjate qu\u00e9 ir\u00f3nico,<\/p>\n<p>que quienes los inventan<\/p>\n<p>viven tan felices,<\/p>\n<p>sin importarles que han construido con esas habladur\u00edas<\/p>\n<p>un tejado que no va acorde con la casa que somos.<\/p>\n<p>&nbsp;<\/p>\n<p>Nos ahogamos<\/p>\n<p>en nuestro propio mar de mentiras<\/p>\n<p>intentando salir a respirar<\/p>\n<p>a base de disculpas sin fundamento,<\/p>\n<p>para quitarnos algo del peso que aguantamos sobre los hombros.<\/p>\n<p>&nbsp;<\/p>\n<p>Tonter\u00edas,<\/p>\n<p>meras ilusiones.<\/p>\n<p>\u00bfQui\u00e9n nos va a perdonar<\/p>\n<p>el haber hecho tanto da\u00f1o a una persona que hasta dej\u00f3 de confiar?<\/p>\n<p>porque os dir\u00e9 una cosa:<\/p>\n<p>ya pod\u00e9is rezar todo lo que sep\u00e1is<\/p>\n<p>porque si incluso el supuesto Dios se atreve a perdonaros,<\/p>\n<p>s\u00ed que vivimos en un mundo de corruptos.[\/vc_column_text][\/vc_column][\/vc_row][vc_row a_image_on=&#8221;&#8221; a_video_on=&#8221;&#8221; a_overlay_on=&#8221;&#8221; a_parallax_on=&#8221;&#8221; a_sep_on=&#8221;&#8221; a_full_height_on=&#8221;&#8221; offset_left=&#8221;&#8221; offset_right=&#8221;&#8221; margin_top=&#8221;&#8221; css=&#8221;.vc_custom_1448912207297{margin-top: -50px !important;}&#8221;][vc_column]<div class=\"gambit_fullheight_row\" data-content-location=\"center\" style=\"display: none\"><\/div><div class='gambit_parallax_row' data-bg-align='' data-direction='fixed' data-opacity='100' data-velocity='-0.3' data-mobile-enabled='' data-bg-height='3840' data-bg-width='5760' data-bg-image='https:\/\/clubdepoesia.com\/rociocalderonconesa\/files\/2016\/06\/283.jpg' data-bg-repeat='false' data-id='' style='display: none'><\/div>[\/vc_column][\/vc_row][vc_row a_image_on=&#8221;&#8221; a_video_on=&#8221;&#8221; a_overlay_on=&#8221;&#8221; a_parallax_on=&#8221;&#8221; a_sep_on=&#8221;&#8221; a_full_height_on=&#8221;&#8221; offset_left=&#8221;&#8221; offset_right=&#8221;&#8221; margin_top=&#8221;&#8221; css=&#8221;.vc_custom_1449184662089{margin-top: -50px !important;background-color: #c2b8a8 !important;}&#8221;][vc_column]<div class=\"gambit_fullheight_row\" data-content-location=\"top\" style=\"display: none\"><\/div>[row_scroll entrance=&#8221;content-fly-left&#8221; exit=&#8221;content-fly-left&#8221;][vc_column_text css=&#8221;.vc_custom_1465076464624{padding-top: 25px !important;padding-right: 25px !important;padding-bottom: 25px !important;padding-left: 25px !important;}&#8221;]<a name=\"_Toc449136916\"><\/a><\/p>\n<p><a name=\"_Toc448743266\"><\/a><strong>No lo llamemos destino, llam\u00e9mosle X<\/strong><\/p>\n<p>&nbsp;<\/p>\n<p>Hablan de muertes dulces,<\/p>\n<p>deliciosas y placenteras,<\/p>\n<p>y no han llegado a probar<\/p>\n<p>la infinidad de tus besos por mi cuello erizado.<\/p>\n<p>&nbsp;<\/p>\n<p>Eso s\u00ed que era una muerte<\/p>\n<p>buena,<\/p>\n<p>bonita<\/p>\n<p>y barata;<\/p>\n<p>de las que val\u00eda la pena escribir una historia.<\/p>\n<p>Escribirte, al fin y al cabo.<\/p>\n<p>Escribirnos.<\/p>\n<p>&nbsp;<\/p>\n<p>Con tinta y papel<\/p>\n<p>o a caricias y gemidos, lo que mejor nos venga,<\/p>\n<p>pero que nos sirva para dejar constancia<\/p>\n<p>de que t\u00fa eres m\u00edo<\/p>\n<p>y yo soy tuya.<\/p>\n<p>&nbsp;<\/p>\n<p>Los d\u00edas podr\u00e1n pasar<\/p>\n<p>al igual que gente por nuestras s\u00e1banas,<\/p>\n<p>que da lo mismo,<\/p>\n<p>que estamos destinados a ser,<\/p>\n<p>a volvernos a cruzar tantas veces como al destino le apetezca jugar con nosotros.<\/p>\n<p>Hasta que no podamos m\u00e1s<\/p>\n<p>y aceptemos que nos pertenecemos desde la primera mirada.[\/vc_column_text][\/vc_column][\/vc_row][vc_row a_image_on=&#8221;&#8221; a_video_on=&#8221;&#8221; a_overlay_on=&#8221;&#8221; a_parallax_on=&#8221;&#8221; a_sep_on=&#8221;&#8221; a_full_height_on=&#8221;&#8221; offset_left=&#8221;&#8221; offset_right=&#8221;&#8221; margin_top=&#8221;&#8221; css=&#8221;.vc_custom_1448912260178{margin-top: -50px !important;}&#8221;][vc_column]<div class=\"gambit_fullheight_row\" data-content-location=\"center\" style=\"display: none\"><\/div><div class='gambit_parallax_row' data-bg-align='' data-direction='fixed' data-opacity='100' data-velocity='-0.3' data-mobile-enabled='' data-bg-height='3787' data-bg-width='5680' data-bg-image='https:\/\/clubdepoesia.com\/rociocalderonconesa\/files\/2016\/06\/293.jpg' data-bg-repeat='false' data-id='' style='display: none'><\/div>[\/vc_column][\/vc_row][vc_row a_image_on=&#8221;&#8221; a_video_on=&#8221;&#8221; a_overlay_on=&#8221;&#8221; a_parallax_on=&#8221;&#8221; a_sep_on=&#8221;&#8221; a_full_height_on=&#8221;&#8221; offset_left=&#8221;&#8221; offset_right=&#8221;&#8221; margin_top=&#8221;&#8221; css=&#8221;.vc_custom_1449184676929{margin-top: -50px !important;background-color: #c2b8a8 !important;}&#8221;][vc_column]<div class=\"gambit_fullheight_row\" data-content-location=\"top\" style=\"display: none\"><\/div>[row_scroll entrance=&#8221;content-fly-right&#8221; exit=&#8221;content-fly-right&#8221;][vc_column_text css=&#8221;.vc_custom_1465076585298{padding-top: 25px !important;padding-right: 25px !important;padding-bottom: 25px !important;padding-left: 25px !important;}&#8221;]<a name=\"_Toc448743270\"><\/a><strong>D\u00edgale<\/strong><\/p>\n<p>&nbsp;<\/p>\n<p>D\u00edgale al mundo, se\u00f1or,<\/p>\n<p>que aqu\u00ed hay dos que necesitan un d\u00eda m\u00e1s<\/p>\n<p>para amarse.<\/p>\n<p>Sin prisas,<\/p>\n<p>sin acelerar,<\/p>\n<p>con calma y dos cervezas.<\/p>\n<p>D\u00edgale, se\u00f1or, a quien nos balancea los hilos de la vida<\/p>\n<p>que nos deje un ratito m\u00e1s<\/p>\n<p>para el \u00faltimo adi\u00f3s.<\/p>\n<p>D\u00edgale, se\u00f1or, que es una injusticia lo que hace:<\/p>\n<p>sepultar los sue\u00f1os<\/p>\n<p>por no ser unos genios del blanqueo<\/p>\n<p>y del robo.<\/p>\n<p>Ru\u00e9guele se\u00f1or,<\/p>\n<p>una eternidad para nosotros<\/p>\n<p>que no hemos hecho nada malo,<\/p>\n<p>solo queremos sobrevivir<\/p>\n<p>y nos juzgan como al peor de los criminales.<\/p>\n<p>D\u00e9jenos una \u00faltima noche,<\/p>\n<p>antes de llevarme lejos de mi amor,<\/p>\n<p>d\u00e9jeme hacerme eterno.[\/vc_column_text][\/vc_column][\/vc_row][vc_row a_image_on=&#8221;&#8221; a_video_on=&#8221;&#8221; a_overlay_on=&#8221;&#8221; a_parallax_on=&#8221;&#8221; a_sep_on=&#8221;&#8221; a_full_height_on=&#8221;&#8221; offset_left=&#8221;&#8221; offset_right=&#8221;&#8221; margin_top=&#8221;&#8221; css=&#8221;.vc_custom_1448912285598{margin-top: -50px !important;}&#8221;][vc_column]<div class=\"gambit_fullheight_row\" data-content-location=\"center\" style=\"display: none\"><\/div><div class='gambit_parallax_row' data-bg-align='right' data-direction='fixed' data-opacity='100' data-velocity='-0.3' data-mobile-enabled='' data-bg-height='3744' data-bg-width='5616' data-bg-image='https:\/\/clubdepoesia.com\/rociocalderonconesa\/files\/2016\/06\/232.jpg' data-bg-repeat='false' data-id='' style='display: none'><\/div>[\/vc_column][\/vc_row][vc_row full_height=&#8221;yes&#8221; a_image_on=&#8221;&#8221; a_video_on=&#8221;&#8221; a_overlay_on=&#8221;&#8221; a_parallax_on=&#8221;&#8221; a_sep_on=&#8221;&#8221; a_full_height_on=&#8221;&#8221; offset_left=&#8221;&#8221; offset_right=&#8221;&#8221; margin_top=&#8221;&#8221; css=&#8221;.vc_custom_1449184692722{margin-top: -50px !important;background-color: #c2b8a8 !important;}&#8221;][vc_column][row_scroll entrance=&#8221;content-fly-left&#8221; exit=&#8221;content-fly-left&#8221;]<div class=\"gambit_fullheight_row\" data-content-location=\"top\" style=\"display: none\"><\/div>[vc_column_text css=&#8221;.vc_custom_1465076745207{padding-top: 25px !important;padding-right: 25px !important;padding-bottom: 25px !important;padding-left: 25px !important;}&#8221;]<a name=\"_Toc448743273\"><\/a><strong>Puerta de emergencia 214<\/strong><\/p>\n<p>&nbsp;<\/p>\n<p>Si te has ido amor m\u00edo,<\/p>\n<p>vuelve,<\/p>\n<p>que mis brazos necesitan de tu calor<\/p>\n<p>para no caer rendidos.<\/p>\n<p>&nbsp;<\/p>\n<p>Si est\u00e1s pensando en huir,<\/p>\n<p>cierra los cerrojos de casa<\/p>\n<p>y sal por la ventana que quiero que el viento<\/p>\n<p>traiga tu olor de vuelta cada vez que la abra.<\/p>\n<p>&nbsp;<\/p>\n<p>Deja conmigo los recuerdos<\/p>\n<p>que una vez me obligu\u00e9 a guardar<\/p>\n<p>porque no quiero solo recordar<\/p>\n<p>el para\u00edso del cielo de tus labios.<\/p>\n<p>&nbsp;<\/p>\n<p>No me mates con tu adi\u00f3s<\/p>\n<p>ni con comentarios que sabes que me desgarran.<\/p>\n<p>No digas que siempre me recordar\u00e1s,<\/p>\n<p>ya lo hago yo por los dos<\/p>\n<p>que nunca se ha sentido tan bien el dolor.<\/p>\n<p>&nbsp;<\/p>\n<p>Dec\u00edan que el amor viene r\u00e1pido cuando es el adecuado<\/p>\n<p>y se va a\u00fan m\u00e1s veloz<\/p>\n<p>pero yo cre\u00eda que t\u00fa dudar\u00edas,<\/p>\n<p>como poco,<\/p>\n<p>toda la vida.[\/vc_column_text][\/vc_column][\/vc_row][vc_row a_image_on=&#8221;&#8221; a_video_on=&#8221;&#8221; a_overlay_on=&#8221;&#8221; a_parallax_on=&#8221;&#8221; a_sep_on=&#8221;&#8221; a_full_height_on=&#8221;&#8221; offset_left=&#8221;&#8221; offset_right=&#8221;&#8221; margin_top=&#8221;&#8221; css=&#8221;.vc_custom_1448912360948{margin-top: -50px !important;}&#8221;][vc_column]<div class=\"gambit_fullheight_row\" data-content-location=\"center\" style=\"display: none\"><\/div><div class=\"essb_links essb_counter_modern_right essb_displayed_shortcode essb_share essb_template_metro-retina essb_1046475829 print-no\" id=\"essb_displayed_shortcode_1046475829\" data-essb-postid=\"72\" data-essb-position=\"shortcode\" data-essb-button-style=\"button\" data-essb-template=\"metro-retina\" data-essb-counter-pos=\"right\" data-essb-url=\"https:\/\/clubdepoesia.com\/rociocalderonconesa\/poesia\/\" data-essb-fullurl=\"https:\/\/clubdepoesia.com\/rociocalderonconesa\/poesia\/\" data-essb-instance=\"1046475829\"><ul class=\"essb_links_list\"><li class=\"essb_item essb_link_facebook nolightbox essb_link_svg_icon\"> <a href=\"https:\/\/www.facebook.com\/sharer\/sharer.php?u=https%3A%2F%2Fclubdepoesia.com%2Frociocalderonconesa%2Fpoesia%2F&t=Poes%C3%ADa\" title=\"Share on Facebook\" onclick=\"essb.window(&#39;https:\/\/www.facebook.com\/sharer\/sharer.php?u=https%3A%2F%2Fclubdepoesia.com%2Frociocalderonconesa%2Fpoesia%2F&t=Poes%C3%ADa&#39;,&#39;facebook&#39;,&#39;1046475829&#39;); return false;\" target=\"_blank\" rel=\"nofollow\" class=\"nolightbox essb-s-bg-facebook essb-s-bgh-facebook essb-s-c-light essb-s-hover-effect essb-s-bg-network essb-s-bgh-network\" ><span class=\"essb_icon essb_icon_facebook\"><svg class=\"essb-svg-icon essb-svg-icon-facebook\" aria-hidden=\"true\" role=\"img\" focusable=\"false\" xmlns=\"http:\/\/www.w3.org\/2000\/svg\" width=\"16\" height=\"16\" viewBox=\"0 0 16 16\"><path d=\"M16 8.049c0-4.446-3.582-8.05-8-8.05C3.58 0-.002 3.603-.002 8.05c0 4.017 2.926 7.347 6.75 7.951v-5.625h-2.03V8.05H6.75V6.275c0-2.017 1.195-3.131 3.022-3.131.876 0 1.791.157 1.791.157v1.98h-1.009c-.993 0-1.303.621-1.303 1.258v1.51h2.218l-.354 2.326H9.25V16c3.824-.604 6.75-3.934 6.75-7.951\"><\/path><\/svg><\/span><span class=\"essb_network_name\">Facebook<\/span><\/a><\/li><li class=\"essb_item essb_link_twitter nolightbox essb_link_twitter_x essb_link_svg_icon\"> <a href=\"https:\/\/x.com\/intent\/post?text=Poes\u00eda&amp;url=https%3A%2F%2Fclubdepoesia.com%2Frociocalderonconesa%2Fpoesia%2F\" title=\"Share on Twitter\" onclick=\"essb.window(&#39;https:\/\/x.com\/intent\/post?text=Poes\u00eda&amp;url=https%3A%2F%2Fclubdepoesia.com%2Frociocalderonconesa%2Fpoesia%2F&#39;,&#39;twitter&#39;,&#39;1046475829&#39;); return false;\" target=\"_blank\" rel=\"nofollow\" class=\"nolightbox essb-s-bg-twitter essb-s-bgh-twitter essb-s-c-light essb-s-hover-effect essb-s-bg-network essb-s-bgh-network\" ><span class=\"essb_icon essb_icon_twitter_x\"><svg class=\"essb-svg-icon essb-svg-icon-twitter_x\" aria-hidden=\"true\" role=\"img\" focusable=\"false\" viewBox=\"0 0 24 24\"><path d=\"M18.244 2.25h3.308l-7.227 8.26 8.502 11.24H16.17l-5.214-6.817L4.99 21.75H1.68l7.73-8.835L1.254 2.25H8.08l4.713 6.231zm-1.161 17.52h1.833L7.084 4.126H5.117z\"><\/path><\/svg><\/span><span class=\"essb_network_name\">Twitter<\/span><\/a><\/li><li class=\"essb_item essb_link_pinterest nolightbox essb_link_svg_icon\"> <a href=\"#\" title=\"Share on Pinterest\" onclick=\"essb.pinterest_picker(&#39;1046475829&#39;); return false;\" target=\"_blank\" rel=\"nofollow\" class=\"nolightbox essb-s-bg-pinterest essb-s-bgh-pinterest essb-s-c-light essb-s-hover-effect essb-s-bg-network essb-s-bgh-network\" ><span class=\"essb_icon essb_icon_pinterest\"><svg class=\"essb-svg-icon essb-svg-icon-pinterest\" aria-hidden=\"true\" role=\"img\" focusable=\"false\" width=\"32\" height=\"32\" viewBox=\"0 0 32 32\" xmlns=\"http:\/\/www.w3.org\/2000\/svg\"><path d=\"M10.625 12.25c0-1.375 0.313-2.5 1.063-3.438 0.688-0.938 1.563-1.438 2.563-1.438 0.813 0 1.438 0.25 1.875 0.813s0.688 1.25 0.688 2.063c0 0.5-0.125 1.125-0.313 1.813-0.188 0.75-0.375 1.625-0.688 2.563-0.313 1-0.563 1.75-0.688 2.313-0.25 1-0.063 1.875 0.563 2.625 0.625 0.688 1.438 1.063 2.438 1.063 1.75 0 3.188-1 4.313-2.938 1.125-2 1.688-4.375 1.688-7.188 0-2.125-0.688-3.875-2.063-5.25-1.375-1.313-3.313-2-5.813-2-2.813 0-5.063 0.875-6.75 2.688-1.75 1.75-2.625 3.875-2.625 6.375 0 1.5 0.438 2.75 1.25 3.75 0.313 0.313 0.375 0.688 0.313 1.063-0.125 0.313-0.25 0.813-0.375 1.5-0.063 0.25-0.188 0.438-0.375 0.5s-0.375 0.063-0.563 0c-1.313-0.563-2.25-1.438-2.938-2.75s-1-2.813-1-4.5c0-1.125 0.188-2.188 0.563-3.313s0.875-2.188 1.625-3.188c0.75-1.063 1.688-1.938 2.688-2.75 1.063-0.813 2.313-1.438 3.875-1.938 1.5-0.438 3.125-0.688 4.813-0.688 1.813 0 3.438 0.313 4.938 0.938 1.5 0.563 2.813 1.375 3.813 2.375 1.063 1.063 1.813 2.188 2.438 3.5 0.563 1.313 0.875 2.688 0.875 4.063 0 3.75-0.938 6.875-2.875 9.313-1.938 2.5-4.375 3.688-7.375 3.688-1 0-1.938-0.188-2.813-0.688-0.875-0.438-1.5-1-1.875-1.688-0.688 2.938-1.125 4.688-1.313 5.25-0.375 1.438-1.25 3.188-2.688 5.25h-1.313c-0.25-2.563-0.188-4.688 0.188-6.375l2.438-10.313c-0.375-0.813-0.563-1.813-0.563-3.063z\"><\/path><\/svg><\/span><span class=\"essb_network_name\">Pinterest<\/span><\/a><\/li><li class=\"essb_item essb_link_whatsapp nolightbox essb_link_svg_icon\"> <a href=\"whatsapp:\/\/send?text=Poes\u00eda%20https%3A%2F%2Fclubdepoesia.com%2Frociocalderonconesa%2Fpoesia%2F\" title=\"Share on WhatsApp\" onclick=\"essb.whatsapp('Poes\u00eda%20https%3A%2F%2Fclubdepoesia.com%2Frociocalderonconesa%2Fpoesia%2F', '1046475829'); return false;\" target=\"_blank\" rel=\"nofollow\" class=\"nolightbox essb-s-bg-whatsapp essb-s-bgh-whatsapp essb-s-c-light essb-s-hover-effect essb-s-bg-network essb-s-bgh-network\" ><span class=\"essb_icon essb_icon_whatsapp\"><svg class=\"essb-svg-icon essb-svg-icon-whatsapp\" aria-hidden=\"true\" role=\"img\" focusable=\"false\" width=\"32\" height=\"32\" viewBox=\"0 0 32 32\" xmlns=\"http:\/\/www.w3.org\/2000\/svg\"><path d=\"M27.313 4.625c-3-3-7-4.625-11.25-4.625-8.75 0-15.875 7.125-15.875 15.875 0 2.75 0.75 5.5 2.125 7.938l-2.25 8.188 8.438-2.188c2.313 1.25 4.875 1.938 7.563 1.938v0c0 0 0 0 0 0 8.75 0 15.875-7.125 15.875-15.875 0-4.25-1.625-8.25-4.625-11.25zM16.063 29.063v0c-2.375 0-4.688-0.625-6.688-1.875l-0.5-0.25-5 1.313 1.313-4.875-0.313-0.5c-1.313-2.125-2-4.5-2-7 0-7.313 5.938-13.188 13.188-13.188 3.5 0 6.813 1.375 9.313 3.875s3.875 5.813 3.875 9.313c0 7.25-5.938 13.188-13.188 13.188zM23.313 19.188c-0.438-0.188-2.375-1.188-2.75-1.313-0.313-0.125-0.625-0.188-0.875 0.188-0.25 0.438-1 1.313-1.25 1.563s-0.438 0.313-0.875 0.125c-0.375-0.188-1.625-0.625-3.188-2-1.125-1-1.938-2.313-2.188-2.75-0.25-0.375 0-0.563 0.188-0.813 0.188-0.125 0.375-0.438 0.563-0.688 0.25-0.188 0.313-0.375 0.438-0.625s0.063-0.5-0.063-0.688c-0.063-0.188-0.875-2.188-1.188-2.938-0.375-0.813-0.688-0.688-0.938-0.688-0.188 0-0.5 0-0.75 0s-0.688 0.063-1.063 0.438c-0.375 0.438-1.375 1.375-1.375 3.313 0 2 1.438 3.875 1.625 4.125s2.813 4.25 6.75 6c0.938 0.375 1.688 0.625 2.25 0.813 1 0.313 1.813 0.25 2.5 0.188 0.813-0.125 2.375-1 2.688-1.938 0.375-0.875 0.375-1.688 0.25-1.875-0.125-0.125-0.375-0.25-0.75-0.438z\"><\/path><\/svg><\/span><span class=\"essb_network_name\">WhatsApp<\/span><\/a><\/li><\/ul><\/div><div class='gambit_parallax_row' data-bg-align='' data-direction='fixed' data-opacity='100' data-velocity='-0.3' data-mobile-enabled='' data-bg-height='2667' data-bg-width='4000' data-bg-image='https:\/\/clubdepoesia.com\/rociocalderonconesa\/files\/2016\/06\/247.jpg' data-bg-repeat='false' data-id='' style='display: none'><\/div>[\/vc_column][\/vc_row]\n<\/div>","protected":false},"excerpt":{"rendered":"<p>[vc_row a_image_on=&#8221;&#8221; a_video_on=&#8221;&#8221; a_overlay_on=&#8221;&#8221; a_parallax_on=&#8221;&#8221; a_sep_on=&#8221;&#8221; a_full_height_on=&#8221;&#8221; offset_left=&#8221;&#8221; offset_right=&#8221;&#8221; margin_top=&#8221;&#8221; css=&#8221;.vc_custom_1448912029544{margin-top: -50px !important;}&#8221;][vc_column][\/vc_column][\/vc_row][vc_row a_image_on=&#8221;&#8221; a_video_on=&#8221;&#8221; a_overlay_on=&#8221;&#8221; a_parallax_on=&#8221;&#8221; a_sep_on=&#8221;&#8221; a_full_height_on=&#8221;&#8221; offset_left=&#8221;&#8221; offset_right=&#8221;&#8221; margin_top=&#8221;&#8221; css=&#8221;.vc_custom_1449184627940{margin-top: -50px !important;background-color: #c2b8a8 !important;}&#8221;][vc_column][row_scroll entrance=&#8221;content-fly-left&#8221; exit=&#8221;content-fly-left&#8221; body_overflow=&#8221;true&#8221;][vc_column_text css=&#8221;.vc_custom_1465076124514{margin-top: 0px !important;margin-right: 0px !important;margin-bottom: 0px !important;margin-left: 0px !important;border-top-width: 0px !important;border-right-width: 0px !important;border-bottom-width: 0px !important;border-left-width: 0px !important;padding-top: 0px !important;padding-right: 0px !important;padding-bottom: 0px !important;padding-left: 0px !important;}&#8221;]\u00c9ramos [&hellip;]<\/p>\n","protected":false},"author":24,"featured_media":0,"parent":0,"menu_order":3,"comment_status":"closed","ping_status":"closed","template":"","meta":{"footnotes":"","_links_to":"","_links_to_target":""},"class_list":["post-72","page","type-page","status-publish","hentry"],"_links":{"self":[{"href":"https:\/\/clubdepoesia.com\/rociocalderonconesa\/wp-json\/wp\/v2\/pages\/72","targetHints":{"allow":["GET"]}}],"collection":[{"href":"https:\/\/clubdepoesia.com\/rociocalderonconesa\/wp-json\/wp\/v2\/pages"}],"about":[{"href":"https:\/\/clubdepoesia.com\/rociocalderonconesa\/wp-json\/wp\/v2\/types\/page"}],"author":[{"embeddable":true,"href":"https:\/\/clubdepoesia.com\/rociocalderonconesa\/wp-json\/wp\/v2\/users\/24"}],"replies":[{"embeddable":true,"href":"https:\/\/clubdepoesia.com\/rociocalderonconesa\/wp-json\/wp\/v2\/comments?post=72"}],"version-history":[{"count":0,"href":"https:\/\/clubdepoesia.com\/rociocalderonconesa\/wp-json\/wp\/v2\/pages\/72\/revisions"}],"wp:attachment":[{"href":"https:\/\/clubdepoesia.com\/rociocalderonconesa\/wp-json\/wp\/v2\/media?parent=72"}],"curies":[{"name":"wp","href":"https:\/\/api.w.org\/{rel}","templated":true}]}}