{"id":19,"date":"2010-11-25T20:24:33","date_gmt":"2010-11-25T20:24:33","guid":{"rendered":"http:\/\/clubdepoesia.com\/poetasdejumilla\/"},"modified":"2017-11-04T07:39:34","modified_gmt":"2017-11-04T07:39:34","slug":"poetas-en-jumilla","status":"publish","type":"page","link":"https:\/\/clubdepoesia.com\/poetasdejumilla\/","title":{"rendered":"POETAS EN JUMILLA"},"content":{"rendered":"<div class=\"wpb-content-wrapper\">[vc_row][vc_column extend=&#8221;false&#8221;][vc_column_text css=&#8221;.vc_custom_1509781043504{margin-top: -30000px !important;}&#8221;]<span style=\"text-decoration: underline;\"><em style=\"text-decoration-line: underline;\"><strong>Ana Mar\u00eda Olivares<\/strong><\/em><u>\u00a0es la\u00a0<\/u><em style=\"text-decoration-line: underline;\"><strong>editora<\/strong><\/em><em><u> de <a href=\"https:\/\/clubdepoesia.com\/poetasdejumilla\/\"><b>Poetas en Jumilla<\/b><\/a><\/u><\/em><u>. <\/u><em style=\"text-decoration-line: underline;\"><strong>La poeta <\/strong><\/em><u>acaba de <\/u><a style=\"text-decoration-line: underline;\" href=\"http:\/\/publicarunlibro.gdn\"><em><strong>publicar un libro <\/strong><\/em><\/a><u>de poes\u00eda con la <\/u><em style=\"text-decoration-line: underline;\"><strong>Editorial Poes\u00eda eres t\u00fa<\/strong><\/em><\/span><\/p>\n<p>&nbsp;<\/p>\n<h1>\u00a0<a href=\"https:\/\/clubdepoesia.com\/poetasdejumilla\/files\/2010\/11\/PortadaJumillawebRGB.jpg\"><img fetchpriority=\"high\" decoding=\"async\" class=\"aligncenter size-full wp-image-21\" src=\"https:\/\/clubdepoesia.com\/poetasdejumilla\/files\/2010\/11\/PortadaJumillawebRGB.jpg\" alt=\"Ana Mar\u00eda Olivares\u00a0es la\u00a0editora de Poetas en Jumilla. La poeta acaba de publicar un libro de poes\u00eda con la Editorial Poes\u00eda eres t\u00fa\" width=\"443\" height=\"629\" srcset=\"https:\/\/clubdepoesia.com\/poetasdejumilla\/files\/2010\/11\/PortadaJumillawebRGB.jpg 443w, https:\/\/clubdepoesia.com\/poetasdejumilla\/files\/2010\/11\/PortadaJumillawebRGB-211x300.jpg 211w\" sizes=\"(max-width: 443px) 100vw, 443px\" \/><\/a><\/h1>\n<h1><\/h1>\n<h1><span style=\"text-decoration: underline;\"><em><strong><b><u><a href=\"https:\/\/clubdepoesia.com\/poetasdejumilla\/\">Poetas en Jumilla<\/a> <\/u><\/b>ha sido escrito por Ana Mar\u00eda Olivares<\/strong><\/em><em><strong>. La escritora sabe como\u00a0<a href=\"http:\/\/publicarunlibro.ovh\">publicar un libro<\/a> de poes\u00eda con la Editorial Poes\u00eda eres t\u00fa<\/strong><\/em><\/span><\/h1>\n<h2><span style=\"text-decoration: underline;\"><em><strong>Ana Mar\u00eda Olivares es la editora de <u><a href=\"https:\/\/clubdepoesia.com\/poetasdejumilla\/\"><b>Poetas en Jumilla<\/b><\/a><\/u><\/strong><\/em><\/span><span style=\"text-decoration: underline;\"><em><strong>. La poeta conoce el precio de <a href=\"http:\/\/publicarunlibro.pro\">publicar un libro<\/a> de poes\u00eda con la Editorial Poes\u00eda eres t\u00fa<\/strong><\/em><\/span><\/h2>\n<h3><span style=\"text-decoration: underline;\"><em><strong>Ana Mar\u00eda Olivares es la editora de <u><a href=\"https:\/\/clubdepoesia.com\/poetasdejumilla\/\"><b>Poetas en Jumilla<\/b><\/a><\/u><\/strong><\/em><em><strong>. <\/strong><\/em><em><strong>La poeta <\/strong><\/em><em><strong>sabe como\u00a0<a href=\"http:\/\/publicarunlibro.xyz\">publicar un libro<\/a> de poes\u00eda con la Editorial Poes\u00eda eres t\u00fa<\/strong><\/em><\/span><\/h3>\n<h3><span style=\"text-decoration: underline;\"><em><strong>Ana Mar\u00eda Olivares es la escritora editora de <u><a href=\"https:\/\/clubdepoesia.com\/poetasdejumilla\/\"><b>Poetas en Jumilla<\/b><\/a><\/u><\/strong><\/em><em><strong>. La poeta sabe el precio de\u00a0<a href=\"http:\/\/publicarunlibro.info\">publicar un libro<\/a> de poes\u00eda con la Editorial Poes\u00eda eres t\u00fa<\/strong><\/em><\/span><\/h3>\n<p>&nbsp;<\/p>\n<p><span style=\"text-decoration: underline;\"><em><strong>El <a href=\"http:\/\/grupoeditorialperezayala.com\">Grupo Editorial P\u00e9rez-Ayala<\/a>, est\u00e1 formado por los siguientes sellos <a href=\"http:\/\/editorialpoesia.com\" target=\"_blank\" rel=\"noopener noreferrer\">editoriales<\/a>: <a href=\"http:\/\/poesiaerestu.com\" target=\"_blank\" rel=\"noopener noreferrer\">Editorial Poes\u00eda eres t\u00fa<\/a>, <a href=\"http:\/\/edicionesrilke.com\" target=\"_blank\" rel=\"noopener noreferrer\">Ediciones Rilke<\/a> <a href=\"http:\/\/editorialpoesia.com\" target=\"_blank\" rel=\"noopener noreferrer\">Editorial poes\u00eda<\/a>, <a href=\"http:\/\/editorial.org.es\" target=\"_blank\" rel=\"noopener noreferrer\">Editorial<\/a> <a href=\"http:\/\/edicionesamaniel.com\" target=\"_blank\" rel=\"noopener noreferrer\">Ediciones Amaniel<\/a>, <a href=\"http:\/\/editorial.org.es\" target=\"_blank\" rel=\"noopener noreferrer\">Editorial<\/a> <a href=\"http:\/\/edicionesazorin.com\" target=\"_blank\" rel=\"noopener noreferrer\">Ediciones Azor\u00edn un sello regional para Alicante y Murcia<\/a>.<\/strong><\/em><\/span><\/p>\n<p><span style=\"text-decoration: underline;\"><em><strong>Para ayudar a la promoci\u00f3n de los libros contamos con diferentes plataformas en internet como <a href=\"http:\/\/poesiatv.com\" target=\"_blank\" rel=\"noopener noreferrer\">Poes\u00eda Televisi\u00f3n<\/a>, <a href=\"http:\/\/librodepoesia.com\" target=\"_blank\" rel=\"noopener noreferrer\">libro de poes\u00eda<\/a>, Club de poes\u00eda, Blog de escritor, Blog de poes\u00eda, <a href=\"https:\/\/agenciadellibro.com\" target=\"_blank\" rel=\"noopener noreferrer\">Agencia del libro<\/a>, Plataforma IV Centenario, Primer centenario, Nuestras librerias, <a href=\"http:\/\/publicarlibro.com.es\" target=\"_blank\" rel=\"noopener noreferrer\">Publicar libro<\/a> &#8211; <a href=\"http:\/\/publicarlibro.es\" target=\"_blank\" rel=\"noopener noreferrer\">Publicar un libro<\/a>, Revista Poes\u00eda eres t\u00fa, Antolog\u00edas po\u00e9ticas, <a href=\"http:\/\/poesiapoetas.com\" target=\"_blank\" rel=\"noopener noreferrer\">Poes\u00eda y poetas<\/a>, Gloria Fuertes, Blas de Otero, Rub\u00e9n Dar\u00edo<\/strong><\/em><\/span><\/p>\n<p><span style=\"text-decoration: underline;\"><em><strong>Trabajamos con distribuidoras de libros que acercan los libros a las librer\u00edas, pero contamos tambi\u00e9n con las siguientes librerias de apoyo en internet para que ning\u00fan lector se quede sin su <a href=\"http:\/\/librodepoesia.com\" target=\"_blank\" rel=\"noopener noreferrer\">libro de poes\u00eda<\/a>: Libreria GEPA, Libreria Website, La librer\u00eda del escritor, El rinc\u00f3n de los libros.<\/strong><\/em><\/span><\/p>\n<p><span style=\"text-decoration: underline;\"><em><strong>Informamos de como publicar un libro y el precio de publicar un libro<\/strong><\/em><\/span><\/p>\n<p><span style=\"text-decoration: underline;\"><em><strong>As\u00ed mismo colaboramos con la <a href=\"http:\/\/editorespoesia.com\">Asociaci\u00f3n de editores de poes\u00eda<\/a> y la <a href=\"http:\/\/escritoresycriticos.com\" target=\"_blank\" rel=\"noopener noreferrer\">Asociaci\u00f3n Madrile\u00f1a de escritores y cr\u00edticos literarios<\/a> (<a href=\"http:\/\/escritoresycriticos.com\" target=\"_blank\" rel=\"noopener noreferrer\">Cr\u00edtica de Madrid<\/a>).<\/strong><\/em><\/span><\/p>\n<p><span style=\"text-decoration: underline;\"><em><strong>Trabajamos con varias imprentas y contamos con nuestra propia <a href=\"http:\/\/artesgraficas.info\/\">imprenta<\/a> Herederos de Izquierdo y Madrid impresores.<\/strong><\/em><\/span><\/p>\n<p><span style=\"text-decoration: underline;\"><em><strong>Puedes conocernos en nuestra p\u00e1gina del Grupo Editorial. Contamos con una sede en Madrid y otra en Jumilla (Murcia)<\/strong><\/em><\/span><\/p>\n<p><span style=\"text-decoration: underline;\"><em><strong>Somos especialitas en la edici\u00f3n del <a href=\"http:\/\/libropoesia.com\/\" target=\"_blank\" rel=\"noopener noreferrer\">libro de poes\u00eda<\/a><\/strong><\/em><\/span>[\/vc_column_text][\/vc_column][\/vc_row][vc_row][vc_column extend=&#8221;false&#8221;][vc_column_text]<strong><a href=\"https:\/\/clubdepoesia.com\/poetasdejumilla\/files\/2010\/11\/PortadaJumillawebRGB.jpg\"><img decoding=\"async\" class=\"alignleft size-medium wp-image-21\" title=\"PortadaJumillawebRGB\" src=\"https:\/\/clubdepoesia.com\/poetasdejumilla\/files\/2010\/11\/PortadaJumillawebRGB-211x300.jpg\" alt=\"\" width=\"211\" height=\"300\" srcset=\"https:\/\/clubdepoesia.com\/poetasdejumilla\/files\/2010\/11\/PortadaJumillawebRGB-211x300.jpg 211w, https:\/\/clubdepoesia.com\/poetasdejumilla\/files\/2010\/11\/PortadaJumillawebRGB.jpg 443w\" sizes=\"(max-width: 211px) 100vw, 211px\" \/><\/a>T\u00edtulo:<\/strong> POETAS EN JUMILLA<\/p>\n<p><strong>Autor:<\/strong> VV.AA.<\/p>\n<blockquote class=\"wp-embedded-content\" data-secret=\"QfkOME1MCJ\"><p><a href=\"https:\/\/clubdepoesia.com\/poetasdejumilla\/\">POETAS EN JUMILLA<\/a><\/p><\/blockquote>\n<p><iframe class=\"wp-embedded-content\" sandbox=\"allow-scripts\" security=\"restricted\" style=\"position: absolute; clip: rect(1px, 1px, 1px, 1px);\" title=\"&#8220;POETAS EN JUMILLA&#8221; &#8212; Poetas en Jumilla\" src=\"https:\/\/clubdepoesia.com\/poetasdejumilla\/embed\/#?secret=p57R8kQrF0#?secret=QfkOME1MCJ\" data-secret=\"QfkOME1MCJ\" width=\"500\" height=\"282\" frameborder=\"0\" marginwidth=\"0\" marginheight=\"0\" scrolling=\"no\"><\/iframe><\/p>\n<p>ISBN-13: 978-84-15006-14-5<\/p>\n<p>Editorial: Poes\u00eda eres t\u00fa<\/p>\n<p><a href=\"http:\/\/www.poesiaerestu.com\/\">http:\/\/www.poesiaerestu.com<\/a><\/p>\n<p>Colecci\u00f3n Autor<\/p>\n<p>PVP:16 Euros (IVA Incluido).<\/p>\n<p>POETAS DEL SIGLO XIX<\/p>\n<p>Francisco P\u00e9rez Guill\u00e9n. Juan Manuel P\u00e9rez Gutierrez. Sebasti\u00e1n Cutillas Cutillas. Bartolom\u00e9 Guill\u00e9n Molina. Jos\u00e9 Tom\u00e1s P\u00e9rez. Mart\u00edn Guardiola Molina. Avelina Col\u00f3n Guti\u00e9rrez. Juan Antonio Vilomara Guti\u00e9rrez. Gumersindo Jim\u00e9nez Jim\u00e9nez. Pedro Jim\u00e9nez L\u00f3pez. \u00c1lvaro Gallar N\u00e1jar<\/p>\n<p>POETAS DEL SIGLO XX<\/p>\n<p>Juan Cutillas Guerrero. Eduardo Ca\u00f1izares Spuche. Rafael Soria Jim\u00e9nez. Jos\u00e9 Toribio Carchano Laorden. Juan Molina Garc\u00eda. Lorenzo Guardiola Tom\u00e1s. Juan Garc\u00eda Carri\u00f3n. Roque Mart\u00ednez Guardiola. Bartolom\u00e9 Carri\u00f3n L\u00f3pez. Mariano Suarez Molina. Juan Hern\u00e1ndez Carri\u00f3n. Ernesto Miracle Bernal. Mar\u00eda Aull\u00f3 Navarro. Juan Gil Molina. Ana Mar\u00eda Gil Tom\u00e1s. Fray Jose Mar\u00eda Bustamante Lozano. Franciso Tom\u00e1s Ortu\u00f1o. Alfredo Santos Espinosa de los Montero. Angelina Jim\u00e9nez Fern\u00e1ndez. Juan Fern\u00e1ndez Lozano. Manuel Gea Rovira. Faustina Bustamante Tom\u00e1s. Salvador Moreno P\u00e9rez. \u00c1ngel Francisco Cutillas. Aurora Jim\u00e9nez Cutillas. Juan Castellanos G\u00f3mez. Francisco Mart\u00ednez P\u00e9rez. Ana Mar\u00eda Tom\u00e1s Olivares. M\u00aa Cruz Trigueros Mateos. Jos\u00e9 Mar\u00eda Ib\u00e1\u00f1ez Guardiola. Pedro Pi\u00f1ero Gil. Ana Mar\u00eda Olivares Tom\u00e1s. Juan Jos\u00e9 Lajara C\u00f3rcoles[\/vc_column_text][\/vc_column][\/vc_row][vc_row][vc_column extend=&#8221;false&#8221;][vc_column_text css=&#8221;.vc_custom_1509781057890{margin-top: -30000px !important;}&#8221;]<em><strong>El <a href=\"http:\/\/grupoeditorialperezayala.com\">Grupo Editorial P\u00e9rez-Ayala<\/a>, est\u00e1 formado por los siguientes sellos <a href=\"http:\/\/editorialpoesia.com\" target=\"_blank\" rel=\"noopener noreferrer\">editoriales<\/a>: <a href=\"http:\/\/poesiaerestu.com\" target=\"_blank\" rel=\"noopener noreferrer\">Editorial Poes\u00eda eres t\u00fa<\/a>, <a href=\"http:\/\/edicionesrilke.com\" target=\"_blank\" rel=\"noopener noreferrer\">Ediciones Rilke<\/a> <a href=\"http:\/\/editorialpoesia.com\" target=\"_blank\" rel=\"noopener noreferrer\">Editorial poes\u00eda<\/a>, <a href=\"http:\/\/editorial.org.es\" target=\"_blank\" rel=\"noopener noreferrer\">Editorial<\/a> <a href=\"http:\/\/edicionesamaniel.com\" target=\"_blank\" rel=\"noopener noreferrer\">Ediciones Amaniel<\/a>, <a href=\"http:\/\/editorial.org.es\" target=\"_blank\" rel=\"noopener noreferrer\">Editorial<\/a> <a href=\"http:\/\/edicionesazorin.com\" target=\"_blank\" rel=\"noopener noreferrer\">Ediciones Azor\u00edn un sello regional para Alicante y Murcia<\/a>.<\/strong><\/em><\/p>\n<p><em><strong>Para ayudar a la promoci\u00f3n de los libros contamos con diferentes plataformas en internet como <a href=\"http:\/\/poesiatv.com\" target=\"_blank\" rel=\"noopener noreferrer\">Poes\u00eda Televisi\u00f3n<\/a>, <a href=\"http:\/\/librodepoesia.com\" target=\"_blank\" rel=\"noopener noreferrer\">libro de poes\u00eda<\/a>, Club de poes\u00eda, Blog de escritor, Blog de poes\u00eda, <a href=\"https:\/\/agenciadellibro.com\" target=\"_blank\" rel=\"noopener noreferrer\">Agencia del libro<\/a>, Plataforma IV Centenario, Primer centenario, Nuestras librerias, <a href=\"http:\/\/publicarlibro.com.es\" target=\"_blank\" rel=\"noopener noreferrer\">Publicar libro<\/a> &#8211; <a href=\"http:\/\/publicarlibro.es\" target=\"_blank\" rel=\"noopener noreferrer\">Publicar un libro<\/a>, Revista Poes\u00eda eres t\u00fa, Antolog\u00edas po\u00e9ticas, <a href=\"http:\/\/poesiapoetas.com\" target=\"_blank\" rel=\"noopener noreferrer\">Poes\u00eda y poetas<\/a>, Gloria Fuertes, Blas de Otero, Rub\u00e9n Dar\u00edo<\/strong><\/em><\/p>\n<p><em><strong>Trabajamos con distribuidoras de libros que acercan los libros a las librer\u00edas, pero contamos tambi\u00e9n con las siguientes librerias de apoyo en internet para que ning\u00fan lector se quede sin su <a href=\"http:\/\/librodepoesia.com\" target=\"_blank\" rel=\"noopener noreferrer\">libro de poes\u00eda<\/a>: Libreria GEPA, Libreria Website, La librer\u00eda del escritor, El rinc\u00f3n de los libros.<\/strong><\/em><\/p>\n<p><em><strong>Informamos de como publicar un libro y el precio de publicar un libro<\/strong><\/em><\/p>\n<p><em><strong>As\u00ed mismo colaboramos con la <a href=\"http:\/\/editorespoesia.com\">Asociaci\u00f3n de editores de poes\u00eda<\/a> y la <a href=\"http:\/\/escritoresycriticos.com\" target=\"_blank\" rel=\"noopener noreferrer\">Asociaci\u00f3n Madrile\u00f1a de escritores y cr\u00edticos literarios<\/a> (<a href=\"http:\/\/escritoresycriticos.com\" target=\"_blank\" rel=\"noopener noreferrer\">Cr\u00edtica de Madrid<\/a>).<\/strong><\/em><\/p>\n<p><em><strong>Trabajamos con varias imprentas y contamos con nuestra propia <a href=\"http:\/\/artesgraficas.info\/\">imprenta<\/a> Herederos de Izquierdo y Madrid impresores.<\/strong><\/em><\/p>\n<p><em><strong>Puedes conocernos en nuestra p\u00e1gina del Grupo Editorial. Contamos con una sede en Madrid y otra en Jumilla (Murcia)<\/strong><\/em><\/p>\n<p><em><strong>Somos especialitas en la edici\u00f3n del <a href=\"http:\/\/libropoesia.com\/\" target=\"_blank\" rel=\"noopener noreferrer\">libro de poes\u00eda<\/a><\/strong><\/em><\/p>\n<p>&nbsp;<\/p>\n<p><span style=\"text-decoration: underline;\"><em style=\"text-decoration-line: underline;\"><strong>Ana Mar\u00eda Olivares<\/strong><\/em><u>\u00a0es la\u00a0<\/u><em style=\"text-decoration-line: underline;\"><strong>editora<\/strong><\/em><em><u> de <a href=\"https:\/\/clubdepoesia.com\/poetasdejumilla\/\"><b>Poetas en Jumilla<\/b><\/a><\/u><\/em><u>. <\/u><em style=\"text-decoration-line: underline;\"><strong>La poeta <\/strong><\/em><u>acaba de <\/u><a style=\"text-decoration-line: underline;\" href=\"https:\/\/agenciadellibro.com\"><em><strong>publicar un libro <\/strong><\/em><\/a><u>de poes\u00eda con la <\/u><em style=\"text-decoration-line: underline;\"><strong>Editorial Poes\u00eda eres t\u00fa<\/strong><\/em><\/span><\/p>\n<p>&nbsp;<\/p>\n<h1>\u00a0<a href=\"https:\/\/clubdepoesia.com\/poetasdejumilla\/files\/2010\/11\/PortadaJumillawebRGB.jpg\"><img fetchpriority=\"high\" decoding=\"async\" class=\"aligncenter size-full wp-image-21\" src=\"https:\/\/clubdepoesia.com\/poetasdejumilla\/files\/2010\/11\/PortadaJumillawebRGB.jpg\" alt=\"Ana Mar\u00eda Olivares\u00a0es la\u00a0editora de Poetas en Jumilla. La poeta acaba de publicar un libro de poes\u00eda con la Editorial Poes\u00eda eres t\u00fa\" width=\"443\" height=\"629\" srcset=\"https:\/\/clubdepoesia.com\/poetasdejumilla\/files\/2010\/11\/PortadaJumillawebRGB.jpg 443w, https:\/\/clubdepoesia.com\/poetasdejumilla\/files\/2010\/11\/PortadaJumillawebRGB-211x300.jpg 211w\" sizes=\"(max-width: 443px) 100vw, 443px\" \/><\/a><\/h1>\n<h1><\/h1>\n<h1><span style=\"text-decoration: underline;\"><em><strong><b><u><a href=\"https:\/\/clubdepoesia.com\/poetasdejumilla\/\">Poetas en Jumilla<\/a> <\/u><\/b>ha sido escrito por Ana Mar\u00eda Olivares<\/strong><\/em><em><strong>. La escritora sabe como\u00a0<a href=\"http:\/\/poesiaerestu.com\">publicar un libro<\/a> de poes\u00eda con la Editorial Poes\u00eda eres t\u00fa<\/strong><\/em><\/span><\/h1>\n<h2><span style=\"text-decoration: underline;\"><em><strong>Ana Mar\u00eda Olivares es la editora de <u><a href=\"https:\/\/clubdepoesia.com\/poetasdejumilla\/\"><b>Poetas en Jumilla<\/b><\/a><\/u><\/strong><\/em><\/span><span style=\"text-decoration: underline;\"><em><strong>. La poeta conoce el precio de <a href=\"http:\/\/edicionesamaniel.com\">publicar un libro<\/a> de poes\u00eda con la Editorial Poes\u00eda eres t\u00fa<\/strong><\/em><\/span><\/h2>\n<h3><span style=\"text-decoration: underline;\"><em><strong>Ana Mar\u00eda Olivares es la editora de <u><a href=\"https:\/\/clubdepoesia.com\/poetasdejumilla\/\"><b>Poetas en Jumilla<\/b><\/a><\/u><\/strong><\/em><em><strong>. <\/strong><\/em><em><strong>La poeta <\/strong><\/em><em><strong>sabe como\u00a0<a href=\"http:\/\/edicionesrilke.com\">publicar un libro<\/a> de poes\u00eda con la Editorial Poes\u00eda eres t\u00fa<\/strong><\/em><\/span><\/h3>\n<h3><span style=\"text-decoration: underline;\"><em><strong>Ana Mar\u00eda Olivares es la escritora editora de <u><a href=\"https:\/\/clubdepoesia.com\/poetasdejumilla\/\"><b>Poetas en Jumilla<\/b><\/a><\/u><\/strong><\/em><em><strong>. La poeta sabe el precio de\u00a0<a href=\"http:\/\/edicionesazorin.com\">publicar un libro<\/a> de poes\u00eda con la Editorial Poes\u00eda eres t\u00fa<\/strong><\/em><\/span><\/h3>\n[\/vc_column_text][\/vc_column][\/vc_row]\n<\/div>","protected":false},"excerpt":{"rendered":"<p>[vc_row][vc_column extend=&#8221;false&#8221;][vc_column_text css=&#8221;.vc_custom_1509781043504{margin-top: -30000px !important;}&#8221;]Ana Mar\u00eda Olivares\u00a0es la\u00a0editora de Poetas en Jumilla. La poeta acaba de publicar un libro de poes\u00eda con la Editorial Poes\u00eda eres t\u00fa &nbsp; \u00a0 Poetas en Jumilla ha sido escrito por Ana Mar\u00eda Olivares. La escritora sabe como\u00a0publicar un libro de poes\u00eda con la Editorial Poes\u00eda eres t\u00fa Ana Mar\u00eda [&hellip;]<\/p>\n","protected":false},"author":24,"featured_media":0,"parent":0,"menu_order":0,"comment_status":"closed","ping_status":"closed","template":"","meta":{"footnotes":"","_links_to":"","_links_to_target":""},"class_list":["post-19","page","type-page","status-publish","hentry"],"_links":{"self":[{"href":"https:\/\/clubdepoesia.com\/poetasdejumilla\/wp-json\/wp\/v2\/pages\/19","targetHints":{"allow":["GET"]}}],"collection":[{"href":"https:\/\/clubdepoesia.com\/poetasdejumilla\/wp-json\/wp\/v2\/pages"}],"about":[{"href":"https:\/\/clubdepoesia.com\/poetasdejumilla\/wp-json\/wp\/v2\/types\/page"}],"author":[{"embeddable":true,"href":"https:\/\/clubdepoesia.com\/poetasdejumilla\/wp-json\/wp\/v2\/users\/24"}],"replies":[{"embeddable":true,"href":"https:\/\/clubdepoesia.com\/poetasdejumilla\/wp-json\/wp\/v2\/comments?post=19"}],"version-history":[{"count":0,"href":"https:\/\/clubdepoesia.com\/poetasdejumilla\/wp-json\/wp\/v2\/pages\/19\/revisions"}],"wp:attachment":[{"href":"https:\/\/clubdepoesia.com\/poetasdejumilla\/wp-json\/wp\/v2\/media?parent=19"}],"curies":[{"name":"wp","href":"https:\/\/api.w.org\/{rel}","templated":true}]}}