{"id":15,"date":"2010-11-25T20:19:37","date_gmt":"2010-11-25T20:19:37","guid":{"rendered":"http:\/\/clubdepoesia.com\/poetasdejumilla\/"},"modified":"2010-11-25T20:21:03","modified_gmt":"2010-11-25T20:21:03","slug":"prologo","status":"publish","type":"page","link":"https:\/\/clubdepoesia.com\/poetasdejumilla\/prologo\/","title":{"rendered":"Pr\u00f3logo"},"content":{"rendered":"<p><em>\u201cEn la poes\u00eda hay m\u00e1s verdad que en la Historia\u201d<\/em><\/p>\n<p><strong><em>Arist\u00f3teles<\/em><\/strong><\/p>\n<p><strong> <\/strong><\/p>\n<p>Cuando la Editorial Poes\u00eda Eres T\u00fa, dirigida por D. Javier P\u00e9rez-Ayala, tras la publicaci\u00f3n de mi poemario <em>A solas con Selene,<\/em> me ofreci\u00f3 el encargo personal de crear una Antolog\u00eda de poetas jumillanos que abarcara el periodo desde el siglo XIX al siglo XX, al aceptar el compromiso supe que el trabajo ser\u00eda arduo, largo y de m\u00e1xima responsabilidad, a la vez que sent\u00ed una zozobra no exenta de miedo al considerar la enorme val\u00eda, humana y literaria, de los escritores y de sus obras con las que iba a trabajar hasta completar la Antolog\u00eda que hoy presento al exigente lector, siendo consciente de que el compromiso es de sustancial responsabilidad al saber que el pueblo de Jumilla, culto por naturaleza, posee grandes conocimientos culturales, po\u00e9ticos y literarios. Tal compromiso me plante\u00f3 la disyuntiva de abandonar la idea o hacer frente\u00a0 a los temores y limitaciones personales. Me alegro de haber tomado la decisi\u00f3n adecuada, por dos razones: La necesidad de resucitar y restablecer la l\u00edrica de grandes escritores jumillanos y, adem\u00e1s, cumplir con el compromiso que todo escritor debe de manifestar en los momentos decisivos ante circunstancias dif\u00edciles. Por supuesto quiero hacer p\u00fablico mi agradecimiento a la ya mencionada Editorial por la oportunidad que ha brindado al pueblo de Jumilla de sacar a la luz el excelente trabajo de sus hijos literariamente m\u00e1s notables e ilustres, que permanec\u00edan an\u00f3nimos para la sociedad espa\u00f1ola, coloc\u00e1ndolos en el lugar que merecen, al que, por diversos azares no pudieron acceder en su d\u00eda.<\/p>\n<p>Han sido varios meses de intenso trabajo los empleados en conseguir referencias que me ayudaran a situar a cada escritor y su obra en el periodo adecuado a su creaci\u00f3n po\u00e9tica. Quiz\u00e1s, la labor m\u00e1s complicada haya sido la de localizar a los herederos de los autores fallecidos, a los que deb\u00eda solicitar la autorizaci\u00f3n para poder publicar los poemas; no ha resultado tan dif\u00edcil la tarea con los autores vivos, o aquellos cuyos trabajos son m\u00e1s recientes en el tiempo.<\/p>\n<p>Rememorando la conocida frase \u201cni est\u00e1n todos los que son, ni son todos los que est\u00e1n\u201d aplicada a la literatura jumillana, dir\u00e9 que hubiese sido necesario dedicar mucho m\u00e1s tiempo a esta Antolog\u00eda para que nadie, merecedor del recuerdo y reconocimiento literario, quedara fuera de ella, pero las circunstancias, sobre todo de tiempo, obligan&#8230;.. Jumilla, y los escritores aqu\u00ed incluidos, estoy convencida, merecen esta Antolog\u00eda.<\/p>\n<p>Conforme las hojas en blanco se iban llenando de nombres, fechas, versos\u2026me fui dando cuenta de que este trabajo de investigaci\u00f3n iba a enriquecerme en todos los aspectos sobremanera; he aprendido en este corto espacio de tiempo, m\u00e1s que en toda mi vida sobre la poes\u00eda que se cultivaba en Jumilla desde el siglo XIX.<\/p>\n<p>La segunda mitad de este siglo se caracteriz\u00f3 por una situaci\u00f3n dif\u00edcil y convulsa, y Jumilla no estaba al margen del ambiente pol\u00edtico-social-cultural que atravesaba Espa\u00f1a. Para situar a los autores del XIX y especialmente su obra, resulta obligado dar unas peque\u00f1as pinceladas de lo que acontec\u00eda en la villa durante esos a\u00f1os. El mundo pol\u00edtico en Jumilla estaba dividido en dos bandos que luchaban por el gobierno de la misma: los conservadores, bajo las \u00f3rdenes del Exco. Bar\u00f3n del Solar, y los fusionistas, al frente de D. Pedro Azuar. Pero centr\u00e1ndonos m\u00e1s en la materia que nos ata\u00f1e, podemos afirmar con total rotundidad , que los \u00faltimos a\u00f1os del siglo XIX representaron un Siglo de Oro en la literatura jumillana.<\/p>\n<p>Continuamos avanzando y llegamos al tiempo en el que aprovechando la libertad de prensa que exist\u00eda durante el gobierno de C\u00e1novas y Sagasta, se crearon varios peri\u00f3dicos semanales, de corte humor\u00edstico, donde j\u00f3venes poetas entusiastas escrib\u00edan poes\u00eda en tono ir\u00f3nico-sat\u00edrico. En 1884, y con una buena acogida por parte de los habitantes de Jumilla, naci\u00f3 el peri\u00f3dico \u201cEl Pandero\u201d, que se mantuvo activo durante m\u00e1s de una d\u00e9cada. En \u00e9l colaboraban algunos de los autores aqu\u00ed referidos, como Pedro Jim\u00e9nez, hombre que pose\u00eda un gran ingenio y humor que plasmaba en sus composiciones con total maestr\u00eda. Domin\u00f3 a la perfecci\u00f3n el habla popular jumillana, sin llegar a caer en la ordinariez. Sus soflamas carnavalescas todav\u00eda siguen vigentes y se representan a d\u00eda de hoy.<\/p>\n<p>Otro de los colaboradores de \u201cEl Pandero\u201d, fue Gumersindo Jim\u00e9nez, cuya influencia de Espronceda y Campoamor se deja entrever en su obra pero imprimiendo siempre su sello personal en ellas. Tal vez, la figura m\u00e1s representativa del Romanticismo en Jumilla y asiduo escritor del ya mencionado diario, fue Mart\u00edn Guardiola, cuyo ritmo y musicalidad en sus versos, no pueden pasar desapercibidos para los estudiosos de la poes\u00eda.<\/p>\n<p>Si a ustedes, les ocurre lo que a m\u00ed en cuanto al desconocimiento de estos literatos, ahora es un buen momento para sumergirse en la vida, en las emociones, en los sentimientos de estos escritores que encontraron en la poes\u00eda, el mejor medio para expresar y canalizar todo aquello que lat\u00eda en el fondo de sus corazones.<\/p>\n<p>Llegados ya a las postrimer\u00edas de este siglo, ocurre un hecho de relevante importancia en el mundo cultural que se traduce en la creaci\u00f3n de los \u201cJuegos Florales\u201d, un certamen literario que brind\u00f3 la oportunidad a nuestros poetas de darse a conocer, este acontecimiento coincide tambi\u00e9n con otro no menos notable: la creaci\u00f3n del Teatro, posteriormente dedicado al actor Antonio Vico.<\/p>\n<p>Como ver\u00e1n, es tanta la riqueza literaria de la \u00e9poca que podemos considerarnos unos seres privilegiados por tener acceso a esa memoria escrita a trav\u00e9s de la lectura de los versos que inician esta Antolog\u00eda.<\/p>\n<p>Jumilla empieza a modernizarse. Ya no se la denomina \u201cvilla\u201d ni \u201cpueblo\u201d, ahora es una ciudad, con una nueva ideolog\u00eda y una serie de nuevos hechos que van a ir sucedi\u00e9ndose a lo largo del reci\u00e9n estrenado siglo XX.<\/p>\n<p>El ambiente cultural en general y el literario en particular, va ampliando sus horizontes y cada vez son m\u00e1s las personas que experimentan inquietudes intelectuales.<\/p>\n<p>De todos es sabido, que la poes\u00eda ha sido utilizada en muchas ocasiones para expresar el sentir de un pueblo, grandes poetas como Miguel Hern\u00e1ndez, cuyo centenario de su nacimiento celebramos este a\u00f1o, as\u00ed lo demuestran y en la ciudad de Jumilla comienzan a aparecer hombres que anhelan dejar constancia por medio de sus versos, de su incondicional amor por la tierra que les vio nacer, seres que desean luchar contra aquello que les parece injusto, que les embarga la emoci\u00f3n cuando se acerca la Semana Santa\u2026y que utilizan para todo ello, el verbo, la voz escrita, quiz\u00e1s, porque piensan que se esconde mucho de verdad en el c\u00e9lebre proverbio latino que dice textualmente: \u201cVerba volant, scripta manet\u201d (las palabras vuelan, lo escrito permanece).<\/p>\n<p>Componen este siglo XX, autores muy diferentes, tanto por su clase social, como por su forma de sentir y de expresar todo lo que les acontece en su vida, sin embargo, existe un nexo de uni\u00f3n entre todos ellos: el AMOR, en su sentido m\u00e1s generalizado.<\/p>\n<p>Cuando ustedes, queridos lectores, comiencen a desmembrar esta obra, cuando se sientan atra\u00eddos por la curiosidad y se introduzcan de lleno, en cada poema, en cada estrofa, en cada verso, y por un momento queden atrapados y envueltos en la magia de las palabras, comprender\u00e1n el porqu\u00e9 he utilizado tan s\u00f3lo cuatro letras para unificar la inspiraci\u00f3n de nuestros autores.<\/p>\n<p>Lo que vamos a encontrar en las p\u00e1ginas de este libro, es la propia vida del poeta, miscel\u00e1nea de todo cuanto desea decir\u2026y no puede, o tal vez , no quiere\u2026la met\u00e1fora, la iron\u00eda, la personificaci\u00f3n, el encabalgamiento, la hip\u00e9rbole\u2026son las armas de las que se valen para dar rienda suelta a su libertad. El amor a Jumilla, a la tierra, a veces, est\u00e9ril y otras generosa en sus frutos, el amor a la Semana Santa jumillana, ruido de tambores, solemnes procesiones, silencio, fe, emoci\u00f3n y l\u00e1grimas que se resbalan por las mejillas cual gotas de roc\u00edo en los p\u00e9talos de una flor, el recuerdo, todav\u00eda vivo, de una absurda guerra (todas lo son) que enfrent\u00f3 a hombres que nunca llegaron a comprender por qu\u00e9 luchaban, la mirada c\u00f3mplice de dos enamorados, el beso furtivo en la opacidad de la noche, el dolor punzante de la traici\u00f3n, el deseo y la pasi\u00f3n que manan de la mano del poeta como r\u00edos embravecidos en su sinuoso viaje hacia el mar; la nostalgia del ausente, que espera pacientemente la llegada de una fecha se\u00f1alada para regresar a sus ra\u00edces, la a\u00f1oranza del que no puede volver pero mantiene vivo su recuerdo\u2026siempre; el llanto por la felicidad conseguida o por la pena que viene sin pedir permiso, el amor incondicional a la familia, a los amigos\u2026y tambi\u00e9n est\u00e1 presente la muerte, ese gran misterio que cada quien analiza e interpreta seg\u00fan sus creencias.<\/p>\n<p>Pues bien, esto es lo que contiene la Antolog\u00eda. Poetas jumillanos desde el siglo XIX al XX. Todo ello, velado en un atinado romance, en un sagaz soneto, en una atribulada eleg\u00eda, en el verso libre, muy utilizado por los autores m\u00e1s recientes en el tiempo, en donde el poeta hace uso de la \u201clicencia literaria\u201d para conferir a su poes\u00eda el cariz que ambiciona.<\/p>\n<p>Me gustar\u00eda dejar constancia de que no es un hecho casual sino premeditado, el haber omitido nombrar a ning\u00fan autor en este pr\u00f3logo. Pienso que todos poseen un estilo peculiar y caracter\u00edstico, todos merecen nuestro respeto y admiraci\u00f3n y no ser\u00eda justo referir a unos dejando a los dem\u00e1s fuera. Cuando ustedes lean esta obra, saquen sus propias conclusiones.<\/p>\n<p>Habr\u00e1 autores que acariciar\u00e1n su alma, otros la rozar\u00e1n y posiblemente exista alguno que pase de largo\u2026pero lo que s\u00ed es cierto, es que ninguno les dejar\u00e1 indiferentes.<\/p>\n<p>De todos nosotros, lectores, amigos, amantes de la l\u00edrica; depende que el siglo XX sea tambi\u00e9n recordado como otro Siglo de Oro en la poes\u00eda jumillana.<\/p>\n<p>Apostemos porque el g\u00e9nero literario, llamado de minor\u00edas, pase a ocupar el lugar que le corresponde en el Parnaso de las Letras.<\/p>\n<p><strong> <\/strong><\/p>\n<p><strong> <\/strong><\/p>\n<p><strong>Ana Mar\u00eda Olivares<br \/>\n<\/strong>11 de Noviembre de 2010<\/p>\n","protected":false},"excerpt":{"rendered":"<p>\u201cEn la poes\u00eda hay m\u00e1s verdad que en la Historia\u201d Arist\u00f3teles Cuando la Editorial Poes\u00eda Eres T\u00fa, dirigida por D. Javier P\u00e9rez-Ayala, tras la publicaci\u00f3n de mi poemario A solas con Selene, me ofreci\u00f3 el encargo personal de crear una Antolog\u00eda de poetas jumillanos que abarcara el periodo desde el siglo XIX al siglo XX, [&hellip;]<\/p>\n","protected":false},"author":1,"featured_media":0,"parent":0,"menu_order":8,"comment_status":"open","ping_status":"open","template":"","meta":{"footnotes":"","_links_to":"","_links_to_target":""},"class_list":["post-15","page","type-page","status-publish","hentry"],"_links":{"self":[{"href":"https:\/\/clubdepoesia.com\/poetasdejumilla\/wp-json\/wp\/v2\/pages\/15","targetHints":{"allow":["GET"]}}],"collection":[{"href":"https:\/\/clubdepoesia.com\/poetasdejumilla\/wp-json\/wp\/v2\/pages"}],"about":[{"href":"https:\/\/clubdepoesia.com\/poetasdejumilla\/wp-json\/wp\/v2\/types\/page"}],"author":[{"embeddable":true,"href":"https:\/\/clubdepoesia.com\/poetasdejumilla\/wp-json\/wp\/v2\/users\/1"}],"replies":[{"embeddable":true,"href":"https:\/\/clubdepoesia.com\/poetasdejumilla\/wp-json\/wp\/v2\/comments?post=15"}],"version-history":[{"count":0,"href":"https:\/\/clubdepoesia.com\/poetasdejumilla\/wp-json\/wp\/v2\/pages\/15\/revisions"}],"wp:attachment":[{"href":"https:\/\/clubdepoesia.com\/poetasdejumilla\/wp-json\/wp\/v2\/media?parent=15"}],"curies":[{"name":"wp","href":"https:\/\/api.w.org\/{rel}","templated":true}]}}