{"id":56,"date":"2018-06-19T16:59:35","date_gmt":"2018-06-19T16:59:35","guid":{"rendered":"https:\/\/clubdepoesia.com\/pedropariciodamian\/?page_id=56"},"modified":"2018-06-19T17:00:19","modified_gmt":"2018-06-19T17:00:19","slug":"poesias-de-miedo-escenico-pedro-paricio-damian","status":"publish","type":"page","link":"https:\/\/clubdepoesia.com\/pedropariciodamian\/poesias-de-miedo-escenico-pedro-paricio-damian\/","title":{"rendered":"Poes\u00edas de Miedo esc\u00e9nico"},"content":{"rendered":"<div class=\"wpb-content-wrapper\">[vc_row][vc_column extend=&#8221;false&#8221;][vc_column_text css=&#8221;.vc_custom_1529427240948{margin-top: -30000px !important;}&#8221;]\n<h1><strong><em><u>Poes\u00eda del libro Miedo esc\u00e9nico de Pedro Paricio Dami\u00e1n. El escritor nos da una muestra tras publicar un libro.<\/u><\/em><\/strong><\/h1>\n<h2><strong><em><u><img fetchpriority=\"high\" decoding=\"async\" class=\"aligncenter size-full wp-image-33\" src=\"https:\/\/clubdepoesia.com\/pedropariciodamian\/files\/2018\/06\/book5Miedoescenico.png\" alt=\"Miedo escenico Pedro Paricio Damian\" width=\"839\" height=\"794\" srcset=\"https:\/\/clubdepoesia.com\/pedropariciodamian\/files\/2018\/06\/book5Miedoescenico.png 839w, https:\/\/clubdepoesia.com\/pedropariciodamian\/files\/2018\/06\/book5Miedoescenico-300x284.png 300w, https:\/\/clubdepoesia.com\/pedropariciodamian\/files\/2018\/06\/book5Miedoescenico-768x727.png 768w\" sizes=\"(max-width: 839px) 100vw, 839px\" \/>Poes\u00eda del libro Miedo esc\u00e9nico de Pedro Paricio Dami\u00e1n El poeta nos da una muestra tras publicar un libro.<\/u><\/em><\/strong><\/h2>\n<h3><strong><em><u>Poes\u00eda del libro Miedo esc\u00e9nico de Pedro Paricio Dami\u00e1n El autor nos da una muestra tras publicar un libro.<\/u><\/em><\/strong><\/h3>\n<h4><strong><em><u>Poes\u00eda del libro Miedo esc\u00e9nico de Pedro Paricio Dami\u00e1n El autor nos da una muestra tras publicar un libro.<\/u><\/em><\/strong><\/h4>\n<h5><strong><em><u>Poes\u00eda del libro Miedo esc\u00e9nico de Pedro Paricio Dami\u00e1n El autor nos da una muestra tras publicar un libro.<\/u><\/em><\/strong><\/h5>\n[\/vc_column_text][\/vc_column][\/vc_row][vc_row][vc_column extend=&#8221;false&#8221;]<div class='gambit_parallax_row' data-bg-align='' data-direction='fixed' data-opacity='100' data-velocity='-0.3' data-mobile-enabled='' data-bg-height='480' data-bg-width='737' data-bg-image='https:\/\/clubdepoesia.com\/pedropariciodamian\/files\/2018\/06\/0_Fotolia_165796967_L-737480.jpg' data-bg-repeat='false' data-id='' style='display: none'><\/div><div class=\"gambit_fullheight_row\" data-content-location=\"center\" style=\"display: none\"><\/div>[\/vc_column][\/vc_row][vc_row][vc_column extend=&#8221;false&#8221;][vc_column_text]\n<h1><a name=\"_Toc512191084\"><\/a><\/h1>\n<h1><a name=\"_Toc513055536\"><\/a><strong>Insomnio<\/strong><\/h1>\n<p>&nbsp;<\/p>\n<p>Cu\u00e1ntas v<\/p>\n<p>eces hablo de lo mismo<\/p>\n<p>sin sentirlo,<\/p>\n<p>cu\u00e1ntas veces siento, y por gilipollas<\/p>\n<p>no lo digo,<\/p>\n<p>cu\u00e1ntas veces te he visto<\/p>\n<p>esperando a que llegue ese coraz\u00f3n<\/p>\n<p>que se sacrifique por el tuyo,<\/p>\n<p>cu\u00e1ntas veces te dije que eras mi principio<\/p>\n<p>y ahora entiendes que siempre ser\u00e1s mi pr\u00f3logo.<\/p>\n<p>&nbsp;<\/p>\n<p>Cu\u00e1ntas veces me dijiste que no<\/p>\n<p>pero yo insist\u00ed,<\/p>\n<p>cu\u00e1ntas veces me pusiste como excusa<\/p>\n<p>que lo nuestro era dif\u00edcil,<\/p>\n<p>cu\u00e1ntas veces no dorm\u00ed por ti.<\/p>\n<p>&nbsp;<\/p>\n<p>Cada noche haces acto de presencia en mi habitaci\u00f3n<\/p>\n<p>en forma de insomnio,<\/p>\n<p>cada noche sue\u00f1o despierto<\/p>\n<p>contigo a mi lado.<\/p>\n<p>Pero me faltan tus labios.<\/p>\n<p>&nbsp;<\/p>\n<h1>&nbsp;<\/h1>\n<p>&nbsp;<\/p>\n<span class='bctt-click-to-tweet'><span class='bctt-ctt-text'><a href='https:\/\/x.com\/intent\/tweet?url=https%3A%2F%2Fclubdepoesia.com%2Fpedropariciodamian%2Fpoesias-de-miedo-escenico-pedro-paricio-damian%2F&#038;text=Insomnio%C2%A0del%20libro%20Miedo%20esc%C3%A9nico%20de%20Pedro%20Paricio%20Dami%C3%A1n&#038;via=poesiaerestu&#038;related=poesiaerestu' target='_blank'rel=\"noopener noreferrer\">Insomnio&nbsp;del libro Miedo esc\u00e9nico de Pedro Paricio Dami\u00e1n <\/a><\/span><a href='https:\/\/x.com\/intent\/tweet?url=https%3A%2F%2Fclubdepoesia.com%2Fpedropariciodamian%2Fpoesias-de-miedo-escenico-pedro-paricio-damian%2F&#038;text=Insomnio%C2%A0del%20libro%20Miedo%20esc%C3%A9nico%20de%20Pedro%20Paricio%20Dami%C3%A1n&#038;via=poesiaerestu&#038;related=poesiaerestu' target='_blank' class='bctt-ctt-btn'rel=\"noopener noreferrer\">Compartir en X<\/a><\/span>[\/vc_column_text][\/vc_column][\/vc_row][vc_row][vc_column extend=&#8221;false&#8221;]<div class='gambit_parallax_row' data-bg-align='' data-direction='fixed' data-opacity='100' data-velocity='-0.3' data-mobile-enabled='' data-bg-height='480' data-bg-width='853' data-bg-image='https:\/\/clubdepoesia.com\/pedropariciodamian\/files\/2018\/06\/Fotolia_180176108_L-853480.jpg' data-bg-repeat='false' data-id='' style='display: none'><\/div><div class=\"gambit_fullheight_row\" data-content-location=\"center\" style=\"display: none\"><\/div>[\/vc_column][\/vc_row][vc_row][vc_column extend=&#8221;false&#8221;][vc_column_text]\n<h1><a name=\"_Toc513055545\"><\/a><strong>D\u00eda <em>nosecuantos <\/em>despu\u00e9s de ti<\/strong><\/h1>\n<p>&nbsp;<\/p>\n<p>Quiero que la realidad me invite a cenar<\/p>\n<p>antes de joderme cada noche,<\/p>\n<p>cada sue\u00f1o.<\/p>\n<p>Tuve sue\u00f1os bonitos<\/p>\n<p>de esos de final feliz y esa mierda,<\/p>\n<p>y s\u00ed,<\/p>\n<p>estuvieron bien mientras duraron. Luego despert\u00e9<\/p>\n<p>y vi<\/p>\n<p>que cada noche era una puta pesadilla<\/p>\n<p>en busca de mi cordura perdida.<\/p>\n<p>&nbsp;<\/p>\n<span class='bctt-click-to-tweet'><span class='bctt-ctt-text'><a href='https:\/\/x.com\/intent\/tweet?url=https%3A%2F%2Fclubdepoesia.com%2Fpedropariciodamian%2Fpoesias-de-miedo-escenico-pedro-paricio-damian%2F&#038;text=D%C3%ADa%20nosecuantos%20despu%C3%A9s%20de%20ti%20del%20libro%20Miedo%20esc%C3%A9nico%20de%20Pedro%20Paricio%20Dami%C3%A1n&#038;via=poesiaerestu&#038;related=poesiaerestu' target='_blank'rel=\"noopener noreferrer\">D\u00eda nosecuantos despu\u00e9s de ti del libro Miedo esc\u00e9nico de Pedro Paricio Dami\u00e1n <\/a><\/span><a href='https:\/\/x.com\/intent\/tweet?url=https%3A%2F%2Fclubdepoesia.com%2Fpedropariciodamian%2Fpoesias-de-miedo-escenico-pedro-paricio-damian%2F&#038;text=D%C3%ADa%20nosecuantos%20despu%C3%A9s%20de%20ti%20del%20libro%20Miedo%20esc%C3%A9nico%20de%20Pedro%20Paricio%20Dami%C3%A1n&#038;via=poesiaerestu&#038;related=poesiaerestu' target='_blank' class='bctt-ctt-btn'rel=\"noopener noreferrer\">Compartir en X<\/a><\/span>[\/vc_column_text][\/vc_column][\/vc_row][vc_row][vc_column extend=&#8221;false&#8221;]<div class='gambit_parallax_row' data-bg-align='' data-direction='fixed' data-opacity='100' data-velocity='-0.3' data-mobile-enabled='' data-bg-height='480' data-bg-width='720' data-bg-image='https:\/\/clubdepoesia.com\/pedropariciodamian\/files\/2018\/06\/coffee-2306471_1920-720480.jpg' data-bg-repeat='false' data-id='' style='display: none'><\/div><div class=\"gambit_fullheight_row\" data-content-location=\"center\" style=\"display: none\"><\/div>[\/vc_column][\/vc_row][vc_row][vc_column extend=&#8221;false&#8221;][vc_column_text]\n<h1>&nbsp;<\/h1>\n<h1><a name=\"_Toc512191095\"><\/a><\/h1>\n<h1><a name=\"_Toc513055555\"><\/a><strong>Sans\u00f3n<\/strong><\/h1>\n<p>&nbsp;<\/p>\n<p>Y aqu\u00ed estoy, con la misma sonrisa de idiota que el primer d\u00eda,<\/p>\n<p>con la misma mirada<\/p>\n<p>y con la misma doctrina:<\/p>\n<p>quererte.<\/p>\n<p>Enti\u00e9ndeme peque\u00f1a,<\/p>\n<p>nunca hab\u00eda tenido una religi\u00f3n tan exacta como la tuya.<\/p>\n<p>Que s\u00ed, que a lo mejor no soy tu primer profeta,<\/p>\n<p>de acuerdo,<\/p>\n<p>pero s\u00ed puede que sea aquel desastre<\/p>\n<p>que se escapa por las esquinas,<\/p>\n<p>ese que se hace fuerte cuando todo le va en contra<\/p>\n<p>y en la tuya,<\/p>\n<p>ese al que llaman Sans\u00f3n<\/p>\n<p>porque t\u00fa<\/p>\n<p>eres mi melena.<\/p>\n<h1>&nbsp;<\/h1>\n<p>&nbsp;<\/p>\n<span class='bctt-click-to-tweet'><span class='bctt-ctt-text'><a href='https:\/\/x.com\/intent\/tweet?url=https%3A%2F%2Fclubdepoesia.com%2Fpedropariciodamian%2Fpoesias-de-miedo-escenico-pedro-paricio-damian%2F&#038;text=Sans%C3%B3n%20del%20libro%20Miedo%20esc%C3%A9nico%20de%20Pedro%20Paricio%20Dami%C3%A1n&#038;via=poesiaerestu&#038;related=poesiaerestu' target='_blank'rel=\"noopener noreferrer\">Sans\u00f3n del libro Miedo esc\u00e9nico de Pedro Paricio Dami\u00e1n <\/a><\/span><a href='https:\/\/x.com\/intent\/tweet?url=https%3A%2F%2Fclubdepoesia.com%2Fpedropariciodamian%2Fpoesias-de-miedo-escenico-pedro-paricio-damian%2F&#038;text=Sans%C3%B3n%20del%20libro%20Miedo%20esc%C3%A9nico%20de%20Pedro%20Paricio%20Dami%C3%A1n&#038;via=poesiaerestu&#038;related=poesiaerestu' target='_blank' class='bctt-ctt-btn'rel=\"noopener noreferrer\">Compartir en X<\/a><\/span>[\/vc_column_text][\/vc_column][\/vc_row][vc_row][vc_column extend=&#8221;false&#8221;]<div class='gambit_parallax_row' data-bg-align='' data-direction='fixed' data-opacity='100' data-velocity='-0.3' data-mobile-enabled='' data-bg-height='480' data-bg-width='722' data-bg-image='https:\/\/clubdepoesia.com\/pedropariciodamian\/files\/2018\/06\/0_paper-2598053_1920-722480.jpg' data-bg-repeat='false' data-id='' style='display: none'><\/div><div class=\"gambit_fullheight_row\" data-content-location=\"center\" style=\"display: none\"><\/div>[\/vc_column][\/vc_row][vc_row][vc_column extend=&#8221;false&#8221;][vc_column_text]\n<h1><a name=\"_Toc512191101\"><\/a><\/h1>\n<h1><a name=\"_Toc513055566\"><\/a><strong>Sintra<\/strong><\/h1>\n<p>&nbsp;<\/p>\n<p>Aullar\u00e9 a cada una de tus lunas<\/p>\n<p>como un lobo sin hogar.<\/p>\n<p>Persiguiendo por las curvas<\/p>\n<p>corazones de mentira<\/p>\n<p>aprend\u00ed que los pecados<\/p>\n<p>son regalos verdaderos,<\/p>\n<p>as\u00ed que muerde mi manzana<\/p>\n<p>y sigue brillando,<\/p>\n<p>que la noche y la oscuridad de tus labios<\/p>\n<p>nos esperan en el paseo en taxi<\/p>\n<p>de tus sue\u00f1os sobre mi pecho.<\/p>\n<h1>&nbsp;<\/h1>\n<span class='bctt-click-to-tweet'><span class='bctt-ctt-text'><a href='https:\/\/x.com\/intent\/tweet?url=https%3A%2F%2Fclubdepoesia.com%2Fpedropariciodamian%2Fpoesias-de-miedo-escenico-pedro-paricio-damian%2F&#038;text=Sintra%C2%A0del%20libro%20Miedo%20esc%C3%A9nico%20de%20Pedro%20Paricio%20Dami%C3%A1n&#038;via=poesiaerestu&#038;related=poesiaerestu' target='_blank'rel=\"noopener noreferrer\">Sintra&nbsp;del libro Miedo esc\u00e9nico de Pedro Paricio Dami\u00e1n <\/a><\/span><a href='https:\/\/x.com\/intent\/tweet?url=https%3A%2F%2Fclubdepoesia.com%2Fpedropariciodamian%2Fpoesias-de-miedo-escenico-pedro-paricio-damian%2F&#038;text=Sintra%C2%A0del%20libro%20Miedo%20esc%C3%A9nico%20de%20Pedro%20Paricio%20Dami%C3%A1n&#038;via=poesiaerestu&#038;related=poesiaerestu' target='_blank' class='bctt-ctt-btn'rel=\"noopener noreferrer\">Compartir en X<\/a><\/span>[\/vc_column_text][\/vc_column][\/vc_row][vc_row][vc_column extend=&#8221;false&#8221;]<div class='gambit_parallax_row' data-bg-align='' data-direction='fixed' data-opacity='100' data-velocity='-0.3' data-mobile-enabled='' data-bg-height='480' data-bg-width='720' data-bg-image='https:\/\/clubdepoesia.com\/pedropariciodamian\/files\/2018\/06\/vintage-1170654_1920-720480.jpg' data-bg-repeat='false' data-id='' style='display: none'><\/div><div class=\"gambit_fullheight_row\" data-content-location=\"center\" style=\"display: none\"><\/div>[vc_column_text]\n<p style=\"text-align: center;\"><a class=\"fasc-button fasc-size-medium fasc-type-flat\" style=\"background-color: #33809e; color: #ffffff;\" href=\"https:\/\/librodepoesia.com\/producto\/rosas-de-noviembre-juan-moreno-ramos\/\">Comprar el libro<\/a><\/p>\n[\/vc_column_text][\/vc_column][\/vc_row][vc_row][vc_column extend=&#8221;false&#8221;][vc_column_text css=&#8221;.vc_custom_1529427271092{margin-top: -30000px !important;}&#8221;]\n<h1><strong><em><u>Poes\u00eda del libro Miedo esc\u00e9nico de Pedro Paricio Dami\u00e1n. El escritor nos da una muestra tras publicar un libro.<\/u><\/em><\/strong><\/h1>\n<h2><strong><em><u><img fetchpriority=\"high\" decoding=\"async\" class=\"aligncenter size-full wp-image-33\" src=\"https:\/\/clubdepoesia.com\/pedropariciodamian\/files\/2018\/06\/book5Miedoescenico.png\" alt=\"Miedo escenico Pedro Paricio Damian\" width=\"839\" height=\"794\" srcset=\"https:\/\/clubdepoesia.com\/pedropariciodamian\/files\/2018\/06\/book5Miedoescenico.png 839w, https:\/\/clubdepoesia.com\/pedropariciodamian\/files\/2018\/06\/book5Miedoescenico-300x284.png 300w, https:\/\/clubdepoesia.com\/pedropariciodamian\/files\/2018\/06\/book5Miedoescenico-768x727.png 768w\" sizes=\"(max-width: 839px) 100vw, 839px\" \/>Poes\u00eda del libro Miedo esc\u00e9nico de Pedro Paricio Dami\u00e1n El poeta nos da una muestra tras publicar un libro.<\/u><\/em><\/strong><\/h2>\n<h3><strong><em><u>Poes\u00eda del libro Miedo esc\u00e9nico de Pedro Paricio Dami\u00e1n El autor nos da una muestra tras publicar un libro.<\/u><\/em><\/strong><\/h3>\n<h4><strong><em><u>Poes\u00eda del libro Miedo esc\u00e9nico de Pedro Paricio Dami\u00e1n El autor nos da una muestra tras publicar un libro.<\/u><\/em><\/strong><\/h4>\n<h5><strong><em><u>Poes\u00eda del libro Miedo esc\u00e9nico de Pedro Paricio Dami\u00e1n El autor nos da una muestra tras publicar un libro.<\/u><\/em><\/strong><\/h5>\n[\/vc_column_text][\/vc_column][\/vc_row]\n<\/div>","protected":false},"excerpt":{"rendered":"<p>[vc_row][vc_column extend=&#8221;false&#8221;][vc_column_text css=&#8221;.vc_custom_1529427240948{margin-top: -30000px !important;}&#8221;] Poes\u00eda del libro Miedo esc\u00e9nico de Pedro Paricio Dami\u00e1n. El escritor nos da una muestra tras publicar un libro. Poes\u00eda del libro Miedo esc\u00e9nico de Pedro Paricio Dami\u00e1n El poeta nos da una muestra tras publicar un libro. Poes\u00eda del libro Miedo esc\u00e9nico de Pedro Paricio Dami\u00e1n El autor nos [&hellip;]<\/p>\n","protected":false},"author":24,"featured_media":0,"parent":0,"menu_order":3,"comment_status":"closed","ping_status":"closed","template":"","meta":{"footnotes":"","_links_to":"","_links_to_target":""},"class_list":["post-56","page","type-page","status-publish","hentry"],"_links":{"self":[{"href":"https:\/\/clubdepoesia.com\/pedropariciodamian\/wp-json\/wp\/v2\/pages\/56","targetHints":{"allow":["GET"]}}],"collection":[{"href":"https:\/\/clubdepoesia.com\/pedropariciodamian\/wp-json\/wp\/v2\/pages"}],"about":[{"href":"https:\/\/clubdepoesia.com\/pedropariciodamian\/wp-json\/wp\/v2\/types\/page"}],"author":[{"embeddable":true,"href":"https:\/\/clubdepoesia.com\/pedropariciodamian\/wp-json\/wp\/v2\/users\/24"}],"replies":[{"embeddable":true,"href":"https:\/\/clubdepoesia.com\/pedropariciodamian\/wp-json\/wp\/v2\/comments?post=56"}],"version-history":[{"count":0,"href":"https:\/\/clubdepoesia.com\/pedropariciodamian\/wp-json\/wp\/v2\/pages\/56\/revisions"}],"wp:attachment":[{"href":"https:\/\/clubdepoesia.com\/pedropariciodamian\/wp-json\/wp\/v2\/media?parent=56"}],"curies":[{"name":"wp","href":"https:\/\/api.w.org\/{rel}","templated":true}]}}