{"id":36,"date":"2018-11-08T21:57:01","date_gmt":"2018-11-08T21:57:01","guid":{"rendered":"https:\/\/clubdepoesia.com\/pedromonfortmonfort\/?page_id=36"},"modified":"2018-11-08T22:20:20","modified_gmt":"2018-11-08T22:20:20","slug":"poesia","status":"publish","type":"page","link":"https:\/\/clubdepoesia.com\/pedromonfortmonfort\/poesia\/","title":{"rendered":"Poes\u00eda"},"content":{"rendered":"<div class=\"wpb-content-wrapper\">[vc_row][vc_column extend=&#8221;false&#8221;][vc_column_text css=&#8221;.vc_custom_1541713819364{margin-top: -30000px !important;}&#8221;]\n<h1><strong><em><u>Poes\u00eda del libro RETAZOS DE SER de PEDRO MONFORT MONFORT. El escritor nos da una muestra tras publicar un libro.<\/u><\/em><\/strong><\/h1>\n<h2><strong><em><u>Poes\u00eda del libro RETAZOS DE SER de PEDRO MONFORT MONFORT El poeta nos da una muestra tras publicar un libro.<\/u><\/em><\/strong><\/h2>\n<h3><strong><em><u>Poes\u00eda del libro RETAZOS DE SER de PEDRO MONFORT MONFORT El autor nos da una muestra tras publicar un libro.<\/u><\/em><\/strong><\/h3>\n<h4><strong><em><u><img fetchpriority=\"high\" decoding=\"async\" class=\"alignleft size-medium wp-image-7\" src=\"https:\/\/clubdepoesia.com\/pedromonfortmonfort\/files\/2018\/11\/0_Portada-Retazos-de-ser-211x300.jpg\" alt=\"\" width=\"211\" height=\"300\" srcset=\"https:\/\/clubdepoesia.com\/pedromonfortmonfort\/files\/2018\/11\/0_Portada-Retazos-de-ser-211x300.jpg 211w, https:\/\/clubdepoesia.com\/pedromonfortmonfort\/files\/2018\/11\/0_Portada-Retazos-de-ser.jpg 559w\" sizes=\"(max-width: 211px) 100vw, 211px\" \/>Poes\u00eda del libro RETAZOS DE SER de PEDRO MONFORT MONFORT El autor nos da una muestra tras publicar un libro.<\/u><\/em><\/strong><\/h4>\n<h5><strong><em><u>Poes\u00eda del libro RETAZOS DE SER de PEDRO MONFORT MONFORT El autor nos da una muestra tras publicar un libro.<\/u><\/em><\/strong><\/h5>\n[\/vc_column_text][\/vc_column][\/vc_row][vc_row][vc_column extend=&#8221;false&#8221;]<div class='gambit_parallax_row' data-bg-align='' data-direction='fixed' data-opacity='100' data-velocity='-0.3' data-mobile-enabled='' data-bg-height='768' data-bg-width='1156' data-bg-image='https:\/\/clubdepoesia.com\/pedromonfortmonfort\/files\/2018\/11\/78.jpg' data-bg-repeat='false' data-id='' style='display: none'><\/div><div class=\"gambit_fullheight_row\" data-content-location=\"center\" style=\"display: none\"><\/div>[\/vc_column][\/vc_row][vc_row][vc_column extend=&#8221;false&#8221;][vc_column_text]\n<h1><a name=\"_Toc523326839\"><\/a><strong>EL BING BANG<\/strong><\/h1>\n<p>&nbsp;<\/p>\n<p><em>A Stephen W. Hawkings<\/em><\/p>\n<p>&nbsp;<\/p>\n<p>\u00bfQu\u00e9 suced\u00eda antes de que la entera<\/p>\n<p>grandeza del universo, encerrada<\/p>\n<p>en un \u00e1tomo sublime estuviera?<\/p>\n<p>\u00bfQui\u00e9n rasg\u00f3 la opaca y plomiza nada,<\/p>\n<p>&nbsp;<\/p>\n<p>con 1a potente centella primera,<\/p>\n<p>cuna de la gran b\u00f3veda estrellada?<\/p>\n<p>\u00bfDe d\u00f3nde brot\u00f3 la luz duradera<\/p>\n<p>y la energ\u00eda perenne, trocada<\/p>\n<p>&nbsp;<\/p>\n<p>luego en la materia que forma el mundo?<\/p>\n<p>El rastro del entender pierdo, cuando<\/p>\n<p>alcanz\u00f3 esta \u00faltima frontera y me hundo<\/p>\n<p>&nbsp;<\/p>\n<p>al no hallar huellas que me vayan guiando,<\/p>\n<p>y al fin habla Tu silencio profundo,<\/p>\n<p>que explica algo, mas no a Ti, tras quien ando.<\/p>\n<p>&nbsp;<\/p>\n<p>&nbsp;<\/p>\n<span class='bctt-click-to-tweet'><span class='bctt-ctt-text'><a href='https:\/\/x.com\/intent\/tweet?url=https%3A%2F%2Fclubdepoesia.com%2Fpedromonfortmonfort%2Fpoesia%2F&#038;text=EL%20BING%20BANG%C2%A0del%20libro%20RETAZOS%20DE%20SER%20de%20PEDRO%20MONFORT%20MONFORT&#038;via=poesiaerestu&#038;related=poesiaerestu' target='_blank'rel=\"noopener noreferrer\">EL BING BANG&nbsp;del libro RETAZOS DE SER de PEDRO MONFORT MONFORT <\/a><\/span><a href='https:\/\/x.com\/intent\/tweet?url=https%3A%2F%2Fclubdepoesia.com%2Fpedromonfortmonfort%2Fpoesia%2F&#038;text=EL%20BING%20BANG%C2%A0del%20libro%20RETAZOS%20DE%20SER%20de%20PEDRO%20MONFORT%20MONFORT&#038;via=poesiaerestu&#038;related=poesiaerestu' target='_blank' class='bctt-ctt-btn'rel=\"noopener noreferrer\">Compartir en X<\/a><\/span>[\/vc_column_text][\/vc_column][\/vc_row][vc_row][vc_column extend=&#8221;false&#8221;]<div class='gambit_parallax_row' data-bg-align='' data-direction='fixed' data-opacity='100' data-velocity='-0.3' data-mobile-enabled='' data-bg-height='768' data-bg-width='1152' data-bg-image='https:\/\/clubdepoesia.com\/pedromonfortmonfort\/files\/2018\/11\/180.jpg' data-bg-repeat='false' data-id='' style='display: none'><\/div><div class=\"gambit_fullheight_row\" data-content-location=\"center\" style=\"display: none\"><\/div>[\/vc_column][\/vc_row][vc_row][vc_column extend=&#8221;false&#8221;][vc_column_text]\n<h1><a name=\"_Toc523326848\"><\/a><strong>EL ORDENADOR. NUEVO CHIVO EXPIATORIO<\/strong><\/h1>\n<p>&nbsp;<\/p>\n<p>Si una factura viene duplicada<\/p>\n<p>y por error dos veces la has pagado,<\/p>\n<p>el Cajero, ante tu protesta airada,<\/p>\n<p>dice: \u201cel ordenador se ha equivocado\u201d.<\/p>\n<p>&nbsp;<\/p>\n<p>Si tu fecha o cifra sale marrada<\/p>\n<p>y desandar debes el trecho andado,<\/p>\n<p>el Estado, ante tu faz desencajada,<\/p>\n<p>te espeta: \u201cel ordenador ha fallado\u201d.<\/p>\n<p>&nbsp;<\/p>\n<p>Voraz Estado, .empresas insensatas,<\/p>\n<p>\u00bfpor qu\u00e9 culp\u00e1is de vuestros desatinos<\/p>\n<p>al que os libra de tareas ingratas ?<\/p>\n<p>&nbsp;<\/p>\n<p>Ordenadores, contra los cretinos,<\/p>\n<p>un\u00edos y denunciad sus erratas<\/p>\n<p>al mundo y sus m\u00e9todos tan da\u00f1inos.<\/p>\n<p>&nbsp;<\/p>\n<p>&nbsp;<\/p>\n<span class='bctt-click-to-tweet'><span class='bctt-ctt-text'><a href='https:\/\/x.com\/intent\/tweet?url=https%3A%2F%2Fclubdepoesia.com%2Fpedromonfortmonfort%2Fpoesia%2F&#038;text=EL%20ORDENADOR.%20NUEVO%20CHIVO%20EXPIATORIO%C2%A0del%20libro%20RETAZOS%20DE%20SER%20de%20PEDRO%20MONFORT%20MONFORT&#038;via=poesiaerestu&#038;related=poesiaerestu' target='_blank'rel=\"noopener noreferrer\">EL ORDENADOR. NUEVO CHIVO EXPIATORIO&nbsp;del libro RETAZOS DE SER de PEDRO MONFORT MONFORT <\/a><\/span><a href='https:\/\/x.com\/intent\/tweet?url=https%3A%2F%2Fclubdepoesia.com%2Fpedromonfortmonfort%2Fpoesia%2F&#038;text=EL%20ORDENADOR.%20NUEVO%20CHIVO%20EXPIATORIO%C2%A0del%20libro%20RETAZOS%20DE%20SER%20de%20PEDRO%20MONFORT%20MONFORT&#038;via=poesiaerestu&#038;related=poesiaerestu' target='_blank' class='bctt-ctt-btn'rel=\"noopener noreferrer\">Compartir en X<\/a><\/span>[\/vc_column_text][\/vc_column][\/vc_row][vc_row][vc_column extend=&#8221;false&#8221;]<div class='gambit_parallax_row' data-bg-align='' data-direction='fixed' data-opacity='100' data-velocity='-0.3' data-mobile-enabled='' data-bg-height='768' data-bg-width='1152' data-bg-image='https:\/\/clubdepoesia.com\/pedromonfortmonfort\/files\/2018\/11\/77.jpg' data-bg-repeat='false' data-id='' style='display: none'><\/div><div class=\"gambit_fullheight_row\" data-content-location=\"center\" style=\"display: none\"><\/div>[\/vc_column][\/vc_row][vc_row][vc_column extend=&#8221;false&#8221;][vc_column_text]\n<h1><a name=\"_Toc523326856\"><\/a><strong>\u00bfTRABAJO DE S\u00cdSIFO?<\/strong><\/h1>\n<p>&nbsp;<\/p>\n<p style=\"text-align: right;\"><em>A Jorge Manrique<\/em><\/p>\n<p>&nbsp;<\/p>\n<p>\u00bfD\u00f3nde han ido la juvenil belleza,<\/p>\n<p>el amor primero y el muy generoso<\/p>\n<p>amigo que socorre con fineza?<\/p>\n<p>\u00bfD\u00f3nde la luz y el ingenio grandioso<\/p>\n<p>&nbsp;<\/p>\n<p>del que pint\u00f3 muro, lienzo u otra pieza<\/p>\n<p>maestra? \u00bfD\u00f3nde el cari\u00f1o gozoso<\/p>\n<p>de madre, toda ella delicadeza?<\/p>\n<p>\u00bfD\u00f3nde el perd\u00f3n del santo fervoroso?<\/p>\n<p>&nbsp;<\/p>\n<p>Cuando sientes al tiempo corrosivo,<\/p>\n<p>carcomer toda la humana tarea,<\/p>\n<p>te tienes por S\u00edsifo compulsivo<\/p>\n<p>&nbsp;<\/p>\n<p>e in\u00fatil; mas el coraz\u00f3n desea<\/p>\n<p>que lo bello y bueno que hace el ser vivo,<\/p>\n<p>perdure, aunque, \u00a1ay!, ignore como sea.<\/p>\n<p>&nbsp;<\/p>\n<p>&nbsp;<\/p>\n<span class='bctt-click-to-tweet'><span class='bctt-ctt-text'><a href='https:\/\/x.com\/intent\/tweet?url=https%3A%2F%2Fclubdepoesia.com%2Fpedromonfortmonfort%2Fpoesia%2F&#038;text=%C2%BFTRABAJO%20DE%20S%C3%8DSIFO%3F%20de%20RETAZOS%20DE%20SER%20de%20PEDRO%20MONFORT%20MONFORT&#038;via=poesiaerestu&#038;related=poesiaerestu' target='_blank'rel=\"noopener noreferrer\">\u00bfTRABAJO DE S\u00cdSIFO? de RETAZOS DE SER de PEDRO MONFORT MONFORT <\/a><\/span><a href='https:\/\/x.com\/intent\/tweet?url=https%3A%2F%2Fclubdepoesia.com%2Fpedromonfortmonfort%2Fpoesia%2F&#038;text=%C2%BFTRABAJO%20DE%20S%C3%8DSIFO%3F%20de%20RETAZOS%20DE%20SER%20de%20PEDRO%20MONFORT%20MONFORT&#038;via=poesiaerestu&#038;related=poesiaerestu' target='_blank' class='bctt-ctt-btn'rel=\"noopener noreferrer\">Compartir en X<\/a><\/span>[\/vc_column_text][\/vc_column][\/vc_row][vc_row][vc_column extend=&#8221;false&#8221;]<div class='gambit_parallax_row' data-bg-align='' data-direction='fixed' data-opacity='100' data-velocity='-0.3' data-mobile-enabled='' data-bg-height='768' data-bg-width='1152' data-bg-image='https:\/\/clubdepoesia.com\/pedromonfortmonfort\/files\/2018\/11\/72-Medium.jpg' data-bg-repeat='false' data-id='' style='display: none'><\/div><div class=\"gambit_fullheight_row\" data-content-location=\"center\" style=\"display: none\"><\/div>[\/vc_column][\/vc_row][vc_row][vc_column extend=&#8221;false&#8221;][vc_column_text]\n<h1><a name=\"_Toc523326873\"><\/a><strong>MESURA<\/strong><\/h1>\n<p>&nbsp;<\/p>\n<p>Saborear los bienes con cordura,<\/p>\n<p>es saludable, bueno y placentero;<\/p>\n<p>en eso, Epicuro, estuvo certero,<\/p>\n<p>pues hartarse de goces es locura.<\/p>\n<p>&nbsp;<\/p>\n<p>Si el empacho da placer que no dura,<\/p>\n<p>tapona el alma y da dolor entero,<\/p>\n<p>\u00bfpor qu\u00e9, necio, atiborras el granero?<\/p>\n<p>Se juicioso y abre, ya, la cerradura.<\/p>\n<p>&nbsp;<\/p>\n<p>Cosas y personas como Gandhi usa,<\/p>\n<p>sin usura, y as\u00ed guardas la natura,<\/p>\n<p>liberas recursos y abres la obtusa<\/p>\n<p>&nbsp;<\/p>\n<p>mente que la publicidad obtura,<\/p>\n<p>para que gire cual ruleta rusa,<\/p>\n<p>y consuma, sin control ni mesura.<\/p>\n<h1>&nbsp;<\/h1>\n<span class='bctt-click-to-tweet'><span class='bctt-ctt-text'><a href='https:\/\/x.com\/intent\/tweet?url=https%3A%2F%2Fclubdepoesia.com%2Fpedromonfortmonfort%2Fpoesia%2F&#038;text=MESURA%C2%A0del%20libro%20RETAZOS%20DE%20SER%20de%20PEDRO%20MONFORT%20MONFORT&#038;via=poesiaerestu&#038;related=poesiaerestu' target='_blank'rel=\"noopener noreferrer\">MESURA&nbsp;del libro RETAZOS DE SER de PEDRO MONFORT MONFORT <\/a><\/span><a href='https:\/\/x.com\/intent\/tweet?url=https%3A%2F%2Fclubdepoesia.com%2Fpedromonfortmonfort%2Fpoesia%2F&#038;text=MESURA%C2%A0del%20libro%20RETAZOS%20DE%20SER%20de%20PEDRO%20MONFORT%20MONFORT&#038;via=poesiaerestu&#038;related=poesiaerestu' target='_blank' class='bctt-ctt-btn'rel=\"noopener noreferrer\">Compartir en X<\/a><\/span>[\/vc_column_text][\/vc_column][\/vc_row][vc_row][vc_column extend=&#8221;false&#8221;]<div class='gambit_parallax_row' data-bg-align='' data-direction='fixed' data-opacity='100' data-velocity='-0.3' data-mobile-enabled='' data-bg-height='1572' data-bg-width='2354' data-bg-image='https:\/\/clubdepoesia.com\/pedromonfortmonfort\/files\/2018\/11\/Fotolia_193862137_LSketh.jpg' data-bg-repeat='false' data-id='' style='display: none'><\/div><div class=\"gambit_fullheight_row\" data-content-location=\"center\" style=\"display: none\"><\/div>[vc_column_text]\n<p style=\"text-align: center;\"><a class=\"fasc-button fasc-size-xlarge fasc-type-glossy fasc-rounded-medium\" style=\"background-color: #33809e; color: #ffffff;\" href=\"https:\/\/librodepoesia.com\/producto\/retazos-de-ser-pedro-monfort-monfort\/\">Comprar el libro<\/a><\/p>\n[\/vc_column_text][\/vc_column][\/vc_row][vc_row][vc_column extend=&#8221;false&#8221;][vc_column_text css=&#8221;.vc_custom_1541714142418{margin-top: -30000px !important;}&#8221;]\n<h1><strong><em><u>Poes\u00eda del libro RETAZOS DE SER de PEDRO MONFORT MONFORT. El escritor nos da una muestra tras publicar un libro.<\/u><\/em><\/strong><\/h1>\n<h2><strong><em><u><img fetchpriority=\"high\" decoding=\"async\" class=\"alignleft size-medium wp-image-7\" src=\"https:\/\/clubdepoesia.com\/pedromonfortmonfort\/files\/2018\/11\/0_Portada-Retazos-de-ser-211x300.jpg\" alt=\"\" width=\"211\" height=\"300\" srcset=\"https:\/\/clubdepoesia.com\/pedromonfortmonfort\/files\/2018\/11\/0_Portada-Retazos-de-ser-211x300.jpg 211w, https:\/\/clubdepoesia.com\/pedromonfortmonfort\/files\/2018\/11\/0_Portada-Retazos-de-ser.jpg 559w\" sizes=\"(max-width: 211px) 100vw, 211px\" \/>Poes\u00eda del libro RETAZOS DE SER de PEDRO MONFORT MONFORT El poeta nos da una muestra tras publicar un libro.<\/u><\/em><\/strong><\/h2>\n<h3><strong><em><u>Poes\u00eda del libro RETAZOS DE SER de PEDRO MONFORT MONFORT El autor nos da una muestra tras publicar un libro.<\/u><\/em><\/strong><\/h3>\n<h4><strong><em><u>Poes\u00eda del libro RETAZOS DE SER de PEDRO MONFORT MONFORT El autor nos da una muestra tras publicar un libro.<\/u><\/em><\/strong><\/h4>\n<h5><strong><em><u>Poes\u00eda del libro RETAZOS DE SER de PEDRO MONFORT MONFORT El autor nos da una muestra tras publicar un libro.<\/u><\/em><\/strong><\/h5>\n[\/vc_column_text][\/vc_column][\/vc_row]\n<\/div>","protected":false},"excerpt":{"rendered":"<p>[vc_row][vc_column extend=&#8221;false&#8221;][vc_column_text css=&#8221;.vc_custom_1541713819364{margin-top: -30000px !important;}&#8221;] Poes\u00eda del libro RETAZOS DE SER de PEDRO MONFORT MONFORT. El escritor nos da una muestra tras publicar un libro. Poes\u00eda del libro RETAZOS DE SER de PEDRO MONFORT MONFORT El poeta nos da una muestra tras publicar un libro. Poes\u00eda del libro RETAZOS DE SER de PEDRO MONFORT MONFORT [&hellip;]<\/p>\n","protected":false},"author":24,"featured_media":0,"parent":0,"menu_order":3,"comment_status":"closed","ping_status":"closed","template":"","meta":{"footnotes":"","_links_to":"","_links_to_target":""},"class_list":["post-36","page","type-page","status-publish","hentry"],"_links":{"self":[{"href":"https:\/\/clubdepoesia.com\/pedromonfortmonfort\/wp-json\/wp\/v2\/pages\/36","targetHints":{"allow":["GET"]}}],"collection":[{"href":"https:\/\/clubdepoesia.com\/pedromonfortmonfort\/wp-json\/wp\/v2\/pages"}],"about":[{"href":"https:\/\/clubdepoesia.com\/pedromonfortmonfort\/wp-json\/wp\/v2\/types\/page"}],"author":[{"embeddable":true,"href":"https:\/\/clubdepoesia.com\/pedromonfortmonfort\/wp-json\/wp\/v2\/users\/24"}],"replies":[{"embeddable":true,"href":"https:\/\/clubdepoesia.com\/pedromonfortmonfort\/wp-json\/wp\/v2\/comments?post=36"}],"version-history":[{"count":0,"href":"https:\/\/clubdepoesia.com\/pedromonfortmonfort\/wp-json\/wp\/v2\/pages\/36\/revisions"}],"wp:attachment":[{"href":"https:\/\/clubdepoesia.com\/pedromonfortmonfort\/wp-json\/wp\/v2\/media?parent=36"}],"curies":[{"name":"wp","href":"https:\/\/api.w.org\/{rel}","templated":true}]}}