{"id":83,"date":"2018-01-02T21:41:29","date_gmt":"2018-01-02T21:41:29","guid":{"rendered":"https:\/\/clubdepoesia.com\/pedro-ivan-hernandez\/?page_id=83"},"modified":"2018-01-02T21:43:56","modified_gmt":"2018-01-02T21:43:56","slug":"entrevista","status":"publish","type":"page","link":"https:\/\/clubdepoesia.com\/pedro-ivan-hernandez\/entrevista\/","title":{"rendered":"Entrevista"},"content":{"rendered":"<h1><span style=\"text-decoration: underline;\"><em><strong>Entrevista a <a href=\"https:\/\/clubdepoesia.com\/pedro-ivan-hernandez\/\">Pedro Iv\u00e1n Hern\u00e1ndez<\/a> para la <a href=\"https:\/\/poesiaerestu.com\/revista\/\">Revista Poes\u00eda eres t\u00fa<\/a>, despu\u00e9s de la publicaci\u00f3n de su libro: Letras que busc\u00e1n m\u00fasica y algo instrumental.<\/strong><\/em><\/span><\/h1>\n<p>&nbsp;<\/p>\n<p><strong>P.- \u00bfPor qu\u00e9 el t\u00edtulo de <em>Letras que buscan m\u00fasica y algo instrumental<\/em>? \u00bfQu\u00e9 tienen en com\u00fan la poes\u00eda y la m\u00fasica?<\/strong><\/p>\n<p>R.- A m\u00ed entender la m\u00fasica es poes\u00eda porque poes\u00eda es todo aquello que dicta el coraz\u00f3n y que reflejan unas letras. La m\u00fasica tambi\u00e9n corresponde a esa definici\u00f3n, s\u00f3lo que hay que a\u00f1adirle notas.<\/p>\n<p>&nbsp;<\/p>\n<p><strong>P.- \u00bfCu\u00e1ndo escribiste los poemas del libro?<\/strong><\/p>\n<p>R.- Empec\u00e9 a escribir algunos de ellos con quince a\u00f1os, desde entonces no he dejado de escribir, aunque no he tenido una continuidad durante todo este tiempo, por lo que se puede decir que el libro es una mezcla entre mi ayer y mi hoy.<\/p>\n<p>&nbsp;<\/p>\n<p><strong>P.-Muchos escritores dicen que escribir poes\u00eda sirve para desahogarse. \u00bfCrees que la poes\u00eda sirve para expresar los sentimientos que no podemos expresar de otra manera?<\/strong><\/p>\n<p>R.- Por supuesto, es mucho m\u00e1s f\u00e1cil escribir los sentimientos que mostrarlos, la fuerza y\/o valent\u00eda que te dan unas letras escritas desde el coraz\u00f3n no la tiene ni el mejor de los h\u00e9roes.<\/p>\n<p>&nbsp;<\/p>\n<p><strong>P.- \u00bfHay algo que no hayas podido expresar en un poema porque no hayas encontrado las palabras?<\/strong><\/p>\n<p>R.- El coraz\u00f3n no necesita de palabras demasiado rebuscadas para expresar lo que siente, intento que mi poes\u00eda sea un camino despejado, recto y la mayor\u00eda de las veces corto, para llegar cuanto antes al destino, una conexi\u00f3n directa coraz\u00f3n-folio-lector-coraz\u00f3n.<\/p>\n<p>&nbsp;<\/p>\n<p><strong>P.-\u00bfCu\u00e1ndo escribes poes\u00eda? \u00bfEn qu\u00e9 momentos o qu\u00e9 espacios son m\u00e1s propicios para escribir un poema?<\/strong><\/p>\n<p>R.- Los sentimientos le llegan a uno a todas horas siempre y cuando pares un momento a reflexionar sobre ellos, por lo que cualquier momento es bueno, pero si me preguntas por mi momento fetiche, evidentemente necesito de las musas como todos los escritores y la m\u00eda es la Luna (como la de tantos otros, no pasa nada, yo la comparto).<\/p>\n<p>&nbsp;<\/p>\n<p><strong>P.- \u00bfHabr\u00e1 alg\u00fan libro despu\u00e9s de <em>Letras que buscan m\u00fasica y algo instrumental<\/em> o al publicar el libro queda el sue\u00f1o cumplido y nada m\u00e1s?<\/strong><\/p>\n<p>R.- Por supuesto que me gustar\u00eda que hubiera muchos m\u00e1s, s\u00f3lo necesito que haya corazones que demanden latidos del m\u00edo.<\/p>\n","protected":false},"excerpt":{"rendered":"<p>Entrevista a Pedro Iv\u00e1n Hern\u00e1ndez para la Revista Poes\u00eda eres t\u00fa, despu\u00e9s de la publicaci\u00f3n de su libro: Letras que busc\u00e1n m\u00fasica y algo instrumental. &nbsp; P.- \u00bfPor qu\u00e9 el t\u00edtulo de Letras que buscan m\u00fasica y algo instrumental? \u00bfQu\u00e9 tienen en com\u00fan la poes\u00eda y la m\u00fasica? R.- A m\u00ed entender la m\u00fasica es [&hellip;]<\/p>\n","protected":false},"author":24,"featured_media":0,"parent":0,"menu_order":6,"comment_status":"closed","ping_status":"closed","template":"","meta":{"footnotes":"","_links_to":"","_links_to_target":""},"class_list":["post-83","page","type-page","status-publish","hentry"],"_links":{"self":[{"href":"https:\/\/clubdepoesia.com\/pedro-ivan-hernandez\/wp-json\/wp\/v2\/pages\/83","targetHints":{"allow":["GET"]}}],"collection":[{"href":"https:\/\/clubdepoesia.com\/pedro-ivan-hernandez\/wp-json\/wp\/v2\/pages"}],"about":[{"href":"https:\/\/clubdepoesia.com\/pedro-ivan-hernandez\/wp-json\/wp\/v2\/types\/page"}],"author":[{"embeddable":true,"href":"https:\/\/clubdepoesia.com\/pedro-ivan-hernandez\/wp-json\/wp\/v2\/users\/24"}],"replies":[{"embeddable":true,"href":"https:\/\/clubdepoesia.com\/pedro-ivan-hernandez\/wp-json\/wp\/v2\/comments?post=83"}],"version-history":[{"count":0,"href":"https:\/\/clubdepoesia.com\/pedro-ivan-hernandez\/wp-json\/wp\/v2\/pages\/83\/revisions"}],"wp:attachment":[{"href":"https:\/\/clubdepoesia.com\/pedro-ivan-hernandez\/wp-json\/wp\/v2\/media?parent=83"}],"curies":[{"name":"wp","href":"https:\/\/api.w.org\/{rel}","templated":true}]}}