{"id":60,"date":"2017-01-31T21:27:11","date_gmt":"2017-01-31T21:27:11","guid":{"rendered":"http:\/\/clubdepoesia.com\/pedro-ivan-hernandez\/?page_id=60"},"modified":"2017-01-31T21:29:25","modified_gmt":"2017-01-31T21:29:25","slug":"poemas","status":"publish","type":"page","link":"https:\/\/clubdepoesia.com\/pedro-ivan-hernandez\/poemas\/","title":{"rendered":"Poemas"},"content":{"rendered":"<div class=\"wpb-content-wrapper\">[vc_row a_image_on=&#8221;&#8221; a_video_on=&#8221;&#8221; a_overlay_on=&#8221;&#8221; a_parallax_on=&#8221;&#8221; a_sep_on=&#8221;&#8221; a_full_height_on=&#8221;&#8221; offset_left=&#8221;&#8221; offset_right=&#8221;&#8221; margin_top=&#8221;&#8221; css=&#8221;.vc_custom_1448912029544{margin-top: -50px !important;}&#8221;][vc_column extend=&#8221;false&#8221;]<div class=\"gambit_fullheight_row\" data-content-location=\"center\" style=\"display: none\"><\/div><div class='gambit_parallax_row' data-bg-align='' data-direction='up' data-opacity='100' data-velocity='-0.3' data-mobile-enabled='' data-bg-height='3000' data-bg-width='4545' data-bg-image='https:\/\/clubdepoesia.com\/pedro-ivan-hernandez\/files\/2017\/01\/94.jpg' data-bg-repeat='false' data-id='' style='display: none'><\/div>[\/vc_column][\/vc_row][vc_row a_image_on=&#8221;&#8221; a_video_on=&#8221;&#8221; a_overlay_on=&#8221;&#8221; a_parallax_on=&#8221;&#8221; a_sep_on=&#8221;&#8221; a_full_height_on=&#8221;&#8221; offset_left=&#8221;&#8221; offset_right=&#8221;&#8221; margin_top=&#8221;&#8221; css=&#8221;.vc_custom_1449184627940{margin-top: -50px !important;background-color: #c2b8a8 !important;}&#8221;][vc_column extend=&#8221;false&#8221;]<div class=\"gambit_fullheight_row\" data-content-location=\"top\" style=\"display: none\"><\/div>[row_scroll entrance=&#8221;content-fly-left&#8221; exit=&#8221;content-fly-left&#8221; body_overflow=&#8221;true&#8221;][vc_column_text css=&#8221;.vc_custom_1485897653562{margin-top: 0px !important;margin-right: 0px !important;margin-bottom: 0px !important;margin-left: 0px !important;border-top-width: 0px !important;border-right-width: 0px !important;border-bottom-width: 0px !important;border-left-width: 0px !important;padding-top: 0px !important;padding-right: 0px !important;padding-bottom: 0px !important;padding-left: 0px !important;}&#8221;]<a name=\"_Toc471294633\"><\/a><strong>La primera herida en el coraz\u00f3n<\/strong><\/p>\n<p><strong>\u00a0<\/strong><\/p>\n<p><em>El destino del coraz\u00f3n fr\u00e1gil siempre es tender a romperse.<\/em><\/p>\n<p><strong>\u00a0<\/strong><\/p>\n<p>La blanca luz de luna llena<\/p>\n<p>alumbraba \u201cLa Puerta del Sol\u201d,<\/p>\n<p>en la fuente, una pareja,<\/p>\n<p>otra vieja historia de amor.<\/p>\n<p>&nbsp;<\/p>\n<p>La escena me lleva a ayer,<\/p>\n<p>a cu\u00e1ndo y c\u00f3mo te conoc\u00ed,<\/p>\n<p>sin terminarme de convencer,<\/p>\n<p>mis ojos iban tras de ti.<\/p>\n<p>&nbsp;<\/p>\n<p>Y corr\u00ed hasta alcanzarte,<\/p>\n<p>dej\u00e1ndote tu atrapar,<\/p>\n<p>mi intenci\u00f3n era invitarte,<\/p>\n<p>y no me dejaste pagar.<\/p>\n<p>&nbsp;<\/p>\n<p>Eran a\u00f1os de conquistas,<\/p>\n<p>compartiendo descubrimientos,<\/p>\n<p>pasando de las revistas,<\/p>\n<p>y sin edad ya, para cuentos.<\/p>\n<p>&nbsp;<\/p>\n<p>Sin ser ni Isabel ni Fernando,<\/p>\n<p>busc\u00e1bamos tesoros y reinos,<\/p>\n<p>surc\u00e1bamos mares, navegando<\/p>\n<p>entre olas de amor y desenfreno.<\/p>\n<p>&nbsp;<\/p>\n<p>Yo no sab\u00eda lo que era amar,<\/p>\n<p>y mi ilusi\u00f3n por saberlo,<\/p>\n<p>me hizo sufrir en soledad,<\/p>\n<p>y so\u00f1ar, al darte un beso.<\/p>\n<p>&nbsp;<\/p>\n<p>Pero t\u00fa no me cre\u00edas<\/p>\n<p>al decir verdad,<\/p>\n<p>y verdad dec\u00eda,<\/p>\n<p>al decir \u201cTe Quiero\u201d.<\/p>\n<p>&nbsp;<\/p>\n<p>Porque antes de tu marchar,<\/p>\n<p>yo, ya te echaba de menos,<\/p>\n<p>contigo oscurec\u00eda el reloj,<\/p>\n<p>se mor\u00eda el tiempo.<\/p>\n<p>&nbsp;<\/p>\n<p>&nbsp;<\/p>\n<p>Tu aliento era mi respirar,<\/p>\n<p>tu respirar, era mi aliento,<\/p>\n<p>tu desconfianza, mis ganas de luchar,<\/p>\n<p>tu compa\u00f1\u00eda, mi alimento.<\/p>\n<p>&nbsp;<\/p>\n<p>No era amor de verano,<\/p>\n<p>ni flechazo primaveral,<\/p>\n<p>era sentimiento puro y sano,<\/p>\n<p>al que pusiste caducidad.<\/p>\n<p>&nbsp;<\/p>\n<p>Tu cobard\u00eda y tu miedo,<\/p>\n<p>desarmaron tu voluntad,<\/p>\n<p>la guerra del quiero pero no puedo,<\/p>\n<p>escribi\u00f3 el \u201cdescanse en paz\u201d.<\/p>\n<p>&nbsp;<\/p>\n<p>Y muri\u00f3, como tantos otros,<\/p>\n<p>en una caja de cart\u00f3n,<\/p>\n<p>con algunos recuerdos rotos,<\/p>\n<p>y una espina en el coraz\u00f3n.[\/vc_column_text][\/vc_column][\/vc_row][vc_row a_image_on=&#8221;&#8221; a_video_on=&#8221;&#8221; a_overlay_on=&#8221;&#8221; a_parallax_on=&#8221;&#8221; a_sep_on=&#8221;&#8221; a_full_height_on=&#8221;&#8221; offset_left=&#8221;&#8221; offset_right=&#8221;&#8221; margin_top=&#8221;&#8221; css=&#8221;.vc_custom_1448912147833{margin-top: -50px !important;}&#8221;][vc_column extend=&#8221;false&#8221;]<div class=\"gambit_fullheight_row\" data-content-location=\"center\" style=\"display: none\"><\/div><div class='gambit_parallax_row' data-bg-align='' data-direction='up' data-opacity='100' data-velocity='-0.3' data-mobile-enabled='' data-bg-height='2848' data-bg-width='4288' data-bg-image='https:\/\/clubdepoesia.com\/pedro-ivan-hernandez\/files\/2017\/01\/102.jpg' data-bg-repeat='false' data-id='' style='display: none'><\/div>[\/vc_column][\/vc_row][vc_row a_image_on=&#8221;&#8221; a_video_on=&#8221;&#8221; a_overlay_on=&#8221;&#8221; a_parallax_on=&#8221;&#8221; a_sep_on=&#8221;&#8221; a_full_height_on=&#8221;&#8221; offset_left=&#8221;&#8221; offset_right=&#8221;&#8221; margin_top=&#8221;&#8221; css=&#8221;.vc_custom_1449184645091{margin-top: -50px !important;background-color: #c2b8a8 !important;}&#8221;][vc_column extend=&#8221;false&#8221;]<div class=\"gambit_fullheight_row\" data-content-location=\"top\" style=\"display: none\"><\/div>[row_scroll entrance=&#8221;content-fly-right&#8221; exit=&#8221;content-fly-right&#8221;][vc_column_text css=&#8221;.vc_custom_1485897681387{padding-top: 25px !important;padding-right: 25px !important;padding-bottom: 25px !important;padding-left: 25px !important;}&#8221;]<a name=\"_Toc471294640\"><\/a><strong>A los ojos<\/strong><\/p>\n<p><strong>\u00a0<\/strong><\/p>\n<p><em>Aunque no son lo m\u00e1s importante,<\/em><\/p>\n<p><em>es verdad que hay ojos por los que se podr\u00eda matar.<\/em><\/p>\n<p><strong>\u00a0<\/strong><\/p>\n<p>Todas las ma\u00f1anas, cuando despierto,<\/p>\n<p>miro sus ojos, me siento cautivo,<\/p>\n<p>no dan de comer, eso es cierto,<\/p>\n<p>pero son un buen aperitivo.<\/p>\n<p>&nbsp;<\/p>\n<p>Hay ojos grandes y peque\u00f1os,<\/p>\n<p>de forma redonda o achinados,<\/p>\n<p>bondadosos, hechiceros,<\/p>\n<p>alegres con brillo, cansados&#8230;<\/p>\n<p>&nbsp;<\/p>\n<p>Los ojos, pueden enga\u00f1arte<\/p>\n<p>o hacerte sentir bien,<\/p>\n<p>si se lo proponen, hasta besarte,<\/p>\n<p>y maldecirte, tambi\u00e9n.<\/p>\n<p>&nbsp;<\/p>\n<p>Cuando nuestras miradas se cruzan,<\/p>\n<p>y se detienen, frente a frente un instante,<\/p>\n<p>enseguida atisbo tus dudas,<\/p>\n<p>as\u00ed, no puedes enga\u00f1arme.<\/p>\n<p>&nbsp;<\/p>\n<p>Dicen de los ojos verdes son traidores,<\/p>\n<p>los azules, embusteros.<\/p>\n<p>Y yo digo \u2014qu\u00e9 m\u00e1s da se\u00f1ores,<\/p>\n<p>en la oscuridad, son todos negros.<\/p>\n<p>&nbsp;<\/p>\n<p>Lo importante, es lo que transmiten,<\/p>\n<p>hablan m\u00e1s que la propia boca,<\/p>\n<p>si no te convencen, insisten,<\/p>\n<p>y nunca se equivocan.<\/p>\n<p>Nos miramos a los ojos,<\/p>\n<p>siempre en busca de respuestas,<\/p>\n<p>cuando no te sale de los labios,<\/p>\n<p>le das voz a ellos y contestas.<\/p>\n<p>&nbsp;<\/p>\n<p>Porque los ojos, son el espejo del alma,<\/p>\n<p>son lo falso, y lo verdadero,<\/p>\n<p>y si a ellos me miras con calma,<\/p>\n<p>podr\u00e1s comprobar, que \u201cTe Quiero\u201d.[\/vc_column_text][\/vc_column][\/vc_row][vc_row a_image_on=&#8221;&#8221; a_video_on=&#8221;&#8221; a_overlay_on=&#8221;&#8221; a_parallax_on=&#8221;&#8221; a_sep_on=&#8221;&#8221; a_full_height_on=&#8221;&#8221; offset_left=&#8221;&#8221; offset_right=&#8221;&#8221; margin_top=&#8221;&#8221; css=&#8221;.vc_custom_1448912207297{margin-top: -50px !important;}&#8221;][vc_column extend=&#8221;false&#8221;]<div class=\"gambit_fullheight_row\" data-content-location=\"center\" style=\"display: none\"><\/div><div class='gambit_parallax_row' data-bg-align='' data-direction='up' data-opacity='100' data-velocity='-0.3' data-mobile-enabled='' data-bg-height='5472' data-bg-width='3648' data-bg-image='https:\/\/clubdepoesia.com\/pedro-ivan-hernandez\/files\/2017\/01\/95.jpg' data-bg-repeat='false' data-id='' style='display: none'><\/div>[\/vc_column][\/vc_row][vc_row a_image_on=&#8221;&#8221; a_video_on=&#8221;&#8221; a_overlay_on=&#8221;&#8221; a_parallax_on=&#8221;&#8221; a_sep_on=&#8221;&#8221; a_full_height_on=&#8221;&#8221; offset_left=&#8221;&#8221; offset_right=&#8221;&#8221; margin_top=&#8221;&#8221; css=&#8221;.vc_custom_1449184662089{margin-top: -50px !important;background-color: #c2b8a8 !important;}&#8221;][vc_column extend=&#8221;false&#8221;]<div class=\"gambit_fullheight_row\" data-content-location=\"top\" style=\"display: none\"><\/div>[row_scroll entrance=&#8221;content-fly-left&#8221; exit=&#8221;content-fly-left&#8221;][vc_column_text css=&#8221;.vc_custom_1485897705846{padding-top: 25px !important;padding-right: 25px !important;padding-bottom: 25px !important;padding-left: 25px !important;}&#8221;]<a name=\"_Toc471294652\"><\/a><strong>Algo instrumental<\/strong><\/p>\n<p><strong>\u00a0<\/strong><\/p>\n<p><em>El mejor invento de la humanidad, despu\u00e9s del amor, es la m\u00fasica.<\/em><\/p>\n<p>&nbsp;<\/p>\n<p>Intro de primeras notas,<\/p>\n<p>se alza el tel\u00f3n,<\/p>\n<p>fuertes aplausos las manos tocan,<\/p>\n<p>\u00a1Empieza la funci\u00f3n!<\/p>\n<p>&nbsp;<\/p>\n<p>Los violines encienden el Sol,<\/p>\n<p>cuando en los platillos brilla un F\u00e1,<\/p>\n<p>el tambor marca fuerte el D\u00f3,<\/p>\n<p>y el R\u00e9 de la flauta me hace so\u00f1ar.<\/p>\n<p>&nbsp;<\/p>\n<p>Se alza la batuta del director,<\/p>\n<p>es el turno del tromb\u00f3n,<\/p>\n<p>la trompeta, que sostiene un bemol,<\/p>\n<p>da paso al L\u00e1 en el saxof\u00f3n.<\/p>\n<p>&nbsp;<\/p>\n<p>El clarinete silba como el viento,<\/p>\n<p>el acorde\u00f3n \u201cgranaino\u201d parece llorar,<\/p>\n<p>la aguja madrile\u00f1a marca el tiempo,<\/p>\n<p>con calma y seguridad.<\/p>\n<p>&nbsp;<\/p>\n<p>Luego, viene el piano,<\/p>\n<p>que con blanca niega un S\u00ed,<\/p>\n<p>y una negra, en la otra mano,<\/p>\n<p>deja lentamente un M\u00ed.<\/p>\n<p>&nbsp;<\/p>\n<p>Atrona la bater\u00eda,<\/p>\n<p>con tonos fuertes y graves,<\/p>\n<p>para finalizar la melod\u00eda,<\/p>\n<p>vienen sonidos m\u00e1s suaves.<\/p>\n<p>&nbsp;<\/p>\n<p>Un buen solo de guitarra,<\/p>\n<p>maravilloso cuerpo de mujer,<\/p>\n<p>despu\u00e9s de una buena farra,<\/p>\n<p>\u201cEl concierto de Aranjuez\u201d.<\/p>\n<p>&nbsp;<\/p>\n<p>La m\u00fasica es poes\u00eda,<\/p>\n<p>el sentimiento, la mejor raz\u00f3n,<\/p>\n<p>el sue\u00f1o, ser Paco de Luc\u00eda,<\/p>\n<p>la de Rodrigo, la mejor canci\u00f3n.<\/p>\n[\/vc_column_text][\/vc_column][\/vc_row][vc_row a_image_on=&#8221;&#8221; a_video_on=&#8221;&#8221; a_overlay_on=&#8221;&#8221; a_parallax_on=&#8221;&#8221; a_sep_on=&#8221;&#8221; a_full_height_on=&#8221;&#8221; offset_left=&#8221;&#8221; offset_right=&#8221;&#8221; margin_top=&#8221;&#8221; css=&#8221;.vc_custom_1448912260178{margin-top: -50px !important;}&#8221;][vc_column extend=&#8221;false&#8221;]<div class=\"gambit_fullheight_row\" data-content-location=\"center\" style=\"display: none\"><\/div><div class='gambit_parallax_row' data-bg-align='' data-direction='up' data-opacity='100' data-velocity='-0.3' data-mobile-enabled='' data-bg-height='3448' data-bg-width='4592' data-bg-image='https:\/\/clubdepoesia.com\/pedro-ivan-hernandez\/files\/2017\/01\/92.jpg' data-bg-repeat='false' data-id='' style='display: none'><\/div>[\/vc_column][\/vc_row][vc_row a_image_on=&#8221;&#8221; a_video_on=&#8221;&#8221; a_overlay_on=&#8221;&#8221; a_parallax_on=&#8221;&#8221; a_sep_on=&#8221;&#8221; a_full_height_on=&#8221;&#8221; offset_left=&#8221;&#8221; offset_right=&#8221;&#8221; margin_top=&#8221;&#8221; css=&#8221;.vc_custom_1448912380139{margin-top: -50px !important;}&#8221;][vc_column extend=&#8221;false&#8221;]<div class=\"essb_links essb_counter_modern_right essb_displayed_shortcode essb_share essb_template_default4-retina essb_1713822686 print-no\" id=\"essb_displayed_shortcode_1713822686\" data-essb-postid=\"60\" data-essb-position=\"shortcode\" data-essb-button-style=\"button\" data-essb-template=\"default4-retina\" data-essb-counter-pos=\"right\" data-essb-url=\"https:\/\/clubdepoesia.com\/pedro-ivan-hernandez\/poemas\/\" data-essb-fullurl=\"https:\/\/clubdepoesia.com\/pedro-ivan-hernandez\/poemas\/\" data-essb-instance=\"1713822686\"><ul class=\"essb_links_list\"><li class=\"essb_item essb_link_facebook nolightbox essb_link_svg_icon\"> <a href=\"https:\/\/www.facebook.com\/sharer\/sharer.php?u=https%3A%2F%2Fclubdepoesia.com%2Fpedro-ivan-hernandez%2Fpoemas%2F&t=Poemas\" title=\"Share on Facebook\" onclick=\"essb.window(&#39;https:\/\/www.facebook.com\/sharer\/sharer.php?u=https%3A%2F%2Fclubdepoesia.com%2Fpedro-ivan-hernandez%2Fpoemas%2F&t=Poemas&#39;,&#39;facebook&#39;,&#39;1713822686&#39;); return false;\" target=\"_blank\" rel=\"nofollow\" class=\"nolightbox essb-s-bg-facebook essb-s-c-light essb-s-ch-light essb-s-bgh-dark essb-s-bg-network\" ><span class=\"essb_icon essb_icon_facebook\"><svg class=\"essb-svg-icon essb-svg-icon-facebook\" aria-hidden=\"true\" role=\"img\" focusable=\"false\" xmlns=\"http:\/\/www.w3.org\/2000\/svg\" width=\"16\" height=\"16\" viewBox=\"0 0 16 16\"><path d=\"M16 8.049c0-4.446-3.582-8.05-8-8.05C3.58 0-.002 3.603-.002 8.05c0 4.017 2.926 7.347 6.75 7.951v-5.625h-2.03V8.05H6.75V6.275c0-2.017 1.195-3.131 3.022-3.131.876 0 1.791.157 1.791.157v1.98h-1.009c-.993 0-1.303.621-1.303 1.258v1.51h2.218l-.354 2.326H9.25V16c3.824-.604 6.75-3.934 6.75-7.951\"><\/path><\/svg><\/span><span class=\"essb_network_name\">Facebook<\/span><\/a><\/li><li class=\"essb_item essb_link_twitter nolightbox essb_link_twitter_x essb_link_svg_icon\"> <a href=\"https:\/\/x.com\/intent\/post?text=Poemas&amp;url=https%3A%2F%2Fclubdepoesia.com%2Fpedro-ivan-hernandez%2Fpoemas%2F\" title=\"Share on Twitter\" onclick=\"essb.window(&#39;https:\/\/x.com\/intent\/post?text=Poemas&amp;url=https%3A%2F%2Fclubdepoesia.com%2Fpedro-ivan-hernandez%2Fpoemas%2F&#39;,&#39;twitter&#39;,&#39;1713822686&#39;); return false;\" target=\"_blank\" rel=\"nofollow\" class=\"nolightbox essb-s-bg-twitter essb-s-c-light essb-s-ch-light essb-s-bgh-dark essb-s-bg-network\" ><span class=\"essb_icon essb_icon_twitter_x\"><svg class=\"essb-svg-icon essb-svg-icon-twitter_x\" aria-hidden=\"true\" role=\"img\" focusable=\"false\" viewBox=\"0 0 24 24\"><path d=\"M18.244 2.25h3.308l-7.227 8.26 8.502 11.24H16.17l-5.214-6.817L4.99 21.75H1.68l7.73-8.835L1.254 2.25H8.08l4.713 6.231zm-1.161 17.52h1.833L7.084 4.126H5.117z\"><\/path><\/svg><\/span><span class=\"essb_network_name\">Twitter<\/span><\/a><\/li><li class=\"essb_item essb_link_pinterest nolightbox essb_link_svg_icon\"> <a href=\"#\" title=\"Share on Pinterest\" onclick=\"essb.pinterest_picker(&#39;1713822686&#39;); return false;\" target=\"_blank\" rel=\"nofollow\" class=\"nolightbox essb-s-bg-pinterest essb-s-c-light essb-s-ch-light essb-s-bgh-dark essb-s-bg-network\" ><span class=\"essb_icon essb_icon_pinterest\"><svg class=\"essb-svg-icon essb-svg-icon-pinterest\" aria-hidden=\"true\" role=\"img\" focusable=\"false\" width=\"32\" height=\"32\" viewBox=\"0 0 32 32\" xmlns=\"http:\/\/www.w3.org\/2000\/svg\"><path d=\"M10.625 12.25c0-1.375 0.313-2.5 1.063-3.438 0.688-0.938 1.563-1.438 2.563-1.438 0.813 0 1.438 0.25 1.875 0.813s0.688 1.25 0.688 2.063c0 0.5-0.125 1.125-0.313 1.813-0.188 0.75-0.375 1.625-0.688 2.563-0.313 1-0.563 1.75-0.688 2.313-0.25 1-0.063 1.875 0.563 2.625 0.625 0.688 1.438 1.063 2.438 1.063 1.75 0 3.188-1 4.313-2.938 1.125-2 1.688-4.375 1.688-7.188 0-2.125-0.688-3.875-2.063-5.25-1.375-1.313-3.313-2-5.813-2-2.813 0-5.063 0.875-6.75 2.688-1.75 1.75-2.625 3.875-2.625 6.375 0 1.5 0.438 2.75 1.25 3.75 0.313 0.313 0.375 0.688 0.313 1.063-0.125 0.313-0.25 0.813-0.375 1.5-0.063 0.25-0.188 0.438-0.375 0.5s-0.375 0.063-0.563 0c-1.313-0.563-2.25-1.438-2.938-2.75s-1-2.813-1-4.5c0-1.125 0.188-2.188 0.563-3.313s0.875-2.188 1.625-3.188c0.75-1.063 1.688-1.938 2.688-2.75 1.063-0.813 2.313-1.438 3.875-1.938 1.5-0.438 3.125-0.688 4.813-0.688 1.813 0 3.438 0.313 4.938 0.938 1.5 0.563 2.813 1.375 3.813 2.375 1.063 1.063 1.813 2.188 2.438 3.5 0.563 1.313 0.875 2.688 0.875 4.063 0 3.75-0.938 6.875-2.875 9.313-1.938 2.5-4.375 3.688-7.375 3.688-1 0-1.938-0.188-2.813-0.688-0.875-0.438-1.5-1-1.875-1.688-0.688 2.938-1.125 4.688-1.313 5.25-0.375 1.438-1.25 3.188-2.688 5.25h-1.313c-0.25-2.563-0.188-4.688 0.188-6.375l2.438-10.313c-0.375-0.813-0.563-1.813-0.563-3.063z\"><\/path><\/svg><\/span><span class=\"essb_network_name\">Pinterest<\/span><\/a><\/li><li class=\"essb_item essb_link_linkedin nolightbox essb_link_svg_icon\"> <a href=\"https:\/\/www.linkedin.com\/shareArticle?mini=true&amp;ro=true&amp;trk=EasySocialShareButtons&amp;title=Poemas&amp;url=https%3A%2F%2Fclubdepoesia.com%2Fpedro-ivan-hernandez%2Fpoemas%2F\" title=\"Share on LinkedIn\" onclick=\"essb.window(&#39;https:\/\/www.linkedin.com\/shareArticle?mini=true&amp;ro=true&amp;trk=EasySocialShareButtons&amp;title=Poemas&amp;url=https%3A%2F%2Fclubdepoesia.com%2Fpedro-ivan-hernandez%2Fpoemas%2F&#39;,&#39;linkedin&#39;,&#39;1713822686&#39;); return false;\" target=\"_blank\" rel=\"nofollow\" class=\"nolightbox essb-s-bg-linkedin essb-s-c-light essb-s-ch-light essb-s-bgh-dark essb-s-bg-network\" ><span class=\"essb_icon essb_icon_linkedin\"><svg class=\"essb-svg-icon essb-svg-icon-linkedin\" aria-hidden=\"true\" role=\"img\" focusable=\"false\" width=\"32\" height=\"32\" viewBox=\"0 0 32 32\" xmlns=\"http:\/\/www.w3.org\/2000\/svg\"><path d=\"M23.938 16.375c-0.438-0.5-1.188-0.75-2.25-0.75-1.375 0-2.313 0.438-2.875 1.188-0.563 0.813-0.813 1.938-0.813 3.375v10.938c0 0.188-0.063 0.375-0.25 0.563-0.125 0.125-0.375 0.25-0.563 0.25h-5.75c-0.188 0-0.375-0.125-0.563-0.25-0.125-0.188-0.25-0.375-0.25-0.563v-20.188c0-0.188 0.125-0.375 0.25-0.563 0.188-0.125 0.375-0.25 0.563-0.25h5.563c0.188 0 0.375 0.063 0.5 0.125s0.188 0.25 0.25 0.438c0 0.188 0.063 0.375 0.063 0.438s0 0.25 0 0.5c1.438-1.375 3.375-2 5.688-2 2.688 0 4.75 0.625 6.25 1.938 1.5 1.375 2.25 3.313 2.25 5.938v13.625c0 0.188-0.063 0.375-0.25 0.563-0.125 0.125-0.375 0.25-0.563 0.25h-5.875c-0.188 0-0.375-0.125-0.563-0.25-0.125-0.188-0.25-0.375-0.25-0.563v-12.313c0-1.063-0.188-1.875-0.563-2.438zM6.625 6.688c-0.75 0.75-1.688 1.125-2.75 1.125s-2-0.375-2.75-1.125c-0.75-0.75-1.125-1.625-1.125-2.75 0-1.063 0.375-1.938 1.125-2.688s1.688-1.188 2.75-1.188c1.063 0 2 0.438 2.75 1.188s1.125 1.625 1.125 2.688c0 1.125-0.375 2-1.125 2.75zM7.563 10.938v20.188c0 0.188-0.125 0.375-0.25 0.563-0.188 0.125-0.375 0.25-0.563 0.25h-5.75c-0.188 0-0.375-0.125-0.563-0.25-0.125-0.188-0.25-0.375-0.25-0.563v-20.188c0-0.188 0.125-0.375 0.25-0.563 0.188-0.125 0.375-0.25 0.563-0.25h5.75c0.188 0 0.375 0.125 0.563 0.25 0.125 0.188 0.25 0.375 0.25 0.563z\"><\/path><\/svg><\/span><span class=\"essb_network_name\">LinkedIn<\/span><\/a><\/li><li class=\"essb_item essb_link_whatsapp nolightbox essb_link_svg_icon\"> <a href=\"whatsapp:\/\/send?text=Poemas%20https%3A%2F%2Fclubdepoesia.com%2Fpedro-ivan-hernandez%2Fpoemas%2F\" title=\"Share on WhatsApp\" onclick=\"essb.whatsapp('Poemas%20https%3A%2F%2Fclubdepoesia.com%2Fpedro-ivan-hernandez%2Fpoemas%2F', '1713822686'); return false;\" target=\"_blank\" rel=\"nofollow\" class=\"nolightbox essb-s-bg-whatsapp essb-s-c-light essb-s-ch-light essb-s-bgh-dark essb-s-bg-network\" ><span class=\"essb_icon essb_icon_whatsapp\"><svg class=\"essb-svg-icon essb-svg-icon-whatsapp\" aria-hidden=\"true\" role=\"img\" focusable=\"false\" width=\"32\" height=\"32\" viewBox=\"0 0 32 32\" xmlns=\"http:\/\/www.w3.org\/2000\/svg\"><path d=\"M27.313 4.625c-3-3-7-4.625-11.25-4.625-8.75 0-15.875 7.125-15.875 15.875 0 2.75 0.75 5.5 2.125 7.938l-2.25 8.188 8.438-2.188c2.313 1.25 4.875 1.938 7.563 1.938v0c0 0 0 0 0 0 8.75 0 15.875-7.125 15.875-15.875 0-4.25-1.625-8.25-4.625-11.25zM16.063 29.063v0c-2.375 0-4.688-0.625-6.688-1.875l-0.5-0.25-5 1.313 1.313-4.875-0.313-0.5c-1.313-2.125-2-4.5-2-7 0-7.313 5.938-13.188 13.188-13.188 3.5 0 6.813 1.375 9.313 3.875s3.875 5.813 3.875 9.313c0 7.25-5.938 13.188-13.188 13.188zM23.313 19.188c-0.438-0.188-2.375-1.188-2.75-1.313-0.313-0.125-0.625-0.188-0.875 0.188-0.25 0.438-1 1.313-1.25 1.563s-0.438 0.313-0.875 0.125c-0.375-0.188-1.625-0.625-3.188-2-1.125-1-1.938-2.313-2.188-2.75-0.25-0.375 0-0.563 0.188-0.813 0.188-0.125 0.375-0.438 0.563-0.688 0.25-0.188 0.313-0.375 0.438-0.625s0.063-0.5-0.063-0.688c-0.063-0.188-0.875-2.188-1.188-2.938-0.375-0.813-0.688-0.688-0.938-0.688-0.188 0-0.5 0-0.75 0s-0.688 0.063-1.063 0.438c-0.375 0.438-1.375 1.375-1.375 3.313 0 2 1.438 3.875 1.625 4.125s2.813 4.25 6.75 6c0.938 0.375 1.688 0.625 2.25 0.813 1 0.313 1.813 0.25 2.5 0.188 0.813-0.125 2.375-1 2.688-1.938 0.375-0.875 0.375-1.688 0.25-1.875-0.125-0.125-0.375-0.25-0.75-0.438z\"><\/path><\/svg><\/span><span class=\"essb_network_name\">WhatsApp<\/span><\/a><\/li><\/ul><\/div>[\/vc_column][\/vc_row]\n<\/div>","protected":false},"excerpt":{"rendered":"<p>[vc_row a_image_on=&#8221;&#8221; a_video_on=&#8221;&#8221; a_overlay_on=&#8221;&#8221; a_parallax_on=&#8221;&#8221; a_sep_on=&#8221;&#8221; a_full_height_on=&#8221;&#8221; offset_left=&#8221;&#8221; offset_right=&#8221;&#8221; margin_top=&#8221;&#8221; css=&#8221;.vc_custom_1448912029544{margin-top: -50px !important;}&#8221;][vc_column extend=&#8221;false&#8221;][\/vc_column][\/vc_row][vc_row a_image_on=&#8221;&#8221; a_video_on=&#8221;&#8221; a_overlay_on=&#8221;&#8221; a_parallax_on=&#8221;&#8221; a_sep_on=&#8221;&#8221; a_full_height_on=&#8221;&#8221; offset_left=&#8221;&#8221; offset_right=&#8221;&#8221; margin_top=&#8221;&#8221; css=&#8221;.vc_custom_1449184627940{margin-top: -50px !important;background-color: #c2b8a8 !important;}&#8221;][vc_column extend=&#8221;false&#8221;][row_scroll entrance=&#8221;content-fly-left&#8221; exit=&#8221;content-fly-left&#8221; body_overflow=&#8221;true&#8221;][vc_column_text css=&#8221;.vc_custom_1485897653562{margin-top: 0px !important;margin-right: 0px !important;margin-bottom: 0px !important;margin-left: 0px !important;border-top-width: 0px !important;border-right-width: 0px !important;border-bottom-width: 0px !important;border-left-width: 0px !important;padding-top: 0px !important;padding-right: 0px !important;padding-bottom: 0px !important;padding-left: [&hellip;]<\/p>\n","protected":false},"author":24,"featured_media":0,"parent":0,"menu_order":3,"comment_status":"closed","ping_status":"closed","template":"","meta":{"footnotes":"","_links_to":"","_links_to_target":""},"class_list":["post-60","page","type-page","status-publish","hentry"],"_links":{"self":[{"href":"https:\/\/clubdepoesia.com\/pedro-ivan-hernandez\/wp-json\/wp\/v2\/pages\/60","targetHints":{"allow":["GET"]}}],"collection":[{"href":"https:\/\/clubdepoesia.com\/pedro-ivan-hernandez\/wp-json\/wp\/v2\/pages"}],"about":[{"href":"https:\/\/clubdepoesia.com\/pedro-ivan-hernandez\/wp-json\/wp\/v2\/types\/page"}],"author":[{"embeddable":true,"href":"https:\/\/clubdepoesia.com\/pedro-ivan-hernandez\/wp-json\/wp\/v2\/users\/24"}],"replies":[{"embeddable":true,"href":"https:\/\/clubdepoesia.com\/pedro-ivan-hernandez\/wp-json\/wp\/v2\/comments?post=60"}],"version-history":[{"count":0,"href":"https:\/\/clubdepoesia.com\/pedro-ivan-hernandez\/wp-json\/wp\/v2\/pages\/60\/revisions"}],"wp:attachment":[{"href":"https:\/\/clubdepoesia.com\/pedro-ivan-hernandez\/wp-json\/wp\/v2\/media?parent=60"}],"curies":[{"name":"wp","href":"https:\/\/api.w.org\/{rel}","templated":true}]}}