{"id":47,"date":"2018-04-08T16:54:33","date_gmt":"2018-04-08T16:54:33","guid":{"rendered":"https:\/\/clubdepoesia.com\/pablomelgaresnatoli\/?page_id=47"},"modified":"2018-04-08T16:54:33","modified_gmt":"2018-04-08T16:54:33","slug":"poesia-del-libro-incendios-tempranos","status":"publish","type":"page","link":"https:\/\/clubdepoesia.com\/pablomelgaresnatoli\/poesia-del-libro-incendios-tempranos\/","title":{"rendered":"Poes\u00eda del libro INCENDIOS TEMPRANOS"},"content":{"rendered":"<div class=\"wpb-content-wrapper\">[vc_row][vc_column extend=&#8221;false&#8221;][vc_column_text css=&#8221;.vc_custom_1523205750287{margin-top: -30000px !important;}&#8221;]\n<h1><strong><em><u>Poes\u00eda del libro INCENDIOS TEMPRANOS de PABLO MELGARES NATOLI. El escritor nos da una muestra tras publicar un libro.<\/u><\/em><\/strong><\/h1>\n<h2><strong><em><u><img fetchpriority=\"high\" decoding=\"async\" class=\"aligncenter size-full wp-image-16\" src=\"https:\/\/clubdepoesia.com\/pablomelgaresnatoli\/files\/2018\/04\/book1indendiostempranos.png\" alt=\"Poes\u00eda del libro INCENDIOS TEMPRANOS de PABLO MELGARES NATOLI\" width=\"630\" height=\"595\" srcset=\"https:\/\/clubdepoesia.com\/pablomelgaresnatoli\/files\/2018\/04\/book1indendiostempranos.png 630w, https:\/\/clubdepoesia.com\/pablomelgaresnatoli\/files\/2018\/04\/book1indendiostempranos-300x283.png 300w\" sizes=\"(max-width: 630px) 100vw, 630px\" \/>Poes\u00eda del libro INCENDIOS TEMPRANOS de PABLO MELGARES NATOLI . El poeta nos da una muestra tras publicar un libro.<\/u><\/em><\/strong><\/h2>\n<h3><strong><em><u>Poes\u00eda del libro INCENDIOS TEMPRANOS de PABLO MELGARES NATOLI. El autor nos da una muestra tras publicar un libro.<\/u><\/em><\/strong><\/h3>\n<h4><strong><em><u>Poes\u00eda del libro INCENDIOS TEMPRANOS de PABLO MELGARES NATOLI. El autor nos da una muestra tras publicar un libro.<\/u><\/em><\/strong><\/h4>\n<h5><strong><em><u>Poes\u00eda del libro INCENDIOS TEMPRANOS de PABLO MELGARES NATOLI . El autor nos da una muestra tras publicar un libro.<\/u><\/em><\/strong><\/h5>\n[\/vc_column_text][\/vc_column][\/vc_row][vc_row][vc_column extend=&#8221;false&#8221;]<div class='gambit_parallax_row' data-bg-align='' data-direction='fixed' data-opacity='100' data-velocity='-0.3' data-mobile-enabled='' data-bg-height='768' data-bg-width='1024' data-bg-image='https:\/\/clubdepoesia.com\/pablomelgaresnatoli\/files\/2018\/04\/301.jpg' data-bg-repeat='false' data-id='' style='display: none'><\/div><div class=\"gambit_fullheight_row\" data-content-location=\"center\" style=\"display: none\"><\/div>[\/vc_column][\/vc_row][vc_row][vc_column extend=&#8221;false&#8221;][vc_column_text]\n<h1><a name=\"_Toc507005048\"><\/a><strong>Primavera hecha mujer<\/strong><\/h1>\n<p>&nbsp;<\/p>\n<p>Est\u00e1s toda florecida.<\/p>\n<p>&nbsp;<\/p>\n<p>Te cuelgan p\u00e9talos de los ojos,<\/p>\n<p>tu cuello est\u00e1 bordado con rosas,<\/p>\n<p>nacen jazmines en los recovecos de tus orejas.<\/p>\n<p>&nbsp;<\/p>\n<p>De tu espalda cuelgan hiedras<\/p>\n<p>y te coronan biznagas:<\/p>\n<p>de boda y sin novio.<\/p>\n<p>En tus pies cientos de girasoles<\/p>\n<p>siempre buscando el sol,<\/p>\n<p>viajera.<\/p>\n<p>Entre tus piernas plantas carn\u00edvoras;<\/p>\n<p>que se atreva alguien a alcanzar<\/p>\n<p>el Para\u00edso.<\/p>\n<p>&nbsp;<\/p>\n<p>Me paso el a\u00f1o esperando primaveras.<\/p>\n<p>Las flores que traigo a casa<\/p>\n<p>no me duran un llanto.<\/p>\n<p>Las ahogar\u00e9, supongo.<\/p>\n<p>&nbsp;<\/p>\n<p>&nbsp;<\/p>\n<p>&nbsp;<\/p>\n<span class='bctt-click-to-tweet'><span class='bctt-ctt-text'><a href='https:\/\/x.com\/intent\/tweet?url=https%3A%2F%2Fclubdepoesia.com%2Fpablomelgaresnatoli%2Fpoesia-del-libro-incendios-tempranos%2F&#038;text=Primavera%20hecha%20mujer%20del%20libro%20INCENDIOS%20TEMPRANOS%20de%20PABLO%20MELGARES%20NATOLI&#038;via=poesiaerestu&#038;related=poesiaerestu' target='_blank'rel=\"noopener noreferrer\">Primavera hecha mujer del libro INCENDIOS TEMPRANOS de PABLO MELGARES NATOLI <\/a><\/span><a href='https:\/\/x.com\/intent\/tweet?url=https%3A%2F%2Fclubdepoesia.com%2Fpablomelgaresnatoli%2Fpoesia-del-libro-incendios-tempranos%2F&#038;text=Primavera%20hecha%20mujer%20del%20libro%20INCENDIOS%20TEMPRANOS%20de%20PABLO%20MELGARES%20NATOLI&#038;via=poesiaerestu&#038;related=poesiaerestu' target='_blank' class='bctt-ctt-btn'rel=\"noopener noreferrer\">Compartir en X<\/a><\/span>[\/vc_column_text][\/vc_column][\/vc_row][vc_row][vc_column extend=&#8221;false&#8221;]<div class='gambit_parallax_row' data-bg-align='' data-direction='fixed' data-opacity='100' data-velocity='-0.3' data-mobile-enabled='' data-bg-height='768' data-bg-width='1152' data-bg-image='https:\/\/clubdepoesia.com\/pablomelgaresnatoli\/files\/2018\/04\/302.jpg' data-bg-repeat='false' data-id='' style='display: none'><\/div><div class=\"gambit_fullheight_row\" data-content-location=\"center\" style=\"display: none\"><\/div>[\/vc_column][\/vc_row][vc_row][vc_column extend=&#8221;false&#8221;][vc_column_text]\n<h1><a name=\"_Toc507005053\"><\/a><strong>Ofensa a la poes\u00eda<\/strong><\/h1>\n<p>&nbsp;<\/p>\n<p>Podr\u00eda decirte que mis septiembres son menos abruptos contigo,<\/p>\n<p>que tus ojos de canela les sientan bien a mis caf\u00e9s de media tarde,<\/p>\n<p>que tus faldas cortas desprenden m\u00e1s calor que agosto.<\/p>\n<p>Escribirte poemas vac\u00edos que rellene con tus besos.<\/p>\n<p>Podr\u00eda intentar descubrirte por las noches<\/p>\n<p>y entenderte a base de caricias.<\/p>\n<p>&nbsp;<\/p>\n<p>Pero mentir\u00eda.<\/p>\n<p>&nbsp;<\/p>\n<p>Ser\u00eda una farsa si no le pongo el coraz\u00f3n<\/p>\n<p>en cada palabra.<\/p>\n<p>Notar\u00edas c\u00f3mo estas se quedan en mi boca<\/p>\n<p>y el primero se queda en el pecho.<\/p>\n<p>No jugar\u00e9 la treta de m\u00e1s de uno<\/p>\n<p>y solo escribir\u00e9 lo que ella quiera que escriba.<\/p>\n<p>\u2014y con ella me refiero a la poes\u00eda\u2014.<\/p>\n<p>&nbsp;<\/p>\n<span class='bctt-click-to-tweet'><span class='bctt-ctt-text'><a href='https:\/\/x.com\/intent\/tweet?url=https%3A%2F%2Fclubdepoesia.com%2Fpablomelgaresnatoli%2Fpoesia-del-libro-incendios-tempranos%2F&#038;text=Ofensa%20a%20la%20poes%C3%ADa%20del%20libro%20INCENDIOS%20TEMPRANOS%20de%20Pablo%20Melganes%20Natoli&#038;via=poesiaerestu&#038;related=poesiaerestu' target='_blank'rel=\"noopener noreferrer\">Ofensa a la poes\u00eda del libro INCENDIOS TEMPRANOS de Pablo Melganes Natoli <\/a><\/span><a href='https:\/\/x.com\/intent\/tweet?url=https%3A%2F%2Fclubdepoesia.com%2Fpablomelgaresnatoli%2Fpoesia-del-libro-incendios-tempranos%2F&#038;text=Ofensa%20a%20la%20poes%C3%ADa%20del%20libro%20INCENDIOS%20TEMPRANOS%20de%20Pablo%20Melganes%20Natoli&#038;via=poesiaerestu&#038;related=poesiaerestu' target='_blank' class='bctt-ctt-btn'rel=\"noopener noreferrer\">Compartir en X<\/a><\/span>[\/vc_column_text][\/vc_column][\/vc_row][vc_row][vc_column extend=&#8221;false&#8221;]<div class='gambit_parallax_row' data-bg-align='' data-direction='fixed' data-opacity='100' data-velocity='-0.3' data-mobile-enabled='' data-bg-height='768' data-bg-width='1023' data-bg-image='https:\/\/clubdepoesia.com\/pablomelgaresnatoli\/files\/2018\/04\/aaron-burden-64849-Medium.jpg' data-bg-repeat='false' data-id='' style='display: none'><\/div><div class=\"gambit_fullheight_row\" data-content-location=\"center\" style=\"display: none\"><\/div>[\/vc_column][\/vc_row][vc_row][vc_column extend=&#8221;false&#8221;][vc_column_text]\n<h1><a name=\"_Toc507948186\"><\/a><\/h1>\n<h1><a name=\"_Toc507005064\"><\/a><strong>Segundos eternos<\/strong><\/h1>\n<p>&nbsp;<\/p>\n<p>En la eternidad de un segundo<\/p>\n<p>cabe toda una vida.<\/p>\n<p>As\u00ed pues, te aconsejo:<\/p>\n<p>ten cuidado con la pr\u00f3xima persona<\/p>\n<p>que te pida un segundo de tu tiempo.<\/p>\n<span class='bctt-click-to-tweet'><span class='bctt-ctt-text'><a href='https:\/\/x.com\/intent\/tweet?url=https%3A%2F%2Fclubdepoesia.com%2Fpablomelgaresnatoli%2Fpoesia-del-libro-incendios-tempranos%2F&#038;text=SEGUNDOS%20ETERNOS%20del%20libro%20INCENDIOS%20TEMPRANOS%20de%20Pablo%20Melgares%20Natoli&#038;via=poesiaerestu&#038;related=poesiaerestu' target='_blank'rel=\"noopener noreferrer\">SEGUNDOS ETERNOS del libro INCENDIOS TEMPRANOS de Pablo Melgares Natoli <\/a><\/span><a href='https:\/\/x.com\/intent\/tweet?url=https%3A%2F%2Fclubdepoesia.com%2Fpablomelgaresnatoli%2Fpoesia-del-libro-incendios-tempranos%2F&#038;text=SEGUNDOS%20ETERNOS%20del%20libro%20INCENDIOS%20TEMPRANOS%20de%20Pablo%20Melgares%20Natoli&#038;via=poesiaerestu&#038;related=poesiaerestu' target='_blank' class='bctt-ctt-btn'rel=\"noopener noreferrer\">Compartir en X<\/a><\/span>[\/vc_column_text][\/vc_column][\/vc_row][vc_row][vc_column extend=&#8221;false&#8221;]<div class='gambit_parallax_row' data-bg-align='' data-direction='fixed' data-opacity='100' data-velocity='-0.3' data-mobile-enabled='' data-bg-height='768' data-bg-width='1023' data-bg-image='https:\/\/clubdepoesia.com\/pablomelgaresnatoli\/files\/2018\/04\/aaron-burden-40490.jpg' data-bg-repeat='false' data-id='' style='display: none'><\/div><div class=\"gambit_fullheight_row\" data-content-location=\"center\" style=\"display: none\"><\/div>[\/vc_column][\/vc_row][vc_row][vc_column extend=&#8221;false&#8221;][vc_column_text]\n<h1><a name=\"_Toc507948196\"><\/a><\/h1>\n<h1><a name=\"_Toc507005077\"><\/a><strong>Mujer<\/strong><\/h1>\n<p>&nbsp;<\/p>\n<p>Es a ti a quien escriben los poetas.<\/p>\n<p>Eres t\u00fa la inspiraci\u00f3n de los pintores.<\/p>\n<p>Es por ti por quien el sol sale cada d\u00eda.<\/p>\n<p>T\u00fa eres el principio de todo,<\/p>\n<p>que les jodan a las religiones.<\/p>\n<p>Es a ti a quien est\u00e1 dedicado el Taj Mahal.<\/p>\n<p>T\u00fa eres Afrodita.<\/p>\n<p>T\u00fa eres la Estatua de la Libertad.<\/p>\n<p>T\u00fa eres revoluci\u00f3n.<\/p>\n<p>T\u00fa eres mujer.<\/p>\n<span class='bctt-click-to-tweet'><span class='bctt-ctt-text'><a href='https:\/\/x.com\/intent\/tweet?url=https%3A%2F%2Fclubdepoesia.com%2Fpablomelgaresnatoli%2Fpoesia-del-libro-incendios-tempranos%2F&#038;text=MUJER%20del%20libro%20INCENDIOS%20TEMPRANOS%20de%20Pablo%20Melgares%20Natoli&#038;via=poesiaerestu&#038;related=poesiaerestu' target='_blank'rel=\"noopener noreferrer\">MUJER del libro INCENDIOS TEMPRANOS de Pablo Melgares Natoli <\/a><\/span><a href='https:\/\/x.com\/intent\/tweet?url=https%3A%2F%2Fclubdepoesia.com%2Fpablomelgaresnatoli%2Fpoesia-del-libro-incendios-tempranos%2F&#038;text=MUJER%20del%20libro%20INCENDIOS%20TEMPRANOS%20de%20Pablo%20Melgares%20Natoli&#038;via=poesiaerestu&#038;related=poesiaerestu' target='_blank' class='bctt-ctt-btn'rel=\"noopener noreferrer\">Compartir en X<\/a><\/span>[\/vc_column_text][\/vc_column][\/vc_row][vc_row][vc_column extend=&#8221;false&#8221;]<div class='gambit_parallax_row' data-bg-align='' data-direction='fixed' data-opacity='100' data-velocity='-0.3' data-mobile-enabled='' data-bg-height='768' data-bg-width='1023' data-bg-image='https:\/\/clubdepoesia.com\/pablomelgaresnatoli\/files\/2018\/04\/aaron-burden-123584.jpg' data-bg-repeat='false' data-id='' style='display: none'><\/div><div class=\"gambit_fullheight_row\" data-content-location=\"center\" style=\"display: none\"><\/div>[\/vc_column][\/vc_row][vc_row][vc_column extend=&#8221;false&#8221;][vc_column_text css=&#8221;.vc_custom_1523205750287{margin-top: -30000px !important;}&#8221;]\n<h1><strong><em><u>Poes\u00eda del libro INCENDIOS TEMPRANOS de PABLO MELGARES NATOLI. El escritor nos da una muestra tras publicar un libro.<\/u><\/em><\/strong><\/h1>\n<h2><strong><em><u><img fetchpriority=\"high\" decoding=\"async\" class=\"aligncenter size-full wp-image-16\" src=\"https:\/\/clubdepoesia.com\/pablomelgaresnatoli\/files\/2018\/04\/book1indendiostempranos.png\" alt=\"Poes\u00eda del libro INCENDIOS TEMPRANOS de PABLO MELGARES NATOLI\" width=\"630\" height=\"595\" srcset=\"https:\/\/clubdepoesia.com\/pablomelgaresnatoli\/files\/2018\/04\/book1indendiostempranos.png 630w, https:\/\/clubdepoesia.com\/pablomelgaresnatoli\/files\/2018\/04\/book1indendiostempranos-300x283.png 300w\" sizes=\"(max-width: 630px) 100vw, 630px\" \/>Poes\u00eda del libro INCENDIOS TEMPRANOS de PABLO MELGARES NATOLI . El poeta nos da una muestra tras publicar un libro.<\/u><\/em><\/strong><\/h2>\n<h3><strong><em><u>Poes\u00eda del libro INCENDIOS TEMPRANOS de PABLO MELGARES NATOLI. El autor nos da una muestra tras publicar un libro.<\/u><\/em><\/strong><\/h3>\n<h4><strong><em><u>Poes\u00eda del libro INCENDIOS TEMPRANOS de PABLO MELGARES NATOLI. El autor nos da una muestra tras publicar un libro.<\/u><\/em><\/strong><\/h4>\n<h5><strong><em><u>Poes\u00eda del libro INCENDIOS TEMPRANOS de PABLO MELGARES NATOLI . El autor nos da una muestra tras publicar un libro.<\/u><\/em><\/strong><\/h5>\n[\/vc_column_text][\/vc_column][\/vc_row]\n<\/div>","protected":false},"excerpt":{"rendered":"<p>[vc_row][vc_column extend=&#8221;false&#8221;][vc_column_text css=&#8221;.vc_custom_1523205750287{margin-top: -30000px !important;}&#8221;] Poes\u00eda del libro INCENDIOS TEMPRANOS de PABLO MELGARES NATOLI. El escritor nos da una muestra tras publicar un libro. Poes\u00eda del libro INCENDIOS TEMPRANOS de PABLO MELGARES NATOLI . El poeta nos da una muestra tras publicar un libro. Poes\u00eda del libro INCENDIOS TEMPRANOS de PABLO MELGARES NATOLI. El autor [&hellip;]<\/p>\n","protected":false},"author":24,"featured_media":0,"parent":0,"menu_order":3,"comment_status":"closed","ping_status":"closed","template":"","meta":{"footnotes":"","_links_to":"","_links_to_target":""},"class_list":["post-47","page","type-page","status-publish","hentry"],"_links":{"self":[{"href":"https:\/\/clubdepoesia.com\/pablomelgaresnatoli\/wp-json\/wp\/v2\/pages\/47","targetHints":{"allow":["GET"]}}],"collection":[{"href":"https:\/\/clubdepoesia.com\/pablomelgaresnatoli\/wp-json\/wp\/v2\/pages"}],"about":[{"href":"https:\/\/clubdepoesia.com\/pablomelgaresnatoli\/wp-json\/wp\/v2\/types\/page"}],"author":[{"embeddable":true,"href":"https:\/\/clubdepoesia.com\/pablomelgaresnatoli\/wp-json\/wp\/v2\/users\/24"}],"replies":[{"embeddable":true,"href":"https:\/\/clubdepoesia.com\/pablomelgaresnatoli\/wp-json\/wp\/v2\/comments?post=47"}],"version-history":[{"count":0,"href":"https:\/\/clubdepoesia.com\/pablomelgaresnatoli\/wp-json\/wp\/v2\/pages\/47\/revisions"}],"wp:attachment":[{"href":"https:\/\/clubdepoesia.com\/pablomelgaresnatoli\/wp-json\/wp\/v2\/media?parent=47"}],"curies":[{"name":"wp","href":"https:\/\/api.w.org\/{rel}","templated":true}]}}