{"id":63,"date":"2017-03-05T21:10:42","date_gmt":"2017-03-05T21:10:42","guid":{"rendered":"http:\/\/clubdepoesia.com\/miguelangelmartinezjanariz\/?page_id=63"},"modified":"2017-03-05T21:10:42","modified_gmt":"2017-03-05T21:10:42","slug":"poemas","status":"publish","type":"page","link":"https:\/\/clubdepoesia.com\/miguelangelmartinezjanariz\/poemas\/","title":{"rendered":"Poemas"},"content":{"rendered":"<div class=\"wpb-content-wrapper\">[vc_row][vc_column extend=&#8221;false&#8221;]<div class=\"gambit_fullheight_row\" data-content-location=\"center\" style=\"display: none\"><\/div><div class='gambit_parallax_row' data-bg-align='' data-direction='fixed' data-opacity='100' data-velocity='-0.3' data-mobile-enabled='' data-bg-height='3648' data-bg-width='5472' data-bg-image='https:\/\/clubdepoesia.com\/miguelangelmartinezjanariz\/files\/2017\/03\/60.jpg' data-bg-repeat='false' data-id='' style='display: none'><\/div>[\/vc_column][\/vc_row][vc_row][vc_column extend=&#8221;false&#8221;][row_scroll entrance=&#8221;fly-left&#8221; exit=&#8221;fly-left&#8221;]<div class=\"gambit_fullheight_row\" data-content-location=\"center\" style=\"display: none\"><\/div>[vc_column_text]<a name=\"_Toc475461507\"><\/a><strong>L<\/strong><strong>os \u00e1rboles<\/strong><\/p>\n<p>&nbsp;<\/p>\n<p>\u00c1rboles erguidos<\/p>\n<p>mirando siempre el cielo<\/p>\n<p>imagen milenaria que mi mente siempre sue\u00f1a<\/p>\n<p>en los crep\u00fasculos solitarios del invierno<strong>.<\/strong><\/p>\n<p>&nbsp;<\/p>\n<p>\u00c1rboles sosegados e inm\u00f3viles<\/p>\n<p>que solo cuando el viento<\/p>\n<p>azota con fuerza vuestras copas<\/p>\n<p>dej\u00e1is lucir la danza m\u00e1s bella de la tierra.<\/p>\n<p>&nbsp;<\/p>\n<p>Ramas, brazos, copas, nidos,<\/p>\n<p>que os abraz\u00e1is en el aire<\/p>\n<p>por qu\u00e9 os fund\u00eds con mi alma triste<\/p>\n<p>por qu\u00e9 sois el desv\u00e1n de mis consuelos.<\/p>\n<p>&nbsp;<\/p>\n<p>\u00c1rboles tupidos de neblinas amarillas<\/p>\n<p>gigantes que mi vista no abarca<\/p>\n<p>chopos, cipreses, abetos, robles, pinos,<\/p>\n<p>autentica expresi\u00f3n de la tierra que habla.<\/p>\n<p>&nbsp;<\/p>\n<p>\u00c1rboles silenciosos<\/p>\n<p>callados como nubes<\/p>\n<p>pensativos como \u00e1guilas<\/p>\n<p>fugaces como r\u00edos.<\/p>\n<p>&nbsp;<\/p>\n<p>\u00c1rboles frondosos de madrugadas descarnadas<\/p>\n<p>hermanos de atardeceres sin cantos<\/p>\n<p>de noches oscuras en el mar<\/p>\n<p>de d\u00edas luminosos y de rosas<\/p>\n<p>&nbsp;<\/p>\n<p>&nbsp;<\/p>\n<p>de cosechas al sol<\/p>\n<p>de correr\u00edas de muchachos<\/p>\n<p>de amores furtivos en vuestras sombras.<\/p>\n<p>&nbsp;<\/p>\n<p>\u00c1rboles formados de agua y luz<\/p>\n<p>de estrellas y roc\u00edos<\/p>\n<p>de soledades y compa\u00f1\u00edas<\/p>\n<p>\u00e1rboles que sois la expresi\u00f3n de mi lamento<\/p>\n<p>y la viva imagen de mi alegr\u00eda.<\/p>\n<p>&nbsp;<\/p>\n<p>\u00a1Decidme \u00e1rboles!<\/p>\n<p>En vuestro silencio.<\/p>\n<p>Cuando paseo solo y melanc\u00f3lico por vuestras hojas.<\/p>\n<p>Cuando rodeo con mis brazos vuestro tronco<\/p>\n<p>y pensativo me desnudo a vuestro lado.<\/p>\n<p>&nbsp;<\/p>\n<p>Cuando mis ojos son vuestras copas.<\/p>\n<p>\u00a1Decidme \u00e1rboles y no me ocult\u00e9is este anhelo!<\/p>\n<p>\u00bfPor qu\u00e9 escuch\u00e1is conmovidos mis pasos<\/p>\n<p>y el latido pausado<\/p>\n<p>de este alma que os venera?[\/vc_column_text][\/vc_column][\/vc_row][vc_row][vc_column extend=&#8221;false&#8221;]<div class=\"gambit_fullheight_row\" data-content-location=\"center\" style=\"display: none\"><\/div><div class='gambit_parallax_row' data-bg-align='' data-direction='fixed' data-opacity='100' data-velocity='-0.3' data-mobile-enabled='' data-bg-height='2448' data-bg-width='3264' data-bg-image='https:\/\/clubdepoesia.com\/miguelangelmartinezjanariz\/files\/2017\/03\/152.jpg' data-bg-repeat='false' data-id='' style='display: none'><\/div>[\/vc_column][\/vc_row][vc_row][vc_column extend=&#8221;false&#8221;][row_scroll entrance=&#8221;fly-right&#8221; exit=&#8221;fly-right&#8221;]<div class=\"gambit_fullheight_row\" data-content-location=\"center\" style=\"display: none\"><\/div>[vc_column_text]<a name=\"_Toc475461515\"><\/a><strong>U<\/strong><strong>no no es uno<\/strong><\/p>\n<p><strong>\u00a0<\/strong><\/p>\n<p>Uno no es uno sino muchos<\/p>\n<p>tal vez la poblaci\u00f3n de un continente<\/p>\n<p>rostros cansados en sudorosos d\u00edas<\/p>\n<p>hombres callados en inviernos fr\u00edos<\/p>\n<p>l\u00edvidos ni\u00f1os<\/p>\n<p>plet\u00f3ricas madres en su alumbramiento<\/p>\n<p>hojas que el viento abandona<\/p>\n<p>lejos de la orilla.<\/p>\n<p>&nbsp;<\/p>\n<p>Uno es todo y a veces es nada.<\/p>\n<p>Incomprensible su versatilidad<\/p>\n<p>en un mundo sin juicio<\/p>\n<p>que somete al hombre a la tortura<\/p>\n<p>de sentirse esclavo<\/p>\n<p>habiendo nacido libre.<\/p>\n<p>&nbsp;<\/p>\n<p>Por eso el hombre<\/p>\n<p>bordea la vida como un p\u00e1jaro<\/p>\n<p>arrastra la corriente de su alma<\/p>\n<p>siente la paz como un derecho<\/p>\n<p>proclama la guerra como un hereje<\/p>\n<p>mientras se lava las manos de tanta inmundicia<\/p>\n<p>con el carb\u00f3n perverso del olvido.<\/p>\n<p>&nbsp;<\/p>\n<p>Por eso yo me voy en esta noche<\/p>\n<p>no con este cuerpo que me cubre<\/p>\n<p>ni con este rostro que conozco<\/p>\n<p>ni con este alma que me aturde.<\/p>\n<p>Prefiero marcharme<\/p>\n<p>con la mirada fr\u00e1gil de un lirio<\/p>\n<p>en el coraz\u00f3n feliz de una doncella.<\/p>\n<p>&nbsp;<\/p>\n<p>Ustedes vayan con quien deseen<\/p>\n<p>pero decidan con urgencia<\/p>\n<p>su nueva m\u00e1scara.[\/vc_column_text][\/vc_column][\/vc_row][vc_row][vc_column extend=&#8221;false&#8221;]<div class=\"gambit_fullheight_row\" data-content-location=\"center\" style=\"display: none\"><\/div><div class='gambit_parallax_row' data-bg-align='' data-direction='fixed' data-opacity='100' data-velocity='-0.3' data-mobile-enabled='' data-bg-height='3744' data-bg-width='5616' data-bg-image='https:\/\/clubdepoesia.com\/miguelangelmartinezjanariz\/files\/2017\/03\/18.jpg' data-bg-repeat='false' data-id='' style='display: none'><\/div>[\/vc_column][\/vc_row][vc_row][vc_column extend=&#8221;false&#8221;][row_scroll entrance=&#8221;fly-right&#8221; exit=&#8221;fly-right&#8221;]<div class=\"gambit_fullheight_row\" data-content-location=\"center\" style=\"display: none\"><\/div>[vc_column_text]<a name=\"_Toc475461518\"><\/a><strong>Dos lunas<\/strong><\/p>\n<p>&nbsp;<\/p>\n<p>Hoy mi coraz\u00f3n se parti\u00f3 en dos<\/p>\n<p>como dos lunas.<\/p>\n<p>&nbsp;<\/p>\n<p>El vac\u00edo y la nada tomaron<\/p>\n<p>el mando cual general impasible.<\/p>\n<p>&nbsp;<\/p>\n<p>Alert\u00e9 signos inequ\u00edvocos<\/p>\n<p>de locura dulce y rayos<\/p>\n<p>de fuego fatuo<\/p>\n<p>cayeron sobre mis pupilas.<\/p>\n<p>&nbsp;<\/p>\n<p>El cielo despleg\u00f3<\/p>\n<p>una bruma densa gris espesa.<\/p>\n<p>&nbsp;<\/p>\n<p>Pens\u00e9 que era el final<\/p>\n<p>y as\u00ed se lo hice saber a mis allegados.<\/p>\n<p>&nbsp;<\/p>\n<p>Pero al escuchar tu voz c\u00e1lida<\/p>\n<p>y cadenciosa<\/p>\n<p>s\u00fabitamente<\/p>\n<p>como un rayo en la tormenta<\/p>\n<p>desaparecieron<\/p>\n<p>de m\u00ed todos los fantasmas.[\/vc_column_text][\/vc_column][\/vc_row][vc_row][vc_column extend=&#8221;false&#8221;]<div class=\"gambit_fullheight_row\" data-content-location=\"center\" style=\"display: none\"><\/div><div class='gambit_parallax_row' data-bg-align='' data-direction='fixed' data-opacity='100' data-velocity='-0.3' data-mobile-enabled='' data-bg-height='871' data-bg-width='551' data-bg-image='https:\/\/clubdepoesia.com\/miguelangelmartinezjanariz\/files\/2017\/03\/Fotolia_11944034_S.jpg' data-bg-repeat='false' data-id='' style='display: none'><\/div>[\/vc_column][\/vc_row][vc_row][vc_column extend=&#8221;false&#8221;][row_scroll entrance=&#8221;fly-left&#8221; exit=&#8221;stick-fly-left&#8221;]<div class=\"gambit_fullheight_row\" data-content-location=\"center\" style=\"display: none\"><\/div>[vc_column_text]<a name=\"_Toc475461530\"><\/a><strong>La vida<\/strong><\/p>\n<p>&nbsp;<\/p>\n<p>La vida es correr<\/p>\n<p>es re\u00edr<\/p>\n<p>es temblar de miedo<\/p>\n<p>sentir el viento helado en la cara<\/p>\n<p>el sol que abrasa en el pelo.<\/p>\n<p>&nbsp;<\/p>\n<p>Es andar por caminos sin marcas<\/p>\n<p>por monta\u00f1as escarpadas llenas de maleza<\/p>\n<p>es apretar los pu\u00f1os<\/p>\n<p>respirar hondo<\/p>\n<p>soltar lastres<\/p>\n<p>esperar el ma\u00f1ana.<\/p>\n<p>&nbsp;<\/p>\n<p>Es dormir sin sue\u00f1o<\/p>\n<p>amar la noche di\u00e1fana<\/p>\n<p>so\u00f1ar con d\u00edas azules<\/p>\n<p>con flores de libertad en orillas de r\u00edos.<\/p>\n<p>&nbsp;<\/p>\n<p>Es abrir la ventana<\/p>\n<p>y ver \u00e1guilas en el cielo<\/p>\n<p>es vivir y es morir<\/p>\n<p>es vencer y es perder<\/p>\n<p>la vida es eso que se me escapa<\/p>\n<p>cuando yo intento retenerla.<\/p>\n<p>&nbsp;<\/p>\n<p>Es eso y es m\u00e1s<\/p>\n<p>es lo inefable<\/p>\n<p>lo inexplicable<\/p>\n<p>pero perd\u00f3nenme<\/p>\n<p>por m\u00e1s que lo pienso<\/p>\n<p>yo todav\u00eda no s\u00e9 lo que es la vida.[\/vc_column_text][\/vc_column][\/vc_row][vc_row][vc_column extend=&#8221;false&#8221;]<div class=\"gambit_fullheight_row\" data-content-location=\"center\" style=\"display: none\"><\/div><div class='gambit_parallax_row' data-bg-align='' data-direction='fixed' data-opacity='100' data-velocity='-0.3' data-mobile-enabled='' data-bg-height='3794' data-bg-width='5683' data-bg-image='https:\/\/clubdepoesia.com\/miguelangelmartinezjanariz\/files\/2017\/03\/192.jpg' data-bg-repeat='false' data-id='' style='display: none'><\/div>[\/vc_column][\/vc_row][vc_row][vc_column extend=&#8221;false&#8221;][\/vc_column][\/vc_row]\n<\/div>","protected":false},"excerpt":{"rendered":"<p>[vc_row][vc_column extend=&#8221;false&#8221;][\/vc_column][\/vc_row][vc_row][vc_column extend=&#8221;false&#8221;][row_scroll entrance=&#8221;fly-left&#8221; exit=&#8221;fly-left&#8221;][vc_column_text]Los \u00e1rboles &nbsp; \u00c1rboles erguidos mirando siempre el cielo imagen milenaria que mi mente siempre sue\u00f1a en los crep\u00fasculos solitarios del invierno. &nbsp; \u00c1rboles sosegados e inm\u00f3viles que solo cuando el viento azota con fuerza vuestras copas dej\u00e1is lucir la danza m\u00e1s bella de la tierra. &nbsp; Ramas, brazos, copas, nidos, [&hellip;]<\/p>\n","protected":false},"author":24,"featured_media":0,"parent":0,"menu_order":3,"comment_status":"closed","ping_status":"closed","template":"","meta":{"footnotes":"","_links_to":"","_links_to_target":""},"class_list":["post-63","page","type-page","status-publish","hentry"],"_links":{"self":[{"href":"https:\/\/clubdepoesia.com\/miguelangelmartinezjanariz\/wp-json\/wp\/v2\/pages\/63","targetHints":{"allow":["GET"]}}],"collection":[{"href":"https:\/\/clubdepoesia.com\/miguelangelmartinezjanariz\/wp-json\/wp\/v2\/pages"}],"about":[{"href":"https:\/\/clubdepoesia.com\/miguelangelmartinezjanariz\/wp-json\/wp\/v2\/types\/page"}],"author":[{"embeddable":true,"href":"https:\/\/clubdepoesia.com\/miguelangelmartinezjanariz\/wp-json\/wp\/v2\/users\/24"}],"replies":[{"embeddable":true,"href":"https:\/\/clubdepoesia.com\/miguelangelmartinezjanariz\/wp-json\/wp\/v2\/comments?post=63"}],"version-history":[{"count":0,"href":"https:\/\/clubdepoesia.com\/miguelangelmartinezjanariz\/wp-json\/wp\/v2\/pages\/63\/revisions"}],"wp:attachment":[{"href":"https:\/\/clubdepoesia.com\/miguelangelmartinezjanariz\/wp-json\/wp\/v2\/media?parent=63"}],"curies":[{"name":"wp","href":"https:\/\/api.w.org\/{rel}","templated":true}]}}