{"id":72,"date":"2017-10-08T11:41:35","date_gmt":"2017-10-08T11:41:35","guid":{"rendered":"http:\/\/clubdepoesia.com\/miguelangeldolzgarcia\/?page_id=72"},"modified":"2017-10-08T11:46:07","modified_gmt":"2017-10-08T11:46:07","slug":"entrevista","status":"publish","type":"page","link":"https:\/\/clubdepoesia.com\/miguelangeldolzgarcia\/entrevista\/","title":{"rendered":"Entrevista"},"content":{"rendered":"<h1><span style=\"text-decoration: underline;\"><em><strong>Entrevista al escritor, poeta <a href=\"https:\/\/clubdepoesia.com\/miguelangeldolzgarcia\/\" target=\"_blank\" rel=\"noopener\">Miguel \u00c1ngel Dolz Garc\u00eda<\/a> tras publicar un libro de poes\u00eda &#8220;<a href=\"http:\/\/poesiaerestu.com\/hojas-de-lluvia-miguel-angel-dolz-garcia\/\">Hojas de lluvia<\/a>&#8221; con la Editorial Poes\u00eda eres t\u00fa<\/strong><\/em><\/span><\/h1>\n<p><a href=\"http:\/\/poesiaerestu.com\/revista\/entrevistamiguelangeldolzhojasdelluvia\/\" rel=\"attachment wp-att-1603\"><img fetchpriority=\"high\" decoding=\"async\" class=\"aligncenter wp-image-1603\" src=\"http:\/\/poesiaerestu.com\/revista\/wp-content\/uploads\/2017\/10\/EntrevistaMiguelAngelDolzHojasdelluvia.jpg\" alt=\"Miguel \u00c1ngel Dolz\" width=\"522\" height=\"389\" \/><\/a><\/p>\n<h2><strong>P.- \u00bfPor qu\u00e9 titulaste el libro <em>Hojas de lluvia?<\/em><\/strong><\/h2>\n<p>R.- Se me ocurri\u00f3 comparar las hojas de un libro, con las hojas de un \u00e1rbol a\u00f1adi\u00e9ndole la lluvia que la relaciono con el oto\u00f1o y la tristeza.<\/p>\n<span class='bctt-click-to-tweet'><span class='bctt-ctt-text'><a href='https:\/\/x.com\/intent\/tweet?url=https%3A%2F%2Fclubdepoesia.com%2Fmiguelangeldolzgarcia%2Fentrevista%2F&#038;text=la%20lluvia%20la%20relaciono%20con%20el%20oto%C3%B1o%20y%20la%20tristeza.&#038;via=poesiaerestu&#038;related=poesiaerestu' target='_blank'rel=\"noopener noreferrer\">la lluvia la relaciono con el oto\u00f1o y la tristeza. <\/a><\/span><a href='https:\/\/x.com\/intent\/tweet?url=https%3A%2F%2Fclubdepoesia.com%2Fmiguelangeldolzgarcia%2Fentrevista%2F&#038;text=la%20lluvia%20la%20relaciono%20con%20el%20oto%C3%B1o%20y%20la%20tristeza.&#038;via=poesiaerestu&#038;related=poesiaerestu' target='_blank' class='bctt-ctt-btn'rel=\"noopener noreferrer\">Compartir en X<\/a><\/span>\n<h2><\/h2>\n<h2><strong>P.- En tu poema \u201cTal vez\u201d dices: \u201cTal vez para escribir poemas, \/ haya que estar hambriento. \/ No de pan, no de arroz \/ con jud\u00edas pintas, \/ no de huevos fritos con chorizo. \/ Hambriento de ternura, \/ sediento de besos, \/ fam\u00e9lico de caricias\u201d. \u00bfEs la poes\u00eda un medio en el que los poetas expresan los sentimientos que no pueden expresar en la vida cotidiana?<\/strong><\/h2>\n<p>R.- Pues probablemente sea as\u00ed, aunque supongo que habr\u00eda que hablar con cada autor. Yo tal vez por mi car\u00e1cter introvertido o por educaci\u00f3n tiendo a ocultar mis sentimientos, que luego tras una reflexi\u00f3n se transforman en poema.<\/p>\n<span class='bctt-click-to-tweet'><span class='bctt-ctt-text'><a href='https:\/\/x.com\/intent\/tweet?url=https%3A%2F%2Fclubdepoesia.com%2Fmiguelangeldolzgarcia%2Fentrevista%2F&#038;text=Tiendo%20a%20ocultar%20mis%20sentimientos%2C%20que%20luego%20tras%20una%20reflexi%C3%B3n%20se%20transforman%20en%20poema&#038;via=poesiaerestu&#038;related=poesiaerestu' target='_blank'rel=\"noopener noreferrer\">Tiendo a ocultar mis sentimientos, que luego tras una reflexi\u00f3n se transforman en poema <\/a><\/span><a href='https:\/\/x.com\/intent\/tweet?url=https%3A%2F%2Fclubdepoesia.com%2Fmiguelangeldolzgarcia%2Fentrevista%2F&#038;text=Tiendo%20a%20ocultar%20mis%20sentimientos%2C%20que%20luego%20tras%20una%20reflexi%C3%B3n%20se%20transforman%20en%20poema&#038;via=poesiaerestu&#038;related=poesiaerestu' target='_blank' class='bctt-ctt-btn'rel=\"noopener noreferrer\">Compartir en X<\/a><\/span>\n<h2><\/h2>\n<h2><strong>P.- <em>Hojas de lluvia<\/em> parece resumir toda una vida en poes\u00eda. \u00bfCu\u00e1ndo empezaste a escribir este poemario?<\/strong><\/h2>\n<p>R.- Pues como comento en la contraportada del libro, he estado escribiendo toda la vida con m\u00e1s o menos altibajos. Aunque, cuando ves el resultado, te parecen pocos los poemas que se han salvado, deber\u00eda haber publicado mucho antes, en vez de limitarme a publicar poemas sueltos en Revistas literarias.<\/p>\n<span class='bctt-click-to-tweet'><span class='bctt-ctt-text'><a href='https:\/\/x.com\/intent\/tweet?url=https%3A%2F%2Fclubdepoesia.com%2Fmiguelangeldolzgarcia%2Fentrevista%2F&#038;text=Deber%C3%ADa%20haber%20publicado%20mucho%20antes%2C%20en%20vez%20de%20limitarme%20a%20publicar%20poemas%20sueltos%20en%20Revistas%20literarias.&#038;via=poesiaerestu&#038;related=poesiaerestu' target='_blank'rel=\"noopener noreferrer\">Deber\u00eda haber publicado mucho antes, en vez de limitarme a publicar poemas sueltos en Revistas literarias. <\/a><\/span><a href='https:\/\/x.com\/intent\/tweet?url=https%3A%2F%2Fclubdepoesia.com%2Fmiguelangeldolzgarcia%2Fentrevista%2F&#038;text=Deber%C3%ADa%20haber%20publicado%20mucho%20antes%2C%20en%20vez%20de%20limitarme%20a%20publicar%20poemas%20sueltos%20en%20Revistas%20literarias.&#038;via=poesiaerestu&#038;related=poesiaerestu' target='_blank' class='bctt-ctt-btn'rel=\"noopener noreferrer\">Compartir en X<\/a><\/span>\n<h2><\/h2>\n<h2><strong>P.- B\u00e9cquer, Machado, Neruda, Celaya, Octavio Paz, Jorge Guill\u00e9n entre otros, son los poetas que te inspiran. \u00bfC\u00f3mo han influido cada uno de ellos en tu poes\u00eda? \u00bfQu\u00e9 destacar\u00edas de cada uno de ellos?<\/strong><\/h2>\n<p>R.- B\u00e9cquer son los dieciocho a\u00f1os el amor rom\u00e1ntico, la poes\u00eda directa. Neruda y sus 20 veinte poemas de amor (la magia de la poes\u00eda sudamericana). Machado la madurez y la reflexi\u00f3n. Con Celaya descubr\u00ed una poes\u00eda menos egoc\u00e9ntrica. Una poes\u00eda m\u00e1s \u201casequible.\u201d De Octavio Paz recuerdo que me impact\u00f3 un poema que dec\u00eda \u201cel descenso de las palabras paraca\u00eddas sobre las arenas de la p\u00e1gina\u201d. Es decir descubrir la p\u00e1gina en blanco como algo f\u00edsico, como un territorio por explorar. Y de Jorge Guill\u00e9n no recuerdo ahora gran cosa. Pero todo lo que vamos leyendo va dejando su poso lo sepamos o no. El poeta lo va creando en sus lecturas y la dificultad estriba, en encontrar tu propia voz.<\/p>\n<span class='bctt-click-to-tweet'><span class='bctt-ctt-text'><a href='https:\/\/x.com\/intent\/tweet?url=https%3A%2F%2Fclubdepoesia.com%2Fmiguelangeldolzgarcia%2Fentrevista%2F&#038;text=Todo%20lo%20que%20vamos%20leyendo%20va%20dejando%20su%20poso%20lo%20sepamos%20o%20no&#038;via=poesiaerestu&#038;related=poesiaerestu' target='_blank'rel=\"noopener noreferrer\">Todo lo que vamos leyendo va dejando su poso lo sepamos o no <\/a><\/span><a href='https:\/\/x.com\/intent\/tweet?url=https%3A%2F%2Fclubdepoesia.com%2Fmiguelangeldolzgarcia%2Fentrevista%2F&#038;text=Todo%20lo%20que%20vamos%20leyendo%20va%20dejando%20su%20poso%20lo%20sepamos%20o%20no&#038;via=poesiaerestu&#038;related=poesiaerestu' target='_blank' class='bctt-ctt-btn'rel=\"noopener noreferrer\">Compartir en X<\/a><\/span>\n<h2><\/h2>\n<h2><strong>P.- \u00bfQu\u00e9 opinas del panorama de la poes\u00eda actual?<\/strong><\/h2>\n<p>R.- Pues que hay muchos poetas y pocos lectores y eso no quiere decir que no guste la poes\u00eda. Sino que los j\u00f3venes tienen otras formas de conocerla o sentirla, como los cantautores o el hip hop. Pero la poes\u00eda por desgracia siempre ha sido minoritaria hay mucho desconocimiento sobre la poes\u00eda a la que se la tilda de dif\u00edcil y aburrida.<\/p>\n<span class='bctt-click-to-tweet'><span class='bctt-ctt-text'><a href='https:\/\/x.com\/intent\/tweet?url=https%3A%2F%2Fclubdepoesia.com%2Fmiguelangeldolzgarcia%2Fentrevista%2F&#038;text=Hay%20mucho%20desconocimiento%20sobre%20la%20poes%C3%ADa%20a%20la%20que%20se%20la%20tilda%20de%20dif%C3%ADcil%20y%20aburrida&#038;via=poesiaerestu&#038;related=poesiaerestu' target='_blank'rel=\"noopener noreferrer\">Hay mucho desconocimiento sobre la poes\u00eda a la que se la tilda de dif\u00edcil y aburrida <\/a><\/span><a href='https:\/\/x.com\/intent\/tweet?url=https%3A%2F%2Fclubdepoesia.com%2Fmiguelangeldolzgarcia%2Fentrevista%2F&#038;text=Hay%20mucho%20desconocimiento%20sobre%20la%20poes%C3%ADa%20a%20la%20que%20se%20la%20tilda%20de%20dif%C3%ADcil%20y%20aburrida&#038;via=poesiaerestu&#038;related=poesiaerestu' target='_blank' class='bctt-ctt-btn'rel=\"noopener noreferrer\">Compartir en X<\/a><\/span>\n<h2><\/h2>\n<h2><strong>P.-\u00bfSigues escribiendo despu\u00e9s de <em>Hojas de lluvia<\/em>? \u00bfVeremos un segundo libro de Miguel \u00c1ngel Dolz Garc\u00eda?<\/strong><\/h2>\n<p>R.- Sigo escribiendo y espero poder recuperar el tiempo perdido y escribir un segundo y un tercer libro de poemas.<\/p>\n<p>&nbsp;<\/p>\n<p>&nbsp;<\/p>\n<p><em><strong><span style=\"text-decoration: underline;\">Esto ha sido la entrevista al escritor, poeta Miguel \u00c1ngel Dolz Garc\u00eda tras publicar un libro de poes\u00eda &#8220;Hojas de lluvia&#8221; con la Editorial Poes\u00eda eres t\u00fa. Todos los derechos de autor del libro de poes\u00eda &#8220;Hojas de lluvia&#8221; pertenecen al escritor, poeta, Miguel Angel Dolz Garc\u00eda que acaba de publicar un libro con la Editorial Poes\u00eda eres t\u00fa.<\/span><br \/>\n<\/strong><\/em><\/p>\n","protected":false},"excerpt":{"rendered":"<p>Entrevista al escritor, poeta Miguel \u00c1ngel Dolz Garc\u00eda tras publicar un libro de poes\u00eda &#8220;Hojas de lluvia&#8221; con la Editorial Poes\u00eda eres t\u00fa P.- \u00bfPor qu\u00e9 titulaste el libro Hojas de lluvia? R.- Se me ocurri\u00f3 comparar las hojas de un libro, con las hojas de un \u00e1rbol a\u00f1adi\u00e9ndole la lluvia que la relaciono con [&hellip;]<\/p>\n","protected":false},"author":24,"featured_media":0,"parent":0,"menu_order":5,"comment_status":"closed","ping_status":"closed","template":"","meta":{"footnotes":"","_links_to":"","_links_to_target":""},"class_list":["post-72","page","type-page","status-publish","hentry"],"_links":{"self":[{"href":"https:\/\/clubdepoesia.com\/miguelangeldolzgarcia\/wp-json\/wp\/v2\/pages\/72","targetHints":{"allow":["GET"]}}],"collection":[{"href":"https:\/\/clubdepoesia.com\/miguelangeldolzgarcia\/wp-json\/wp\/v2\/pages"}],"about":[{"href":"https:\/\/clubdepoesia.com\/miguelangeldolzgarcia\/wp-json\/wp\/v2\/types\/page"}],"author":[{"embeddable":true,"href":"https:\/\/clubdepoesia.com\/miguelangeldolzgarcia\/wp-json\/wp\/v2\/users\/24"}],"replies":[{"embeddable":true,"href":"https:\/\/clubdepoesia.com\/miguelangeldolzgarcia\/wp-json\/wp\/v2\/comments?post=72"}],"version-history":[{"count":0,"href":"https:\/\/clubdepoesia.com\/miguelangeldolzgarcia\/wp-json\/wp\/v2\/pages\/72\/revisions"}],"wp:attachment":[{"href":"https:\/\/clubdepoesia.com\/miguelangeldolzgarcia\/wp-json\/wp\/v2\/media?parent=72"}],"curies":[{"name":"wp","href":"https:\/\/api.w.org\/{rel}","templated":true}]}}