{"id":47,"date":"2017-02-12T17:41:34","date_gmt":"2017-02-12T17:41:34","guid":{"rendered":"http:\/\/clubdepoesia.com\/miguelangeldolzgarcia\/?page_id=47"},"modified":"2017-02-12T17:41:34","modified_gmt":"2017-02-12T17:41:34","slug":"poemas","status":"publish","type":"page","link":"https:\/\/clubdepoesia.com\/miguelangeldolzgarcia\/poemas\/","title":{"rendered":"Poemas"},"content":{"rendered":"<div class=\"wpb-content-wrapper\">[vc_row][vc_column extend=&#8221;false&#8221;]<div class=\"gambit_fullheight_row\" data-content-location=\"center\" style=\"display: none\"><\/div><div class='gambit_parallax_row' data-bg-align='' data-direction='fixed' data-opacity='100' data-velocity='-0.3' data-mobile-enabled='' data-bg-height='4000' data-bg-width='6000' data-bg-image='https:\/\/clubdepoesia.com\/miguelangeldolzgarcia\/files\/2017\/02\/32.jpg' data-bg-repeat='false' data-id='' style='display: none'><\/div>[\/vc_column][\/vc_row][vc_row][vc_column extend=&#8221;false&#8221;][row_scroll entrance=&#8221;fly-left&#8221; exit=&#8221;fly-left&#8221;]<div class=\"gambit_fullheight_row\" data-content-location=\"center\" style=\"display: none\"><\/div>[vc_column_text]\n<h1><a name=\"_Toc473709439\"><\/a>Conjuro<\/h1>\n<p>&nbsp;<\/p>\n<p>Palabra, p\u00e1jaro esquivo:<\/p>\n<p>anidas en las miradas<\/p>\n<p>y en los labios,<\/p>\n<p>te ocultas en los torrentes<\/p>\n<p>y en las esquinas,<\/p>\n<p>huyes de mis manos<\/p>\n<p>cuando m\u00e1s te necesito.<\/p>\n<p>Te atropellas en mi boca<\/p>\n<p>cuando estoy<\/p>\n<p>frente a la que amo,<\/p>\n<p>levantas el vuelo<\/p>\n<p>cuando te atrapo<\/p>\n<p>en las cuartillas.<\/p>\n<p>Vienes del sur,<\/p>\n<p>y giras y giras<\/p>\n<p>alrededor de mi cabeza<\/p>\n<p>\u00a1Date presa!<\/p>\n<p>Quiero que tu m\u00fasica,<\/p>\n<p>ocupe los silencios,<\/p>\n<p>que tu voz<\/p>\n<p>construya los poemas,<\/p>\n<p>poemas hechos<\/p>\n<p>de pan y besos,<\/p>\n<p>desesperados poemas<\/p>\n<p>repletos de espuma.[\/vc_column_text][\/vc_column][\/vc_row][vc_row][vc_column extend=&#8221;false&#8221;]<div class=\"gambit_fullheight_row\" data-content-location=\"center\" style=\"display: none\"><\/div><div class='gambit_parallax_row' data-bg-align='' data-direction='fixed' data-opacity='100' data-velocity='-0.3' data-mobile-enabled='' data-bg-height='4928' data-bg-width='3264' data-bg-image='https:\/\/clubdepoesia.com\/miguelangeldolzgarcia\/files\/2017\/02\/31.jpg' data-bg-repeat='false' data-id='' style='display: none'><\/div>[\/vc_column][\/vc_row][vc_row][vc_column extend=&#8221;false&#8221;][row_scroll entrance=&#8221;fly-right&#8221; exit=&#8221;fly-right&#8221;]<div class=\"gambit_fullheight_row\" data-content-location=\"center\" style=\"display: none\"><\/div>[vc_column_text]\n<h1><a name=\"_Toc473709440\"><\/a>Ha llovido<\/h1>\n<p>&nbsp;<\/p>\n<p>Ha llovido sobre la tierra,<\/p>\n<p>que palpita caliente.<\/p>\n<p>Es mi pecho desnudo<\/p>\n<p>sobre la tierra mojada<\/p>\n<p>el que guarda<\/p>\n<p>el sentido un\u00e1nime<\/p>\n<p>de qu\u00e9 eres,<\/p>\n<p>viento o nube,<\/p>\n<p>fugaz ala<\/p>\n<p>que se oculta a mis ojos.<\/p>\n<p>(Ya la tierra empapada,<\/p>\n<p>ya mi pecho inundado).<\/p>\n<p>Calado estoy,<\/p>\n<p>sin apenas verte,<\/p>\n<p>mujer desconocida,<\/p>\n<p>sin color de ojos,<\/p>\n<p>sin tu nombre,<\/p>\n<p>mi ausencia callada<\/p>\n<p>divaga.<\/p>\n<p>Solo el tacto de tu pelo<\/p>\n<p>me has dejado,<\/p>\n<p>sediento de seda.[\/vc_column_text][\/vc_column][\/vc_row][vc_row][vc_column extend=&#8221;false&#8221;]<div class=\"gambit_fullheight_row\" data-content-location=\"center\" style=\"display: none\"><\/div><div class='gambit_parallax_row' data-bg-align='' data-direction='fixed' data-opacity='100' data-velocity='-0.3' data-mobile-enabled='' data-bg-height='3648' data-bg-width='5472' data-bg-image='https:\/\/clubdepoesia.com\/miguelangeldolzgarcia\/files\/2017\/02\/60.jpg' data-bg-repeat='false' data-id='' style='display: none'><\/div>[\/vc_column][\/vc_row][vc_row][vc_column extend=&#8221;false&#8221;][row_scroll entrance=&#8221;fly-right&#8221; exit=&#8221;fly-right&#8221;]<div class=\"gambit_fullheight_row\" data-content-location=\"center\" style=\"display: none\"><\/div>[vc_column_text]\n<h1><a name=\"_Toc473709441\"><\/a>Soldado<\/h1>\n<p>&nbsp;<\/p>\n<p>El coraz\u00f3n es un soldado<\/p>\n<p>herido de miradas,<\/p>\n<p>un barco de dolor<\/p>\n<p>que navega al infinito<\/p>\n<p>como esos extensos polinomios<\/p>\n<p>que el profesor<\/p>\n<p>escribe en la pizarra.<\/p>\n<p>El sentimiento indeterminado<\/p>\n<p>de seres rotos,<\/p>\n<p>ba\u00f1ados por la luz<\/p>\n<p>de un iris vencido,<\/p>\n<p>la llegada de unos ojos<\/p>\n<p>a la estaci\u00f3n de las lluvias,<\/p>\n<p>que cae,<\/p>\n<p>cual inmensa tristeza,<\/p>\n<p>dulce sin embargo,<\/p>\n<p>para aqu\u00e9l que, como yo,<\/p>\n<p>la diosa fortuna ha hecho<\/p>\n<p>millonario en l\u00e1grimas.[\/vc_column_text][\/vc_column][\/vc_row][vc_row][vc_column extend=&#8221;false&#8221;]<div class=\"gambit_fullheight_row\" data-content-location=\"center\" style=\"display: none\"><\/div><div class='gambit_parallax_row' data-bg-align='' data-direction='fixed' data-opacity='100' data-velocity='-0.3' data-mobile-enabled='' data-bg-height='3448' data-bg-width='4592' data-bg-image='https:\/\/clubdepoesia.com\/miguelangeldolzgarcia\/files\/2017\/02\/92.jpg' data-bg-repeat='false' data-id='' style='display: none'><\/div>[\/vc_column][\/vc_row][vc_row][vc_column extend=&#8221;false&#8221;][row_scroll entrance=&#8221;fly-left&#8221; exit=&#8221;stick-fly-left&#8221;]<div class=\"gambit_fullheight_row\" data-content-location=\"center\" style=\"display: none\"><\/div>[vc_column_text]\n<h1><a name=\"_Toc473709442\"><\/a>Nana para una ni\u00f1a grande<\/h1>\n<p>&nbsp;<\/p>\n<p>Ven, ac\u00e9rcate, exti\u00e9ndete aqu\u00ed,<\/p>\n<p>a mi lado.<\/p>\n<p>Tus peque\u00f1os ojos<\/p>\n<p>parecen tan cansados,<\/p>\n<p>porque a veces,<\/p>\n<p>de repente, sin motivo,<\/p>\n<p>te invade<\/p>\n<p>una extra\u00f1a tristeza,<\/p>\n<p>y te acurrucas en cualquier rinc\u00f3n<\/p>\n<p>con la cabeza entre las rodillas<\/p>\n<p>y los ojos<\/p>\n<p>arrasados en l\u00e1grimas.<\/p>\n<p>Se me encoge el coraz\u00f3n<\/p>\n<p>de verte as\u00ed, tan desolada,<\/p>\n<p>tan chiquita,<\/p>\n<p>tan metida en tu dolor,<\/p>\n<p>y me siento junto a ti,<\/p>\n<p>y acaricio tus cabellos rojos,<\/p>\n<p>lentamente, muy lentamente,<\/p>\n<p>desenred\u00e1ndote poco a poco<\/p>\n<p>de tu pena.<\/p>\n<p>Y te lleno la cara de besos,<\/p>\n<p>y te digo al o\u00eddo cosas bonitas,<\/p>\n<p>y saboreo con mis labios<\/p>\n<p>la peque\u00f1ez y la grandeza<\/p>\n<p>de tus l\u00e1grimas.<\/p>\n<p>Entonces te levanto con mis manos,<\/p>\n<p>y eres apenas<\/p>\n<p>una pobre mu\u00f1eca rota,<\/p>\n<p>toda descosida<\/p>\n<p>y con el alma hecha jirones,<\/p>\n<p>y te aprieto muy fuerte,<\/p>\n<p>muy fuerte contra mi pecho,<\/p>\n<p>y te canto una nana,<\/p>\n<p>como lo hac\u00eda tu madre<\/p>\n<p>cuando no eras m\u00e1s que una ni\u00f1a<\/p>\n<p>y te despertabas asustada<\/p>\n<p>en mitad de la noche.[\/vc_column_text][\/vc_column][\/vc_row][vc_row][vc_column extend=&#8221;false&#8221;]<div class=\"gambit_fullheight_row\" data-content-location=\"center\" style=\"display: none\"><\/div><div class='gambit_parallax_row' data-bg-align='' data-direction='fixed' data-opacity='100' data-velocity='-0.3' data-mobile-enabled='' data-bg-height='2592' data-bg-width='3888' data-bg-image='https:\/\/clubdepoesia.com\/miguelangeldolzgarcia\/files\/2017\/02\/135.jpg' data-bg-repeat='false' data-id='' style='display: none'><\/div>[\/vc_column][\/vc_row][vc_row][vc_column extend=&#8221;false&#8221;][\/vc_column][\/vc_row]\n<\/div>","protected":false},"excerpt":{"rendered":"<p>[vc_row][vc_column extend=&#8221;false&#8221;][\/vc_column][\/vc_row][vc_row][vc_column extend=&#8221;false&#8221;][row_scroll entrance=&#8221;fly-left&#8221; exit=&#8221;fly-left&#8221;][vc_column_text] Conjuro &nbsp; Palabra, p\u00e1jaro esquivo: anidas en las miradas y en los labios, te ocultas en los torrentes y en las esquinas, huyes de mis manos cuando m\u00e1s te necesito. Te atropellas en mi boca cuando estoy frente a la que amo, levantas el vuelo cuando te atrapo en las [&hellip;]<\/p>\n","protected":false},"author":24,"featured_media":0,"parent":0,"menu_order":3,"comment_status":"closed","ping_status":"closed","template":"","meta":{"footnotes":"","_links_to":"","_links_to_target":""},"class_list":["post-47","page","type-page","status-publish","hentry"],"_links":{"self":[{"href":"https:\/\/clubdepoesia.com\/miguelangeldolzgarcia\/wp-json\/wp\/v2\/pages\/47","targetHints":{"allow":["GET"]}}],"collection":[{"href":"https:\/\/clubdepoesia.com\/miguelangeldolzgarcia\/wp-json\/wp\/v2\/pages"}],"about":[{"href":"https:\/\/clubdepoesia.com\/miguelangeldolzgarcia\/wp-json\/wp\/v2\/types\/page"}],"author":[{"embeddable":true,"href":"https:\/\/clubdepoesia.com\/miguelangeldolzgarcia\/wp-json\/wp\/v2\/users\/24"}],"replies":[{"embeddable":true,"href":"https:\/\/clubdepoesia.com\/miguelangeldolzgarcia\/wp-json\/wp\/v2\/comments?post=47"}],"version-history":[{"count":0,"href":"https:\/\/clubdepoesia.com\/miguelangeldolzgarcia\/wp-json\/wp\/v2\/pages\/47\/revisions"}],"wp:attachment":[{"href":"https:\/\/clubdepoesia.com\/miguelangeldolzgarcia\/wp-json\/wp\/v2\/media?parent=47"}],"curies":[{"name":"wp","href":"https:\/\/api.w.org\/{rel}","templated":true}]}}