{"id":53,"date":"2018-11-25T17:27:03","date_gmt":"2018-11-25T17:27:03","guid":{"rendered":"https:\/\/clubdepoesia.com\/marthamariamartinezrodriguez\/?page_id=53"},"modified":"2018-11-25T20:52:36","modified_gmt":"2018-11-25T20:52:36","slug":"poesia","status":"publish","type":"page","link":"https:\/\/clubdepoesia.com\/marthamariamartinezrodriguez\/poesia\/","title":{"rendered":"Poes\u00eda"},"content":{"rendered":"<div class=\"wpb-content-wrapper\">[vc_row][vc_column extend=&#8221;false&#8221;][vc_column_text css=&#8221;.vc_custom_1541972679710{margin-top: -30000px !important;}&#8221;]\n<h1><strong><em><u>Poes\u00eda del libro YA NO ES ANTES de MARTHA MAR\u00cdA MART\u00cdNEZ RODR\u00cdGUEZ. El escritor nos da una muestra tras publicar un libro.<\/u><\/em><\/strong><\/h1>\n<h2><strong><em><u><img fetchpriority=\"high\" decoding=\"async\" class=\"alignleft size-medium wp-image-6\" src=\"https:\/\/clubdepoesia.com\/marthamariamartinezrodriguez\/files\/2018\/11\/YA-NO-ES-ANTES-libro-de-poes\u00eda-211x300.jpg\" alt=\"YA NO ES ANTES libro de poes\u00eda\" width=\"211\" height=\"300\" srcset=\"https:\/\/clubdepoesia.com\/marthamariamartinezrodriguez\/files\/2018\/11\/YA-NO-ES-ANTES-libro-de-poes\u00eda-211x300.jpg 211w, https:\/\/clubdepoesia.com\/marthamariamartinezrodriguez\/files\/2018\/11\/YA-NO-ES-ANTES-libro-de-poes\u00eda.jpg 559w\" sizes=\"(max-width: 211px) 100vw, 211px\" \/>Poes\u00eda del libro YA NO ES ANTES de MARTHA MAR\u00cdA MART\u00cdNEZ RODR\u00cdGUEZ El poeta nos da una muestra tras publicar un libro.<\/u><\/em><\/strong><\/h2>\n<h3><strong><em><u>Poes\u00eda del libro YA NO ES ANTES de MARTHA MAR\u00cdA MART\u00cdNEZ RODR\u00cdGUEZ El autor nos da una muestra tras publicar un libro.<\/u><\/em><\/strong><\/h3>\n<h4><strong><em><u>Poes\u00eda del libro YA NO ES ANTES de MARTHA MAR\u00cdA MART\u00cdNEZ RODR\u00cdGUEZ El autor nos da una muestra tras publicar un libro.<\/u><\/em><\/strong><\/h4>\n<h5><strong><em><u>Poes\u00eda del libro YA NO ES ANTES de MARTHA MAR\u00cdA MART\u00cdNEZ RODR\u00cdGUEZ El autor nos da una muestra tras publicar un libro.<\/u><\/em><\/strong><\/h5>\n[\/vc_column_text][\/vc_column][\/vc_row][vc_row][vc_column extend=&#8221;false&#8221;]<div class='gambit_parallax_row' data-bg-align='' data-direction='fixed' data-opacity='100' data-velocity='-0.3' data-mobile-enabled='' data-bg-height='1043' data-bg-width='768' data-bg-image='https:\/\/clubdepoesia.com\/marthamariamartinezrodriguez\/files\/2018\/11\/cubierta-2-Mediano.jpg' data-bg-repeat='false' data-id='' style='display: none'><\/div><div class=\"gambit_fullheight_row\" data-content-location=\"center\" style=\"display: none\"><\/div>[\/vc_column][\/vc_row][vc_row][vc_column extend=&#8221;false&#8221;][vc_column_text]\n<h1><a name=\"_Toc527913613\"><\/a><strong>Historia de amor que mata<\/strong><\/h1>\n<p>&nbsp;<\/p>\n<p>Me desgarro, me despellejo, me abro, me desnudo,<\/p>\n<p>y vuelco las entra\u00f1as, las v\u00edsceras, mi sangre, huesos y c\u00e1scaras sobre la alfombra,<\/p>\n<p>me apago las luces,<\/p>\n<p>me desvisto el pasado<\/p>\n<p>y lanzo los disfraces a la hoguera.<\/p>\n<p>Te dejo las puertas abiertas,<\/p>\n<p>las piernas, las ventanas,<\/p>\n<p>me detengo en este instante,<\/p>\n<p>en este breve espacio entre tu aliento y mi aire.<\/p>\n<p>Te entierras, vienes a sepultarte en m\u00ed,<\/p>\n<p>a llenar de semilla esta tierra,<\/p>\n<p>y encajas tan bien en mis vac\u00edos,<\/p>\n<p>te acomodas entre mis venas,<\/p>\n<p>te instalas, empujas, invades, dueles, suenan tambores de guerra, todas las alarmas,<\/p>\n<p>vienes a vivirme en los adentros,<\/p>\n<p>y encendemos todos los f\u00f3sforos sobre esta cama.<\/p>\n<p>Vinimos a morir,<\/p>\n<p>ya podremos renacer ma\u00f1ana.<\/p>\n<p>&nbsp;<\/p>\n<p>&nbsp;<\/p>\n<span class='bctt-click-to-tweet'><span class='bctt-ctt-text'><a href='https:\/\/x.com\/intent\/tweet?url=https%3A%2F%2Fclubdepoesia.com%2Fmarthamariamartinezrodriguez%2Fpoesia%2F&#038;text=Histroria%20de%20amor%20que%20mata%C2%A0del%20libro%20YA%20NO%20ES%20ANTES%20de%20MARTHA%20MAR%C3%8DA%20MART%C3%8DNEZ%20RODR%C3%8DGUEZ&#038;via=poesiaerestu&#038;related=poesiaerestu' target='_blank'rel=\"noopener noreferrer\">Histroria de amor que mata&nbsp;del libro YA NO ES ANTES de MARTHA MAR\u00cdA MART\u00cdNEZ RODR\u00cdGUEZ <\/a><\/span><a href='https:\/\/x.com\/intent\/tweet?url=https%3A%2F%2Fclubdepoesia.com%2Fmarthamariamartinezrodriguez%2Fpoesia%2F&#038;text=Histroria%20de%20amor%20que%20mata%C2%A0del%20libro%20YA%20NO%20ES%20ANTES%20de%20MARTHA%20MAR%C3%8DA%20MART%C3%8DNEZ%20RODR%C3%8DGUEZ&#038;via=poesiaerestu&#038;related=poesiaerestu' target='_blank' class='bctt-ctt-btn'rel=\"noopener noreferrer\">Compartir en X<\/a><\/span>[\/vc_column_text][\/vc_column][\/vc_row][vc_row][vc_column extend=&#8221;false&#8221;]<div class='gambit_parallax_row' data-bg-align='' data-direction='fixed' data-opacity='100' data-velocity='-0.3' data-mobile-enabled='' data-bg-height='927' data-bg-width='518' data-bg-image='https:\/\/clubdepoesia.com\/marthamariamartinezrodriguez\/files\/2018\/11\/Fotolia_2604061_S.jpg' data-bg-repeat='false' data-id='' style='display: none'><\/div><div class=\"gambit_fullheight_row\" data-content-location=\"center\" style=\"display: none\"><\/div>[\/vc_column][\/vc_row][vc_row][vc_column extend=&#8221;false&#8221;][vc_column_text]\n<h1><a name=\"_Toc527913618\"><\/a><strong>Entera<\/strong><\/h1>\n<p>&nbsp;<\/p>\n<p>No me extra\u00f1es sin mis gritos,<\/p>\n<p>sin mi sombra,<\/p>\n<p>no me borres los pecados,<\/p>\n<p>mis desastres,<\/p>\n<p>mis fantasmas,<\/p>\n<p>no me abraces as\u00ed.<\/p>\n<p>&nbsp;<\/p>\n<p>No me pintes en luz, en calma,<\/p>\n<p>no me escondas, no me difumines,<\/p>\n<p>no me partas.<\/p>\n<p>Qui\u00e9reme entera,<\/p>\n<p>mi guerra, mi sue\u00f1o, mi carne,<\/p>\n<p>\u00e1mame entera,<\/p>\n<p>o no me ames.<\/p>\n<p>&nbsp;<\/p>\n<p>&nbsp;<\/p>\n<span class='bctt-click-to-tweet'><span class='bctt-ctt-text'><a href='https:\/\/x.com\/intent\/tweet?url=https%3A%2F%2Fclubdepoesia.com%2Fmarthamariamartinezrodriguez%2Fpoesia%2F&#038;text=Entera%20del%20libro%20YA%20NO%20ES%20ANTES%20de%20MARTHA%20MAR%C3%8DA%20MART%C3%8DNEZ%20RODR%C3%8DGUEZ&#038;via=poesiaerestu&#038;related=poesiaerestu' target='_blank'rel=\"noopener noreferrer\">Entera del libro YA NO ES ANTES de MARTHA MAR\u00cdA MART\u00cdNEZ RODR\u00cdGUEZ <\/a><\/span><a href='https:\/\/x.com\/intent\/tweet?url=https%3A%2F%2Fclubdepoesia.com%2Fmarthamariamartinezrodriguez%2Fpoesia%2F&#038;text=Entera%20del%20libro%20YA%20NO%20ES%20ANTES%20de%20MARTHA%20MAR%C3%8DA%20MART%C3%8DNEZ%20RODR%C3%8DGUEZ&#038;via=poesiaerestu&#038;related=poesiaerestu' target='_blank' class='bctt-ctt-btn'rel=\"noopener noreferrer\">Compartir en X<\/a><\/span>[\/vc_column_text][\/vc_column][\/vc_row][vc_row][vc_column extend=&#8221;false&#8221;]<div class='gambit_parallax_row' data-bg-align='' data-direction='fixed' data-opacity='100' data-velocity='-0.3' data-mobile-enabled='' data-bg-height='1031' data-bg-width='768' data-bg-image='https:\/\/clubdepoesia.com\/marthamariamartinezrodriguez\/files\/2018\/11\/cubierta-3-Mediano.jpg' data-bg-repeat='false' data-id='' style='display: none'><\/div><div class=\"gambit_fullheight_row\" data-content-location=\"center\" style=\"display: none\"><\/div>[\/vc_column][\/vc_row][vc_row][vc_column extend=&#8221;false&#8221;][vc_column_text]\n<h1><a name=\"_Toc527913626\"><\/a><strong>Hoy<\/strong><\/h1>\n<p>&nbsp;<\/p>\n<p>Hoy soy el silencio,<\/p>\n<p>el espacio que vuela entre las nubes,<\/p>\n<p>tambi\u00e9n la nube, la lluvia y la tormenta,<\/p>\n<p>soy las ra\u00edces que me entierran<\/p>\n<p>y las alas que me elevan.<\/p>\n<p>&nbsp;<\/p>\n<p>Hoy soy lo que me aterra y me golpea,<\/p>\n<p>soy la fuerza, el puente, la esperanza,<\/p>\n<p>soy la pausa entre latidos,<\/p>\n<p>el tambor, el ritmo, las caderas,<\/p>\n<p>hoy soy el depredador y la presa.<\/p>\n<p>&nbsp;<\/p>\n<p>&nbsp;<\/p>\n<span class='bctt-click-to-tweet'><span class='bctt-ctt-text'><a href='https:\/\/x.com\/intent\/tweet?url=https%3A%2F%2Fclubdepoesia.com%2Fmarthamariamartinezrodriguez%2Fpoesia%2F&#038;text=Hoy%20de%20YA%20NO%20ES%20ANTES%20de%20MARTHA%20MAR%C3%8DA%20MART%C3%8DNEZ%20RODR%C3%8DGUEZ&#038;via=poesiaerestu&#038;related=poesiaerestu' target='_blank'rel=\"noopener noreferrer\">Hoy de YA NO ES ANTES de MARTHA MAR\u00cdA MART\u00cdNEZ RODR\u00cdGUEZ <\/a><\/span><a href='https:\/\/x.com\/intent\/tweet?url=https%3A%2F%2Fclubdepoesia.com%2Fmarthamariamartinezrodriguez%2Fpoesia%2F&#038;text=Hoy%20de%20YA%20NO%20ES%20ANTES%20de%20MARTHA%20MAR%C3%8DA%20MART%C3%8DNEZ%20RODR%C3%8DGUEZ&#038;via=poesiaerestu&#038;related=poesiaerestu' target='_blank' class='bctt-ctt-btn'rel=\"noopener noreferrer\">Compartir en X<\/a><\/span>[\/vc_column_text][\/vc_column][\/vc_row][vc_row][vc_column extend=&#8221;false&#8221;]<div class='gambit_parallax_row' data-bg-align='' data-direction='fixed' data-opacity='100' data-velocity='-0.3' data-mobile-enabled='' data-bg-height='799' data-bg-width='601' data-bg-image='https:\/\/clubdepoesia.com\/marthamariamartinezrodriguez\/files\/2018\/11\/Fotolia_2882188_S.jpg' data-bg-repeat='false' data-id='' style='display: none'><\/div><div class=\"gambit_fullheight_row\" data-content-location=\"center\" style=\"display: none\"><\/div>[\/vc_column][\/vc_row][vc_row][vc_column extend=&#8221;false&#8221;][vc_column_text]\n<h1><a name=\"_Toc527913635\"><\/a><strong>Silencio<\/strong><\/h1>\n<p>&nbsp;<\/p>\n<p>Quisiera quedarme en el silencio,<\/p>\n<p>en ese espacio gris e inm\u00f3vil,<\/p>\n<p>bien cerca del suelo,<\/p>\n<p>con mis o\u00eddos cerrados,<\/p>\n<p>mi cuerpo en lodo.<\/p>\n<p>&nbsp;<\/p>\n<p>Hoy quisiera quedarme en el silencio,<\/p>\n<p>bien guardada y escondida,<\/p>\n<p>y que la vida avance, que no me espere,<\/p>\n<p>que hoy quisiera acurrucarme en el silencio.<\/p>\n<p>&nbsp;<\/p>\n<p>Borrar del cuerpo el grito y la batalla<\/p>\n<p>y soltar las manos libres<\/p>\n<p>y olvidar tu ruido.<\/p>\n<p>&nbsp;<\/p>\n<p>Hoy quisiera plantarme en el silencio,<\/p>\n<p>que me crezcan verdes las l\u00e1grimas y el sue\u00f1o,<\/p>\n<p>que huyan de m\u00ed tus palabras,<\/p>\n<p>tus im\u00e1genes, tu grito,<\/p>\n<p>que se calle el mundo<\/p>\n<p>que hoy quisiera dormirme en el silencio.<\/p>\n<p>&nbsp;<\/p>\n<h1>&nbsp;<\/h1>\n<span class='bctt-click-to-tweet'><span class='bctt-ctt-text'><a href='https:\/\/x.com\/intent\/tweet?url=https%3A%2F%2Fclubdepoesia.com%2Fmarthamariamartinezrodriguez%2Fpoesia%2F&#038;text=Silencio%C2%A0del%20libro%20YA%20NO%20ES%20ANTES%20de%20MARTHA%20MAR%C3%8DA%20MART%C3%8DNEZ%20RODR%C3%8DGUEZ&#038;via=poesiaerestu&#038;related=poesiaerestu' target='_blank'rel=\"noopener noreferrer\">Silencio&nbsp;del libro YA NO ES ANTES de MARTHA MAR\u00cdA MART\u00cdNEZ RODR\u00cdGUEZ <\/a><\/span><a href='https:\/\/x.com\/intent\/tweet?url=https%3A%2F%2Fclubdepoesia.com%2Fmarthamariamartinezrodriguez%2Fpoesia%2F&#038;text=Silencio%C2%A0del%20libro%20YA%20NO%20ES%20ANTES%20de%20MARTHA%20MAR%C3%8DA%20MART%C3%8DNEZ%20RODR%C3%8DGUEZ&#038;via=poesiaerestu&#038;related=poesiaerestu' target='_blank' class='bctt-ctt-btn'rel=\"noopener noreferrer\">Compartir en X<\/a><\/span>[\/vc_column_text][\/vc_column][\/vc_row][vc_row][vc_column extend=&#8221;false&#8221;]<div class='gambit_parallax_row' data-bg-align='' data-direction='fixed' data-opacity='100' data-velocity='-0.3' data-mobile-enabled='' data-bg-height='3035' data-bg-width='4002' data-bg-image='https:\/\/clubdepoesia.com\/marthamariamartinezrodriguez\/files\/2018\/11\/cubierta-1-Mediano.jpg' data-bg-repeat='false' data-id='' style='display: none'><\/div><div class=\"gambit_fullheight_row\" data-content-location=\"center\" style=\"display: none\"><\/div>[vc_column_text]\n<p style=\"text-align: center;\"><a class=\"fasc-button fasc-size-xlarge fasc-type-glossy fasc-rounded-medium\" style=\"background-color: #33809e; color: #ffffff;\" href=\"https:\/\/librodepoesia.com\/producto\/imparable-elena-luna-almeda\/\">Comprar el libro<\/a><\/p>\n[\/vc_column_text][\/vc_column][\/vc_row][vc_row][vc_column extend=&#8221;false&#8221;][vc_column_text css=&#8221;.vc_custom_1541972679710{margin-top: -30000px !important;}&#8221;]\n<h1><strong><em><u>Poes\u00eda del libro YA NO ES ANTES de MARTHA MAR\u00cdA MART\u00cdNEZ RODR\u00cdGUEZ. El escritor nos da una muestra tras publicar un libro.<\/u><\/em><\/strong><\/h1>\n<h2><strong><em><u><img fetchpriority=\"high\" decoding=\"async\" class=\"alignleft size-medium wp-image-6\" src=\"https:\/\/clubdepoesia.com\/marthamariamartinezrodriguez\/files\/2018\/11\/YA-NO-ES-ANTES-libro-de-poes\u00eda-211x300.jpg\" alt=\"YA NO ES ANTES libro de poes\u00eda\" width=\"211\" height=\"300\" srcset=\"https:\/\/clubdepoesia.com\/marthamariamartinezrodriguez\/files\/2018\/11\/YA-NO-ES-ANTES-libro-de-poes\u00eda-211x300.jpg 211w, https:\/\/clubdepoesia.com\/marthamariamartinezrodriguez\/files\/2018\/11\/YA-NO-ES-ANTES-libro-de-poes\u00eda.jpg 559w\" sizes=\"(max-width: 211px) 100vw, 211px\" \/>Poes\u00eda del libro YA NO ES ANTES de MARTHA MAR\u00cdA MART\u00cdNEZ RODR\u00cdGUEZ El poeta nos da una muestra tras publicar un libro.<\/u><\/em><\/strong><\/h2>\n<h3><strong><em><u>Poes\u00eda del libro YA NO ES ANTES de MARTHA MAR\u00cdA MART\u00cdNEZ RODR\u00cdGUEZ El autor nos da una muestra tras publicar un libro.<\/u><\/em><\/strong><\/h3>\n<h4><strong><em><u>Poes\u00eda del libro YA NO ES ANTES de MARTHA MAR\u00cdA MART\u00cdNEZ RODR\u00cdGUEZ El autor nos da una muestra tras publicar un libro.<\/u><\/em><\/strong><\/h4>\n<h5><strong><em><u>Poes\u00eda del libro YA NO ES ANTES de MARTHA MAR\u00cdA MART\u00cdNEZ RODR\u00cdGUEZ El autor nos da una muestra tras publicar un libro.<\/u><\/em><\/strong><\/h5>\n[\/vc_column_text][\/vc_column][\/vc_row]\n<\/div>","protected":false},"excerpt":{"rendered":"<p>[vc_row][vc_column extend=&#8221;false&#8221;][vc_column_text css=&#8221;.vc_custom_1541972679710{margin-top: -30000px !important;}&#8221;] Poes\u00eda del libro YA NO ES ANTES de MARTHA MAR\u00cdA MART\u00cdNEZ RODR\u00cdGUEZ. El escritor nos da una muestra tras publicar un libro. Poes\u00eda del libro YA NO ES ANTES de MARTHA MAR\u00cdA MART\u00cdNEZ RODR\u00cdGUEZ El poeta nos da una muestra tras publicar un libro. Poes\u00eda del libro YA NO ES [&hellip;]<\/p>\n","protected":false},"author":24,"featured_media":0,"parent":0,"menu_order":3,"comment_status":"closed","ping_status":"closed","template":"","meta":{"footnotes":"","_links_to":"","_links_to_target":""},"class_list":["post-53","page","type-page","status-publish","hentry"],"_links":{"self":[{"href":"https:\/\/clubdepoesia.com\/marthamariamartinezrodriguez\/wp-json\/wp\/v2\/pages\/53","targetHints":{"allow":["GET"]}}],"collection":[{"href":"https:\/\/clubdepoesia.com\/marthamariamartinezrodriguez\/wp-json\/wp\/v2\/pages"}],"about":[{"href":"https:\/\/clubdepoesia.com\/marthamariamartinezrodriguez\/wp-json\/wp\/v2\/types\/page"}],"author":[{"embeddable":true,"href":"https:\/\/clubdepoesia.com\/marthamariamartinezrodriguez\/wp-json\/wp\/v2\/users\/24"}],"replies":[{"embeddable":true,"href":"https:\/\/clubdepoesia.com\/marthamariamartinezrodriguez\/wp-json\/wp\/v2\/comments?post=53"}],"version-history":[{"count":0,"href":"https:\/\/clubdepoesia.com\/marthamariamartinezrodriguez\/wp-json\/wp\/v2\/pages\/53\/revisions"}],"wp:attachment":[{"href":"https:\/\/clubdepoesia.com\/marthamariamartinezrodriguez\/wp-json\/wp\/v2\/media?parent=53"}],"curies":[{"name":"wp","href":"https:\/\/api.w.org\/{rel}","templated":true}]}}