{"id":73,"date":"2019-05-18T17:25:01","date_gmt":"2019-05-18T15:25:01","guid":{"rendered":"https:\/\/clubdepoesia.com\/martaperalmayordomo\/?page_id=73"},"modified":"2019-05-18T17:51:44","modified_gmt":"2019-05-18T15:51:44","slug":"poesia","status":"publish","type":"page","link":"https:\/\/clubdepoesia.com\/martaperalmayordomo\/poesia\/","title":{"rendered":"Poes\u00eda"},"content":{"rendered":"<div class=\"wpb-content-wrapper\">[vc_row][vc_column extend=&#8221;false&#8221;][vc_column_text css=&#8221;.vc_custom_1553444585029{margin-top: -30000px !important;}&#8221;]\n<h1><strong><em><u>Poes\u00eda del libro MI ALMA DESNUDA de MARTA PERAL MAYORDOMO. El escritor nos da una muestra tras publicar un libro.<\/u><\/em><\/strong><\/h1>\n<figure id=\"attachment_66\" aria-describedby=\"caption-attachment-66\" style=\"width: 211px\" class=\"wp-caption alignleft\"><img fetchpriority=\"high\" decoding=\"async\" class=\"size-medium wp-image-66\" src=\"https:\/\/clubdepoesia.com\/martaperalmayordomo\/files\/2019\/05\/Mialmadesnuda-MartaPeralMayordomo-1-211x300.jpg\" alt=\"\" width=\"211\" height=\"300\" srcset=\"https:\/\/clubdepoesia.com\/martaperalmayordomo\/files\/2019\/05\/Mialmadesnuda-MartaPeralMayordomo-1-211x300.jpg 211w, https:\/\/clubdepoesia.com\/martaperalmayordomo\/files\/2019\/05\/Mialmadesnuda-MartaPeralMayordomo-1.jpg 559w\" sizes=\"(max-width: 211px) 100vw, 211px\" \/><figcaption id=\"caption-attachment-66\" class=\"wp-caption-text\">Mialmadesnuda-MartaPeralMayordomo<\/figcaption><\/figure>\n<h2><strong><em><u>Poes\u00eda del libro MI ALMA DESNUDA de MARTA PERAL MAYORDOMO El poeta nos da una muestra tras publicar un libro.<\/u><\/em><\/strong><\/h2>\n<h3><strong><em><u>Poes\u00eda del libro MI ALMA DESNUDA de MARTA PERAL MAYORDOMO El autor nos da una muestra tras publicar un libro.<\/u><\/em><\/strong><\/h3>\n<h4><strong><em><u>Poes\u00eda del libro MI ALMA DESNUDA de MARTA PERAL MAYORDOMO El autor nos da una muestra tras publicar un libro.<\/u><\/em><\/strong><\/h4>\n<h5><strong><em><u>Poes\u00eda del libro MI ALMA DESNUDA de MARTA PERAL MAYORDOMO El autor nos da una muestra tras publicar un libro.<\/u><\/em><\/strong><\/h5>\n[\/vc_column_text][\/vc_column][\/vc_row][vc_row][vc_column extend=&#8221;false&#8221;]<div class='gambit_parallax_row' data-bg-align='' data-direction='fixed' data-opacity='100' data-velocity='-0.3' data-mobile-enabled='' data-bg-height='1200' data-bg-width='900' data-bg-image='https:\/\/clubdepoesia.com\/martaperalmayordomo\/files\/2019\/05\/tz3k40uiw3y.jpg' data-bg-repeat='false' data-id='' style='display: none'><\/div><div class=\"gambit_fullheight_row\" data-content-location=\"center\" style=\"display: none\"><\/div>[\/vc_column][\/vc_row][vc_row][vc_column extend=&#8221;false&#8221;][vc_column_text]\n<h1><a name=\"_Toc6500403\"><\/a><strong>PUEDE SER<\/strong><\/h1>\n<p>&nbsp;<\/p>\n<p>Puede ser que no te diga que te necesito,<\/p>\n<p>que solo quiero que me atiendas,<\/p>\n<p>que te sientes y me escuches,<\/p>\n<p>que me mires a los ojos y me veas.<\/p>\n<p>&nbsp;<\/p>\n<p>Puede ser que no grite a los cuatro vientos lo que<\/p>\n<p>siento,<\/p>\n<p>que me siento sola,<\/p>\n<p>que me siento protagonista de un eterno teatro<\/p>\n<p>medieval con m\u00e1scaras grotescas mostrando<\/p>\n<p>al p\u00fablico que soy<\/p>\n<p>\u201cfeliz\u201d.<\/p>\n<p>&nbsp;<\/p>\n<p>Puede ser que no te hable mucho,<\/p>\n<p>que no te cuente lo que me viene a la cabeza,<\/p>\n<p>que no te diga lo que me duele o me reconforta,<\/p>\n<p>que no te diga que estoy enamorada de \u00e9l.<\/p>\n<p>&nbsp;<\/p>\n<p>Puede ser que mi forma de sufrir sea como una<\/p>\n<p>tormenta que se acerca desde el otro lado del mar,<\/p>\n<p>que sea devastadora,<\/p>\n<p>quebrante,<\/p>\n<p>odiosa<\/p>\n<p>y repugnante.<\/p>\n<p>&nbsp;<\/p>\n<p>&nbsp;<\/p>\n<p>&nbsp;<\/p>\n<p>Puede ser que te quiera y no te lo diga,<\/p>\n<p>que me mate tu forma de vivir,<\/p>\n<p>que me encante tu perseverancia,<\/p>\n<p>que encuentre tu forma de ser curiosa.<\/p>\n<p>&nbsp;<\/p>\n<p>Puede ser.<\/p>\n<p>&nbsp;<\/p>\n<span class='bctt-click-to-tweet'><span class='bctt-ctt-text'><a href='https:\/\/x.com\/intent\/tweet?url=https%3A%2F%2Fclubdepoesia.com%2Fmartaperalmayordomo%2Fpoesia%2F&#038;text=PUEDE%20SER%C2%A0del%20libro%20MI%20ALMA%20DESNUDA%20de%20MARTA%20PERAL%20MAYORDOMO&#038;via=poesiaerestu&#038;related=poesiaerestu' target='_blank'rel=\"noopener noreferrer\">PUEDE SER&nbsp;del libro MI ALMA DESNUDA de MARTA PERAL MAYORDOMO <\/a><\/span><a href='https:\/\/x.com\/intent\/tweet?url=https%3A%2F%2Fclubdepoesia.com%2Fmartaperalmayordomo%2Fpoesia%2F&#038;text=PUEDE%20SER%C2%A0del%20libro%20MI%20ALMA%20DESNUDA%20de%20MARTA%20PERAL%20MAYORDOMO&#038;via=poesiaerestu&#038;related=poesiaerestu' target='_blank' class='bctt-ctt-btn'rel=\"noopener noreferrer\">Compartir en X<\/a><\/span>\n<p>&nbsp;[\/vc_column_text][\/vc_column][\/vc_row][vc_row][vc_column extend=&#8221;false&#8221;]<div class='gambit_parallax_row' data-bg-align='' data-direction='fixed' data-opacity='100' data-velocity='-0.3' data-mobile-enabled='' data-bg-height='1200' data-bg-width='800' data-bg-image='https:\/\/clubdepoesia.com\/martaperalmayordomo\/files\/2019\/05\/khdcqq7uyh4.jpg' data-bg-repeat='false' data-id='' style='display: none'><\/div><div class=\"gambit_fullheight_row\" data-content-location=\"center\" style=\"display: none\"><\/div>[\/vc_column][\/vc_row][vc_row][vc_column extend=&#8221;false&#8221;][vc_column_text]\n<h1><a name=\"_Toc6500412\"><\/a><strong>ANDARES QUE MATAN<\/strong><\/h1>\n<p>&nbsp;<\/p>\n<p>Cuando desaparezca,<\/p>\n<p>cuando mi voz deje de sonar,<\/p>\n<p>cuando mi andar llegue a un final,<\/p>\n<p>cuando mi alma deje de vibrar.<\/p>\n<p>Cuando yo no est\u00e9<\/p>\n<p>y lo \u00fanico que quede sea mi recuerdo.<\/p>\n<p>Cuando me veas tumbada<\/p>\n<p>en esa caja misteriosamente m\u00e1gica,<\/p>\n<p>que escoge voluntarios en sus trucos de magia.<\/p>\n<p>Cuando te levantes,<\/p>\n<p>eches a andar,<\/p>\n<p>decidas olvidarme<\/p>\n<p>y no me necesites m\u00e1s.<\/p>\n<p>Recuerda la facilidad con la que<\/p>\n<p>me mataste a\u00f1os atr\u00e1s,<\/p>\n<p>mucho antes de mi adi\u00f3s esperado,<\/p>\n<p>aquel d\u00eda que decidiste levantarte<\/p>\n<p>y echar a andar.<\/p>\n<p>Y,<\/p>\n<p>con los d\u00edas,<\/p>\n<p>dejar de<\/p>\n<p>AMAR.<\/p>\n<p>&nbsp;<\/p>\n<p>&nbsp;<\/p>\n<p>&nbsp;<\/p>\n<span class='bctt-click-to-tweet'><span class='bctt-ctt-text'><a href='https:\/\/x.com\/intent\/tweet?url=https%3A%2F%2Fclubdepoesia.com%2Fmartaperalmayordomo%2Fpoesia%2F&#038;text=ANDARES%20QUE%20MATAN%C2%A0del%20libro%20MI%20ALMA%20DESNUDA%20de%20MARTA%20PERAL%20MAYORDOMO&#038;via=poesiaerestu&#038;related=poesiaerestu' target='_blank'rel=\"noopener noreferrer\">ANDARES QUE MATAN&nbsp;del libro MI ALMA DESNUDA de MARTA PERAL MAYORDOMO <\/a><\/span><a href='https:\/\/x.com\/intent\/tweet?url=https%3A%2F%2Fclubdepoesia.com%2Fmartaperalmayordomo%2Fpoesia%2F&#038;text=ANDARES%20QUE%20MATAN%C2%A0del%20libro%20MI%20ALMA%20DESNUDA%20de%20MARTA%20PERAL%20MAYORDOMO&#038;via=poesiaerestu&#038;related=poesiaerestu' target='_blank' class='bctt-ctt-btn'rel=\"noopener noreferrer\">Compartir en X<\/a><\/span>\n<p>&nbsp;<\/p>\n<p>&nbsp;[\/vc_column_text][\/vc_column][\/vc_row][vc_row][vc_column extend=&#8221;false&#8221;]<div class='gambit_parallax_row' data-bg-align='' data-direction='fixed' data-opacity='100' data-velocity='-0.3' data-mobile-enabled='' data-bg-height='1200' data-bg-width='800' data-bg-image='https:\/\/clubdepoesia.com\/martaperalmayordomo\/files\/2019\/05\/cschmy3jw8o.jpg' data-bg-repeat='false' data-id='' style='display: none'><\/div><div class=\"gambit_fullheight_row\" data-content-location=\"center\" style=\"display: none\"><\/div>[\/vc_column][\/vc_row][vc_row][vc_column extend=&#8221;false&#8221;][vc_column_text]\n<h1><a name=\"_Toc6500423\"><\/a><strong>HAGAMOS LAS PACES<\/strong><\/h1>\n<p>&nbsp;<\/p>\n<p>Querido coraz\u00f3n;<\/p>\n<p>quiero que hagamos las paces,<\/p>\n<p>s\u00e9 que nunca me he llevado bien contigo,<\/p>\n<p>que soy algo dif\u00edcil,<\/p>\n<p>impulsiva,<\/p>\n<p>desconocedora<\/p>\n<p>y un poco inconsciente,<\/p>\n<p>s\u00e9 que no deber\u00eda de haberte dicho esas cosas,<\/p>\n<p>que no puedo ir por la vida as\u00ed,<\/p>\n<p>que me quieres y que yo te debo querer,<\/p>\n<p>de otra forma,<\/p>\n<p>de una forma mejor.<\/p>\n<p>&nbsp;<\/p>\n<p>\u2014Yo.<\/p>\n<p>&nbsp;<\/p>\n<p>&nbsp;<\/p>\n<span class='bctt-click-to-tweet'><span class='bctt-ctt-text'><a href='https:\/\/x.com\/intent\/tweet?url=https%3A%2F%2Fclubdepoesia.com%2Fmartaperalmayordomo%2Fpoesia%2F&#038;text=HAGAMOS%20LAS%20PACES%C2%A0del%20libro%20MI%20ALMA%20DESNUDA%20de%20MARTA%20PERAL%20MAYORDOMO&#038;via=poesiaerestu&#038;related=poesiaerestu' target='_blank'rel=\"noopener noreferrer\">HAGAMOS LAS PACES&nbsp;del libro MI ALMA DESNUDA de MARTA PERAL MAYORDOMO <\/a><\/span><a href='https:\/\/x.com\/intent\/tweet?url=https%3A%2F%2Fclubdepoesia.com%2Fmartaperalmayordomo%2Fpoesia%2F&#038;text=HAGAMOS%20LAS%20PACES%C2%A0del%20libro%20MI%20ALMA%20DESNUDA%20de%20MARTA%20PERAL%20MAYORDOMO&#038;via=poesiaerestu&#038;related=poesiaerestu' target='_blank' class='bctt-ctt-btn'rel=\"noopener noreferrer\">Compartir en X<\/a><\/span>[\/vc_column_text][\/vc_column][\/vc_row][vc_row][vc_column extend=&#8221;false&#8221;]<div class='gambit_parallax_row' data-bg-align='' data-direction='fixed' data-opacity='100' data-velocity='-0.3' data-mobile-enabled='' data-bg-height='1200' data-bg-width='800' data-bg-image='https:\/\/clubdepoesia.com\/martaperalmayordomo\/files\/2019\/05\/ezvc4q_blb8.jpg' data-bg-repeat='false' data-id='' style='display: none'><\/div><div class=\"gambit_fullheight_row\" data-content-location=\"center\" style=\"display: none\"><\/div>[\/vc_column][\/vc_row][vc_row][vc_column extend=&#8221;false&#8221;][vc_column_text]\n<h1><a name=\"_Toc6500431\"><\/a><strong>MIRADAS<\/strong><\/h1>\n<p>&nbsp;<\/p>\n<p>Hoy te he mirado,<\/p>\n<p>pero no ha sido como siempre,<\/p>\n<p>te he mirado y he visto algo en tu mirada,<\/p>\n<p>algo incoherente al lado de tu bella sonrisa,<\/p>\n<p>algo que dr\u00e1sticamente contrastaba con lo que<\/p>\n<p>dec\u00edas,<\/p>\n<p>algo.<\/p>\n<p>&nbsp;<\/p>\n<p>Algo que me ped\u00eda ayuda;<\/p>\n<p>me ped\u00eda que te sacase de esa mentira,<\/p>\n<p>de esa sonrisa,<\/p>\n<p>de esas palabras.<\/p>\n<h1>&nbsp;<\/h1>\n<span class='bctt-click-to-tweet'><span class='bctt-ctt-text'><a href='https:\/\/x.com\/intent\/tweet?url=https%3A%2F%2Fclubdepoesia.com%2Fmartaperalmayordomo%2Fpoesia%2F&#038;text=MIRADAS%C2%A0del%20libro%20MI%20ALMA%20DESNUDA%20de%20MARTA%20PERAL%20MAYORDOMO&#038;via=poesiaerestu&#038;related=poesiaerestu' target='_blank'rel=\"noopener noreferrer\">MIRADAS&nbsp;del libro MI ALMA DESNUDA de MARTA PERAL MAYORDOMO <\/a><\/span><a href='https:\/\/x.com\/intent\/tweet?url=https%3A%2F%2Fclubdepoesia.com%2Fmartaperalmayordomo%2Fpoesia%2F&#038;text=MIRADAS%C2%A0del%20libro%20MI%20ALMA%20DESNUDA%20de%20MARTA%20PERAL%20MAYORDOMO&#038;via=poesiaerestu&#038;related=poesiaerestu' target='_blank' class='bctt-ctt-btn'rel=\"noopener noreferrer\">Compartir en X<\/a><\/span>[\/vc_column_text][\/vc_column][\/vc_row][vc_row][vc_column extend=&#8221;false&#8221;]<div class='gambit_parallax_row' data-bg-align='' data-direction='fixed' data-opacity='100' data-velocity='-0.3' data-mobile-enabled='' data-bg-height='1149' data-bg-width='768' data-bg-image='https:\/\/clubdepoesia.com\/martaperalmayordomo\/files\/2019\/05\/portadaperal-Mediano.jpg' data-bg-repeat='false' data-id='' style='display: none'><\/div><div class=\"gambit_fullheight_row\" data-content-location=\"center\" style=\"display: none\"><\/div>[vc_column_text]\n<p style=\"text-align: center;\"><a class=\"fasc-button fasc-size-xlarge fasc-type-glossy fasc-rounded-medium\" style=\"background-color: #33809e; color: #ffffff;\" href=\"https:\/\/librodepoesia.com\/producto\/mi-alma-desnuda-marta-peral-mayordomo\/\">Comprar el libro<\/a><\/p>\n[\/vc_column_text][\/vc_column][\/vc_row][vc_row][vc_column extend=&#8221;false&#8221;][vc_column_text css=&#8221;.vc_custom_1549215104378{margin-top: -30000px !important;}&#8221;]\n<h1><strong><em><u>Poes\u00eda del libro MI ALMA DESNUDA de MARTA PERAL MAYORDOMO. El escritor nos da una muestra tras publicar un libro.<\/u><\/em><\/strong><\/h1>\n<h2><strong><em><u>Poes\u00eda del libro MI ALMA DESNUDA de MARTA PERAL MAYORDOMO El poeta nos da una muestra tras publicar un libro.<\/u><\/em><\/strong><\/h2>\n<h3><strong><em><u>Poes\u00eda del libro MI ALMA DESNUDA de MARTA PERAL MAYORDOMO El autor nos da una muestra tras publicar un libro.<\/u><\/em><\/strong><\/h3>\n<h4><strong><em><u>Poes\u00eda del libro MI ALMA DESNUDA de MARTA PERAL MAYORDOMO El autor nos da una muestra tras publicar un libro.<\/u><\/em><\/strong><\/h4>\n<h5><strong><em><u>Poes\u00eda del libro MI ALMA DESNUDA de MARTA PERAL MAYORDOMO El autor nos da una muestra tras publicar un libro.<\/u><\/em><\/strong><\/h5>\n[\/vc_column_text][\/vc_column][\/vc_row]\n<\/div>","protected":false},"excerpt":{"rendered":"<p>[vc_row][vc_column extend=&#8221;false&#8221;][vc_column_text css=&#8221;.vc_custom_1553444585029{margin-top: -30000px !important;}&#8221;] Poes\u00eda del libro MI ALMA DESNUDA de MARTA PERAL MAYORDOMO. El escritor nos da una muestra tras publicar un libro. Poes\u00eda del libro MI ALMA DESNUDA de MARTA PERAL MAYORDOMO El poeta nos da una muestra tras publicar un libro. Poes\u00eda del libro MI ALMA DESNUDA de MARTA PERAL MAYORDOMO [&hellip;]<\/p>\n","protected":false},"author":24,"featured_media":0,"parent":0,"menu_order":3,"comment_status":"closed","ping_status":"closed","template":"","meta":{"footnotes":"","_links_to":"","_links_to_target":""},"class_list":["post-73","page","type-page","status-publish","hentry"],"_links":{"self":[{"href":"https:\/\/clubdepoesia.com\/martaperalmayordomo\/wp-json\/wp\/v2\/pages\/73","targetHints":{"allow":["GET"]}}],"collection":[{"href":"https:\/\/clubdepoesia.com\/martaperalmayordomo\/wp-json\/wp\/v2\/pages"}],"about":[{"href":"https:\/\/clubdepoesia.com\/martaperalmayordomo\/wp-json\/wp\/v2\/types\/page"}],"author":[{"embeddable":true,"href":"https:\/\/clubdepoesia.com\/martaperalmayordomo\/wp-json\/wp\/v2\/users\/24"}],"replies":[{"embeddable":true,"href":"https:\/\/clubdepoesia.com\/martaperalmayordomo\/wp-json\/wp\/v2\/comments?post=73"}],"version-history":[{"count":0,"href":"https:\/\/clubdepoesia.com\/martaperalmayordomo\/wp-json\/wp\/v2\/pages\/73\/revisions"}],"wp:attachment":[{"href":"https:\/\/clubdepoesia.com\/martaperalmayordomo\/wp-json\/wp\/v2\/media?parent=73"}],"curies":[{"name":"wp","href":"https:\/\/api.w.org\/{rel}","templated":true}]}}