{"id":56,"date":"2018-06-17T17:00:48","date_gmt":"2018-06-17T17:00:48","guid":{"rendered":"https:\/\/clubdepoesia.com\/martaparciomontesinos\/?page_id=56"},"modified":"2018-06-17T17:30:06","modified_gmt":"2018-06-17T17:30:06","slug":"poesia","status":"publish","type":"page","link":"https:\/\/clubdepoesia.com\/martaparciomontesinos\/poesia\/","title":{"rendered":"Poes\u00eda"},"content":{"rendered":"<div class=\"wpb-content-wrapper\">[vc_row][vc_column extend=&#8221;false&#8221;][vc_column_text css=&#8221;.vc_custom_1529096904455{margin-top: -30000px !important;}&#8221;]\n<h1><strong><em><u>Poes\u00eda del libro AUDIATUR ET ALTERA PARS de Leb. El escritor nos da una muestra tras publicar un libro.<\/u><\/em><\/strong><\/h1>\n<h2><strong><em><u><img fetchpriority=\"high\" decoding=\"async\" class=\"aligncenter size-full wp-image-5\" src=\"https:\/\/clubdepoesia.com\/martaparciomontesinos\/files\/2018\/06\/0_PortadaAudiatur.jpg\" alt=\"AUDIATUR ET ALTERA PARS Marta Paricio Montesinos\" width=\"559\" height=\"794\" srcset=\"https:\/\/clubdepoesia.com\/martaparciomontesinos\/files\/2018\/06\/0_PortadaAudiatur.jpg 559w, https:\/\/clubdepoesia.com\/martaparciomontesinos\/files\/2018\/06\/0_PortadaAudiatur-211x300.jpg 211w\" sizes=\"(max-width: 559px) 100vw, 559px\" \/>Poes\u00eda del libro AUDIATUR ET ALTERA PARS de Leb El poeta nos da una muestra tras publicar un libro.<\/u><\/em><\/strong><\/h2>\n<h3><strong><em><u>Poes\u00eda del libro AUDIATUR ET ALTERA PARS de Leb El autor nos da una muestra tras publicar un libro.<\/u><\/em><\/strong><\/h3>\n<h4><strong><em><u>Poes\u00eda del libro AUDIATUR ET ALTERA PARS de Leb El autor nos da una muestra tras publicar un libro.<\/u><\/em><\/strong><\/h4>\n<h5><strong><em><u>Poes\u00eda del libro AUDIATUR ET ALTERA PARS de Leb El autor nos da una muestra tras publicar un libro.<\/u><\/em><\/strong><\/h5>\n[\/vc_column_text][\/vc_column][\/vc_row][vc_row][vc_column extend=&#8221;false&#8221;]<div class='gambit_parallax_row' data-bg-align='' data-direction='fixed' data-opacity='100' data-velocity='-0.3' data-mobile-enabled='' data-bg-height='480' data-bg-width='722' data-bg-image='https:\/\/clubdepoesia.com\/martaparciomontesinos\/files\/2018\/06\/0_paper-2598053_1920-722480.jpg' data-bg-repeat='false' data-id='' style='display: none'><\/div><div class=\"gambit_fullheight_row\" data-content-location=\"center\" style=\"display: none\"><\/div>[\/vc_column][\/vc_row][vc_row][vc_column extend=&#8221;false&#8221;][vc_column_text]\n<h1><a name=\"_Toc514170460\"><\/a><\/h1>\n<h1><a name=\"_Toc514867610\"><\/a><strong>I<br \/>\n<\/strong><a name=\"_Toc511224114\"><\/a><strong>Parcialmente Asceta<\/strong><\/h1>\n<p>&nbsp;<\/p>\n<p>No hay sinopsis que sea necesaria,<\/p>\n<p>el viento en el atlas ya fue anta\u00f1o entendido.<\/p>\n<p>Tranquilo, no hay intenciones, para eso no te escribo.<\/p>\n<p>Solamente quiero que escuches que tu llanto no fue \u00fanico.<\/p>\n<p>A\u00fan te deb\u00eda una disculpa, con un principal suplico:<\/p>\n<p>&nbsp;<\/p>\n<p>Infante no cambiante de voz ahogada,<\/p>\n<p>son siglos pasados los que combatimos.<\/p>\n<p>Arc\u00e1ngel protector de coraz\u00f3n pedante,<\/p>\n<p>remem\u00f3rame un \u00faltimo instante, antes de pudrirnos.<\/p>\n<h1>&nbsp;<\/h1>\n<p>&nbsp;<\/p>\n<span class='bctt-click-to-tweet'><span class='bctt-ctt-text'><a href='https:\/\/x.com\/intent\/tweet?url=https%3A%2F%2Fclubdepoesia.com%2Fmartaparciomontesinos%2Fpoesia%2F&#038;text=Parcialmente%20Asceta%C2%A0del%20libro%20AUDIATUR%20ET%20ALTERA%20PARS%20de%20Leb&#038;via=poesiaerestu&#038;related=poesiaerestu' target='_blank'rel=\"noopener noreferrer\">Parcialmente Asceta&nbsp;del libro AUDIATUR ET ALTERA PARS de Leb <\/a><\/span><a href='https:\/\/x.com\/intent\/tweet?url=https%3A%2F%2Fclubdepoesia.com%2Fmartaparciomontesinos%2Fpoesia%2F&#038;text=Parcialmente%20Asceta%C2%A0del%20libro%20AUDIATUR%20ET%20ALTERA%20PARS%20de%20Leb&#038;via=poesiaerestu&#038;related=poesiaerestu' target='_blank' class='bctt-ctt-btn'rel=\"noopener noreferrer\">Compartir en X<\/a><\/span>[\/vc_column_text][\/vc_column][\/vc_row][vc_row][vc_column extend=&#8221;false&#8221;]<div class='gambit_parallax_row' data-bg-align='' data-direction='fixed' data-opacity='100' data-velocity='-0.3' data-mobile-enabled='' data-bg-height='480' data-bg-width='640' data-bg-image='https:\/\/clubdepoesia.com\/martaparciomontesinos\/files\/2018\/06\/0_pen-2683078_1920-640480.jpg' data-bg-repeat='false' data-id='' style='display: none'><\/div><div class=\"gambit_fullheight_row\" data-content-location=\"center\" style=\"display: none\"><\/div>[\/vc_column][\/vc_row][vc_row][vc_column extend=&#8221;false&#8221;][vc_column_text]\n<h1><a name=\"_Toc514170466\"><\/a><\/h1>\n<h1><a name=\"_Toc514867621\"><\/a><strong>III<br \/>\nTrece<\/strong><\/h1>\n<p>&nbsp;<\/p>\n<p>Con el coraje adquirido de un rasgado ac\u00fastico,<\/p>\n<p>convives, leve, con el peso de un segundo permanente.<\/p>\n<p>Sin el sello carcelero de un ideal dogm\u00e1tico,<\/p>\n<p>aguardas, cambiante, en la sombra del crep\u00fasculo de tu mente.<\/p>\n<p>&nbsp;<\/p>\n<p>Moldeado con el m\u00e1s flexible m\u00e1rmol candente,<\/p>\n<p>avanzas, firme, en la competici\u00f3n de una lucha interminable.<\/p>\n<p>Desprovisto del sentir de una duda impertinente,<\/p>\n<p>observas, imp\u00e1vido, en los l\u00edmites de un mundo poco afable.<\/p>\n<p>&nbsp;<\/p>\n<p>Defensor de torreones en llamas sin baluarte,<\/p>\n<p>jugador de faroles m\u00e1s que inalcanzables,<\/p>\n<p>profeta de destinos por ti cambiantes,<\/p>\n<p>&nbsp;<\/p>\n<p>huye de la pesadumbre indescifrable<\/p>\n<p>y combate la mano que tienes delante.<\/p>\n<p>T\u00fa, que eres insaciable.<\/p>\n<p>&nbsp;<\/p>\n<span class='bctt-click-to-tweet'><span class='bctt-ctt-text'><a href='https:\/\/x.com\/intent\/tweet?url=https%3A%2F%2Fclubdepoesia.com%2Fmartaparciomontesinos%2Fpoesia%2F&#038;text=TRECE%20del%20libro%20AUDIATUR%20ET%20ALTERA%20PARS%20de%20Leb&#038;via=poesiaerestu&#038;related=poesiaerestu' target='_blank'rel=\"noopener noreferrer\">TRECE del libro AUDIATUR ET ALTERA PARS de Leb <\/a><\/span><a href='https:\/\/x.com\/intent\/tweet?url=https%3A%2F%2Fclubdepoesia.com%2Fmartaparciomontesinos%2Fpoesia%2F&#038;text=TRECE%20del%20libro%20AUDIATUR%20ET%20ALTERA%20PARS%20de%20Leb&#038;via=poesiaerestu&#038;related=poesiaerestu' target='_blank' class='bctt-ctt-btn'rel=\"noopener noreferrer\">Compartir en X<\/a><\/span>[\/vc_column_text][\/vc_column][\/vc_row][vc_row][vc_column extend=&#8221;false&#8221;]<div class='gambit_parallax_row' data-bg-align='' data-direction='fixed' data-opacity='100' data-velocity='-0.3' data-mobile-enabled='' data-bg-height='480' data-bg-width='720' data-bg-image='https:\/\/clubdepoesia.com\/martaparciomontesinos\/files\/2018\/06\/0_pen-1974727_1920-720480.jpg' data-bg-repeat='false' data-id='' style='display: none'><\/div><div class=\"gambit_fullheight_row\" data-content-location=\"center\" style=\"display: none\"><\/div>[\/vc_column][\/vc_row][vc_row][vc_column extend=&#8221;false&#8221;][vc_column_text]\n<h1>&nbsp;<\/h1>\n<h1><a name=\"_Toc514867626\"><\/a><strong>VIII<br \/>\nParis<\/strong><\/h1>\n<p>&nbsp;<\/p>\n<h1><a name=\"_Toc514867627\"><\/a><strong>CARA<\/strong><\/h1>\n<p>&nbsp;<\/p>\n<p>Nubes futuras, all\u00ed donde me vierto.<\/p>\n<p>Nunca fui de las que se emocionan viviendo.<\/p>\n<p>Enso\u00f1aciones presentes, mi lugar certero.<\/p>\n<p>La abstracci\u00f3n y la lanza siguen siendo mis sargentos.<\/p>\n<p>&nbsp;<\/p>\n<p>Luces celestiales, mi corta vida.<\/p>\n<p>La soledad como el guerrero y su partida.<\/p>\n<p>Solidaridad insaciable, mi fuerza ampl\u00eda.<\/p>\n<p>El sacrificio como regalo de despedida.<\/p>\n<p>&nbsp;<\/p>\n<p>Mundo oscuro, principios claros:<\/p>\n<p>\u00e9tica, pol\u00edtica, guerra y muerte<\/p>\n<p>ni arte, ni amor, ni dicha o suerte.<\/p>\n<p>Con la memoria escrita se devuelve el pago.<\/p>\n<p>&nbsp;<\/p>\n<p>No obstante,<\/p>\n<p>nuestro octubre dej\u00f3 un \u00fanico regalo,<\/p>\n<p>te empe\u00f1aste y luchaste en d\u00e1rmelo:<\/p>\n<p>Par\u00eds de ratas en mi recuerdo estaba lleno<\/p>\n<p>pero, t\u00fa, quisiste ofrecerme su encuentro.<\/p>\n<p>&nbsp;<\/p>\n<p>Par\u00eds como el mundo, Par\u00eds como suelo,<\/p>\n<p>Par\u00eds como imagen de lo que no es eterno.<\/p>\n<p>Paris como sangre, Paris como ego,<\/p>\n<p>Paris como lo que se destruye y resurge a destiempo.<\/p>\n<p>&nbsp;<\/p>\n<span class='bctt-click-to-tweet'><span class='bctt-ctt-text'><a href='https:\/\/x.com\/intent\/tweet?url=https%3A%2F%2Fclubdepoesia.com%2Fmartaparciomontesinos%2Fpoesia%2F&#038;text=Par%C3%ADs%20del%20libro%20AUDIATUR%20ET%20ALTERA%20PARS%20de%20Leb&#038;via=poesiaerestu&#038;related=poesiaerestu' target='_blank'rel=\"noopener noreferrer\">Par\u00eds del libro AUDIATUR ET ALTERA PARS de Leb <\/a><\/span><a href='https:\/\/x.com\/intent\/tweet?url=https%3A%2F%2Fclubdepoesia.com%2Fmartaparciomontesinos%2Fpoesia%2F&#038;text=Par%C3%ADs%20del%20libro%20AUDIATUR%20ET%20ALTERA%20PARS%20de%20Leb&#038;via=poesiaerestu&#038;related=poesiaerestu' target='_blank' class='bctt-ctt-btn'rel=\"noopener noreferrer\">Compartir en X<\/a><\/span>[\/vc_column_text][\/vc_column][\/vc_row][vc_row][vc_column extend=&#8221;false&#8221;]<div class='gambit_parallax_row' data-bg-align='' data-direction='fixed' data-opacity='100' data-velocity='-0.3' data-mobile-enabled='' data-bg-height='480' data-bg-width='640' data-bg-image='https:\/\/clubdepoesia.com\/martaparciomontesinos\/files\/2018\/06\/fountain-pen-1851096_1920-640480.jpg' data-bg-repeat='false' data-id='' style='display: none'><\/div><div class=\"gambit_fullheight_row\" data-content-location=\"center\" style=\"display: none\"><\/div>[\/vc_column][\/vc_row][vc_row][vc_column extend=&#8221;false&#8221;][vc_column_text]\n<h1><a name=\"_Toc514867642\"><\/a><strong>II<br \/>\nOcho<\/strong><\/h1>\n<p>&nbsp;<\/p>\n<p>Acarreo la r\u00fabrica amarga de un cinismo roto<\/p>\n<p>en el memento del despertar m\u00e1s cuerdo,<\/p>\n<p>de un pensamiento que se resquebraja solo<\/p>\n<p>como si del horizonte huyera el extranjero.<\/p>\n<p>&nbsp;<\/p>\n<p>Traigo flores de un inerte campo abierto<\/p>\n<p>para aquel que aspire a pronunciar su c\u00f3lera y lloro,<\/p>\n<p>siendo este el primero que obtiene el cabal acierto<\/p>\n<p>de un examen que supure del alma alboroto.<\/p>\n<p>&nbsp;<\/p>\n<p>Despojo del silencio su perfecto diamante<\/p>\n<p>con el penoso af\u00e1n de soportar mi muda:<\/p>\n<p>triste infeliz de piezas cortantes,<\/p>\n<p>&nbsp;<\/p>\n<p>ap\u00e1rtate de aquello que no sea sutura<\/p>\n<p>con el fin de hallar en tu engendro el talante<\/p>\n<p>sin reconocer que un d\u00eda proclamaste la meritocracia como tuya.<\/p>\n<p>&nbsp;<\/p>\n<span class='bctt-click-to-tweet'><span class='bctt-ctt-text'><a href='https:\/\/x.com\/intent\/tweet?url=https%3A%2F%2Fclubdepoesia.com%2Fmartaparciomontesinos%2Fpoesia%2F&#038;text=Diario%20de%20un%20refugiado%20del%20libro%20AUDIATUR%20ET%20ALTERA%20PARS%20de%20Leb&#038;via=poesiaerestu&#038;related=poesiaerestu' target='_blank'rel=\"noopener noreferrer\">Diario de un refugiado del libro AUDIATUR ET ALTERA PARS de Leb <\/a><\/span><a href='https:\/\/x.com\/intent\/tweet?url=https%3A%2F%2Fclubdepoesia.com%2Fmartaparciomontesinos%2Fpoesia%2F&#038;text=Diario%20de%20un%20refugiado%20del%20libro%20AUDIATUR%20ET%20ALTERA%20PARS%20de%20Leb&#038;via=poesiaerestu&#038;related=poesiaerestu' target='_blank' class='bctt-ctt-btn'rel=\"noopener noreferrer\">Compartir en X<\/a><\/span>[\/vc_column_text][\/vc_column][\/vc_row][vc_row][vc_column extend=&#8221;false&#8221;]<div class='gambit_parallax_row' data-bg-align='' data-direction='fixed' data-opacity='100' data-velocity='-0.3' data-mobile-enabled='' data-bg-height='480' data-bg-width='722' data-bg-image='https:\/\/clubdepoesia.com\/martaparciomontesinos\/files\/2018\/06\/nib-1219008_1920-722480.jpg' data-bg-repeat='false' data-id='' style='display: none'><\/div><div class=\"gambit_fullheight_row\" data-content-location=\"center\" style=\"display: none\"><\/div>[vc_column_text]\n<p style=\"text-align: center;\"><a class=\"fasc-button fasc-size-medium fasc-type-flat\" style=\"background-color: #33809e; color: #ffffff;\" href=\"https:\/\/librodepoesia.com\/producto\/audiatur-et-altera-pars-leb\/\">Comprar el libro<\/a><\/p>\n[\/vc_column_text][\/vc_column][\/vc_row][vc_row][vc_column extend=&#8221;false&#8221;][vc_column_text css=&#8221;.vc_custom_1526799164399{margin-top: -30000px !important;}&#8221;]\n<h1><strong><em><u>Poes\u00eda del libro AUDIATUR ET ALTERA PARS de Leb. El escritor nos da una muestra tras publicar un libro.<\/u><\/em><\/strong><\/h1>\n<h2><strong><em><u><img decoding=\"async\" class=\"aligncenter size-full wp-image-8\" src=\"https:\/\/clubdepoesia.com\/ricardodieguezaguilar\/files\/2018\/05\/book3_69poesias.png\" alt=\"Poes\u00eda del libro 69 poes\u00edas de Ricardo Di\u00e9guez Aguilar.\" width=\"839\" height=\"794\">Poes\u00eda del libro AUDIATUR ET ALTERA PARS de Leb El poeta nos da una muestra tras publicar un libro.<\/u><\/em><\/strong><\/h2>\n<h3><strong><em><u>Poes\u00eda del libro AUDIATUR ET ALTERA PARS de Leb El autor nos da una muestra tras publicar un libro.<\/u><\/em><\/strong><\/h3>\n<h4><strong><em><u>Poes\u00eda del libro AUDIATUR ET ALTERA PARS de Leb El autor nos da una muestra tras publicar un libro.<\/u><\/em><\/strong><\/h4>\n<h5><strong><em><u>Poes\u00eda del libro AUDIATUR ET ALTERA PARS de Leb El autor nos da una muestra tras publicar un libro.<\/u><\/em><\/strong><\/h5>\n[\/vc_column_text][\/vc_column][\/vc_row]\n<\/div>","protected":false},"excerpt":{"rendered":"<p>[vc_row][vc_column extend=&#8221;false&#8221;][vc_column_text css=&#8221;.vc_custom_1529096904455{margin-top: -30000px !important;}&#8221;] Poes\u00eda del libro AUDIATUR ET ALTERA PARS de Leb. El escritor nos da una muestra tras publicar un libro. Poes\u00eda del libro AUDIATUR ET ALTERA PARS de Leb El poeta nos da una muestra tras publicar un libro. Poes\u00eda del libro AUDIATUR ET ALTERA PARS de Leb El autor nos [&hellip;]<\/p>\n","protected":false},"author":24,"featured_media":0,"parent":0,"menu_order":3,"comment_status":"closed","ping_status":"closed","template":"","meta":{"footnotes":"","_links_to":"","_links_to_target":""},"class_list":["post-56","page","type-page","status-publish","hentry"],"_links":{"self":[{"href":"https:\/\/clubdepoesia.com\/martaparciomontesinos\/wp-json\/wp\/v2\/pages\/56","targetHints":{"allow":["GET"]}}],"collection":[{"href":"https:\/\/clubdepoesia.com\/martaparciomontesinos\/wp-json\/wp\/v2\/pages"}],"about":[{"href":"https:\/\/clubdepoesia.com\/martaparciomontesinos\/wp-json\/wp\/v2\/types\/page"}],"author":[{"embeddable":true,"href":"https:\/\/clubdepoesia.com\/martaparciomontesinos\/wp-json\/wp\/v2\/users\/24"}],"replies":[{"embeddable":true,"href":"https:\/\/clubdepoesia.com\/martaparciomontesinos\/wp-json\/wp\/v2\/comments?post=56"}],"version-history":[{"count":0,"href":"https:\/\/clubdepoesia.com\/martaparciomontesinos\/wp-json\/wp\/v2\/pages\/56\/revisions"}],"wp:attachment":[{"href":"https:\/\/clubdepoesia.com\/martaparciomontesinos\/wp-json\/wp\/v2\/media?parent=56"}],"curies":[{"name":"wp","href":"https:\/\/api.w.org\/{rel}","templated":true}]}}