{"id":213,"date":"2016-07-01T10:28:35","date_gmt":"2016-07-01T10:28:35","guid":{"rendered":"http:\/\/clubdepoesia.com\/mariavillarherbello\/grupo-editorial\/"},"modified":"2025-03-28T20:10:25","modified_gmt":"2025-03-28T20:10:25","slug":"grupo-editorial","status":"publish","type":"page","link":"https:\/\/clubdepoesia.com\/mariavillarherbello\/grupo-editorial\/","title":{"rendered":"Grupo Editorial de poes\u00eda"},"content":{"rendered":"<div class=\"wpb-content-wrapper\">[vc_row][vc_column extend=&#8221;false&#8221; width=&#8221;1\/2&#8243;][vc_column_text]\n<p style=\"text-align: center;\"><a href=\"https:\/\/clubdepoesia.com\/wp-content\/uploads\/2015\/11\/LogoGepa.jpg\"><img decoding=\"async\" class=\"aligncenter wp-image-506 size-medium\" title=\"Grupo Editorial P\u00e9rez-Ayala editorial poesia publicar un libro de poesia\" src=\"https:\/\/clubdepoesia.com\/wp-content\/uploads\/2015\/11\/LogoGepa-300x80.jpg\" alt=\"Grupo Editorial P\u00e9rez-Ayala editorial poesia publicar un libro de poesia\" width=\"300\" height=\"80\" \/><\/a><\/p>\n[\/vc_column_text][\/vc_column][vc_column extend=&#8221;false&#8221; width=&#8221;1\/2&#8243;][vc_column_text css=&#8221;&#8221;]El <a href=\"http:\/\/grupoeditorialperezayala.com\">Grupo Editorial P\u00e9rez-Ayala<\/a>, est\u00e1 formado por los siguientes sellos <a href=\"http:\/\/editorialpoesia.com\" target=\"_blank\" rel=\"noopener noreferrer\">editoriales<\/a>: <a href=\"http:\/\/poesiaerestu.com\" target=\"_blank\" rel=\"noopener noreferrer\">Editorial Poes\u00eda eres t\u00fa<\/a>, <a href=\"http:\/\/edicionesrilke.com\" target=\"_blank\" rel=\"noopener noreferrer\">Ediciones Rilke<\/a> <a href=\"http:\/\/editorialpoesia.com\" target=\"_blank\" rel=\"noopener noreferrer\">Editorial poes\u00eda<\/a>, <a href=\"http:\/\/editorial.org.es\" target=\"_blank\" rel=\"noopener noreferrer\">Editorial<\/a> <a href=\"http:\/\/edicionesamaniel.com\" target=\"_blank\" rel=\"noopener noreferrer\">Ediciones Amaniel<\/a>, <a href=\"http:\/\/editorial.org.es\" target=\"_blank\" rel=\"noopener noreferrer\">Editorial<\/a> <a href=\"http:\/\/edicionesazorin.com\" target=\"_blank\" rel=\"noopener noreferrer\">Ediciones Azor\u00edn un sello regional para Alicante y Murcia<\/a>.<\/p>\n<p>Para ayudar a la promoci\u00f3n de los libros contamos con diferentes plataformas en internet como <a href=\"https:\/\/crowdfundingdelibros.com\">Crowdfunding de libros<\/a>,\u00a0<a href=\"http:\/\/poesiatv.com\" target=\"_blank\" rel=\"noopener noreferrer\">Poes\u00eda Televisi\u00f3n<\/a>, <a href=\"http:\/\/librodepoesia.com\" target=\"_blank\" rel=\"noopener noreferrer\">libro de poes\u00eda<\/a>, <a href=\"https:\/\/clubdepoesia.com\" target=\"_blank\" rel=\"noopener noreferrer\">Club de poes\u00eda<\/a>, <a href=\"http:\/\/blogdeescritor.com\" target=\"_blank\" rel=\"noopener noreferrer\">Blog de escritor<\/a>, <a href=\"http:\/\/blogdepoesia.com\" target=\"_blank\" rel=\"noopener noreferrer\">Blog de poes\u00eda<\/a>, <a href=\"https:\/\/agenciadellibro.com\" target=\"_blank\" rel=\"noopener noreferrer\">Agencia del libro<\/a>, <a href=\"http:\/\/nuestraslibrerias.com\" target=\"_blank\" rel=\"noopener noreferrer\">Nuestras librerias<\/a>, <a href=\"http:\/\/publicarlibro.com.es\" target=\"_blank\" rel=\"noopener noreferrer\">Publicar libro<\/a> &#8211; <a href=\"http:\/\/publicarlibro.es\" target=\"_blank\" rel=\"noopener noreferrer\">Publicar un libro<\/a>, <a href=\"http:\/\/poesiaerestu.com\/revista\/\" target=\"_blank\" rel=\"noopener noreferrer\">Revista Poes\u00eda eres t\u00fa<\/a>, <a href=\"http:\/\/antologiaspoeticas.com\" target=\"_blank\" rel=\"noopener noreferrer\">Antolog\u00edas po\u00e9ticas<\/a>, <a href=\"http:\/\/poesiapoetas.com\" target=\"_blank\" rel=\"noopener noreferrer\">Poes\u00eda y poetas<\/a><\/p>\n<p>Trabajamos con distribuidoras de <a href=\"http:\/\/libro.org.es\" target=\"_blank\" rel=\"noopener noreferrer\">libros<\/a> que acercan los <a href=\"http:\/\/libro.org.es\" target=\"_blank\" rel=\"noopener noreferrer\">libro<\/a>s a las <a href=\"http:\/\/nuestraslibrerias.com\" target=\"_blank\" rel=\"noopener noreferrer\">librer\u00edas<\/a>, pero contamos tambi\u00e9n con las siguientes <a href=\"http:\/\/nuestraslibrerias.com\" target=\"_blank\" rel=\"noopener noreferrer\">librerias<\/a> de apoyo en internet para que ning\u00fan lector se quede sin su <a href=\"http:\/\/librodepoesia.com\" target=\"_blank\" rel=\"noopener noreferrer\">libro de poes\u00eda<\/a>: <a href=\"http:\/\/gepa.es\" target=\"_blank\" rel=\"noopener noreferrer\">Libreria GEPA<\/a>, <a href=\"http:\/\/libreria.ws\" target=\"_blank\" rel=\"noopener noreferrer\">Libreria Website<\/a>, <a href=\"http:\/\/lalibreria.com.es\">La librer\u00eda del escritor<\/a>, <a href=\"http:\/\/elrincondeloslibros.com\">El rinc\u00f3n de los libros,<\/a><a href=\"https:\/\/librodepoesia.com\" target=\"_blank\" rel=\"noopener noreferrer\">Libro de poes\u00eda<\/a><\/p>\n<p>As\u00ed mismo colaboramos con la <a href=\"http:\/\/editorespoesia.com\">Asociaci\u00f3n de editores de poes\u00eda<\/a> y la <a href=\"http:\/\/escritoresycriticos.com\" target=\"_blank\" rel=\"noopener noreferrer\">Asociaci\u00f3n Madrile\u00f1a de escritores y cr\u00edticos literarios<\/a> (<a href=\"http:\/\/escritoresycriticos.com\" target=\"_blank\" rel=\"noopener noreferrer\">Cr\u00edtica de Madrid<\/a>).<\/p>\n<p>Trabajamos con varias <a href=\"http:\/\/artesgraficas.org.es\" target=\"_blank\" rel=\"noopener noreferrer\">imprentas<\/a> y contamos con nuestra propia imprenta <a href=\"http:\/\/artesgraficas.info\" target=\"_blank\" rel=\"nofollow noopener noreferrer\">Herederos de Izquierdo y Madrid<\/a> impresores.<\/p>\n<p>Puedes conocernos en nuestra p\u00e1gina del <a href=\"http:\/\/grupoeditorial.org\" target=\"_blank\" rel=\"noopener noreferrer\">Grupo Editorial<\/a>. Contamos con una sede en <a href=\"http:\/\/perezayala.com\">Madrid<\/a> y otra en Jumilla (Murcia)<\/p>\n<p>Somos <a href=\"https:\/\/editorialesdepoesia.com\">editoriales de poes\u00eda<\/a> especialistas en la edici\u00f3n del <a href=\"http:\/\/libropoesia.com\/\" target=\"_blank\" rel=\"noopener noreferrer\">libro de poes\u00eda<\/a><\/p>\n<p><span style=\"border-radius: 2px; text-indent: 20px; width: auto; padding: 0px 4px 0px 0px; text-align: center; font: bold 11px\/20px 'Helvetica Neue',Helvetica,sans-serif; color: #ffffff; background: #bd081c no-repeat scroll 3px 50% \/ 14px 14px; position: absolute; opacity: 1; z-index: 8675309; display: none; cursor: pointer;\">Guardar<\/span><\/p>\n<p><span style=\"border-radius: 2px; text-indent: 20px; width: auto; padding: 0px 4px 0px 0px; text-align: center; font: bold 11px\/20px 'Helvetica Neue',Helvetica,sans-serif; color: #ffffff; background: #bd081c no-repeat scroll 3px 50% \/ 14px 14px; position: absolute; opacity: 1; z-index: 8675309; display: none; cursor: pointer;\">Guardar<\/span><\/p>\n<p><span style=\"border-radius: 2px; text-indent: 20px; width: auto; padding: 0px 4px 0px 0px; text-align: center; font: bold 11px\/20px 'Helvetica Neue',Helvetica,sans-serif; color: #ffffff; background: #bd081c no-repeat scroll 3px 50% \/ 14px 14px; position: absolute; opacity: 1; z-index: 8675309; display: none; cursor: pointer;\">Guardar<\/span><\/p>\n<p><span style=\"border-radius: 2px; text-indent: 20px; width: auto; padding: 0px 4px 0px 0px; text-align: center; font: bold 11px\/20px 'Helvetica Neue',Helvetica,sans-serif; color: #ffffff; background: #bd081c no-repeat scroll 3px 50% \/ 14px 14px; position: absolute; opacity: 1; z-index: 8675309; display: none; cursor: pointer;\">Guardar<\/span><\/p>\n<p><span style=\"border-radius: 2px; text-indent: 20px; width: auto; padding: 0px 4px 0px 0px; text-align: center; font: bold 11px\/20px 'Helvetica Neue',Helvetica,sans-serif; color: #ffffff; background: #bd081c no-repeat scroll 3px 50% \/ 14px 14px; position: absolute; opacity: 1; z-index: 8675309; display: none; cursor: pointer;\">Guardar<\/span><\/p>\n<p><span style=\"border-radius: 2px; text-indent: 20px; width: auto; padding: 0px 4px 0px 0px; text-align: center; font: bold 11px\/20px 'Helvetica Neue',Helvetica,sans-serif; color: #ffffff; background: #bd081c no-repeat scroll 3px 50% \/ 14px 14px; position: absolute; opacity: 1; z-index: 8675309; display: none; cursor: pointer;\">Guardar<\/span><\/p>\n<p><span style=\"border-radius: 2px; text-indent: 20px; width: auto; padding: 0px 4px 0px 0px; text-align: center; font: bold 11px\/20px 'Helvetica Neue',Helvetica,sans-serif; color: #ffffff; background: #bd081c no-repeat scroll 3px 50% \/ 14px 14px; position: absolute; opacity: 1; z-index: 8675309; display: none; cursor: pointer;\">Guardar<\/span><\/p>\n<p><span style=\"border-radius: 2px; text-indent: 20px; width: auto; padding: 0px 4px 0px 0px; text-align: center; font: bold 11px\/20px 'Helvetica Neue',Helvetica,sans-serif; color: #ffffff; background: #bd081c no-repeat scroll 3px 50% \/ 14px 14px; position: absolute; opacity: 1; z-index: 8675309; display: none; cursor: pointer;\">Guardar<\/span><\/p>\n<p><span style=\"border-radius: 2px; text-indent: 20px; width: auto; padding: 0px 4px 0px 0px; text-align: center; font: bold 11px\/20px 'Helvetica Neue',Helvetica,sans-serif; color: #ffffff; background: #bd081c no-repeat scroll 3px 50% \/ 14px 14px; position: absolute; opacity: 1; z-index: 8675309; display: none; cursor: pointer;\">Guardar<\/span><\/p>\n<p><span style=\"border-radius: 2px; text-indent: 20px; width: auto; padding: 0px 4px 0px 0px; text-align: center; font: bold 11px\/20px 'Helvetica Neue',Helvetica,sans-serif; color: #ffffff; background: #bd081c no-repeat scroll 3px 50% \/ 14px 14px; position: absolute; opacity: 1; z-index: 8675309; display: none; cursor: pointer;\">Guardar<\/span><\/p>\n<p><span style=\"border-radius: 2px; text-indent: 20px; width: auto; padding: 0px 4px 0px 0px; text-align: center; font: bold 11px\/20px 'Helvetica Neue',Helvetica,sans-serif; color: #ffffff; background: #bd081c no-repeat scroll 3px 50% \/ 14px 14px; position: absolute; opacity: 1; z-index: 8675309; display: none; cursor: pointer;\">Guardar<\/span><\/p>\n<p><span style=\"border-radius: 2px; text-indent: 20px; width: auto; padding: 0px 4px 0px 0px; text-align: center; font: bold 11px\/20px 'Helvetica Neue',Helvetica,sans-serif; color: #ffffff; background: #bd081c no-repeat scroll 3px 50% \/ 14px 14px; position: absolute; opacity: 1; z-index: 8675309; display: none; cursor: pointer;\">Guardar<\/span>[\/vc_column_text][\/vc_column][\/vc_row][vc_row][vc_column extend=&#8221;false&#8221;][vc_column_text css=&#8221;.vc_custom_1499600297949{margin-top: -1500px !important;}&#8221;]\n<h1>Publicar un libro en una editorial de poes\u00eda es posible en la editorial poes\u00eda eres t\u00fa.<\/h1>\n<h2>Publicar un libro en una editorial de poes\u00eda es posible en la editorial poes\u00eda eres t\u00fa.<\/h2>\n<p>&nbsp;<\/p>\n<p>Publicar un libro y que se venda en las librerias, best seller de poes\u00eda, librer\u00eda de poes\u00eda, librer\u00edas de poes\u00eda, <a href=\"http:\/\/publicarunlibro.ovh\/\" target=\"_blank\" rel=\"noopener noreferrer\">publicar un libro<\/a>, publicar libro, editoriales de poes\u00eda, libro de poes\u00eda, libros de poes\u00eda, imprenta, poetas, poes\u00eda, poema, poemas de amor, poes\u00eda de amor, poes\u00eda del d\u00eda de la madre, poes\u00eda a la madre, poes\u00eda amorosa, escritor, escritores, poetas[\/vc_column_text][\/vc_column][\/vc_row]\n<\/div>","protected":false},"excerpt":{"rendered":"<p>[vc_row][vc_column extend=&#8221;false&#8221; width=&#8221;1\/2&#8243;][vc_column_text] [\/vc_column_text][\/vc_column][vc_column extend=&#8221;false&#8221; width=&#8221;1\/2&#8243;][vc_column_text css=&#8221;&#8221;]El Grupo Editorial P\u00e9rez-Ayala, est\u00e1 formado por los siguientes sellos editoriales: Editorial Poes\u00eda eres t\u00fa, Ediciones Rilke Editorial poes\u00eda, Editorial Ediciones Amaniel, Editorial Ediciones Azor\u00edn un sello regional para Alicante y Murcia. Para ayudar a la promoci\u00f3n de los libros contamos con diferentes plataformas en internet como Crowdfunding de [&hellip;]<\/p>\n","protected":false},"author":24,"featured_media":0,"parent":0,"menu_order":20,"comment_status":"closed","ping_status":"closed","template":"","meta":{"footnotes":"","_links_to":"","_links_to_target":""},"class_list":["post-213","page","type-page","status-publish","hentry"],"_links":{"self":[{"href":"https:\/\/clubdepoesia.com\/mariavillarherbello\/wp-json\/wp\/v2\/pages\/213","targetHints":{"allow":["GET"]}}],"collection":[{"href":"https:\/\/clubdepoesia.com\/mariavillarherbello\/wp-json\/wp\/v2\/pages"}],"about":[{"href":"https:\/\/clubdepoesia.com\/mariavillarherbello\/wp-json\/wp\/v2\/types\/page"}],"author":[{"embeddable":true,"href":"https:\/\/clubdepoesia.com\/mariavillarherbello\/wp-json\/wp\/v2\/users\/24"}],"replies":[{"embeddable":true,"href":"https:\/\/clubdepoesia.com\/mariavillarherbello\/wp-json\/wp\/v2\/comments?post=213"}],"version-history":[{"count":0,"href":"https:\/\/clubdepoesia.com\/mariavillarherbello\/wp-json\/wp\/v2\/pages\/213\/revisions"}],"wp:attachment":[{"href":"https:\/\/clubdepoesia.com\/mariavillarherbello\/wp-json\/wp\/v2\/media?parent=213"}],"curies":[{"name":"wp","href":"https:\/\/api.w.org\/{rel}","templated":true}]}}