{"id":203,"date":"2017-02-04T21:43:26","date_gmt":"2017-02-04T21:43:26","guid":{"rendered":"http:\/\/clubdepoesia.com\/mariavillarherbello\/?page_id=203"},"modified":"2017-02-05T20:43:25","modified_gmt":"2017-02-05T20:43:25","slug":"poemas","status":"publish","type":"page","link":"https:\/\/clubdepoesia.com\/mariavillarherbello\/poemas\/","title":{"rendered":"Poemas"},"content":{"rendered":"<p><a name=\"_Toc472697528\"><\/a><strong>Y me besaste<\/strong><\/p>\n<p><strong>\u00a0<\/strong><\/p>\n<p>Promet\u00ed que nada iba a cambiar.<\/p>\n<p>Lo promet\u00ed y vivo con ello.<\/p>\n<p>T\u00fa afirmaste, pero no prometiste.<\/p>\n<p>Pod\u00e9is llamarme tortuga<\/p>\n<p>aunque antes fui caracol.<\/p>\n<p>&nbsp;<\/p>\n<p>Al principio era lenta,<\/p>\n<p>ahora reacciono y observo r\u00e1pido.<\/p>\n<p>Pero desde siempre me escondo.<\/p>\n<p>No puedo dejar que alguien me conozca<\/p>\n<p>si ni yo me conozco a m\u00ed misma.<\/p>\n<p>Estoy en evoluci\u00f3n,<\/p>\n<p>nada malo.<\/p>\n<p>Lo malo eres t\u00fa,<\/p>\n<p>constante destrucci\u00f3n y retroceso,<\/p>\n<p>eres lo peor a lo que alguien se puede aferrar.<\/p>\n<p>Pero imposible no aferrarse<\/p>\n<p>cuando eres hielo<\/p>\n<p>y ya se sabe que pasa al besar al hielo.<\/p>\n<p>Y te bes\u00e9.<\/p>\n<p>Y me besaste.<\/p>\n<p>Y casi derrito tu escudo.<\/p>\n<p>Y sufr\u00ed la m\u00e1s dura glaciaci\u00f3n.<\/p>\n<p>Me congel\u00e9.<\/p>\n<p>Me extingu\u00ed.<\/p>\n<p>El caracol muri\u00f3.<\/p>\n<p>Di hola a la tortuga.<\/p>\n<p>&nbsp;<\/p>\n<p>&nbsp;<\/p>\n<p><a name=\"_Toc472697534\"><\/a><strong>Probabilidad de p\u00e9rdida<\/strong><\/p>\n<p><em>\u00a0<\/em><\/p>\n<p>Me perd\u00ed a m\u00ed misma.<br \/>\nMe perd\u00ed,<br \/>\npero me perd\u00ed en ella.<br \/>\n\u00bfC\u00f3mo evitarlo?<br \/>\nSi cuando me sonre\u00eda,<br \/>\npadec\u00eda de infartos.<br \/>\nQuiz\u00e1s no era la correcta,<br \/>\npero s\u00f3lo me gusta su piel.<br \/>\nY me pregunto si fueron mis decisiones,<br \/>\nahora estoy dentro de una jaula de leones.<br \/>\nMi Reino te lo dejo a ti.<\/p>\n<p>&nbsp;<\/p>\n<p>&nbsp;<\/p>\n<p><strong>El abismo de una sonrisa<a name=\"_Toc472697545\"><\/a><\/strong><\/p>\n<p>&nbsp;<\/p>\n<p>Me hablan de ca\u00eddas,<br \/>\ncomo si se pudiera caer cuando ni te levantaste.<br \/>\nMe hablan de ca\u00eddas<br \/>\nporque no conocen las m\u00edas.<br \/>\nEllos de ca\u00eddas,<br \/>\nyo de tu sonrisa.<br \/>\nA fin de cuentas son ca\u00eddas.<br \/>\nUna al abismo,<br \/>\notra de la comisura de tus labios.<br \/>\nSu sonrisa es la ca\u00edda.<br \/>\nSus labios el abismo.<br \/>\nNo puedo hacer nada por ti.<br \/>\nNo puedo evitar la ca\u00edda,<br \/>\nsi deseas y buscas el abismo.<\/p>\n<p>&nbsp;<\/p>\n<p>&nbsp;<\/p>\n<p><a name=\"_Toc472697573\"><\/a><strong>El libro<\/strong><\/p>\n<p>&nbsp;<\/p>\n<p>Los mejores libros no son aquellos que cuentan las mejores historias.<\/p>\n<p>Son los que esconden las m\u00e1s cotidianas verdades.<\/p>\n<p>Hay libros que hablan de ti,<\/p>\n<p>casi ninguno que lo haga de m\u00ed.<\/p>\n<p>Los hay que hablan en nombre del amor,<\/p>\n<p>pero no que hablen en nombre de la confusi\u00f3n.<\/p>\n<p>Tu confusi\u00f3n no es igual a la del resto,<\/p>\n<p>realmente no te entienden.<\/p>\n<p>Est\u00e1s sola.<\/p>\n<p>Me encantar\u00eda decirte que todo saldr\u00e1 bien,<\/p>\n<p>pero odio mentir.<\/p>\n<p>Lo bueno de estar sola,<\/p>\n<p>es que yo soy nadie, eso me permite estar.<\/p>\n<p>Ni el libro de mi vida habla de m\u00ed,<\/p>\n<p>habla de la chica que est\u00e1 sola.<\/p>\n<p>&nbsp;<\/p>\n<p>&nbsp;<\/p>\n<p><a name=\"_Toc472697582\"><\/a><strong>Trinidad amorosa<\/strong><\/p>\n<p>&nbsp;<\/p>\n<p>Darlo todo por alguien, saber que no es el momento adecuado, pero intentarlo.<\/p>\n<p>Eso tambi\u00e9n es amor, porque nadie te puede decir cu\u00e1ndo y a qui\u00e9n amar.<\/p>\n<p>El amor se presenta en tres formas:<\/p>\n<p>T\u00fa.<\/p>\n<p>Yo.<\/p>\n<p>Nuestra cama.<\/p>\n<p>&nbsp;<\/p>\n","protected":false},"excerpt":{"rendered":"<p>Y me besaste \u00a0 Promet\u00ed que nada iba a cambiar. Lo promet\u00ed y vivo con ello. T\u00fa afirmaste, pero no prometiste. Pod\u00e9is llamarme tortuga aunque antes fui caracol. &nbsp; Al principio era lenta, ahora reacciono y observo r\u00e1pido. Pero desde siempre me escondo. No puedo dejar que alguien me conozca si ni yo me conozco [&hellip;]<\/p>\n","protected":false},"author":24,"featured_media":0,"parent":0,"menu_order":3,"comment_status":"closed","ping_status":"closed","template":"","meta":{"footnotes":"","_links_to":"","_links_to_target":""},"class_list":["post-203","page","type-page","status-publish","hentry"],"_links":{"self":[{"href":"https:\/\/clubdepoesia.com\/mariavillarherbello\/wp-json\/wp\/v2\/pages\/203","targetHints":{"allow":["GET"]}}],"collection":[{"href":"https:\/\/clubdepoesia.com\/mariavillarherbello\/wp-json\/wp\/v2\/pages"}],"about":[{"href":"https:\/\/clubdepoesia.com\/mariavillarherbello\/wp-json\/wp\/v2\/types\/page"}],"author":[{"embeddable":true,"href":"https:\/\/clubdepoesia.com\/mariavillarherbello\/wp-json\/wp\/v2\/users\/24"}],"replies":[{"embeddable":true,"href":"https:\/\/clubdepoesia.com\/mariavillarherbello\/wp-json\/wp\/v2\/comments?post=203"}],"version-history":[{"count":0,"href":"https:\/\/clubdepoesia.com\/mariavillarherbello\/wp-json\/wp\/v2\/pages\/203\/revisions"}],"wp:attachment":[{"href":"https:\/\/clubdepoesia.com\/mariavillarherbello\/wp-json\/wp\/v2\/media?parent=203"}],"curies":[{"name":"wp","href":"https:\/\/api.w.org\/{rel}","templated":true}]}}