{"id":4,"date":"2014-07-13T08:51:23","date_gmt":"2014-07-13T08:51:23","guid":{"rendered":"http:\/\/clubdepoesia.com\/mariapazcotsmarfil\/?page_id=4"},"modified":"2017-08-17T16:41:56","modified_gmt":"2017-08-17T16:41:56","slug":"maria-paz-cots-marfil-poeta-escritora-acaba-publicar-libro","status":"publish","type":"page","link":"https:\/\/clubdepoesia.com\/mariapazcotsmarfil\/","title":{"rendered":"Mar\u00eda Paz Cots Marfil. Poeta. Escritora. Acaba de publicar un libro."},"content":{"rendered":"<div class=\"wpb-content-wrapper\">[vc_row][vc_column extend=&#8221;false&#8221;][vc_column_text css=&#8221;.vc_custom_1502987936453{margin-top: -30000px !important;}&#8221;]<span style=\"text-decoration: underline;\"><em style=\"text-decoration-line: underline;\"><strong>Mar\u00eda Paz Cots Marfil<\/strong><\/em><u>\u00a0es la\u00a0<\/u><em style=\"text-decoration-line: underline;\"><strong>escritora<\/strong><\/em><em><u> de <\/u><b><u><\/u><\/b><a href=\"https:\/\/clubdepoesia.com\/mariapazcotsmarfil\/de-nosotros-y-de-mi\/\"><b><u>De nosotros y de mi<\/u><\/b><\/a><\/em><u>. <\/u><em style=\"text-decoration-line: underline;\"><strong>La poeta <\/strong><\/em><u>acaba de <\/u><a style=\"text-decoration-line: underline;\" href=\"http:\/\/publicarunlibro.gdn\"><em><strong>publicar un libro <\/strong><\/em><\/a><u>de poes\u00eda con la <\/u><em style=\"text-decoration-line: underline;\"><strong>Editorial Poes\u00eda eres t\u00fa<\/strong><\/em><\/span><\/p>\n<p>&nbsp;<\/p>\n<h1><\/h1>\n<h1>\u00a0<a href=\"https:\/\/clubdepoesia.com\/mariapazcotsmarfil\/files\/2014\/07\/book5Denostros.png\"><img fetchpriority=\"high\" decoding=\"async\" class=\"aligncenter size-full wp-image-33\" src=\"https:\/\/clubdepoesia.com\/mariapazcotsmarfil\/files\/2014\/07\/book5Denostros.png\" alt=\"Mar\u00eda Paz Cots Marfil\u00a0es la\u00a0escritora de De nosotros y de mi. La poeta acaba de publicar un libro de poes\u00eda con la Editorial Poes\u00eda eres t\u00fa\" width=\"603\" height=\"571\" srcset=\"https:\/\/clubdepoesia.com\/mariapazcotsmarfil\/files\/2014\/07\/book5Denostros.png 603w, https:\/\/clubdepoesia.com\/mariapazcotsmarfil\/files\/2014\/07\/book5Denostros-300x284.png 300w\" sizes=\"(max-width: 603px) 100vw, 603px\" \/><\/a><\/h1>\n<h1><span style=\"text-decoration: underline;\"><em><strong><b><u><a href=\"https:\/\/clubdepoesia.com\/mariapazcotsmarfil\/de-nosotros-y-de-mi\/\">De nosotros y de mi<\/a> <\/u><\/b>ha sido escrito por Mar\u00eda Paz Cots Marfil<\/strong><\/em><em><strong>. La escritora sabe como\u00a0<a href=\"http:\/\/publicarunlibro.ovh\">publicar un libro<\/a> de poes\u00eda con la Editorial Poes\u00eda eres t\u00fa<\/strong><\/em><\/span><\/h1>\n<h2><span style=\"text-decoration: underline;\"><em><strong>Mar\u00eda Paz Cots Marfil es la escritora de <a href=\"https:\/\/clubdepoesia.com\/mariapazcotsmarfil\/de-nosotros-y-de-mi\/\"><b><u>De nosotros y de mi<\/u><\/b><\/a><\/strong><\/em><\/span><span style=\"text-decoration: underline;\"><em><strong>. La poeta conoce el precio de <a href=\"http:\/\/publicarunlibro.pro\">publicar un libro<\/a> de poes\u00eda con la Editorial Poes\u00eda eres t\u00fa<\/strong><\/em><\/span><\/h2>\n<h3><span style=\"text-decoration: underline;\"><em><strong>Mar\u00eda Paz Cots Marfil es la escritora de <a href=\"https:\/\/clubdepoesia.com\/mariapazcotsmarfil\/de-nosotros-y-de-mi\/\"><b><u>De nosotros y de mi<\/u><\/b><\/a><\/strong><\/em><em><strong>. <\/strong><\/em><em><strong>La poeta <\/strong><\/em><em><strong>sabe como\u00a0<a href=\"http:\/\/publicarunlibro.xyz\">publicar un libro<\/a> de poes\u00eda con la Editorial Poes\u00eda eres t\u00fa<\/strong><\/em><\/span><\/h3>\n<h3><span style=\"text-decoration: underline;\"><em><strong>Mar\u00eda Paz Cots Marfil es la escritora de <a href=\"https:\/\/clubdepoesia.com\/mariapazcotsmarfil\/de-nosotros-y-de-mi\/\"><b><u>De nosotros y de mi<\/u><\/b><\/a><\/strong><\/em><em><strong>. La poeta sabe el precio de\u00a0<a href=\"http:\/\/publicarunlibro.info\">publicar un libro<\/a> de poes\u00eda con la Editorial Poes\u00eda eres t\u00fa<\/strong><\/em><\/span><\/h3>\n<p>&nbsp;<\/p>\n<p><span style=\"text-decoration: underline;\"><em><strong>El <a href=\"http:\/\/grupoeditorialperezayala.com\">Grupo Editorial P\u00e9rez-Ayala<\/a>, est\u00e1 formado por los siguientes sellos <a href=\"http:\/\/editorialpoesia.com\" target=\"_blank\" rel=\"noopener noreferrer\">editoriales<\/a>: <a href=\"http:\/\/poesiaerestu.com\" target=\"_blank\" rel=\"noopener noreferrer\">Editorial Poes\u00eda eres t\u00fa<\/a>, <a href=\"http:\/\/edicionesrilke.com\" target=\"_blank\" rel=\"noopener noreferrer\">Ediciones Rilke<\/a> <a href=\"http:\/\/editorialpoesia.com\" target=\"_blank\" rel=\"noopener noreferrer\">Editorial poes\u00eda<\/a>, <a href=\"http:\/\/editorial.org.es\" target=\"_blank\" rel=\"noopener noreferrer\">Editorial<\/a> <a href=\"http:\/\/edicionesamaniel.com\" target=\"_blank\" rel=\"noopener noreferrer\">Ediciones Amaniel<\/a>, <a href=\"http:\/\/editorial.org.es\" target=\"_blank\" rel=\"noopener noreferrer\">Editorial<\/a> <a href=\"http:\/\/edicionesazorin.com\" target=\"_blank\" rel=\"noopener noreferrer\">Ediciones Azor\u00edn un sello regional para Alicante y Murcia<\/a>.<\/strong><\/em><\/span><\/p>\n<p><span style=\"text-decoration: underline;\"><em><strong>Para ayudar a la promoci\u00f3n de los libros contamos con diferentes plataformas en internet como <a href=\"http:\/\/poesiatv.com\" target=\"_blank\" rel=\"noopener noreferrer\">Poes\u00eda Televisi\u00f3n<\/a>, <a href=\"http:\/\/librodepoesia.com\" target=\"_blank\" rel=\"noopener noreferrer\">libro de poes\u00eda<\/a>, Club de poes\u00eda, Blog de escritor, Blog de poes\u00eda, <a href=\"https:\/\/agenciadellibro.com\" target=\"_blank\" rel=\"noopener noreferrer\">Agencia del libro<\/a>, Plataforma IV Centenario, Primer centenario, Nuestras librerias, <a href=\"http:\/\/publicarlibro.com.es\" target=\"_blank\" rel=\"noopener noreferrer\">Publicar libro<\/a> &#8211; <a href=\"http:\/\/publicarlibro.es\" target=\"_blank\" rel=\"noopener noreferrer\">Publicar un libro<\/a>, Revista Poes\u00eda eres t\u00fa, Antolog\u00edas po\u00e9ticas, <a href=\"http:\/\/poesiapoetas.com\" target=\"_blank\" rel=\"noopener noreferrer\">Poes\u00eda y poetas<\/a>, Gloria Fuertes, Blas de Otero, Rub\u00e9n Dar\u00edo<\/strong><\/em><\/span><\/p>\n<p><span style=\"text-decoration: underline;\"><em><strong>Trabajamos con distribuidoras de libros que acercan los libros a las librer\u00edas, pero contamos tambi\u00e9n con las siguientes librerias de apoyo en internet para que ning\u00fan lector se quede sin su <a href=\"http:\/\/librodepoesia.com\" target=\"_blank\" rel=\"noopener noreferrer\">libro de poes\u00eda<\/a>: Libreria GEPA, Libreria Website, La librer\u00eda del escritor, El rinc\u00f3n de los libros.<\/strong><\/em><\/span><\/p>\n<p><span style=\"text-decoration: underline;\"><em><strong>Informamos de como publicar un libro y el precio de publicar un libro<\/strong><\/em><\/span><\/p>\n<p><span style=\"text-decoration: underline;\"><em><strong>As\u00ed mismo colaboramos con la <a href=\"http:\/\/editorespoesia.com\">Asociaci\u00f3n de editores de poes\u00eda<\/a> y la <a href=\"http:\/\/escritoresycriticos.com\" target=\"_blank\" rel=\"noopener noreferrer\">Asociaci\u00f3n Madrile\u00f1a de escritores y cr\u00edticos literarios<\/a> (<a href=\"http:\/\/escritoresycriticos.com\" target=\"_blank\" rel=\"noopener noreferrer\">Cr\u00edtica de Madrid<\/a>).<\/strong><\/em><\/span><\/p>\n<p><span style=\"text-decoration: underline;\"><em><strong>Trabajamos con varias imprentas y contamos con nuestra propia <a href=\"http:\/\/artesgraficas.info\/\">imprenta<\/a> Herederos de Izquierdo y Madrid impresores.<\/strong><\/em><\/span><\/p>\n<p><span style=\"text-decoration: underline;\"><em><strong>Puedes conocernos en nuestra p\u00e1gina del Grupo Editorial. Contamos con una sede en Madrid y otra en Jumilla (Murcia)<\/strong><\/em><\/span><\/p>\n<p><span style=\"text-decoration: underline;\"><em><strong>Somos especialitas en la edici\u00f3n del <a href=\"http:\/\/libropoesia.com\/\" target=\"_blank\" rel=\"noopener noreferrer\">libro de poes\u00eda<\/a><\/strong><\/em><\/span>[\/vc_column_text][\/vc_column][\/vc_row][vc_row][vc_column extend=&#8221;false&#8221;][vc_column_text]<script type=\"text\/javascript\">jQuery(function() { _initLayerSlider( '#layerslider_1_1ttrfdp3ghfn1', {sliderVersion: '', responsiveUnder: 0, layersContainer: 0, skin: 'v5', useSrcset: true, skinsPath: 'https:\/\/clubdepoesia.com\/mariapazcotsmarfil\/wp-content\/plugins\/LayerSlider\/assets\/static\/layerslider\/skins\/', type: 'responsive', showCircleTimer: false, performanceMode: true}); });<\/script><div id=\"layerslider_1_1ttrfdp3ghfn1\"  class=\"ls-wp-container fitvidsignore ls-selectable\" style=\"width:500px;height:281px;margin:0 auto;margin-bottom: 0px;\"><div class=\"ls-slide\" data-ls=\"duration:4000;\"><div style=\"top:0px;left:0px;\" class=\"ls-l ls-html-layer\" data-ls=\"offsetxin:80;offsetxout:-80;durationout:400;parallaxlevel:0;\"><iframe width=\"500\" height=\"275\" frameborder=\"0\" webkitallowfullscreen mozallowfullscreen allowfullscreen data-src=\"\/\/player.vimeo.com\/video\/100654324?title=0&amp;byline=0&amp;portrait=0&amp;color=ffffff&amp;autoplay=1\"><\/iframe><\/div><\/div><div class=\"ls-slide\" data-ls=\"duration:4000;\"><div style=\"top:0px;left:0px;\" class=\"ls-l ls-html-layer\" data-ls=\"offsetxin:80;offsetxout:-80;durationout:400;parallaxlevel:0;\"><iframe width=\"500\" height=\"281\" frameborder=\"0\" webkitallowfullscreen mozallowfullscreen allowfullscreen data-src=\"\/\/player.vimeo.com\/video\/100599408?title=0&amp;byline=0&amp;portrait=0\"><\/iframe><\/div><\/div><div class=\"ls-slide\" data-ls=\"duration:4000;\"><div style=\"top:0px;left:0px;\" class=\"ls-l ls-html-layer\" data-ls=\"offsetxin:80;offsetxout:-80;durationout:400;parallaxlevel:0;\"><iframe width=\"500\" height=\"281\" frameborder=\"0\" webkitallowfullscreen mozallowfullscreen allowfullscreen data-src=\"\/\/player.vimeo.com\/video\/100587668?title=0&amp;byline=0&amp;portrait=0\"><\/iframe><\/div><\/div><\/div>[\/vc_column_text][\/vc_column][\/vc_row][vc_row][vc_column extend=&#8221;false&#8221;][vc_column_text css=&#8221;.vc_custom_1502988066064{margin-top: -30000px !important;}&#8221;]<em><strong>El <a href=\"http:\/\/grupoeditorialperezayala.com\">Grupo Editorial P\u00e9rez-Ayala<\/a>, est\u00e1 formado por los siguientes sellos <a href=\"http:\/\/editorialpoesia.com\" target=\"_blank\" rel=\"noopener noreferrer\">editoriales<\/a>: <a href=\"http:\/\/poesiaerestu.com\" target=\"_blank\" rel=\"noopener noreferrer\">Editorial Poes\u00eda eres t\u00fa<\/a>, <a href=\"http:\/\/edicionesrilke.com\" target=\"_blank\" rel=\"noopener noreferrer\">Ediciones Rilke<\/a> <a href=\"http:\/\/editorialpoesia.com\" target=\"_blank\" rel=\"noopener noreferrer\">Editorial poes\u00eda<\/a>, <a href=\"http:\/\/editorial.org.es\" target=\"_blank\" rel=\"noopener noreferrer\">Editorial<\/a> <a href=\"http:\/\/edicionesamaniel.com\" target=\"_blank\" rel=\"noopener noreferrer\">Ediciones Amaniel<\/a>, <a href=\"http:\/\/editorial.org.es\" target=\"_blank\" rel=\"noopener noreferrer\">Editorial<\/a> <a href=\"http:\/\/edicionesazorin.com\" target=\"_blank\" rel=\"noopener noreferrer\">Ediciones Azor\u00edn un sello regional para Alicante y Murcia<\/a>.<\/strong><\/em><\/p>\n<p><em><strong>Para ayudar a la promoci\u00f3n de los libros contamos con diferentes plataformas en internet como <a href=\"http:\/\/poesiatv.com\" target=\"_blank\" rel=\"noopener noreferrer\">Poes\u00eda Televisi\u00f3n<\/a>, <a href=\"http:\/\/librodepoesia.com\" target=\"_blank\" rel=\"noopener noreferrer\">libro de poes\u00eda<\/a>, Club de poes\u00eda, Blog de escritor, Blog de poes\u00eda, <a href=\"https:\/\/agenciadellibro.com\" target=\"_blank\" rel=\"noopener noreferrer\">Agencia del libro<\/a>, Plataforma IV Centenario, Primer centenario, Nuestras librerias, <a href=\"http:\/\/publicarlibro.com.es\" target=\"_blank\" rel=\"noopener noreferrer\">Publicar libro<\/a> &#8211; <a href=\"http:\/\/publicarlibro.es\" target=\"_blank\" rel=\"noopener noreferrer\">Publicar un libro<\/a>, Revista Poes\u00eda eres t\u00fa, Antolog\u00edas po\u00e9ticas, <a href=\"http:\/\/poesiapoetas.com\" target=\"_blank\" rel=\"noopener noreferrer\">Poes\u00eda y poetas<\/a>, Gloria Fuertes, Blas de Otero, Rub\u00e9n Dar\u00edo<\/strong><\/em><\/p>\n<p><em><strong>Trabajamos con distribuidoras de libros que acercan los libros a las librer\u00edas, pero contamos tambi\u00e9n con las siguientes librerias de apoyo en internet para que ning\u00fan lector se quede sin su <a href=\"http:\/\/librodepoesia.com\" target=\"_blank\" rel=\"noopener noreferrer\">libro de poes\u00eda<\/a>: Libreria GEPA, Libreria Website, La librer\u00eda del escritor, El rinc\u00f3n de los libros.<\/strong><\/em><\/p>\n<p><em><strong>Informamos de como publicar un libro y el precio de publicar un libro<\/strong><\/em><\/p>\n<p><em><strong>As\u00ed mismo colaboramos con la <a href=\"http:\/\/editorespoesia.com\">Asociaci\u00f3n de editores de poes\u00eda<\/a> y la <a href=\"http:\/\/escritoresycriticos.com\" target=\"_blank\" rel=\"noopener noreferrer\">Asociaci\u00f3n Madrile\u00f1a de escritores y cr\u00edticos literarios<\/a> (<a href=\"http:\/\/escritoresycriticos.com\" target=\"_blank\" rel=\"noopener noreferrer\">Cr\u00edtica de Madrid<\/a>).<\/strong><\/em><\/p>\n<p><em><strong>Trabajamos con varias imprentas y contamos con nuestra propia <a href=\"http:\/\/artesgraficas.info\/\">imprenta<\/a> Herederos de Izquierdo y Madrid impresores.<\/strong><\/em><\/p>\n<p><em><strong>Puedes conocernos en nuestra p\u00e1gina del Grupo Editorial. Contamos con una sede en Madrid y otra en Jumilla (Murcia)<\/strong><\/em><\/p>\n<p><em><strong>Somos especialitas en la edici\u00f3n del <a href=\"http:\/\/libropoesia.com\/\" target=\"_blank\" rel=\"noopener noreferrer\">libro de poes\u00eda<\/a><\/strong><\/em><\/p>\n<p>&nbsp;<\/p>\n<p><span style=\"text-decoration: underline;\"><em style=\"text-decoration-line: underline;\"><strong>Mar\u00eda Paz Cots Marfil<\/strong><\/em><u>\u00a0es la\u00a0<\/u><em style=\"text-decoration-line: underline;\"><strong>escritora<\/strong><\/em><em><u> de <\/u><b><u><\/u><\/b><a href=\"https:\/\/clubdepoesia.com\/mariapazcotsmarfil\/de-nosotros-y-de-mi\/\"><b><u>De nosotros y de mi<\/u><\/b><\/a><\/em><u>. <\/u><em style=\"text-decoration-line: underline;\"><strong>La poeta <\/strong><\/em><u>acaba de <\/u><a style=\"text-decoration-line: underline;\" href=\"http:\/\/publicarunlibro.gdn\"><em><strong>publicar un libro <\/strong><\/em><\/a><u>de poes\u00eda con la <\/u><em style=\"text-decoration-line: underline;\"><strong>Editorial Poes\u00eda eres t\u00fa<\/strong><\/em><\/span><\/p>\n<p>&nbsp;<\/p>\n<h1><\/h1>\n<h1>\u00a0<a href=\"https:\/\/clubdepoesia.com\/mariapazcotsmarfil\/files\/2014\/07\/book5Denostros.png\"><img fetchpriority=\"high\" decoding=\"async\" class=\"aligncenter size-full wp-image-33\" src=\"https:\/\/clubdepoesia.com\/mariapazcotsmarfil\/files\/2014\/07\/book5Denostros.png\" alt=\"Mar\u00eda Paz Cots Marfil\u00a0es la\u00a0escritora de De nosotros y de mi. La poeta acaba de publicar un libro de poes\u00eda con la Editorial Poes\u00eda eres t\u00fa\" width=\"603\" height=\"571\" srcset=\"https:\/\/clubdepoesia.com\/mariapazcotsmarfil\/files\/2014\/07\/book5Denostros.png 603w, https:\/\/clubdepoesia.com\/mariapazcotsmarfil\/files\/2014\/07\/book5Denostros-300x284.png 300w\" sizes=\"(max-width: 603px) 100vw, 603px\" \/><\/a><\/h1>\n<h1><span style=\"text-decoration: underline;\"><em><strong><b><u><a href=\"https:\/\/clubdepoesia.com\/mariapazcotsmarfil\/de-nosotros-y-de-mi\/\">De nosotros y de mi<\/a> <\/u><\/b>ha sido escrito por Mar\u00eda Paz Cots Marfil<\/strong><\/em><em><strong>. La escritora sabe como\u00a0<a href=\"http:\/\/publicarunlibro.ovh\">publicar un libro<\/a> de poes\u00eda con la Editorial Poes\u00eda eres t\u00fa<\/strong><\/em><\/span><\/h1>\n<h2><span style=\"text-decoration: underline;\"><em><strong>Mar\u00eda Paz Cots Marfil es la escritora de <a href=\"https:\/\/clubdepoesia.com\/mariapazcotsmarfil\/de-nosotros-y-de-mi\/\"><b><u>De nosotros y de mi<\/u><\/b><\/a><\/strong><\/em><\/span><span style=\"text-decoration: underline;\"><em><strong>. La poeta conoce el precio de <a href=\"http:\/\/publicarunlibro.pro\">publicar un libro<\/a> de poes\u00eda con la Editorial Poes\u00eda eres t\u00fa<\/strong><\/em><\/span><\/h2>\n<h3><span style=\"text-decoration: underline;\"><em><strong>Mar\u00eda Paz Cots Marfil es la escritora de <a href=\"https:\/\/clubdepoesia.com\/mariapazcotsmarfil\/de-nosotros-y-de-mi\/\"><b><u>De nosotros y de mi<\/u><\/b><\/a><\/strong><\/em><em><strong>. <\/strong><\/em><em><strong>La poeta <\/strong><\/em><em><strong>sabe como\u00a0<a href=\"http:\/\/publicarunlibro.xyz\">publicar un libro<\/a> de poes\u00eda con la Editorial Poes\u00eda eres t\u00fa<\/strong><\/em><\/span><\/h3>\n<h3><span style=\"text-decoration: underline;\"><em><strong>Mar\u00eda Paz Cots Marfil es la escritora de <a href=\"https:\/\/clubdepoesia.com\/mariapazcotsmarfil\/de-nosotros-y-de-mi\/\"><b><u>De nosotros y de mi<\/u><\/b><\/a><\/strong><\/em><em><strong>. La poeta sabe el precio de\u00a0<a href=\"http:\/\/publicarunlibro.info\">publicar un libro<\/a> de poes\u00eda con la Editorial Poes\u00eda eres t\u00fa<\/strong><\/em><\/span><\/h3>\n<p>&nbsp;<\/p>\n[\/vc_column_text][\/vc_column][\/vc_row]\n<\/div>","protected":false},"excerpt":{"rendered":"<p>[vc_row][vc_column extend=&#8221;false&#8221;][vc_column_text css=&#8221;.vc_custom_1502987936453{margin-top: -30000px !important;}&#8221;]Mar\u00eda Paz Cots Marfil\u00a0es la\u00a0escritora de De nosotros y de mi. La poeta acaba de publicar un libro de poes\u00eda con la Editorial Poes\u00eda eres t\u00fa &nbsp; \u00a0 De nosotros y de mi ha sido escrito por Mar\u00eda Paz Cots Marfil. La escritora sabe como\u00a0publicar un libro de poes\u00eda con la [&hellip;]<\/p>\n","protected":false},"author":24,"featured_media":0,"parent":0,"menu_order":0,"comment_status":"closed","ping_status":"closed","template":"","meta":{"footnotes":"","_links_to":"","_links_to_target":""},"class_list":["post-4","page","type-page","status-publish","hentry"],"_links":{"self":[{"href":"https:\/\/clubdepoesia.com\/mariapazcotsmarfil\/wp-json\/wp\/v2\/pages\/4","targetHints":{"allow":["GET"]}}],"collection":[{"href":"https:\/\/clubdepoesia.com\/mariapazcotsmarfil\/wp-json\/wp\/v2\/pages"}],"about":[{"href":"https:\/\/clubdepoesia.com\/mariapazcotsmarfil\/wp-json\/wp\/v2\/types\/page"}],"author":[{"embeddable":true,"href":"https:\/\/clubdepoesia.com\/mariapazcotsmarfil\/wp-json\/wp\/v2\/users\/24"}],"replies":[{"embeddable":true,"href":"https:\/\/clubdepoesia.com\/mariapazcotsmarfil\/wp-json\/wp\/v2\/comments?post=4"}],"version-history":[{"count":0,"href":"https:\/\/clubdepoesia.com\/mariapazcotsmarfil\/wp-json\/wp\/v2\/pages\/4\/revisions"}],"wp:attachment":[{"href":"https:\/\/clubdepoesia.com\/mariapazcotsmarfil\/wp-json\/wp\/v2\/media?parent=4"}],"curies":[{"name":"wp","href":"https:\/\/api.w.org\/{rel}","templated":true}]}}