{"id":57,"date":"2017-03-01T17:23:58","date_gmt":"2017-03-01T17:23:58","guid":{"rendered":"http:\/\/clubdepoesia.com\/mariaconcepcioncruzpenton\/?page_id=57"},"modified":"2017-03-01T17:23:58","modified_gmt":"2017-03-01T17:23:58","slug":"poemas","status":"publish","type":"page","link":"https:\/\/clubdepoesia.com\/mariaconcepcioncruzpenton\/poemas\/","title":{"rendered":"Poemas"},"content":{"rendered":"<div class=\"wpb-content-wrapper\">[vc_row][vc_column extend=&#8221;false&#8221;]<div class=\"gambit_fullheight_row\" data-content-location=\"center\" style=\"display: none\"><\/div><div class='gambit_parallax_row' data-bg-align='' data-direction='fixed' data-opacity='100' data-velocity='-0.3' data-mobile-enabled='' data-bg-height='3456' data-bg-width='5184' data-bg-image='https:\/\/clubdepoesia.com\/mariaconcepcioncruzpenton\/files\/2017\/03\/2.jpg' data-bg-repeat='false' data-id='' style='display: none'><\/div>[\/vc_column][\/vc_row][vc_row][vc_column extend=&#8221;false&#8221;][row_scroll entrance=&#8221;fly-left&#8221; exit=&#8221;fly-left&#8221;]<div class=\"gambit_fullheight_row\" data-content-location=\"center\" style=\"display: none\"><\/div>[vc_column_text]<a name=\"_Toc466648894\"><\/a><\/p>\n<h1><a name=\"_Toc474514093\"><\/a>Alegr\u00e9monos<\/h1>\n<p>&nbsp;<\/p>\n<p>Simplemente vida, paz y gozo<\/p>\n<p>para alumbrarnos las tristezas ya pasadas<\/p>\n<p>un d\u00eda como hoy existi\u00f3 Dios<\/p>\n<p>para flecharnos con su Cupido amor completo<\/p>\n<p>de eterna esperanza.<\/p>\n<p>Mientras fren\u00e9ticamente desvanecen las culpas adoloridas,<\/p>\n<p>de aquellos seres compartidos<\/p>\n<p>ya inmortales resucitados, victoriosos<\/p>\n<p>que un d\u00eda fueron encarnados<\/p>\n<p>en el umbral de la penumbra<\/p>\n<p>del ayer, del hoy, del ma\u00f1ana, del infinito.<\/p>\n<h1><a name=\"_Toc464599703\"><\/a><\/h1>\n[\/vc_column_text][\/vc_column][\/vc_row][vc_row][vc_column extend=&#8221;false&#8221;]<div class=\"gambit_fullheight_row\" data-content-location=\"center\" style=\"display: none\"><\/div><div class='gambit_parallax_row' data-bg-align='' data-direction='fixed' data-opacity='100' data-velocity='-0.3' data-mobile-enabled='' data-bg-height='3264' data-bg-width='4928' data-bg-image='https:\/\/clubdepoesia.com\/mariaconcepcioncruzpenton\/files\/2017\/03\/0lu2r5fbuzo-zachary-young.jpg' data-bg-repeat='false' data-id='' style='display: none'><\/div>[\/vc_column][\/vc_row][vc_row][vc_column extend=&#8221;false&#8221;][row_scroll entrance=&#8221;fly-right&#8221; exit=&#8221;fly-right&#8221;]<div class=\"gambit_fullheight_row\" data-content-location=\"center\" style=\"display: none\"><\/div>[vc_column_text]\n<h1><a name=\"_Toc474514096\"><\/a>Sue\u00f1os<\/h1>\n<p>&nbsp;<\/p>\n<p>Sombras, ya acostumbrada al devenir del tiempo<\/p>\n<p>m\u00e1s all\u00e1 de las fronteras del mar del horizonte<\/p>\n<p>busco sin consuelo la hora buena para m\u00ed pa\u00eds<\/p>\n<p>marchitado casi muerto, imperecedero<\/p>\n<p>que con los bostezos, gemidos libres y las l\u00e1grimas secas del inmigrante que dejando las entra\u00f1as de su patria<\/p>\n<p>contin\u00faa su vida sofocante en un atravesar de un desierto casi inmune<\/p>\n<p>y a\u00fan palpitante de esperanza.[\/vc_column_text][\/vc_column][\/vc_row][vc_row][vc_column extend=&#8221;false&#8221;]<div class=\"gambit_fullheight_row\" data-content-location=\"center\" style=\"display: none\"><\/div><div class='gambit_parallax_row' data-bg-align='' data-direction='fixed' data-opacity='100' data-velocity='-0.3' data-mobile-enabled='' data-bg-height='2448' data-bg-width='3264' data-bg-image='https:\/\/clubdepoesia.com\/mariaconcepcioncruzpenton\/files\/2017\/03\/88.jpg' data-bg-repeat='false' data-id='' style='display: none'><\/div>[\/vc_column][\/vc_row][vc_row][vc_column extend=&#8221;false&#8221;][row_scroll entrance=&#8221;fly-right&#8221; exit=&#8221;fly-right&#8221;]<div class=\"gambit_fullheight_row\" data-content-location=\"center\" style=\"display: none\"><\/div>[vc_column_text]\n<h1><a name=\"_Toc474514101\"><\/a>Fe<\/h1>\n<p>&nbsp;<\/p>\n<p>Creo, rezo y veo la transfiguraci\u00f3n de un ser inmutable ya perenne<\/p>\n<p>acostumbrado a lamer el esp\u00edritu del inocente humano.<\/p>\n<p>Para librar al ser bendito de su gracia<\/p>\n<p>la arrepentida compasi\u00f3n humilde de su cruz<\/p>\n<p>redentora del pecado y del perd\u00f3n<\/p>\n<p>de otra persona que ennoblece.[\/vc_column_text][\/vc_column][\/vc_row][vc_row][vc_column extend=&#8221;false&#8221;]<div class=\"gambit_fullheight_row\" data-content-location=\"center\" style=\"display: none\"><\/div><div class='gambit_parallax_row' data-bg-align='' data-direction='fixed' data-opacity='100' data-velocity='-0.3' data-mobile-enabled='' data-bg-height='3448' data-bg-width='4592' data-bg-image='https:\/\/clubdepoesia.com\/mariaconcepcioncruzpenton\/files\/2017\/03\/92.jpg' data-bg-repeat='false' data-id='' style='display: none'><\/div>[\/vc_column][\/vc_row][vc_row][vc_column extend=&#8221;false&#8221;][row_scroll entrance=&#8221;fly-left&#8221; exit=&#8221;stick-fly-left&#8221;]<div class=\"gambit_fullheight_row\" data-content-location=\"center\" style=\"display: none\"><\/div>[vc_column_text]\n<h1><a name=\"_Toc464599736\"><\/a><\/h1>\n<h1><a name=\"_Toc474514112\"><\/a>Quiero<\/h1>\n<p>&nbsp;<\/p>\n<p>Quiero mucho, quiero poco, quiero todo<\/p>\n<p>nada se quita<\/p>\n<p>nada se da<\/p>\n<p>todo se hace<\/p>\n<p>todo se cuida<\/p>\n<p>todo se siente<\/p>\n<p>todo se gana<\/p>\n<p>todo se paga.<\/p>\n<p>Acudo al infinito.[\/vc_column_text][\/vc_column][\/vc_row][vc_row][vc_column extend=&#8221;false&#8221;]<div class=\"gambit_fullheight_row\" data-content-location=\"center\" style=\"display: none\"><\/div><div class='gambit_parallax_row' data-bg-align='' data-direction='fixed' data-opacity='100' data-velocity='-0.3' data-mobile-enabled='' data-bg-height='2736' data-bg-width='3648' data-bg-image='https:\/\/clubdepoesia.com\/mariaconcepcioncruzpenton\/files\/2017\/03\/79.jpg' data-bg-repeat='false' data-id='' style='display: none'><\/div>[\/vc_column][\/vc_row][vc_row][vc_column extend=&#8221;false&#8221;][\/vc_column][\/vc_row]\n<\/div>","protected":false},"excerpt":{"rendered":"<p>[vc_row][vc_column extend=&#8221;false&#8221;][\/vc_column][\/vc_row][vc_row][vc_column extend=&#8221;false&#8221;][row_scroll entrance=&#8221;fly-left&#8221; exit=&#8221;fly-left&#8221;][vc_column_text] Alegr\u00e9monos &nbsp; Simplemente vida, paz y gozo para alumbrarnos las tristezas ya pasadas un d\u00eda como hoy existi\u00f3 Dios para flecharnos con su Cupido amor completo de eterna esperanza. Mientras fren\u00e9ticamente desvanecen las culpas adoloridas, de aquellos seres compartidos ya inmortales resucitados, victoriosos que un d\u00eda fueron encarnados en el [&hellip;]<\/p>\n","protected":false},"author":24,"featured_media":0,"parent":0,"menu_order":3,"comment_status":"closed","ping_status":"closed","template":"","meta":{"footnotes":"","_links_to":"","_links_to_target":""},"class_list":["post-57","page","type-page","status-publish","hentry"],"_links":{"self":[{"href":"https:\/\/clubdepoesia.com\/mariaconcepcioncruzpenton\/wp-json\/wp\/v2\/pages\/57","targetHints":{"allow":["GET"]}}],"collection":[{"href":"https:\/\/clubdepoesia.com\/mariaconcepcioncruzpenton\/wp-json\/wp\/v2\/pages"}],"about":[{"href":"https:\/\/clubdepoesia.com\/mariaconcepcioncruzpenton\/wp-json\/wp\/v2\/types\/page"}],"author":[{"embeddable":true,"href":"https:\/\/clubdepoesia.com\/mariaconcepcioncruzpenton\/wp-json\/wp\/v2\/users\/24"}],"replies":[{"embeddable":true,"href":"https:\/\/clubdepoesia.com\/mariaconcepcioncruzpenton\/wp-json\/wp\/v2\/comments?post=57"}],"version-history":[{"count":0,"href":"https:\/\/clubdepoesia.com\/mariaconcepcioncruzpenton\/wp-json\/wp\/v2\/pages\/57\/revisions"}],"wp:attachment":[{"href":"https:\/\/clubdepoesia.com\/mariaconcepcioncruzpenton\/wp-json\/wp\/v2\/media?parent=57"}],"curies":[{"name":"wp","href":"https:\/\/api.w.org\/{rel}","templated":true}]}}