{"id":71,"date":"2019-02-10T21:52:26","date_gmt":"2019-02-10T20:52:26","guid":{"rendered":"https:\/\/clubdepoesia.com\/macarenagildebiedma\/?page_id=71"},"modified":"2019-02-10T23:42:55","modified_gmt":"2019-02-10T22:42:55","slug":"poesia","status":"publish","type":"page","link":"https:\/\/clubdepoesia.com\/macarenagildebiedma\/poesia\/","title":{"rendered":"Poes\u00eda"},"content":{"rendered":"<div class=\"wpb-content-wrapper\">[vc_row][vc_column extend=&#8221;false&#8221;][vc_column_text css=&#8221;.vc_custom_1549214433788{margin-top: -30000px !important;}&#8221;]\n<h1><strong><em><u>Poes\u00eda del libro PRIMAVERAS EN DICIEMBRE de MACARENA GIL DE BIEDMA. El escritor nos da una muestra tras publicar un libro.<\/u><\/em><\/strong><\/h1>\n<h2><strong><em><u><img fetchpriority=\"high\" decoding=\"async\" class=\"alignleft size-full wp-image-65\" src=\"https:\/\/clubdepoesia.com\/macarenagildebiedma\/files\/2019\/02\/0_Portada_Primaverasendiciembre3-1.jpg\" alt=\"PRIMAVERAS EN DICIEMBRE\" width=\"559\" height=\"794\" srcset=\"https:\/\/clubdepoesia.com\/macarenagildebiedma\/files\/2019\/02\/0_Portada_Primaverasendiciembre3-1.jpg 559w, https:\/\/clubdepoesia.com\/macarenagildebiedma\/files\/2019\/02\/0_Portada_Primaverasendiciembre3-1-211x300.jpg 211w\" sizes=\"(max-width: 559px) 100vw, 559px\" \/>Poes\u00eda del libro PRIMAVERAS EN DICIEMBRE de MACARENA GIL DE BIEDMA El poeta nos da una muestra tras publicar un libro.<\/u><\/em><\/strong><\/h2>\n<h3><strong><em><u>Poes\u00eda del libro PRIMAVERAS EN DICIEMBRE de MACARENA GIL DE BIEDMA El autor nos da una muestra tras publicar un libro.<\/u><\/em><\/strong><\/h3>\n<h4><strong><em><u>Poes\u00eda del libro PRIMAVERAS EN DICIEMBRE de MACARENA GIL DE BIEDMA El autor nos da una muestra tras publicar un libro.<\/u><\/em><\/strong><\/h4>\n<h5><strong><em><u>Poes\u00eda del libro PRIMAVERAS EN DICIEMBRE de MACARENA GIL DE BIEDMA El autor nos da una muestra tras publicar un libro.<\/u><\/em><\/strong><\/h5>\n[\/vc_column_text][\/vc_column][\/vc_row][vc_row][vc_column extend=&#8221;false&#8221;]<div class='gambit_parallax_row' data-bg-align='' data-direction='fixed' data-opacity='100' data-velocity='-0.3' data-mobile-enabled='' data-bg-height='1089' data-bg-width='768' data-bg-image='https:\/\/clubdepoesia.com\/macarenagildebiedma\/files\/2019\/02\/RedRosesinIce-Mediano.jpg' data-bg-repeat='false' data-id='' style='display: none'><\/div><div class=\"gambit_fullheight_row\" data-content-location=\"center\" style=\"display: none\"><\/div>[\/vc_column][\/vc_row][vc_row][vc_column extend=&#8221;false&#8221;][vc_column_text]\n<h1><a name=\"_Toc534567231\"><\/a><strong>I<\/strong><\/h1>\n<p>&nbsp;<\/p>\n<p>Como la nieve, te noto<\/p>\n<p>cal\u00e1ndome por el cogote.<\/p>\n<p>Inund\u00e1ndome,<\/p>\n<p>obsesivamente cada uno<\/p>\n<p>de mis paisajes.<\/p>\n<p>Hasta dejarlo todo blanco\u2026<\/p>\n<p>Precioso.<\/p>\n<p>&nbsp;<\/p>\n<p>Sin nada m\u00e1s que entregarte.<\/p>\n<p>&nbsp;<\/p>\n<p>Es invierno, Y con la<\/p>\n<p>nieve. Sopla un<\/p>\n<p>frio, que arruina el<\/p>\n<p>deseo de<\/p>\n<p>esconderte hasta<\/p>\n<p>mis huesos.<\/p>\n<p>&nbsp;<\/p>\n<p>Con el rabillo del ojo veo<\/p>\n<p>tus manos, congeladas.<\/p>\n<p>&nbsp;<\/p>\n<p>Esperando, pegadas:<\/p>\n<p>La suavidad de mi llegada.<\/p>\n<p>&nbsp;<\/p>\n<span class='bctt-click-to-tweet'><span class='bctt-ctt-text'><a href='https:\/\/x.com\/intent\/tweet?url=https%3A%2F%2Fclubdepoesia.com%2Fmacarenagildebiedma%2Fpoesia%2F&#038;text=I%C2%A0del%20libro%20PRIMAVERAS%20EN%20DICIEMBRE%20de%20MACARENA%20GIL%20DE%20BIEDMA&#038;via=poesiaerestu&#038;related=poesiaerestu' target='_blank'rel=\"noopener noreferrer\">I&nbsp;del libro PRIMAVERAS EN DICIEMBRE de MACARENA GIL DE BIEDMA <\/a><\/span><a href='https:\/\/x.com\/intent\/tweet?url=https%3A%2F%2Fclubdepoesia.com%2Fmacarenagildebiedma%2Fpoesia%2F&#038;text=I%C2%A0del%20libro%20PRIMAVERAS%20EN%20DICIEMBRE%20de%20MACARENA%20GIL%20DE%20BIEDMA&#038;via=poesiaerestu&#038;related=poesiaerestu' target='_blank' class='bctt-ctt-btn'rel=\"noopener noreferrer\">Compartir en X<\/a><\/span>\n<p>&nbsp;<\/p>\n<p>&nbsp;[\/vc_column_text][\/vc_column][\/vc_row][vc_row][vc_column extend=&#8221;false&#8221;]<div class='gambit_parallax_row' data-bg-align='' data-direction='fixed' data-opacity='100' data-velocity='-0.3' data-mobile-enabled='' data-bg-height='1067' data-bg-width='1600' data-bg-image='https:\/\/clubdepoesia.com\/macarenagildebiedma\/files\/2019\/02\/66gtdotvsis.jpg' data-bg-repeat='false' data-id='' style='display: none'><\/div><div class=\"gambit_fullheight_row\" data-content-location=\"center\" style=\"display: none\"><\/div>[\/vc_column][\/vc_row][vc_row][vc_column extend=&#8221;false&#8221;][vc_column_text]\n<h1><a name=\"_Toc534567238\"><\/a><strong>VIII<\/strong><\/h1>\n<p><em>&nbsp;<\/em><\/p>\n<p><em>Te veo<\/em><\/p>\n<p><em>y me deslumbra<\/em><\/p>\n<p><em>el sentir<\/em><\/p>\n<p><em>de Tus suspiros Muertos.<\/em><\/p>\n<p><em><span style=\"text-decoration: line-through;\">&nbsp;<\/span><\/em><\/p>\n<p><strong><em><span style=\"text-decoration: line-through;\">Sin due\u00f1o.<\/span><\/em><\/strong><\/p>\n<p><em>&nbsp;<\/em><\/p>\n<p><em>Oda,<\/em><\/p>\n<p><em>de un amor<\/em><\/p>\n<p><em>escapista<\/em><\/p>\n<p><em>a tus<\/em><\/p>\n<p><em>sue\u00f1os.<\/em><\/p>\n<p>&nbsp;<\/p>\n<p>&nbsp;<\/p>\n<p>&nbsp;<\/p>\n<p>&nbsp;<\/p>\n<span class='bctt-click-to-tweet'><span class='bctt-ctt-text'><a href='https:\/\/x.com\/intent\/tweet?url=https%3A%2F%2Fclubdepoesia.com%2Fmacarenagildebiedma%2Fpoesia%2F&#038;text=VIII%C2%A0del%20libro%20PRIMAVERAS%20EN%20DICIEMBRE%20de%20MACARENA%20GIL%20DE%20BIEDMA&#038;via=poesiaerestu&#038;related=poesiaerestu' target='_blank'rel=\"noopener noreferrer\">VIII&nbsp;del libro PRIMAVERAS EN DICIEMBRE de MACARENA GIL DE BIEDMA <\/a><\/span><a href='https:\/\/x.com\/intent\/tweet?url=https%3A%2F%2Fclubdepoesia.com%2Fmacarenagildebiedma%2Fpoesia%2F&#038;text=VIII%C2%A0del%20libro%20PRIMAVERAS%20EN%20DICIEMBRE%20de%20MACARENA%20GIL%20DE%20BIEDMA&#038;via=poesiaerestu&#038;related=poesiaerestu' target='_blank' class='bctt-ctt-btn'rel=\"noopener noreferrer\">Compartir en X<\/a><\/span>\n<p>&nbsp;[\/vc_column_text][\/vc_column][\/vc_row][vc_row][vc_column extend=&#8221;false&#8221;]<div class='gambit_parallax_row' data-bg-align='' data-direction='fixed' data-opacity='100' data-velocity='-0.3' data-mobile-enabled='' data-bg-height='1200' data-bg-width='800' data-bg-image='https:\/\/clubdepoesia.com\/macarenagildebiedma\/files\/2019\/02\/df2mxknaqzo.jpg' data-bg-repeat='false' data-id='' style='display: none'><\/div><div class=\"gambit_fullheight_row\" data-content-location=\"center\" style=\"display: none\"><\/div>[\/vc_column][\/vc_row][vc_row][vc_column extend=&#8221;false&#8221;][vc_column_text]\n<h1><a name=\"_Toc534567245\"><\/a><strong>XIV<\/strong><\/h1>\n<p>&nbsp;<\/p>\n<p>Escribo porque no<\/p>\n<p>call\u00f3.<\/p>\n<p>&nbsp;<\/p>\n<p>No duermen.<\/p>\n<p>No descansan.<\/p>\n<p>&nbsp;<\/p>\n<p>Las saco y se van desvaneciendo en una opaca realidad.<\/p>\n<p>M\u00e1s densas que fugaces si les presto la atenci\u00f3n que merecen.<\/p>\n<p>&nbsp;<\/p>\n<p>Pero olvidarse de ellas es<\/p>\n<p>olvidarme.<\/p>\n<p>&nbsp;<\/p>\n<p>&nbsp;<\/p>\n<p>As\u00ed que las dejo crecer en su ca\u00f3tico<\/p>\n<p>jard\u00edn,<\/p>\n<p>siendo todo.<\/p>\n<p>Lascivas con lengua afilada.<\/p>\n<p>&nbsp;<\/p>\n<p>Consiguen oprimir el pecho por el que laten, venciendo a la nana de la noche.<\/p>\n<p>Por eso, me recojo en abrazos.<\/p>\n<p>&nbsp;<\/p>\n<p>En el intento de calmar su sed.<\/p>\n<p>&nbsp;<\/p>\n<p>Juego al escondite con ellas entre tus rom\u00e1nticos susurros y as\u00ed, mis peque\u00f1os monstruos se amansan.<\/p>\n<p>Fuera de una derrota,<\/p>\n<p>fieras volver\u00e1n conmigo<\/p>\n<p>su hogar<\/p>\n<p>y tendr\u00e9 que correr a la fortaleza de tu piel<\/p>\n<p>a la m\u00e1s alta torre&#8230;<\/p>\n<p>&nbsp;<\/p>\n<p>Donde sus gritos s\u00f3lo sean eco de una canci\u00f3n triste.<\/p>\n<p>&nbsp;<\/p>\n<span class='bctt-click-to-tweet'><span class='bctt-ctt-text'><a href='https:\/\/x.com\/intent\/tweet?url=https%3A%2F%2Fclubdepoesia.com%2Fmacarenagildebiedma%2Fpoesia%2F&#038;text=XIV%C2%A0de%20PRIMAVERAS%20EN%20DICIEMBRE%20de%20MACARENA%20GIL%20DE%20BIEDMA&#038;via=poesiaerestu&#038;related=poesiaerestu' target='_blank'rel=\"noopener noreferrer\">XIV&nbsp;de PRIMAVERAS EN DICIEMBRE de MACARENA GIL DE BIEDMA <\/a><\/span><a href='https:\/\/x.com\/intent\/tweet?url=https%3A%2F%2Fclubdepoesia.com%2Fmacarenagildebiedma%2Fpoesia%2F&#038;text=XIV%C2%A0de%20PRIMAVERAS%20EN%20DICIEMBRE%20de%20MACARENA%20GIL%20DE%20BIEDMA&#038;via=poesiaerestu&#038;related=poesiaerestu' target='_blank' class='bctt-ctt-btn'rel=\"noopener noreferrer\">Compartir en X<\/a><\/span>\n<p>&nbsp;[\/vc_column_text][\/vc_column][\/vc_row][vc_row][vc_column extend=&#8221;false&#8221;]<div class='gambit_parallax_row' data-bg-align='' data-direction='fixed' data-opacity='100' data-velocity='-0.3' data-mobile-enabled='' data-bg-height='1200' data-bg-width='1600' data-bg-image='https:\/\/clubdepoesia.com\/macarenagildebiedma\/files\/2019\/02\/pzbtmaengbu.jpg' data-bg-repeat='false' data-id='' style='display: none'><\/div><div class=\"gambit_fullheight_row\" data-content-location=\"center\" style=\"display: none\"><\/div>[\/vc_column][\/vc_row][vc_row][vc_column extend=&#8221;false&#8221;][vc_column_text]\n<h1><a name=\"_Toc534567247\"><\/a><strong>XVI<\/strong><\/h1>\n<p>&nbsp;<\/p>\n<p>Erudita en el hechizo y obsoletos de claridad, rociabas tu cuerpo sobre el m\u00edo.<\/p>\n<p>Yo,<\/p>\n<p>enredada en tu inmortal pecho fing\u00eda no tener miedo al olvido.<\/p>\n<p>Bruja y escurridiza,<\/p>\n<p>me sumerg\u00eda en tus<\/p>\n<p>profundidades. Vertiendo a<\/p>\n<p>escondidas, suaves gotas de m\u00ed.<\/p>\n<p>Y as\u00ed,<\/p>\n<p>igual que tu canci\u00f3n favorita, en tu<\/p>\n<p>boca siempre colgar\u00eda mi nombre.<\/p>\n<p>Pues no hay mejor regresi\u00f3n que la del olor.<\/p>\n<p>Quiz\u00e1s ahora<\/p>\n<p>gracias a eso,<\/p>\n<p>me acerco mucho a tu cuerpo<\/p>\n<p>me pongo de puntillas y<\/p>\n<p>puedo quitarte besos.<\/p>\n<h1>&nbsp;<\/h1>\n<span class='bctt-click-to-tweet'><span class='bctt-ctt-text'><a href='https:\/\/x.com\/intent\/tweet?url=https%3A%2F%2Fclubdepoesia.com%2Fmacarenagildebiedma%2Fpoesia%2F&#038;text=XVI%C2%A0del%20libro%20PRIMAVERAS%20EN%20DICIEMBRE%20de%20MACARENA%20GIL%20DE%20BIEDMA&#038;via=poesiaerestu&#038;related=poesiaerestu' target='_blank'rel=\"noopener noreferrer\">XVI&nbsp;del libro PRIMAVERAS EN DICIEMBRE de MACARENA GIL DE BIEDMA <\/a><\/span><a href='https:\/\/x.com\/intent\/tweet?url=https%3A%2F%2Fclubdepoesia.com%2Fmacarenagildebiedma%2Fpoesia%2F&#038;text=XVI%C2%A0del%20libro%20PRIMAVERAS%20EN%20DICIEMBRE%20de%20MACARENA%20GIL%20DE%20BIEDMA&#038;via=poesiaerestu&#038;related=poesiaerestu' target='_blank' class='bctt-ctt-btn'rel=\"noopener noreferrer\">Compartir en X<\/a><\/span>\n<p>&nbsp;[\/vc_column_text][\/vc_column][\/vc_row][vc_row][vc_column extend=&#8221;false&#8221;]<div class='gambit_parallax_row' data-bg-align='' data-direction='fixed' data-opacity='100' data-velocity='-0.3' data-mobile-enabled='' data-bg-height='768' data-bg-width='1297' data-bg-image='https:\/\/clubdepoesia.com\/macarenagildebiedma\/files\/2019\/02\/IMG_20181002_112230_WallofLights-Mediano.jpg' data-bg-repeat='false' data-id='' style='display: none'><\/div><div class=\"gambit_fullheight_row\" data-content-location=\"center\" style=\"display: none\"><\/div>[vc_column_text]\n<p style=\"text-align: center;\"><a class=\"fasc-button fasc-size-xlarge fasc-type-glossy fasc-rounded-medium\" style=\"background-color: #33809e; color: #ffffff;\" href=\"https:\/\/librodepoesia.com\/producto\/primaveras-en-diciembre-macarena-gil-de-biedma\/\">Comprar el libro<\/a><\/p>\n[\/vc_column_text][\/vc_column][\/vc_row][vc_row][vc_column extend=&#8221;false&#8221;][vc_column_text css=&#8221;.vc_custom_1549215104378{margin-top: -30000px !important;}&#8221;]\n<h1><strong><em><u>Poes\u00eda del libro PRIMAVERAS EN DICIEMBRE de MACARENA GIL DE BIEDMA. El escritor nos da una muestra tras publicar un libro.<\/u><\/em><\/strong><\/h1>\n<h2><strong><em><u>Poes\u00eda del libro PRIMAVERAS EN DICIEMBRE de MACARENA GIL DE BIEDMA El poeta nos da una muestra tras publicar un libro.<\/u><\/em><\/strong><\/h2>\n<h3><strong><em><u>Poes\u00eda del libro PRIMAVERAS EN DICIEMBRE de MACARENA GIL DE BIEDMA El autor nos da una muestra tras publicar un libro.<\/u><\/em><\/strong><\/h3>\n<h4><strong><em><u>Poes\u00eda del libro PRIMAVERAS EN DICIEMBRE de MACARENA GIL DE BIEDMA El autor nos da una muestra tras publicar un libro.<\/u><\/em><\/strong><\/h4>\n<h5><strong><em><u>Poes\u00eda del libro PRIMAVERAS EN DICIEMBRE de MACARENA GIL DE BIEDMA El autor nos da una muestra tras publicar un libro.<\/u><\/em><\/strong><\/h5>\n[\/vc_column_text][\/vc_column][\/vc_row]\n<\/div>","protected":false},"excerpt":{"rendered":"<p>[vc_row][vc_column extend=&#8221;false&#8221;][vc_column_text css=&#8221;.vc_custom_1549214433788{margin-top: -30000px !important;}&#8221;] Poes\u00eda del libro PRIMAVERAS EN DICIEMBRE de MACARENA GIL DE BIEDMA. El escritor nos da una muestra tras publicar un libro. Poes\u00eda del libro PRIMAVERAS EN DICIEMBRE de MACARENA GIL DE BIEDMA El poeta nos da una muestra tras publicar un libro. Poes\u00eda del libro PRIMAVERAS EN DICIEMBRE de MACARENA [&hellip;]<\/p>\n","protected":false},"author":24,"featured_media":0,"parent":0,"menu_order":3,"comment_status":"closed","ping_status":"closed","template":"","meta":{"footnotes":"","_links_to":"","_links_to_target":""},"class_list":["post-71","page","type-page","status-publish","hentry"],"_links":{"self":[{"href":"https:\/\/clubdepoesia.com\/macarenagildebiedma\/wp-json\/wp\/v2\/pages\/71","targetHints":{"allow":["GET"]}}],"collection":[{"href":"https:\/\/clubdepoesia.com\/macarenagildebiedma\/wp-json\/wp\/v2\/pages"}],"about":[{"href":"https:\/\/clubdepoesia.com\/macarenagildebiedma\/wp-json\/wp\/v2\/types\/page"}],"author":[{"embeddable":true,"href":"https:\/\/clubdepoesia.com\/macarenagildebiedma\/wp-json\/wp\/v2\/users\/24"}],"replies":[{"embeddable":true,"href":"https:\/\/clubdepoesia.com\/macarenagildebiedma\/wp-json\/wp\/v2\/comments?post=71"}],"version-history":[{"count":0,"href":"https:\/\/clubdepoesia.com\/macarenagildebiedma\/wp-json\/wp\/v2\/pages\/71\/revisions"}],"wp:attachment":[{"href":"https:\/\/clubdepoesia.com\/macarenagildebiedma\/wp-json\/wp\/v2\/media?parent=71"}],"curies":[{"name":"wp","href":"https:\/\/api.w.org\/{rel}","templated":true}]}}