{"id":55,"date":"2018-04-09T10:10:10","date_gmt":"2018-04-09T10:10:10","guid":{"rendered":"https:\/\/clubdepoesia.com\/luisgarciafarres\/?page_id=55"},"modified":"2018-04-09T10:18:15","modified_gmt":"2018-04-09T10:18:15","slug":"poesia-del-libro-soledad-enamorada","status":"publish","type":"page","link":"https:\/\/clubdepoesia.com\/luisgarciafarres\/poesia-del-libro-soledad-enamorada\/","title":{"rendered":"Poes\u00eda del libro SOLEDAD ENAMORADA"},"content":{"rendered":"<div class=\"wpb-content-wrapper\">[vc_row][vc_column extend=&#8221;false&#8221;][vc_column_text css=&#8221;.vc_custom_1523266699856{margin-top: -30000px !important;}&#8221;]\n<h1><strong><em><u>Poes\u00eda del libro SOLEDAD ENAMORADA de LUIS GARC\u00cdA FARR\u00c9S. El escritor nos da una muestra tras publicar un libro.<\/u><\/em><\/strong><\/h1>\n<h2><strong><em><u><img fetchpriority=\"high\" decoding=\"async\" class=\"aligncenter size-full wp-image-20\" src=\"https:\/\/clubdepoesia.com\/luisgarciafarres\/files\/2018\/04\/book5SoledadEnamorada.png\" alt=\"SOLEDAD ENAMORADA\" width=\"630\" height=\"595\" srcset=\"https:\/\/clubdepoesia.com\/luisgarciafarres\/files\/2018\/04\/book5SoledadEnamorada.png 630w, https:\/\/clubdepoesia.com\/luisgarciafarres\/files\/2018\/04\/book5SoledadEnamorada-300x283.png 300w\" sizes=\"(max-width: 630px) 100vw, 630px\" \/>Poes\u00eda del libro SOLEDAD ENAMORADA de LUIS GARC\u00cdA FARR\u00c9S . El poeta nos da una muestra tras publicar un libro.<\/u><\/em><\/strong><\/h2>\n<h3><strong><em><u>Poes\u00eda del libro SOLEDAD ENAMORADA de LUIS GARC\u00cdA FARR\u00c9S. El autor nos da una muestra tras publicar un libro.<\/u><\/em><\/strong><\/h3>\n<h4><strong><em><u>Poes\u00eda del libro SOLEDAD ENAMORADA de LUIS GARC\u00cdA FARR\u00c9S. El autor nos da una muestra tras publicar un libro.<\/u><\/em><\/strong><\/h4>\n<h5><strong><em><u>Poes\u00eda del libro SOLEDAD ENAMORADA de LUIS GARC\u00cdA FARR\u00c9S . El autor nos da una muestra tras publicar un libro.<\/u><\/em><\/strong><\/h5>\n[\/vc_column_text][\/vc_column][\/vc_row][vc_row][vc_column extend=&#8221;false&#8221;]<div class='gambit_parallax_row' data-bg-align='' data-direction='fixed' data-opacity='100' data-velocity='-0.3' data-mobile-enabled='' data-bg-height='768' data-bg-width='1152' data-bg-image='https:\/\/clubdepoesia.com\/luisgarciafarres\/files\/2018\/04\/232.jpg' data-bg-repeat='false' data-id='' style='display: none'><\/div><div class=\"gambit_fullheight_row\" data-content-location=\"center\" style=\"display: none\"><\/div>[\/vc_column][\/vc_row][vc_row][vc_column extend=&#8221;false&#8221;][vc_column_text]\n<h1><\/h1>\n<h1><a name=\"_Toc509157586\"><\/a><strong>Hielo y mar<\/strong><\/h1>\n<p>&nbsp;<\/p>\n<p>Como no volver\u00e1s, en el vac\u00edo me mecer\u00e1 tu olvido. En las noches m\u00e1s fr\u00edas prender\u00e9 tu recuerdo. Le hablar\u00e9, m\u00e1s si cabe, de ti a la soledad los d\u00edas que se muestre especialmente posesiva. No habr\u00e1 entonces somn\u00edfero para mis ganas y desenterrar\u00e9 un tanto la esperanza para recordarle que t\u00fa y ella a\u00fan compart\u00eds mi coraz\u00f3n.<\/p>\n<p>&nbsp;<\/p>\n<p>Te fuiste, pero ello no quita que me mate pensar que te sigues yendo todav\u00eda. Porque cada vez ser\u00e1 mayor la lejan\u00eda, como humo de cigarro: inalcanzable cuando se disipa. Y es ah\u00ed donde no hay m\u00e1s, y es ah\u00ed donde me hallo. Es inevitable que el tiempo haga lluvia en el mar lo que alguna vez fue. M\u00e1s tarde que temprano se vuelve a ir la ola que volvi\u00f3 entre anhelos de verla regresar, como m\u00e1s raudo que tard\u00edo se funde el hielo del vaso con el que, a veces, te intento evocar.<\/p>\n<p>&nbsp;<\/p>\n<span class='bctt-click-to-tweet'><span class='bctt-ctt-text'><a href='https:\/\/x.com\/intent\/tweet?url=https%3A%2F%2Fclubdepoesia.com%2Fluisgarciafarres%2Fpoesia-del-libro-soledad-enamorada%2F&#038;text=HIELO%20Y%20MAR%20del%20libro%20SOLEDAD%20ENAMORADA%20de%20LUIS%20GARC%C3%8DA%20FARRES&#038;via=poesiaerestu&#038;related=poesiaerestu' target='_blank'rel=\"noopener noreferrer\">HIELO Y MAR del libro SOLEDAD ENAMORADA de LUIS GARC\u00cdA FARRES <\/a><\/span><a href='https:\/\/x.com\/intent\/tweet?url=https%3A%2F%2Fclubdepoesia.com%2Fluisgarciafarres%2Fpoesia-del-libro-soledad-enamorada%2F&#038;text=HIELO%20Y%20MAR%20del%20libro%20SOLEDAD%20ENAMORADA%20de%20LUIS%20GARC%C3%8DA%20FARRES&#038;via=poesiaerestu&#038;related=poesiaerestu' target='_blank' class='bctt-ctt-btn'rel=\"noopener noreferrer\">Compartir en X<\/a><\/span>[\/vc_column_text][\/vc_column][\/vc_row][vc_row][vc_column extend=&#8221;false&#8221;]<div class='gambit_parallax_row' data-bg-align='' data-direction='fixed' data-opacity='100' data-velocity='-0.3' data-mobile-enabled='' data-bg-height='768' data-bg-width='1152' data-bg-image='https:\/\/clubdepoesia.com\/luisgarciafarres\/files\/2018\/04\/233.jpg' data-bg-repeat='false' data-id='' style='display: none'><\/div><div class=\"gambit_fullheight_row\" data-content-location=\"center\" style=\"display: none\"><\/div>[\/vc_column][\/vc_row][vc_row][vc_column extend=&#8221;false&#8221;][vc_column_text]\n<h1><a name=\"_Toc507005053\"><\/a><\/h1>\n<h1><a name=\"_Toc509157595\"><\/a><strong>El tren de la nada<\/strong><\/h1>\n<p>&nbsp;<\/p>\n<p>Me sentar\u00e9 en un viejo and\u00e9n a ver pasar el tren de las cosas que no son, en el que cada vag\u00f3n representa algo que no ocurri\u00f3, y que no hace parada en ninguna estaci\u00f3n, pues la nada es siempre su direcci\u00f3n. Mientras llega me fijar\u00e9 en la luz de otros trenes surcando la tiniebla.<\/p>\n<p>Por m\u00e1s que corro siempre se me escapa esa luz, la que deja atr\u00e1s lo oscuro, la que marca el camino y ense\u00f1a la nueva senda. La busqu\u00e9 ya en muchas partes, pero sigo con mi desgastado candil a cuestas, cada vez m\u00e1s tenue, cada vez m\u00e1s negro. \u00c9l me alumbra lo indispensable, y por ello estoy acostumbrado a ver en la oscuridad, pero no puedo evitar dar un paso atr\u00e1s cuando alg\u00fan destello aparece, deslumbrado solo con que el reflejo persista un poco m\u00e1s de lo habitual.<\/p>\n<p>&nbsp;<\/p>\n<span class='bctt-click-to-tweet'><span class='bctt-ctt-text'><a href='https:\/\/x.com\/intent\/tweet?url=https%3A%2F%2Fclubdepoesia.com%2Fluisgarciafarres%2Fpoesia-del-libro-soledad-enamorada%2F&#038;text=El%20tren%20de%20la%20nada%20del%20libro%20SOLEDAD%20ENAMORADA%20de%20LUIS%20GARC%C3%8DA%20FARRES&#038;via=poesiaerestu&#038;related=poesiaerestu' target='_blank'rel=\"noopener noreferrer\">El tren de la nada del libro SOLEDAD ENAMORADA de LUIS GARC\u00cdA FARRES <\/a><\/span><a href='https:\/\/x.com\/intent\/tweet?url=https%3A%2F%2Fclubdepoesia.com%2Fluisgarciafarres%2Fpoesia-del-libro-soledad-enamorada%2F&#038;text=El%20tren%20de%20la%20nada%20del%20libro%20SOLEDAD%20ENAMORADA%20de%20LUIS%20GARC%C3%8DA%20FARRES&#038;via=poesiaerestu&#038;related=poesiaerestu' target='_blank' class='bctt-ctt-btn'rel=\"noopener noreferrer\">Compartir en X<\/a><\/span>[\/vc_column_text][\/vc_column][\/vc_row][vc_row][vc_column extend=&#8221;false&#8221;]<div class='gambit_parallax_row' data-bg-align='' data-direction='fixed' data-opacity='100' data-velocity='-0.3' data-mobile-enabled='' data-bg-height='768' data-bg-width='1157' data-bg-image='https:\/\/clubdepoesia.com\/luisgarciafarres\/files\/2018\/04\/lacie-slezak-128106.jpg' data-bg-repeat='false' data-id='' style='display: none'><\/div><div class=\"gambit_fullheight_row\" data-content-location=\"center\" style=\"display: none\"><\/div>[\/vc_column][\/vc_row][vc_row][vc_column extend=&#8221;false&#8221;][vc_column_text]\n<h1><a name=\"_Toc509157622\"><\/a><strong>A <em>contra<\/em>-reloj<\/strong><\/h1>\n<p>&nbsp;<\/p>\n<p>Y si el tiempo ya no pasa,<\/p>\n<p>ahora el tiempo solo vuela.<\/p>\n<p>Simplemente huye<\/p>\n<p>y la gloria me reh\u00faye.<\/p>\n<p>Tu boca est\u00e1 prohibida<\/p>\n<p>por mi temor y su presencia,<\/p>\n<p>que yo s\u00e9 que t\u00fa le quieres<\/p>\n<p>y no s\u00e9 de m\u00ed que esperas.<\/p>\n<p>Me da miedo lo que piensas\u2026<\/p>\n<p>&nbsp;<\/p>\n<p>\u00bfCu\u00e1n de esto es sincero?<\/p>\n<p>\u00bfEs especial lo que dices,<\/p>\n<p>o es solo un discurso que repites?<\/p>\n<p>Suena bien, no te lo niego<\/p>\n<p>pero el humo precede a lo que quema.<\/p>\n<p>Con mi confianza hecha cenizas<\/p>\n<p>y mi paz ya calcinada,<\/p>\n<p>dime si vale la pena que me abrase<\/p>\n<p>con el fuego de tu juego<\/p>\n<span class='bctt-click-to-tweet'><span class='bctt-ctt-text'><a href='https:\/\/x.com\/intent\/tweet?url=https%3A%2F%2Fclubdepoesia.com%2Fluisgarciafarres%2Fpoesia-del-libro-soledad-enamorada%2F&#038;text=A%20contra-reloj%20del%20libro%20SOLEDAD%20ENAMORADA%20de%20Luis%20Garc%C3%ADa%20Farr%C3%A9s&#038;via=poesiaerestu&#038;related=poesiaerestu' target='_blank'rel=\"noopener noreferrer\">A contra-reloj del libro SOLEDAD ENAMORADA de Luis Garc\u00eda Farr\u00e9s <\/a><\/span><a href='https:\/\/x.com\/intent\/tweet?url=https%3A%2F%2Fclubdepoesia.com%2Fluisgarciafarres%2Fpoesia-del-libro-soledad-enamorada%2F&#038;text=A%20contra-reloj%20del%20libro%20SOLEDAD%20ENAMORADA%20de%20Luis%20Garc%C3%ADa%20Farr%C3%A9s&#038;via=poesiaerestu&#038;related=poesiaerestu' target='_blank' class='bctt-ctt-btn'rel=\"noopener noreferrer\">Compartir en X<\/a><\/span>[\/vc_column_text][\/vc_column][\/vc_row][vc_row][vc_column extend=&#8221;false&#8221;]<div class='gambit_parallax_row' data-bg-align='' data-direction='fixed' data-opacity='100' data-velocity='-0.3' data-mobile-enabled='' data-bg-height='768' data-bg-width='512' data-bg-image='https:\/\/clubdepoesia.com\/luisgarciafarres\/files\/2018\/04\/john-mark-kuznietsov-266553.jpg' data-bg-repeat='false' data-id='' style='display: none'><\/div><div class=\"gambit_fullheight_row\" data-content-location=\"center\" style=\"display: none\"><\/div>[\/vc_column][\/vc_row][vc_row][vc_column extend=&#8221;false&#8221;][vc_column_text]\n<h1><a name=\"_Toc507948196\"><\/a><\/h1>\n<h1><a name=\"_Toc509157648\"><\/a><strong>La espalda de la suerte<\/strong><\/h1>\n<p>&nbsp;<\/p>\n<p>Te quedaste por el camino de las cosas que nunca tuve y perd\u00ed. Al menos t\u00fa no estar\u00e1s sola, pues te encontrar\u00e1s con mi suerte; si algo de cari\u00f1o me guardas, dile que vuelva, que de vez en cuando se pase por aqu\u00ed. Espero que no te haga falta, pero si precisas puedes quedarte con buena parte de ella porque, sinceramente, no creo que regrese y si lo hace, a\u00fan tardar\u00e1.<\/p>\n<p>Es que han pasado estos a\u00f1os como l\u00e1grimas entre la lluvia, entre vanos intentos que quedaron en nada con la inercia de los d\u00edas. Y el que aqu\u00ed nadie entre me tiene preso en este cuerpo inerte, que aunque solo dej\u00e9 la puerta entreabierta tal vez es injusto decir que no hice lo suficiente.<\/p>\n<span class='bctt-click-to-tweet'><span class='bctt-ctt-text'><a href='https:\/\/x.com\/intent\/tweet?url=https%3A%2F%2Fclubdepoesia.com%2Fluisgarciafarres%2Fpoesia-del-libro-soledad-enamorada%2F&#038;text=LA%20ESPALDA%20DE%20LA%20SUERTE%20del%20libro%20SOLEDAD%20ENAMORADA%20de%20Luis%20Garc%C3%ADa%20Farr%C3%A9s&#038;via=poesiaerestu&#038;related=poesiaerestu' target='_blank'rel=\"noopener noreferrer\">LA ESPALDA DE LA SUERTE del libro SOLEDAD ENAMORADA de Luis Garc\u00eda Farr\u00e9s <\/a><\/span><a href='https:\/\/x.com\/intent\/tweet?url=https%3A%2F%2Fclubdepoesia.com%2Fluisgarciafarres%2Fpoesia-del-libro-soledad-enamorada%2F&#038;text=LA%20ESPALDA%20DE%20LA%20SUERTE%20del%20libro%20SOLEDAD%20ENAMORADA%20de%20Luis%20Garc%C3%ADa%20Farr%C3%A9s&#038;via=poesiaerestu&#038;related=poesiaerestu' target='_blank' class='bctt-ctt-btn'rel=\"noopener noreferrer\">Compartir en X<\/a><\/span>[\/vc_column_text][\/vc_column][\/vc_row][vc_row][vc_column extend=&#8221;false&#8221;]<div class='gambit_parallax_row' data-bg-align='' data-direction='fixed' data-opacity='100' data-velocity='-0.3' data-mobile-enabled='' data-bg-height='768' data-bg-width='1152' data-bg-image='https:\/\/clubdepoesia.com\/luisgarciafarres\/files\/2018\/04\/59.jpg' data-bg-repeat='false' data-id='' style='display: none'><\/div><div class=\"gambit_fullheight_row\" data-content-location=\"center\" style=\"display: none\"><\/div>[\/vc_column][\/vc_row][vc_row][vc_column extend=&#8221;false&#8221;][vc_column_text css=&#8221;.vc_custom_1523266699856{margin-top: -30000px !important;}&#8221;]\n<h1><strong><em><u>Poes\u00eda del libro SOLEDAD ENAMORADA de LUIS GARC\u00cdA FARR\u00c9S. El escritor nos da una muestra tras publicar un libro.<\/u><\/em><\/strong><\/h1>\n<h2><strong><em><u><img fetchpriority=\"high\" decoding=\"async\" class=\"aligncenter size-full wp-image-20\" src=\"https:\/\/clubdepoesia.com\/luisgarciafarres\/files\/2018\/04\/book5SoledadEnamorada.png\" alt=\"SOLEDAD ENAMORADA\" width=\"630\" height=\"595\" srcset=\"https:\/\/clubdepoesia.com\/luisgarciafarres\/files\/2018\/04\/book5SoledadEnamorada.png 630w, https:\/\/clubdepoesia.com\/luisgarciafarres\/files\/2018\/04\/book5SoledadEnamorada-300x283.png 300w\" sizes=\"(max-width: 630px) 100vw, 630px\" \/>Poes\u00eda del libro SOLEDAD ENAMORADA de LUIS GARC\u00cdA FARR\u00c9S . El poeta nos da una muestra tras publicar un libro.<\/u><\/em><\/strong><\/h2>\n<h3><strong><em><u>Poes\u00eda del libro SOLEDAD ENAMORADA de LUIS GARC\u00cdA FARR\u00c9S. El autor nos da una muestra tras publicar un libro.<\/u><\/em><\/strong><\/h3>\n<h4><strong><em><u>Poes\u00eda del libro SOLEDAD ENAMORADA de LUIS GARC\u00cdA FARR\u00c9S. El autor nos da una muestra tras publicar un libro.<\/u><\/em><\/strong><\/h4>\n<h5><strong><em><u>Poes\u00eda del libro SOLEDAD ENAMORADA de LUIS GARC\u00cdA FARR\u00c9S . El autor nos da una muestra tras publicar un libro.<\/u><\/em><\/strong><\/h5>\n[\/vc_column_text][\/vc_column][\/vc_row]\n<\/div>","protected":false},"excerpt":{"rendered":"<p>[vc_row][vc_column extend=&#8221;false&#8221;][vc_column_text css=&#8221;.vc_custom_1523266699856{margin-top: -30000px !important;}&#8221;] Poes\u00eda del libro SOLEDAD ENAMORADA de LUIS GARC\u00cdA FARR\u00c9S. El escritor nos da una muestra tras publicar un libro. Poes\u00eda del libro SOLEDAD ENAMORADA de LUIS GARC\u00cdA FARR\u00c9S . El poeta nos da una muestra tras publicar un libro. Poes\u00eda del libro SOLEDAD ENAMORADA de LUIS GARC\u00cdA FARR\u00c9S. El autor [&hellip;]<\/p>\n","protected":false},"author":24,"featured_media":0,"parent":0,"menu_order":3,"comment_status":"closed","ping_status":"closed","template":"","meta":{"footnotes":"","_links_to":"","_links_to_target":""},"class_list":["post-55","page","type-page","status-publish","hentry"],"_links":{"self":[{"href":"https:\/\/clubdepoesia.com\/luisgarciafarres\/wp-json\/wp\/v2\/pages\/55","targetHints":{"allow":["GET"]}}],"collection":[{"href":"https:\/\/clubdepoesia.com\/luisgarciafarres\/wp-json\/wp\/v2\/pages"}],"about":[{"href":"https:\/\/clubdepoesia.com\/luisgarciafarres\/wp-json\/wp\/v2\/types\/page"}],"author":[{"embeddable":true,"href":"https:\/\/clubdepoesia.com\/luisgarciafarres\/wp-json\/wp\/v2\/users\/24"}],"replies":[{"embeddable":true,"href":"https:\/\/clubdepoesia.com\/luisgarciafarres\/wp-json\/wp\/v2\/comments?post=55"}],"version-history":[{"count":0,"href":"https:\/\/clubdepoesia.com\/luisgarciafarres\/wp-json\/wp\/v2\/pages\/55\/revisions"}],"wp:attachment":[{"href":"https:\/\/clubdepoesia.com\/luisgarciafarres\/wp-json\/wp\/v2\/media?parent=55"}],"curies":[{"name":"wp","href":"https:\/\/api.w.org\/{rel}","templated":true}]}}