{"id":5,"date":"2018-04-09T08:29:30","date_gmt":"2018-04-09T08:29:30","guid":{"rendered":"https:\/\/clubdepoesia.com\/luisgarciafarres\/?page_id=5"},"modified":"2018-04-09T08:39:56","modified_gmt":"2018-04-09T08:39:56","slug":"luis-garcia-farres-acaba-de-publicar-un-libro-soledad-enamorada","status":"publish","type":"page","link":"https:\/\/clubdepoesia.com\/luisgarciafarres\/","title":{"rendered":"Luis Garc\u00eda Farres acaba de publicar un libro SOLEDAD ENAMORADA"},"content":{"rendered":"<div class=\"wpb-content-wrapper\">[vc_row][vc_column extend=&#8221;false&#8221;][vc_column_text css=&#8221;.vc_custom_1523260094408{margin-top: -30000px !important;}&#8221;]\n<h1><u>Luis Garc\u00eda Farres es el <strong><em>escritor<\/em><\/strong><em> de <strong>SOLEDAD ENAMORADA<\/strong><\/em>. <strong><em>El escritor y poeta <\/em><\/strong>acaba de <a href=\"http:\/\/publicarunlibro.gdn\"><strong><em>publicar un libro <\/em><\/strong><\/a>de poes\u00eda con la <strong><em>Editorial Poes\u00eda eres t\u00fa. Considerado como uno de los mejores poetas de Barcelona, algunos afirman que es el mejor poeta de Sabadell<\/em><\/strong><\/u><\/h1>\n<p><strong><img fetchpriority=\"high\" decoding=\"async\" class=\"aligncenter size-full wp-image-6\" src=\"https:\/\/clubdepoesia.com\/luisgarciafarres\/files\/2018\/04\/0_PortadaSoledadenamorada.jpg\" alt=\"Soledad enamorada de Luis Garc\u00eda Farres\" width=\"212\" height=\"300\" \/>\u00a0<\/strong><\/p>\n<h2><strong><em><u>SOLEDAD ENAMORADA ha sido escrito por Luis Garc\u00eda Farres Considerado como uno de los mejores poetas de Sabadell, algunos afirman que es el mejor poeta de Sabadell. El escritor sabe como <a href=\"http:\/\/publicarunlibro.ovh\">publicar un libro<\/a> de poes\u00eda con la Editorial Poes\u00eda eres t\u00fa<\/u><\/em><\/strong><\/h2>\n<h3><strong><em>Trabajamos con distribuidoras de libros que acercan los libros a las librer\u00edas, pero contamos tambi\u00e9n con las siguientes librerias de apoyo en internet para que ning\u00fan lector se quede sin su <a href=\"http:\/\/librodepoesia.com\">libro de poes\u00eda<\/a>: Libreria GEPA, Libreria Website, La librer\u00eda del escritor, El rinc\u00f3n de los libros.<\/em><\/strong><\/h3>\n<p><strong><em>Informamos de como publicar un libro y el precio de publicar un libro<\/em><\/strong><\/p>\n<p><strong><em>As\u00ed mismo colaboramos con la <a href=\"http:\/\/editorespoesia.com\">Asociaci\u00f3n de editores de poes\u00eda<\/a> y la <a href=\"http:\/\/escritoresycriticos.com\">Asociaci\u00f3n Madrile\u00f1a de escritores y cr\u00edticos literarios<\/a> (<a href=\"http:\/\/escritoresycriticos.com\">Cr\u00edtica de Madrid<\/a>).<\/em><\/strong><\/p>\n<p><strong><em>Trabajamos con varias imprentas y contamos con nuestra propia <a href=\"http:\/\/artesgraficas.info\/\">imprenta<\/a> Herederos de Izquierdo y Madrid impresores.<\/em><\/strong><\/p>\n<p><strong><em>Puedes conocernos en nuestra p\u00e1gina del Grupo Editorial. Contamos con una sede en Madrid y otra en Jumilla (Murcia)<\/em><\/strong><\/p>\n<p><strong><em>Somos especialitas en la edici\u00f3n del <a href=\"http:\/\/libropoesia.com\/\">libro de poes\u00eda<\/a><\/em><\/strong><\/p>\n<p><strong><em><u>Luis Garc\u00eda Farres Considerado como uno de los mejores poetas de Sabadell, algunos afirman que es el mejor poeta de Sabadell es el escritor de SOLEDAD ENAMORADA. El poeta conoce el precio de <a href=\"http:\/\/publicarunlibro.pro\">publicar un libro<\/a> de poes\u00eda con la Editorial Poes\u00eda eres t\u00fa<\/u><\/em><\/strong><\/p>\n<h4><strong><em><u>Luis Garc\u00eda Farres Considerado como uno de los mejores poetas de Sabadell, algunos afirman que es el mejor poeta de Sabadell es el escritor de SOLEDAD ENAMORADA. La poeta sabe como <a href=\"http:\/\/publicarunlibro.xyz\">publicar un libro<\/a> de poes\u00eda con la Editorial Poes\u00eda eres t\u00fa<\/u><\/em><\/strong><\/h4>\n<h5><strong><em><u>Luis Garc\u00eda Farres considerado como uno de los mejores poetas de Sabadell, algunos afirman que es el mejor poeta de Barcelona es el escritor de SOLEDAD ENAMORADA. La poeta sabe el precio de <a href=\"http:\/\/publicarunlibro.info\">publicar un libro<\/a> de poes\u00eda con la Editorial Poes\u00eda eres t\u00fa<\/u><\/em><\/strong><\/h5>\n<p>&nbsp;<\/p>\n<p><strong><em><u>El <a href=\"http:\/\/grupoeditorialperezayala.com\">Grupo Editorial P\u00e9rez-Ayala<\/a>, est\u00e1 formado por los siguientes sellos <a href=\"http:\/\/editorialpoesia.com\">editoriales<\/a>: <a href=\"http:\/\/poesiaerestu.com\">Editorial Poes\u00eda eres t\u00fa<\/a>, <a href=\"http:\/\/edicionesrilke.com\">Ediciones Rilke<\/a> <a href=\"http:\/\/editorialpoesia.com\">Editorial poes\u00eda<\/a>, <a href=\"http:\/\/editorial.org.es\">Editorial<\/a> <a href=\"http:\/\/edicionesamaniel.com\">Ediciones Amaniel<\/a>, <a href=\"http:\/\/editorial.org.es\">Editorial<\/a> <a href=\"http:\/\/edicionesazorin.com\">Ediciones Azor\u00edn un sello regional para Sabadell y Murcia<\/a>.<\/u><\/em><\/strong><\/p>\n<p><strong><em><u>Para ayudar a la promoci\u00f3n de los libros contamos con diferentes plataformas en internet como <a href=\"http:\/\/poesiatv.com\">Poes\u00eda Televisi\u00f3n<\/a>, <a href=\"http:\/\/librodepoesia.com\">libro de poes\u00eda<\/a>, Club de poes\u00eda, Blog de escritor, Blog de poes\u00eda, <a href=\"https:\/\/agenciadellibro.com\">Agencia del libro<\/a>, Plataforma IV Centenario, Primer centenario, Nuestras librerias, <a href=\"http:\/\/publicarlibro.com.es\">Publicar libro<\/a> &#8211; <a href=\"http:\/\/publicarlibro.es\">Publicar un libro<\/a>, Revista Poes\u00eda eres t\u00fa, Antolog\u00edas po\u00e9ticas, <a href=\"http:\/\/poesiapoetas.com\">Poes\u00eda y poetas<\/a>, Gloria Fuertes, Blas de Otero, Rub\u00e9n Dar\u00edo, <a href=\"https:\/\/carmenconde.es\">Carmen Conde<\/a>.<\/u><\/em><\/strong>[\/vc_column_text][\/vc_column][\/vc_row][vc_row][vc_column extend=&#8221;false&#8221;][layerslider_vc id=&#8221;1&#8243;][\/vc_column][\/vc_row][vc_row][vc_column extend=&#8221;false&#8221; width=&#8221;1\/2&#8243;]<div class=\"ult-content-box-container \" >\t\t<div class=\"ult-content-box\" style=\"background-color:rgba(255,255,255,0.49);box-shadow: px px 8px px #f2f2f2 none;border-style:none;-webkit-transition: all 700ms ease;-moz-transition: all 700ms ease;-ms-transition: all 700ms ease;-o-transition: all 700ms ease;transition: all 700ms ease;\"  data-hover_box_shadow=\"none\"     data-bg=\"rgba(255,255,255,0.49)\"  data-border_color=\"\" >[vc_column_text css=&#8221;.vc_custom_1523260187503{padding-top: 15% !important;padding-right: 15% !important;padding-bottom: 15% !important;padding-left: 15% !important;}&#8221;]Nacido en 1993 y natural de Sabadell (Barcelona), Luis Garc\u00eda Farr\u00e9s es graduado en Relaciones Laborales por la Universitat Aut\u00f2noma de Barcelona. Coincidiendo con los \u00faltimos a\u00f1os de carrera, descubre su creciente gusto por la escritura creativa. Lo que empieza siendo un ejercicio terap\u00e9utico, de higiene emocional, le conduce a juntar una serie de prosas y poemas que desembocan en la publicaci\u00f3n del presente libro, su obra debut.<\/p>\n<span class='bctt-click-to-tweet'><span class='bctt-ctt-text'><a href='https:\/\/x.com\/intent\/tweet?url=https%3A%2F%2Fclubdepoesia.com%2Fluisgarciafarres%2F&#038;text=Luis%20Garc%C3%ADa%20Farres.%20Escritor%20y%20poeta%20de%20Sabadell.&#038;related' target='_blank'rel=\"noopener noreferrer\">Luis Garc\u00eda Farres. Escritor y poeta de Sabadell. <\/a><\/span><a href='https:\/\/x.com\/intent\/tweet?url=https%3A%2F%2Fclubdepoesia.com%2Fluisgarciafarres%2F&#038;text=Luis%20Garc%C3%ADa%20Farres.%20Escritor%20y%20poeta%20de%20Sabadell.&#038;related' target='_blank' class='bctt-ctt-btn'rel=\"noopener noreferrer\">Compartir en X<\/a><\/span>[\/vc_column_text]\t\t<\/div><\/div>[\/vc_column][vc_column extend=&#8221;false&#8221; width=&#8221;1\/2&#8243;][vc_single_image image=&#8221;7&#8243; img_size=&#8221;full&#8221; alignment=&#8221;center&#8221;][\/vc_column][\/vc_row][vc_row][vc_column extend=&#8221;false&#8221;]<div class=\"gambit_fullheight_row\" data-content-location=\"center\" style=\"display: none\"><\/div><div class='gambit_parallax_row' data-bg-align='' data-direction='fixed' data-opacity='100' data-velocity='-0.3' data-mobile-enabled='parallax-enable-mobile' data-bg-height='768' data-bg-width='1152' data-bg-image='https:\/\/clubdepoesia.com\/luisgarciafarres\/files\/2018\/04\/FondoWeb.jpg' data-bg-repeat='false' data-id='' style='display: none'><\/div>[\/vc_column][\/vc_row][vc_row][vc_column extend=&#8221;false&#8221;]<div class=\"gambit_fullheight_row\" data-content-location=\"center\" style=\"display: none\"><\/div><div id=\"uvc-type-wrap-3132\"  data-ultimate-target='#uvc-type-wrap-3132'  data-responsive-json-new='{\"font-size\":\"\",\"line-height\":\"\"}'  class=\"uvc-type-wrap vc_custom_1523260264563 ult-adjust-bottom-margin ult-responsive  uvc-type-align-center uvc-type-no-prefix uvc-wrap-369441566869df4c7574e17\" style=\"text-align:center;\"><span id=\"typed-369441566869df4c7574e17\" class=\"ultimate-typed-main \" style=\" font-weight:normal; text-transform: unset;\"><\/span><script type=\"text\/javascript\">\n\t\t\t\t\t\tjQuery(function($){ \n\t\t\t\t\t\t\t$(document).ready(function(){\n\t\t\t\t\t\t\t\tif( typeof jQuery(\"#typed-369441566869df4c7574e17\").typed == \"function\"){\n\t\t\t\t\t\t\t\t\t$(\"#typed-369441566869df4c7574e17\").typed({\n\t\t\t\t\t\t\t\t\t\tstrings: [\"La soledad es enamoradiza, o tal vez lo seamos nosotros. Quiz\u00e1 solo seamos soledades en busca de otras soledades para hacerse compa\u00f1\u00eda. Para convencernos de que todo tiene sentido y hacer ver que entendemos algo. Para acallar el silencio. Y es precisamente en compa\u00f1\u00eda del silencio, solo interrumpido por el desliz de la pluma sobre el papel o el impacto del dedo contra la tecla, de donde nace este libro. Amor, desamor, deseo, melancol\u00eda y mil sentimientos m\u00e1s saltando entre p\u00e1ginas hasta llegar a ti.\"],\n\t\t\t\t\t\t\t\t\t\ttypeSpeed: 35,\n\t\t\t\t\t\t\t\t\t\tbackSpeed: 0,\n\t\t\t\t\t\t\t\t\t\tstartDelay: \"200\",\n\t\t\t\t\t\t\t\t\t\tbackDelay: \"1500\",\n\t\t\t\t\t\t\t\t\t\tloop: true,\n\t\t\t\t\t\t\t\t\t\tloopCount: false,\n\t\t\t\t\t\t\t\t\t\tshowCursor: true,\n\t\t\t\t\t\t\t\t\t\tcursorChar: \"|\",\n\t\t\t\t\t\t\t\t\t\tattr: null\n\t\t\t\t\t\t\t\t\t});\n\t\t\t\t\t\t\t\t}\n\t\t\t\t\t\t\t});\n\t\t\t\t\t\t});\n\t\t\t\t\t<\/script><\/div>[\/vc_column][\/vc_row][vc_row][vc_column extend=&#8221;false&#8221;]<div class=\"gambit_fullheight_row\" data-content-location=\"center\" style=\"display: none\"><\/div><div class='gambit_parallax_row' data-bg-align='' data-direction='fixed' data-opacity='100' data-velocity='-0.3' data-mobile-enabled='parallax-enable-mobile' data-bg-height='768' data-bg-width='1152' data-bg-image='https:\/\/clubdepoesia.com\/luisgarciafarres\/files\/2018\/04\/FondoWeb.jpg' data-bg-repeat='false' data-id='' style='display: none'><\/div>[\/vc_column][\/vc_row][vc_row][vc_column extend=&#8221;false&#8221;][vc_column_text css=&#8221;.vc_custom_1523260352332{margin-top: -30000px !important;}&#8221;]\n<h1><u>Luis Garc\u00eda Farres es el <strong><em>escritor<\/em><\/strong><em> de <strong>SOLEDAD ENAMORADA<\/strong><\/em>. <strong><em>El escritor y poeta <\/em><\/strong>acaba de <a href=\"http:\/\/publicarunlibro.gdn\"><strong><em>publicar un libro <\/em><\/strong><\/a>de poes\u00eda con la <strong><em>Editorial Poes\u00eda eres t\u00fa. Considerado como uno de los mejores poetas de Barcelona, algunos afirman que es el mejor poeta de Sabadell<\/em><\/strong><\/u><\/h1>\n<p><strong><img fetchpriority=\"high\" decoding=\"async\" class=\"aligncenter size-full wp-image-6\" src=\"https:\/\/clubdepoesia.com\/luisgarciafarres\/files\/2018\/04\/0_PortadaSoledadenamorada.jpg\" alt=\"Soledad enamorada de Luis Garc\u00eda Farres\" width=\"212\" height=\"300\" \/>\u00a0<\/strong><\/p>\n<h2><strong><em><u>SOLEDAD ENAMORADA ha sido escrito por Luis Garc\u00eda Farres Considerado como uno de los mejores poetas de Sabadell, algunos afirman que es el mejor poeta de Sabadell. El escritor sabe como <a href=\"http:\/\/publicarunlibro.ovh\">publicar un libro<\/a> de poes\u00eda con la Editorial Poes\u00eda eres t\u00fa<\/u><\/em><\/strong><\/h2>\n<h3><strong><em>Trabajamos con distribuidoras de libros que acercan los libros a las librer\u00edas, pero contamos tambi\u00e9n con las siguientes librerias de apoyo en internet para que ning\u00fan lector se quede sin su <a href=\"http:\/\/librodepoesia.com\">libro de poes\u00eda<\/a>: Libreria GEPA, Libreria Website, La librer\u00eda del escritor, El rinc\u00f3n de los libros.<\/em><\/strong><\/h3>\n<p><strong><em>Informamos de como publicar un libro y el precio de publicar un libro<\/em><\/strong><\/p>\n<p><strong><em>As\u00ed mismo colaboramos con la <a href=\"http:\/\/editorespoesia.com\">Asociaci\u00f3n de editores de poes\u00eda<\/a> y la <a href=\"http:\/\/escritoresycriticos.com\">Asociaci\u00f3n Madrile\u00f1a de escritores y cr\u00edticos literarios<\/a> (<a href=\"http:\/\/escritoresycriticos.com\">Cr\u00edtica de Madrid<\/a>).<\/em><\/strong><\/p>\n<p><strong><em>Trabajamos con varias imprentas y contamos con nuestra propia <a href=\"http:\/\/artesgraficas.info\/\">imprenta<\/a> Herederos de Izquierdo y Madrid impresores.<\/em><\/strong><\/p>\n<p><strong><em>Puedes conocernos en nuestra p\u00e1gina del Grupo Editorial. Contamos con una sede en Madrid y otra en Jumilla (Murcia)<\/em><\/strong><\/p>\n<p><strong><em>Somos especialitas en la edici\u00f3n del <a href=\"http:\/\/libropoesia.com\/\">libro de poes\u00eda<\/a><\/em><\/strong><\/p>\n<p><strong><em><u>Luis Garc\u00eda Farres Considerado como uno de los mejores poetas de Sabadell, algunos afirman que es el mejor poeta de Sabadell es el escritor de SOLEDAD ENAMORADA. El poeta conoce el precio de <a href=\"http:\/\/publicarunlibro.pro\">publicar un libro<\/a> de poes\u00eda con la Editorial Poes\u00eda eres t\u00fa<\/u><\/em><\/strong><\/p>\n<h4><strong><em><u>Luis Garc\u00eda Farres Considerado como uno de los mejores poetas de Sabadell, algunos afirman que es el mejor poeta de Sabadell es el escritor de SOLEDAD ENAMORADA. La poeta sabe como <a href=\"http:\/\/publicarunlibro.xyz\">publicar un libro<\/a> de poes\u00eda con la Editorial Poes\u00eda eres t\u00fa<\/u><\/em><\/strong><\/h4>\n<h5><strong><em><u>Luis Garc\u00eda Farres considerado como uno de los mejores poetas de Sabadell, algunos afirman que es el mejor poeta de Barcelona es el escritor de SOLEDAD ENAMORADA. La poeta sabe el precio de <a href=\"http:\/\/publicarunlibro.info\">publicar un libro<\/a> de poes\u00eda con la Editorial Poes\u00eda eres t\u00fa<\/u><\/em><\/strong><\/h5>\n<p>&nbsp;<\/p>\n<p><strong><em><u>El <a href=\"http:\/\/grupoeditorialperezayala.com\">Grupo Editorial P\u00e9rez-Ayala<\/a>, est\u00e1 formado por los siguientes sellos <a href=\"http:\/\/editorialpoesia.com\">editoriales<\/a>: <a href=\"http:\/\/poesiaerestu.com\">Editorial Poes\u00eda eres t\u00fa<\/a>, <a href=\"http:\/\/edicionesrilke.com\">Ediciones Rilke<\/a> <a href=\"http:\/\/editorialpoesia.com\">Editorial poes\u00eda<\/a>, <a href=\"http:\/\/editorial.org.es\">Editorial<\/a> <a href=\"http:\/\/edicionesamaniel.com\">Ediciones Amaniel<\/a>, <a href=\"http:\/\/editorial.org.es\">Editorial<\/a> <a href=\"http:\/\/edicionesazorin.com\">Ediciones Azor\u00edn un sello regional para Sabadell y Murcia<\/a>.<\/u><\/em><\/strong><\/p>\n<p><strong><em><u>Para ayudar a la promoci\u00f3n de los libros contamos con diferentes plataformas en internet como <a href=\"http:\/\/poesiatv.com\">Poes\u00eda Televisi\u00f3n<\/a>, <a href=\"http:\/\/librodepoesia.com\">libro de poes\u00eda<\/a>, Club de poes\u00eda, Blog de escritor, Blog de poes\u00eda, <a href=\"https:\/\/agenciadellibro.com\">Agencia del libro<\/a>, Plataforma IV Centenario, Primer centenario, Nuestras librerias, <a href=\"http:\/\/publicarlibro.com.es\">Publicar libro<\/a> &#8211; <a href=\"http:\/\/publicarlibro.es\">Publicar un libro<\/a>, Revista Poes\u00eda eres t\u00fa, Antolog\u00edas po\u00e9ticas, <a href=\"http:\/\/poesiapoetas.com\">Poes\u00eda y poetas<\/a>, Gloria Fuertes, Blas de Otero, Rub\u00e9n Dar\u00edo, <a href=\"https:\/\/carmenconde.es\">Carmen Conde<\/a>.<\/u><\/em><\/strong><\/p>\n<h4><strong><em><u>Esta es la web de Luis Garc\u00eda Farres Considerado como uno de los mejores poetas de Sabadell, algunos afirman que es el mejor poeta de Sabadell es el escritor de SOLEDAD ENAMORADA. La poeta sabe como <a href=\"http:\/\/publicarunlibro.xyz\">publicar un libro<\/a> de poes\u00eda con la Editorial Poes\u00eda eres t\u00fa<\/u><\/em><\/strong><\/h4>\n[\/vc_column_text][\/vc_column][\/vc_row][vc_column extend=&#8221;false&#8221; css=&#8221;.vc_custom_1521493486115{padding-top: 10% !important;padding-bottom: 10% !important;}&#8221; el_class=&#8221;&#8221; version=&#8221;1&#8243;][\/vc_column][vc_btn title=&#8221;COMPRAR SUS LIBROS&#8221; color=&#8221;black&#8221; size=&#8221;lg&#8221; align=&#8221;center&#8221; link=&#8221;url:https%3A%2F%2Flibrodepoesia.com%2Fautor%2Fluis-garcia-farres%2F||target:%20_blank|&#8221;]\n<\/div>","protected":false},"excerpt":{"rendered":"<p>[vc_row][vc_column extend=&#8221;false&#8221;][vc_column_text css=&#8221;.vc_custom_1523260094408{margin-top: -30000px !important;}&#8221;] Luis Garc\u00eda Farres es el escritor de SOLEDAD ENAMORADA. El escritor y poeta acaba de publicar un libro de poes\u00eda con la Editorial Poes\u00eda eres t\u00fa. Considerado como uno de los mejores poetas de Barcelona, algunos afirman que es el mejor poeta de Sabadell \u00a0 SOLEDAD ENAMORADA ha sido escrito [&hellip;]<\/p>\n","protected":false},"author":24,"featured_media":0,"parent":0,"menu_order":0,"comment_status":"closed","ping_status":"closed","template":"","meta":{"footnotes":"","_links_to":"","_links_to_target":""},"class_list":["post-5","page","type-page","status-publish","hentry"],"_links":{"self":[{"href":"https:\/\/clubdepoesia.com\/luisgarciafarres\/wp-json\/wp\/v2\/pages\/5","targetHints":{"allow":["GET"]}}],"collection":[{"href":"https:\/\/clubdepoesia.com\/luisgarciafarres\/wp-json\/wp\/v2\/pages"}],"about":[{"href":"https:\/\/clubdepoesia.com\/luisgarciafarres\/wp-json\/wp\/v2\/types\/page"}],"author":[{"embeddable":true,"href":"https:\/\/clubdepoesia.com\/luisgarciafarres\/wp-json\/wp\/v2\/users\/24"}],"replies":[{"embeddable":true,"href":"https:\/\/clubdepoesia.com\/luisgarciafarres\/wp-json\/wp\/v2\/comments?post=5"}],"version-history":[{"count":0,"href":"https:\/\/clubdepoesia.com\/luisgarciafarres\/wp-json\/wp\/v2\/pages\/5\/revisions"}],"wp:attachment":[{"href":"https:\/\/clubdepoesia.com\/luisgarciafarres\/wp-json\/wp\/v2\/media?parent=5"}],"curies":[{"name":"wp","href":"https:\/\/api.w.org\/{rel}","templated":true}]}}