{"id":69,"date":"2017-10-07T17:05:25","date_gmt":"2017-10-07T17:05:25","guid":{"rendered":"http:\/\/clubdepoesia.com\/luisdelarosafernandez\/?page_id=69"},"modified":"2017-10-08T17:29:22","modified_gmt":"2017-10-08T17:29:22","slug":"videos","status":"publish","type":"page","link":"https:\/\/clubdepoesia.com\/luisdelarosafernandez\/videos\/","title":{"rendered":"Videos"},"content":{"rendered":"<div class=\"wpb-content-wrapper\">[vc_row][vc_column extend=&#8221;false&#8221;][vc_column_text css=&#8221;.vc_custom_1507395749486{margin-top: -30000px !important;}&#8221;]<span style=\"text-decoration: underline;\"><em><strong>Videos del libro No quedan ruise\u00f1ores junto al r\u00edo de Luis de la Rosa Fern\u00e1ndez. La <a href=\"http:\/\/edicionesrilke.com\">editorial de poes\u00eda <\/a><a href=\"http:\/\/editorialpoesia.com\">Ediciones rilke<\/a> nos da una muestra del <a href=\"http:\/\/poesiaerestu.com\">libro que acaba de publicar<\/a><\/strong><\/em><\/span><\/p>\n<h1><span style=\"text-decoration: underline;\"><em><strong>Videos del libro No quedan ruise\u00f1ores junto al r\u00edo de Luis de la Rosa Fern\u00e1ndez. La <a href=\"http:\/\/edicionesrilke.com\">editorial de poes\u00eda <\/a><a href=\"http:\/\/editorialpoesia.com\">Ediciones rilke<\/a> nos da una muestra del <a href=\"http:\/\/poesiaerestu.com\">libro que acaba de publicar<\/a><\/strong><\/em><\/span><\/h1>\n<h2><em><strong><img fetchpriority=\"high\" decoding=\"async\" class=\"aligncenter size-medium wp-image-13\" src=\"https:\/\/clubdepoesia.com\/luisdelarosafernandez\/files\/2017\/10\/0_Portadanoquedanruise\u00f1oresenelrio-211x300.jpg\" alt=\"No quedan Ruise\u00f1ores junto al r\u00edo\" width=\"211\" height=\"300\" srcset=\"https:\/\/clubdepoesia.com\/luisdelarosafernandez\/files\/2017\/10\/0_Portadanoquedanruise\u00f1oresenelrio-211x300.jpg 211w, https:\/\/clubdepoesia.com\/luisdelarosafernandez\/files\/2017\/10\/0_Portadanoquedanruise\u00f1oresenelrio.jpg 559w\" sizes=\"(max-width: 211px) 100vw, 211px\" \/>Videos del libro No quedan ruise\u00f1ores junto al r\u00edo de Luis de la Rosa Fern\u00e1ndez. La <a href=\"http:\/\/edicionesrilke.com\">editorial de poes\u00eda <\/a><a href=\"http:\/\/editorialpoesia.com\">Ediciones rilke<\/a> nos da una muestra del <a href=\"http:\/\/poesiaerestu.com\">libro que acaba de publicar<\/a><\/strong><\/em><\/h2>\n<h3><em><strong>Videos del libro No quedan ruise\u00f1ores junto al r\u00edo de Luis de la Rosa Fern\u00e1ndez. La <a href=\"http:\/\/edicionesrilke.com\">editorial de poes\u00eda <\/a><a href=\"http:\/\/editorialpoesia.com\">Ediciones rilke<\/a> nos da una muestra del <a href=\"http:\/\/poesiaerestu.com\">libro que acaba de publicar<\/a><\/strong><\/em><\/h3>\n<h4><em><strong>Videos del libro No quedan ruise\u00f1ores junto al r\u00edo de Luis de la Rosa Fern\u00e1ndez. La <a href=\"http:\/\/edicionesrilke.com\">editorial de poes\u00eda <\/a><a href=\"http:\/\/editorialpoesia.com\">Ediciones rilke<\/a> nos da una muestra del <a href=\"http:\/\/poesiaerestu.com\">libro que acaba de publicar<\/a><\/strong><\/em><\/h4>\n[\/vc_column_text][\/vc_column][\/vc_row][vc_row][vc_column extend=&#8221;false&#8221;][vc_column_text]<iframe src=\"https:\/\/player.vimeo.com\/video\/237199528\" width=\"640\" height=\"359\" frameborder=\"0\" allowfullscreen=\"allowfullscreen\"><\/iframe><\/p>\n<span class='bctt-click-to-tweet'><span class='bctt-ctt-text'><a href='https:\/\/x.com\/intent\/tweet?url=https%3A%2F%2Fclubdepoesia.com%2Fluisdelarosafernandez%2Fvideos%2F&#038;text=Video%20promocional%20del%20libro%20NO%20QUEDAN%20RUISE%C3%91ORES%20EN%20EL%20R%C3%8DO%20de%20Luis%20de%20la%20Rosa%20Fern%C3%A1ndez&#038;via=poesiaerestu&#038;related=poesiaerestu' target='_blank'rel=\"noopener noreferrer\">Video promocional del libro NO QUEDAN RUISE\u00d1ORES EN EL R\u00cdO de Luis de la Rosa Fern\u00e1ndez <\/a><\/span><a href='https:\/\/x.com\/intent\/tweet?url=https%3A%2F%2Fclubdepoesia.com%2Fluisdelarosafernandez%2Fvideos%2F&#038;text=Video%20promocional%20del%20libro%20NO%20QUEDAN%20RUISE%C3%91ORES%20EN%20EL%20R%C3%8DO%20de%20Luis%20de%20la%20Rosa%20Fern%C3%A1ndez&#038;via=poesiaerestu&#038;related=poesiaerestu' target='_blank' class='bctt-ctt-btn'rel=\"noopener noreferrer\">Compartir en X<\/a><\/span>\n<p><iframe src=\"https:\/\/player.vimeo.com\/video\/237300956\" width=\"640\" height=\"359\" frameborder=\"0\" allowfullscreen=\"allowfullscreen\"><\/iframe><\/p>\n<p><iframe src=\"https:\/\/player.vimeo.com\/video\/237132222\" width=\"640\" height=\"359\" frameborder=\"0\" allowfullscreen=\"allowfullscreen\"><\/iframe>[\/vc_column_text][\/vc_column][\/vc_row][vc_row][vc_column extend=&#8221;false&#8221;][vc_column_text css=&#8221;.vc_custom_1507395774950{margin-top: -30000px !important;}&#8221;]<span style=\"text-decoration: underline;\"><em><strong>Videos del libro No quedan ruise\u00f1ores junto al r\u00edo de Luis de la Rosa Fern\u00e1ndez. La <a href=\"http:\/\/edicionesrilke.com\">editorial de poes\u00eda <\/a><a href=\"http:\/\/editorialpoesia.com\">Ediciones rilke<\/a> nos da una muestra del <a href=\"http:\/\/poesiaerestu.com\">libro que acaba de publicar<\/a><\/strong><\/em><\/span><\/p>\n<h1><span style=\"text-decoration: underline;\"><em><strong>Videos del libro No quedan ruise\u00f1ores junto al r\u00edo de Luis de la Rosa Fern\u00e1ndez. La <a href=\"http:\/\/edicionesrilke.com\">editorial de poes\u00eda <\/a><a href=\"http:\/\/editorialpoesia.com\">Ediciones rilke<\/a> nos da una muestra del <a href=\"http:\/\/poesiaerestu.com\">libro que acaba de publicar<\/a><\/strong><\/em><\/span><\/h1>\n<h2><em><strong><img fetchpriority=\"high\" decoding=\"async\" class=\"aligncenter size-medium wp-image-13\" src=\"https:\/\/clubdepoesia.com\/luisdelarosafernandez\/files\/2017\/10\/0_Portadanoquedanruise\u00f1oresenelrio-211x300.jpg\" alt=\"No quedan Ruise\u00f1ores junto al r\u00edo\" width=\"211\" height=\"300\" srcset=\"https:\/\/clubdepoesia.com\/luisdelarosafernandez\/files\/2017\/10\/0_Portadanoquedanruise\u00f1oresenelrio-211x300.jpg 211w, https:\/\/clubdepoesia.com\/luisdelarosafernandez\/files\/2017\/10\/0_Portadanoquedanruise\u00f1oresenelrio.jpg 559w\" sizes=\"(max-width: 211px) 100vw, 211px\" \/>Videos del libro No quedan ruise\u00f1ores junto al r\u00edo de Luis de la Rosa Fern\u00e1ndez. La <a href=\"http:\/\/edicionesrilke.com\">editorial de poes\u00eda <\/a><a href=\"http:\/\/editorialpoesia.com\">Ediciones rilke<\/a> nos da una muestra del <a href=\"http:\/\/poesiaerestu.com\">libro que acaba de publicar<\/a><\/strong><\/em><\/h2>\n<h3><em><strong>Videos del libro No quedan ruise\u00f1ores junto al r\u00edo de Luis de la Rosa Fern\u00e1ndez. La <a href=\"http:\/\/edicionesrilke.com\">editorial de poes\u00eda <\/a><a href=\"http:\/\/editorialpoesia.com\">Ediciones rilke<\/a> nos da una muestra del <a href=\"http:\/\/poesiaerestu.com\">libro que acaba de publicar<\/a><\/strong><\/em><\/h3>\n<h4><em><strong>Videos del libro No quedan ruise\u00f1ores junto al r\u00edo de Luis de la Rosa Fern\u00e1ndez. La <a href=\"http:\/\/edicionesrilke.com\">editorial de poes\u00eda <\/a><a href=\"http:\/\/editorialpoesia.com\">Ediciones rilke<\/a> nos da una muestra del <a href=\"http:\/\/poesiaerestu.com\">libro que acaba de publicar<\/a><\/strong><\/em><\/h4>\n[\/vc_column_text][\/vc_column][\/vc_row]\n<\/div>","protected":false},"excerpt":{"rendered":"<p>[vc_row][vc_column extend=&#8221;false&#8221;][vc_column_text css=&#8221;.vc_custom_1507395749486{margin-top: -30000px !important;}&#8221;]Videos del libro No quedan ruise\u00f1ores junto al r\u00edo de Luis de la Rosa Fern\u00e1ndez. La editorial de poes\u00eda Ediciones rilke nos da una muestra del libro que acaba de publicar Videos del libro No quedan ruise\u00f1ores junto al r\u00edo de Luis de la Rosa Fern\u00e1ndez. La editorial de poes\u00eda Ediciones [&hellip;]<\/p>\n","protected":false},"author":24,"featured_media":0,"parent":0,"menu_order":3,"comment_status":"closed","ping_status":"closed","template":"","meta":{"footnotes":"","_links_to":"","_links_to_target":""},"class_list":["post-69","page","type-page","status-publish","hentry"],"_links":{"self":[{"href":"https:\/\/clubdepoesia.com\/luisdelarosafernandez\/wp-json\/wp\/v2\/pages\/69","targetHints":{"allow":["GET"]}}],"collection":[{"href":"https:\/\/clubdepoesia.com\/luisdelarosafernandez\/wp-json\/wp\/v2\/pages"}],"about":[{"href":"https:\/\/clubdepoesia.com\/luisdelarosafernandez\/wp-json\/wp\/v2\/types\/page"}],"author":[{"embeddable":true,"href":"https:\/\/clubdepoesia.com\/luisdelarosafernandez\/wp-json\/wp\/v2\/users\/24"}],"replies":[{"embeddable":true,"href":"https:\/\/clubdepoesia.com\/luisdelarosafernandez\/wp-json\/wp\/v2\/comments?post=69"}],"version-history":[{"count":0,"href":"https:\/\/clubdepoesia.com\/luisdelarosafernandez\/wp-json\/wp\/v2\/pages\/69\/revisions"}],"wp:attachment":[{"href":"https:\/\/clubdepoesia.com\/luisdelarosafernandez\/wp-json\/wp\/v2\/media?parent=69"}],"curies":[{"name":"wp","href":"https:\/\/api.w.org\/{rel}","templated":true}]}}