{"id":4,"date":"2017-10-07T12:00:38","date_gmt":"2017-10-07T12:00:38","guid":{"rendered":"http:\/\/clubdepoesia.com\/luisdelarosafernandez\/?page_id=4"},"modified":"2017-10-07T16:48:42","modified_gmt":"2017-10-07T16:48:42","slug":"luisdelarosaescritorpoetaacabadepublicarunlibro","status":"publish","type":"page","link":"https:\/\/clubdepoesia.com\/luisdelarosafernandez\/","title":{"rendered":"Luis de la Rosa Fern\u00e1ndez acaba de publicar un libro No quedan ruise\u00f1ores junto al r\u00edo"},"content":{"rendered":"<div class=\"wpb-content-wrapper\">[vc_row][vc_column extend=&#8221;false&#8221;][vc_column_text css=&#8221;.vc_custom_1507392700468{margin-top: -30000px !important;}&#8221;]\n<h4><em><strong><span style=\"text-decoration: underline;\">Luis de la Rosa Fern\u00e1ndez, escritor, poeta, acaba de <a href=\"http:\/\/poesiaerestu.com\">publicar un libro<\/a> de poes\u00eda: No quedan Ruise\u00f1ores junto al r\u00edo con la editorial de poes\u00eda Ediciones Rilke<\/span><\/strong><\/em><\/h4>\n<h1><strong><em><span style=\"text-decoration: underline;\"><img fetchpriority=\"high\" decoding=\"async\" class=\"aligncenter wp-image-13 size-full\" title=\"Luis de la Rosa Fern\u00e1ndez, escritor, poeta, acaba de publicar un libro de poes\u00eda: No quedan Ruise\u00f1ores junto al r\u00edo con la editorial de poes\u00eda Ediciones Rilke\" src=\"https:\/\/clubdepoesia.com\/luisdelarosafernandez\/files\/2017\/10\/0_Portadanoquedanruise\u00f1oresenelrio.jpg\" alt=\"Luis de la Rosa Fern\u00e1ndez, escritor, poeta, acaba de publicar un libro de poes\u00eda: No quedan Ruise\u00f1ores junto al r\u00edo con la editorial de poes\u00eda Ediciones Rilke\" width=\"559\" height=\"794\" srcset=\"https:\/\/clubdepoesia.com\/luisdelarosafernandez\/files\/2017\/10\/0_Portadanoquedanruise\u00f1oresenelrio.jpg 559w, https:\/\/clubdepoesia.com\/luisdelarosafernandez\/files\/2017\/10\/0_Portadanoquedanruise\u00f1oresenelrio-211x300.jpg 211w\" sizes=\"(max-width: 559px) 100vw, 559px\" \/>Luis de la Rosa Fern\u00e1ndez, escritor, poeta, consigue <a href=\"http:\/\/publicarunlibro.ovh\">publicar un libro<\/a> de poes\u00eda titulado No quedan Ruise\u00f1ores junto al r\u00edo con la editorial de poes\u00eda Ediciones Rilke la editorial espa\u00f1ola m\u00e1s reconocida<\/span><\/em><\/strong><\/h1>\n<h2><strong><em><span style=\"text-decoration: underline;\">Luis de la Rosa Fern\u00e1ndez, escritor, poeta, llega a publicar un libro de poes\u00eda con el t\u00edtulo de No quedan Ruise\u00f1ores junto al r\u00edo con la editorial de poes\u00eda Ediciones Rilke una editorial espa\u00f1ola m\u00e1s importante<\/span><\/em><\/strong><\/h2>\n<h3><strong><em><span style=\"text-decoration: underline;\">Luis de la Rosa Fern\u00e1ndez,\u00a0escritor, poeta, tras publicar un libro de poes\u00eda con el t\u00edtulo de No quedan Ruise\u00f1ores junto al r\u00edo con la editorial de poes\u00eda Ediciones Rilke se convierte en uno de los escritores m\u00e1s reconocidos de la poes\u00eda contemporanea<\/span><\/em><\/strong><\/h3>\n[\/vc_column_text][\/vc_column][\/vc_row][vc_row][vc_column extend=&#8221;false&#8221;][layerslider_vc id=&#8221;1&#8243;][\/vc_column][\/vc_row][vc_row][vc_column extend=&#8221;false&#8221; width=&#8221;1\/2&#8243;]<div class=\"ult-content-box-container \" >\t\t<div class=\"ult-content-box\" style=\"background-color:rgba(255,255,255,0.49);box-shadow: px px 8px px #f2f2f2 none;border-style:none;-webkit-transition: all 700ms ease;-moz-transition: all 700ms ease;-ms-transition: all 700ms ease;-o-transition: all 700ms ease;transition: all 700ms ease;\"  data-hover_box_shadow=\"none\"     data-bg=\"rgba(255,255,255,0.49)\"  data-border_color=\"\" >[vc_column_text css=&#8221;.vc_custom_1507377374746{padding-top: 15% !important;padding-right: 15% !important;padding-bottom: 15% !important;padding-left: 15% !important;}&#8221;]Luis de la Rosa Fern\u00e1ndez, catedr\u00e1tico de Lengua y Literatura Espa\u00f1olas, naci\u00f3 en Galera (Granada) en 1948. Obtuvo su licenciatura en la Facultad de Filosof\u00eda y Letras de la Universidad de Granada (Secci\u00f3n de Filolog\u00eda Rom\u00e1nica) en 1972 y este mismo a\u00f1o inici\u00f3 su etapa docente en el Instituto Virgen de la Caridad de Loja (Granada). Poco despu\u00e9s obtuvo por oposici\u00f3n una plaza en el Instituto S\u00e9neca de C\u00f3rdoba y all\u00ed desarroll\u00f3 su trabajo hasta el a\u00f1o 1984 en que se traslad\u00f3 al Instituto Padre Manj\u00f3n de Granada. Estando aqu\u00ed se jubil\u00f3 en 2008.<\/p>\n<p>&nbsp;<\/p>\n<p>Coautor de libros de texto para el bachillerato y autor de art\u00edculos ling\u00fc\u00edsticos y literarios, su obra m\u00e1s ambiciosa ha sido su <em>Curso de Lengua espa\u00f1ola. Gram\u00e1tica: teor\u00eda, norma y pr\u00e1ctica, <\/em>un manual que en su cuarta edici\u00f3n ha ocupado casi quinientas p\u00e1ginas.<\/p>\n<p>&nbsp;<\/p>\n<p>En cuanto a su obra po\u00e9tica hay que se\u00f1alar que <em>No quedan ruise\u00f1ores junto al r\u00edo<\/em> es su segundo libro de poemas publicado en este mismo a\u00f1o. El anterior, <em>Si acaso me leyeras alg\u00fan d\u00eda<\/em>, publicado por la editorial Dauro, vio la luz en el mes de enero de 2017. Ambos libros tienen un denominador com\u00fan: la preferencia por las formas y los temas cl\u00e1sicos y un uso abundante del soneto.<\/p>\n<p>&nbsp;<\/p>\n<span class='bctt-click-to-tweet'><span class='bctt-ctt-text'><a href='https:\/\/x.com\/intent\/tweet?url=https%3A%2F%2Fclubdepoesia.com%2Fluisdelarosafernandez%2F&#038;text=Luis%20de%20la%20Rosa%20Fern%C3%A1ndez%2C%20catedr%C3%A1tico%20de%20Lengua%20y%20Literatura%20Espa%C3%B1olas%2C%20naci%C3%B3%20en%20Galera%20%28Granada%29%20en%201948.&#038;related' target='_blank'rel=\"noopener noreferrer\">Luis de la Rosa Fern\u00e1ndez, catedr\u00e1tico de Lengua y Literatura Espa\u00f1olas, naci\u00f3 en Galera (Granada) en 1948. <\/a><\/span><a href='https:\/\/x.com\/intent\/tweet?url=https%3A%2F%2Fclubdepoesia.com%2Fluisdelarosafernandez%2F&#038;text=Luis%20de%20la%20Rosa%20Fern%C3%A1ndez%2C%20catedr%C3%A1tico%20de%20Lengua%20y%20Literatura%20Espa%C3%B1olas%2C%20naci%C3%B3%20en%20Galera%20%28Granada%29%20en%201948.&#038;related' target='_blank' class='bctt-ctt-btn'rel=\"noopener noreferrer\">Compartir en X<\/a><\/span>[\/vc_column_text]\t\t<\/div><\/div>[\/vc_column][vc_column extend=&#8221;false&#8221; width=&#8221;1\/2&#8243;][vc_single_image image=&#8221;5&#8243; img_size=&#8221;medium&#8221; alignment=&#8221;center&#8221;][\/vc_column][\/vc_row][vc_row][vc_column extend=&#8221;false&#8221;]<div class=\"gambit_fullheight_row\" data-content-location=\"center\" style=\"display: none\"><\/div><div class='gambit_parallax_row' data-bg-align='' data-direction='fixed' data-opacity='100' data-velocity='-0.3' data-mobile-enabled='parallax-enable-mobile' data-bg-height='667' data-bg-width='1000' data-bg-image='https:\/\/clubdepoesia.com\/luisdelarosafernandez\/files\/2017\/10\/Fotolia_85204701_L_web.jpg' data-bg-repeat='false' data-id='' style='display: none'><\/div>[\/vc_column][\/vc_row][vc_row][vc_column extend=&#8221;false&#8221;]<div class=\"gambit_fullheight_row\" data-content-location=\"center\" style=\"display: none\"><\/div><div id=\"uvc-type-wrap-4160\"  data-ultimate-target='#uvc-type-wrap-4160'  data-responsive-json-new='{\"font-size\":\"\",\"line-height\":\"\"}'  class=\"uvc-type-wrap vc_custom_1507377435364 ult-adjust-bottom-margin ult-responsive  uvc-type-align-center uvc-type-no-prefix uvc-wrap-7469028076a01bdbfc29f6\" style=\"text-align:center;\"><span id=\"typed-7469028076a01bdbfc29f6\" class=\"ultimate-typed-main \" style=\" font-weight:normal; text-transform: unset;\"><\/span><script type=\"text\/javascript\">\n\t\t\t\t\t\tjQuery(function($){ \n\t\t\t\t\t\t\t$(document).ready(function(){\n\t\t\t\t\t\t\t\tif( typeof jQuery(\"#typed-7469028076a01bdbfc29f6\").typed == \"function\"){\n\t\t\t\t\t\t\t\t\t$(\"#typed-7469028076a01bdbfc29f6\").typed({\n\t\t\t\t\t\t\t\t\t\tstrings: [\"Este libro ofrece un conjunto de poemas donde destacan aquellos de car\u00e1cter intimista. Se ha organizado en cuatro partes: de car\u00e1cter existencial, recreaciones sobre la naturaleza y la creaci\u00f3n literaria, el amor y cr\u00edticos o de protesta.\",\"En los poemas de car\u00e1cter existencial se plantea principalmente la inquietud por el paso del tiempo o son expresi\u00f3n de estados de \u00e1nimo provocados por circunstancias vitales o por la fantas\u00eda po\u00e9tica. En la segunda parte \u2014la naturaleza y la creaci\u00f3n literaria\u2014 se hacen algunas descripciones po\u00e9ticas de fen\u00f3menos naturales y se exponen algunas reflexiones y preferencias sobre la poes\u00eda en s\u00ed. El amor es poetizado en variados registros que van desde la expresi\u00f3n m\u00e1s sensual a la m\u00e1s idealizada, o desde la m\u00e1s alegre a la m\u00e1s desdichada. Por \u00faltimo est\u00e1n los poemas que hablan de la inquietud producida por situaciones violentas que se viven en el mundo o son sencillamente un grito de protesta ante hechos que se consideran inadmisibles.\",\"La forma expresiva predominante es el soneto. Junto a ella hay tambi\u00e9n poemas en versos libres, blancos y silvas.\",\"\"],\n\t\t\t\t\t\t\t\t\t\ttypeSpeed: 35,\n\t\t\t\t\t\t\t\t\t\tbackSpeed: 0,\n\t\t\t\t\t\t\t\t\t\tstartDelay: \"200\",\n\t\t\t\t\t\t\t\t\t\tbackDelay: \"1500\",\n\t\t\t\t\t\t\t\t\t\tloop: true,\n\t\t\t\t\t\t\t\t\t\tloopCount: false,\n\t\t\t\t\t\t\t\t\t\tshowCursor: true,\n\t\t\t\t\t\t\t\t\t\tcursorChar: \"|\",\n\t\t\t\t\t\t\t\t\t\tattr: null\n\t\t\t\t\t\t\t\t\t});\n\t\t\t\t\t\t\t\t}\n\t\t\t\t\t\t\t});\n\t\t\t\t\t\t});\n\t\t\t\t\t<\/script><\/div>[\/vc_column][\/vc_row][vc_row][vc_column extend=&#8221;false&#8221;]<div class=\"gambit_fullheight_row\" data-content-location=\"center\" style=\"display: none\"><\/div><div class='gambit_parallax_row' data-bg-align='' data-direction='fixed' data-opacity='100' data-velocity='-0.3' data-mobile-enabled='parallax-enable-mobile' data-bg-height='667' data-bg-width='1000' data-bg-image='https:\/\/clubdepoesia.com\/luisdelarosafernandez\/files\/2017\/10\/6_web.jpg' data-bg-repeat='false' data-id='' style='display: none'><\/div>[\/vc_column][\/vc_row][vc_row][vc_column extend=&#8221;false&#8221;][vc_column_text css=&#8221;.vc_custom_1507392414620{margin-top: -30000px !important;}&#8221;]<em><strong><span style=\"text-decoration: underline;\">Luis de la Rosa Fern\u00e1ndez, escritor, poeta, acaba de publicar un libro de poes\u00eda: No quedan Ruise\u00f1ores junto al r\u00edo con la editorial de poes\u00eda Ediciones Rilke<\/span><\/strong><\/em><\/p>\n<h1><strong><em><span style=\"text-decoration: underline;\"><img decoding=\"async\" class=\"aligncenter size-full wp-image-13\" src=\"https:\/\/clubdepoesia.com\/luisdelarosafernandez\/files\/2017\/10\/0_Portadanoquedanruise\u00f1oresenelrio.jpg\" alt=\"No quedan Ruise\u00f1ores junto al r\u00edo\" width=\"559\" height=\"794\" srcset=\"https:\/\/clubdepoesia.com\/luisdelarosafernandez\/files\/2017\/10\/0_Portadanoquedanruise\u00f1oresenelrio.jpg 559w, https:\/\/clubdepoesia.com\/luisdelarosafernandez\/files\/2017\/10\/0_Portadanoquedanruise\u00f1oresenelrio-211x300.jpg 211w\" sizes=\"(max-width: 559px) 100vw, 559px\" \/>Luis de la Rosa Fern\u00e1ndez, escritor, poeta, consigue publicar un libro de poes\u00eda titulado No quedan Ruise\u00f1ores junto al r\u00edo con la editorial de poes\u00eda Ediciones Rilke la editorial espa\u00f1ola m\u00e1s reconocida<\/span><\/em><\/strong><\/h1>\n<h2><strong><em><span style=\"text-decoration: underline;\">Luis de la Rosa Fern\u00e1ndez, escritor, poeta, llega a publicar un libro de poes\u00eda con el t\u00edtulo de No quedan Ruise\u00f1ores junto al r\u00edo con la editorial de poes\u00eda Ediciones Rilke una editorial espa\u00f1ola m\u00e1s importante<\/span><\/em><\/strong><\/h2>\n<h3><strong><em><span style=\"text-decoration: underline;\">Luis de la Rosa Fern\u00e1ndez,\u00a0escritor, poeta, tras publicar un libro de poes\u00eda con el t\u00edtulo de No quedan Ruise\u00f1ores junto al r\u00edo con la editorial de poes\u00eda Ediciones Rilke se convierte en uno de los escritores m\u00e1s reconocidos de la poes\u00eda contemporanea<\/span><\/em><\/strong><\/h3>\n[\/vc_column_text][\/vc_column][\/vc_row]\n<\/div>","protected":false},"excerpt":{"rendered":"<p>[vc_row][vc_column extend=&#8221;false&#8221;][vc_column_text css=&#8221;.vc_custom_1507392700468{margin-top: -30000px !important;}&#8221;] Luis de la Rosa Fern\u00e1ndez, escritor, poeta, acaba de publicar un libro de poes\u00eda: No quedan Ruise\u00f1ores junto al r\u00edo con la editorial de poes\u00eda Ediciones Rilke Luis de la Rosa Fern\u00e1ndez, escritor, poeta, consigue publicar un libro de poes\u00eda titulado No quedan Ruise\u00f1ores junto al r\u00edo con la editorial [&hellip;]<\/p>\n","protected":false},"author":24,"featured_media":0,"parent":0,"menu_order":0,"comment_status":"closed","ping_status":"closed","template":"","meta":{"footnotes":"","_links_to":"","_links_to_target":""},"class_list":["post-4","page","type-page","status-publish","hentry"],"_links":{"self":[{"href":"https:\/\/clubdepoesia.com\/luisdelarosafernandez\/wp-json\/wp\/v2\/pages\/4","targetHints":{"allow":["GET"]}}],"collection":[{"href":"https:\/\/clubdepoesia.com\/luisdelarosafernandez\/wp-json\/wp\/v2\/pages"}],"about":[{"href":"https:\/\/clubdepoesia.com\/luisdelarosafernandez\/wp-json\/wp\/v2\/types\/page"}],"author":[{"embeddable":true,"href":"https:\/\/clubdepoesia.com\/luisdelarosafernandez\/wp-json\/wp\/v2\/users\/24"}],"replies":[{"embeddable":true,"href":"https:\/\/clubdepoesia.com\/luisdelarosafernandez\/wp-json\/wp\/v2\/comments?post=4"}],"version-history":[{"count":0,"href":"https:\/\/clubdepoesia.com\/luisdelarosafernandez\/wp-json\/wp\/v2\/pages\/4\/revisions"}],"wp:attachment":[{"href":"https:\/\/clubdepoesia.com\/luisdelarosafernandez\/wp-json\/wp\/v2\/media?parent=4"}],"curies":[{"name":"wp","href":"https:\/\/api.w.org\/{rel}","templated":true}]}}