{"id":64,"date":"2018-01-06T12:12:15","date_gmt":"2018-01-06T12:12:15","guid":{"rendered":"https:\/\/clubdepoesia.com\/lauramondelogarcia\/?page_id=64"},"modified":"2018-01-06T12:18:22","modified_gmt":"2018-01-06T12:18:22","slug":"poesia","status":"publish","type":"page","link":"https:\/\/clubdepoesia.com\/lauramondelogarcia\/poesia\/","title":{"rendered":"Poes\u00eda"},"content":{"rendered":"<div class=\"wpb-content-wrapper\">[vc_row][vc_column extend=&#8221;false&#8221;][vc_column_text css=&#8221;.vc_custom_1515241094830{margin-top: -30000px !important;}&#8221;]<span style=\"text-decoration: underline;\"><em><strong>Poes\u00eda del libro DE ELLA. de LAURA MONDELO GARC\u00cdA. El autor nos da una muestra tras <a href=\"http:\/\/poesiaerestu.com\">publicar un libro<\/a>.<\/strong><\/em><\/span><\/p>\n<h1><span style=\"text-decoration: underline;\"><em><strong><img decoding=\"async\" class=\"alignleft size-full wp-image-24\" src=\"https:\/\/clubdepoesia.com\/lauramondelogarcia\/files\/2018\/01\/0_portadadeella-1.jpg\" alt=\"DE ELLA Laura Mondelo Garc\u00eda\" width=\"104\" height=\"148\" \/>Poes\u00eda del libro DE ELLA. de LAURA MONDELO GARC\u00cdA. El autor nos da una muestra tras <a href=\"https:\/\/agenciadellibro.com\">publicar un libro<\/a>.<\/strong><\/em><\/span><\/h1>\n<h2><span style=\"text-decoration: underline;\"><em><strong>Poes\u00eda del libro DE ELLA. de LAURA MONDELO GARC\u00cdA. El autor nos da una muestra tras <a href=\"http:\/\/edicionesmaniel.com\">publicar un libro<\/a>.<\/strong><\/em><\/span><\/h2>\n<h3><span style=\"text-decoration: underline;\"><em><strong>Poes\u00eda del libro <a href=\"https:\/\/clubdepoesia.com\/lauramondelogarcia\/17-2\/\">DE ELLA<\/a>. de LAURA MONDELO GARC\u00cdA. El autor nos da una muestra tras <a href=\"http:\/\/edicionesrilke.com\">publicar un libro<\/a>.<\/strong><\/em><\/span><\/h3>\n<h4><span style=\"text-decoration: underline;\"><em><strong>Poes\u00eda del libro DE ELLA. de LAURA MONDELO GARC\u00cdA. El autor nos da una muestra tras <a href=\"http:\/\/edicionesazorin.com\">publicar un libro<\/a>.<\/strong><\/em><\/span><\/h4>\n[\/vc_column_text][\/vc_column][\/vc_row][vc_row][vc_column extend=&#8221;false&#8221;]<div class='gambit_parallax_row' data-bg-align='' data-direction='fixed' data-opacity='100' data-velocity='-0.3' data-mobile-enabled='' data-bg-height='768' data-bg-width='1157' data-bg-image='https:\/\/clubdepoesia.com\/lauramondelogarcia\/files\/2018\/01\/lacie-slezak-128106.jpg' data-bg-repeat='false' data-id='' style='display: none'><\/div><div class=\"gambit_fullheight_row\" data-content-location=\"center\" style=\"display: none\"><\/div>[\/vc_column][\/vc_row][vc_row][vc_column extend=&#8221;false&#8221;][vc_column_text]\n<h1><strong>Vida, tan s\u00f3lo<\/strong><\/h1>\n<p>&nbsp;<\/p>\n<p>Ni musa, ni pena, ni motivo; vida tan s\u00f3lo. Un ser, infinitivo ser social acomplejado, fortalecido, indiferente, perdido, vac\u00edo, incapaz de quedarse totalmente en el molde que se supone es a medida; no al menos all\u00ed donde los recuerdos van a morir y se almacenan.<br \/>\nA la espera de despegarse, otra vez, sin retorno, a sabiendas de que esas coordenadas no fueron todo lo que esperar encontrar, pero all\u00ed las dudas.<\/p>\n<p>&nbsp;<\/p>\n<p>&nbsp;<\/p>\n<span class='bctt-click-to-tweet'><span class='bctt-ctt-text'><a href='https:\/\/x.com\/intent\/tweet?url=https%3A%2F%2Fclubdepoesia.com%2Flauramondelogarcia%2Fpoesia%2F&#038;text=Vida%2C%20tan%20s%C3%B3lo%20del%20libro%20DE%20ELLA%20de%20Laura%20Mondelo&#038;via=poesiaerestu&#038;related=poesiaerestu' target='_blank'rel=\"noopener noreferrer\">Vida, tan s\u00f3lo del libro DE ELLA de Laura Mondelo <\/a><\/span><a href='https:\/\/x.com\/intent\/tweet?url=https%3A%2F%2Fclubdepoesia.com%2Flauramondelogarcia%2Fpoesia%2F&#038;text=Vida%2C%20tan%20s%C3%B3lo%20del%20libro%20DE%20ELLA%20de%20Laura%20Mondelo&#038;via=poesiaerestu&#038;related=poesiaerestu' target='_blank' class='bctt-ctt-btn'rel=\"noopener noreferrer\">Compartir en X<\/a><\/span>[\/vc_column_text][\/vc_column][\/vc_row][vc_row][vc_column extend=&#8221;false&#8221;]<div class='gambit_parallax_row' data-bg-align='' data-direction='fixed' data-opacity='100' data-velocity='-0.3' data-mobile-enabled='' data-bg-height='768' data-bg-width='1156' data-bg-image='https:\/\/clubdepoesia.com\/lauramondelogarcia\/files\/2018\/01\/28.jpg' data-bg-repeat='false' data-id='' style='display: none'><\/div><div class=\"gambit_fullheight_row\" data-content-location=\"center\" style=\"display: none\"><\/div>[\/vc_column][\/vc_row][vc_row][vc_column extend=&#8221;false&#8221;][vc_column_text]\n<h1><strong>Opcional<\/strong><\/h1>\n<p>&nbsp;<\/p>\n<p>Como la vida.<br \/>\nNo decide el loco sobre su propia cordura, es otro totalmente ajeno a su mente, condicionado por los presupuestos fijados de entereza y salud social; quien le condena por tener la capacidad de escuchar lo que nadie m\u00e1s escucha, observar lo que otros no se atreven a admitir y atreverse a ser juzgado por su propia condici\u00f3n de realidad, siendo consciente.<br \/>\nNing\u00fan ser humano. Nadie. Comprende lo que ronda en el exterior, son reglas, tratados de c\u00f3mo encajar y no desentonar lo suficiente; cercados mentales e incluso f\u00edsicos.<br \/>\nQu\u00e9 importa.<br \/>\nContinuar arrastrando acero, es g\u00e9lido, hasta la costumbre; olvidas que existe una llave; o m\u00e1s bien, sabes que el precio de la cerradura abierta te encomienda por todos a la represi\u00f3n, la locura, la ignorancia social\u2026<br \/>\nSer vagabundo o ser turista, qu\u00e9 importa.<br \/>\nTodos atados, todos huyendo, todos buscando, todos seminconscientes; lejos.<\/p>\n<p>&nbsp;<\/p>\n<p>&nbsp;<\/p>\n<p>&nbsp;<\/p>\n<span class='bctt-click-to-tweet'><span class='bctt-ctt-text'><a href='https:\/\/x.com\/intent\/tweet?url=https%3A%2F%2Fclubdepoesia.com%2Flauramondelogarcia%2Fpoesia%2F&#038;text=Opcional%20del%20libro%20DE%20ELLA%20de%20Laura%20Mondelo&#038;via=poesiaerestu&#038;related=poesiaerestu' target='_blank'rel=\"noopener noreferrer\">Opcional del libro DE ELLA de Laura Mondelo <\/a><\/span><a href='https:\/\/x.com\/intent\/tweet?url=https%3A%2F%2Fclubdepoesia.com%2Flauramondelogarcia%2Fpoesia%2F&#038;text=Opcional%20del%20libro%20DE%20ELLA%20de%20Laura%20Mondelo&#038;via=poesiaerestu&#038;related=poesiaerestu' target='_blank' class='bctt-ctt-btn'rel=\"noopener noreferrer\">Compartir en X<\/a><\/span>[\/vc_column_text][\/vc_column][\/vc_row][vc_row][vc_column extend=&#8221;false&#8221;]<div class='gambit_parallax_row' data-bg-align='' data-direction='fixed' data-opacity='100' data-velocity='-0.3' data-mobile-enabled='' data-bg-height='768' data-bg-width='1147' data-bg-image='https:\/\/clubdepoesia.com\/lauramondelogarcia\/files\/2018\/01\/amador-loureiro-779-Medium.jpg' data-bg-repeat='false' data-id='' style='display: none'><\/div><div class=\"gambit_fullheight_row\" data-content-location=\"center\" style=\"display: none\"><\/div>[\/vc_column][\/vc_row][vc_row][vc_column extend=&#8221;false&#8221;][vc_column_text]\n<h1>\u00a1<strong>Para!<\/strong><\/h1>\n<h1><strong>\u00a0<\/strong><\/h1>\n<p>Qu\u00e9 torrente de personas, de lugares; la naturaleza de cemento, humo, suspiros, prisa, presi\u00f3n, anhelo por llegar en alg\u00fan momento; creer que la felicidad es la excusa por la que volver a casa y encontrar el panorama ciego de la red social en forma de artificialidad; desvariar acerca de conspiraciones que nunca llegar\u00edas a sospechar; entretenerse mirando arriba o abajo, a las magn\u00edficas creaciones de hormig\u00f3n ornamentadas imitando lo vegetal que han destruido previamente, jocoso; un olor nauseabundo, mezclado con el de un plato, o bebida que nunca podr\u00e1s degustar, t\u00fa debes seguir, respira, esquiva, tranquil\u00edzate, no hay prisa te dicen, pero siempre existe en el paso; pasas esquivando miradas o busc\u00e1ndolas, pero nunca; entret\u00e9n tu necesidad de acumulaci\u00f3n, gris, color, negro o blanco, lino, cuero, lana, zapatos, sandalias, temperatura; deber mental, tarea, obligaci\u00f3n, castigo, rememorar, \u00a1para! \u00bfQu\u00e9 buscas? \u00bfQu\u00e9 no encuentras?<\/p>\n<p>&nbsp;<\/p>\n<span class='bctt-click-to-tweet'><span class='bctt-ctt-text'><a href='https:\/\/x.com\/intent\/tweet?url=https%3A%2F%2Fclubdepoesia.com%2Flauramondelogarcia%2Fpoesia%2F&#038;text=%C2%A1Para%21%20del%20libro%20De%20Ella%20de%20Laura%20Mondelo&#038;via=poesiaerestu&#038;related=poesiaerestu' target='_blank'rel=\"noopener noreferrer\">\u00a1Para! del libro De Ella de Laura Mondelo <\/a><\/span><a href='https:\/\/x.com\/intent\/tweet?url=https%3A%2F%2Fclubdepoesia.com%2Flauramondelogarcia%2Fpoesia%2F&#038;text=%C2%A1Para%21%20del%20libro%20De%20Ella%20de%20Laura%20Mondelo&#038;via=poesiaerestu&#038;related=poesiaerestu' target='_blank' class='bctt-ctt-btn'rel=\"noopener noreferrer\">Compartir en X<\/a><\/span>[\/vc_column_text][\/vc_column][\/vc_row][vc_row][vc_column extend=&#8221;false&#8221;]<div class='gambit_parallax_row' data-bg-align='' data-direction='fixed' data-opacity='100' data-velocity='-0.3' data-mobile-enabled='' data-bg-height='768' data-bg-width='1152' data-bg-image='https:\/\/clubdepoesia.com\/lauramondelogarcia\/files\/2018\/01\/34.jpg' data-bg-repeat='false' data-id='' style='display: none'><\/div><div class=\"gambit_fullheight_row\" data-content-location=\"center\" style=\"display: none\"><\/div>[\/vc_column][\/vc_row][vc_row][vc_column extend=&#8221;false&#8221;][vc_column_text]\n<h1><strong>Imborrable<\/strong><\/h1>\n<p>&nbsp;<\/p>\n<p>Bailo con los recuerdos del ayer, de forma gr\u00e1cil, sin tropezar y sin dolor.<br \/>\nUna pregunta continua, una decisi\u00f3n a tiempo, correcta.<\/p>\n<p>Hay melancol\u00edas inexplicables, que nunca mueren, que forman parte de una esencia, propia, intachable, que arde;<\/p>\n<p>Imborrable.<\/p>\n<p>&nbsp;<\/p>\n<p>&nbsp;<\/p>\n<p>&nbsp;<\/p>\n<p>&nbsp;<\/p>\n<span class='bctt-click-to-tweet'><span class='bctt-ctt-text'><a href='https:\/\/x.com\/intent\/tweet?url=https%3A%2F%2Fclubdepoesia.com%2Flauramondelogarcia%2Fpoesia%2F&#038;text=Imborrable%20del%20libro%20DE%20ELLA%20de%20Laura%20Mondelo&#038;via=poesiaerestu&#038;related=poesiaerestu' target='_blank'rel=\"noopener noreferrer\">Imborrable del libro DE ELLA de Laura Mondelo <\/a><\/span><a href='https:\/\/x.com\/intent\/tweet?url=https%3A%2F%2Fclubdepoesia.com%2Flauramondelogarcia%2Fpoesia%2F&#038;text=Imborrable%20del%20libro%20DE%20ELLA%20de%20Laura%20Mondelo&#038;via=poesiaerestu&#038;related=poesiaerestu' target='_blank' class='bctt-ctt-btn'rel=\"noopener noreferrer\">Compartir en X<\/a><\/span>[\/vc_column_text][\/vc_column][\/vc_row][vc_row][vc_column extend=&#8221;false&#8221;]<div class='gambit_parallax_row' data-bg-align='' data-direction='fixed' data-opacity='100' data-velocity='-0.3' data-mobile-enabled='' data-bg-height='768' data-bg-width='1152' data-bg-image='https:\/\/clubdepoesia.com\/lauramondelogarcia\/files\/2018\/01\/6liebveafry-edwin-andrade.jpg' data-bg-repeat='false' data-id='' style='display: none'><\/div><div class=\"gambit_fullheight_row\" data-content-location=\"center\" style=\"display: none\"><\/div>[\/vc_column][\/vc_row][vc_row][vc_column extend=&#8221;false&#8221;][vc_column_text css=&#8221;.vc_custom_1515240197421{margin-top: -30000px !important;}&#8221;]<span style=\"text-decoration: underline;\"><em><strong>Poes\u00eda del libro DE ELLA. de LAURA MONDELO GARC\u00cdA. El autor nos da una muestra tras <a href=\"http:\/\/poesiaerestu.com\">publicar un libro<\/a>.<\/strong><\/em><\/span><\/p>\n<h1><span style=\"text-decoration: underline;\"><em><strong>Poes\u00eda del libro DE ELLA. de LAURA MONDELO GARC\u00cdA. El autor nos da una muestra tras <a href=\"https:\/\/agenciadellibro.com\">publicar un libro<\/a>.<\/strong><\/em><\/span><\/h1>\n<h2><span style=\"text-decoration: underline;\"><em><strong>Poes\u00eda del libro DE ELLA. de LAURA MONDELO GARC\u00cdA. El autor nos da una muestra tras <a href=\"http:\/\/edicionesmaniel.com\">publicar un libro<\/a>.<\/strong><\/em><\/span><\/h2>\n<h3><span style=\"text-decoration: underline;\"><em><strong>Poes\u00eda del libro DE ELLA. de LAURA MONDELO GARC\u00cdA. El autor nos da una muestra tras <a href=\"http:\/\/edicionesrilke.com\">publicar un libro<\/a>.<\/strong><\/em><\/span><\/h3>\n<h4><span style=\"text-decoration: underline;\"><em><strong>Poes\u00eda del libro DE ELLA. de LAURA MONDELO GARC\u00cdA. El autor nos da una muestra tras <a href=\"http:\/\/edicionesazorin.com\">publicar un libro<\/a>.<\/strong><\/em><\/span><\/h4>\n[\/vc_column_text][\/vc_column][\/vc_row]\n<\/div>","protected":false},"excerpt":{"rendered":"<p>[vc_row][vc_column extend=&#8221;false&#8221;][vc_column_text css=&#8221;.vc_custom_1515241094830{margin-top: -30000px !important;}&#8221;]Poes\u00eda del libro DE ELLA. de LAURA MONDELO GARC\u00cdA. El autor nos da una muestra tras publicar un libro. Poes\u00eda del libro DE ELLA. de LAURA MONDELO GARC\u00cdA. El autor nos da una muestra tras publicar un libro. Poes\u00eda del libro DE ELLA. de LAURA MONDELO GARC\u00cdA. El autor nos da [&hellip;]<\/p>\n","protected":false},"author":24,"featured_media":0,"parent":0,"menu_order":3,"comment_status":"closed","ping_status":"closed","template":"","meta":{"footnotes":"","_links_to":"","_links_to_target":""},"class_list":["post-64","page","type-page","status-publish","hentry"],"_links":{"self":[{"href":"https:\/\/clubdepoesia.com\/lauramondelogarcia\/wp-json\/wp\/v2\/pages\/64","targetHints":{"allow":["GET"]}}],"collection":[{"href":"https:\/\/clubdepoesia.com\/lauramondelogarcia\/wp-json\/wp\/v2\/pages"}],"about":[{"href":"https:\/\/clubdepoesia.com\/lauramondelogarcia\/wp-json\/wp\/v2\/types\/page"}],"author":[{"embeddable":true,"href":"https:\/\/clubdepoesia.com\/lauramondelogarcia\/wp-json\/wp\/v2\/users\/24"}],"replies":[{"embeddable":true,"href":"https:\/\/clubdepoesia.com\/lauramondelogarcia\/wp-json\/wp\/v2\/comments?post=64"}],"version-history":[{"count":0,"href":"https:\/\/clubdepoesia.com\/lauramondelogarcia\/wp-json\/wp\/v2\/pages\/64\/revisions"}],"wp:attachment":[{"href":"https:\/\/clubdepoesia.com\/lauramondelogarcia\/wp-json\/wp\/v2\/media?parent=64"}],"curies":[{"name":"wp","href":"https:\/\/api.w.org\/{rel}","templated":true}]}}