{"id":17,"date":"2018-01-06T11:43:12","date_gmt":"2018-01-06T11:43:12","guid":{"rendered":"https:\/\/clubdepoesia.com\/lauramondelogarcia\/?page_id=17"},"modified":"2018-01-06T11:54:01","modified_gmt":"2018-01-06T11:54:01","slug":"17-2","status":"publish","type":"page","link":"https:\/\/clubdepoesia.com\/lauramondelogarcia\/17-2\/","title":{"rendered":"DE ELLA libro de poes\u00eda de Laura Mondelo Garc\u00eda"},"content":{"rendered":"<div class=\"wpb-content-wrapper\">[vc_row][vc_column extend=&#8221;false&#8221;][vc_column_text css=&#8221;.vc_custom_1515239453528{margin-top: -30000px !important;}&#8221;]<em><strong><span style=\"text-decoration: underline;\">DE ELLA es el libro de poes\u00eda escrito por la poeta y escritora Laura Mondelo Garc\u00eda, una de los escritoras espa\u00f1oles m\u00e1s prometedores de la poes\u00eda contemporanea. La Editorial poes\u00eda eres t\u00fa ha <a href=\"http:\/\/poesiaerestu.com\">publicado su libro<\/a>.<\/span><\/strong><\/em><\/p>\n<h1><em><strong><img decoding=\"async\" class=\"alignleft size-full wp-image-5\" src=\"https:\/\/clubdepoesia.com\/lauramondelogarcia\/files\/2018\/01\/0_portadadeella.jpg\" alt=\"Laura Mondelo Garc\u00eda acaba de publicar un libro: De ella\" width=\"104\" height=\"148\" \/>DE ELLA es el <a href=\"https:\/\/librodepoesia.com\">libro de poes\u00eda<\/a> escrito por la poeta y escritora LAURA MONDELO GARC\u00cdA, una de los escritoras espa\u00f1olas m\u00e1s prometedores de la poes\u00eda contemporanea. La Editorial poes\u00eda eres t\u00fa ha <a href=\"http:\/\/poesiaerestu.com\">publicado su libro<\/a>.<\/strong><\/em><\/h1>\n<h2><em><strong>DE ELLA es el libro de poes\u00eda escrito por la poeta y escritora LAURA MONDELO GARC\u00cdA, una de los escritoras espa\u00f1olas m\u00e1s prometedores de la poes\u00eda contemporanea. La Editorial poes\u00eda eres t\u00fa ha <a href=\"https:\/\/agenciadellibro.com\">publicado su libro<\/a>.<\/strong><\/em><\/h2>\n<h2><\/h2>\n[\/vc_column_text][\/vc_column][\/vc_row][vc_row][vc_column extend=&#8221;false&#8221;][vc_column_text]<strong><img decoding=\"async\" class=\"alignleft size-full wp-image-24\" src=\"https:\/\/clubdepoesia.com\/lauramondelogarcia\/files\/2018\/01\/0_portadadeella-1.jpg\" alt=\"DE ELLA Laura Mondelo Garc\u00eda\" width=\"104\" height=\"148\" \/>T\u00edtulo:<\/strong> DE ELLA<\/p>\n<p><strong>Autor:<\/strong> <a href=\"https:\/\/clubdepoesia.com\/lauramondelogarcia\/\">LAURA MONDELO GARC\u00cdA<\/a><\/p>\n<p>&nbsp;<\/p>\n<p>A\u00f1o de Publicaci\u00f3n: 2017<\/p>\n<p>Colecci\u00f3n: Poes\u00eda eres t\u00fa<\/p>\n<p>&nbsp;<\/p>\n<p>ISBN-13: 978-84-16480-59-3<\/p>\n<p>&nbsp;<\/p>\n<p>Editorial: Poes\u00eda eres t\u00fa<\/p>\n<p><a href=\"http:\/\/www.poesiaerestu.com\/\">http:\/\/www.poesiaerestu.com<\/a><\/p>\n<p>&nbsp;<\/p>\n<p>PVP: 12 Euros (IVA Incluido).<\/p>\n<p><strong>\u00a0<\/strong><\/p>\n<p>N\u00ba Pag. 58[\/vc_column_text][vc_row_inner][vc_column_inner extend=&#8221;false&#8221;][vc_column_text]<span class='bctt-click-to-tweet'><span class='bctt-ctt-text'><a href='https:\/\/x.com\/intent\/tweet?url=https%3A%2F%2Fclubdepoesia.com%2Flauramondelogarcia%2F17-2%2F&#038;text=Lee%20gratis%20las%20primeras%20p%C3%A1ginas%20del%20libro%20DE%20ELLA&#038;via=poesiaerestu&#038;related=poesiaerestu' target='_blank'rel=\"noopener noreferrer\">Lee gratis las primeras p\u00e1ginas del libro DE ELLA <\/a><\/span><a href='https:\/\/x.com\/intent\/tweet?url=https%3A%2F%2Fclubdepoesia.com%2Flauramondelogarcia%2F17-2%2F&#038;text=Lee%20gratis%20las%20primeras%20p%C3%A1ginas%20del%20libro%20DE%20ELLA&#038;via=poesiaerestu&#038;related=poesiaerestu' target='_blank' class='bctt-ctt-btn'rel=\"noopener noreferrer\">Compartir en X<\/a><\/span>[\/vc_column_text][\/vc_column_inner][\/vc_row_inner][\/vc_column][\/vc_row][vc_row][vc_column extend=&#8221;false&#8221;][vc_custom_heading text=&#8221;PRIMERAS P\u00c1GINAS&#8221; font_container=&#8221;tag:h1|text_align:center|color:%23000000&#8243; google_fonts=&#8221;font_family:Open%20Sans%3A300%2C300italic%2Cregular%2Citalic%2C600%2C600italic%2C700%2C700italic%2C800%2C800italic|font_style:800%20bold%20regular%3A800%3Anormal&#8221; css=&#8221;.vc_custom_1445468013640{margin-right: 0px !important;margin-left: 0px !important;border-right-width: 0px !important;border-left-width: 0px !important;padding-top: 150px !important;padding-right: 0px !important;padding-bottom: 150px !important;padding-left: 0px !important;background-color: rgba(204,226,255,0.66) !important;*background-color: rgb(204,226,255) !important;}&#8221;][\/vc_column][\/vc_row][vc_row a_image_on=&#8221;&#8221; a_video_on=&#8221;&#8221; a_overlay_on=&#8221;&#8221; a_parallax_on=&#8221;&#8221; a_sep_on=&#8221;&#8221; a_full_height_on=&#8221;&#8221; offset_left=&#8221;&#8221; offset_right=&#8221;&#8221; margin_top=&#8221;&#8221; css=&#8221;.vc_custom_1445468092140{background-color: #e1e8ef !important;}&#8221;][vc_column extend=&#8221;false&#8221;][vc_empty_space height=&#8221;150px&#8221;][vc_column_text]<div id=\"flipbook-container-0\" data-fullscreen=\"#ededed|95|true\" data-slide-delay=\"2000\" data-display=\"front\"  class=\"flipbook-container flipbook-container-0  toc-old\"><div id=\"flipbook-0\" data-fb-id=\"deella\" data-fb-w=\"422\" data-fb-h=\"600\" class=\"flipbook rfbwp-init\"><div class=\"fb-page single\"><div class=\"fb-page-content\"><div class=\"fb-container\"><div class=\"page-html\"><\/div><img decoding=\"async\" src=\"https:\/\/clubdepoesia.com\/lauramondelogarcia\/wp-content\/plugins\/responsive-flipbook\/assets\/images\/loader.gif\" class=\"bg-img-placeholder rfbwp-image\"\/><img decoding=\"async\" src=\"https:\/\/clubdepoesia.com\/lauramondelogarcia\/wp-content\/plugins\/responsive-flipbook\/assets\/images\/preloader.gif\" data-src=\"https:\/\/clubdepoesia.com\/lauramondelogarcia\/files\/2018\/01\/CubiertaDeElla3.jpg\" class=\"bg-img rfbwp-image\"\/><img decoding=\"async\" src=\"https:\/\/clubdepoesia.com\/lauramondelogarcia\/wp-content\/plugins\/responsive-flipbook\/assets\/images\/preloader.gif\" data-src=\"https:\/\/clubdepoesia.com\/lauramondelogarcia\/files\/2018\/01\/CubiertaDeElla3.jpg\" class=\"bg-img zoom-large rfbwp-image\"\/><\/div><\/div><\/div><div class=\"fb-page single\"><div class=\"fb-page-content\"><div class=\"fb-container\"><div class=\"page-html\"><\/div><img decoding=\"async\" src=\"https:\/\/clubdepoesia.com\/lauramondelogarcia\/wp-content\/plugins\/responsive-flipbook\/assets\/images\/loader.gif\" class=\"bg-img-placeholder rfbwp-image\"\/><img decoding=\"async\" src=\"https:\/\/clubdepoesia.com\/lauramondelogarcia\/wp-content\/plugins\/responsive-flipbook\/assets\/images\/preloader.gif\" data-src=\"https:\/\/clubdepoesia.com\/lauramondelogarcia\/files\/2018\/01\/DEELLA-1.jpg\" class=\"bg-img rfbwp-image\"\/><img decoding=\"async\" src=\"https:\/\/clubdepoesia.com\/lauramondelogarcia\/wp-content\/plugins\/responsive-flipbook\/assets\/images\/preloader.gif\" data-src=\"https:\/\/clubdepoesia.com\/lauramondelogarcia\/files\/2018\/01\/DEELLA-zoom-1.jpg\" class=\"bg-img zoom-large rfbwp-image\"\/><\/div><\/div><\/div><div class=\"fb-page single\"><div class=\"fb-page-content\"><div class=\"fb-container\"><div class=\"page-html\"><\/div><img decoding=\"async\" src=\"https:\/\/clubdepoesia.com\/lauramondelogarcia\/wp-content\/plugins\/responsive-flipbook\/assets\/images\/loader.gif\" class=\"bg-img-placeholder rfbwp-image\"\/><img decoding=\"async\" src=\"https:\/\/clubdepoesia.com\/lauramondelogarcia\/wp-content\/plugins\/responsive-flipbook\/assets\/images\/preloader.gif\" data-src=\"https:\/\/clubdepoesia.com\/lauramondelogarcia\/files\/2018\/01\/DEELLA-2.jpg\" class=\"bg-img rfbwp-image\"\/><img decoding=\"async\" src=\"https:\/\/clubdepoesia.com\/lauramondelogarcia\/wp-content\/plugins\/responsive-flipbook\/assets\/images\/preloader.gif\" data-src=\"https:\/\/clubdepoesia.com\/lauramondelogarcia\/files\/2018\/01\/DEELLA-zoom-2.jpg\" class=\"bg-img zoom-large rfbwp-image\"\/><\/div><\/div><\/div><div class=\"fb-page single\"><div class=\"fb-page-content\"><div class=\"fb-container\"><div class=\"page-html\"><\/div><img decoding=\"async\" src=\"https:\/\/clubdepoesia.com\/lauramondelogarcia\/wp-content\/plugins\/responsive-flipbook\/assets\/images\/loader.gif\" class=\"bg-img-placeholder rfbwp-image\"\/><img decoding=\"async\" src=\"https:\/\/clubdepoesia.com\/lauramondelogarcia\/wp-content\/plugins\/responsive-flipbook\/assets\/images\/preloader.gif\" data-src=\"https:\/\/clubdepoesia.com\/lauramondelogarcia\/files\/2018\/01\/DEELLA-3.jpg\" class=\"bg-img rfbwp-image\"\/><img decoding=\"async\" src=\"https:\/\/clubdepoesia.com\/lauramondelogarcia\/wp-content\/plugins\/responsive-flipbook\/assets\/images\/preloader.gif\" data-src=\"https:\/\/clubdepoesia.com\/lauramondelogarcia\/files\/2018\/01\/DEELLA-zoom-3.jpg\" class=\"bg-img zoom-large rfbwp-image\"\/><\/div><\/div><\/div><div class=\"fb-page single\"><div class=\"fb-page-content\"><div class=\"fb-container\"><div class=\"page-html\"><\/div><img decoding=\"async\" src=\"https:\/\/clubdepoesia.com\/lauramondelogarcia\/wp-content\/plugins\/responsive-flipbook\/assets\/images\/loader.gif\" class=\"bg-img-placeholder rfbwp-image\"\/><img decoding=\"async\" src=\"https:\/\/clubdepoesia.com\/lauramondelogarcia\/wp-content\/plugins\/responsive-flipbook\/assets\/images\/preloader.gif\" data-src=\"https:\/\/clubdepoesia.com\/lauramondelogarcia\/files\/2018\/01\/DEELLA-4.jpg\" class=\"bg-img rfbwp-image\"\/><img decoding=\"async\" src=\"https:\/\/clubdepoesia.com\/lauramondelogarcia\/wp-content\/plugins\/responsive-flipbook\/assets\/images\/preloader.gif\" data-src=\"https:\/\/clubdepoesia.com\/lauramondelogarcia\/files\/2018\/01\/DEELLA-zoom-4.jpg\" class=\"bg-img zoom-large rfbwp-image\"\/><\/div><\/div><\/div><div class=\"fb-page single\"><div class=\"fb-page-content\"><div class=\"fb-container\"><div class=\"page-html\"><\/div><img decoding=\"async\" src=\"https:\/\/clubdepoesia.com\/lauramondelogarcia\/wp-content\/plugins\/responsive-flipbook\/assets\/images\/loader.gif\" class=\"bg-img-placeholder rfbwp-image\"\/><img decoding=\"async\" src=\"https:\/\/clubdepoesia.com\/lauramondelogarcia\/wp-content\/plugins\/responsive-flipbook\/assets\/images\/preloader.gif\" data-src=\"https:\/\/clubdepoesia.com\/lauramondelogarcia\/files\/2018\/01\/DEELLA-5.jpg\" class=\"bg-img rfbwp-image\"\/><img decoding=\"async\" src=\"https:\/\/clubdepoesia.com\/lauramondelogarcia\/wp-content\/plugins\/responsive-flipbook\/assets\/images\/preloader.gif\" data-src=\"https:\/\/clubdepoesia.com\/lauramondelogarcia\/files\/2018\/01\/DEELLA-zoom-5.jpg\" class=\"bg-img zoom-large rfbwp-image\"\/><\/div><\/div><\/div><div class=\"fb-page single\"><div class=\"fb-page-content\"><div class=\"fb-container\"><div class=\"page-html\"><\/div><img decoding=\"async\" src=\"https:\/\/clubdepoesia.com\/lauramondelogarcia\/wp-content\/plugins\/responsive-flipbook\/assets\/images\/loader.gif\" class=\"bg-img-placeholder rfbwp-image\"\/><img decoding=\"async\" src=\"https:\/\/clubdepoesia.com\/lauramondelogarcia\/wp-content\/plugins\/responsive-flipbook\/assets\/images\/preloader.gif\" data-src=\"https:\/\/clubdepoesia.com\/lauramondelogarcia\/files\/2018\/01\/DEELLA-6.jpg\" class=\"bg-img rfbwp-image\"\/><img decoding=\"async\" src=\"https:\/\/clubdepoesia.com\/lauramondelogarcia\/wp-content\/plugins\/responsive-flipbook\/assets\/images\/preloader.gif\" data-src=\"https:\/\/clubdepoesia.com\/lauramondelogarcia\/files\/2018\/01\/DEELLA-zoom-6.jpg\" class=\"bg-img zoom-large rfbwp-image\"\/><\/div><\/div><\/div><div class=\"fb-page single\"><div class=\"fb-page-content\"><div class=\"fb-container\"><div class=\"page-html\"><\/div><img decoding=\"async\" src=\"https:\/\/clubdepoesia.com\/lauramondelogarcia\/wp-content\/plugins\/responsive-flipbook\/assets\/images\/loader.gif\" class=\"bg-img-placeholder rfbwp-image\"\/><img decoding=\"async\" src=\"https:\/\/clubdepoesia.com\/lauramondelogarcia\/wp-content\/plugins\/responsive-flipbook\/assets\/images\/preloader.gif\" data-src=\"https:\/\/clubdepoesia.com\/lauramondelogarcia\/files\/2018\/01\/DEELLA-7.jpg\" class=\"bg-img rfbwp-image\"\/><img decoding=\"async\" src=\"https:\/\/clubdepoesia.com\/lauramondelogarcia\/wp-content\/plugins\/responsive-flipbook\/assets\/images\/preloader.gif\" data-src=\"https:\/\/clubdepoesia.com\/lauramondelogarcia\/files\/2018\/01\/DEELLA-zoom-7.jpg\" class=\"bg-img zoom-large rfbwp-image\"\/><\/div><\/div><\/div><div class=\"fb-page single\"><div class=\"fb-page-content\"><div class=\"fb-container\"><div class=\"page-html\"><\/div><img decoding=\"async\" src=\"https:\/\/clubdepoesia.com\/lauramondelogarcia\/wp-content\/plugins\/responsive-flipbook\/assets\/images\/loader.gif\" class=\"bg-img-placeholder rfbwp-image\"\/><img decoding=\"async\" src=\"https:\/\/clubdepoesia.com\/lauramondelogarcia\/wp-content\/plugins\/responsive-flipbook\/assets\/images\/preloader.gif\" data-src=\"https:\/\/clubdepoesia.com\/lauramondelogarcia\/files\/2018\/01\/DEELLA-8.jpg\" class=\"bg-img rfbwp-image\"\/><img decoding=\"async\" src=\"https:\/\/clubdepoesia.com\/lauramondelogarcia\/wp-content\/plugins\/responsive-flipbook\/assets\/images\/preloader.gif\" data-src=\"https:\/\/clubdepoesia.com\/lauramondelogarcia\/files\/2018\/01\/DEELLA-zoom-8.jpg\" class=\"bg-img zoom-large rfbwp-image\"\/><\/div><\/div><\/div><div class=\"fb-page single\"><div class=\"fb-page-content\"><div class=\"fb-container\"><div class=\"page-html\"><\/div><img decoding=\"async\" src=\"https:\/\/clubdepoesia.com\/lauramondelogarcia\/wp-content\/plugins\/responsive-flipbook\/assets\/images\/loader.gif\" class=\"bg-img-placeholder rfbwp-image\"\/><img decoding=\"async\" src=\"https:\/\/clubdepoesia.com\/lauramondelogarcia\/wp-content\/plugins\/responsive-flipbook\/assets\/images\/preloader.gif\" data-src=\"https:\/\/clubdepoesia.com\/lauramondelogarcia\/files\/2018\/01\/DEELLA-9.jpg\" class=\"bg-img rfbwp-image\"\/><img decoding=\"async\" src=\"https:\/\/clubdepoesia.com\/lauramondelogarcia\/wp-content\/plugins\/responsive-flipbook\/assets\/images\/preloader.gif\" data-src=\"https:\/\/clubdepoesia.com\/lauramondelogarcia\/files\/2018\/01\/DEELLA-zoom-9.jpg\" class=\"bg-img zoom-large rfbwp-image\"\/><\/div><\/div><\/div><div class=\"fb-page single\"><div class=\"fb-page-content\"><div class=\"fb-container\"><div class=\"page-html\"><\/div><img decoding=\"async\" src=\"https:\/\/clubdepoesia.com\/lauramondelogarcia\/wp-content\/plugins\/responsive-flipbook\/assets\/images\/loader.gif\" class=\"bg-img-placeholder rfbwp-image\"\/><img decoding=\"async\" src=\"https:\/\/clubdepoesia.com\/lauramondelogarcia\/wp-content\/plugins\/responsive-flipbook\/assets\/images\/preloader.gif\" data-src=\"https:\/\/clubdepoesia.com\/lauramondelogarcia\/files\/2018\/01\/DEELLA-10.jpg\" class=\"bg-img rfbwp-image\"\/><img decoding=\"async\" src=\"https:\/\/clubdepoesia.com\/lauramondelogarcia\/wp-content\/plugins\/responsive-flipbook\/assets\/images\/preloader.gif\" data-src=\"https:\/\/clubdepoesia.com\/lauramondelogarcia\/files\/2018\/01\/DEELLA-zoom-10.jpg\" class=\"bg-img zoom-large rfbwp-image\"\/><\/div><\/div><\/div><div class=\"fb-page single\"><div class=\"fb-page-content\"><div class=\"fb-container\"><div class=\"page-html\"><\/div><img decoding=\"async\" src=\"https:\/\/clubdepoesia.com\/lauramondelogarcia\/wp-content\/plugins\/responsive-flipbook\/assets\/images\/loader.gif\" class=\"bg-img-placeholder rfbwp-image\"\/><img decoding=\"async\" src=\"https:\/\/clubdepoesia.com\/lauramondelogarcia\/wp-content\/plugins\/responsive-flipbook\/assets\/images\/preloader.gif\" data-src=\"https:\/\/clubdepoesia.com\/lauramondelogarcia\/files\/2018\/01\/DEELLA-11.jpg\" class=\"bg-img rfbwp-image\"\/><img decoding=\"async\" src=\"https:\/\/clubdepoesia.com\/lauramondelogarcia\/wp-content\/plugins\/responsive-flipbook\/assets\/images\/preloader.gif\" data-src=\"https:\/\/clubdepoesia.com\/lauramondelogarcia\/files\/2018\/01\/DEELLA-zoom-11.jpg\" class=\"bg-img zoom-large rfbwp-image\"\/><\/div><\/div><\/div><div class=\"fb-page single\"><div class=\"fb-page-content\"><div class=\"fb-container\"><div class=\"page-html\"><\/div><img decoding=\"async\" src=\"https:\/\/clubdepoesia.com\/lauramondelogarcia\/wp-content\/plugins\/responsive-flipbook\/assets\/images\/loader.gif\" class=\"bg-img-placeholder rfbwp-image\"\/><img decoding=\"async\" src=\"https:\/\/clubdepoesia.com\/lauramondelogarcia\/wp-content\/plugins\/responsive-flipbook\/assets\/images\/preloader.gif\" data-src=\"https:\/\/clubdepoesia.com\/lauramondelogarcia\/files\/2018\/01\/DEELLA-12.jpg\" class=\"bg-img rfbwp-image\"\/><img decoding=\"async\" src=\"https:\/\/clubdepoesia.com\/lauramondelogarcia\/wp-content\/plugins\/responsive-flipbook\/assets\/images\/preloader.gif\" data-src=\"https:\/\/clubdepoesia.com\/lauramondelogarcia\/files\/2018\/01\/DEELLA-zoom-12.jpg\" class=\"bg-img zoom-large rfbwp-image\"\/><\/div><\/div><\/div><div class=\"fb-page single\"><div class=\"fb-page-content\"><div class=\"fb-container\"><div class=\"page-html\"><\/div><img decoding=\"async\" src=\"https:\/\/clubdepoesia.com\/lauramondelogarcia\/wp-content\/plugins\/responsive-flipbook\/assets\/images\/loader.gif\" class=\"bg-img-placeholder rfbwp-image\"\/><img decoding=\"async\" src=\"https:\/\/clubdepoesia.com\/lauramondelogarcia\/wp-content\/plugins\/responsive-flipbook\/assets\/images\/preloader.gif\" data-src=\"https:\/\/clubdepoesia.com\/lauramondelogarcia\/files\/2018\/01\/DEELLA-13.jpg\" class=\"bg-img rfbwp-image\"\/><img decoding=\"async\" src=\"https:\/\/clubdepoesia.com\/lauramondelogarcia\/wp-content\/plugins\/responsive-flipbook\/assets\/images\/preloader.gif\" data-src=\"https:\/\/clubdepoesia.com\/lauramondelogarcia\/files\/2018\/01\/DEELLA-zoom-13.jpg\" class=\"bg-img zoom-large rfbwp-image\"\/><\/div><\/div><\/div><div class=\"fb-page single\"><div class=\"fb-page-content\"><div class=\"fb-container\"><div class=\"page-html\"><\/div><img decoding=\"async\" src=\"https:\/\/clubdepoesia.com\/lauramondelogarcia\/wp-content\/plugins\/responsive-flipbook\/assets\/images\/loader.gif\" class=\"bg-img-placeholder rfbwp-image\"\/><img decoding=\"async\" src=\"https:\/\/clubdepoesia.com\/lauramondelogarcia\/wp-content\/plugins\/responsive-flipbook\/assets\/images\/preloader.gif\" data-src=\"https:\/\/clubdepoesia.com\/lauramondelogarcia\/files\/2018\/01\/DEELLA-14.jpg\" class=\"bg-img rfbwp-image\"\/><img decoding=\"async\" src=\"https:\/\/clubdepoesia.com\/lauramondelogarcia\/wp-content\/plugins\/responsive-flipbook\/assets\/images\/preloader.gif\" data-src=\"https:\/\/clubdepoesia.com\/lauramondelogarcia\/files\/2018\/01\/DEELLA-zoom-14.jpg\" class=\"bg-img zoom-large rfbwp-image\"\/><\/div><\/div><\/div><div class=\"fb-page single\"><div class=\"fb-page-content\"><div class=\"fb-container\"><div class=\"page-html\"><\/div><img decoding=\"async\" src=\"https:\/\/clubdepoesia.com\/lauramondelogarcia\/wp-content\/plugins\/responsive-flipbook\/assets\/images\/loader.gif\" class=\"bg-img-placeholder rfbwp-image\"\/><img decoding=\"async\" src=\"https:\/\/clubdepoesia.com\/lauramondelogarcia\/wp-content\/plugins\/responsive-flipbook\/assets\/images\/preloader.gif\" data-src=\"https:\/\/clubdepoesia.com\/lauramondelogarcia\/files\/2018\/01\/DEELLA-15.jpg\" class=\"bg-img rfbwp-image\"\/><img decoding=\"async\" src=\"https:\/\/clubdepoesia.com\/lauramondelogarcia\/wp-content\/plugins\/responsive-flipbook\/assets\/images\/preloader.gif\" data-src=\"https:\/\/clubdepoesia.com\/lauramondelogarcia\/files\/2018\/01\/DEELLA-zoom-15.jpg\" class=\"bg-img zoom-large rfbwp-image\"\/><\/div><\/div><\/div><div class=\"fb-page single\"><div class=\"fb-page-content\"><div class=\"fb-container\"><div class=\"page-html\"><\/div><img decoding=\"async\" src=\"https:\/\/clubdepoesia.com\/lauramondelogarcia\/wp-content\/plugins\/responsive-flipbook\/assets\/images\/loader.gif\" class=\"bg-img-placeholder rfbwp-image\"\/><img decoding=\"async\" src=\"https:\/\/clubdepoesia.com\/lauramondelogarcia\/wp-content\/plugins\/responsive-flipbook\/assets\/images\/preloader.gif\" data-src=\"https:\/\/clubdepoesia.com\/lauramondelogarcia\/files\/2018\/01\/DEELLA-zoom-15.jpg\" class=\"bg-img rfbwp-image\"\/><\/div><\/div><\/div><div class=\"fb-page single\"><div class=\"fb-page-content\"><div class=\"fb-container\"><div class=\"page-html\"><\/div><img decoding=\"async\" src=\"https:\/\/clubdepoesia.com\/lauramondelogarcia\/wp-content\/plugins\/responsive-flipbook\/assets\/images\/loader.gif\" class=\"bg-img-placeholder rfbwp-image\"\/><img decoding=\"async\" src=\"https:\/\/clubdepoesia.com\/lauramondelogarcia\/wp-content\/plugins\/responsive-flipbook\/assets\/images\/preloader.gif\" data-src=\"https:\/\/clubdepoesia.com\/lauramondelogarcia\/files\/2018\/01\/CubiertaDeElla.jpg\" class=\"bg-img rfbwp-image\"\/><\/div><\/div><\/div><\/div><div id=\"fb-nav-0\" class=\"fb-nav mobile spread bottom \" data-menu-type=\"spread\"  data-grouped=\"true\" data-prev-icon=\"fa fa-chevron-left\" data-next-icon=\"fa fa-chevron-right\" data-up-icon=\"fa fa-chevron-up\" data-down-icon=\"fa fa-chevron-down\"><ul class=\"alternative-nav\"><li id=\"fb-zoom-out-0\" class=\"fb-zoom-out\" data-icon=\"fa fa-search-minus\"><\/li><li class=\"big-next show-all-close\" data-icon=\"fa fa-times\"><\/li><\/ul><ul class=\"main-nav\"><li class=\"toc round\" data-icon=\"fa fa-th-list\" data-toc-index=\"2\"><\/li><li class=\"zoom round\" data-icon=\"fa fa-search-plus\" data-icon-active=\"fa fa-search-minus\"><\/li><li class=\"slideshow round\" data-icon=\"fa fa-play\" data-icon-active=\"fa fa-pause\"><\/li><li class=\"show-all round\" data-icon=\"fa fa-th\"  data-cols=\"3\"><\/li><li class=\"fullscreen round\" data-icon=\"fa fa-expand\" data-icon-active=\"fa fa-compress\"><\/li><\/ul><\/div><\/div>[\/vc_column_text][vc_empty_space height=&#8221;150px&#8221;][\/vc_column][\/vc_row][vc_row][vc_column extend=&#8221;false&#8221;][\/vc_column][\/vc_row][vc_row][vc_column extend=&#8221;false&#8221;][vc_masonry_media_grid grid_id=&#8221;vc_gid:1515239084030-77748440-7d63-0&#8243; include=&#8221;18,19,20,21,22,23&#8243;][\/vc_column][\/vc_row][vc_row][vc_column extend=&#8221;false&#8221;][vc_column_text css=&#8221;.vc_custom_1515238829960{margin-top: -30000px !important;}&#8221;]<em><strong><span style=\"text-decoration: underline;\">DE ELLA es el libro de poes\u00eda escrito por la poeta y escritora Laura Mondelo Garc\u00eda, una de los escritoras espa\u00f1oles m\u00e1s prometedores de la poes\u00eda contemporanea. La Editorial poes\u00eda eres t\u00fa ha <a href=\"http:\/\/poesiaerestu.com\">publicado su libro<\/a>.<\/span><\/strong><\/em><\/p>\n<h1><em><strong><img decoding=\"async\" class=\"alignleft size-full wp-image-5\" src=\"https:\/\/clubdepoesia.com\/lauramondelogarcia\/files\/2018\/01\/0_portadadeella.jpg\" alt=\"Laura Mondelo Garc\u00eda acaba de publicar un libro: De ella\" width=\"104\" height=\"148\" \/>DE ELLA es el <a href=\"https:\/\/librodepoesia.com\">libro de poes\u00eda<\/a> escrito por la poeta y escritora LAURA MONDELO GARC\u00cdA, una de los escritoras espa\u00f1olas m\u00e1s prometedores de la poes\u00eda contemporanea. La Editorial poes\u00eda eres t\u00fa ha <a href=\"http:\/\/poesiaerestu.com\">publicado su libro<\/a>.<\/strong><\/em><\/h1>\n<h2><em><strong>DE ELLA es el libro de poes\u00eda escrito por la poeta y escritora LAURA MONDELO GARC\u00cdA, una de los escritoras espa\u00f1olas m\u00e1s prometedores de la poes\u00eda contemporanea. La Editorial poes\u00eda eres t\u00fa ha <a href=\"https:\/\/agenciadellibro.com\">publicado su libro<\/a>.<\/strong><\/em><\/h2>\n<h2><em><strong>DE ELLA<\/strong><\/em><em><strong> es el libro de poes\u00eda escrito por el poeta y escritor Laura Mondelo Garc\u00eda, uno de los escritores espa\u00f1oles m\u00e1s prometedores de la poes\u00eda contemporanea. La Editorial poes\u00eda eres t\u00fa ha <a href=\"http:\/\/edicionesamaniel.com\">publicado su libro<\/a>.<\/strong><\/em><\/h2>\n<h2><em><strong>DE ELLA<\/strong><\/em><em><strong> es el libro de poes\u00eda escrito por el poeta y escritor Laura Mondelo Garc\u00eda, uno de los escritores espa\u00f1oles m\u00e1s prometedores de la poes\u00eda contemporanea. La Editorial poes\u00eda eres t\u00fa ha <a href=\"http:\/\/edicionesazorin.com\">publicado su libro<\/a>.<\/strong><\/em><\/h2>\n[\/vc_column_text][\/vc_column][\/vc_row]\n<\/div>","protected":false},"excerpt":{"rendered":"<p>[vc_row][vc_column extend=&#8221;false&#8221;][vc_column_text css=&#8221;.vc_custom_1515239453528{margin-top: -30000px !important;}&#8221;]DE ELLA es el libro de poes\u00eda escrito por la poeta y escritora Laura Mondelo Garc\u00eda, una de los escritoras espa\u00f1oles m\u00e1s prometedores de la poes\u00eda contemporanea. La Editorial poes\u00eda eres t\u00fa ha publicado su libro. DE ELLA es el libro de poes\u00eda escrito por la poeta y escritora LAURA MONDELO [&hellip;]<\/p>\n","protected":false},"author":24,"featured_media":0,"parent":0,"menu_order":0,"comment_status":"closed","ping_status":"closed","template":"","meta":{"footnotes":"","_links_to":"","_links_to_target":""},"class_list":["post-17","page","type-page","status-publish","hentry"],"_links":{"self":[{"href":"https:\/\/clubdepoesia.com\/lauramondelogarcia\/wp-json\/wp\/v2\/pages\/17","targetHints":{"allow":["GET"]}}],"collection":[{"href":"https:\/\/clubdepoesia.com\/lauramondelogarcia\/wp-json\/wp\/v2\/pages"}],"about":[{"href":"https:\/\/clubdepoesia.com\/lauramondelogarcia\/wp-json\/wp\/v2\/types\/page"}],"author":[{"embeddable":true,"href":"https:\/\/clubdepoesia.com\/lauramondelogarcia\/wp-json\/wp\/v2\/users\/24"}],"replies":[{"embeddable":true,"href":"https:\/\/clubdepoesia.com\/lauramondelogarcia\/wp-json\/wp\/v2\/comments?post=17"}],"version-history":[{"count":0,"href":"https:\/\/clubdepoesia.com\/lauramondelogarcia\/wp-json\/wp\/v2\/pages\/17\/revisions"}],"wp:attachment":[{"href":"https:\/\/clubdepoesia.com\/lauramondelogarcia\/wp-json\/wp\/v2\/media?parent=17"}],"curies":[{"name":"wp","href":"https:\/\/api.w.org\/{rel}","templated":true}]}}