{"id":4,"date":"2019-03-24T13:21:34","date_gmt":"2019-03-24T12:21:34","guid":{"rendered":"https:\/\/clubdepoesia.com\/karlaruizserrano\/?page_id=4"},"modified":"2019-03-24T18:02:39","modified_gmt":"2019-03-24T17:02:39","slug":"karla-ruiz","status":"publish","type":"page","link":"https:\/\/clubdepoesia.com\/karlaruizserrano\/","title":{"rendered":"Karla Ruiz"},"content":{"rendered":"<div class=\"wpb-content-wrapper\">[vc_row][vc_column extend=&#8221;false&#8221;][vc_column_text css=&#8221;.vc_custom_1547372169956{margin-top: -30000px !important;}&#8221;]\n<h1><u>KARLA RUIZ SERRANO es el escritor<em> de <strong>LO QUE JAM\u00c1S DEB\u00cd CALLAR<\/strong><\/em>. <strong><em>El escritor y poeta <\/em><\/strong>acaba de <a href=\"http:\/\/publicarunlibro.gdn\"><strong><em>publicar un libro <\/em><\/strong><\/a>de poes\u00eda con la <strong><em>Editorial Poes\u00eda eres t\u00fa. Considerado como uno de los mejores poetas espa\u00f1oles.<\/em><\/strong><\/u><\/h1>\n<h2><strong><em><u> <img fetchpriority=\"high\" decoding=\"async\" class=\"alignleft size-full wp-image-5\" src=\"https:\/\/clubdepoesia.com\/karlaruizserrano\/files\/2019\/03\/0_Loquejamasdebicallar.jpg\" alt=\"Lo que jamas deb\u00ed callar\" width=\"559\" height=\"794\" srcset=\"https:\/\/clubdepoesia.com\/karlaruizserrano\/files\/2019\/03\/0_Loquejamasdebicallar.jpg 559w, https:\/\/clubdepoesia.com\/karlaruizserrano\/files\/2019\/03\/0_Loquejamasdebicallar-211x300.jpg 211w\" sizes=\"(max-width: 559px) 100vw, 559px\" \/>LO QUE JAM\u00c1S DEB\u00cd CALLAR ha sido escrito por KARLA RUIZ SERRANO Considerado como uno de los mejores poetas espa\u00f1oles, algunos afirman que es el mejor poeta espa\u00f1ol. el escritor sabe como <a href=\"http:\/\/publicarunlibro.ovh\">publicar un libro<\/a> de poes\u00eda con la Editorial Poes\u00eda eres t\u00fa<\/u><\/em><\/strong><\/h2>\n<h3><strong><em>Trabajamos con distribuidoras de libros que acercan los libros a las librer\u00edas, pero contamos tambi\u00e9n con las siguientes librerias de apoyo en internet para que ning\u00fan lector se quede sin su <a href=\"http:\/\/librodepoesia.com\">libro de poes\u00eda<\/a>: Libreria GEPA, Libreria Website, La librer\u00eda del escritor, El rinc\u00f3n de los libros.<\/em><\/strong><\/h3>\n<p><strong><em>Informamos de como publicar un libro y el precio de publicar un libro<\/em><\/strong><\/p>\n<p><strong><em>As\u00ed mismo colaboramos con la <a href=\"http:\/\/editorespoesia.com\">Asociaci\u00f3n de editores de poes\u00eda<\/a> y la <a href=\"http:\/\/escritoresycriticos.com\">Asociaci\u00f3n Madrile\u00f1a de escritores y cr\u00edticos literarios<\/a> (<a href=\"http:\/\/escritoresycriticos.com\">Cr\u00edtica de Vigo<\/a>).<\/em><\/strong><\/p>\n<p><strong><em>Trabajamos con varias imprentas y contamos con nuestra propia <a href=\"http:\/\/artesgraficas.info\/\">imprenta<\/a> Herederos de Izquierdo y Vigo impresores.<\/em><\/strong><\/p>\n<p><strong><em>Puedes conocernos en nuestra p\u00e1gina del Grupo Editorial. Contamos con una sede en Vigo y otra en Jumilla (Murcia)<\/em><\/strong><\/p>\n<p><strong><em>Somos especialitas en la edici\u00f3n del <a href=\"http:\/\/libropoesia.com\/\">libro de poes\u00eda<\/a><\/em><\/strong><\/p>\n<p><strong><em><u>KARLA RUIZ SERRANO Considerado como uno de los mejores poetas espa\u00f1oles, algunos afirman que es el mejor poeta espa\u00f1oles es el escritor de LO QUE JAM\u00c1S DEB\u00cd CALLAR. El poeta conoce el precio de <a href=\"http:\/\/publicarunlibro.pro\">publicar un libro<\/a> de poes\u00eda con la Editorial Poes\u00eda eres t\u00fa<\/u><\/em><\/strong><\/p>\n<h4><strong><em><u>KARLA RUIZ SERRANO Considerado como uno de los mejores poetas espa\u00f1oles, algunos afirman que es el mejor poeta espa\u00f1oles es el escritor de LO QUE JAM\u00c1S DEB\u00cd CALLAR. La poeta sabe como <a href=\"http:\/\/publicarunlibro.xyz\">publicar un libro<\/a> de poes\u00eda con la Editorial Poes\u00eda eres t\u00fa<\/u><\/em><\/strong><\/h4>\n<h5><strong><em><u>KARLA RUIZ SERRANO considerado como uno de los mejores poetas espa\u00f1oles, algunos afirman que es el mejor poeta espa\u00f1ol es el escritor de LO QUE JAM\u00c1S DEB\u00cd CALLAR. La poeta sabe el precio de <a href=\"http:\/\/publicarunlibro.info\">publicar un libro<\/a> de poes\u00eda con la Editorial Poes\u00eda eres t\u00fa<\/u><\/em><\/strong><\/h5>\n<p>&nbsp;<\/p>\n<p><strong><em><u>El <a href=\"http:\/\/grupoeditorialperezayala.com\">Grupo Editorial P\u00e9rez-Ayala<\/a>, est\u00e1 formado por los siguientes sellos <a href=\"http:\/\/editorialpoesia.com\">editoriales<\/a>: <a href=\"http:\/\/poesiaerestu.com\">Editorial Poes\u00eda eres t\u00fa<\/a>, <a href=\"http:\/\/edicionesrilke.com\">Ediciones Rilke<\/a> <a href=\"http:\/\/editorialpoesia.com\">Editorial poes\u00eda<\/a>, <a href=\"http:\/\/editorial.org.es\">Editorial<\/a> <a href=\"http:\/\/edicionesamaniel.com\">Ediciones Amaniel<\/a>, <a href=\"http:\/\/editorial.org.es\">Editorial<\/a> <a href=\"http:\/\/edicionesazorin.com\">Ediciones Azor\u00edn un sello regional para Alicante y Murcia<\/a>.<\/u><\/em><\/strong><\/p>\n<p><strong><em><u>Para ayudar a la promoci\u00f3n de los libros contamos con diferentes plataformas en internet como <a href=\"http:\/\/poesiatv.com\">Poes\u00eda Televisi\u00f3n<\/a>, <a href=\"http:\/\/librodepoesia.com\">libro de poes\u00eda<\/a>, Club de poes\u00eda, Blog de escritor, Blog de poes\u00eda, <a href=\"https:\/\/agenciadellibro.com\">Agencia del libro<\/a>, Nuestras librerias, <a href=\"http:\/\/publicarlibro.com.es\">Publicar libro<\/a> &#8211; <a href=\"http:\/\/publicarlibro.es\">Publicar un libro<\/a>, Revista Poes\u00eda eres t\u00fa, Antolog\u00edas po\u00e9ticas, <a href=\"http:\/\/poesiapoetas.com\">Poes\u00eda y poetas.<\/a><\/u><\/em><\/strong>[\/vc_column_text][\/vc_column][\/vc_row][vc_row][vc_column extend=&#8221;false&#8221;][layerslider_vc id=&#8221;1&#8243;][\/vc_column][\/vc_row][vc_row extend=&#8221;false&#8221; css_animation=&#8221;&#8221; bg_type=&#8221;&#8221; bg_grad=&#8221;&#8221; bg_color_value=&#8221;&#8221; parallax_style=&#8221;&#8221; bg_image_new=&#8221;&#8221; layer_image=&#8221;&#8221; bg_image_repeat=&#8221;&#8221; bg_image_size=&#8221;&#8221; bg_cstm_size=&#8221;&#8221; bg_img_attach=&#8221;&#8221; parallax_sense=&#8221;&#8221; bg_image_posiiton=&#8221;&#8221; animation_direction=&#8221;&#8221; animation_repeat=&#8221;&#8221; video_url=&#8221;&#8221; video_url_2=&#8221;&#8221; u_video_url=&#8221;&#8221; video_opts=&#8221;&#8221; video_poster=&#8221;&#8221; u_start_time=&#8221;&#8221; u_stop_time=&#8221;&#8221; viewport_vdo=&#8221;&#8221; enable_controls=&#8221;&#8221; controls_color=&#8221;&#8221; bg_override=&#8221;&#8221; disable_on_mobile_img_parallax=&#8221;&#8221; parallax_content=&#8221;&#8221; parallax_content_sense=&#8221;&#8221; fadeout_row=&#8221;&#8221; fadeout_start_effect=&#8221;&#8221; enable_overlay=&#8221;&#8221; overlay_color=&#8221;&#8221; overlay_pattern=&#8221;&#8221; overlay_pattern_opacity=&#8221;&#8221; overlay_pattern_size=&#8221;&#8221; overlay_pattern_attachment=&#8221;&#8221; multi_color_overlay=&#8221;uvc-multi-color-bg&#8221; multi_color_overlay_opacity=&#8221;&#8221; seperator_enable=&#8221;&#8221; seperator_type=&#8221;&#8221; seperator_position=&#8221;&#8221; seperator_shape_size=&#8221;&#8221; seperator_svg_height=&#8221;&#8221; seperator_shape_background=&#8221;&#8221; seperator_shape_border=&#8221;&#8221; seperator_shape_border_color=&#8221;&#8221; seperator_shape_border_width=&#8221;&#8221; icon_type=&#8221;&#8221; icon=&#8221;&#8221; icon_size=&#8221;&#8221; icon_color=&#8221;&#8221; icon_style=&#8221;&#8221; icon_color_bg=&#8221;&#8221; icon_border_style=&#8221;&#8221; icon_color_border=&#8221;&#8221; icon_border_size=&#8221;&#8221; icon_border_radius=&#8221;&#8221; icon_border_spacing=&#8221;&#8221; icon_img=&#8221;&#8221; img_width=&#8221;&#8221; ult_hide_row=&#8221;&#8221; ult_hide_row_large_screen=&#8221;&#8221; ult_hide_row_desktop=&#8221;&#8221; ult_hide_row_tablet=&#8221;&#8221; ult_hide_row_tablet_small=&#8221;&#8221; ult_hide_row_mobile=&#8221;&#8221; ult_hide_row_mobile_large=&#8221;&#8221; notification=&#8221;&#8221; full_width=&#8221;&#8221; equal_height=&#8221;&#8221; content_placement=&#8221;&#8221; design__empty_1=&#8221;&#8221; full_height=&#8221;&#8221; columns_placement=&#8221;top&#8221; background=&#8221;&#8221; background_image_type=&#8221;static&#8221; background_image__effect=&#8221;&#8221; bg_size=&#8221;initial&#8221; bg_position=&#8221;center-center&#8221; row_bg_image=&#8221;&#8221; bg_repeat=&#8221;no-repeat&#8221; background_image_type__bg_color=&#8221;rgba(255, 255, 255, 1)&#8221; row_bg_parallax_images=&#8221;&#8221; row_bg_slideshow_images=&#8221;&#8221; background_video_type=&#8221;youtube&#8221; background_video__youtube__url=&#8221;&#8221; background_video__youtube__parallax=&#8221;&#8221; background_video__youtube__options=&#8221;&#8221; background_video__youtube__fallback_image=&#8221;&#8221; background_video__hosted__mp4=&#8221;&#8221; background_video__hosted__webm=&#8221;&#8221; background_video__hosted__ogv=&#8221;&#8221; background_video__hosted__parallax=&#8221;&#8221; background_video__hosted__options=&#8221;&#8221; background_video__hosted__fallback_image=&#8221;&#8221; background_color_type=&#8221;color&#8221; bg__empty_1=&#8221;&#8221; background_color_type__gradient_color1=&#8221;rgba(44, 74, 228, 1)&#8221; background_color_type__gradient_color2=&#8221;rgba(44, 74, 228, 1)&#8221; background_color_type__color_color1=&#8221;rgba(44, 74, 228, 1)&#8221; bg__empty_2=&#8221;&#8221; background_color__effect=&#8221;&#8221; background_color__direction=&#8221;left-to-right&#8221; parallax=&#8221;&#8221; parallax_speed_bg=&#8221;1.5&#8243; parallax_image=&#8221;&#8221; video_bg=&#8221;&#8221; video_bg_url=&#8221;https:\/\/www.youtube.com\/watch?v=lMJXxhRFO1k&#8221; video_bg_parallax=&#8221;&#8221; el_id=&#8221;&#8221; gap=&#8221;0&#8243; disable_element=&#8221;&#8221; settings__tag_1=&#8221;&#8221; viewport_lg=&#8221;&#8221; viewport_md=&#8221;&#8221; viewport_sm=&#8221;&#8221; viewport_xs=&#8221;&#8221; settings__empty_1=&#8221;&#8221; el_class=&#8221;&#8221; version=&#8221;1&#8243; css=&#8221;&#8221;][vc_column extend=&#8221;false&#8221; width=&#8221;1\/2&#8243;]<div class=\"ult-content-box-container \" >\t\t<div class=\"ult-content-box\" style=\"background-color:rgba(255,255,255,0.49);box-shadow: px px 8px px #f2f2f2 none;border-style:none;-webkit-transition: all 700ms ease;-moz-transition: all 700ms ease;-ms-transition: all 700ms ease;-o-transition: all 700ms ease;transition: all 700ms ease;\"  data-hover_box_shadow=\"none\"     data-bg=\"rgba(255,255,255,0.49)\"  data-border_color=\"\" >[vc_column_text css=&#8221;.vc_custom_1553421733908{padding-top: 15% !important;padding-right: 15% !important;padding-bottom: 15% !important;padding-left: 15% !important;}&#8221;]Tengo 23 a\u00f1os. Me emociona la vida y lloro m\u00e1s de lo que deber\u00eda, aunque por suerte, estoy rodeada de gente que transforma mis l\u00e1grimas en sonrisas. Escribo para sentir y entender lo que siento, y espero que lo que hoy nos une, nos haga c\u00f3mplices. Que puedas sentir, re\u00edr, estremecerte y emocionarte ante lo que aquel d\u00eda escrib\u00ed.<\/p>\n<p>Que me acompa\u00f1es en este viaje ya es un regalo, as\u00ed que disfruta del tuyo, lee y d\u00e9jate llevar. Nos vemos en la pr\u00f3xima parada.<\/p>\n<p>&nbsp;<\/p>\n<p>@karlaruizmusic<\/p>\n<p>&nbsp;<\/p>\n<p><strong>&nbsp;<\/strong><\/p>\n<span class='bctt-click-to-tweet'><span class='bctt-ctt-text'><a href='https:\/\/x.com\/intent\/tweet?url=https%3A%2F%2Fclubdepoesia.com%2Fkarlaruizserrano%2F&#038;text=KARLA%20RUIZ%20SERRANO.%20Escritor%2C%20poeta.&#038;related' target='_blank'rel=\"noopener noreferrer\">KARLA RUIZ SERRANO. Escritor, poeta. <\/a><\/span><a href='https:\/\/x.com\/intent\/tweet?url=https%3A%2F%2Fclubdepoesia.com%2Fkarlaruizserrano%2F&#038;text=KARLA%20RUIZ%20SERRANO.%20Escritor%2C%20poeta.&#038;related' target='_blank' class='bctt-ctt-btn'rel=\"noopener noreferrer\">Compartir en X<\/a><\/span>[\/vc_column_text]\t\t<\/div><\/div>[\/vc_column][vc_column extend=&#8221;false&#8221; width=&#8221;1\/2&#8243;]<div class=\"gambit_fullheight_row\" data-content-location=\"center\" style=\"display: none\"><\/div><div id=\"rowvcpt-row-settings\" class=\"rowvcpt-row-set RowVcPt-row-setting6a01bc1cc019d \" data-no=\"RowVcPt-row-setting6a01bc1cc019d\"><div  id=\"bgGallaryslide6a01bc1cc01a1\" class=\"rowvcpt-slideshow \"><\/div><script type=\"text\/javascript\">\n(function($) {\n$(\"#bgGallaryslide6a01bc1cc01a1\").vegas({\n        overlay: \"https:\/\/clubdepoesia.com\/karlaruizserrano\/wp-content\/plugins\/ultimate-row-background\/css\/overlays\/0'.esc_attr(1.png).'\",\n        transitionDuration: 4e3,\n        delay: 7000,\n        slides: [{src: \"https:\/\/clubdepoesia.com\/karlaruizserrano\/files\/2019\/03\/mldrlym81ja.jpg\",transition: \"fade2\",transitionDuration: 5000},{src: \"https:\/\/clubdepoesia.com\/karlaruizserrano\/files\/2019\/03\/k4yhor-lyos.jpg\",transition: \"fade2\",transitionDuration: 5000},{src: \"https:\/\/clubdepoesia.com\/karlaruizserrano\/files\/2019\/03\/esepegxqvnq.jpg\",transition: \"fade2\",transitionDuration: 5000},{src: \"https:\/\/clubdepoesia.com\/karlaruizserrano\/files\/2019\/03\/6qnef_b47ea.jpg\",transition: \"fade2\",transitionDuration: 5000},{src: \"https:\/\/clubdepoesia.com\/karlaruizserrano\/files\/2019\/03\/jxrhsxbzgck.jpg\",transition: \"fade2\",transitionDuration: 5000},{src: \"https:\/\/clubdepoesia.com\/karlaruizserrano\/files\/2019\/03\/xq778lln5no.jpg\",transition: \"fade2\",transitionDuration: 5000},]\n    });\t\t\n})(jQuery);\n<\/script><div class=\"rowvcpt-overlay\" style=\"background:rgba(255,255,255,0.69)\"><\/div><\/div>[vc_single_image image=&#8221;12&#8243; img_size=&#8221;full&#8221; alignment=&#8221;center&#8221;][\/vc_column][\/vc_row][vc_row][vc_column extend=&#8221;false&#8221;]<div class=\"gambit_fullheight_row\" data-content-location=\"center\" style=\"display: none\"><\/div><div class='gambit_parallax_row' data-bg-align='' data-direction='fixed' data-opacity='100' data-velocity='-0.3' data-mobile-enabled='parallax-enable-mobile' data-bg-height='1200' data-bg-width='800' data-bg-image='https:\/\/clubdepoesia.com\/karlaruizserrano\/files\/2019\/03\/b3rs5ihq_gk.jpg' data-bg-repeat='false' data-id='' style='display: none'><\/div>[\/vc_column][\/vc_row][vc_row][vc_column extend=&#8221;false&#8221;]<div class=\"gambit_fullheight_row\" data-content-location=\"center\" style=\"display: none\"><\/div><div id=\"rowvcpt-row-settings\" class=\"rowvcpt-row-set RowVcPt-row-setting6a01bc1cc1302 \" data-no=\"RowVcPt-row-setting6a01bc1cc1302\"><div  id=\"bgGallaryslide6a01bc1cc1305\" class=\"rowvcpt-slideshow \"><\/div><script type=\"text\/javascript\">\n(function($) {\n$(\"#bgGallaryslide6a01bc1cc1305\").vegas({\n        overlay: \"https:\/\/clubdepoesia.com\/karlaruizserrano\/wp-content\/plugins\/ultimate-row-background\/css\/overlays\/0'.esc_attr(1.png).'\",\n        transitionDuration: 4e3,\n        delay: 7000,\n        slides: [{src: \"https:\/\/clubdepoesia.com\/karlaruizserrano\/files\/2019\/03\/m10qay1sj28.jpg\",transition: \"fade2\",transitionDuration: 5000},{src: \"https:\/\/clubdepoesia.com\/karlaruizserrano\/files\/2019\/03\/uvwgoo4c1vq.jpg\",transition: \"fade2\",transitionDuration: 5000},{src: \"https:\/\/clubdepoesia.com\/karlaruizserrano\/files\/2019\/03\/84pc_exlprg.jpg\",transition: \"fade2\",transitionDuration: 5000},]\n    });\t\t\n})(jQuery);\n<\/script><div class=\"rowvcpt-overlay\" style=\"background:rgba(255,255,255,0.69)\"><\/div><\/div><div id=\"uvc-type-wrap-4018\"  data-ultimate-target='#uvc-type-wrap-4018'  data-responsive-json-new='{\"font-size\":\"\",\"line-height\":\"\"}'  class=\"uvc-type-wrap vc_custom_1553421791926 ult-adjust-bottom-margin ult-responsive  uvc-type-align-center uvc-type-no-prefix uvc-wrap-12662576146a01bc1cc1973\" style=\"text-align:center;\"><span id=\"typed-12662576146a01bc1cc1973\" class=\"ultimate-typed-main \" style=\" font-weight:bold; text-transform: unset;\"><\/span><script type=\"text\/javascript\">\n\t\t\t\t\t\tjQuery(function($){ \n\t\t\t\t\t\t\t$(document).ready(function(){\n\t\t\t\t\t\t\t\tif( typeof jQuery(\"#typed-12662576146a01bc1cc1973\").typed == \"function\"){\n\t\t\t\t\t\t\t\t\t$(\"#typed-12662576146a01bc1cc1973\").typed({\n\t\t\t\t\t\t\t\t\t\tstrings: [\"No es por la magia, ni por los besos que colocas en mi frente cada ma\u00f1ana al\",\"despertar. Tampoco es porque todo el ruido se vuelve silencio con el sonido de\",\"tu risa, ni porque tus manos conozcan la f\u00f3rmula secreta para dar forma a mi\",\"locura. No te atrevas a pensar que es porque desde que te conozco no me dan\",\"miedo las alturas, ni mucho menos que es porque mis monstruos cada vez me\",\"asustan menos si te tengo a mi lado.\",\"Tal vez, solo tal vez, simplemente sea\",\"por todo aquello que callas\",\"y me susurras con la mirada.\"],\n\t\t\t\t\t\t\t\t\t\ttypeSpeed: 35,\n\t\t\t\t\t\t\t\t\t\tbackSpeed: 0,\n\t\t\t\t\t\t\t\t\t\tstartDelay: \"200\",\n\t\t\t\t\t\t\t\t\t\tbackDelay: \"1500\",\n\t\t\t\t\t\t\t\t\t\tloop: true,\n\t\t\t\t\t\t\t\t\t\tloopCount: false,\n\t\t\t\t\t\t\t\t\t\tshowCursor: true,\n\t\t\t\t\t\t\t\t\t\tcursorChar: \"|\",\n\t\t\t\t\t\t\t\t\t\tattr: null\n\t\t\t\t\t\t\t\t\t});\n\t\t\t\t\t\t\t\t}\n\t\t\t\t\t\t\t});\n\t\t\t\t\t\t});\n\t\t\t\t\t<\/script><\/div>[\/vc_column][\/vc_row][vc_row][vc_column extend=&#8221;false&#8221;]<div class=\"gambit_fullheight_row\" data-content-location=\"center\" style=\"display: none\"><\/div><div class='gambit_parallax_row' data-bg-align='' data-direction='fixed' data-opacity='50' data-velocity='-0.3' data-mobile-enabled='parallax-enable-mobile' data-bg-height='1152' data-bg-width='768' data-bg-image='https:\/\/clubdepoesia.com\/karlaruizserrano\/files\/2019\/03\/J8A7357_OilPaint_Davinci-Mediano.jpg' data-bg-repeat='false' data-id='' style='display: none'><\/div>[vc_column_text]\n<p style=\"text-align: center;\"><a class=\"fasc-button fasc-size-xlarge fasc-type-glossy fasc-rounded-medium fasc-style-bold\" style=\"background-color: #339e5a; color: #ffffff;\" href=\"https:\/\/librodepoesia.com\/autor\/karla-ruiz-serrano\/\">COMPRA SUS LIBROS<\/a><\/p>\n[\/vc_column_text][\/vc_column][\/vc_row][vc_row][vc_column extend=&#8221;false&#8221;][vc_column_text css=&#8221;.vc_custom_1541094574844{margin-top: -30000px !important;}&#8221;]\n<h1><u>KARLA RUIZ SERRANO es el escritor<em> de <strong>LO QUE JAM\u00c1S DEB\u00cd CALLAR<\/strong><\/em>. <strong><em>el escritor y poeta <\/em><\/strong>acaba de <a href=\"http:\/\/publicarunlibro.gdn\"><strong><em>publicar un libro <\/em><\/strong><\/a>de poes\u00eda con la <strong><em>Editorial Poes\u00eda eres t\u00fa. Considerado como uno de los mejores poetas espa\u00f1oles.<\/em><\/strong><\/u><\/h1>\n<h2><strong><em><u>LO QUE JAM\u00c1S DEB\u00cd CALLAR ha sido escrito por KARLA RUIZ SERRANO Considerado como uno de los mejores poetas espa\u00f1oles, algunos afirman que es el mejor poeta espa\u00f1ol. el escritor sabe como <a href=\"http:\/\/publicarunlibro.ovh\">publicar un libro<\/a> de poes\u00eda con la Editorial Poes\u00eda eres t\u00fa<\/u><\/em><\/strong><\/h2>\n<h3><strong><em>Trabajamos con distribuidoras de libros que acercan los libros a las librer\u00edas, pero contamos tambi\u00e9n con las siguientes librerias de apoyo en internet para que ning\u00fan lector se quede sin su <a href=\"http:\/\/librodepoesia.com\">libro de poes\u00eda<\/a>: Libreria GEPA, Libreria Website, La librer\u00eda del escritor, El rinc\u00f3n de los libros.<\/em><\/strong><\/h3>\n<p><strong><em>Informamos de como publicar un libro y el precio de publicar un libro<\/em><\/strong><\/p>\n<p><strong><em>As\u00ed mismo colaboramos con la <a href=\"http:\/\/editorespoesia.com\">Asociaci\u00f3n de editores de poes\u00eda<\/a> y la <a href=\"http:\/\/escritoresycriticos.com\">Asociaci\u00f3n Madrile\u00f1a de escritores y cr\u00edticos literarios<\/a> (<a href=\"http:\/\/escritoresycriticos.com\">Cr\u00edtica de Vigo<\/a>).<\/em><\/strong><\/p>\n<p><strong><em>Trabajamos con varias imprentas y contamos con nuestra propia <a href=\"http:\/\/artesgraficas.info\/\">imprenta<\/a> Herederos de Izquierdo y Vigo impresores.<\/em><\/strong><\/p>\n<p><strong><em>Puedes conocernos en nuestra p\u00e1gina del Grupo Editorial. Contamos con una sede en Vigo y otra en Jumilla (Murcia)<\/em><\/strong><\/p>\n<p><strong><em>Somos especialitas en la edici\u00f3n del <a href=\"http:\/\/libropoesia.com\/\">libro de poes\u00eda<\/a><\/em><\/strong><\/p>\n<p><strong><em><u>KARLA RUIZ SERRANO Considerado como uno de los mejores poetas espa\u00f1oles, algunos afirman que es el mejor poeta espa\u00f1oles es el escritor de LO QUE JAM\u00c1S DEB\u00cd CALLAR. El poeta conoce el precio de <a href=\"http:\/\/publicarunlibro.pro\">publicar un libro<\/a> de poes\u00eda con la Editorial Poes\u00eda eres t\u00fa<\/u><\/em><\/strong><\/p>\n<h4><strong><em><u>KARLA RUIZ SERRANO Considerado como uno de los mejores poetas espa\u00f1oles, algunos afirman que es el mejor poeta espa\u00f1oles es el escritor de LO QUE JAM\u00c1S DEB\u00cd CALLAR. La poeta sabe como <a href=\"http:\/\/publicarunlibro.xyz\">publicar un libro<\/a> de poes\u00eda con la Editorial Poes\u00eda eres t\u00fa<\/u><\/em><\/strong><\/h4>\n<h5><strong><em><u>KARLA RUIZ SERRANO considerado como uno de los mejores poetas espa\u00f1oles, algunos afirman que es el mejor poeta espa\u00f1ol es el escritor de LO QUE JAM\u00c1S DEB\u00cd CALLAR. La poeta sabe el precio de <a href=\"http:\/\/publicarunlibro.info\">publicar un libro<\/a> de poes\u00eda con la Editorial Poes\u00eda eres t\u00fa<\/u><\/em><\/strong><\/h5>\n<p>&nbsp;<\/p>\n<p><strong><em><u>El <a href=\"http:\/\/grupoeditorialperezayala.com\">Grupo Editorial P\u00e9rez-Ayala<\/a>, est\u00e1 formado por los siguientes sellos <a href=\"http:\/\/editorialpoesia.com\">editoriales<\/a>: <a href=\"http:\/\/poesiaerestu.com\">Editorial Poes\u00eda eres t\u00fa<\/a>, <a href=\"http:\/\/edicionesrilke.com\">Ediciones Rilke<\/a> <a href=\"http:\/\/editorialpoesia.com\">Editorial poes\u00eda<\/a>, <a href=\"http:\/\/editorial.org.es\">Editorial<\/a> <a href=\"http:\/\/edicionesamaniel.com\">Ediciones Amaniel<\/a>, <a href=\"http:\/\/editorial.org.es\">Editorial<\/a> <a href=\"http:\/\/edicionesazorin.com\">Ediciones Azor\u00edn un sello regional para Alicante y Murcia<\/a>.<\/u><\/em><\/strong><\/p>\n<p><strong><em><u>Para ayudar a la promoci\u00f3n de los libros contamos con diferentes plataformas en internet como <a href=\"http:\/\/poesiatv.com\">Poes\u00eda Televisi\u00f3n<\/a>, <a href=\"http:\/\/librodepoesia.com\">libro de poes\u00eda<\/a>, Club de poes\u00eda, Blog de escritor, Blog de poes\u00eda, <a href=\"https:\/\/agenciadellibro.com\">Agencia del libro<\/a>, Nuestras librerias, <a href=\"http:\/\/publicarlibro.com.es\">Publicar libro<\/a> &#8211; <a href=\"http:\/\/publicarlibro.es\">Publicar un libro<\/a>, Revista Poes\u00eda eres t\u00fa, Antolog\u00edas po\u00e9ticas, <a href=\"http:\/\/poesiapoetas.com\">Poes\u00eda y poetas.<\/a><\/u><\/em><\/strong>[\/vc_column_text][\/vc_column][\/vc_row]\n<\/div>","protected":false},"excerpt":{"rendered":"<p>[vc_row][vc_column extend=&#8221;false&#8221;][vc_column_text css=&#8221;.vc_custom_1547372169956{margin-top: -30000px !important;}&#8221;] KARLA RUIZ SERRANO es el escritor de LO QUE JAM\u00c1S DEB\u00cd CALLAR. El escritor y poeta acaba de publicar un libro de poes\u00eda con la Editorial Poes\u00eda eres t\u00fa. Considerado como uno de los mejores poetas espa\u00f1oles. LO QUE JAM\u00c1S DEB\u00cd CALLAR ha sido escrito por KARLA RUIZ SERRANO Considerado [&hellip;]<\/p>\n","protected":false},"author":24,"featured_media":0,"parent":0,"menu_order":0,"comment_status":"closed","ping_status":"closed","template":"","meta":{"footnotes":"","_links_to":"","_links_to_target":""},"class_list":["post-4","page","type-page","status-publish","hentry"],"_links":{"self":[{"href":"https:\/\/clubdepoesia.com\/karlaruizserrano\/wp-json\/wp\/v2\/pages\/4","targetHints":{"allow":["GET"]}}],"collection":[{"href":"https:\/\/clubdepoesia.com\/karlaruizserrano\/wp-json\/wp\/v2\/pages"}],"about":[{"href":"https:\/\/clubdepoesia.com\/karlaruizserrano\/wp-json\/wp\/v2\/types\/page"}],"author":[{"embeddable":true,"href":"https:\/\/clubdepoesia.com\/karlaruizserrano\/wp-json\/wp\/v2\/users\/24"}],"replies":[{"embeddable":true,"href":"https:\/\/clubdepoesia.com\/karlaruizserrano\/wp-json\/wp\/v2\/comments?post=4"}],"version-history":[{"count":0,"href":"https:\/\/clubdepoesia.com\/karlaruizserrano\/wp-json\/wp\/v2\/pages\/4\/revisions"}],"wp:attachment":[{"href":"https:\/\/clubdepoesia.com\/karlaruizserrano\/wp-json\/wp\/v2\/media?parent=4"}],"curies":[{"name":"wp","href":"https:\/\/api.w.org\/{rel}","templated":true}]}}