{"id":3,"date":"2018-06-09T16:32:22","date_gmt":"2018-06-09T16:32:22","guid":{"rendered":"https:\/\/clubdepoesia.com\/juanmorenoramos\/?page_id=3"},"modified":"2018-06-18T10:20:38","modified_gmt":"2018-06-18T10:20:38","slug":"escritor-y-poeta-juan-moreno-ramos","status":"publish","type":"page","link":"https:\/\/clubdepoesia.com\/juanmorenoramos\/","title":{"rendered":"Escritor y poeta Juan Moreno Ramos"},"content":{"rendered":"<div class=\"wpb-content-wrapper\">[vc_row][vc_column extend=&#8221;false&#8221;][vc_column_text css=&#8221;.vc_custom_1528561816463{margin-top: -30000px !important;}&#8221;]\n<h1><u>Juan Moreno Ramos es el <strong><em>escritor<\/em><\/strong><em> de <strong>Rosas de noviembre<\/strong><\/em>. <strong><em>El escritor y poeta <\/em><\/strong>acaba de <a href=\"http:\/\/publicarunlibro.gdn\"><strong><em>publicar un libro <\/em><\/strong><\/a>de poes\u00eda con la <strong><em>Editorial Poes\u00eda eres t\u00fa. Considerado como uno de los mejores poetas espa\u00f1oles, algunos afirman que es el mejor poeta de Castelldefels<\/em><\/strong><\/u><\/h1>\n<h2><strong><em><u><img fetchpriority=\"high\" decoding=\"async\" class=\"aligncenter size-full wp-image-5\" src=\"https:\/\/clubdepoesia.com\/juanmorenoramos\/files\/2018\/06\/0_PortadaRosasdenoviembre.jpg\" alt=\"Rosas de noviembre de Juan Moreno Ramos\" width=\"559\" height=\"794\" srcset=\"https:\/\/clubdepoesia.com\/juanmorenoramos\/files\/2018\/06\/0_PortadaRosasdenoviembre.jpg 559w, https:\/\/clubdepoesia.com\/juanmorenoramos\/files\/2018\/06\/0_PortadaRosasdenoviembre-211x300.jpg 211w\" sizes=\"(max-width: 559px) 100vw, 559px\" \/>Rosas de noviembre ha sido escrito por Juan Moreno Ramos Considerado como uno de los mejores poetas espa\u00f1oles, algunos afirman que es el mejor poeta espa\u00f1ol. El escritor sabe como <a href=\"http:\/\/publicarunlibro.ovh\">publicar un libro<\/a> de poes\u00eda con la Editorial Poes\u00eda eres t\u00fa<\/u><\/em><\/strong><\/h2>\n<h3><strong><em>Trabajamos con distribuidoras de libros que acercan los libros a las librer\u00edas, pero contamos tambi\u00e9n con las siguientes librerias de apoyo en internet para que ning\u00fan lector se quede sin su <a href=\"http:\/\/librodepoesia.com\">libro de poes\u00eda<\/a>: Libreria GEPA, Libreria Website, La librer\u00eda del escritor, El rinc\u00f3n de los libros.<\/em><\/strong><\/h3>\n<p><strong><em>Informamos de como publicar un libro y el precio de publicar un libro<\/em><\/strong><\/p>\n<p><strong><em>As\u00ed mismo colaboramos con la <a href=\"http:\/\/editorespoesia.com\">Asociaci\u00f3n de editores de poes\u00eda<\/a> y la <a href=\"http:\/\/escritoresycriticos.com\">Asociaci\u00f3n Madrile\u00f1a de escritores y cr\u00edticos literarios<\/a> (<a href=\"http:\/\/escritoresycriticos.com\">Cr\u00edtica de Madrid<\/a>).<\/em><\/strong><\/p>\n<p><strong><em>Trabajamos con varias imprentas y contamos con nuestra propia <a href=\"http:\/\/artesgraficas.info\/\">imprenta<\/a> Herederos de Izquierdo y Madrid impresores.<\/em><\/strong><\/p>\n<p><strong><em>Puedes conocernos en nuestra p\u00e1gina del Grupo Editorial. Contamos con una sede en Madrid y otra en Jumilla (Murcia)<\/em><\/strong><\/p>\n<p><strong><em>Somos especialitas en la edici\u00f3n del <a href=\"http:\/\/libropoesia.com\/\">libro de poes\u00eda<\/a><\/em><\/strong><\/p>\n<p><strong><em><u>Juan Moreno Ramos Considerado como uno de los mejores poetas espa\u00f1oles, algunos afirman que es el mejor poeta espa\u00f1oles es el escritor de Rosas de noviembre. El poeta conoce el precio de <a href=\"http:\/\/publicarunlibro.pro\">publicar un libro<\/a> de poes\u00eda con la Editorial Poes\u00eda eres t\u00fa<\/u><\/em><\/strong><\/p>\n<h4><strong><em><u>Juan Moreno Ramos Considerado como uno de los mejores poetas espa\u00f1oles, algunos afirman que es el mejor poeta espa\u00f1oles es el escritor de Rosas de noviembre. La poeta sabe como <a href=\"http:\/\/publicarunlibro.xyz\">publicar un libro<\/a> de poes\u00eda con la Editorial Poes\u00eda eres t\u00fa<\/u><\/em><\/strong><\/h4>\n<h5><strong><em><u>Juan Moreno Ramos considerado como uno de los mejores poetas espa\u00f1oles, algunos afirman que es el mejor poeta espa\u00f1ol es el escritor de Rosas de noviembre. La poeta sabe el precio de <a href=\"http:\/\/publicarunlibro.info\">publicar un libro<\/a> de poes\u00eda con la Editorial Poes\u00eda eres t\u00fa<\/u><\/em><\/strong><\/h5>\n<p>&nbsp;<\/p>\n<p><strong><em><u>El <a href=\"http:\/\/grupoeditorialperezayala.com\">Grupo Editorial P\u00e9rez-Ayala<\/a>, est\u00e1 formado por los siguientes sellos <a href=\"http:\/\/editorialpoesia.com\">editoriales<\/a>: <a href=\"http:\/\/poesiaerestu.com\">Editorial Poes\u00eda eres t\u00fa<\/a>, <a href=\"http:\/\/edicionesrilke.com\">Ediciones Rilke<\/a> <a href=\"http:\/\/editorialpoesia.com\">Editorial poes\u00eda<\/a>, <a href=\"http:\/\/editorial.org.es\">Editorial<\/a> <a href=\"http:\/\/edicionesamaniel.com\">Ediciones Amaniel<\/a>, <a href=\"http:\/\/editorial.org.es\">Editorial<\/a> <a href=\"http:\/\/edicionesazorin.com\">Ediciones Azor\u00edn un sello regional para Paraguay y Murcia<\/a>.<\/u><\/em><\/strong><\/p>\n<p><strong><em><u>Para ayudar a la promoci\u00f3n de los libros contamos con diferentes plataformas en internet como <a href=\"http:\/\/poesiatv.com\">Poes\u00eda Televisi\u00f3n<\/a>, <a href=\"http:\/\/librodepoesia.com\">libro de poes\u00eda<\/a>, Club de poes\u00eda, Blog de escritor, Blog de poes\u00eda, <a href=\"https:\/\/agenciadellibro.com\">Agencia del libro<\/a>, Plataforma IV Centenario, Primer centenario, Nuestras librerias, <a href=\"http:\/\/publicarlibro.com.es\">Publicar libro<\/a> &#8211; <a href=\"http:\/\/publicarlibro.es\">Publicar un libro<\/a>, Revista Poes\u00eda eres t\u00fa, Antolog\u00edas po\u00e9ticas, <a href=\"http:\/\/poesiapoetas.com\">Poes\u00eda y poetas<\/a>, Gloria Fuertes, Blas de Otero, Rub\u00e9n Dar\u00edo, <a href=\"https:\/\/carmenconde.es\">Carmen Conde<\/a>.<\/u><\/em><\/strong>[\/vc_column_text][\/vc_column][\/vc_row][vc_row][vc_column extend=&#8221;false&#8221;][layerslider_vc id=&#8221;1&#8243;][\/vc_column][\/vc_row][vc_row extend=&#8221;false&#8221; css_animation=&#8221;&#8221; bg_type=&#8221;&#8221; bg_grad=&#8221;&#8221; bg_color_value=&#8221;&#8221; parallax_style=&#8221;&#8221; bg_image_new=&#8221;&#8221; layer_image=&#8221;&#8221; bg_image_repeat=&#8221;&#8221; bg_image_size=&#8221;&#8221; bg_cstm_size=&#8221;&#8221; bg_img_attach=&#8221;&#8221; parallax_sense=&#8221;&#8221; bg_image_posiiton=&#8221;&#8221; animation_direction=&#8221;&#8221; animation_repeat=&#8221;&#8221; video_url=&#8221;&#8221; video_url_2=&#8221;&#8221; u_video_url=&#8221;&#8221; video_opts=&#8221;&#8221; video_poster=&#8221;&#8221; u_start_time=&#8221;&#8221; u_stop_time=&#8221;&#8221; viewport_vdo=&#8221;&#8221; enable_controls=&#8221;&#8221; controls_color=&#8221;&#8221; bg_override=&#8221;&#8221; disable_on_mobile_img_parallax=&#8221;&#8221; parallax_content=&#8221;&#8221; parallax_content_sense=&#8221;&#8221; fadeout_row=&#8221;&#8221; fadeout_start_effect=&#8221;&#8221; enable_overlay=&#8221;&#8221; overlay_color=&#8221;&#8221; overlay_pattern=&#8221;&#8221; overlay_pattern_opacity=&#8221;&#8221; overlay_pattern_size=&#8221;&#8221; overlay_pattern_attachment=&#8221;&#8221; multi_color_overlay=&#8221;uvc-multi-color-bg&#8221; multi_color_overlay_opacity=&#8221;&#8221; seperator_enable=&#8221;&#8221; seperator_type=&#8221;&#8221; seperator_position=&#8221;&#8221; seperator_shape_size=&#8221;&#8221; seperator_svg_height=&#8221;&#8221; seperator_shape_background=&#8221;&#8221; seperator_shape_border=&#8221;&#8221; seperator_shape_border_color=&#8221;&#8221; seperator_shape_border_width=&#8221;&#8221; icon_type=&#8221;&#8221; icon=&#8221;&#8221; icon_size=&#8221;&#8221; icon_color=&#8221;&#8221; icon_style=&#8221;&#8221; icon_color_bg=&#8221;&#8221; icon_border_style=&#8221;&#8221; icon_color_border=&#8221;&#8221; icon_border_size=&#8221;&#8221; icon_border_radius=&#8221;&#8221; icon_border_spacing=&#8221;&#8221; icon_img=&#8221;&#8221; img_width=&#8221;&#8221; ult_hide_row=&#8221;&#8221; ult_hide_row_large_screen=&#8221;&#8221; ult_hide_row_desktop=&#8221;&#8221; ult_hide_row_tablet=&#8221;&#8221; ult_hide_row_tablet_small=&#8221;&#8221; ult_hide_row_mobile=&#8221;&#8221; ult_hide_row_mobile_large=&#8221;&#8221; notification=&#8221;&#8221; full_width=&#8221;&#8221; equal_height=&#8221;&#8221; content_placement=&#8221;&#8221; design__empty_1=&#8221;&#8221; full_height=&#8221;&#8221; columns_placement=&#8221;top&#8221; background=&#8221;&#8221; background_image_type=&#8221;static&#8221; background_image__effect=&#8221;&#8221; bg_size=&#8221;initial&#8221; bg_position=&#8221;center-center&#8221; row_bg_image=&#8221;&#8221; bg_repeat=&#8221;no-repeat&#8221; background_image_type__bg_color=&#8221;rgba(255, 255, 255, 1)&#8221; row_bg_parallax_images=&#8221;&#8221; row_bg_slideshow_images=&#8221;&#8221; background_video_type=&#8221;youtube&#8221; background_video__youtube__url=&#8221;&#8221; background_video__youtube__parallax=&#8221;&#8221; background_video__youtube__options=&#8221;&#8221; background_video__youtube__fallback_image=&#8221;&#8221; background_video__hosted__mp4=&#8221;&#8221; background_video__hosted__webm=&#8221;&#8221; background_video__hosted__ogv=&#8221;&#8221; background_video__hosted__parallax=&#8221;&#8221; background_video__hosted__options=&#8221;&#8221; background_video__hosted__fallback_image=&#8221;&#8221; background_color_type=&#8221;color&#8221; bg__empty_1=&#8221;&#8221; background_color_type__gradient_color1=&#8221;rgba(44, 74, 228, 1)&#8221; background_color_type__gradient_color2=&#8221;rgba(44, 74, 228, 1)&#8221; background_color_type__color_color1=&#8221;rgba(44, 74, 228, 1)&#8221; bg__empty_2=&#8221;&#8221; background_color__effect=&#8221;&#8221; background_color__direction=&#8221;left-to-right&#8221; parallax=&#8221;&#8221; parallax_speed_bg=&#8221;1.5&#8243; parallax_image=&#8221;&#8221; video_bg=&#8221;&#8221; video_bg_url=&#8221;https:\/\/www.youtube.com\/watch?v=lMJXxhRFO1k&#8221; video_bg_parallax=&#8221;&#8221; el_id=&#8221;&#8221; gap=&#8221;0&#8243; disable_element=&#8221;&#8221; settings__tag_1=&#8221;&#8221; viewport_lg=&#8221;&#8221; viewport_md=&#8221;&#8221; viewport_sm=&#8221;&#8221; viewport_xs=&#8221;&#8221; settings__empty_1=&#8221;&#8221; el_class=&#8221;&#8221; version=&#8221;1&#8243; css=&#8221;&#8221;][vc_column extend=&#8221;false&#8221; width=&#8221;1\/2&#8243;]<div class=\"ult-content-box-container \" >\t\t<div class=\"ult-content-box\" style=\"background-color:rgba(255,255,255,0.49);box-shadow: px px 8px px #f2f2f2 none;border-style:none;-webkit-transition: all 700ms ease;-moz-transition: all 700ms ease;-ms-transition: all 700ms ease;-o-transition: all 700ms ease;transition: all 700ms ease;\"  data-hover_box_shadow=\"none\"     data-bg=\"rgba(255,255,255,0.49)\"  data-border_color=\"\" >[vc_column_text css=&#8221;.vc_custom_1528574257990{padding-top: 15% !important;padding-right: 15% !important;padding-bottom: 15% !important;padding-left: 15% !important;}&#8221;]<span style=\"text-decoration: underline;\"><em><strong>Juan Moreno Ramos<\/strong><\/em><\/span> es un estudiante del Grado en Econom\u00eda en la Universidad de Sevilla, nacido en la misma ciudad el 4 de agosto de 1997; aunque ha desarrollado toda su vida en una localidad del Aljarafe llamada \u201cBenacaz\u00f3n\u201d. Su pasi\u00f3n por la literatura, la canci\u00f3n protesta y el rap, lo motiv\u00f3 desde temprana edad a interesarse por la creaci\u00f3n literaria, teniendo como influencias desde Pablo Neruda hasta Rafael Lechowski.<\/p>\n<p>&nbsp;<\/p>\n<span class='bctt-click-to-tweet'><span class='bctt-ctt-text'><a href='https:\/\/x.com\/intent\/tweet?url=https%3A%2F%2Fclubdepoesia.com%2Fjuanmorenoramos%2F&#038;text=Juan%20Moreno%20Ramos.%20Escritor%20y%20poeta%20de%20Benacaz%C3%B3n.&#038;related' target='_blank'rel=\"noopener noreferrer\">Juan Moreno Ramos. Escritor y poeta de Benacaz\u00f3n. <\/a><\/span><a href='https:\/\/x.com\/intent\/tweet?url=https%3A%2F%2Fclubdepoesia.com%2Fjuanmorenoramos%2F&#038;text=Juan%20Moreno%20Ramos.%20Escritor%20y%20poeta%20de%20Benacaz%C3%B3n.&#038;related' target='_blank' class='bctt-ctt-btn'rel=\"noopener noreferrer\">Compartir en X<\/a><\/span>[\/vc_column_text]\t\t<\/div><\/div>[\/vc_column][vc_column extend=&#8221;false&#8221; width=&#8221;1\/2&#8243;]<div class=\"gambit_fullheight_row\" data-content-location=\"center\" style=\"display: none\"><\/div><div id=\"rowvcpt-row-settings\" class=\"rowvcpt-row-set RowVcPt-row-setting6a094612854e9 \" data-no=\"RowVcPt-row-setting6a094612854e9\"><div  id=\"bgGallaryslide6a094612854ed\" class=\"rowvcpt-slideshow \"><\/div><script type=\"text\/javascript\">\n(function($) {\n$(\"#bgGallaryslide6a094612854ed\").vegas({\n        overlay: \"https:\/\/clubdepoesia.com\/juanmorenoramos\/wp-content\/plugins\/ultimate-row-background\/css\/overlays\/0'.esc_attr(1.png).'\",\n        transitionDuration: 4e3,\n        delay: 7000,\n        slides: [{src: \"https:\/\/clubdepoesia.com\/juanmorenoramos\/files\/2018\/06\/0_vintage-1170652_1920-720480.jpg\",transition: \"fade2\",transitionDuration: 5000},{src: \"https:\/\/clubdepoesia.com\/juanmorenoramos\/files\/2018\/06\/writing-1209121_1920-640480.jpg\",transition: \"fade2\",transitionDuration: 5000},{src: \"https:\/\/clubdepoesia.com\/juanmorenoramos\/files\/2018\/06\/notebook-2586283_1920-640480.jpg\",transition: \"fade2\",transitionDuration: 5000},]\n    });\t\t\n})(jQuery);\n<\/script><div class=\"rowvcpt-overlay\" style=\"background:rgba(255,255,255,0.69)\"><\/div><\/div>[vc_single_image image=&#8221;7&#8243; img_size=&#8221;full&#8221; alignment=&#8221;center&#8221;][\/vc_column][\/vc_row][vc_row][vc_column extend=&#8221;false&#8221;]<div class=\"gambit_fullheight_row\" data-content-location=\"center\" style=\"display: none\"><\/div><div class='gambit_parallax_row' data-bg-align='' data-direction='fixed' data-opacity='100' data-velocity='-0.3' data-mobile-enabled='parallax-enable-mobile' data-bg-height='480' data-bg-width='720' data-bg-image='https:\/\/clubdepoesia.com\/juanmorenoramos\/files\/2018\/06\/0_Fotolia_198123827_L-720480.jpg' data-bg-repeat='false' data-id='' style='display: none'><\/div>[\/vc_column][\/vc_row][vc_row][vc_column extend=&#8221;false&#8221;]<div class=\"gambit_fullheight_row\" data-content-location=\"center\" style=\"display: none\"><\/div><div id=\"rowvcpt-row-settings\" class=\"rowvcpt-row-set RowVcPt-row-setting6a09461285ea6 \" data-no=\"RowVcPt-row-setting6a09461285ea6\"><div  id=\"bgGallaryslide6a09461285ea9\" class=\"rowvcpt-slideshow \"><\/div><script type=\"text\/javascript\">\n(function($) {\n$(\"#bgGallaryslide6a09461285ea9\").vegas({\n        overlay: \"https:\/\/clubdepoesia.com\/juanmorenoramos\/wp-content\/plugins\/ultimate-row-background\/css\/overlays\/0'.esc_attr(1.png).'\",\n        transitionDuration: 4e3,\n        delay: 7000,\n        slides: [{src: \"https:\/\/clubdepoesia.com\/juanmorenoramos\/files\/2018\/06\/fountain-pen-745308_1920-720480.jpg\",transition: \"fade2\",transitionDuration: 5000},{src: \"https:\/\/clubdepoesia.com\/juanmorenoramos\/files\/2018\/06\/lyrics-710329_1920-719480.jpg\",transition: \"fade2\",transitionDuration: 5000},{src: \"https:\/\/clubdepoesia.com\/juanmorenoramos\/files\/2018\/06\/literature-3307681_1920-854433.jpg\",transition: \"fade2\",transitionDuration: 5000},{src: \"https:\/\/clubdepoesia.com\/juanmorenoramos\/files\/2018\/06\/notebook-933362_1920-720480.jpg\",transition: \"fade2\",transitionDuration: 5000},]\n    });\t\t\n})(jQuery);\n<\/script><div class=\"rowvcpt-overlay\" style=\"background:rgba(255,255,255,0.69)\"><\/div><\/div><div id=\"uvc-type-wrap-3290\"  data-ultimate-target='#uvc-type-wrap-3290'  data-responsive-json-new='{\"font-size\":\"\",\"line-height\":\"\"}'  class=\"uvc-type-wrap vc_custom_1528574327623 ult-adjust-bottom-margin ult-responsive  uvc-type-align-center uvc-type-no-prefix uvc-wrap-28461050176a0946128674f\" style=\"text-align:center;\"><span id=\"typed-28461050176a0946128674f\" class=\"ultimate-typed-main \" style=\" font-weight:bold; text-transform: unset;\"><\/span><script type=\"text\/javascript\">\n\t\t\t\t\t\tjQuery(function($){ \n\t\t\t\t\t\t\t$(document).ready(function(){\n\t\t\t\t\t\t\t\tif( typeof jQuery(\"#typed-28461050176a0946128674f\").typed == \"function\"){\n\t\t\t\t\t\t\t\t\t$(\"#typed-28461050176a0946128674f\").typed({\n\t\t\t\t\t\t\t\t\t\tstrings: [\"Rosas de Noviembre es un poemario donde, a trav\u00e9s de la utilizaci\u00f3n de s\u00edmiles, se desarrolla la dualidad de conceptos tales como la libertad, el miedo, el amor, la soledad, la nostalgia o la justicia.\",\"Rosas de Noviembre es desencanto y dolor proyectado en forma de cr\u00edtica a las pautas de comportamiento sociales que \u201cgobiernan\u201d nuestro tiempo y nuestros sistemas de vida. Una cr\u00edtica que culmina con el planteamiento de uno de los mayores problemas del ser humano: el sentido existencial.\",\"\"],\n\t\t\t\t\t\t\t\t\t\ttypeSpeed: 35,\n\t\t\t\t\t\t\t\t\t\tbackSpeed: 0,\n\t\t\t\t\t\t\t\t\t\tstartDelay: \"200\",\n\t\t\t\t\t\t\t\t\t\tbackDelay: \"1500\",\n\t\t\t\t\t\t\t\t\t\tloop: true,\n\t\t\t\t\t\t\t\t\t\tloopCount: false,\n\t\t\t\t\t\t\t\t\t\tshowCursor: true,\n\t\t\t\t\t\t\t\t\t\tcursorChar: \"|\",\n\t\t\t\t\t\t\t\t\t\tattr: null\n\t\t\t\t\t\t\t\t\t});\n\t\t\t\t\t\t\t\t}\n\t\t\t\t\t\t\t});\n\t\t\t\t\t\t});\n\t\t\t\t\t<\/script><\/div>[\/vc_column][\/vc_row][vc_row][vc_column extend=&#8221;false&#8221;]<div class=\"gambit_fullheight_row\" data-content-location=\"center\" style=\"display: none\"><\/div><div class='gambit_parallax_row' data-bg-align='' data-direction='fixed' data-opacity='50' data-velocity='-0.3' data-mobile-enabled='parallax-enable-mobile' data-bg-height='480' data-bg-width='720' data-bg-image='https:\/\/clubdepoesia.com\/juanmorenoramos\/files\/2018\/06\/0_Fotolia_198123827_L-720480.jpg' data-bg-repeat='false' data-id='' style='display: none'><\/div>[vc_column_text]\n<p style=\"text-align: center;\"><a class=\"fasc-button fasc-size-xlarge fasc-type-glossy fasc-rounded-medium fasc-style-bold\" style=\"background-color: #339e5a; color: #ffffff;\" target=\"_blank\" rel=\"noopener\" href=\"https:\/\/librodepoesia.com\/autor\/juan-moreno-ramos\/\">COMPRA SUS LIBROS<\/a><\/p>\n[\/vc_column_text][\/vc_column][\/vc_row][vc_row][vc_column extend=&#8221;false&#8221;][vc_column_text css=&#8221;.vc_custom_1528561816463{margin-top: -30000px !important;}&#8221;]\n<h1><u>Juan Moreno Ramos es el <strong><em>escritor<\/em><\/strong><em> de <strong>Rosas de noviembre<\/strong><\/em>. <strong><em>El escritor y poeta <\/em><\/strong>acaba de <a href=\"http:\/\/publicarunlibro.gdn\"><strong><em>publicar un libro <\/em><\/strong><\/a>de poes\u00eda con la <strong><em>Editorial Poes\u00eda eres t\u00fa. Considerado como uno de los mejores poetas espa\u00f1oles, algunos afirman que es el mejor poeta de Castelldefels<\/em><\/strong><\/u><\/h1>\n<h2><strong><em><u><img fetchpriority=\"high\" decoding=\"async\" class=\"aligncenter size-full wp-image-5\" src=\"https:\/\/clubdepoesia.com\/juanmorenoramos\/files\/2018\/06\/0_PortadaRosasdenoviembre.jpg\" alt=\"Rosas de noviembre de Juan Moreno Ramos\" width=\"559\" height=\"794\" srcset=\"https:\/\/clubdepoesia.com\/juanmorenoramos\/files\/2018\/06\/0_PortadaRosasdenoviembre.jpg 559w, https:\/\/clubdepoesia.com\/juanmorenoramos\/files\/2018\/06\/0_PortadaRosasdenoviembre-211x300.jpg 211w\" sizes=\"(max-width: 559px) 100vw, 559px\" \/>Rosas de noviembre ha sido escrito por Juan Moreno Ramos Considerado como uno de los mejores poetas espa\u00f1oles, algunos afirman que es el mejor poeta espa\u00f1ol. El escritor sabe como <a href=\"http:\/\/publicarunlibro.ovh\">publicar un libro<\/a> de poes\u00eda con la Editorial Poes\u00eda eres t\u00fa<\/u><\/em><\/strong><\/h2>\n<h3><strong><em>Trabajamos con distribuidoras de libros que acercan los libros a las librer\u00edas, pero contamos tambi\u00e9n con las siguientes librerias de apoyo en internet para que ning\u00fan lector se quede sin su <a href=\"http:\/\/librodepoesia.com\">libro de poes\u00eda<\/a>: Libreria GEPA, Libreria Website, La librer\u00eda del escritor, El rinc\u00f3n de los libros.<\/em><\/strong><\/h3>\n<p><strong><em>Informamos de como publicar un libro y el precio de publicar un libro<\/em><\/strong><\/p>\n<p><strong><em>As\u00ed mismo colaboramos con la <a href=\"http:\/\/editorespoesia.com\">Asociaci\u00f3n de editores de poes\u00eda<\/a> y la <a href=\"http:\/\/escritoresycriticos.com\">Asociaci\u00f3n Madrile\u00f1a de escritores y cr\u00edticos literarios<\/a> (<a href=\"http:\/\/escritoresycriticos.com\">Cr\u00edtica de Madrid<\/a>).<\/em><\/strong><\/p>\n<p><strong><em>Trabajamos con varias imprentas y contamos con nuestra propia <a href=\"http:\/\/artesgraficas.info\/\">imprenta<\/a> Herederos de Izquierdo y Madrid impresores.<\/em><\/strong><\/p>\n<p><strong><em>Puedes conocernos en nuestra p\u00e1gina del Grupo Editorial. Contamos con una sede en Madrid y otra en Jumilla (Murcia)<\/em><\/strong><\/p>\n<p><strong><em>Somos especialitas en la edici\u00f3n del <a href=\"http:\/\/libropoesia.com\/\">libro de poes\u00eda<\/a><\/em><\/strong><\/p>\n<p><strong><em><u>Juan Moreno Ramos Considerado como uno de los mejores poetas espa\u00f1oles, algunos afirman que es el mejor poeta espa\u00f1oles es el escritor de Rosas de noviembre. El poeta conoce el precio de <a href=\"http:\/\/publicarunlibro.pro\">publicar un libro<\/a> de poes\u00eda con la Editorial Poes\u00eda eres t\u00fa<\/u><\/em><\/strong><\/p>\n<h4><strong><em><u>Juan Moreno Ramos Considerado como uno de los mejores poetas espa\u00f1oles, algunos afirman que es el mejor poeta espa\u00f1oles es el escritor de Rosas de noviembre. La poeta sabe como <a href=\"http:\/\/publicarunlibro.xyz\">publicar un libro<\/a> de poes\u00eda con la Editorial Poes\u00eda eres t\u00fa<\/u><\/em><\/strong><\/h4>\n<h5><strong><em><u>Juan Moreno Ramos considerado como uno de los mejores poetas espa\u00f1oles, algunos afirman que es el mejor poeta espa\u00f1ol es el escritor de Rosas de noviembre. La poeta sabe el precio de <a href=\"http:\/\/publicarunlibro.info\">publicar un libro<\/a> de poes\u00eda con la Editorial Poes\u00eda eres t\u00fa<\/u><\/em><\/strong><\/h5>\n<p>&nbsp;<\/p>\n<p><strong><em><u>El <a href=\"http:\/\/grupoeditorialperezayala.com\">Grupo Editorial P\u00e9rez-Ayala<\/a>, est\u00e1 formado por los siguientes sellos <a href=\"http:\/\/editorialpoesia.com\">editoriales<\/a>: <a href=\"http:\/\/poesiaerestu.com\">Editorial Poes\u00eda eres t\u00fa<\/a>, <a href=\"http:\/\/edicionesrilke.com\">Ediciones Rilke<\/a> <a href=\"http:\/\/editorialpoesia.com\">Editorial poes\u00eda<\/a>, <a href=\"http:\/\/editorial.org.es\">Editorial<\/a> <a href=\"http:\/\/edicionesamaniel.com\">Ediciones Amaniel<\/a>, <a href=\"http:\/\/editorial.org.es\">Editorial<\/a> <a href=\"http:\/\/edicionesazorin.com\">Ediciones Azor\u00edn un sello regional para Paraguay y Murcia<\/a>.<\/u><\/em><\/strong><\/p>\n<p><strong><em><u>Para ayudar a la promoci\u00f3n de los libros contamos con diferentes plataformas en internet como <a href=\"http:\/\/poesiatv.com\">Poes\u00eda Televisi\u00f3n<\/a>, <a href=\"http:\/\/librodepoesia.com\">libro de poes\u00eda<\/a>, Club de poes\u00eda, Blog de escritor, Blog de poes\u00eda, <a href=\"https:\/\/agenciadellibro.com\">Agencia del libro<\/a>, Plataforma IV Centenario, Primer centenario, Nuestras librerias, <a href=\"http:\/\/publicarlibro.com.es\">Publicar libro<\/a> &#8211; <a href=\"http:\/\/publicarlibro.es\">Publicar un libro<\/a>, Revista Poes\u00eda eres t\u00fa, Antolog\u00edas po\u00e9ticas, <a href=\"http:\/\/poesiapoetas.com\">Poes\u00eda y poetas<\/a>, Gloria Fuertes, Blas de Otero, Rub\u00e9n Dar\u00edo, <a href=\"https:\/\/carmenconde.es\">Carmen Conde<\/a>.<\/u><\/em><\/strong>[\/vc_column_text][\/vc_column][\/vc_row]\n<\/div>","protected":false},"excerpt":{"rendered":"<p>[vc_row][vc_column extend=&#8221;false&#8221;][vc_column_text css=&#8221;.vc_custom_1528561816463{margin-top: -30000px !important;}&#8221;] Juan Moreno Ramos es el escritor de Rosas de noviembre. El escritor y poeta acaba de publicar un libro de poes\u00eda con la Editorial Poes\u00eda eres t\u00fa. Considerado como uno de los mejores poetas espa\u00f1oles, algunos afirman que es el mejor poeta de Castelldefels Rosas de noviembre ha sido escrito [&hellip;]<\/p>\n","protected":false},"author":24,"featured_media":0,"parent":0,"menu_order":0,"comment_status":"closed","ping_status":"closed","template":"","meta":{"footnotes":"","_links_to":"","_links_to_target":""},"class_list":["post-3","page","type-page","status-publish","hentry"],"_links":{"self":[{"href":"https:\/\/clubdepoesia.com\/juanmorenoramos\/wp-json\/wp\/v2\/pages\/3","targetHints":{"allow":["GET"]}}],"collection":[{"href":"https:\/\/clubdepoesia.com\/juanmorenoramos\/wp-json\/wp\/v2\/pages"}],"about":[{"href":"https:\/\/clubdepoesia.com\/juanmorenoramos\/wp-json\/wp\/v2\/types\/page"}],"author":[{"embeddable":true,"href":"https:\/\/clubdepoesia.com\/juanmorenoramos\/wp-json\/wp\/v2\/users\/24"}],"replies":[{"embeddable":true,"href":"https:\/\/clubdepoesia.com\/juanmorenoramos\/wp-json\/wp\/v2\/comments?post=3"}],"version-history":[{"count":0,"href":"https:\/\/clubdepoesia.com\/juanmorenoramos\/wp-json\/wp\/v2\/pages\/3\/revisions"}],"wp:attachment":[{"href":"https:\/\/clubdepoesia.com\/juanmorenoramos\/wp-json\/wp\/v2\/media?parent=3"}],"curies":[{"name":"wp","href":"https:\/\/api.w.org\/{rel}","templated":true}]}}