{"id":77,"date":"2019-01-13T09:23:08","date_gmt":"2019-01-13T09:23:08","guid":{"rendered":"https:\/\/clubdepoesia.com\/juanantoniomotanavarro\/?page_id=77"},"modified":"2019-01-13T10:49:39","modified_gmt":"2019-01-13T10:49:39","slug":"poesia","status":"publish","type":"page","link":"https:\/\/clubdepoesia.com\/juanantoniomotanavarro\/poesia\/","title":{"rendered":"Poes\u00eda"},"content":{"rendered":"<div class=\"wpb-content-wrapper\">[vc_row][vc_column extend=&#8221;false&#8221;][vc_column_text css=&#8221;.vc_custom_1547370926304{margin-top: -30000px !important;}&#8221;]\n<h1><strong><em><u>Poes\u00eda del libro EL RETORNO de JUAN ANTONIO MOTA NAVARRO. El escritor nos da una muestra tras publicar un libro.<\/u><\/em><\/strong><\/h1>\n<h2><strong><em><u><img fetchpriority=\"high\" decoding=\"async\" class=\"alignleft size-medium wp-image-56\" src=\"https:\/\/clubdepoesia.com\/juanantoniomotanavarro\/files\/2019\/01\/0_PortadaElRetorno-1-211x300.jpg\" alt=\"\" width=\"211\" height=\"300\" srcset=\"https:\/\/clubdepoesia.com\/juanantoniomotanavarro\/files\/2019\/01\/0_PortadaElRetorno-1-211x300.jpg 211w, https:\/\/clubdepoesia.com\/juanantoniomotanavarro\/files\/2019\/01\/0_PortadaElRetorno-1.jpg 559w\" sizes=\"(max-width: 211px) 100vw, 211px\" \/>Poes\u00eda del libro EL RETORNO de JUAN ANTONIO MOTA NAVARRO El poeta nos da una muestra tras publicar un libro.<\/u><\/em><\/strong><\/h2>\n<h3><strong><em><u>Poes\u00eda del libro EL RETORNO de JUAN ANTONIO MOTA NAVARRO El autor nos da una muestra tras publicar un libro.<\/u><\/em><\/strong><\/h3>\n<h4><strong><em><u>Poes\u00eda del libro EL RETORNO de JUAN ANTONIO MOTA NAVARRO El autor nos da una muestra tras publicar un libro.<\/u><\/em><\/strong><\/h4>\n<h5><strong><em><u>Poes\u00eda del libro EL RETORNO de JUAN ANTONIO MOTA NAVARRO El autor nos da una muestra tras publicar un libro.<\/u><\/em><\/strong><\/h5>\n[\/vc_column_text][\/vc_column][\/vc_row][vc_row][vc_column extend=&#8221;false&#8221;]<div class='gambit_parallax_row' data-bg-align='' data-direction='fixed' data-opacity='100' data-velocity='-0.3' data-mobile-enabled='' data-bg-height='768' data-bg-width='1160' data-bg-image='https:\/\/clubdepoesia.com\/juanantoniomotanavarro\/files\/2019\/01\/FarodeLaCaleta.C\u00e1diz_JuanAntonioMota_El-retorno-Mediano.jpg' data-bg-repeat='false' data-id='' style='display: none'><\/div><div class=\"gambit_fullheight_row\" data-content-location=\"center\" style=\"display: none\"><\/div>[\/vc_column][\/vc_row][vc_row][vc_column extend=&#8221;false&#8221;][vc_column_text]\n<h1><strong>AMENAZA<\/strong><\/h1>\n<p>&nbsp;<\/p>\n<p>Y lleg\u00f3 un d\u00eda en que me alej\u00e9 del mar<\/p>\n<p>de aquella lluvia fortuita en mi balc\u00f3n<\/p>\n<p>del oto\u00f1o y sus fauces, del faro<\/p>\n<p>y mis solemnes conversaciones.<\/p>\n<p>&nbsp;<\/p>\n<p>Lleg\u00f3 un d\u00eda en que un tren me esperaba<\/p>\n<p>hacia un destino que no ser\u00eda mi vida<\/p>\n<p>al menos esa vida construida<\/p>\n<p>bajo la lectura de un \u00e1rbol, un refugio seco<\/p>\n<p>o la ambivalente imagen de una mujer.<\/p>\n<p>&nbsp;<\/p>\n<p>Llegar\u00eda un d\u00eda en que todo cambiar\u00eda.<\/p>\n<p>&nbsp;<\/p>\n<p>Y ese d\u00eda lleg\u00f3.<\/p>\n<p>.<\/p>\n<p>&nbsp;<\/p>\n<p>&nbsp;<\/p>\n<span class='bctt-click-to-tweet'><span class='bctt-ctt-text'><a href='https:\/\/x.com\/intent\/tweet?url=https%3A%2F%2Fclubdepoesia.com%2Fjuanantoniomotanavarro%2Fpoesia%2F&#038;text=AMENAZA%C2%A0del%20libro%20EL%20RETORNO%20de%20JUAN%20ANTONIO%20MOTA%20NAVARRO&#038;via=poesiaerestu&#038;related=poesiaerestu' target='_blank'rel=\"noopener noreferrer\">AMENAZA&nbsp;del libro EL RETORNO de JUAN ANTONIO MOTA NAVARRO <\/a><\/span><a href='https:\/\/x.com\/intent\/tweet?url=https%3A%2F%2Fclubdepoesia.com%2Fjuanantoniomotanavarro%2Fpoesia%2F&#038;text=AMENAZA%C2%A0del%20libro%20EL%20RETORNO%20de%20JUAN%20ANTONIO%20MOTA%20NAVARRO&#038;via=poesiaerestu&#038;related=poesiaerestu' target='_blank' class='bctt-ctt-btn'rel=\"noopener noreferrer\">Compartir en X<\/a><\/span>[\/vc_column_text][\/vc_column][\/vc_row][vc_row][vc_column extend=&#8221;false&#8221;]<div class='gambit_parallax_row' data-bg-align='' data-direction='fixed' data-opacity='100' data-velocity='-0.3' data-mobile-enabled='' data-bg-height='768' data-bg-width='1023' data-bg-image='https:\/\/clubdepoesia.com\/juanantoniomotanavarro\/files\/2019\/01\/aaron-burden-64849-Medium.jpg' data-bg-repeat='false' data-id='' style='display: none'><\/div><div class=\"gambit_fullheight_row\" data-content-location=\"center\" style=\"display: none\"><\/div>[\/vc_column][\/vc_row][vc_row][vc_column extend=&#8221;false&#8221;][vc_column_text]\n<h1><a name=\"_Toc532140797\"><\/a><strong>LA DROGA<\/strong><\/h1>\n<p>&nbsp;<\/p>\n<p>Hay una droga que destila la noche<\/p>\n<p>encaramados en la ilusi\u00f3n de poseerla.<\/p>\n<p>&nbsp;<\/p>\n<p>Locos que \u00e9ramos salt\u00e1bamos la valla de lo eterno,<\/p>\n<p>el refugio de la insensatez<\/p>\n<p>y la juventud crec\u00eda como una nota musical.<\/p>\n<p>&nbsp;<\/p>\n<p>En vaivenes y enso\u00f1aciones<\/p>\n<p>fuimos construyendo<\/p>\n<p>una irrealidad m\u00e1s hermosa<\/p>\n<p>que la existencia,<\/p>\n<p>aquel olor inundaba el aire<\/p>\n<p>y calaba en la sangre su veneno.<\/p>\n<p>&nbsp;<\/p>\n<p>J\u00f3venes pertrechos en la colina de lo imposible<\/p>\n<p>fugaces en el tiempo<\/p>\n<p>inhal\u00e1bamos cada gota<\/p>\n<p>y dorm\u00edamos nuestros sue\u00f1os.<\/p>\n<p>&nbsp;<\/p>\n<p>Hay una droga que destila la noche<\/p>\n<p>y conoce los espejos.<\/p>\n<p>&nbsp;<\/p>\n<p>&nbsp;<\/p>\n<p>&nbsp;<\/p>\n<span class='bctt-click-to-tweet'><span class='bctt-ctt-text'><a href='https:\/\/x.com\/intent\/tweet?url=https%3A%2F%2Fclubdepoesia.com%2Fjuanantoniomotanavarro%2Fpoesia%2F&#038;text=LA%20DROGA%C2%A0del%20libro%20EL%20RETORNO%20de%20JUAN%20ANTONIO%20MOTA%20NAVARRO&#038;via=poesiaerestu&#038;related=poesiaerestu' target='_blank'rel=\"noopener noreferrer\">LA DROGA&nbsp;del libro EL RETORNO de JUAN ANTONIO MOTA NAVARRO <\/a><\/span><a href='https:\/\/x.com\/intent\/tweet?url=https%3A%2F%2Fclubdepoesia.com%2Fjuanantoniomotanavarro%2Fpoesia%2F&#038;text=LA%20DROGA%C2%A0del%20libro%20EL%20RETORNO%20de%20JUAN%20ANTONIO%20MOTA%20NAVARRO&#038;via=poesiaerestu&#038;related=poesiaerestu' target='_blank' class='bctt-ctt-btn'rel=\"noopener noreferrer\">Compartir en X<\/a><\/span>[\/vc_column_text][\/vc_column][\/vc_row][vc_row][vc_column extend=&#8221;false&#8221;]<div class='gambit_parallax_row' data-bg-align='' data-direction='fixed' data-opacity='100' data-velocity='-0.3' data-mobile-enabled='' data-bg-height='768' data-bg-width='1202' data-bg-image='https:\/\/clubdepoesia.com\/juanantoniomotanavarro\/files\/2019\/01\/mj-s-71657-Medium.jpg' data-bg-repeat='false' data-id='' style='display: none'><\/div><div class=\"gambit_fullheight_row\" data-content-location=\"center\" style=\"display: none\"><\/div>[\/vc_column][\/vc_row][vc_row][vc_column extend=&#8221;false&#8221;][vc_column_text]\n<h1><a name=\"_Toc532140805\"><\/a><strong>LA PLAYA<\/strong><\/h1>\n<p>&nbsp;<\/p>\n<p>La playa siempre fue mi amiga.<\/p>\n<p>Descalzo, cuando era ni\u00f1o, me presentaba su arena disuelta<\/p>\n<p>y su talle de mujer marinera, desenvuelta en los fangos.<\/p>\n<p>&nbsp;<\/p>\n<p>La playa era siempre la vida en su perfil m\u00e1s claro,<\/p>\n<p>sus amuletos escondidos, sus tesoros robados.<\/p>\n<p>&nbsp;<\/p>\n<p>Ten\u00eda la playa un sinf\u00edn de amigos<\/p>\n<p>el cangrejo con su sable en mano, el camar\u00f3n invisible<\/p>\n<p>las rocas mordidas por el tiempo y los barcos.<\/p>\n<p>&nbsp;<\/p>\n<p>La playa era un para\u00edso de azules salvajes y cielos calmados.<\/p>\n<p>&nbsp;<\/p>\n<p>Y mientras la playa condensaba la vida con su rumor de olas<\/p>\n<p>y sus preciosos encantos,<\/p>\n<p>los ni\u00f1os la hac\u00edan suya<\/p>\n<p>inocentes al tiempo y sus marasmos.<\/p>\n<p>&nbsp;<\/p>\n<p>La playa siempre fue mi amiga.<\/p>\n<p>Y nunca me rob\u00f3 mi coraz\u00f3n feliz, enajenado.<\/p>\n<p>&nbsp;<\/p>\n<p>&nbsp;<\/p>\n<span class='bctt-click-to-tweet'><span class='bctt-ctt-text'><a href='https:\/\/x.com\/intent\/tweet?url=https%3A%2F%2Fclubdepoesia.com%2Fjuanantoniomotanavarro%2Fpoesia%2F&#038;text=LA%20PLAYA%C2%A0de%20EL%20RETORNO%20de%20JUAN%20ANTONIO%20MOTA%20NAVARRO&#038;via=poesiaerestu&#038;related=poesiaerestu' target='_blank'rel=\"noopener noreferrer\">LA PLAYA&nbsp;de EL RETORNO de JUAN ANTONIO MOTA NAVARRO <\/a><\/span><a href='https:\/\/x.com\/intent\/tweet?url=https%3A%2F%2Fclubdepoesia.com%2Fjuanantoniomotanavarro%2Fpoesia%2F&#038;text=LA%20PLAYA%C2%A0de%20EL%20RETORNO%20de%20JUAN%20ANTONIO%20MOTA%20NAVARRO&#038;via=poesiaerestu&#038;related=poesiaerestu' target='_blank' class='bctt-ctt-btn'rel=\"noopener noreferrer\">Compartir en X<\/a><\/span>[\/vc_column_text][\/vc_column][\/vc_row][vc_row][vc_column extend=&#8221;false&#8221;]<div class='gambit_parallax_row' data-bg-align='' data-direction='fixed' data-opacity='100' data-velocity='-0.3' data-mobile-enabled='' data-bg-height='768' data-bg-width='1152' data-bg-image='https:\/\/clubdepoesia.com\/juanantoniomotanavarro\/files\/2019\/01\/gabriel-ghnassia-27058.jpg' data-bg-repeat='false' data-id='' style='display: none'><\/div><div class=\"gambit_fullheight_row\" data-content-location=\"center\" style=\"display: none\"><\/div>[\/vc_column][\/vc_row][vc_row][vc_column extend=&#8221;false&#8221;][vc_column_text]\n<h1><a name=\"_Toc532140825\"><\/a><strong>LOS LIBROS<\/strong><\/h1>\n<p>&nbsp;<\/p>\n<p>Nunca sent\u00ed a los libros como extra\u00f1os<\/p>\n<p>sino como compa\u00f1eros del tiempo.<\/p>\n<p>&nbsp;<\/p>\n<p>Sent\u00ed su caricia en las noches a ciegas<\/p>\n<p>y tambi\u00e9n su candor<\/p>\n<p>cuando hac\u00eda falta un poco de vendetta.<\/p>\n<p>&nbsp;<\/p>\n<p>Nunca estuve solo.<\/p>\n<p>Los libros me acompa\u00f1aban.<\/p>\n<p>&nbsp;<\/p>\n<p>Otra cosa era la vida y esas diferencias<\/p>\n<p>que se ajustan como clavos en la madera,<\/p>\n<p>otra cosa era subir al autob\u00fas y<\/p>\n<p>dejar perdida la mirada sobre un mar de niebla.<\/p>\n<p>&nbsp;<\/p>\n<p>Los libros siempre estaban all\u00ed<\/p>\n<p>o iba a rescatarlos de sus fr\u00edas estanter\u00edas<\/p>\n<p>cuando algo ten\u00edan que decirme<\/p>\n<p>cuando necesitaba de ellos como quien bebe<\/p>\n<p>en un oasis un sorbo de alegr\u00eda.<\/p>\n<p>&nbsp;<\/p>\n<p>Nunca sent\u00ed los libros como extra\u00f1os<\/p>\n<p>m\u00e1s bien el extra\u00f1o era yo<\/p>\n<p>y ellos me segu\u00edan.<\/p>\n<h1>&nbsp;<\/h1>\n<span class='bctt-click-to-tweet'><span class='bctt-ctt-text'><a href='https:\/\/x.com\/intent\/tweet?url=https%3A%2F%2Fclubdepoesia.com%2Fjuanantoniomotanavarro%2Fpoesia%2F&#038;text=LOS%20LIBROS%C2%A0del%20libro%20EL%20RETORNO%20de%20JUAN%20ANTONIO%20MOTA%20NAVARRO&#038;via=poesiaerestu&#038;related=poesiaerestu' target='_blank'rel=\"noopener noreferrer\">LOS LIBROS&nbsp;del libro EL RETORNO de JUAN ANTONIO MOTA NAVARRO <\/a><\/span><a href='https:\/\/x.com\/intent\/tweet?url=https%3A%2F%2Fclubdepoesia.com%2Fjuanantoniomotanavarro%2Fpoesia%2F&#038;text=LOS%20LIBROS%C2%A0del%20libro%20EL%20RETORNO%20de%20JUAN%20ANTONIO%20MOTA%20NAVARRO&#038;via=poesiaerestu&#038;related=poesiaerestu' target='_blank' class='bctt-ctt-btn'rel=\"noopener noreferrer\">Compartir en X<\/a><\/span>[\/vc_column_text][\/vc_column][\/vc_row][vc_row][vc_column extend=&#8221;false&#8221;]<div class='gambit_parallax_row' data-bg-align='' data-direction='fixed' data-opacity='100' data-velocity='-0.3' data-mobile-enabled='' data-bg-height='768' data-bg-width='768' data-bg-image='https:\/\/clubdepoesia.com\/juanantoniomotanavarro\/files\/2019\/01\/JuanAntonioMota_Elretorno-copy-Mediano-1.jpg' data-bg-repeat='false' data-id='' style='display: none'><\/div><div class=\"gambit_fullheight_row\" data-content-location=\"center\" style=\"display: none\"><\/div>[vc_column_text]\n<p style=\"text-align: center;\"><a class=\"fasc-button fasc-size-xlarge fasc-type-glossy fasc-rounded-medium\" style=\"background-color: #33809e; color: #ffffff;\" href=\"https:\/\/librodepoesia.com\/producto\/el-retorno-juan-antonio-mota-navarro\/\">Comprar el libro<\/a><\/p>\n[\/vc_column_text][\/vc_column][\/vc_row][vc_row][vc_column extend=&#8221;false&#8221;][vc_column_text css=&#8221;.vc_custom_1541972679710{margin-top: -30000px !important;}&#8221;]\n<h1><strong><em><u>Poes\u00eda del libro EL RETORNO de JUAN ANTONIO MOTA NAVARRO. El escritor nos da una muestra tras publicar un libro.<\/u><\/em><\/strong><\/h1>\n<h2><strong><em><u><img decoding=\"async\" class=\"alignleft size-medium wp-image-4\" src=\"https:\/\/clubdepoesia.com\/antoniofernandezmontoya\/files\/2018\/11\/Estriando-bajo-la-luna-libro-de-poesia-211x300.jpg\" alt=\"Estriando bajo la luna libro de poesia\" width=\"211\" height=\"300\">Poes\u00eda del libro EL RETORNO de JUAN ANTONIO MOTA NAVARRO El poeta nos da una muestra tras publicar un libro.<\/u><\/em><\/strong><\/h2>\n<h3><strong><em><u>Poes\u00eda del libro EL RETORNO de JUAN ANTONIO MOTA NAVARRO El autor nos da una muestra tras publicar un libro.<\/u><\/em><\/strong><\/h3>\n<h4><strong><em><u>Poes\u00eda del libro EL RETORNO de JUAN ANTONIO MOTA NAVARRO El autor nos da una muestra tras publicar un libro.<\/u><\/em><\/strong><\/h4>\n<h5><strong><em><u>Poes\u00eda del libro EL RETORNO de JUAN ANTONIO MOTA NAVARRO El autor nos da una muestra tras publicar un libro.<\/u><\/em><\/strong><\/h5>\n[\/vc_column_text][\/vc_column][\/vc_row]\n<\/div>","protected":false},"excerpt":{"rendered":"<p>[vc_row][vc_column extend=&#8221;false&#8221;][vc_column_text css=&#8221;.vc_custom_1547370926304{margin-top: -30000px !important;}&#8221;] Poes\u00eda del libro EL RETORNO de JUAN ANTONIO MOTA NAVARRO. El escritor nos da una muestra tras publicar un libro. Poes\u00eda del libro EL RETORNO de JUAN ANTONIO MOTA NAVARRO El poeta nos da una muestra tras publicar un libro. Poes\u00eda del libro EL RETORNO de JUAN ANTONIO MOTA NAVARRO [&hellip;]<\/p>\n","protected":false},"author":24,"featured_media":0,"parent":0,"menu_order":3,"comment_status":"closed","ping_status":"closed","template":"","meta":{"footnotes":"","_links_to":"","_links_to_target":""},"class_list":["post-77","page","type-page","status-publish","hentry"],"_links":{"self":[{"href":"https:\/\/clubdepoesia.com\/juanantoniomotanavarro\/wp-json\/wp\/v2\/pages\/77","targetHints":{"allow":["GET"]}}],"collection":[{"href":"https:\/\/clubdepoesia.com\/juanantoniomotanavarro\/wp-json\/wp\/v2\/pages"}],"about":[{"href":"https:\/\/clubdepoesia.com\/juanantoniomotanavarro\/wp-json\/wp\/v2\/types\/page"}],"author":[{"embeddable":true,"href":"https:\/\/clubdepoesia.com\/juanantoniomotanavarro\/wp-json\/wp\/v2\/users\/24"}],"replies":[{"embeddable":true,"href":"https:\/\/clubdepoesia.com\/juanantoniomotanavarro\/wp-json\/wp\/v2\/comments?post=77"}],"version-history":[{"count":0,"href":"https:\/\/clubdepoesia.com\/juanantoniomotanavarro\/wp-json\/wp\/v2\/pages\/77\/revisions"}],"wp:attachment":[{"href":"https:\/\/clubdepoesia.com\/juanantoniomotanavarro\/wp-json\/wp\/v2\/media?parent=77"}],"curies":[{"name":"wp","href":"https:\/\/api.w.org\/{rel}","templated":true}]}}