{"id":529,"date":"2018-07-29T16:59:18","date_gmt":"2018-07-29T16:59:18","guid":{"rendered":"https:\/\/clubdepoesia.com\/joseramoncasanova\/?page_id=529"},"modified":"2018-07-29T16:59:18","modified_gmt":"2018-07-29T16:59:18","slug":"poesia-de-huella-de-un-silencio","status":"publish","type":"page","link":"https:\/\/clubdepoesia.com\/joseramoncasanova\/poemas\/poesia-de-huella-de-un-silencio\/","title":{"rendered":"Poes\u00eda de Huella de un silencio"},"content":{"rendered":"<div class=\"wpb-content-wrapper\">[vc_row][vc_column extend=&#8221;false&#8221;][vc_column_text css=&#8221;.vc_custom_1532882098877{margin-top: -30000px !important;}&#8221;]\n<h1><strong><em><u>Poes\u00eda del libro Huella de un silencio de Jos\u00e9 Ram\u00f3n Casanova. El escritor nos da una muestra tras publicar un libro.<\/u><\/em><\/strong><\/h1>\n<h2><strong><em><u><a href=\"https:\/\/clubdepoesia.com\/joseramoncasanova\/files\/2018\/07\/0_PortadaDesnudosdelmundo-1.jpg\"><img fetchpriority=\"high\" decoding=\"async\" class=\"aligncenter size-full wp-image-508\" src=\"https:\/\/clubdepoesia.com\/joseramoncasanova\/files\/2018\/07\/0_PortadaDesnudosdelmundo-1.jpg\" alt=\"\" width=\"559\" height=\"794\" srcset=\"https:\/\/clubdepoesia.com\/joseramoncasanova\/files\/2018\/07\/0_PortadaDesnudosdelmundo-1.jpg 559w, https:\/\/clubdepoesia.com\/joseramoncasanova\/files\/2018\/07\/0_PortadaDesnudosdelmundo-1-211x300.jpg 211w\" sizes=\"(max-width: 559px) 100vw, 559px\" \/><\/a>Poes\u00eda del libro Huella de un silencio de Jos\u00e9 Ram\u00f3n Casanova El poeta nos da una muestra tras publicar un libro.<\/u><\/em><\/strong><\/h2>\n<h3><strong><em><u>Poes\u00eda del libro Huella de un silencio de Jos\u00e9 Ram\u00f3n Casanova El autor nos da una muestra tras publicar un libro.<\/u><\/em><\/strong><\/h3>\n<h4><strong><em><u>Poes\u00eda del libro Huella de un silencio de Jos\u00e9 Ram\u00f3n Casanova El autor nos da una muestra tras publicar un libro.<\/u><\/em><\/strong><\/h4>\n<h5><strong><em><u>Poes\u00eda del libro Huella de un silencio de Jos\u00e9 Ram\u00f3n Casanova El autor nos da una muestra tras publicar un libro.<\/u><\/em><\/strong><\/h5>\n[\/vc_column_text][\/vc_column][\/vc_row][vc_row][vc_column extend=&#8221;false&#8221;]<div class='gambit_parallax_row' data-bg-align='' data-direction='fixed' data-opacity='100' data-velocity='-0.3' data-mobile-enabled='' data-bg-height='209' data-bg-width='241' data-bg-image='https:\/\/clubdepoesia.com\/joseramoncasanova\/files\/2015\/07\/descarga1.jpg' data-bg-repeat='false' data-id='' style='display: none'><\/div><div class=\"gambit_fullheight_row\" data-content-location=\"center\" style=\"display: none\"><\/div>[\/vc_column][\/vc_row][vc_row][vc_column extend=&#8221;false&#8221;][vc_column_text]\n<h1><a name=\"_Toc512191084\"><\/a><\/h1>\n<h1><a name=\"_Toc513055536\"><\/a><\/h1>\n<h1><a name=\"_Toc517797350\"><\/a><\/h1>\n<h1>Espejo<\/h1>\n<p>&nbsp;<\/p>\n<p>Regreso de contemplar mi imagen,<\/p>\n<p>el torso, las trazas oblicuas en el espejo,<\/p>\n<p>cada l\u00ednea parece solo una sucesi\u00f3n de puntos,<\/p>\n<p>aun queriendo ver en cada uno una vida.<\/p>\n<p>Y el gesto obediente o tenso o capaz<\/p>\n<p>llenando la mirada de tristeza solitaria,<\/p>\n<p>de verdades que ahora veo reflejadas<\/p>\n<p>en la inmensidad min\u00fascula de mis pupilas.<\/p>\n<p>Inm\u00f3vil, en pie, defendiendo una valent\u00eda inexistente,<\/p>\n<p>contemplo los restos tangibles de tanto naufragio<\/p>\n<p>que en procesi\u00f3n solemne desfilan ante m\u00ed,<\/p>\n<p>solo un sollozo ahogar\u00eda ese vagar de extra\u00f1os seres.<\/p>\n<p>Ajenos ellos, imp\u00e1vido yo, prosiguen su marcha,<\/p>\n<p>ya no palpita la piel de los tambores<\/p>\n<p>y en silencio veo verdugos, luto lleno de gritos que desgarran,<\/p>\n<p>noches que desgarran vidas.<\/p>\n<p>La imagen roba el aire que hay hasta m\u00ed,<\/p>\n<p>los cabellos ondas de unos mares lejanos,<\/p>\n<p>los ojos alma de abstracta belleza incomprendida<\/p>\n<p>que se resignan a habitar en este rostro yermo.<\/p>\n<h1>&nbsp;<\/h1>\n<p>&nbsp;<\/p>\n<span class='bctt-click-to-tweet'><span class='bctt-ctt-text'><a href='https:\/\/x.com\/intent\/tweet?url=https%3A%2F%2Fclubdepoesia.com%2Fjoseramoncasanova%2Fpoemas%2Fpoesia-de-huella-de-un-silencio%2F&#038;text=Espejo%C2%A0del%20libro%20Huella%20de%20un%20silencio%20de%20Jos%C3%A9%20Ram%C3%B3n%20Casanova&#038;via=poesiaerestu&#038;related=poesiaerestu' target='_blank'rel=\"noopener noreferrer\">Espejo&nbsp;del libro Huella de un silencio de Jos\u00e9 Ram\u00f3n Casanova <\/a><\/span><a href='https:\/\/x.com\/intent\/tweet?url=https%3A%2F%2Fclubdepoesia.com%2Fjoseramoncasanova%2Fpoemas%2Fpoesia-de-huella-de-un-silencio%2F&#038;text=Espejo%C2%A0del%20libro%20Huella%20de%20un%20silencio%20de%20Jos%C3%A9%20Ram%C3%B3n%20Casanova&#038;via=poesiaerestu&#038;related=poesiaerestu' target='_blank' class='bctt-ctt-btn'rel=\"noopener noreferrer\">Share on X<\/a><\/span>[\/vc_column_text][\/vc_column][\/vc_row][vc_row][vc_column extend=&#8221;false&#8221;]<div class='gambit_parallax_row' data-bg-align='' data-direction='fixed' data-opacity='100' data-velocity='-0.3' data-mobile-enabled='' data-bg-height='240' data-bg-width='320' data-bg-image='https:\/\/clubdepoesia.com\/joseramoncasanova\/files\/2015\/07\/mi-luz.jpg' data-bg-repeat='false' data-id='' style='display: none'><\/div><div class=\"gambit_fullheight_row\" data-content-location=\"center\" style=\"display: none\"><\/div>[\/vc_column][\/vc_row][vc_row][vc_column extend=&#8221;false&#8221;][vc_column_text]\n<h1><a name=\"_Toc513055545\"><\/a><\/h1>\n<h1><a name=\"_Toc518755933\"><\/a><\/h1>\n<h1><a name=\"_Toc271737203\"><\/a>Aromas<\/h1>\n<p>&nbsp;<\/p>\n<p>Nebulosa de luz en mis sentidos,<\/p>\n<p>ritmo cadencioso de otras voces,<\/p>\n<p>latido inmenso de un vivir<\/p>\n<p>pesar tamizado por todos los pesares;<\/p>\n<p>serena brisa que me llena cada poro<\/p>\n<p>dulces recodos de todos los caminos,<\/p>\n<p>&nbsp;<\/p>\n<p>vientos,<\/p>\n<p>tantos vientos, tempestades&#8230;<\/p>\n<p>calma,<\/p>\n<p>escuchando el latido de la luna.<\/p>\n<p>As\u00ed llegan, navegando por los mares<\/p>\n<p>los aromas que recalan en mi pluma.<\/p>\n<p>&nbsp;<\/p>\n<span class='bctt-click-to-tweet'><span class='bctt-ctt-text'><a href='https:\/\/x.com\/intent\/tweet?url=https%3A%2F%2Fclubdepoesia.com%2Fjoseramoncasanova%2Fpoemas%2Fpoesia-de-huella-de-un-silencio%2F&#038;text=Aromas%C2%A0del%20libro%20Huella%20de%20un%20silencio%20de%20Jos%C3%A9%20Ram%C3%B3n%20Casanova&#038;via=poesiaerestu&#038;related=poesiaerestu' target='_blank'rel=\"noopener noreferrer\">Aromas&nbsp;del libro Huella de un silencio de Jos\u00e9 Ram\u00f3n Casanova <\/a><\/span><a href='https:\/\/x.com\/intent\/tweet?url=https%3A%2F%2Fclubdepoesia.com%2Fjoseramoncasanova%2Fpoemas%2Fpoesia-de-huella-de-un-silencio%2F&#038;text=Aromas%C2%A0del%20libro%20Huella%20de%20un%20silencio%20de%20Jos%C3%A9%20Ram%C3%B3n%20Casanova&#038;via=poesiaerestu&#038;related=poesiaerestu' target='_blank' class='bctt-ctt-btn'rel=\"noopener noreferrer\">Share on X<\/a><\/span>[\/vc_column_text][\/vc_column][\/vc_row][vc_row][vc_column extend=&#8221;false&#8221;]<div class='gambit_parallax_row' data-bg-align='' data-direction='fixed' data-opacity='100' data-velocity='-0.3' data-mobile-enabled='' data-bg-height='141' data-bg-width='320' data-bg-image='https:\/\/clubdepoesia.com\/joseramoncasanova\/files\/2015\/06\/lluvia.jpg' data-bg-repeat='false' data-id='' style='display: none'><\/div><div class=\"gambit_fullheight_row\" data-content-location=\"center\" style=\"display: none\"><\/div>[\/vc_column][\/vc_row][vc_row][vc_column extend=&#8221;false&#8221;][vc_column_text]\n<h1><a name=\"_Toc271737250\"><\/a>L\u00e1grimas de luz<\/h1>\n<p>&nbsp;<\/p>\n<p>Sin cerrar los ojos te sue\u00f1o en blanco manantial de mediod\u00eda<\/p>\n<p>sonri\u00e9ndome,<\/p>\n<p>y tus lagos en calma ilumin\u00e1ndome, ce\u00f1ida de entrega<\/p>\n<p>ilusionada,<\/p>\n<p>con tu siempre pureza refugiada en las mejillas.<\/p>\n<p>Solo la paloma trazando los colores de la primavera nuestra,<\/p>\n<p>solo la alfombra de azucenas acariciando tus pies adorados,<\/p>\n<p>solo en mi piel el suspiro del perfume tuyo, como \u00fanico aire<\/p>\n<p>que respirar pudiera<\/p>\n<p>el resto de mis d\u00edas,<\/p>\n<p>y en el palpitar de las velas tu nombre dibujado con la se\u00f1al<\/p>\n<p>del fuego.<\/p>\n<p>Y la luna<\/p>\n<p>en l\u00e1grimas de luz ba\u00f1ando los mares a medianoche,<\/p>\n<p>onde\u00e1ndonos en beso que al suave roce nos estremece,<\/p>\n<p>en la textura m\u00e1s perfecta<\/p>\n<p>que la ternura pudiera nunca mostrar,<\/p>\n<p>abiertos al horizonte eterno al fin surcado en la mixtura<\/p>\n<p>de todas las dimensiones.<\/p>\n<p>As\u00ed, cuando anochezca se yergue el sol en brazos de su dama.<\/p>\n<p>As\u00ed, el d\u00eda aquel en el que nos unimos, la vida amanece<\/p>\n<p>por entre la prisa del tiempo<\/p>\n<p>calmando el universo todo, hasta el firmamento<\/p>\n<p>de tu frente enamorada.<\/p>\n<h1>&nbsp;<\/h1>\n<span class='bctt-click-to-tweet'><span class='bctt-ctt-text'><a href='https:\/\/x.com\/intent\/tweet?url=https%3A%2F%2Fclubdepoesia.com%2Fjoseramoncasanova%2Fpoemas%2Fpoesia-de-huella-de-un-silencio%2F&#038;text=Lagrimas%20de%20luz%C2%A0del%20libro%20Huella%20de%20un%20silencio%20de%20Jos%C3%A9%20Ram%C3%B3n%20Casanova&#038;via=poesiaerestu&#038;related=poesiaerestu' target='_blank'rel=\"noopener noreferrer\">Lagrimas de luz&nbsp;del libro Huella de un silencio de Jos\u00e9 Ram\u00f3n Casanova <\/a><\/span><a href='https:\/\/x.com\/intent\/tweet?url=https%3A%2F%2Fclubdepoesia.com%2Fjoseramoncasanova%2Fpoemas%2Fpoesia-de-huella-de-un-silencio%2F&#038;text=Lagrimas%20de%20luz%C2%A0del%20libro%20Huella%20de%20un%20silencio%20de%20Jos%C3%A9%20Ram%C3%B3n%20Casanova&#038;via=poesiaerestu&#038;related=poesiaerestu' target='_blank' class='bctt-ctt-btn'rel=\"noopener noreferrer\">Share on X<\/a><\/span>[\/vc_column_text][\/vc_column][\/vc_row][vc_row][vc_column extend=&#8221;false&#8221;]<div class='gambit_parallax_row' data-bg-align='' data-direction='fixed' data-opacity='100' data-velocity='-0.3' data-mobile-enabled='' data-bg-height='213' data-bg-width='320' data-bg-image='https:\/\/clubdepoesia.com\/joseramoncasanova\/files\/2015\/07\/DSC_3715.jpg' data-bg-repeat='false' data-id='' style='display: none'><\/div><div class=\"gambit_fullheight_row\" data-content-location=\"center\" style=\"display: none\"><\/div>[\/vc_column][\/vc_row][vc_row][vc_column extend=&#8221;false&#8221;][vc_column_text]\n<h1><a name=\"_Toc271737220\"><\/a>Callada luz<\/h1>\n<p>&nbsp;<\/p>\n<p>Perdida en un punto imposible,<\/p>\n<p>buscando un encuentro escondido,<\/p>\n<p>vagando en un cielo pagano,<\/p>\n<p>brillando sin brillo, callada luz<\/p>\n<p>que oculta los suspiros.<\/p>\n<p>&nbsp;<\/p>\n<p>Lejana, oscureciendo el rinc\u00f3n de ese bosque,<\/p>\n<p>ausente como la nada a la nada asida,<\/p>\n<p>herida siempre en todas las batallas,<\/p>\n<p>henchida de l\u00e1grimas no lloradas,<\/p>\n<p>a la raz\u00f3n rendida.<\/p>\n<p>&nbsp;<\/p>\n<p>Triste sombra de un mar de oto\u00f1os,<\/p>\n<p>c\u00e1lida siempre del fuego que le queda,<\/p>\n<p>roto susurro del amor, a la pasi\u00f3n sujeta,<\/p>\n<p>como ese brote de luz que por momentos regresa<\/p>\n<p>al hogar de mis ojos la mirada.<\/p>\n<p>&nbsp;<\/p>\n<h1>&nbsp;<\/h1>\n<span class='bctt-click-to-tweet'><span class='bctt-ctt-text'><a href='https:\/\/x.com\/intent\/tweet?url=https%3A%2F%2Fclubdepoesia.com%2Fjoseramoncasanova%2Fpoemas%2Fpoesia-de-huella-de-un-silencio%2F&#038;text=Callada%20luz%C2%A0del%20libro%20Huella%20de%20un%20silencio%20de%20Jos%C3%A9%20Ram%C3%B3n%20Casanova&#038;via=poesiaerestu&#038;related=poesiaerestu' target='_blank'rel=\"noopener noreferrer\">Callada luz&nbsp;del libro Huella de un silencio de Jos\u00e9 Ram\u00f3n Casanova <\/a><\/span><a href='https:\/\/x.com\/intent\/tweet?url=https%3A%2F%2Fclubdepoesia.com%2Fjoseramoncasanova%2Fpoemas%2Fpoesia-de-huella-de-un-silencio%2F&#038;text=Callada%20luz%C2%A0del%20libro%20Huella%20de%20un%20silencio%20de%20Jos%C3%A9%20Ram%C3%B3n%20Casanova&#038;via=poesiaerestu&#038;related=poesiaerestu' target='_blank' class='bctt-ctt-btn'rel=\"noopener noreferrer\">Share on X<\/a><\/span>[\/vc_column_text][\/vc_column][\/vc_row][vc_row][vc_column extend=&#8221;false&#8221;]<div class='gambit_parallax_row' data-bg-align='' data-direction='fixed' data-opacity='100' data-velocity='-0.3' data-mobile-enabled='' data-bg-height='214' data-bg-width='320' data-bg-image='https:\/\/clubdepoesia.com\/joseramoncasanova\/files\/2015\/08\/blanco-y-negro2-1.jpg' data-bg-repeat='false' data-id='' style='display: none'><\/div><div class=\"gambit_fullheight_row\" data-content-location=\"center\" style=\"display: none\"><\/div>[vc_column_text]\n<p style=\"text-align: center;\"><a class=\"fasc-button fasc-size-xlarge fasc-type-flat\" style=\"background-color: #33809e; color: #ffffff;\" href=\"https:\/\/librodepoesia.com\/producto\/huella-de-un-silencio-jose-ramon-casanova\/\">Comprar el libro<\/a><\/p>\n[\/vc_column_text][\/vc_column][\/vc_row][vc_row][vc_column extend=&#8221;false&#8221;][vc_column_text css=&#8221;.vc_custom_1532882098877{margin-top: -30000px !important;}&#8221;]\n<h1><strong><em><u>Poes\u00eda del libro Huella de un silencio de Jos\u00e9 Ram\u00f3n Casanova. El escritor nos da una muestra tras publicar un libro.<\/u><\/em><\/strong><\/h1>\n<h2><strong><em><u><a href=\"https:\/\/clubdepoesia.com\/joseramoncasanova\/files\/2018\/07\/0_PortadaDesnudosdelmundo-1.jpg\"><img fetchpriority=\"high\" decoding=\"async\" class=\"aligncenter size-full wp-image-508\" src=\"https:\/\/clubdepoesia.com\/joseramoncasanova\/files\/2018\/07\/0_PortadaDesnudosdelmundo-1.jpg\" alt=\"\" width=\"559\" height=\"794\" srcset=\"https:\/\/clubdepoesia.com\/joseramoncasanova\/files\/2018\/07\/0_PortadaDesnudosdelmundo-1.jpg 559w, https:\/\/clubdepoesia.com\/joseramoncasanova\/files\/2018\/07\/0_PortadaDesnudosdelmundo-1-211x300.jpg 211w\" sizes=\"(max-width: 559px) 100vw, 559px\" \/><\/a>Poes\u00eda del libro Huella de un silencio de Jos\u00e9 Ram\u00f3n Casanova El poeta nos da una muestra tras publicar un libro.<\/u><\/em><\/strong><\/h2>\n<h3><strong><em><u>Poes\u00eda del libro Huella de un silencio de Jos\u00e9 Ram\u00f3n Casanova El autor nos da una muestra tras publicar un libro.<\/u><\/em><\/strong><\/h3>\n<h4><strong><em><u>Poes\u00eda del libro Huella de un silencio de Jos\u00e9 Ram\u00f3n Casanova El autor nos da una muestra tras publicar un libro.<\/u><\/em><\/strong><\/h4>\n<h5><strong><em><u>Poes\u00eda del libro Huella de un silencio de Jos\u00e9 Ram\u00f3n Casanova El autor nos da una muestra tras publicar un libro.<\/u><\/em><\/strong><\/h5>\n[\/vc_column_text][\/vc_column][\/vc_row]\n<\/div>","protected":false},"excerpt":{"rendered":"<p>[vc_row][vc_column extend=&#8221;false&#8221;][vc_column_text css=&#8221;.vc_custom_1532882098877{margin-top: -30000px !important;}&#8221;] Poes\u00eda del libro Huella de un silencio de Jos\u00e9 Ram\u00f3n Casanova. El escritor nos da una muestra tras publicar un libro. Poes\u00eda del libro Huella de un silencio de Jos\u00e9 Ram\u00f3n Casanova El poeta nos da una muestra tras publicar un libro. Poes\u00eda del libro Huella de un silencio de [&hellip;]<\/p>\n","protected":false},"author":24,"featured_media":0,"parent":11,"menu_order":1,"comment_status":"closed","ping_status":"closed","template":"","meta":{"footnotes":"","_links_to":"","_links_to_target":""},"class_list":["post-529","page","type-page","status-publish","hentry"],"_links":{"self":[{"href":"https:\/\/clubdepoesia.com\/joseramoncasanova\/wp-json\/wp\/v2\/pages\/529","targetHints":{"allow":["GET"]}}],"collection":[{"href":"https:\/\/clubdepoesia.com\/joseramoncasanova\/wp-json\/wp\/v2\/pages"}],"about":[{"href":"https:\/\/clubdepoesia.com\/joseramoncasanova\/wp-json\/wp\/v2\/types\/page"}],"author":[{"embeddable":true,"href":"https:\/\/clubdepoesia.com\/joseramoncasanova\/wp-json\/wp\/v2\/users\/24"}],"replies":[{"embeddable":true,"href":"https:\/\/clubdepoesia.com\/joseramoncasanova\/wp-json\/wp\/v2\/comments?post=529"}],"version-history":[{"count":0,"href":"https:\/\/clubdepoesia.com\/joseramoncasanova\/wp-json\/wp\/v2\/pages\/529\/revisions"}],"up":[{"embeddable":true,"href":"https:\/\/clubdepoesia.com\/joseramoncasanova\/wp-json\/wp\/v2\/pages\/11"}],"wp:attachment":[{"href":"https:\/\/clubdepoesia.com\/joseramoncasanova\/wp-json\/wp\/v2\/media?parent=529"}],"curies":[{"name":"wp","href":"https:\/\/api.w.org\/{rel}","templated":true}]}}