{"id":527,"date":"2018-07-29T16:45:21","date_gmt":"2018-07-29T16:45:21","guid":{"rendered":"https:\/\/clubdepoesia.com\/joseramoncasanova\/?page_id=527"},"modified":"2018-07-29T16:46:10","modified_gmt":"2018-07-29T16:46:10","slug":"poesia-de-desnudos-de-mundo","status":"publish","type":"page","link":"https:\/\/clubdepoesia.com\/joseramoncasanova\/poemas\/poesia-de-desnudos-de-mundo\/","title":{"rendered":"Poes\u00eda de Desnudos de mundo"},"content":{"rendered":"<div class=\"wpb-content-wrapper\">[vc_row][vc_column extend=&#8221;false&#8221;][vc_column_text css=&#8221;.vc_custom_1532882098877{margin-top: -30000px !important;}&#8221;]\n<h1><strong><em><u>Poes\u00eda del libro Desnudos de mundo de Jos\u00e9 Ram\u00f3n Casanova. El escritor nos da una muestra tras publicar un libro.<\/u><\/em><\/strong><\/h1>\n<h2><strong><em><u><a href=\"https:\/\/clubdepoesia.com\/joseramoncasanova\/files\/2018\/07\/0_PortadaDesnudosdelmundo-1.jpg\"><img fetchpriority=\"high\" decoding=\"async\" class=\"aligncenter size-full wp-image-508\" src=\"https:\/\/clubdepoesia.com\/joseramoncasanova\/files\/2018\/07\/0_PortadaDesnudosdelmundo-1.jpg\" alt=\"\" width=\"559\" height=\"794\" srcset=\"https:\/\/clubdepoesia.com\/joseramoncasanova\/files\/2018\/07\/0_PortadaDesnudosdelmundo-1.jpg 559w, https:\/\/clubdepoesia.com\/joseramoncasanova\/files\/2018\/07\/0_PortadaDesnudosdelmundo-1-211x300.jpg 211w\" sizes=\"(max-width: 559px) 100vw, 559px\" \/><\/a>Poes\u00eda del libro Desnudos de mundo de Jos\u00e9 Ram\u00f3n Casanova El poeta nos da una muestra tras publicar un libro.<\/u><\/em><\/strong><\/h2>\n<h3><strong><em><u>Poes\u00eda del libro Desnudos de mundo de Jos\u00e9 Ram\u00f3n Casanova El autor nos da una muestra tras publicar un libro.<\/u><\/em><\/strong><\/h3>\n<h4><strong><em><u>Poes\u00eda del libro Desnudos de mundo de Jos\u00e9 Ram\u00f3n Casanova El autor nos da una muestra tras publicar un libro.<\/u><\/em><\/strong><\/h4>\n<h5><strong><em><u>Poes\u00eda del libro Desnudos de mundo de Jos\u00e9 Ram\u00f3n Casanova El autor nos da una muestra tras publicar un libro.<\/u><\/em><\/strong><\/h5>\n[\/vc_column_text][\/vc_column][\/vc_row][vc_row][vc_column extend=&#8221;false&#8221;]<div class='gambit_parallax_row' data-bg-align='' data-direction='fixed' data-opacity='100' data-velocity='-0.3' data-mobile-enabled='' data-bg-height='209' data-bg-width='241' data-bg-image='https:\/\/clubdepoesia.com\/joseramoncasanova\/files\/2015\/07\/descarga1.jpg' data-bg-repeat='false' data-id='' style='display: none'><\/div><div class=\"gambit_fullheight_row\" data-content-location=\"center\" style=\"display: none\"><\/div>[\/vc_column][\/vc_row][vc_row][vc_column extend=&#8221;false&#8221;][vc_column_text]\n<h1><a name=\"_Toc512191084\"><\/a><\/h1>\n<h1><a name=\"_Toc513055536\"><\/a><\/h1>\n<h1><a name=\"_Toc517797350\"><\/a><\/h1>\n<h1><a name=\"_Toc518755931\"><\/a><strong>Sobrevol\u00e1ndome<\/strong><\/h1>\n<p>&nbsp;<\/p>\n<p>Estoy esperando el anguloso chillido de tu voz,<\/p>\n<p>esperando el tr\u00e1nsito torrencial de la tormenta,<\/p>\n<p>y ese gigantesco Eolo que oree las ramas verticales<\/p>\n<p>de mi callado tronco<\/p>\n<p>traspasado por horizontes de acero.<\/p>\n<p>Quiero verte llegar<\/p>\n<p>hasta la mol\u00e9cula olvidada, \u00e1spera, moribunda casi,<\/p>\n<p>mendiga en el universo atroz al que en consciencia devenimos,<\/p>\n<p>y fecundarla.<\/p>\n<p>&nbsp;<\/p>\n<p>Pero c\u00f3mo llegar a ti a trav\u00e9s de pasillos inhabitados<\/p>\n<p>por el discurso,<\/p>\n<p>sin raz\u00f3n,<\/p>\n<p>volando s\u00f3lo con la sangre que florece en deseo,<\/p>\n<p>en el filo animal o deidad antropomorfa o \u00e1ngel triste,<\/p>\n<p>ternura virgen entregada en belleza cristalina,<\/p>\n<p>c\u00f3mo llegar a esa gota dormida por el pensamiento<\/p>\n<p>sin el cauce seguro, seguido, sobrio como una selva<\/p>\n<p>que inunda.<\/p>\n<p>&nbsp;<\/p>\n<p>S\u00e9 que volar al \u00e9ter tornasolado angustia, a los visos<\/p>\n<p>luminiscentes del alba,<\/p>\n<p>a la claridad sonora del v\u00e9rtigo que nos aterra como un l\u00edmite<\/p>\n<p>y nos bate intenso en los m\u00e1s inc\u00f3gnitos n\u00facleos.<\/p>\n<p>C\u00f3mo ser m\u00e1s all\u00e1 de la sombra que nos hurta el miedo<\/p>\n<p>sin anidarse en al alarido intenso del recuerdo.<\/p>\n<p>C\u00f3mo llegar a ti<\/p>\n<p>sin la encendid\u00edsima luz de la locura.<\/p>\n<h1>&nbsp;<\/h1>\n<p>&nbsp;<\/p>\n<span class='bctt-click-to-tweet'><span class='bctt-ctt-text'><a href='https:\/\/x.com\/intent\/tweet?url=https%3A%2F%2Fclubdepoesia.com%2Fjoseramoncasanova%2Fpoemas%2Fpoesia-de-desnudos-de-mundo%2F&#038;text=Sobrevalor%C3%A1ndeme%C2%A0del%20libro%20Desnudos%20de%20mundo%20de%20Jos%C3%A9%20Ram%C3%B3n%20Casanova&#038;via=poesiaerestu&#038;related=poesiaerestu' target='_blank'rel=\"noopener noreferrer\">Sobrevalor\u00e1ndeme&nbsp;del libro Desnudos de mundo de Jos\u00e9 Ram\u00f3n Casanova <\/a><\/span><a href='https:\/\/x.com\/intent\/tweet?url=https%3A%2F%2Fclubdepoesia.com%2Fjoseramoncasanova%2Fpoemas%2Fpoesia-de-desnudos-de-mundo%2F&#038;text=Sobrevalor%C3%A1ndeme%C2%A0del%20libro%20Desnudos%20de%20mundo%20de%20Jos%C3%A9%20Ram%C3%B3n%20Casanova&#038;via=poesiaerestu&#038;related=poesiaerestu' target='_blank' class='bctt-ctt-btn'rel=\"noopener noreferrer\">Share on X<\/a><\/span>[\/vc_column_text][\/vc_column][\/vc_row][vc_row][vc_column extend=&#8221;false&#8221;]<div class='gambit_parallax_row' data-bg-align='' data-direction='fixed' data-opacity='100' data-velocity='-0.3' data-mobile-enabled='' data-bg-height='240' data-bg-width='320' data-bg-image='https:\/\/clubdepoesia.com\/joseramoncasanova\/files\/2015\/07\/mi-luz.jpg' data-bg-repeat='false' data-id='' style='display: none'><\/div><div class=\"gambit_fullheight_row\" data-content-location=\"center\" style=\"display: none\"><\/div>[\/vc_column][\/vc_row][vc_row][vc_column extend=&#8221;false&#8221;][vc_column_text]\n<h1><a name=\"_Toc513055545\"><\/a><\/h1>\n<h1><a name=\"_Toc518755933\"><\/a><strong>A\u00f1os<\/strong><\/h1>\n<p>&nbsp;<\/p>\n<p>Entonces amargamente vestimos nuestras almas<\/p>\n<p>con ropajes vistosos pero sucios,<\/p>\n<p>casi desestimados del mundo que aguantamos<\/p>\n<p>por no romperlo con nuestras manos sudorosas.<\/p>\n<p>&nbsp;<\/p>\n<p>El consuelo es esa multitud que nos rodea,<\/p>\n<p>la masa que transpira soledad por cada poro<\/p>\n<p>entre gritos vac\u00edos ya de angustia,<\/p>\n<p>entre suelos enlosados lentamente por el lodo.<\/p>\n<p>&nbsp;<\/p>\n<p>&nbsp;<\/p>\n<p>&nbsp;<\/p>\n<p>&nbsp;<\/p>\n<p>Y as\u00ed,<\/p>\n<p>dejamos de comprender qu\u00e9 era aquello<\/p>\n<p>cuando vaci\u00e1bamos los bolsillos para nada,<\/p>\n<p>o compartir s\u00f3lo un soplo de la vida.<\/p>\n<p>&nbsp;<\/p>\n<span class='bctt-click-to-tweet'><span class='bctt-ctt-text'><a href='https:\/\/x.com\/intent\/tweet?url=https%3A%2F%2Fclubdepoesia.com%2Fjoseramoncasanova%2Fpoemas%2Fpoesia-de-desnudos-de-mundo%2F&#038;text=A%C3%B1os%C2%A0del%20libro%20Desnudos%20de%20mundo%20de%20Jos%C3%A9%20Ram%C3%B3n%20Casanova&#038;via=poesiaerestu&#038;related=poesiaerestu' target='_blank'rel=\"noopener noreferrer\">A\u00f1os&nbsp;del libro Desnudos de mundo de Jos\u00e9 Ram\u00f3n Casanova <\/a><\/span><a href='https:\/\/x.com\/intent\/tweet?url=https%3A%2F%2Fclubdepoesia.com%2Fjoseramoncasanova%2Fpoemas%2Fpoesia-de-desnudos-de-mundo%2F&#038;text=A%C3%B1os%C2%A0del%20libro%20Desnudos%20de%20mundo%20de%20Jos%C3%A9%20Ram%C3%B3n%20Casanova&#038;via=poesiaerestu&#038;related=poesiaerestu' target='_blank' class='bctt-ctt-btn'rel=\"noopener noreferrer\">Share on X<\/a><\/span>[\/vc_column_text][\/vc_column][\/vc_row][vc_row][vc_column extend=&#8221;false&#8221;]<div class='gambit_parallax_row' data-bg-align='' data-direction='fixed' data-opacity='100' data-velocity='-0.3' data-mobile-enabled='' data-bg-height='141' data-bg-width='320' data-bg-image='https:\/\/clubdepoesia.com\/joseramoncasanova\/files\/2015\/06\/lluvia.jpg' data-bg-repeat='false' data-id='' style='display: none'><\/div><div class=\"gambit_fullheight_row\" data-content-location=\"center\" style=\"display: none\"><\/div>[\/vc_column][\/vc_row][vc_row][vc_column extend=&#8221;false&#8221;][vc_column_text]\n<h1><a name=\"_Toc518755935\"><\/a><strong>Ataraxia<\/strong><\/h1>\n<p>&nbsp;<\/p>\n<p>Si me vieras<\/p>\n<p>con la pluma de nuevo fecundando<\/p>\n<p>de humo y sentimientos este libro casi azul,<\/p>\n<p>que es un cuaderno que respira por m\u00ed<\/p>\n<p>el aire envenenado.<\/p>\n<p>Palabras para qui\u00e9n,<\/p>\n<p>no existe al menos una nota necrol\u00f3gica<\/p>\n<p>que anuncie el final de la muralla por mundos derribada,<\/p>\n<p>escombros encalados por pausas esquizoides,<\/p>\n<p>enloquecidamente serenadas por ti,<\/p>\n<p>b\u00e1lsamo de piel enamorada.<\/p>\n<h1>&nbsp;<\/h1>\n<span class='bctt-click-to-tweet'><span class='bctt-ctt-text'><a href='https:\/\/x.com\/intent\/tweet?url=https%3A%2F%2Fclubdepoesia.com%2Fjoseramoncasanova%2Fpoemas%2Fpoesia-de-desnudos-de-mundo%2F&#038;text=Ataraxia%C2%A0del%20libro%20Desnudos%20de%20mundo%20de%20Jos%C3%A9%20Ram%C3%B3n%20Casanova&#038;via=poesiaerestu&#038;related=poesiaerestu' target='_blank'rel=\"noopener noreferrer\">Ataraxia&nbsp;del libro Desnudos de mundo de Jos\u00e9 Ram\u00f3n Casanova <\/a><\/span><a href='https:\/\/x.com\/intent\/tweet?url=https%3A%2F%2Fclubdepoesia.com%2Fjoseramoncasanova%2Fpoemas%2Fpoesia-de-desnudos-de-mundo%2F&#038;text=Ataraxia%C2%A0del%20libro%20Desnudos%20de%20mundo%20de%20Jos%C3%A9%20Ram%C3%B3n%20Casanova&#038;via=poesiaerestu&#038;related=poesiaerestu' target='_blank' class='bctt-ctt-btn'rel=\"noopener noreferrer\">Share on X<\/a><\/span>[\/vc_column_text][\/vc_column][\/vc_row][vc_row][vc_column extend=&#8221;false&#8221;]<div class='gambit_parallax_row' data-bg-align='' data-direction='fixed' data-opacity='100' data-velocity='-0.3' data-mobile-enabled='' data-bg-height='213' data-bg-width='320' data-bg-image='https:\/\/clubdepoesia.com\/joseramoncasanova\/files\/2015\/07\/DSC_3715.jpg' data-bg-repeat='false' data-id='' style='display: none'><\/div><div class=\"gambit_fullheight_row\" data-content-location=\"center\" style=\"display: none\"><\/div>[\/vc_column][\/vc_row][vc_row][vc_column extend=&#8221;false&#8221;][vc_column_text]\n<h1><a name=\"_Toc517797415\"><\/a><\/h1>\n<h1><a name=\"_Toc518755980\"><\/a><strong>Mondo<\/strong><\/h1>\n<p>&nbsp;<\/p>\n<p>De qu\u00e9 sirve la saliva de un beso v\u00e9rtigo<\/p>\n<p>abismo de esos siglos que pasaron.<\/p>\n<p>Reduce los tambores latidos de tu pecho,<\/p>\n<p>son ya humo entre las sienes sentenciado.<\/p>\n<p>Reclama sin compasi\u00f3n el volumen exacto<\/p>\n<p>de tu m\u00fasica,<\/p>\n<p>la ondulaci\u00f3n perfecta de cada uno de los poros<\/p>\n<p>que te acogen,<\/p>\n<p>de que serv\u00edan no sirve, \u00bfy si eran espuma<\/p>\n<p>solamente?<\/p>\n<p>Alcanza la noche que te lanza de nuevo<\/p>\n<p>al adarve del d\u00eda,<\/p>\n<p>bebe hasta rozar los deseos olvidados,<\/p>\n<p>eng\u00e1rzate al pirsin instante que te duele ahora<\/p>\n<p>y arranca el p\u00e1rpado piel que vela la luz del mediod\u00eda.<\/p>\n<p>Celebra tu primer cumplea\u00f1os contigo,<\/p>\n<p>sin la espesa cera del entonces<\/p>\n<p>ya quemada.<\/p>\n<h1>&nbsp;<\/h1>\n<span class='bctt-click-to-tweet'><span class='bctt-ctt-text'><a href='https:\/\/x.com\/intent\/tweet?url=https%3A%2F%2Fclubdepoesia.com%2Fjoseramoncasanova%2Fpoemas%2Fpoesia-de-desnudos-de-mundo%2F&#038;text=Mondo%C2%A0del%20libro%20Desnudos%20de%20mundo%20de%20Jos%C3%A9%20Ram%C3%B3n%20Casanova&#038;via=poesiaerestu&#038;related=poesiaerestu' target='_blank'rel=\"noopener noreferrer\">Mondo&nbsp;del libro Desnudos de mundo de Jos\u00e9 Ram\u00f3n Casanova <\/a><\/span><a href='https:\/\/x.com\/intent\/tweet?url=https%3A%2F%2Fclubdepoesia.com%2Fjoseramoncasanova%2Fpoemas%2Fpoesia-de-desnudos-de-mundo%2F&#038;text=Mondo%C2%A0del%20libro%20Desnudos%20de%20mundo%20de%20Jos%C3%A9%20Ram%C3%B3n%20Casanova&#038;via=poesiaerestu&#038;related=poesiaerestu' target='_blank' class='bctt-ctt-btn'rel=\"noopener noreferrer\">Share on X<\/a><\/span>[\/vc_column_text][\/vc_column][\/vc_row][vc_row][vc_column extend=&#8221;false&#8221;]<div class='gambit_parallax_row' data-bg-align='' data-direction='fixed' data-opacity='100' data-velocity='-0.3' data-mobile-enabled='' data-bg-height='214' data-bg-width='320' data-bg-image='https:\/\/clubdepoesia.com\/joseramoncasanova\/files\/2015\/08\/blanco-y-negro2-1.jpg' data-bg-repeat='false' data-id='' style='display: none'><\/div><div class=\"gambit_fullheight_row\" data-content-location=\"center\" style=\"display: none\"><\/div>[vc_column_text]\n<p style=\"text-align: center;\"><a class=\"fasc-button fasc-size-xlarge fasc-type-flat\" style=\"background-color: #33809e; color: #ffffff;\" href=\"https:\/\/librodepoesia.com\/producto\/desnudos-de-mundo-jose-ramon-casanova\/\">Comprar el libro<\/a><\/p>\n[\/vc_column_text][\/vc_column][\/vc_row][vc_row][vc_column extend=&#8221;false&#8221;][vc_column_text css=&#8221;.vc_custom_1532882098877{margin-top: -30000px !important;}&#8221;]\n<h1><strong><em><u>Poes\u00eda del libro Desnudos de mundo de Jos\u00e9 Ram\u00f3n Casanova. El escritor nos da una muestra tras publicar un libro.<\/u><\/em><\/strong><\/h1>\n<h2><strong><em><u><a href=\"https:\/\/clubdepoesia.com\/joseramoncasanova\/files\/2018\/07\/0_PortadaDesnudosdelmundo-1.jpg\"><img fetchpriority=\"high\" decoding=\"async\" class=\"aligncenter size-full wp-image-508\" src=\"https:\/\/clubdepoesia.com\/joseramoncasanova\/files\/2018\/07\/0_PortadaDesnudosdelmundo-1.jpg\" alt=\"\" width=\"559\" height=\"794\" srcset=\"https:\/\/clubdepoesia.com\/joseramoncasanova\/files\/2018\/07\/0_PortadaDesnudosdelmundo-1.jpg 559w, https:\/\/clubdepoesia.com\/joseramoncasanova\/files\/2018\/07\/0_PortadaDesnudosdelmundo-1-211x300.jpg 211w\" sizes=\"(max-width: 559px) 100vw, 559px\" \/><\/a>Poes\u00eda del libro Desnudos de mundo de Jos\u00e9 Ram\u00f3n Casanova El poeta nos da una muestra tras publicar un libro.<\/u><\/em><\/strong><\/h2>\n<h3><strong><em><u>Poes\u00eda del libro Desnudos de mundo de Jos\u00e9 Ram\u00f3n Casanova El autor nos da una muestra tras publicar un libro.<\/u><\/em><\/strong><\/h3>\n<h4><strong><em><u>Poes\u00eda del libro Desnudos de mundo de Jos\u00e9 Ram\u00f3n Casanova El autor nos da una muestra tras publicar un libro.<\/u><\/em><\/strong><\/h4>\n<h5><strong><em><u>Poes\u00eda del libro Desnudos de mundo de Jos\u00e9 Ram\u00f3n Casanova El autor nos da una muestra tras publicar un libro.<\/u><\/em><\/strong><\/h5>\n[\/vc_column_text][\/vc_column][\/vc_row]\n<\/div>","protected":false},"excerpt":{"rendered":"<p>[vc_row][vc_column extend=&#8221;false&#8221;][vc_column_text css=&#8221;.vc_custom_1532882098877{margin-top: -30000px !important;}&#8221;] Poes\u00eda del libro Desnudos de mundo de Jos\u00e9 Ram\u00f3n Casanova. El escritor nos da una muestra tras publicar un libro. Poes\u00eda del libro Desnudos de mundo de Jos\u00e9 Ram\u00f3n Casanova El poeta nos da una muestra tras publicar un libro. Poes\u00eda del libro Desnudos de mundo de Jos\u00e9 Ram\u00f3n Casanova [&hellip;]<\/p>\n","protected":false},"author":24,"featured_media":0,"parent":11,"menu_order":2,"comment_status":"closed","ping_status":"closed","template":"","meta":{"footnotes":"","_links_to":"","_links_to_target":""},"class_list":["post-527","page","type-page","status-publish","hentry"],"_links":{"self":[{"href":"https:\/\/clubdepoesia.com\/joseramoncasanova\/wp-json\/wp\/v2\/pages\/527","targetHints":{"allow":["GET"]}}],"collection":[{"href":"https:\/\/clubdepoesia.com\/joseramoncasanova\/wp-json\/wp\/v2\/pages"}],"about":[{"href":"https:\/\/clubdepoesia.com\/joseramoncasanova\/wp-json\/wp\/v2\/types\/page"}],"author":[{"embeddable":true,"href":"https:\/\/clubdepoesia.com\/joseramoncasanova\/wp-json\/wp\/v2\/users\/24"}],"replies":[{"embeddable":true,"href":"https:\/\/clubdepoesia.com\/joseramoncasanova\/wp-json\/wp\/v2\/comments?post=527"}],"version-history":[{"count":0,"href":"https:\/\/clubdepoesia.com\/joseramoncasanova\/wp-json\/wp\/v2\/pages\/527\/revisions"}],"up":[{"embeddable":true,"href":"https:\/\/clubdepoesia.com\/joseramoncasanova\/wp-json\/wp\/v2\/pages\/11"}],"wp:attachment":[{"href":"https:\/\/clubdepoesia.com\/joseramoncasanova\/wp-json\/wp\/v2\/media?parent=527"}],"curies":[{"name":"wp","href":"https:\/\/api.w.org\/{rel}","templated":true}]}}