{"id":28,"date":"2010-11-23T16:47:16","date_gmt":"2010-11-23T16:47:16","guid":{"rendered":"http:\/\/clubdepoesia.com\/joseramoncasanova\/"},"modified":"2010-11-23T16:47:16","modified_gmt":"2010-11-23T16:47:16","slug":"entrevista","status":"publish","type":"page","link":"https:\/\/clubdepoesia.com\/joseramoncasanova\/entrevista\/","title":{"rendered":"Entrevista"},"content":{"rendered":"<h3>Entrevista realizada por la Editorial Poes\u00eda eres t\u00fa a Jos\u00e9 Ram\u00f3n Casanova<\/h3>\n<p>Jos\u00e9 Ram\u00f3n Casanova es el autor de HUELLA DE UN SILENCIO un poemario donde el lenguaje juega un papel muy intimo con el amor. Al leer el poemario el lector se dar\u00e1 cuenta que Jos\u00e9 Ram\u00f3n no es un poeta casual y que su relaci\u00f3n con la poes\u00eda es intensa y muy rica en matices.<br \/>\nP.- Me sorprendi\u00f3 mucho al leer tu poemario la intensidad de los poemas y esa forma de tratar un tema tan dif\u00edcil como es el amor. No parece para nada una primera obra de un poeta, sino m\u00e1s bien la obra de un poeta con experiencia. \u00bfC\u00f3mo has llegado a la poes\u00eda y que trabajo previo has hecho de lecturas?<br \/>\nR.- Mi encuentro con la poes\u00eda nace a trav\u00e9s probablemente del hado y la pregunta que yo me hago ser\u00eda c\u00f3mo ha llegado la poes\u00eda a mi no yo a ella. He pensado en muchas ocasiones acerca de ello y nunca encontraba respuesta, porque buscaba una respuesta l\u00f3gica, equivoc\u00e1ndome. Cuando se siente la necesidad de escribir preguntarnos esto es como preguntarnos por qu\u00e9 respiramos, por qu\u00e9 amamos. Ella vino despacio, suave, seduci\u00e9ndome. Solo tuve que dejarme envenenar y hacer de sus deseos tinta.<br \/>\nFue a partir de ah\u00ed cuando se intensific\u00f3 mi afici\u00f3n por la lectura, pero la poes\u00eda en un primer momento no es tanto el fruto sino la culpable, el germen. Desde ese momento ya todo se conjuga y todas las lecturas habr\u00e1n de influir en mi escritura, no tanto en la creaci\u00f3n como en el desarrollo, claro.<br \/>\nP.- En estos tiempos en los que vivimos, la poes\u00eda parece el \u00faltimo refugio que le queda al hombre para tener un espacio de intimidad con el ser humano. \u00bfEs la poes\u00eda una mejor manera de conocer al ser humano?<br \/>\nR.- Es posible que s\u00ed. Contamos, por un lado con una vor\u00e1gine de avances cient\u00edficos que nos descubren cada vez con mayor velocidad todo aquello que forma parte de la estructura material del hombre adentr\u00e1ndose incluso en ese mas all\u00e1 de lo material, o m\u00e1s bien buscando dentro de los l\u00edmites f\u00edsicos explicaciones a todo tipo de comportamientos e ideas; es posible que cualquier d\u00eda nos sorprendan con un aparato capaz de fotografiar el alma. Por otra parte tenemos aquellas inquietudes con las cuales, a trav\u00e9s de lo desconocido, hemos ido dando formas diversas, y que al interactuar con el m\u00e1s ac\u00e1, con lo real, se han convertido generalmente en piedras contra nuestro propio tejado; las religiones a lo largo de la Historia no han conseguido plasmar en el hombre el azul del cielo, al que ya podemos fotografiar sin ver otra cosa m\u00e1s que ese azul.<br \/>\nEn ambos casos las fotograf\u00edas podr\u00e1n ser maravillosas, espectaculares, pueden hablar incluso. Pero la poes\u00eda destroza el dicho de que una imagen vale m\u00e1s que mil palabras. Porque en un poema, una palabra puede tener mucho m\u00e1s valor que todas las im\u00e1genes que existen. Por tanto puede valer m\u00e1s para conocer al ser humano, a ese ser humano que la deja recostada en el papel y a ese ser humano que la recoge para hacerla suya. Probablemente nadie se adentre tanto en el ser como un poeta en el acto creativo, m\u00e1s all\u00e1 de los mimbres que utilice para expresarse aunque en mi opini\u00f3n ninguno tan certero como la palabra. Cosa diferente es la capacidad para expresarlo y la profundidad a la que se est\u00e9 dispuesto a bajar.<br \/>\nP.- En tu poema Eddnes hay unos versos que dicen: \u201cAs\u00ed vivo \/ olvidado, \/ escribiendo desde donde nace el silencio\u201d \u00bfEs quiz\u00e1s la poes\u00eda ese espacio de silencio que el poeta necesita para desarrollar su arte?<br \/>\nR.- A veces identificamos el silencio con la nada, la ausencia, la soledad impuesta, suele tener mala fama el silencio. Pero yo lo he visto siempre como algo maravilloso. He conocido espacios f\u00edsicos donde habita, de una manera absoluta, de hecho este verso nace intr\u00ednsecamente ligado a un lugar f\u00edsico, para luego ampliar su significado con otras acepciones o \u00e1mbitos no f\u00edsicos, espirituales, et\u00e9reos, igual o m\u00e1s intensos.<br \/>\nEl poeta necesita ese espacio, tal vez no tanto para desarrollar su arte, que normalmente tambi\u00e9n, sino para engendrarlo en esa primera estructura profunda, en esa lucha primigenia por enharinar a las ideas para hacerlas visibles y darles forma.<br \/>\nP.- Siempre me ha sorprendido mucho la labor de los poetas y como compaginan su trabajo (en tu caso eres empresario) con el arte de la poes\u00eda. Verdaderamente parece dif\u00edcil llevar una vida ajetreada y despu\u00e9s buscar ese momento para escribir poes\u00eda. \u00bfC\u00f3mo compaginas estas dos cosas?<br \/>\nR.- A trav\u00e9s de ese silencio del que hablaba en la respuesta anterior. El momento de escribir no es tan importante, la calma necesaria para ese instante siempre se encuentra y es posible hallarla en los lugares y situaciones m\u00e1s insospechados, pero lo realmente importante es ese conjunto de otros momentos en los cuales se est\u00e1 gestando la poes\u00eda; son los anhelos, las sensaciones, las caricias, los chispazos de vida o las negaciones de ella que te vas encontrando a cada paso, es aquella mirada o aroma que despu\u00e9s ya forman parte del acervo tuyo, es lo que guardas en la nevera despu\u00e9s de ir al mercado, el ajuar o esa cajita con tus tesoros. Cuando se revela ya no necesitas tanta calma. Pero cuando se vislumbra, en ese momento en medio de la tormenta o la locura, buscas esa paz de la mano de las palabras, ya que solo ellas te calman.<br \/>\nP.- De los libros que lees cuales son los poetas que m\u00e1s te han marcado y cu\u00e1les son tus poetas favoritos?<br \/>\nR.- Los del 27 en primer lugar, Aleixandre en particular, esa abrumadora fuente de met\u00e1foras en la que no me canso de beber, ese bistur\u00ed certero guiado por el pulso de, a mi entender, un genio. Creo que la gran mayor\u00eda de los poetas a los que he tenido la suerte de saborear me han aportado algo en mayor o menor medida. Tengo que nombrar ineludiblemente a B\u00e9cquer, a Tagore, pero tambi\u00e9n a Keats, Quevedo, a Juan Ram\u00f3n. Cuando surge esta pregunta siempre quedan tantos atr\u00e1s, Hierro, Goytisolo, Valente y Bonald, Loinaz. Me encantan Pessoa, Neruda. Se que pertenecen a corrientes muy diferentes, pero todos ellos y muchos otros han rellenado huequecillos de mi alma.<br \/>\nChopin ha sido un grandioso poeta, pero eso abrir\u00eda otro interesante debate\u2026<\/p>\n<p>P.- \u00bfPor qu\u00e9 crees que surge la necesidad de sacar a la luz una obra o creaci\u00f3n art\u00edstica?<br \/>\nR.- Creo que es una cuesti\u00f3n muy personal y que adem\u00e1s, como ha ocurrido en mi caso, es algo que puede variar a lo largo del tiempo, mas bien a lo largo de las sensaciones, en mi fue la culminaci\u00f3n de un despertar. En todo caso mi opini\u00f3n es que generalmente esta necesidad va a nacer tarde o temprano cuando se intenta transmitir algo a trav\u00e9s de cualquier medio de expresi\u00f3n, sin dar a conocer no hay transmisi\u00f3n, no hay comuni\u00f3n, no hay nada al otro extremo del hilo; dependiendo de ciertas circunstancias puede no necesitarse, o buscarse expresamente esa no conexi\u00f3n, pero independientemente del impulso que provoque la creaci\u00f3n, generalmente se necesitar\u00e1 comunicarla.<\/p>\n<p>P.- \u00bfQu\u00e9 es la musa para un poeta? \u00bfExiste la inspiraci\u00f3n?<br \/>\nR.- Existe la poes\u00eda y para encontrarla necesitamos que nuestros sentidos se abran en una dimensi\u00f3n diferente que comprende a todas las conocidas, eso es la inspiraci\u00f3n. A veces alguien nos ayuda en esa tarea, ese alguien es la musa, que no siempre est\u00e1 ah\u00ed.<br \/>\nHay qui\u00e9n no cree en nada de eso, que todo es fruto de un intenso trabajo, de una preparaci\u00f3n. En mi opini\u00f3n ese trabajo y esa preparaci\u00f3n coadyuvan al mismo objetivo, forman parte de aquellas dimensiones conocidas, pero que es necesario un algo mas, \u00bfc\u00f3mo suena esa gota de roc\u00edo que sentimos posarse en un p\u00e9talo, al amanecer\u2026?, se necesita la inspiraci\u00f3n para expresarlo.<\/p>\n","protected":false},"excerpt":{"rendered":"<p>Entrevista realizada por la Editorial Poes\u00eda eres t\u00fa a Jos\u00e9 Ram\u00f3n Casanova Jos\u00e9 Ram\u00f3n Casanova es el autor de HUELLA DE UN SILENCIO un poemario donde el lenguaje juega un papel muy intimo con el amor. Al leer el poemario el lector se dar\u00e1 cuenta que Jos\u00e9 Ram\u00f3n no es un poeta casual y que [&hellip;]<\/p>\n","protected":false},"author":1,"featured_media":0,"parent":0,"menu_order":10,"comment_status":"open","ping_status":"open","template":"","meta":{"footnotes":"","_links_to":"","_links_to_target":""},"class_list":["post-28","page","type-page","status-publish","hentry"],"_links":{"self":[{"href":"https:\/\/clubdepoesia.com\/joseramoncasanova\/wp-json\/wp\/v2\/pages\/28","targetHints":{"allow":["GET"]}}],"collection":[{"href":"https:\/\/clubdepoesia.com\/joseramoncasanova\/wp-json\/wp\/v2\/pages"}],"about":[{"href":"https:\/\/clubdepoesia.com\/joseramoncasanova\/wp-json\/wp\/v2\/types\/page"}],"author":[{"embeddable":true,"href":"https:\/\/clubdepoesia.com\/joseramoncasanova\/wp-json\/wp\/v2\/users\/1"}],"replies":[{"embeddable":true,"href":"https:\/\/clubdepoesia.com\/joseramoncasanova\/wp-json\/wp\/v2\/comments?post=28"}],"version-history":[{"count":0,"href":"https:\/\/clubdepoesia.com\/joseramoncasanova\/wp-json\/wp\/v2\/pages\/28\/revisions"}],"wp:attachment":[{"href":"https:\/\/clubdepoesia.com\/joseramoncasanova\/wp-json\/wp\/v2\/media?parent=28"}],"curies":[{"name":"wp","href":"https:\/\/api.w.org\/{rel}","templated":true}]}}