{"id":9,"date":"2013-08-17T17:35:42","date_gmt":"2013-08-17T17:35:42","guid":{"rendered":"http:\/\/clubdepoesia.com\/joseluislopezenamorado\/?page_id=9"},"modified":"2013-09-16T16:51:09","modified_gmt":"2013-09-16T16:51:09","slug":"se-me-ha-caido-un-beso","status":"publish","type":"page","link":"https:\/\/clubdepoesia.com\/joseluislopezenamorado\/se-me-ha-caido-un-beso\/","title":{"rendered":"Se me ha caido un beso"},"content":{"rendered":"<p>&nbsp;<\/p>\n<p><b><a href=\"https:\/\/clubdepoesia.com\/joseluislopezenamorado\/files\/2013\/08\/PortadaMesehacaido.jpg\"><img fetchpriority=\"high\" decoding=\"async\" class=\"alignleft size-medium wp-image-17\" alt=\"PortadaMesehacaido\" src=\"https:\/\/clubdepoesia.com\/joseluislopezenamorado\/files\/2013\/08\/PortadaMesehacaido-207x300.jpg\" width=\"207\" height=\"300\" srcset=\"https:\/\/clubdepoesia.com\/joseluislopezenamorado\/files\/2013\/08\/PortadaMesehacaido-207x300.jpg 207w, https:\/\/clubdepoesia.com\/joseluislopezenamorado\/files\/2013\/08\/PortadaMesehacaido.jpg 551w\" sizes=\"(max-width: 207px) 100vw, 207px\" \/><\/a>T\u00edtulo:<\/b> SE ME HA CA\u00cdDO UN BESO<\/p>\n<p><b>Autor:<\/b> Jos\u00e9 Luis L\u00f3pez Enamorado<\/p>\n<p>A\u00f1o de Publicaci\u00f3n: 2013<\/p>\n<p>Colecci\u00f3n: Poes\u00eda eres t\u00fa<\/p>\n<p>ISBN-13: <i>978-84-15006-73-2<\/i><\/p>\n<p>Editorial: Poes\u00eda eres t\u00fa<\/p>\n<p><a href=\"http:\/\/www.poesiaerestu.com\/\">http:\/\/www.poesiaerestu.com<\/a><\/p>\n<p>PVP: 15 Euros (IVA Incluido)<\/p>\n<p><b>\u00a0<\/b><\/p>\n<p><b>\u00a0<\/b><\/p>\n<p><b><br \/>\n<\/b><\/p>\n<p><b>RESE\u00d1A:<\/b><\/p>\n<p>La poes\u00eda almacena en pocas palabras multitud de mensajes y de sentimientos. Es, en definitiva, una herramienta con una gran capacidad de s\u00edntesis.<\/p>\n<p>El amor, a mi edad, se escribe y se describe con menos temperamento y m\u00e1s sentimiento, con m\u00e1s autenticidad dir\u00eda yo. En \u00e9ste mi primer libro de poes\u00eda, he optado por un modo libre de trazado, sin cors\u00e9s. Consta de dos partes, ambas prologadas y epilogadas por Marco Acevedo, porque dos son los tipos de mensajes que encierran sus poemas. En la primera parte se dan cita los arrebatos, las estructuras er\u00f3ticas que nos conducen al \u00e9xtasis. En la segunda parte del libro los poemas descansan en temas de amor abiertos a cualquier circunstancia, una b\u00fasqueda del placer desde la contemplaci\u00f3n, las sensibilidades y la a\u00f1oranza<\/p>\n<p>Siempre he pensado que el hombre dise\u00f1a los momentos que intervienen en el acto sexual y que la mujer los transforma para mejorarlos; los adapta seg\u00fan su grado de receptividad alcanzando una mejor propuesta por causa de una mayor respuesta receptiva, mejor\u00e1ndose as\u00ed el proceso de ejecuci\u00f3n. La respuesta de agrado inmediato por parte de la mujer, activa la imaginaci\u00f3n del hombre.<\/p>\n<p>Los poemas de este libro resumen las fragancias de un amor tard\u00edo, diferente, tal vez el que necesitaba mi momento. Nada en la vida termina sino que se transforma; lo actual no es peor ni mejor sino diferente, lo engrandece la posibilidad de hacerlo intenso y capaz de arrancar palabras y dibujos para personalizar todo un c\u00famulo de sensaciones.<\/p>\n<p>El tiempo se encarga de guardarme las ausencias. Solo a veces abre sus puertas para que escapen a reunirse conmigo pero manteniendo intactas las esencias.<\/p>\n<p><iframe width=\"480\" height=\"360\" src=\"\/\/www.youtube.com\/embed\/3QTKa03_j7g\" frameborder=\"0\" allowfullscreen><\/iframe><\/p>\n","protected":false},"excerpt":{"rendered":"<p>&nbsp; T\u00edtulo: SE ME HA CA\u00cdDO UN BESO Autor: Jos\u00e9 Luis L\u00f3pez Enamorado A\u00f1o de Publicaci\u00f3n: 2013 Colecci\u00f3n: Poes\u00eda eres t\u00fa ISBN-13: 978-84-15006-73-2 Editorial: Poes\u00eda eres t\u00fa http:\/\/www.poesiaerestu.com PVP: 15 Euros (IVA Incluido) \u00a0 \u00a0 RESE\u00d1A: La poes\u00eda almacena en pocas palabras multitud de mensajes y de sentimientos. Es, en definitiva, una herramienta con una [&hellip;]<\/p>\n","protected":false},"author":1,"featured_media":0,"parent":0,"menu_order":2,"comment_status":"open","ping_status":"open","template":"","meta":{"footnotes":"","_links_to":"","_links_to_target":""},"class_list":["post-9","page","type-page","status-publish","hentry"],"_links":{"self":[{"href":"https:\/\/clubdepoesia.com\/joseluislopezenamorado\/wp-json\/wp\/v2\/pages\/9","targetHints":{"allow":["GET"]}}],"collection":[{"href":"https:\/\/clubdepoesia.com\/joseluislopezenamorado\/wp-json\/wp\/v2\/pages"}],"about":[{"href":"https:\/\/clubdepoesia.com\/joseluislopezenamorado\/wp-json\/wp\/v2\/types\/page"}],"author":[{"embeddable":true,"href":"https:\/\/clubdepoesia.com\/joseluislopezenamorado\/wp-json\/wp\/v2\/users\/1"}],"replies":[{"embeddable":true,"href":"https:\/\/clubdepoesia.com\/joseluislopezenamorado\/wp-json\/wp\/v2\/comments?post=9"}],"version-history":[{"count":0,"href":"https:\/\/clubdepoesia.com\/joseluislopezenamorado\/wp-json\/wp\/v2\/pages\/9\/revisions"}],"wp:attachment":[{"href":"https:\/\/clubdepoesia.com\/joseluislopezenamorado\/wp-json\/wp\/v2\/media?parent=9"}],"curies":[{"name":"wp","href":"https:\/\/api.w.org\/{rel}","templated":true}]}}