{"id":7,"date":"2014-02-02T17:35:30","date_gmt":"2014-02-02T17:35:30","guid":{"rendered":"http:\/\/clubdepoesia.com\/joseangelrodriguez\/?page_id=7"},"modified":"2014-02-02T17:48:13","modified_gmt":"2014-02-02T17:48:13","slug":"la-princesa-diablo","status":"publish","type":"page","link":"https:\/\/clubdepoesia.com\/joseangelrodriguez\/la-princesa-diablo\/","title":{"rendered":"La princesa diablo"},"content":{"rendered":"<p><b><a href=\"http:\/\/clubdepoesia.com\/joseangelrodriguez\/files\/2014\/02\/portadalaprincesdiablo.jpg\"><img fetchpriority=\"high\" decoding=\"async\" class=\"alignleft size-medium wp-image-8\" alt=\"portadalaprincesdiablo\" src=\"http:\/\/clubdepoesia.com\/joseangelrodriguez\/files\/2014\/02\/portadalaprincesdiablo-212x300.jpg\" width=\"212\" height=\"300\" \/><\/a>T\u00edtulo:<\/b> LA PRINCESA DIABLO<\/p>\n<p><b>Autor:<\/b> Jos\u00e9 \u00c1ngel RODR\u00cdGUEZ FERN\u00c1NDEZ<\/p>\n<p>&nbsp;<\/p>\n<p>A\u00f1o de Publicaci\u00f3n: 2014<\/p>\n<p>Colecci\u00f3n: Poes\u00eda eres t\u00fa<\/p>\n<p>&nbsp;<\/p>\n<p>ISBN-13: <i>978-84-15006-78-7<\/i><\/p>\n<p>Editorial: Poes\u00eda eres t\u00fa<\/p>\n<p><a href=\"http:\/\/www.poesiaerestu.com\/\">http:\/\/www.poesiaerestu.com<\/a><\/p>\n<p>PVP:12 Euros (IVA Incluido).<\/p>\n<p><b>\u00a0<\/b><\/p>\n<p><b>\u00a0<\/b><\/p>\n<p><b>RESE\u00d1A:<\/b><\/p>\n<p>La <i>Princesa Diablo<\/i> es una obra directa, una historia sin final espec\u00edfico pero lineal y que no se diluye en el tiempo ya que plasma fielmente y sin tapujos una etapa muy concreta de la vida del autor. Este poemario se despreocupa intencionadamente de buscar la perfecci\u00f3n m\u00e9trica y formal. Tampoco busca necesariamente que el lector se sienta identificado o aflorar en \u00e9l alg\u00fan tipo de emoci\u00f3n, sino el expresar y reflejar de la manera m\u00e1s clara y sincera posible un momento de la vida, ese proceso tan dif\u00edcil para algunos que es el reconciliarse con el pasado y ante todo con uno mismo.<\/p>\n<p>El hilo conductor de la obra es el amor, expuesto de un modo tanto rom\u00e1ntico como crudo y en todo momento enfocado desde un punto de vista cotidiano y real. Es as\u00ed tambi\u00e9n como hacen su aparici\u00f3n la felicidad, la enso\u00f1aci\u00f3n, la pasi\u00f3n, el deseo, el sexo, el desamor, el desenga\u00f1o, la soledad; Todo tratado a veces de forma amable, a veces con desaz\u00f3n, a veces con iron\u00eda\u2026 pero siempre con un poso de realidad en el que no existen los totalmente inocentes ni los totalmente culpables.<\/p>\n","protected":false},"excerpt":{"rendered":"<p>T\u00edtulo: LA PRINCESA DIABLO Autor: Jos\u00e9 \u00c1ngel RODR\u00cdGUEZ FERN\u00c1NDEZ &nbsp; A\u00f1o de Publicaci\u00f3n: 2014 Colecci\u00f3n: Poes\u00eda eres t\u00fa &nbsp; ISBN-13: 978-84-15006-78-7 Editorial: Poes\u00eda eres t\u00fa http:\/\/www.poesiaerestu.com PVP:12 Euros (IVA Incluido). \u00a0 \u00a0 RESE\u00d1A: La Princesa Diablo es una obra directa, una historia sin final espec\u00edfico pero lineal y que no se diluye en el tiempo [&hellip;]<\/p>\n","protected":false},"author":1,"featured_media":0,"parent":0,"menu_order":2,"comment_status":"open","ping_status":"open","template":"","meta":{"footnotes":"","_links_to":"","_links_to_target":""},"class_list":["post-7","page","type-page","status-publish","hentry"],"_links":{"self":[{"href":"https:\/\/clubdepoesia.com\/joseangelrodriguez\/wp-json\/wp\/v2\/pages\/7","targetHints":{"allow":["GET"]}}],"collection":[{"href":"https:\/\/clubdepoesia.com\/joseangelrodriguez\/wp-json\/wp\/v2\/pages"}],"about":[{"href":"https:\/\/clubdepoesia.com\/joseangelrodriguez\/wp-json\/wp\/v2\/types\/page"}],"author":[{"embeddable":true,"href":"https:\/\/clubdepoesia.com\/joseangelrodriguez\/wp-json\/wp\/v2\/users\/1"}],"replies":[{"embeddable":true,"href":"https:\/\/clubdepoesia.com\/joseangelrodriguez\/wp-json\/wp\/v2\/comments?post=7"}],"version-history":[{"count":0,"href":"https:\/\/clubdepoesia.com\/joseangelrodriguez\/wp-json\/wp\/v2\/pages\/7\/revisions"}],"wp:attachment":[{"href":"https:\/\/clubdepoesia.com\/joseangelrodriguez\/wp-json\/wp\/v2\/media?parent=7"}],"curies":[{"name":"wp","href":"https:\/\/api.w.org\/{rel}","templated":true}]}}