{"id":13,"date":"2014-02-02T17:45:27","date_gmt":"2014-02-02T17:45:27","guid":{"rendered":"http:\/\/clubdepoesia.com\/joseangelrodriguez\/?page_id=13"},"modified":"2014-02-02T17:45:27","modified_gmt":"2014-02-02T17:45:27","slug":"poemas","status":"publish","type":"page","link":"https:\/\/clubdepoesia.com\/joseangelrodriguez\/poemas\/","title":{"rendered":"Poemas"},"content":{"rendered":"<p><b>I<\/b><b><\/b><\/p>\n<p>&nbsp;<\/p>\n<p>Ahora que ya me empezaba a curar de amor,<\/p>\n<p>lleg\u00e1is T\u00fa y tu encanto encantador y me derrito<\/p>\n<p>igual que un hielito desliz\u00e1ndose por tu escote,<\/p>\n<p>que calor maldito me da tu piel de miel.<\/p>\n<p><b>\u00a0<\/b><\/p>\n<p><b>\u00a0<\/b><\/p>\n<p><b>VI<\/b><b><\/b><\/p>\n<p>&nbsp;<\/p>\n<p>Romper\u00eda mi guitarra<\/p>\n<p>por la risa de tu cara,<\/p>\n<p>qu\u00e9 dar\u00eda por tenerte<\/p>\n<p>abraz\u00e1ndote a mi espalda,<\/p>\n<p>siempre quiero deshojarte,<\/p>\n<p>pero qu\u00e9 bonita que eres,<\/p>\n<p>yo podr\u00eda dibujarte<\/p>\n<p>cien millones de palabras,<\/p>\n<p>un retrato en mil colores,<\/p>\n<p>describirte cien mil veces,<\/p>\n<p>descubrirte cada d\u00eda,<\/p>\n<p>conocerte hasta la muerte,<\/p>\n<p>y aun as\u00ed no bastar\u00eda,<\/p>\n<p>siempre de ti quiero m\u00e1s,<\/p>\n<p>siempre quiero deshojarte,<\/p>\n<p>pero qu\u00e9 bonita que eres.<\/p>\n<p><b>\u00a0<\/b><\/p>\n<p><b>\u00a0<\/b><\/p>\n<p><b>XI<\/b><b><\/b><\/p>\n<p>&nbsp;<\/p>\n<p>Y hasta mi sombra siente<\/p>\n<p>el continuo caminar,<\/p>\n<p>la condena de no parar<\/p>\n<p>de quererte,<\/p>\n<p>los grilletes de mi suerte<\/p>\n<p>me encadenan a tu recuerdo,<\/p>\n<p>que cada d\u00eda queda m\u00e1s lejos<\/p>\n<p>pero en m\u00ed qu\u00e9 presente est\u00e1.<\/p>\n<p>&nbsp;<\/p>\n<p>Y hasta mi sombra sabe<\/p>\n<p>porque es m\u00e1s lista que yo,<\/p>\n<p>que lo que acaba se acab\u00f3<\/p>\n<p>y no hay m\u00e1s vueltas que darle,<\/p>\n<p>que se lo explique a mi cabeza<\/p>\n<p>y a la tristeza<\/p>\n<p>que ya empieza a acostumbrarme<\/p>\n<p>a estar siempre solo.<\/p>\n<p><b>\u00a0<\/b><\/p>\n<p><b>\u00a0<\/b><\/p>\n<p><b>XVIII<\/b><b> El Diablo y La Muerte<\/b><b><\/b><\/p>\n<p>&nbsp;<\/p>\n<p>La Muerte no existe,<\/p>\n<p>es la propia vida,<\/p>\n<p>quien da, quien nos quita,<\/p>\n<p>quien mata y quien muere.<\/p>\n<p>Es due\u00f1a y se\u00f1ora,<\/p>\n<p>sin mas, la m\u00e1s fuerte,<\/p>\n<p>es juez y verdugo,<\/p>\n<p>y presa a la vez.<\/p>\n<p>&nbsp;<\/p>\n<p>Te colma de tiempo,<\/p>\n<p>te viene con prisas,<\/p>\n<p>no tiene paciencia,<\/p>\n<p>te da mil deseos.<\/p>\n<p>Te exprime, te besa,<\/p>\n<p>te embruja, te duele,<\/p>\n<p>es dulce y escuece,<\/p>\n<p>la vida es mujer.<\/p>\n<p><b>\u00a0<\/b><\/p>\n<p><b>\u00a0<\/b><\/p>\n<p><b>XXII<\/b><b><\/b><\/p>\n<p>&nbsp;<\/p>\n<p>Sumido en el recuerdo y en sue\u00f1os de gloria,<\/p>\n<p>mecido por las llamas, por los pecados de la Historia,<\/p>\n<p>acurrucado y dormido; acunado, yaciendo;<\/p>\n<p>el Diablo descansa, parece un \u00e1ngel.<\/p>\n<p>Su pasado infinito y el deseo inmortal,<\/p>\n<p>como el de un animal cruel, lascivo y perverso,<\/p>\n<p>el placer no le llena, todo el poder no le basta,<\/p>\n<p>simplemente condenado a ser m\u00e1s humano que Dios.<\/p>\n<p><b>\u00a0<\/b><\/p>\n","protected":false},"excerpt":{"rendered":"<p>I &nbsp; Ahora que ya me empezaba a curar de amor, lleg\u00e1is T\u00fa y tu encanto encantador y me derrito igual que un hielito desliz\u00e1ndose por tu escote, que calor maldito me da tu piel de miel. \u00a0 \u00a0 VI &nbsp; Romper\u00eda mi guitarra por la risa de tu cara, qu\u00e9 dar\u00eda por tenerte abraz\u00e1ndote [&hellip;]<\/p>\n","protected":false},"author":1,"featured_media":0,"parent":0,"menu_order":4,"comment_status":"open","ping_status":"open","template":"","meta":{"footnotes":"","_links_to":"","_links_to_target":""},"class_list":["post-13","page","type-page","status-publish","hentry"],"_links":{"self":[{"href":"https:\/\/clubdepoesia.com\/joseangelrodriguez\/wp-json\/wp\/v2\/pages\/13","targetHints":{"allow":["GET"]}}],"collection":[{"href":"https:\/\/clubdepoesia.com\/joseangelrodriguez\/wp-json\/wp\/v2\/pages"}],"about":[{"href":"https:\/\/clubdepoesia.com\/joseangelrodriguez\/wp-json\/wp\/v2\/types\/page"}],"author":[{"embeddable":true,"href":"https:\/\/clubdepoesia.com\/joseangelrodriguez\/wp-json\/wp\/v2\/users\/1"}],"replies":[{"embeddable":true,"href":"https:\/\/clubdepoesia.com\/joseangelrodriguez\/wp-json\/wp\/v2\/comments?post=13"}],"version-history":[{"count":0,"href":"https:\/\/clubdepoesia.com\/joseangelrodriguez\/wp-json\/wp\/v2\/pages\/13\/revisions"}],"wp:attachment":[{"href":"https:\/\/clubdepoesia.com\/joseangelrodriguez\/wp-json\/wp\/v2\/media?parent=13"}],"curies":[{"name":"wp","href":"https:\/\/api.w.org\/{rel}","templated":true}]}}