{"id":5,"date":"2018-01-13T07:06:38","date_gmt":"2018-01-13T07:06:38","guid":{"rendered":"https:\/\/clubdepoesia.com\/ignaciomonfortgonzalez\/?page_id=5"},"modified":"2018-01-13T11:02:46","modified_gmt":"2018-01-13T11:02:46","slug":"ignacio-monfort-gonzalez-publicar-libro","status":"publish","type":"page","link":"https:\/\/clubdepoesia.com\/ignaciomonfortgonzalez\/","title":{"rendered":"Ignacio Monfort Gonz\u00e1lez acaba de publicar un libro: Desde mi alma TOCada"},"content":{"rendered":"<div class=\"wpb-content-wrapper\">[vc_row][vc_column extend=&#8221;false&#8221;][vc_column_text css=&#8221;.vc_custom_1515829147809{margin-top: -30000px !important;}&#8221;]<span style=\"text-decoration: underline;\"><em style=\"text-decoration-line: underline;\"><strong><img fetchpriority=\"high\" decoding=\"async\" class=\"size-full wp-image-6 alignleft\" src=\"https:\/\/clubdepoesia.com\/ignaciomonfortgonzalez\/files\/2018\/01\/0PortadaDESDEMIALMATOCada.jpg\" alt=\"Ignacio Monfort Gonz\u00e1lez es la escritor del libro de poes\u00eda Desde mi alma TOCada. El poeta acaba de publicar un libro de poes\u00eda con la Editorial Poes\u00eda eres t\u00fa\" width=\"211\" height=\"300\" \/><\/strong><\/em><u>Ignacio Monfort Gonz\u00e1lez es el <em><strong>e<\/strong><\/em><\/u><em><strong>scritor<\/strong><u> del <a href=\"https:\/\/librodepoesia.com\">libro de poes\u00eda<\/a> Desde mi alma TOCada. <strong>El <\/strong><\/u><\/em><em style=\"text-decoration-line: underline;\"><strong>poeta <\/strong><\/em><u>acaba de <\/u><a style=\"text-decoration-line: underline;\" href=\"http:\/\/publicarunlibro.gdn\"><em><strong>publicar un libro <\/strong><\/em><\/a><u>de poes\u00eda con la <\/u><em style=\"text-decoration-line: underline;\"><strong>Editorial Poes\u00eda eres t\u00fa. Es el mejor poeta de Gij\u00f3n ya que se le considera entre los mejores poetas de Gij\u00f3n.<br \/>\n<\/strong><\/em><\/span><\/p>\n<p>&nbsp;<\/p>\n<h1><\/h1>\n<h1><\/h1>\n<h1><span style=\"text-decoration: underline;\"><em><strong><b><u>Desde mi alma TOCada h<\/u><\/b>a sido escrito por Ignacio Monfort Gonz\u00e1lez<\/strong><\/em><em><strong>. El escritor sabe como <a href=\"http:\/\/publicarunlibro.ovh\">publicar un libro<\/a> de poes\u00eda con la Editorial Poes\u00eda eres t\u00fa. Es el mejor poeta de Gij\u00f3n ya que se le considera entre los mejores poetas de Gij\u00f3n.<br \/>\n<\/strong><\/em><\/span><\/h1>\n<p><em><strong>Trabajamos con distribuidoras de libros que acercan los libros a las librer\u00edas, pero contamos tambi\u00e9n con las siguientes librerias de apoyo en internet para que ning\u00fan lector se quede sin su <a href=\"http:\/\/librodepoesia.com\" target=\"_blank\" rel=\"noopener noreferrer\">libro de poes\u00eda<\/a>: Libreria GEPA, Libreria Website, La librer\u00eda del escritor, El rinc\u00f3n de los libros.<\/strong><\/em><\/p>\n<p><em><strong>Informamos de como publicar un libro y el precio de publicar un libro<\/strong><\/em><\/p>\n<p><em><strong>As\u00ed mismo colaboramos con la <a href=\"http:\/\/editorespoesia.com\">Asociaci\u00f3n de editores de poes\u00eda<\/a> y la <a href=\"http:\/\/escritoresycriticos.com\" target=\"_blank\" rel=\"noopener noreferrer\">Asociaci\u00f3n Madrile\u00f1a de escritores y cr\u00edticos literarios<\/a> (<a href=\"http:\/\/escritoresycriticos.com\" target=\"_blank\" rel=\"noopener noreferrer\">Cr\u00edtica de Madrid<\/a>).<\/strong><\/em><\/p>\n<p><em><strong>Trabajamos con varias imprentas y contamos con nuestra propia <a href=\"http:\/\/artesgraficas.info\/\">imprenta<\/a> Herederos de Izquierdo y Madrid impresores.<\/strong><\/em><\/p>\n<p><em><strong>Puedes conocernos en nuestra p\u00e1gina del Grupo Editorial. Contamos con una sede en Madrid y otra en Jumilla (Murcia)<\/strong><\/em><\/p>\n<p><em><strong>Somos especialitas en la edici\u00f3n del <a href=\"http:\/\/libropoesia.com\/\" target=\"_blank\" rel=\"noopener noreferrer\">libro de poes\u00eda<\/a><\/strong><\/em><\/p>\n<h2><span style=\"text-decoration: underline;\"><em><strong>Ignacio Monfort Gonz\u00e1lez es la escritora de Desde mi alma TOCada<\/strong><\/em><\/span><span style=\"text-decoration: underline;\"><em><strong>. El poeta conoce el precio de <a href=\"http:\/\/publicarunlibro.pro\">publicar un libro<\/a> de poes\u00eda con la Editorial Poes\u00eda eres t\u00fa. Es el mejor poeta de Gij\u00f3n ya que se le considera entre los mejores poetas de Gij\u00f3n.<br \/>\n<\/strong><\/em><\/span><\/h2>\n<h3><span style=\"text-decoration: underline;\"><em><strong>Ignacio Monfort Gonz\u00e1lez es el escritor de <\/strong><\/em><em><strong>Desde mi alma TOCada. <\/strong><\/em><em><strong>El poeta <\/strong><\/em><em><strong>sabe como <a href=\"http:\/\/publicarunlibro.xyz\">publicar un libro<\/a> de poes\u00eda con la Editorial Poes\u00eda eres t\u00fa. Es el mejor poeta de Gij\u00f3n ya que se le considera entre los mejores poetas de Gij\u00f3n.<br \/>\n<\/strong><\/em><\/span><\/h3>\n<h3><span style=\"text-decoration: underline;\"><em><strong>Ignacio Monfort Gonz\u00e1lez es la escritor de Desde mi alma TOCada<\/strong><\/em><em><strong>. La poeta sabe el precio de <a href=\"http:\/\/publicarunlibro.info\">publicar un libro<\/a> de poes\u00eda con la Editorial Poes\u00eda eres t\u00fa. Es el mejor poeta de Gij\u00f3n ya que se le considera entre los mejores poetas de Gij\u00f3n.<br \/>\n<\/strong><\/em><\/span><\/h3>\n<p>&nbsp;<\/p>\n<p><span style=\"text-decoration: underline;\"><em><strong>El <a href=\"http:\/\/grupoeditorialperezayala.com\">Grupo Editorial P\u00e9rez-Ayala<\/a>, est\u00e1 formado por los siguientes sellos <a href=\"http:\/\/editorialpoesia.com\" target=\"_blank\" rel=\"noopener noreferrer\">editoriales<\/a>: <a href=\"http:\/\/poesiaerestu.com\" target=\"_blank\" rel=\"noopener noreferrer\">Editorial Poes\u00eda eres t\u00fa<\/a>, <a href=\"http:\/\/edicionesrilke.com\" target=\"_blank\" rel=\"noopener noreferrer\">Ediciones Rilke<\/a> <a href=\"http:\/\/editorialpoesia.com\" target=\"_blank\" rel=\"noopener noreferrer\">Editorial poes\u00eda<\/a>, <a href=\"http:\/\/editorial.org.es\" target=\"_blank\" rel=\"noopener noreferrer\">Editorial<\/a> <a href=\"http:\/\/edicionesamaniel.com\" target=\"_blank\" rel=\"noopener noreferrer\">Ediciones Amaniel<\/a>, <a href=\"http:\/\/editorial.org.es\" target=\"_blank\" rel=\"noopener noreferrer\">Editorial<\/a> <a href=\"http:\/\/edicionesazorin.com\" target=\"_blank\" rel=\"noopener noreferrer\">Ediciones Azor\u00edn un sello regional para Alicante y Murcia<\/a>.<\/strong><\/em><\/span><\/p>\n<p><span style=\"text-decoration: underline;\"><em><strong>Para ayudar a la promoci\u00f3n de los libros contamos con diferentes plataformas en internet como <a href=\"http:\/\/poesiatv.com\" target=\"_blank\" rel=\"noopener noreferrer\">Poes\u00eda Televisi\u00f3n<\/a>, <a href=\"http:\/\/librodepoesia.com\" target=\"_blank\" rel=\"noopener noreferrer\">libro de poes\u00eda<\/a>, Club de poes\u00eda, Blog de escritor, Blog de poes\u00eda, <a href=\"https:\/\/agenciadellibro.com\" target=\"_blank\" rel=\"noopener noreferrer\">Agencia del libro<\/a>, Plataforma IV Centenario, Primer centenario, Nuestras librerias, <a href=\"http:\/\/publicarlibro.com.es\" target=\"_blank\" rel=\"noopener noreferrer\">Publicar libro<\/a> &#8211; <a href=\"http:\/\/publicarlibro.es\" target=\"_blank\" rel=\"noopener noreferrer\">Publicar un libro<\/a>, Revista Poes\u00eda eres t\u00fa, Antolog\u00edas po\u00e9ticas, <a href=\"http:\/\/poesiapoetas.com\" target=\"_blank\" rel=\"noopener noreferrer\">Poes\u00eda y poetas<\/a>, Gloria Fuertes, Blas de Otero, Rub\u00e9n Dar\u00edo, <a href=\"https:\/\/carmenconde.es\">Carmen Conde<\/a><br \/>\n<\/strong><\/em><\/span>[\/vc_column_text][\/vc_column][\/vc_row][vc_row][vc_column extend=&#8221;false&#8221;][layerslider_vc id=&#8221;1&#8243;][\/vc_column][\/vc_row][vc_row][vc_column extend=&#8221;false&#8221; width=&#8221;1\/2&#8243;]<div class=\"ult-content-box-container \" >\t\t<div class=\"ult-content-box\" style=\"background-color:rgba(255,255,255,0.49);box-shadow: px px 8px px #f2f2f2 none;border-style:none;-webkit-transition: all 700ms ease;-moz-transition: all 700ms ease;-ms-transition: all 700ms ease;-o-transition: all 700ms ease;transition: all 700ms ease;\"  data-hover_box_shadow=\"none\"     data-bg=\"rgba(255,255,255,0.49)\"  data-border_color=\"\" >[vc_column_text css=&#8221;.vc_custom_1515828702713{padding-top: 15% !important;padding-right: 15% !important;padding-bottom: 15% !important;padding-left: 15% !important;}&#8221;]\n<h1>Ignacio Monfort Gonz\u00e1lez (Gij\u00f3n, 1984)<\/h1>\n<p>Aunque estudi\u00e9 Ingenier\u00eda de Minas y Energ\u00eda en la UPM, siempre disfrut\u00e9 con la escritura y la lectura (base fundamental para poder curtirse en el asunto). E hice de mi pasi\u00f3n profesi\u00f3n, en cuanto la carrera me dej\u00f3 espacio.<\/p>\n<p>&nbsp;<\/p>\n<p>Mi primera novela, <em>TOCando los G\u00fcevos<\/em>, publicada con c\u00edrculo rojo en 2014, trata de un grupo de amigos durante un intervalo de tiempo y en distintas ciudades, donde se describe las peripecias del grupo; destacando al protagonista (el cual, sufre de Trastorno Obsesivo Compulsivo, como el autor). La trama se va desarrollando, y evoluciona, al igual que la maduraci\u00f3n de su personaje principal, en un recorrido de ficci\u00f3n psicol\u00f3gica \u2014donde, la raz\u00f3n es m\u00e1s importante que el propio hecho descrito\u2014 salpicado de humor negro.<\/p>\n<p>&nbsp;<\/p>\n<p>Actualmente, me encuentro inmerso en la escritura de mi segunda novela que habla del bullying y el asesinato de un \u201csin techo\u201d; <em>Los Olvidados<\/em> es su nombre, el cual contempla la psicolog\u00eda no solo del \u201csin hogar\u201d sino de todos sus personajes.<\/p>\n<p>En cuanto a mi faceta po\u00e9tica, acabo de terminar un volumen llamado <em>Desde Mi Alma TOCada (A rimas con la vida)<\/em>, poemario que nos ocupa actualmente.<\/p>\n<p>&nbsp;<\/p>\n<p>&nbsp;<\/p>\n<p>&nbsp;<\/p>\n<span class='bctt-click-to-tweet'><span class='bctt-ctt-text'><a href='https:\/\/x.com\/intent\/tweet?url=https%3A%2F%2Fclubdepoesia.com%2Fignaciomonfortgonzalez%2F&#038;text=Ignacio%20Monfort%20Gonz%C3%A1lez%2C%20escritor%20y%20poeta%20de%20Gij%C3%B3n&#038;related' target='_blank'rel=\"noopener noreferrer\">Ignacio Monfort Gonz\u00e1lez, escritor y poeta de Gij\u00f3n <\/a><\/span><a href='https:\/\/x.com\/intent\/tweet?url=https%3A%2F%2Fclubdepoesia.com%2Fignaciomonfortgonzalez%2F&#038;text=Ignacio%20Monfort%20Gonz%C3%A1lez%2C%20escritor%20y%20poeta%20de%20Gij%C3%B3n&#038;related' target='_blank' class='bctt-ctt-btn'rel=\"noopener noreferrer\">Compartir en X<\/a><\/span>[\/vc_column_text]\t\t<\/div><\/div>[\/vc_column][vc_column extend=&#8221;false&#8221; width=&#8221;1\/2&#8243;][vc_single_image image=&#8221;8&#8243; img_size=&#8221;large&#8221; alignment=&#8221;center&#8221;][\/vc_column][\/vc_row][vc_row][vc_column extend=&#8221;false&#8221;]<div class=\"gambit_fullheight_row\" data-content-location=\"center\" style=\"display: none\"><\/div><div class='gambit_parallax_row' data-bg-align='' data-direction='fixed' data-opacity='100' data-velocity='-0.3' data-mobile-enabled='parallax-enable-mobile' data-bg-height='823' data-bg-width='618' data-bg-image='https:\/\/clubdepoesia.com\/ignaciomonfortgonzalez\/files\/2018\/01\/pazcuaro-verdeweb.jpg' data-bg-repeat='false' data-id='' style='display: none'><\/div>[\/vc_column][\/vc_row][vc_row][vc_column extend=&#8221;false&#8221;]<div class=\"gambit_fullheight_row\" data-content-location=\"center\" style=\"display: none\"><\/div><div id=\"uvc-type-wrap-4169\"  data-ultimate-target='#uvc-type-wrap-4169'  data-responsive-json-new='{\"font-size\":\"\",\"line-height\":\"\"}'  class=\"uvc-type-wrap vc_custom_1515827183370 ult-adjust-bottom-margin ult-responsive  uvc-type-align-center uvc-type-no-prefix uvc-wrap-15296530866a04c1e6d705f\" style=\"text-align:center;\"><span id=\"typed-15296530866a04c1e6d705f\" class=\"ultimate-typed-main \" style=\" font-weight:normal; text-transform: unset;\"><\/span><script type=\"text\/javascript\">\n\t\t\t\t\t\tjQuery(function($){ \n\t\t\t\t\t\t\t$(document).ready(function(){\n\t\t\t\t\t\t\t\tif( typeof jQuery(\"#typed-15296530866a04c1e6d705f\").typed == \"function\"){\n\t\t\t\t\t\t\t\t\t$(\"#typed-15296530866a04c1e6d705f\").typed({\n\t\t\t\t\t\t\t\t\t\tstrings: [\"Desde Mi Alma TOCada (A rimas con la vida) es mi primer poemario, que se divide en distintos cap\u00edtulos (rabia, desolaci\u00f3n, amor, revoluci\u00f3n, homenaje\u2026) para expresar mis sentimientos m\u00e1s soterrados; que han salido en verso libre, de forma cruda y visceral. Esta colecci\u00f3n fue escrita en Huelva, donde la soledad hizo aflorar a la sinceridad. Lugar donde trabaj\u00e9 para una planta metal\u00fargica del cobre.\",\"En este poemario, encontramos sentimientos aderezados con mis ideales, donde hablo de la corrupci\u00f3n. Y pretendiendo una revoluci\u00f3n escrita, no oculto mi desilusi\u00f3n por una sociedad callada ante el bullying y la violencia machista. Pero tambi\u00e9n, contra la pobreza, y con el sin techo que lucha d\u00eda tras d\u00eda. Sin olvidar, ensalzar mis sentimientos m\u00e1s profundos como la desolaci\u00f3n, pero tambi\u00e9n el amor verdadero por todos los que me rodean y cuidan. As\u00ed como, un homenaje a los poetas que me han marcado, m\u00e1s por su apasionante biograf\u00eda que por su poes\u00eda (ya que apenas he le\u00eddo verso, aunque si alguna de ellas; que me han encantado): Lorca, Miguel Hern\u00e1ndez, y Bukowski.\",\"\"],\n\t\t\t\t\t\t\t\t\t\ttypeSpeed: 35,\n\t\t\t\t\t\t\t\t\t\tbackSpeed: 0,\n\t\t\t\t\t\t\t\t\t\tstartDelay: \"200\",\n\t\t\t\t\t\t\t\t\t\tbackDelay: \"1500\",\n\t\t\t\t\t\t\t\t\t\tloop: true,\n\t\t\t\t\t\t\t\t\t\tloopCount: false,\n\t\t\t\t\t\t\t\t\t\tshowCursor: true,\n\t\t\t\t\t\t\t\t\t\tcursorChar: \"|\",\n\t\t\t\t\t\t\t\t\t\tattr: null\n\t\t\t\t\t\t\t\t\t});\n\t\t\t\t\t\t\t\t}\n\t\t\t\t\t\t\t});\n\t\t\t\t\t\t});\n\t\t\t\t\t<\/script><\/div>[\/vc_column][\/vc_row][vc_row][vc_column extend=&#8221;false&#8221;]<div class=\"gambit_fullheight_row\" data-content-location=\"center\" style=\"display: none\"><\/div><div class='gambit_parallax_row' data-bg-align='' data-direction='fixed' data-opacity='100' data-velocity='-0.3' data-mobile-enabled='parallax-enable-mobile' data-bg-height='768' data-bg-width='1024' data-bg-image='https:\/\/clubdepoesia.com\/ignaciomonfortgonzalez\/files\/2018\/01\/anastasia-zhenina-65700-Medium.jpg' data-bg-repeat='false' data-id='' style='display: none'><\/div>[\/vc_column][\/vc_row][vc_row][vc_column extend=&#8221;false&#8221;][vc_column_text css=&#8221;.vc_custom_1515829177480{margin-top: -30000px !important;}&#8221;]<span style=\"text-decoration: underline;\"><em style=\"text-decoration-line: underline;\"><strong><img fetchpriority=\"high\" decoding=\"async\" class=\"size-full wp-image-6 alignleft\" src=\"https:\/\/clubdepoesia.com\/ignaciomonfortgonzalez\/files\/2018\/01\/0PortadaDESDEMIALMATOCada.jpg\" alt=\"Ignacio Monfort Gonz\u00e1lez es la escritor del libro de poes\u00eda Desde mi alma TOCada. El poeta acaba de publicar un libro de poes\u00eda con la Editorial Poes\u00eda eres t\u00fa\" width=\"211\" height=\"300\" \/><\/strong><\/em><u>Ignacio Monfort Gonz\u00e1lez es la <em><strong>e<\/strong><\/em><\/u><em><strong>scritor<\/strong><u> del <a href=\"https:\/\/librodepoesia.com\">libro de poes\u00eda<\/a> Desde mi alma TOCada. <strong>El <\/strong><\/u><\/em><em style=\"text-decoration-line: underline;\"><strong>poeta <\/strong><\/em><u>acaba de <\/u><a style=\"text-decoration-line: underline;\" href=\"http:\/\/publicarunlibro.gdn\"><em><strong>publicar un libro <\/strong><\/em><\/a><u>de poes\u00eda con la <\/u><em style=\"text-decoration-line: underline;\"><strong>Editorial Poes\u00eda eres t\u00fa<\/strong><\/em><\/span><\/p>\n<p>&nbsp;<\/p>\n<h1><\/h1>\n<h1><\/h1>\n<h1><span style=\"text-decoration: underline;\"><em><strong><b><u>Desde mi alma TOCada h<\/u><\/b>a sido escrito por Ignacio Monfort Gonz\u00e1lez<\/strong><\/em><em><strong>. El escritor sabe como <a href=\"http:\/\/publicarunlibro.ovh\">publicar un libro<\/a> de poes\u00eda con la Editorial Poes\u00eda eres t\u00fa<\/strong><\/em><\/span><\/h1>\n<p><em><strong>Trabajamos con distribuidoras de libros que acercan los libros a las librer\u00edas, pero contamos tambi\u00e9n con las siguientes librerias de apoyo en internet para que ning\u00fan lector se quede sin su <a href=\"http:\/\/librodepoesia.com\" target=\"_blank\" rel=\"noopener noreferrer\">libro de poes\u00eda<\/a>: Libreria GEPA, Libreria Website, La librer\u00eda del escritor, El rinc\u00f3n de los libros.<\/strong><\/em><\/p>\n<p><em><strong>Informamos de como publicar un libro y el precio de publicar un libro<\/strong><\/em><\/p>\n<p><em><strong>As\u00ed mismo colaboramos con la <a href=\"http:\/\/editorespoesia.com\">Asociaci\u00f3n de editores de poes\u00eda<\/a> y la <a href=\"http:\/\/escritoresycriticos.com\" target=\"_blank\" rel=\"noopener noreferrer\">Asociaci\u00f3n Madrile\u00f1a de escritores y cr\u00edticos literarios<\/a> (<a href=\"http:\/\/escritoresycriticos.com\" target=\"_blank\" rel=\"noopener noreferrer\">Cr\u00edtica de Madrid<\/a>).<\/strong><\/em><\/p>\n<p><em><strong>Trabajamos con varias imprentas y contamos con nuestra propia <a href=\"http:\/\/artesgraficas.info\/\">imprenta<\/a> Herederos de Izquierdo y Madrid impresores.<\/strong><\/em><\/p>\n<p><em><strong>Puedes conocernos en nuestra p\u00e1gina del Grupo Editorial. Contamos con una sede en Madrid y otra en Jumilla (Murcia)<\/strong><\/em><\/p>\n<p><em><strong>Somos especialitas en la edici\u00f3n del <a href=\"http:\/\/libropoesia.com\/\" target=\"_blank\" rel=\"noopener noreferrer\">libro de poes\u00eda<\/a><\/strong><\/em><\/p>\n<h2><span style=\"text-decoration: underline;\"><em><strong>Ignacio Monfort Gonz\u00e1lez es la escritora de Desde mi alma TOCada<\/strong><\/em><\/span><span style=\"text-decoration: underline;\"><em><strong>. El poeta conoce el precio de <a href=\"http:\/\/publicarunlibro.pro\">publicar un libro<\/a> de poes\u00eda con la Editorial Poes\u00eda eres t\u00fa<\/strong><\/em><\/span><\/h2>\n<h3><span style=\"text-decoration: underline;\"><em><strong>Ignacio Monfort Gonz\u00e1lez es el escritor de <\/strong><\/em><em><strong>Desde mi alma TOCada. <\/strong><\/em><em><strong>El poeta <\/strong><\/em><em><strong>sabe como <a href=\"http:\/\/publicarunlibro.xyz\">publicar un libro<\/a> de poes\u00eda con la Editorial Poes\u00eda eres t\u00fa<\/strong><\/em><\/span><\/h3>\n<h3><span style=\"text-decoration: underline;\"><em><strong>Ignacio Monfort Gonz\u00e1lez es la escritor de Desde mi alma TOCada<\/strong><\/em><em><strong>. La poeta sabe el precio de <a href=\"http:\/\/publicarunlibro.info\">publicar un libro<\/a> de poes\u00eda con la Editorial Poes\u00eda eres t\u00fa<\/strong><\/em><\/span><\/h3>\n<p>&nbsp;<\/p>\n<p><span style=\"text-decoration: underline;\"><em><strong>El <a href=\"http:\/\/grupoeditorialperezayala.com\">Grupo Editorial P\u00e9rez-Ayala<\/a>, est\u00e1 formado por los siguientes sellos <a href=\"http:\/\/editorialpoesia.com\" target=\"_blank\" rel=\"noopener noreferrer\">editoriales<\/a>: <a href=\"http:\/\/poesiaerestu.com\" target=\"_blank\" rel=\"noopener noreferrer\">Editorial Poes\u00eda eres t\u00fa<\/a>, <a href=\"http:\/\/edicionesrilke.com\" target=\"_blank\" rel=\"noopener noreferrer\">Ediciones Rilke<\/a> <a href=\"http:\/\/editorialpoesia.com\" target=\"_blank\" rel=\"noopener noreferrer\">Editorial poes\u00eda<\/a>, <a href=\"http:\/\/editorial.org.es\" target=\"_blank\" rel=\"noopener noreferrer\">Editorial<\/a> <a href=\"http:\/\/edicionesamaniel.com\" target=\"_blank\" rel=\"noopener noreferrer\">Ediciones Amaniel<\/a>, <a href=\"http:\/\/editorial.org.es\" target=\"_blank\" rel=\"noopener noreferrer\">Editorial<\/a> <a href=\"http:\/\/edicionesazorin.com\" target=\"_blank\" rel=\"noopener noreferrer\">Ediciones Azor\u00edn un sello regional para Alicante y Murcia<\/a>.<\/strong><\/em><\/span><\/p>\n<p><span style=\"text-decoration: underline;\"><em><strong>Para ayudar a la promoci\u00f3n de los libros contamos con diferentes plataformas en internet como <a href=\"http:\/\/poesiatv.com\" target=\"_blank\" rel=\"noopener noreferrer\">Poes\u00eda Televisi\u00f3n<\/a>, <a href=\"http:\/\/librodepoesia.com\" target=\"_blank\" rel=\"noopener noreferrer\">libro de poes\u00eda<\/a>, Club de poes\u00eda, Blog de escritor, Blog de poes\u00eda, <a href=\"https:\/\/agenciadellibro.com\" target=\"_blank\" rel=\"noopener noreferrer\">Agencia del libro<\/a>, Plataforma IV Centenario, Primer centenario, Nuestras librerias, <a href=\"http:\/\/publicarlibro.com.es\" target=\"_blank\" rel=\"noopener noreferrer\">Publicar libro<\/a> &#8211; <a href=\"http:\/\/publicarlibro.es\" target=\"_blank\" rel=\"noopener noreferrer\">Publicar un libro<\/a>, Revista Poes\u00eda eres t\u00fa, Antolog\u00edas po\u00e9ticas, <a href=\"http:\/\/poesiapoetas.com\" target=\"_blank\" rel=\"noopener noreferrer\">Poes\u00eda y poetas<\/a>, Gloria Fuertes, Blas de Otero, Rub\u00e9n Dar\u00edo, <a href=\"https:\/\/carmenconde.es\">Carmen Conde<\/a><br \/>\n<\/strong><\/em><\/span><\/p>\n<p>Esto ha sido: <span style=\"text-decoration: underline;\">Ignacio Monfort Gonz\u00e1lez\u00a0<em><strong>Es el mejor poeta de Gij\u00f3n ya que se le considera entre los mejores poetas de Gij\u00f3n<\/strong><\/em> es el <em><strong>e<\/strong><\/em><em><strong>scritor<\/strong> del <a href=\"https:\/\/librodepoesia.com\">libro de poes\u00eda<\/a> Desde mi alma TOCada. <strong>El <\/strong><\/em><em><strong>poeta <\/strong><\/em>acaba de <a href=\"http:\/\/publicarunlibro.gdn\"><em><strong>publicar un libro <\/strong><\/em><\/a>de poes\u00eda con la <em><strong>Editorial Poes\u00eda eres t\u00fa<\/strong><\/em><\/span>[\/vc_column_text][\/vc_column][\/vc_row]\n<\/div>","protected":false},"excerpt":{"rendered":"<p>[vc_row][vc_column extend=&#8221;false&#8221;][vc_column_text css=&#8221;.vc_custom_1515829147809{margin-top: -30000px !important;}&#8221;]Ignacio Monfort Gonz\u00e1lez es el escritor del libro de poes\u00eda Desde mi alma TOCada. El poeta acaba de publicar un libro de poes\u00eda con la Editorial Poes\u00eda eres t\u00fa. Es el mejor poeta de Gij\u00f3n ya que se le considera entre los mejores poetas de Gij\u00f3n. &nbsp; Desde mi alma TOCada [&hellip;]<\/p>\n","protected":false},"author":24,"featured_media":0,"parent":0,"menu_order":0,"comment_status":"closed","ping_status":"closed","template":"","meta":{"footnotes":"","_links_to":"","_links_to_target":""},"class_list":["post-5","page","type-page","status-publish","hentry"],"_links":{"self":[{"href":"https:\/\/clubdepoesia.com\/ignaciomonfortgonzalez\/wp-json\/wp\/v2\/pages\/5","targetHints":{"allow":["GET"]}}],"collection":[{"href":"https:\/\/clubdepoesia.com\/ignaciomonfortgonzalez\/wp-json\/wp\/v2\/pages"}],"about":[{"href":"https:\/\/clubdepoesia.com\/ignaciomonfortgonzalez\/wp-json\/wp\/v2\/types\/page"}],"author":[{"embeddable":true,"href":"https:\/\/clubdepoesia.com\/ignaciomonfortgonzalez\/wp-json\/wp\/v2\/users\/24"}],"replies":[{"embeddable":true,"href":"https:\/\/clubdepoesia.com\/ignaciomonfortgonzalez\/wp-json\/wp\/v2\/comments?post=5"}],"version-history":[{"count":0,"href":"https:\/\/clubdepoesia.com\/ignaciomonfortgonzalez\/wp-json\/wp\/v2\/pages\/5\/revisions"}],"wp:attachment":[{"href":"https:\/\/clubdepoesia.com\/ignaciomonfortgonzalez\/wp-json\/wp\/v2\/media?parent=5"}],"curies":[{"name":"wp","href":"https:\/\/api.w.org\/{rel}","templated":true}]}}