{"id":5,"date":"2018-01-28T11:54:54","date_gmt":"2018-01-28T11:54:54","guid":{"rendered":"https:\/\/clubdepoesia.com\/hamidlarbi\/?page_id=5"},"modified":"2018-01-28T19:06:11","modified_gmt":"2018-01-28T19:06:11","slug":"hamid-larbi-escritor-fuertivo-instante","status":"publish","type":"page","link":"https:\/\/clubdepoesia.com\/hamidlarbi\/","title":{"rendered":"Hamid Larbi acaba de publicar un libro Furtivo instante"},"content":{"rendered":"<div class=\"wpb-content-wrapper\">[vc_row][vc_column extend=&#8221;false&#8221;][vc_column_text css=&#8221;.vc_custom_1517166215476{margin-top: -30000px !important;}&#8221;]<span style=\"text-decoration: underline;\"><em style=\"text-decoration-line: underline;\"><strong>HAMID LARBI <\/strong><\/em><u>es el <\/u><em style=\"text-decoration-line: underline;\"><strong>escritor<\/strong><\/em><em><u> de <a href=\"https:\/\/clubdepoesia.com\/hamidlarbi\/furtivo-instante-hamid-larbi\/\">FURTIVO INSTANTE<\/a><\/u><\/em><u>. <\/u><em style=\"text-decoration-line: underline;\"><strong>El poeta <\/strong><\/em><u>acaba de <\/u><a style=\"text-decoration-line: underline;\" href=\"http:\/\/publicarunlibro.gdn\"><em><strong>publicar un libro <\/strong><\/em><\/a><u>de poes\u00eda con la <\/u><em style=\"text-decoration-line: underline;\"><strong>Editorial Poes\u00eda eres t\u00fa. Considerado como uno de los mejores poetas de Francia, algunos afirman que es el mejor poeta de Francia<br \/>\n<\/strong><\/em><\/span><\/p>\n<p>&nbsp;<\/p>\n<h1><\/h1>\n<p><em style=\"text-decoration-line: underline;\"><strong><img fetchpriority=\"high\" decoding=\"async\" class=\"aligncenter size-full wp-image-6\" src=\"https:\/\/clubdepoesia.com\/hamidlarbi\/files\/2018\/01\/0_PortadaFurtivoInstante.jpg\" alt=\"HAMID LARBI es el escritor de FURTIVO INSTANTE. El poeta acaba de publicar un libro de poes\u00eda con la Editorial Poes\u00eda eres t\u00fa.\" width=\"211\" height=\"300\" \/><\/strong><\/em><\/p>\n<h1><\/h1>\n<h1><span style=\"text-decoration: underline;\"><em><strong><b><u>FURTIVO INSTANTE <\/u><\/b>ha sido escrito por HAMID LARBI Considerado como uno de los mejores poetas de Valencia, algunos afirman que es el mejor poeta de Valencia<\/strong><\/em><em><strong>. El escritor sabe como <a href=\"http:\/\/publicarunlibro.ovh\">publicar un libro<\/a> de poes\u00eda con la Editorial Poes\u00eda eres t\u00fa<\/strong><\/em><\/span><\/h1>\n<p><em><strong>Trabajamos con distribuidoras de libros que acercan los libros a las librer\u00edas, pero contamos tambi\u00e9n con las siguientes librerias de apoyo en internet para que ning\u00fan lector se quede sin su <a href=\"http:\/\/librodepoesia.com\" target=\"_blank\" rel=\"noopener noreferrer\">libro de poes\u00eda<\/a>: Libreria GEPA, Libreria Website, La librer\u00eda del escritor, El rinc\u00f3n de los libros.<\/strong><\/em><\/p>\n<p><em><strong>Informamos de como publicar un libro y el precio de publicar un libro<\/strong><\/em><\/p>\n<p><em><strong>As\u00ed mismo colaboramos con la <a href=\"http:\/\/editorespoesia.com\">Asociaci\u00f3n de editores de poes\u00eda<\/a> y la <a href=\"http:\/\/escritoresycriticos.com\" target=\"_blank\" rel=\"noopener noreferrer\">Asociaci\u00f3n Madrile\u00f1a de escritores y cr\u00edticos literarios<\/a> (<a href=\"http:\/\/escritoresycriticos.com\" target=\"_blank\" rel=\"noopener noreferrer\">Cr\u00edtica de Madrid<\/a>).<\/strong><\/em><\/p>\n<p><em><strong>Trabajamos con varias imprentas y contamos con nuestra propia <a href=\"http:\/\/artesgraficas.info\/\">imprenta<\/a> Herederos de Izquierdo y Madrid impresores.<\/strong><\/em><\/p>\n<p><em><strong>Puedes conocernos en nuestra p\u00e1gina del Grupo Editorial. Contamos con una sede en Madrid y otra en Jumilla (Murcia)<\/strong><\/em><\/p>\n<p><em><strong>Somos especialitas en la edici\u00f3n del <a href=\"https:\/\/librodepoesia.com\/\" target=\"_blank\" rel=\"noopener noreferrer\">libro de poes\u00eda<\/a><\/strong><\/em><\/p>\n<h2><span style=\"text-decoration: underline;\"><em><strong>HAMID LARBI Considerado como uno de los mejores poetas de Francia, algunos afirman que es el mejor poeta de Frnacia es el escritor de <\/strong><\/em><\/span><span style=\"text-decoration: underline;\"><em><strong><u>FURTIVO INSTANTE<\/u>. El poeta conoce el precio de <a href=\"http:\/\/publicarunlibro.pro\">publicar un libro<\/a> de poes\u00eda con la Editorial Poes\u00eda eres t\u00fa<\/strong><\/em><\/span><\/h2>\n<h3><span style=\"text-decoration: underline;\"><em><strong>HAMID LARBI Considerado como uno de los mejores poetas de Valencia, algunos afirman que es el mejor poeta de Valencia es el escritor de <\/strong><\/em><em><strong><u>FURTIVO INSTANTE<\/u>. <\/strong><\/em><em><strong>La poeta <\/strong><\/em><em><strong>sabe como <a href=\"http:\/\/publicarunlibro.xyz\">publicar un libro<\/a> de poes\u00eda con la Editorial Poes\u00eda eres t\u00fa<\/strong><\/em><\/span><\/h3>\n<h3><span style=\"text-decoration: underline;\"><em><strong>HAMID LARBI considerado como uno de los mejores poetas de Francia, algunos afirman que es el mejor poeta de Valencia es el escritor de <\/strong><\/em><em><strong><u>FURTIVO INSTANTE<\/u>. La poeta sabe el precio de <a href=\"http:\/\/publicarunlibro.info\">publicar un libro<\/a> de poes\u00eda con la Editorial Poes\u00eda eres t\u00fa<\/strong><\/em><\/span><\/h3>\n<p>&nbsp;<\/p>\n<p><span style=\"text-decoration: underline;\"><em><strong>El <a href=\"http:\/\/grupoeditorialperezayala.com\">Grupo Editorial P\u00e9rez-Ayala<\/a>, est\u00e1 formado por los siguientes sellos <a href=\"http:\/\/editorialpoesia.com\" target=\"_blank\" rel=\"noopener noreferrer\">editoriales<\/a>: <a href=\"http:\/\/poesiaerestu.com\" target=\"_blank\" rel=\"noopener noreferrer\">Editorial Poes\u00eda eres t\u00fa<\/a>, <a href=\"http:\/\/edicionesrilke.com\" target=\"_blank\" rel=\"noopener noreferrer\">Ediciones Rilke<\/a> <a href=\"http:\/\/editorialpoesia.com\" target=\"_blank\" rel=\"noopener noreferrer\">Editorial poes\u00eda<\/a>, <a href=\"http:\/\/editorial.org.es\" target=\"_blank\" rel=\"noopener noreferrer\">Editorial<\/a> <a href=\"http:\/\/edicionesamaniel.com\" target=\"_blank\" rel=\"noopener noreferrer\">Ediciones Amaniel<\/a>, <a href=\"http:\/\/editorial.org.es\" target=\"_blank\" rel=\"noopener noreferrer\">Editorial<\/a> <a href=\"http:\/\/edicionesazorin.com\" target=\"_blank\" rel=\"noopener noreferrer\">Ediciones Azor\u00edn un sello regional para Alicante y Murcia<\/a>.<\/strong><\/em><\/span><\/p>\n<p><span style=\"text-decoration: underline;\"><em><strong>Para ayudar a la promoci\u00f3n de los libros contamos con diferentes plataformas en internet como <a href=\"http:\/\/poesiatv.com\" target=\"_blank\" rel=\"noopener noreferrer\">Poes\u00eda Televisi\u00f3n<\/a>, <a href=\"http:\/\/librodepoesia.com\" target=\"_blank\" rel=\"noopener noreferrer\">libro de poes\u00eda<\/a>, Club de poes\u00eda, Blog de escritor, Blog de poes\u00eda, <a href=\"https:\/\/agenciadellibro.com\" target=\"_blank\" rel=\"noopener noreferrer\">Agencia del libro<\/a>, Plataforma IV Centenario, Primer centenario, Nuestras librerias, <a href=\"http:\/\/publicarlibro.com.es\" target=\"_blank\" rel=\"noopener noreferrer\">Publicar libro<\/a> &#8211; <a href=\"http:\/\/publicarlibro.es\" target=\"_blank\" rel=\"noopener noreferrer\">Publicar un libro<\/a>, Revista Poes\u00eda eres t\u00fa, Antolog\u00edas po\u00e9ticas, <a href=\"http:\/\/poesiapoetas.com\" target=\"_blank\" rel=\"noopener noreferrer\">Poes\u00eda y poetas<\/a>, Gloria Fuertes, Blas de Otero, Rub\u00e9n Dar\u00edo, <a href=\"https:\/\/carmenconde.es\">Carmen Conde<\/a>.<br \/>\n<\/strong><\/em><\/span>[\/vc_column_text][\/vc_column][\/vc_row][vc_row][vc_column extend=&#8221;false&#8221;][layerslider_vc id=&#8221;1&#8243;][\/vc_column][\/vc_row][vc_row][vc_column extend=&#8221;false&#8221; width=&#8221;1\/2&#8243;]<div class=\"ult-content-box-container \" >\t\t<div class=\"ult-content-box\" style=\"background-color:rgba(255,255,255,0.49);box-shadow: px px 8px px #f2f2f2 none;border-style:none;-webkit-transition: all 700ms ease;-moz-transition: all 700ms ease;-ms-transition: all 700ms ease;-o-transition: all 700ms ease;transition: all 700ms ease;\"  data-hover_box_shadow=\"none\"     data-bg=\"rgba(255,255,255,0.49)\"  data-border_color=\"\" >[vc_column_text css=&#8221;.vc_custom_1517140069144{padding-top: 15% !important;padding-right: 15% !important;padding-bottom: 15% !important;padding-left: 15% !important;}&#8221;]Periodista y poeta franc\u00e9s, nacido en Argel, la ciudad de su infancia. En 1992, tom\u00f3 el camino a Mil\u00e1n (Italia). Hacia un destino en movimiento, radiante y afectuoso. Un largo per\u00edodo de incertidumbre se ha establecido a su alrededor. Las reuniones, la m\u00fasica, el teatro y el cine le han permitido volver a la madurez. En 1998, un nuevo viaje lo llev\u00f3 a otro pa\u00eds, otra ciudad de Montpellier (Francia) donde vive hoy.<\/p>\n<p>Ensayos de autor y colecci\u00f3n de poes\u00eda.<\/p>\n<p>&nbsp;<\/p>\n<span class='bctt-click-to-tweet'><span class='bctt-ctt-text'><a href='https:\/\/x.com\/intent\/tweet?url=https%3A%2F%2Fclubdepoesia.com%2Fhamidlarbi%2F&#038;text=Hamid%20Larbi.%20Escritor%20y%20poeta%20de%20Francia&#038;related' target='_blank'rel=\"noopener noreferrer\">Hamid Larbi. Escritor y poeta de Francia <\/a><\/span><a href='https:\/\/x.com\/intent\/tweet?url=https%3A%2F%2Fclubdepoesia.com%2Fhamidlarbi%2F&#038;text=Hamid%20Larbi.%20Escritor%20y%20poeta%20de%20Francia&#038;related' target='_blank' class='bctt-ctt-btn'rel=\"noopener noreferrer\">Compartir en X<\/a><\/span>[\/vc_column_text]\t\t<\/div><\/div>[\/vc_column][vc_column extend=&#8221;false&#8221; width=&#8221;1\/2&#8243;][vc_single_image image=&#8221;8&#8243; img_size=&#8221;full&#8221; alignment=&#8221;center&#8221;][\/vc_column][\/vc_row][vc_row][vc_column extend=&#8221;false&#8221;]<div class=\"gambit_fullheight_row\" data-content-location=\"center\" style=\"display: none\"><\/div><div class='gambit_parallax_row' data-bg-align='' data-direction='fixed' data-opacity='100' data-velocity='-0.3' data-mobile-enabled='parallax-enable-mobile' data-bg-height='393' data-bg-width='363' data-bg-image='https:\/\/clubdepoesia.com\/hamidlarbi\/files\/2018\/01\/furtif-instant-en-francais1-Custom.jpg' data-bg-repeat='false' data-id='' style='display: none'><\/div>[\/vc_column][\/vc_row][vc_row][vc_column extend=&#8221;false&#8221;]<div class=\"gambit_fullheight_row\" data-content-location=\"center\" style=\"display: none\"><\/div><div id=\"uvc-type-wrap-7502\"  data-ultimate-target='#uvc-type-wrap-7502'  data-responsive-json-new='{\"font-size\":\"\",\"line-height\":\"\"}'  class=\"uvc-type-wrap vc_custom_1517140209136 ult-adjust-bottom-margin ult-responsive  uvc-type-align-center uvc-type-no-prefix uvc-wrap-5438887086a07cb7f3af94\" style=\"text-align:center;\"><span id=\"typed-5438887086a07cb7f3af94\" class=\"ultimate-typed-main \" style=\" font-weight:normal; text-transform: unset;\"><\/span><script type=\"text\/javascript\">\n\t\t\t\t\t\tjQuery(function($){ \n\t\t\t\t\t\t\t$(document).ready(function(){\n\t\t\t\t\t\t\t\tif( typeof jQuery(\"#typed-5438887086a07cb7f3af94\").typed == \"function\"){\n\t\t\t\t\t\t\t\t\t$(\"#typed-5438887086a07cb7f3af94\").typed({\n\t\t\t\t\t\t\t\t\t\tstrings: [\"Jos\u00e9 Mar\u00eda de Heredia escribe en un poema memorable, El Olvido, que el hombre indiferente al sue\u00f1o de los antepasados escucha sin estremecerse, desde el fondo de las noches serenas, el mar que se lamenta llorando las sirenas\u201d. En su \u00faltimo Opus, Furtivo Instante, Hamid Larbi le contesta por otro grito surgido desde el fondo de nuestra madre Mediterr\u00e1neo: \u201ccamina sobre la orilla que ignora el viento, camina sobre la memoria que ya no tiene reino\u201d. F\u00e9lix Arvers; poeta dramaturgo del siglo XIX, escribe a su turno: \u201cMi alma tiene su secreto, mi vida su misterio\u201d. Palabras que se pegan al universo po\u00e9tico de Hamid Larbi.\",\"Los secretos del alma y los misterios de una vida de la cual s\u00f3lo deja transparentar algunos fragmentos en sus poemas: Mediterr\u00e1neo: \u201cel efluvio de una saga de historias y de locuras\u201d\u2026 Mar herido, portador de lo sagrado y absoluto: creador de las tierras de cultura y de los poetas de felicidad, el Mediterr\u00e1neo piensa en nosotros en sus ilusiones.\u201d\",\"Aunque el fondo del aire sea oscuro sobre las orillas enrojecidas por los conflictos y las guerras, el grito del poeta resuena como el de una centinela \u00abpalabras ef\u00edmeras que recorren lo m\u00e1s profundo de mi mismo (\u2026) \u00abEl capricho del grito para una memoria rota\u00bb .Para Hamid Larbi, la visi\u00f3n po\u00e9tica es una supervivencia, \u00abuna rebeli\u00f3n del aurora\u00bb, \u00abun canto inofensivo\u00bb.\",\"El poeta se convierte en un hombre de humo que yace del volc\u00e1n de nuestros miedos, invadido por \u00abla intuici\u00f3n de un peque\u00f1o universo, desnudo y sin verbo\u00bb. Sus poemas yacidos de un coraz\u00f3n herido y sublimados por las caligraf\u00edas de Smail Metmati, nos invitan a despegar, hechizados por nuestra m\u00fasica interior que, a su vez, s\u00f3lo pide que se la deje yacer.\",\"Hice la experiencia de leerlos en voz alta, acompa\u00f1ados de una de las m\u00e1s bellas y famosas melod\u00edas de Haendel, Ombra Mai Fu. Un encantamiento irreal en la calma de una noche sin viento. Cada uno podr\u00e1 hacer la misma experiencia que permite profundizar el pensamiento del poeta. Du Bellay nos ha ense\u00f1ado que la poes\u00eda consist\u00eda en cantar su mal. Con Hamid Larbi, se puede decir que sus poemas hacen nuestros males m\u00e1s llevaderos... hasta para furtivos instantes.\",\"Andr\u00e9 BONET\",\"Presidente del Centro Mediterr\u00e1neo de Literatura\",\"\"],\n\t\t\t\t\t\t\t\t\t\ttypeSpeed: 35,\n\t\t\t\t\t\t\t\t\t\tbackSpeed: 0,\n\t\t\t\t\t\t\t\t\t\tstartDelay: \"200\",\n\t\t\t\t\t\t\t\t\t\tbackDelay: \"1500\",\n\t\t\t\t\t\t\t\t\t\tloop: true,\n\t\t\t\t\t\t\t\t\t\tloopCount: false,\n\t\t\t\t\t\t\t\t\t\tshowCursor: true,\n\t\t\t\t\t\t\t\t\t\tcursorChar: \"|\",\n\t\t\t\t\t\t\t\t\t\tattr: null\n\t\t\t\t\t\t\t\t\t});\n\t\t\t\t\t\t\t\t}\n\t\t\t\t\t\t\t});\n\t\t\t\t\t\t});\n\t\t\t\t\t<\/script><\/div>[\/vc_column][\/vc_row][vc_row][vc_column extend=&#8221;false&#8221;]<div class=\"gambit_fullheight_row\" data-content-location=\"center\" style=\"display: none\"><\/div><div class='gambit_parallax_row' data-bg-align='' data-direction='fixed' data-opacity='100' data-velocity='-0.3' data-mobile-enabled='parallax-enable-mobile' data-bg-height='253' data-bg-width='363' data-bg-image='https:\/\/clubdepoesia.com\/hamidlarbi\/files\/2018\/01\/furtif-instant-en-francais4-Custom-2.jpg' data-bg-repeat='false' data-id='' style='display: none'><\/div>[\/vc_column][\/vc_row][vc_row][vc_column extend=&#8221;false&#8221;][vc_column_text css=&#8221;.vc_custom_1517140329763{margin-top: -30000px !important;}&#8221;]<span style=\"text-decoration: underline;\"><em style=\"text-decoration-line: underline;\"><strong><img fetchpriority=\"high\" decoding=\"async\" class=\"aligncenter size-full wp-image-6\" src=\"https:\/\/clubdepoesia.com\/hamidlarbi\/files\/2018\/01\/0_PortadaFurtivoInstante.jpg\" alt=\"HAMID LARBI es el escritor de FURTIVO INSTANTE. El poeta acaba de publicar un libro de poes\u00eda con la Editorial Poes\u00eda eres t\u00fa.\" width=\"211\" height=\"300\" \/><\/strong><\/em><\/span><\/p>\n<p><em><strong>El <a href=\"http:\/\/grupoeditorialperezayala.com\">Grupo Editorial P\u00e9rez-Ayala<\/a>, est\u00e1 formado por los siguientes sellos <a href=\"http:\/\/editorialpoesia.com\" target=\"_blank\" rel=\"noopener noreferrer\">editoriales<\/a>: <a href=\"http:\/\/poesiaerestu.com\" target=\"_blank\" rel=\"noopener noreferrer\">Editorial Poes\u00eda eres t\u00fa<\/a>, <a href=\"http:\/\/edicionesrilke.com\" target=\"_blank\" rel=\"noopener noreferrer\">Ediciones Rilke<\/a> <a href=\"http:\/\/editorialpoesia.com\" target=\"_blank\" rel=\"noopener noreferrer\">Editorial poes\u00eda<\/a>, <a href=\"http:\/\/editorial.org.es\" target=\"_blank\" rel=\"noopener noreferrer\">Editorial<\/a> <a href=\"http:\/\/edicionesamaniel.com\" target=\"_blank\" rel=\"noopener noreferrer\">Ediciones Amaniel<\/a>, <a href=\"http:\/\/editorial.org.es\" target=\"_blank\" rel=\"noopener noreferrer\">Editorial<\/a> <a href=\"http:\/\/edicionesazorin.com\" target=\"_blank\" rel=\"noopener noreferrer\">Ediciones Azor\u00edn un sello regional para Alicante y Murcia<\/a>.<\/strong><\/em><\/p>\n<p><em><strong>Para ayudar a la promoci\u00f3n de los libros contamos con diferentes plataformas en internet como <a href=\"http:\/\/poesiatv.com\" target=\"_blank\" rel=\"noopener noreferrer\">Poes\u00eda Televisi\u00f3n<\/a>, <a href=\"http:\/\/librodepoesia.com\" target=\"_blank\" rel=\"noopener noreferrer\">libro de poes\u00eda<\/a>, Club de poes\u00eda, Blog de escritor, Blog de poes\u00eda, <a href=\"https:\/\/agenciadellibro.com\" target=\"_blank\" rel=\"noopener noreferrer\">Agencia del libro<\/a>, Plataforma IV Centenario, Primer centenario, Nuestras librerias, <a href=\"http:\/\/publicarlibro.com.es\" target=\"_blank\" rel=\"noopener noreferrer\">Publicar libro<\/a> &#8211; <a href=\"http:\/\/publicarlibro.es\" target=\"_blank\" rel=\"noopener noreferrer\">Publicar un libro<\/a>, Revista Poes\u00eda eres t\u00fa, Antolog\u00edas po\u00e9ticas, <a href=\"http:\/\/poesiapoetas.com\" target=\"_blank\" rel=\"noopener noreferrer\">Poes\u00eda y poetas<\/a>, Gloria Fuertes, Blas de Otero, Rub\u00e9n Dar\u00edo, <a href=\"https:\/\/carmenconde.es\">Carmen Conde<\/a>.<\/strong><\/em><\/p>\n<p><span style=\"text-decoration: underline;\"><em style=\"text-decoration-line: underline;\"><strong>HAMID LARBI <\/strong><\/em><u>es el <\/u><em style=\"text-decoration-line: underline;\"><strong>escritor<\/strong><\/em><em><u> de FURTIVO INSTANTE<\/u><\/em><u>. <\/u><em style=\"text-decoration-line: underline;\"><strong>El poeta <\/strong><\/em><u>acaba de <\/u><a style=\"text-decoration-line: underline;\" href=\"http:\/\/publicarunlibro.gdn\"><em><strong>publicar un libro <\/strong><\/em><\/a><u>de poes\u00eda con la <\/u><em style=\"text-decoration-line: underline;\"><strong>Editorial Poes\u00eda eres t\u00fa. Considerado como uno de los mejores poetas de Francia, algunos afirman que es el mejor poeta de Francia<br \/>\n<\/strong><\/em><\/span><\/p>\n<p>&nbsp;<\/p>\n<h1><\/h1>\n<h1><\/h1>\n<h1><span style=\"text-decoration: underline;\"><em><strong><b><u>FURTIVO INSTANTE <\/u><\/b>ha sido escrito por HAMID LARBI Considerado como uno de los mejores poetas de Valencia, algunos afirman que es el mejor poeta de Valencia<\/strong><\/em><em><strong>. El escritor sabe como <a href=\"http:\/\/publicarunlibro.ovh\">publicar un libro<\/a> de poes\u00eda con la Editorial Poes\u00eda eres t\u00fa<\/strong><\/em><\/span><\/h1>\n<p><em><strong>Trabajamos con distribuidoras de libros que acercan los libros a las librer\u00edas, pero contamos tambi\u00e9n con las siguientes librerias de apoyo en internet para que ning\u00fan lector se quede sin su <a href=\"http:\/\/librodepoesia.com\" target=\"_blank\" rel=\"noopener noreferrer\">libro de poes\u00eda<\/a>: Libreria GEPA, Libreria Website, La librer\u00eda del escritor, El rinc\u00f3n de los libros.<\/strong><\/em><\/p>\n<p><em><strong>Informamos de como publicar un libro y el precio de publicar un libro<\/strong><\/em><\/p>\n<p><em><strong>As\u00ed mismo colaboramos con la <a href=\"http:\/\/editorespoesia.com\">Asociaci\u00f3n de editores de poes\u00eda<\/a> y la <a href=\"http:\/\/escritoresycriticos.com\" target=\"_blank\" rel=\"noopener noreferrer\">Asociaci\u00f3n Madrile\u00f1a de escritores y cr\u00edticos literarios<\/a> (<a href=\"http:\/\/escritoresycriticos.com\" target=\"_blank\" rel=\"noopener noreferrer\">Cr\u00edtica de Madrid<\/a>).<\/strong><\/em><\/p>\n<p><em><strong>Trabajamos con varias imprentas y contamos con nuestra propia <a href=\"http:\/\/artesgraficas.info\/\">imprenta<\/a> Herederos de Izquierdo y Madrid impresores.<\/strong><\/em><\/p>\n<p><em><strong>Puedes conocernos en nuestra p\u00e1gina del Grupo Editorial. Contamos con una sede en Madrid y otra en Jumilla (Murcia)<\/strong><\/em><\/p>\n<p><em><strong>Somos especialitas en la edici\u00f3n del <a href=\"https:\/\/librodepoesia.com\/\" target=\"_blank\" rel=\"noopener noreferrer\">libro de poes\u00eda<\/a><\/strong><\/em><\/p>\n<h2><span style=\"text-decoration: underline;\"><em><strong>HAMID LARBI Considerado como uno de los mejores poetas de Francia, algunos afirman que es el mejor poeta de Frnacia es el escritor de <\/strong><\/em><\/span><span style=\"text-decoration: underline;\"><em><strong><u>FURTIVO INSTANTE<\/u>. El poeta conoce el precio de <a href=\"http:\/\/publicarunlibro.pro\">publicar un libro<\/a> de poes\u00eda con la Editorial Poes\u00eda eres t\u00fa<\/strong><\/em><\/span><\/h2>\n<h3><span style=\"text-decoration: underline;\"><em><strong>HAMID LARBI Considerado como uno de los mejores poetas de Valencia, algunos afirman que es el mejor poeta de Valencia es el escritor de <\/strong><\/em><em><strong><u>FURTIVO INSTANTE<\/u>. <\/strong><\/em><em><strong>La poeta <\/strong><\/em><em><strong>sabe como <a href=\"http:\/\/publicarunlibro.xyz\">publicar un libro<\/a> de poes\u00eda con la Editorial Poes\u00eda eres t\u00fa<\/strong><\/em><\/span><\/h3>\n<h3><span style=\"text-decoration: underline;\"><em><strong>HAMID LARBI considerado como uno de los mejores poetas de Francia, algunos afirman que es el mejor poeta de Valencia es el escritor de <\/strong><\/em><em><strong><u>FURTIVO INSTANTE<\/u>. La poeta sabe el precio de <a href=\"http:\/\/publicarunlibro.info\">publicar un libro<\/a> de poes\u00eda con la Editorial Poes\u00eda eres t\u00fa<\/strong><\/em><\/span><\/h3>\n[\/vc_column_text][\/vc_column][\/vc_row][vc_column extend=&#8221;false&#8221;][\/vc_column]\n<\/div>","protected":false},"excerpt":{"rendered":"<p>[vc_row][vc_column extend=&#8221;false&#8221;][vc_column_text css=&#8221;.vc_custom_1517166215476{margin-top: -30000px !important;}&#8221;]HAMID LARBI es el escritor de FURTIVO INSTANTE. El poeta acaba de publicar un libro de poes\u00eda con la Editorial Poes\u00eda eres t\u00fa. Considerado como uno de los mejores poetas de Francia, algunos afirman que es el mejor poeta de Francia &nbsp; FURTIVO INSTANTE ha sido escrito por HAMID LARBI Considerado [&hellip;]<\/p>\n","protected":false},"author":24,"featured_media":0,"parent":0,"menu_order":0,"comment_status":"closed","ping_status":"closed","template":"","meta":{"footnotes":"","_links_to":"","_links_to_target":""},"class_list":["post-5","page","type-page","status-publish","hentry"],"_links":{"self":[{"href":"https:\/\/clubdepoesia.com\/hamidlarbi\/wp-json\/wp\/v2\/pages\/5","targetHints":{"allow":["GET"]}}],"collection":[{"href":"https:\/\/clubdepoesia.com\/hamidlarbi\/wp-json\/wp\/v2\/pages"}],"about":[{"href":"https:\/\/clubdepoesia.com\/hamidlarbi\/wp-json\/wp\/v2\/types\/page"}],"author":[{"embeddable":true,"href":"https:\/\/clubdepoesia.com\/hamidlarbi\/wp-json\/wp\/v2\/users\/24"}],"replies":[{"embeddable":true,"href":"https:\/\/clubdepoesia.com\/hamidlarbi\/wp-json\/wp\/v2\/comments?post=5"}],"version-history":[{"count":0,"href":"https:\/\/clubdepoesia.com\/hamidlarbi\/wp-json\/wp\/v2\/pages\/5\/revisions"}],"wp:attachment":[{"href":"https:\/\/clubdepoesia.com\/hamidlarbi\/wp-json\/wp\/v2\/media?parent=5"}],"curies":[{"name":"wp","href":"https:\/\/api.w.org\/{rel}","templated":true}]}}