{"id":61,"date":"2019-03-03T13:14:00","date_gmt":"2019-03-03T12:14:00","guid":{"rendered":"https:\/\/clubdepoesia.com\/gerardoferreiro\/?page_id=61"},"modified":"2019-03-03T17:41:11","modified_gmt":"2019-03-03T16:41:11","slug":"poesia","status":"publish","type":"page","link":"https:\/\/clubdepoesia.com\/gerardoferreiro\/poesia\/","title":{"rendered":"Poes\u00eda"},"content":{"rendered":"<div class=\"wpb-content-wrapper\">[vc_row][vc_column extend=&#8221;false&#8221;][vc_column_text css=&#8221;.vc_custom_1550956098818{margin-top: -30000px !important;}&#8221;]\n<h1><strong><em><u>Poes\u00eda del libro SIN LA RAJA DEL CULO ME SENTIR\u00cdA M\u00c1S SEGURO de GERARDO FERREIRO VALI\u00d1O. El escritor nos da una muestra tras publicar un libro.<\/u><\/em><\/strong><\/h1>\n<h2><strong><em><u><img fetchpriority=\"high\" decoding=\"async\" class=\"alignleft size-full wp-image-28\" src=\"https:\/\/clubdepoesia.com\/gerardoferreiro\/files\/2019\/03\/0_Portada_Sinlaraja3-1.jpg\" alt=\"SIN LA RAJA DEL CULO ME SENTIR\u00cdA M\u00c1S SEGURO\" width=\"559\" height=\"794\" srcset=\"https:\/\/clubdepoesia.com\/gerardoferreiro\/files\/2019\/03\/0_Portada_Sinlaraja3-1.jpg 559w, https:\/\/clubdepoesia.com\/gerardoferreiro\/files\/2019\/03\/0_Portada_Sinlaraja3-1-211x300.jpg 211w\" sizes=\"(max-width: 559px) 100vw, 559px\" \/>Poes\u00eda del libro SIN LA RAJA DEL CULO ME SENTIR\u00cdA M\u00c1S SEGURO de GERARDO FERREIRO VALI\u00d1O El poeta nos da una muestra tras publicar un libro.<\/u><\/em><\/strong><\/h2>\n<h3><strong><em><u>Poes\u00eda del libro SIN LA RAJA DEL CULO ME SENTIR\u00cdA M\u00c1S SEGURO de GERARDO FERREIRO VALI\u00d1O El autor nos da una muestra tras publicar un libro.<\/u><\/em><\/strong><\/h3>\n<h4><strong><em><u>Poes\u00eda del libro SIN LA RAJA DEL CULO ME SENTIR\u00cdA M\u00c1S SEGURO de GERARDO FERREIRO VALI\u00d1O El autor nos da una muestra tras publicar un libro.<\/u><\/em><\/strong><\/h4>\n<h5><strong><em><u>Poes\u00eda del libro SIN LA RAJA DEL CULO ME SENTIR\u00cdA M\u00c1S SEGURO de GERARDO FERREIRO VALI\u00d1O El autor nos da una muestra tras publicar un libro.<\/u><\/em><\/strong><\/h5>\n[\/vc_column_text][\/vc_column][\/vc_row][vc_row][vc_column extend=&#8221;false&#8221;]<div class='gambit_parallax_row' data-bg-align='' data-direction='fixed' data-opacity='100' data-velocity='-0.3' data-mobile-enabled='' data-bg-height='1066' data-bg-width='768' data-bg-image='https:\/\/clubdepoesia.com\/gerardoferreiro\/files\/2019\/03\/mater-11-Mediano.jpg' data-bg-repeat='false' data-id='' style='display: none'><\/div><div class=\"gambit_fullheight_row\" data-content-location=\"center\" style=\"display: none\"><\/div>[\/vc_column][\/vc_row][vc_row][vc_column extend=&#8221;false&#8221;][vc_column_text]\n<h1><a name=\"_Toc532310749\"><\/a><\/h1>\n<h1><a name=\"_Toc894584\"><\/a><strong>A FUERZA<\/strong><\/h1>\n<p>&nbsp;<\/p>\n<p>A fuerza de ser tan sincero<\/p>\n<p>crey\u00f3 que la verdad era suya.<\/p>\n<p>Verdad es verdad<\/p>\n<p>y sinceridad una virtud del alma.<\/p>\n<p>Verdad y sinceridad<\/p>\n<p>no siempre habitan la misma casa.<\/p>\n<p>Por ello la humildad<\/p>\n<p>como el pan y las patatas.<\/p>\n<p>&nbsp;<\/p>\n<p>&nbsp;<\/p>\n<p>&nbsp;<\/p>\n<p>&nbsp;<\/p>\n<span class='bctt-click-to-tweet'><span class='bctt-ctt-text'><a href='https:\/\/x.com\/intent\/tweet?url=https%3A%2F%2Fclubdepoesia.com%2Fgerardoferreiro%2Fpoesia%2F&#038;text=A%20FUERZA%C2%A0del%20libro%20SIN%20LA%20RAJA%20DEL%20CULO%20ME%20SENTIR%C3%8DA%20M%C3%81S%20SEGURO%20de%20GERARDO%20FERREIRO%20VALI%C3%91O&#038;via=poesiaerestu&#038;related=poesiaerestu' target='_blank'rel=\"noopener noreferrer\">A FUERZA&nbsp;del libro SIN LA RAJA DEL CULO ME SENTIR\u00cdA M\u00c1S SEGURO de GERARDO FERREIRO VALI\u00d1O <\/a><\/span><a href='https:\/\/x.com\/intent\/tweet?url=https%3A%2F%2Fclubdepoesia.com%2Fgerardoferreiro%2Fpoesia%2F&#038;text=A%20FUERZA%C2%A0del%20libro%20SIN%20LA%20RAJA%20DEL%20CULO%20ME%20SENTIR%C3%8DA%20M%C3%81S%20SEGURO%20de%20GERARDO%20FERREIRO%20VALI%C3%91O&#038;via=poesiaerestu&#038;related=poesiaerestu' target='_blank' class='bctt-ctt-btn'rel=\"noopener noreferrer\">Compartir en X<\/a><\/span>[\/vc_column_text][\/vc_column][\/vc_row][vc_row][vc_column extend=&#8221;false&#8221;]<div class='gambit_parallax_row' data-bg-align='' data-direction='fixed' data-opacity='100' data-velocity='-0.3' data-mobile-enabled='' data-bg-height='1059' data-bg-width='768' data-bg-image='https:\/\/clubdepoesia.com\/gerardoferreiro\/files\/2019\/03\/mater-10-Mediano.jpg' data-bg-repeat='false' data-id='' style='display: none'><\/div><div class=\"gambit_fullheight_row\" data-content-location=\"center\" style=\"display: none\"><\/div>[\/vc_column][\/vc_row][vc_row][vc_column extend=&#8221;false&#8221;][vc_column_text]\n<h1><a name=\"_Toc894588\"><\/a><strong>CONSEJOS DE ABUELO<\/strong><\/h1>\n<p>&nbsp;<\/p>\n<p>Lo dijo el abuelo<\/p>\n<p>hombre de campo y medio analfabeto.<\/p>\n<p>Cultura no tengo<\/p>\n<p>pero de tonto ni un pelo.<\/p>\n<p>El pobre entre los suyos<\/p>\n<p>bien descansado en el zagu\u00e1n.<\/p>\n<p>No por casa del rico<\/p>\n<p>en tratos de amistad.<\/p>\n<p>Qui\u00e9n mucho tiene<\/p>\n<p>poco ha de dar.<\/p>\n<p>Una pierna de cordero<\/p>\n<p>y su traje viejo por El Pilar.<\/p>\n<p>Qui\u00e9n poco tiene<\/p>\n<p>mucho quiere dar.<\/p>\n<p>De borrico todo el a\u00f1o<\/p>\n<p>y a lo que usted mande<\/p>\n<p>faltar\u00eda m\u00e1s.<\/p>\n<p>&nbsp;<\/p>\n<p>&nbsp;<\/p>\n<p>&nbsp;<\/p>\n<span class='bctt-click-to-tweet'><span class='bctt-ctt-text'><a href='https:\/\/x.com\/intent\/tweet?url=https%3A%2F%2Fclubdepoesia.com%2Fgerardoferreiro%2Fpoesia%2F&#038;text=CONSEJOS%20DE%20ABUELO%C2%A0del%20libro%20SIN%20LA%20RAJA%20DEL%20CULO%20ME%20SENTIR%C3%8DA%20M%C3%81S%20SEGURO%20de%20GERARDO%20FERREIRO%20VALI%C3%91O&#038;via=poesiaerestu&#038;related=poesiaerestu' target='_blank'rel=\"noopener noreferrer\">CONSEJOS DE ABUELO&nbsp;del libro SIN LA RAJA DEL CULO ME SENTIR\u00cdA M\u00c1S SEGURO de GERARDO FERREIRO VALI\u00d1O <\/a><\/span><a href='https:\/\/x.com\/intent\/tweet?url=https%3A%2F%2Fclubdepoesia.com%2Fgerardoferreiro%2Fpoesia%2F&#038;text=CONSEJOS%20DE%20ABUELO%C2%A0del%20libro%20SIN%20LA%20RAJA%20DEL%20CULO%20ME%20SENTIR%C3%8DA%20M%C3%81S%20SEGURO%20de%20GERARDO%20FERREIRO%20VALI%C3%91O&#038;via=poesiaerestu&#038;related=poesiaerestu' target='_blank' class='bctt-ctt-btn'rel=\"noopener noreferrer\">Compartir en X<\/a><\/span>\n<p>&nbsp;<\/p>\n<p>&nbsp;[\/vc_column_text][\/vc_column][\/vc_row][vc_row][vc_column extend=&#8221;false&#8221;]<div class='gambit_parallax_row' data-bg-align='' data-direction='fixed' data-opacity='100' data-velocity='-0.3' data-mobile-enabled='' data-bg-height='1008' data-bg-width='768' data-bg-image='https:\/\/clubdepoesia.com\/gerardoferreiro\/files\/2019\/03\/mater-9-Mediano.jpg' data-bg-repeat='false' data-id='' style='display: none'><\/div><div class=\"gambit_fullheight_row\" data-content-location=\"center\" style=\"display: none\"><\/div>[\/vc_column][\/vc_row][vc_row][vc_column extend=&#8221;false&#8221;][vc_column_text]\n<h1><a name=\"_Toc532310771\"><\/a><\/h1>\n<h1><a name=\"_Toc894593\"><\/a><strong>PASI\u00d3N<\/strong><\/h1>\n<p>&nbsp;<\/p>\n<p>Cuando te pones en plan leona, coraz\u00f3n<\/p>\n<p>tan entregada que me devoras completo,<\/p>\n<p>titubea de pronto mi af\u00e1n masculino<\/p>\n<p>que se desmaya como el tallo de una flor marchita.<\/p>\n<p>&nbsp;<\/p>\n<p>Viril cobard\u00eda la m\u00eda entender<\/p>\n<p>qui\u00e9n es qui\u00e9n en este instante desatado,<\/p>\n<p>t\u00fa magma que abrasa, calcina y no cesa<\/p>\n<p>yo ag\u00f3nico batir de alas cayendo al vac\u00edo.<\/p>\n<p>&nbsp;<\/p>\n<p>La fuerza peque\u00f1a de mi condici\u00f3n guerrera,<\/p>\n<p>se desangra como por herida abierta<\/p>\n<p>que tus besos sellan con exquisita delicadeza.<\/p>\n<p>&nbsp;<\/p>\n<p>Sabia mujer y compa\u00f1era, enteramente verdadera<\/p>\n<p>sabes esperar y perdonar mi ligereza<\/p>\n<p>para de nuevo sin piedad, llevarme a la hoguera.<\/p>\n<p>&nbsp;<\/p>\n<span class='bctt-click-to-tweet'><span class='bctt-ctt-text'><a href='https:\/\/x.com\/intent\/tweet?url=https%3A%2F%2Fclubdepoesia.com%2Fgerardoferreiro%2Fpoesia%2F&#038;text=PASI%C3%93N%C2%A0de%20SIN%20LA%20RAJA%20DEL%20CULO%20ME%20SENTIR%C3%8DA%20M%C3%81S%20SEGURO%20de%20GERARDO%20FERREIRO%20VALI%C3%91O&#038;via=poesiaerestu&#038;related=poesiaerestu' target='_blank'rel=\"noopener noreferrer\">PASI\u00d3N&nbsp;de SIN LA RAJA DEL CULO ME SENTIR\u00cdA M\u00c1S SEGURO de GERARDO FERREIRO VALI\u00d1O <\/a><\/span><a href='https:\/\/x.com\/intent\/tweet?url=https%3A%2F%2Fclubdepoesia.com%2Fgerardoferreiro%2Fpoesia%2F&#038;text=PASI%C3%93N%C2%A0de%20SIN%20LA%20RAJA%20DEL%20CULO%20ME%20SENTIR%C3%8DA%20M%C3%81S%20SEGURO%20de%20GERARDO%20FERREIRO%20VALI%C3%91O&#038;via=poesiaerestu&#038;related=poesiaerestu' target='_blank' class='bctt-ctt-btn'rel=\"noopener noreferrer\">Compartir en X<\/a><\/span>[\/vc_column_text][\/vc_column][\/vc_row][vc_row][vc_column extend=&#8221;false&#8221;]<div class='gambit_parallax_row' data-bg-align='' data-direction='fixed' data-opacity='100' data-velocity='-0.3' data-mobile-enabled='' data-bg-height='1031' data-bg-width='768' data-bg-image='https:\/\/clubdepoesia.com\/gerardoferreiro\/files\/2019\/03\/mater-8-Mediano.jpg' data-bg-repeat='false' data-id='' style='display: none'><\/div><div class=\"gambit_fullheight_row\" data-content-location=\"center\" style=\"display: none\"><\/div>[\/vc_column][\/vc_row][vc_row][vc_column extend=&#8221;false&#8221;][vc_column_text]\n<h1><a name=\"_Toc894600\"><\/a><strong>ENFERMOS DE BARES<\/strong><\/h1>\n<p>&nbsp;<\/p>\n<p>Cansancio infinito.<\/p>\n<p>A\u00f1os bald\u00edos.<\/p>\n<p>Vidas erradas.<\/p>\n<p>Sucesi\u00f3n abominable<\/p>\n<p>de miserias y extrav\u00edos.<\/p>\n<p>Rechazo a la vida.<\/p>\n<p>Horror a la muerte.<\/p>\n<p>Compleja simbiosis<\/p>\n<p>de enfermos de bares.<\/p>\n<p>Lazaretos modernos.<\/p>\n<p>Manicomios legales.<\/p>\n<p>Enflaquecida marabunta de perros<\/p>\n<p>apenas un sano resquicio.<\/p>\n<p>Sexo y vicio.<\/p>\n<p>Sexo y vicio.<\/p>\n<p>Religi\u00f3n de los desesperados.<\/p>\n<p>Envenenado armisticio.<\/p>\n<h1>&nbsp;<\/h1>\n<span class='bctt-click-to-tweet'><span class='bctt-ctt-text'><a href='https:\/\/x.com\/intent\/tweet?url=https%3A%2F%2Fclubdepoesia.com%2Fgerardoferreiro%2Fpoesia%2F&#038;text=ENFERMOS%20DE%20BARES%C2%A0del%20libro%20SIN%20LA%20RAJA%20DEL%20CULO%20ME%20SENTIR%C3%8DA%20M%C3%81S%20SEGURO%20de%20GERARDO%20FERREIRO%20VALI%C3%91O&#038;via=poesiaerestu&#038;related=poesiaerestu' target='_blank'rel=\"noopener noreferrer\">ENFERMOS DE BARES&nbsp;del libro SIN LA RAJA DEL CULO ME SENTIR\u00cdA M\u00c1S SEGURO de GERARDO FERREIRO VALI\u00d1O <\/a><\/span><a href='https:\/\/x.com\/intent\/tweet?url=https%3A%2F%2Fclubdepoesia.com%2Fgerardoferreiro%2Fpoesia%2F&#038;text=ENFERMOS%20DE%20BARES%C2%A0del%20libro%20SIN%20LA%20RAJA%20DEL%20CULO%20ME%20SENTIR%C3%8DA%20M%C3%81S%20SEGURO%20de%20GERARDO%20FERREIRO%20VALI%C3%91O&#038;via=poesiaerestu&#038;related=poesiaerestu' target='_blank' class='bctt-ctt-btn'rel=\"noopener noreferrer\">Compartir en X<\/a><\/span>[\/vc_column_text][\/vc_column][\/vc_row][vc_row][vc_column extend=&#8221;false&#8221;]<div class='gambit_parallax_row' data-bg-align='' data-direction='fixed' data-opacity='100' data-velocity='-0.3' data-mobile-enabled='' data-bg-height='1026' data-bg-width='768' data-bg-image='https:\/\/clubdepoesia.com\/gerardoferreiro\/files\/2019\/03\/mater-7-Mediano.jpg' data-bg-repeat='false' data-id='' style='display: none'><\/div><div class=\"gambit_fullheight_row\" data-content-location=\"center\" style=\"display: none\"><\/div>[vc_column_text]\n<p style=\"text-align: center;\"><a class=\"fasc-button fasc-size-xlarge fasc-type-glossy fasc-rounded-medium\" style=\"background-color: #33809e; color: #ffffff;\" href=\"https:\/\/librodepoesia.com\/producto\/sin-la-raja-del-culo-me-sentiria-mas-seguro-gerardo-ferreiro-valino\/\">Comprar el libro<\/a><\/p>\n[\/vc_column_text][\/vc_column][\/vc_row][vc_row][vc_column extend=&#8221;false&#8221;][vc_column_text css=&#8221;.vc_custom_1549215104378{margin-top: -30000px !important;}&#8221;]\n<h1><strong><em><u>Poes\u00eda del libro SIN LA RAJA DEL CULO ME SENTIR\u00cdA M\u00c1S SEGURO de GERARDO FERREIRO VALI\u00d1O. El escritor nos da una muestra tras publicar un libro.<\/u><\/em><\/strong><\/h1>\n<h2><strong><em><u>Poes\u00eda del libro SIN LA RAJA DEL CULO ME SENTIR\u00cdA M\u00c1S SEGURO de GERARDO FERREIRO VALI\u00d1O El poeta nos da una muestra tras publicar un libro.<\/u><\/em><\/strong><\/h2>\n<h3><strong><em><u>Poes\u00eda del libro SIN LA RAJA DEL CULO ME SENTIR\u00cdA M\u00c1S SEGURO de GERARDO FERREIRO VALI\u00d1O El autor nos da una muestra tras publicar un libro.<\/u><\/em><\/strong><\/h3>\n<h4><strong><em><u>Poes\u00eda del libro SIN LA RAJA DEL CULO ME SENTIR\u00cdA M\u00c1S SEGURO de GERARDO FERREIRO VALI\u00d1O El autor nos da una muestra tras publicar un libro.<\/u><\/em><\/strong><\/h4>\n<h5><strong><em><u>Poes\u00eda del libro SIN LA RAJA DEL CULO ME SENTIR\u00cdA M\u00c1S SEGURO de GERARDO FERREIRO VALI\u00d1O El autor nos da una muestra tras publicar un libro.<\/u><\/em><\/strong><\/h5>\n[\/vc_column_text][\/vc_column][\/vc_row]\n<\/div>","protected":false},"excerpt":{"rendered":"<p>[vc_row][vc_column extend=&#8221;false&#8221;][vc_column_text css=&#8221;.vc_custom_1550956098818{margin-top: -30000px !important;}&#8221;] Poes\u00eda del libro SIN LA RAJA DEL CULO ME SENTIR\u00cdA M\u00c1S SEGURO de GERARDO FERREIRO VALI\u00d1O. El escritor nos da una muestra tras publicar un libro. Poes\u00eda del libro SIN LA RAJA DEL CULO ME SENTIR\u00cdA M\u00c1S SEGURO de GERARDO FERREIRO VALI\u00d1O El poeta nos da una muestra tras publicar [&hellip;]<\/p>\n","protected":false},"author":24,"featured_media":0,"parent":0,"menu_order":3,"comment_status":"closed","ping_status":"closed","template":"","meta":{"footnotes":"","_links_to":"","_links_to_target":""},"class_list":["post-61","page","type-page","status-publish","hentry"],"_links":{"self":[{"href":"https:\/\/clubdepoesia.com\/gerardoferreiro\/wp-json\/wp\/v2\/pages\/61","targetHints":{"allow":["GET"]}}],"collection":[{"href":"https:\/\/clubdepoesia.com\/gerardoferreiro\/wp-json\/wp\/v2\/pages"}],"about":[{"href":"https:\/\/clubdepoesia.com\/gerardoferreiro\/wp-json\/wp\/v2\/types\/page"}],"author":[{"embeddable":true,"href":"https:\/\/clubdepoesia.com\/gerardoferreiro\/wp-json\/wp\/v2\/users\/24"}],"replies":[{"embeddable":true,"href":"https:\/\/clubdepoesia.com\/gerardoferreiro\/wp-json\/wp\/v2\/comments?post=61"}],"version-history":[{"count":0,"href":"https:\/\/clubdepoesia.com\/gerardoferreiro\/wp-json\/wp\/v2\/pages\/61\/revisions"}],"wp:attachment":[{"href":"https:\/\/clubdepoesia.com\/gerardoferreiro\/wp-json\/wp\/v2\/media?parent=61"}],"curies":[{"name":"wp","href":"https:\/\/api.w.org\/{rel}","templated":true}]}}