{"id":64,"date":"2017-04-02T10:24:33","date_gmt":"2017-04-02T10:24:33","guid":{"rendered":"http:\/\/clubdepoesia.com\/gabrielhumero\/?page_id=64"},"modified":"2017-04-02T10:24:33","modified_gmt":"2017-04-02T10:24:33","slug":"poemas","status":"publish","type":"page","link":"https:\/\/clubdepoesia.com\/gabrielhumero\/poemas\/","title":{"rendered":"Poemas"},"content":{"rendered":"<div class=\"wpb-content-wrapper\">[vc_row][vc_column extend=&#8221;false&#8221;]<div class=\"gambit_fullheight_row\" data-content-location=\"center\" style=\"display: none\"><\/div><div class='gambit_parallax_row' data-bg-align='' data-direction='fixed' data-opacity='100' data-velocity='-0.3' data-mobile-enabled='' data-bg-height='2304' data-bg-width='3456' data-bg-image='https:\/\/clubdepoesia.com\/gabrielhumero\/files\/2017\/04\/9c_djeqtdyy-joao-silas.jpg' data-bg-repeat='false' data-id='' style='display: none'><\/div>[\/vc_column][\/vc_row][vc_row][vc_column extend=&#8221;false&#8221;][row_scroll entrance=&#8221;fly-left&#8221; exit=&#8221;stick-fly-left&#8221;]<div class=\"gambit_fullheight_row\" data-content-location=\"center\" style=\"display: none\"><\/div>[vc_row_inner][vc_column_inner extend=&#8221;false&#8221; width=&#8221;1\/2&#8243;][vc_column_text]\n<h1><strong>Liberaci\u00f3n<\/strong><\/h1>\n<p>&nbsp;<\/p>\n<p>Coraz\u00f3n.<\/p>\n<p>\u00a1Ay! Coraz\u00f3n desierto.<\/p>\n<p>&nbsp;<\/p>\n<p>Deja que lo riegue<\/p>\n<p>con la hermosa regadera<\/p>\n<p>que me regal\u00f3 tu madre.<\/p>\n<p>Coraz\u00f3n.<\/p>\n<p>\u00a1Ay! Coraz\u00f3n desierto.<\/p>\n<p>&nbsp;<\/p>\n<p>Deja que te meta<\/p>\n<p>en un jard\u00edn de rosas<\/p>\n<p>rojas y blancas<\/p>\n<p>para que te robe<\/p>\n<p>el coraz\u00f3n.<\/p>\n<p>&nbsp;<\/p>\n<p>Coraz\u00f3n.<\/p>\n<p>\u00a1Ay! Coraz\u00f3n desierto.<\/p>\n<p>&nbsp;<\/p>\n<p>Deja que sea libre<\/p>\n<p>para amarte siempre<\/p>\n<p>aunque est\u00e9s lejos.[\/vc_column_text][\/vc_column_inner][vc_column_inner extend=&#8221;false&#8221; width=&#8221;1\/2&#8243;][pt_ext__image_single align=&#8221;center&#8221; mask=&#8221;square&#8221; hover_style=&#8221;none&#8221; shadow=&#8221;&#8221; mediaquery_md=&#8221;change&#8221; mediaquery_md__align=&#8221;center&#8221; mediaquery_sm=&#8221;change&#8221; mediaquery_sm__align=&#8221;center&#8221; mediaquery_xs=&#8221;change&#8221; mediaquery_xs__align=&#8221;center&#8221; animation=&#8221;&#8221; image=&#8221;20&#8243; css=&#8221;.vc_custom_1491128369137{padding-top: 20px !important;padding-right: 20px !important;padding-bottom: 20px !important;padding-left: 20px !important;}&#8221; el_class=&#8221;&#8221; version=&#8221;1&#8243;][\/vc_column_inner][\/vc_row_inner][\/vc_column][\/vc_row][vc_row][vc_column extend=&#8221;false&#8221;]<div class=\"gambit_fullheight_row\" data-content-location=\"center\" style=\"display: none\"><\/div><div class='gambit_parallax_row' data-bg-align='' data-direction='fixed' data-opacity='100' data-velocity='-0.3' data-mobile-enabled='' data-bg-height='2795' data-bg-width='4192' data-bg-image='https:\/\/clubdepoesia.com\/gabrielhumero\/files\/2017\/04\/lulijc1cdo-kalen-emsley1.jpg' data-bg-repeat='false' data-id='' style='display: none'><\/div>[\/vc_column][\/vc_row][vc_row][vc_column extend=&#8221;false&#8221;][row_scroll entrance=&#8221;fly-right&#8221; exit=&#8221;stick-fly-right&#8221;]<div class=\"gambit_fullheight_row\" data-content-location=\"center\" style=\"display: none\"><\/div>[vc_row_inner][vc_column_inner extend=&#8221;false&#8221; width=&#8221;1\/2&#8243;][pt_ext__image_single align=&#8221;center&#8221; mask=&#8221;square&#8221; hover_style=&#8221;none&#8221; shadow=&#8221;&#8221; mediaquery_md=&#8221;change&#8221; mediaquery_md__align=&#8221;center&#8221; mediaquery_sm=&#8221;change&#8221; mediaquery_sm__align=&#8221;center&#8221; mediaquery_xs=&#8221;change&#8221; mediaquery_xs__align=&#8221;center&#8221; animation=&#8221;&#8221; image=&#8221;15&#8243; css=&#8221;.vc_custom_1491128440818{padding-top: 20px !important;padding-right: 20px !important;padding-bottom: 20px !important;padding-left: 20px !important;}&#8221; el_class=&#8221;&#8221; version=&#8221;1&#8243;][\/vc_column_inner][vc_column_inner extend=&#8221;false&#8221; width=&#8221;1\/2&#8243;][vc_column_text]<a name=\"_Toc477016366\"><\/a><strong>Ojos<\/strong><\/p>\n<p><strong>\u00a0<\/strong><\/p>\n<p>Los ojos me clavaron<\/p>\n<p>en el mismo lugar<\/p>\n<p>donde me despos\u00e9.<\/p>\n<p>&nbsp;<\/p>\n<p>Los p\u00e1rpados se cerraron<\/p>\n<p>y abri\u00e9ndolos los cort\u00e9<\/p>\n<p>y vieron el amor que abrigu\u00e9.<\/p>\n<p>&nbsp;<\/p>\n<p>Besos, besos, y besos<\/p>\n<p>en los ojos, ojos, ojos<\/p>\n<p>y en los labios, labios, labios.<\/p>\n<p>Tambi\u00e9n; siempre me acordar\u00e9.<\/p>\n<p>&nbsp;<\/p>\n<p>Acu\u00e9rdate que beso que des<\/p>\n<p>en los ojos se guardar\u00e1<\/p>\n<p>y en los labios florecer\u00e1<\/p>\n<p>acu\u00e9rdate, jam\u00e1s olv\u00eddate.[\/vc_column_text][\/vc_column_inner][\/vc_row_inner][\/vc_column][\/vc_row][vc_row][vc_column extend=&#8221;false&#8221;][row_scroll entrance=&#8221;fly-right&#8221; exit=&#8221;stick-fly-right&#8221;]<div class=\"gambit_fullheight_row\" data-content-location=\"center\" style=\"display: none\"><\/div>[\/vc_column][\/vc_row][vc_row][vc_column extend=&#8221;false&#8221;]<div class=\"gambit_fullheight_row\" data-content-location=\"center\" style=\"display: none\"><\/div><div class='gambit_parallax_row' data-bg-align='' data-direction='fixed' data-opacity='100' data-velocity='-0.3' data-mobile-enabled='' data-bg-height='3067' data-bg-width='5190' data-bg-image='https:\/\/clubdepoesia.com\/gabrielhumero\/files\/2017\/04\/30bbkb2h2to-michal-dzierza.jpg' data-bg-repeat='false' data-id='' style='display: none'><\/div>[\/vc_column][\/vc_row][vc_row][vc_column extend=&#8221;false&#8221;][row_scroll entrance=&#8221;fly-right&#8221; exit=&#8221;stick-fly-right&#8221;]<div class=\"gambit_fullheight_row\" data-content-location=\"center\" style=\"display: none\"><\/div>[vc_row_inner][vc_column_inner extend=&#8221;false&#8221; width=&#8221;1\/2&#8243;][vc_column_text]<a name=\"_Toc477016377\"><\/a><strong>M<\/strong><strong>iras de futuro<\/strong><\/p>\n<p><strong>\u00a0<\/strong><\/p>\n<p>Lo veo todo en blanco<\/p>\n<p>\u00bfSer\u00e1 rojo o verde?<\/p>\n<p>\u00bfNo s\u00e9?<\/p>\n<p>&nbsp;<\/p>\n<p>Blanco por el hospital<\/p>\n<p>o el uniforme del m\u00e9dico.<\/p>\n<p>&nbsp;<\/p>\n<p>Rojo por mi coraz\u00f3n<\/p>\n<p>que ya s\u00f3lo se alimenta<\/p>\n<p>&nbsp;<\/p>\n<p>de ti, de tu tranquilidad<\/p>\n<p>de tu mismo porvenir.<\/p>\n<p>&nbsp;<\/p>\n<p>Y verde por esa pradera<\/p>\n<p>que existe sobre la tierra<\/p>\n<p>roja de corazones.<\/p>\n<p>&nbsp;<\/p>\n<p>Todo se funde en mis pasos<\/p>\n<p>pasos hechos de este calidoscopio<\/p>\n<p>pasos que solo quieren<\/p>\n<p>llegar a caminar por la<\/p>\n<p>alfombra rosa de un<\/p>\n<p>no resuelto y libre porvenir.[\/vc_column_text][\/vc_column_inner][vc_column_inner extend=&#8221;false&#8221; width=&#8221;1\/2&#8243;][pt_ext__image_single align=&#8221;center&#8221; mask=&#8221;square&#8221; hover_style=&#8221;none&#8221; shadow=&#8221;&#8221; mediaquery_md=&#8221;change&#8221; mediaquery_md__align=&#8221;center&#8221; mediaquery_sm=&#8221;change&#8221; mediaquery_sm__align=&#8221;center&#8221; mediaquery_xs=&#8221;change&#8221; mediaquery_xs__align=&#8221;center&#8221; animation=&#8221;&#8221; image=&#8221;21&#8243; css=&#8221;.vc_custom_1491128516969{padding-top: 20px !important;padding-right: 20px !important;padding-bottom: 20px !important;padding-left: 20px !important;}&#8221; el_class=&#8221;&#8221; version=&#8221;1&#8243;][\/vc_column_inner][\/vc_row_inner][\/vc_column][\/vc_row][vc_row][vc_column extend=&#8221;false&#8221;]<div class=\"gambit_fullheight_row\" data-content-location=\"center\" style=\"display: none\"><\/div><div class='gambit_parallax_row' data-bg-align='' data-direction='fixed' data-opacity='100' data-velocity='-0.3' data-mobile-enabled='' data-bg-height='3919' data-bg-width='3135' data-bg-image='https:\/\/clubdepoesia.com\/gabrielhumero\/files\/2017\/04\/5led2xbikvk-osman-rana.jpg' data-bg-repeat='false' data-id='' style='display: none'><\/div>[\/vc_column][\/vc_row][vc_row][vc_column extend=&#8221;false&#8221;][row_scroll entrance=&#8221;fly-left&#8221; exit=&#8221;stick-fly-left&#8221;]<div class=\"gambit_fullheight_row\" data-content-location=\"center\" style=\"display: none\"><\/div>[vc_row_inner][vc_column_inner extend=&#8221;false&#8221; width=&#8221;1\/2&#8243;][pt_ext__image_single align=&#8221;center&#8221; mask=&#8221;square&#8221; hover_style=&#8221;none&#8221; shadow=&#8221;&#8221; mediaquery_md=&#8221;change&#8221; mediaquery_md__align=&#8221;center&#8221; mediaquery_sm=&#8221;change&#8221; mediaquery_sm__align=&#8221;center&#8221; mediaquery_xs=&#8221;change&#8221; mediaquery_xs__align=&#8221;center&#8221; animation=&#8221;&#8221; image=&#8221;19&#8243; css=&#8221;.vc_custom_1491128610007{padding-top: 20px !important;padding-right: 20px !important;padding-bottom: 20px !important;padding-left: 20px !important;}&#8221; el_class=&#8221;&#8221; version=&#8221;1&#8243;][\/vc_column_inner][vc_column_inner extend=&#8221;false&#8221; width=&#8221;1\/2&#8243;][vc_column_text]<a name=\"_Toc477016382\"><\/a><strong>L<\/strong><strong>lamada a una amiga<\/strong><\/p>\n<p><strong>\u00a0<\/strong><\/p>\n<p>Cielo, lluvia y arco<\/p>\n<p>nunca tuvieron espacio,<\/p>\n<p>en el ancho y largo mundo.<\/p>\n<p>&nbsp;<\/p>\n<p>Monta\u00f1as de abril<\/p>\n<p>aguas y gargantas de mayo<\/p>\n<p>fugaz luz de verano.<\/p>\n<p>&nbsp;<\/p>\n<p>Se traducen en la catarata<\/p>\n<p>de t\u00fa pelo: cabello negro<\/p>\n<p>que brilla naranja en la fuente.<\/p>\n<p>&nbsp;<\/p>\n<p>Echo anclas en \u00c1vila<\/p>\n<p>desde el hospital te quiero<\/p>\n<p>y te amarro con laureles<\/p>\n<p>de alegr\u00eda, alegr\u00eda de Prometeo.<\/p>\n<p>&nbsp;<\/p>\n<p>Alzo mis brazos al sol<\/p>\n<p>y vuelo con tu viento<\/p>\n<p>con mi amor en la Paz<\/p>\n<p>y mi amistad en el camino.<\/p>\n<p>&nbsp;<\/p>\n<p>Nunca vi igual visi\u00f3n:<\/p>\n<p>Matriz de padres e hijas<\/p>\n<p>llevadas al m\u00e1s humano<\/p>\n<p>sentimiento de amigo.[\/vc_column_text][\/vc_column_inner][\/vc_row_inner][\/vc_column][\/vc_row][vc_row][vc_column extend=&#8221;false&#8221;]<div class=\"gambit_fullheight_row\" data-content-location=\"center\" style=\"display: none\"><\/div><div class='gambit_parallax_row' data-bg-align='' data-direction='fixed' data-opacity='100' data-velocity='-0.3' data-mobile-enabled='' data-bg-height='721' data-bg-width='1080' data-bg-image='https:\/\/clubdepoesia.com\/gabrielhumero\/files\/2017\/04\/119.jpg' data-bg-repeat='false' data-id='' style='display: none'><\/div>[\/vc_column][\/vc_row][vc_row][vc_column extend=&#8221;false&#8221;][\/vc_column][\/vc_row]\n<\/div>","protected":false},"excerpt":{"rendered":"<p>[vc_row][vc_column extend=&#8221;false&#8221;][\/vc_column][\/vc_row][vc_row][vc_column extend=&#8221;false&#8221;][row_scroll entrance=&#8221;fly-left&#8221; exit=&#8221;stick-fly-left&#8221;][vc_row_inner][vc_column_inner extend=&#8221;false&#8221; width=&#8221;1\/2&#8243;][vc_column_text] Liberaci\u00f3n &nbsp; Coraz\u00f3n. \u00a1Ay! Coraz\u00f3n desierto. &nbsp; Deja que lo riegue con la hermosa regadera que me regal\u00f3 tu madre. Coraz\u00f3n. \u00a1Ay! Coraz\u00f3n desierto. &nbsp; Deja que te meta en un jard\u00edn de rosas rojas y blancas para que te robe el coraz\u00f3n. &nbsp; Coraz\u00f3n. \u00a1Ay! Coraz\u00f3n desierto. [&hellip;]<\/p>\n","protected":false},"author":24,"featured_media":0,"parent":0,"menu_order":3,"comment_status":"closed","ping_status":"closed","template":"","meta":{"footnotes":"","_links_to":"","_links_to_target":""},"class_list":["post-64","page","type-page","status-publish","hentry"],"_links":{"self":[{"href":"https:\/\/clubdepoesia.com\/gabrielhumero\/wp-json\/wp\/v2\/pages\/64","targetHints":{"allow":["GET"]}}],"collection":[{"href":"https:\/\/clubdepoesia.com\/gabrielhumero\/wp-json\/wp\/v2\/pages"}],"about":[{"href":"https:\/\/clubdepoesia.com\/gabrielhumero\/wp-json\/wp\/v2\/types\/page"}],"author":[{"embeddable":true,"href":"https:\/\/clubdepoesia.com\/gabrielhumero\/wp-json\/wp\/v2\/users\/24"}],"replies":[{"embeddable":true,"href":"https:\/\/clubdepoesia.com\/gabrielhumero\/wp-json\/wp\/v2\/comments?post=64"}],"version-history":[{"count":0,"href":"https:\/\/clubdepoesia.com\/gabrielhumero\/wp-json\/wp\/v2\/pages\/64\/revisions"}],"wp:attachment":[{"href":"https:\/\/clubdepoesia.com\/gabrielhumero\/wp-json\/wp\/v2\/media?parent=64"}],"curies":[{"name":"wp","href":"https:\/\/api.w.org\/{rel}","templated":true}]}}