{"id":9,"date":"2018-03-17T18:06:35","date_gmt":"2018-03-17T18:06:35","guid":{"rendered":"https:\/\/clubdepoesia.com\/frannunezgavira\/?page_id=9"},"modified":"2018-03-19T21:13:40","modified_gmt":"2018-03-19T21:13:40","slug":"de-tus-versos-de-francisco-jose-nunez-gavira","status":"publish","type":"page","link":"https:\/\/clubdepoesia.com\/frannunezgavira\/de-tus-versos-de-francisco-jose-nunez-gavira\/","title":{"rendered":"DE TUS VERSOS de Francisco Jos\u00e9 N\u00da\u00d1EZ GAVIRA"},"content":{"rendered":"<div class=\"wpb-content-wrapper\">[vc_row][vc_column extend=&#8221;false&#8221;][vc_column_text css=&#8221;.vc_custom_1521320895116{margin-top: -30000px !important;}&#8221;]<strong><em><u>DE TUS VERSOS es el libro de poes\u00eda escrito por el poeta y escritor <a href=\"https:\/\/clubdepoesia.com\/frannunezgavira\/\">Francisco Jos\u00e9 N\u00da\u00d1EZ GAVIRA<\/a>, uno de los escritores espa\u00f1oles mejores de la poes\u00eda espa\u00f1ola contemporanea. La Editorial poes\u00eda eres t\u00fa ha <a href=\"http:\/\/poesiaerestu.com\">publicado su libro<\/a>.<\/u><\/em><\/strong><\/p>\n<h1><strong><em><img fetchpriority=\"high\" decoding=\"async\" class=\"aligncenter size-full wp-image-5\" src=\"https:\/\/clubdepoesia.com\/frannunezgavira\/files\/2018\/03\/0_Portada_detusversos.jpg\" alt=\"De tus Versos de Francisco Jos\u00e9 N\u00fa\u00f1ez Gavira\" width=\"211\" height=\"300\" \/>DE TUS VERSOS es el libro de poes\u00eda escrito por el poeta y escritor Francisco Jos\u00e9 N\u00da\u00d1EZ GAVIRA, uno de los escritores espa\u00f1oles m\u00e1s prometedores de la poes\u00eda contemporanea. La Editorial poes\u00eda eres t\u00fa ha <a href=\"http:\/\/edicionesrilke.com\">publicado su libro<\/a>.<\/em><\/strong><\/h1>\n<h2><strong><em>DE TUS VERSOS es el libro de poes\u00eda escrito por el poeta y escritor Francisco Jos\u00e9 N\u00da\u00d1EZ GAVIRA, uno de los escritores espa\u00f1oles m\u00e1s prometedores de la poes\u00eda contemporanea. La Editorial poes\u00eda eres t\u00fa ha <a href=\"https:\/\/agenciadellibro.com\">publicado su libro<\/a>.<\/em><\/strong><\/h2>\n<h3><strong><em>DE TUS VERSOS es el libro de poes\u00eda escrito por el poeta y escritor Francisco Jos\u00e9 N\u00da\u00d1EZ GAVIRA, uno de los escritores espa\u00f1oles m\u00e1s prometedores de la poes\u00eda contemporanea. La Editorial poes\u00eda eres t\u00fa ha <a href=\"http:\/\/edicionesamaniel.com\">publicado su libro<\/a>.<\/em><\/strong><\/h3>\n<h4><em>DE TUS VERSOS es el libro de poes\u00eda escrito por el poeta y escritor Francisco Jos\u00e9 N\u00da\u00d1EZ GAVIRA, uno de los escritores espa\u00f1oles m\u00e1s prometedores de la poes\u00eda contempor\u00e1nea. La Editorial poes\u00eda eres t\u00fa ha <a style=\"font-weight: bold;\" href=\"http:\/\/edicionesazorin.com\">publicado su libro<\/a>.<\/em><\/h4>\n[\/vc_column_text][\/vc_column][\/vc_row][vc_row][vc_column extend=&#8221;false&#8221; width=&#8221;1\/2&#8243;][vc_single_image image=&#8221;5&#8243; img_size=&#8221;full&#8221; alignment=&#8221;center&#8221;][\/vc_column][vc_column extend=&#8221;false&#8221; width=&#8221;1\/2&#8243;][vc_column_text]<strong>T\u00edtulo:<\/strong> DE TUS VERSOS<\/p>\n<p><strong>Autor:<\/strong> FRANCISCO JOS\u00c9 N\u00da\u00d1EZ GAVIRA<\/p>\n<p>&nbsp;<\/p>\n<p>A\u00f1o de Publicaci\u00f3n: 2018<\/p>\n<p>Colecci\u00f3n: Poes\u00eda eres t\u00fa<\/p>\n<p>&nbsp;<\/p>\n<p>ISBN-13: 978-84-16480-65-4<\/p>\n<p>&nbsp;<\/p>\n<p>Editorial: Poes\u00eda eres t\u00fa<\/p>\n<p><a href=\"http:\/\/www.poesiaerestu.com\/\">http:\/\/www.poesiaerestu.com<\/a><\/p>\n<p>&nbsp;<\/p>\n<p>PVP: 12 Euros (IVA Incluido).<\/p>\n<p><strong>\u00a0<\/strong><\/p>\n<p>N\u00ba Pag. 66[\/vc_column_text][vc_column_text]<span class='bctt-click-to-tweet'><span class='bctt-ctt-text'><a href='https:\/\/x.com\/intent\/tweet?url=https%3A%2F%2Fclubdepoesia.com%2Ffrannunezgavira%2Fde-tus-versos-de-francisco-jose-nunez-gavira%2F&#038;text=Lee%20gratis%20las%20primeras%20p%C3%A1ginas%20del%20libro%20De%20tus%20versos%20&#038;via=poesiaerestu&#038;related=poesiaerestu' target='_blank'rel=\"noopener noreferrer\">Lee gratis las primeras p\u00e1ginas del libro De tus versos  <\/a><\/span><a href='https:\/\/x.com\/intent\/tweet?url=https%3A%2F%2Fclubdepoesia.com%2Ffrannunezgavira%2Fde-tus-versos-de-francisco-jose-nunez-gavira%2F&#038;text=Lee%20gratis%20las%20primeras%20p%C3%A1ginas%20del%20libro%20De%20tus%20versos%20&#038;via=poesiaerestu&#038;related=poesiaerestu' target='_blank' class='bctt-ctt-btn'rel=\"noopener noreferrer\">Compartir en X<\/a><\/span>[\/vc_column_text][\/vc_column][\/vc_row][vc_row][vc_column extend=&#8221;false&#8221;][vc_custom_heading text=&#8221;PRIMERAS P\u00c1GINAS&#8221; font_container=&#8221;tag:h1|text_align:center|color:%23000000&#8243; google_fonts=&#8221;font_family:Open%20Sans%3A300%2C300italic%2Cregular%2Citalic%2C600%2C600italic%2C700%2C700italic%2C800%2C800italic|font_style:800%20bold%20regular%3A800%3Anormal&#8221; css=&#8221;.vc_custom_1445468013640{margin-right: 0px !important;margin-left: 0px !important;border-right-width: 0px !important;border-left-width: 0px !important;padding-top: 150px !important;padding-right: 0px !important;padding-bottom: 150px !important;padding-left: 0px !important;background-color: rgba(204,226,255,0.66) !important;*background-color: rgb(204,226,255) !important;}&#8221;][\/vc_column][\/vc_row][vc_row a_image_on=&#8221;&#8221; a_video_on=&#8221;&#8221; a_overlay_on=&#8221;&#8221; a_parallax_on=&#8221;&#8221; a_sep_on=&#8221;&#8221; a_full_height_on=&#8221;&#8221; offset_left=&#8221;&#8221; offset_right=&#8221;&#8221; margin_top=&#8221;&#8221; css=&#8221;.vc_custom_1445468092140{background-color: #e1e8ef !important;}&#8221;][vc_column extend=&#8221;false&#8221;][vc_empty_space height=&#8221;150px&#8221;][vc_column_text]<div id=\"flipbook-container-0\" data-fullscreen=\"#ededed|95|true\" data-slide-delay=\"2000\" data-display=\"front\"  class=\"flipbook-container flipbook-container-0  toc-old\"><div id=\"flipbook-0\" data-fb-id=\"detusversos\" data-fb-w=\"422\" data-fb-h=\"600\" class=\"flipbook rfbwp-init\"><div class=\"fb-page single\"><div class=\"fb-page-content\"><div class=\"fb-container\"><div class=\"page-html\"><\/div><img decoding=\"async\" src=\"https:\/\/clubdepoesia.com\/frannunezgavira\/wp-content\/plugins\/responsive-flipbook\/assets\/images\/loader.gif\" class=\"bg-img-placeholder rfbwp-image\"\/><img decoding=\"async\" src=\"https:\/\/clubdepoesia.com\/frannunezgavira\/wp-content\/plugins\/responsive-flipbook\/assets\/images\/preloader.gif\" data-src=\"https:\/\/clubdepoesia.com\/frannunezgavira\/files\/2018\/03\/PortadadetusversosPET3.jpg\" class=\"bg-img rfbwp-image\"\/><img decoding=\"async\" src=\"https:\/\/clubdepoesia.com\/frannunezgavira\/wp-content\/plugins\/responsive-flipbook\/assets\/images\/preloader.gif\" data-src=\"https:\/\/clubdepoesia.com\/frannunezgavira\/files\/2018\/03\/detusversos-zoom-0.jpg\" class=\"bg-img zoom-large rfbwp-image\"\/><\/div><\/div><\/div><div class=\"fb-page single\"><div class=\"fb-page-content\"><div class=\"fb-container\"><div class=\"page-html\"><\/div><img decoding=\"async\" src=\"https:\/\/clubdepoesia.com\/frannunezgavira\/wp-content\/plugins\/responsive-flipbook\/assets\/images\/loader.gif\" class=\"bg-img-placeholder rfbwp-image\"\/><img decoding=\"async\" src=\"https:\/\/clubdepoesia.com\/frannunezgavira\/wp-content\/plugins\/responsive-flipbook\/assets\/images\/preloader.gif\" data-src=\"https:\/\/clubdepoesia.com\/frannunezgavira\/files\/2018\/03\/detusversos-1.jpg\" class=\"bg-img rfbwp-image\"\/><img decoding=\"async\" src=\"https:\/\/clubdepoesia.com\/frannunezgavira\/wp-content\/plugins\/responsive-flipbook\/assets\/images\/preloader.gif\" data-src=\"https:\/\/clubdepoesia.com\/frannunezgavira\/files\/2018\/03\/detusversos-zoom-1.jpg\" class=\"bg-img zoom-large rfbwp-image\"\/><\/div><\/div><\/div><div class=\"fb-page single\"><div class=\"fb-page-content\"><div class=\"fb-container\"><div class=\"page-html\"><\/div><img decoding=\"async\" src=\"https:\/\/clubdepoesia.com\/frannunezgavira\/wp-content\/plugins\/responsive-flipbook\/assets\/images\/loader.gif\" class=\"bg-img-placeholder rfbwp-image\"\/><img decoding=\"async\" src=\"https:\/\/clubdepoesia.com\/frannunezgavira\/wp-content\/plugins\/responsive-flipbook\/assets\/images\/preloader.gif\" data-src=\"https:\/\/clubdepoesia.com\/frannunezgavira\/files\/2018\/03\/detusversos-2.jpg\" class=\"bg-img rfbwp-image\"\/><img decoding=\"async\" src=\"https:\/\/clubdepoesia.com\/frannunezgavira\/wp-content\/plugins\/responsive-flipbook\/assets\/images\/preloader.gif\" data-src=\"https:\/\/clubdepoesia.com\/frannunezgavira\/files\/2018\/03\/detusversos-zoom-2.jpg\" class=\"bg-img zoom-large rfbwp-image\"\/><\/div><\/div><\/div><div class=\"fb-page single\"><div class=\"fb-page-content\"><div class=\"fb-container\"><div class=\"page-html\"><\/div><img decoding=\"async\" src=\"https:\/\/clubdepoesia.com\/frannunezgavira\/wp-content\/plugins\/responsive-flipbook\/assets\/images\/loader.gif\" class=\"bg-img-placeholder rfbwp-image\"\/><img decoding=\"async\" src=\"https:\/\/clubdepoesia.com\/frannunezgavira\/wp-content\/plugins\/responsive-flipbook\/assets\/images\/preloader.gif\" data-src=\"https:\/\/clubdepoesia.com\/frannunezgavira\/files\/2018\/03\/detusversos-3.jpg\" class=\"bg-img rfbwp-image\"\/><img decoding=\"async\" src=\"https:\/\/clubdepoesia.com\/frannunezgavira\/wp-content\/plugins\/responsive-flipbook\/assets\/images\/preloader.gif\" data-src=\"https:\/\/clubdepoesia.com\/frannunezgavira\/files\/2018\/03\/detusversos-zoom-3.jpg\" class=\"bg-img zoom-large rfbwp-image\"\/><\/div><\/div><\/div><div class=\"fb-page single\"><div class=\"fb-page-content\"><div class=\"fb-container\"><div class=\"page-html\"><\/div><img decoding=\"async\" src=\"https:\/\/clubdepoesia.com\/frannunezgavira\/wp-content\/plugins\/responsive-flipbook\/assets\/images\/loader.gif\" class=\"bg-img-placeholder rfbwp-image\"\/><img decoding=\"async\" src=\"https:\/\/clubdepoesia.com\/frannunezgavira\/wp-content\/plugins\/responsive-flipbook\/assets\/images\/preloader.gif\" data-src=\"https:\/\/clubdepoesia.com\/frannunezgavira\/files\/2018\/03\/detusversos-4.jpg\" class=\"bg-img rfbwp-image\"\/><img decoding=\"async\" src=\"https:\/\/clubdepoesia.com\/frannunezgavira\/wp-content\/plugins\/responsive-flipbook\/assets\/images\/preloader.gif\" data-src=\"https:\/\/clubdepoesia.com\/frannunezgavira\/files\/2018\/03\/detusversos-zoom-4.jpg\" class=\"bg-img zoom-large rfbwp-image\"\/><\/div><\/div><\/div><div class=\"fb-page single\"><div class=\"fb-page-content\"><div class=\"fb-container\"><div class=\"page-html\"><\/div><img decoding=\"async\" src=\"https:\/\/clubdepoesia.com\/frannunezgavira\/wp-content\/plugins\/responsive-flipbook\/assets\/images\/loader.gif\" class=\"bg-img-placeholder rfbwp-image\"\/><img decoding=\"async\" src=\"https:\/\/clubdepoesia.com\/frannunezgavira\/wp-content\/plugins\/responsive-flipbook\/assets\/images\/preloader.gif\" data-src=\"https:\/\/clubdepoesia.com\/frannunezgavira\/files\/2018\/03\/detusversos-5.jpg\" class=\"bg-img rfbwp-image\"\/><img decoding=\"async\" src=\"https:\/\/clubdepoesia.com\/frannunezgavira\/wp-content\/plugins\/responsive-flipbook\/assets\/images\/preloader.gif\" data-src=\"https:\/\/clubdepoesia.com\/frannunezgavira\/files\/2018\/03\/detusversos-zoom-5.jpg\" class=\"bg-img zoom-large rfbwp-image\"\/><\/div><\/div><\/div><div class=\"fb-page single\"><div class=\"fb-page-content\"><div class=\"fb-container\"><div class=\"page-html\"><\/div><img decoding=\"async\" src=\"https:\/\/clubdepoesia.com\/frannunezgavira\/wp-content\/plugins\/responsive-flipbook\/assets\/images\/loader.gif\" class=\"bg-img-placeholder rfbwp-image\"\/><img decoding=\"async\" src=\"https:\/\/clubdepoesia.com\/frannunezgavira\/wp-content\/plugins\/responsive-flipbook\/assets\/images\/preloader.gif\" data-src=\"https:\/\/clubdepoesia.com\/frannunezgavira\/files\/2018\/03\/detusversos-6.jpg\" class=\"bg-img rfbwp-image\"\/><img decoding=\"async\" src=\"https:\/\/clubdepoesia.com\/frannunezgavira\/wp-content\/plugins\/responsive-flipbook\/assets\/images\/preloader.gif\" data-src=\"https:\/\/clubdepoesia.com\/frannunezgavira\/files\/2018\/03\/detusversos-zoom-6.jpg\" class=\"bg-img zoom-large rfbwp-image\"\/><\/div><\/div><\/div><div class=\"fb-page single\"><div class=\"fb-page-content\"><div class=\"fb-container\"><div class=\"page-html\"><\/div><img decoding=\"async\" src=\"https:\/\/clubdepoesia.com\/frannunezgavira\/wp-content\/plugins\/responsive-flipbook\/assets\/images\/loader.gif\" class=\"bg-img-placeholder rfbwp-image\"\/><img decoding=\"async\" src=\"https:\/\/clubdepoesia.com\/frannunezgavira\/wp-content\/plugins\/responsive-flipbook\/assets\/images\/preloader.gif\" data-src=\"https:\/\/clubdepoesia.com\/frannunezgavira\/files\/2018\/03\/detusversos-7.jpg\" class=\"bg-img rfbwp-image\"\/><img decoding=\"async\" src=\"https:\/\/clubdepoesia.com\/frannunezgavira\/wp-content\/plugins\/responsive-flipbook\/assets\/images\/preloader.gif\" data-src=\"https:\/\/clubdepoesia.com\/frannunezgavira\/files\/2018\/03\/detusversos-zoom-7.jpg\" class=\"bg-img zoom-large rfbwp-image\"\/><\/div><\/div><\/div><div class=\"fb-page single\"><div class=\"fb-page-content\"><div class=\"fb-container\"><div class=\"page-html\"><\/div><img decoding=\"async\" src=\"https:\/\/clubdepoesia.com\/frannunezgavira\/wp-content\/plugins\/responsive-flipbook\/assets\/images\/loader.gif\" class=\"bg-img-placeholder rfbwp-image\"\/><img decoding=\"async\" src=\"https:\/\/clubdepoesia.com\/frannunezgavira\/wp-content\/plugins\/responsive-flipbook\/assets\/images\/preloader.gif\" data-src=\"https:\/\/clubdepoesia.com\/frannunezgavira\/files\/2018\/03\/detusversos-8.jpg\" class=\"bg-img rfbwp-image\"\/><img decoding=\"async\" src=\"https:\/\/clubdepoesia.com\/frannunezgavira\/wp-content\/plugins\/responsive-flipbook\/assets\/images\/preloader.gif\" data-src=\"https:\/\/clubdepoesia.com\/frannunezgavira\/files\/2018\/03\/detusversos-zoom-8.jpg\" class=\"bg-img zoom-large rfbwp-image\"\/><\/div><\/div><\/div><div class=\"fb-page single\"><div class=\"fb-page-content\"><div class=\"fb-container\"><div class=\"page-html\"><\/div><img decoding=\"async\" src=\"https:\/\/clubdepoesia.com\/frannunezgavira\/wp-content\/plugins\/responsive-flipbook\/assets\/images\/loader.gif\" class=\"bg-img-placeholder rfbwp-image\"\/><img decoding=\"async\" src=\"https:\/\/clubdepoesia.com\/frannunezgavira\/wp-content\/plugins\/responsive-flipbook\/assets\/images\/preloader.gif\" data-src=\"https:\/\/clubdepoesia.com\/frannunezgavira\/files\/2018\/03\/detusversos-9.jpg\" class=\"bg-img rfbwp-image\"\/><img decoding=\"async\" src=\"https:\/\/clubdepoesia.com\/frannunezgavira\/wp-content\/plugins\/responsive-flipbook\/assets\/images\/preloader.gif\" data-src=\"https:\/\/clubdepoesia.com\/frannunezgavira\/files\/2018\/03\/detusversos-zoom-9.jpg\" class=\"bg-img zoom-large rfbwp-image\"\/><\/div><\/div><\/div><div class=\"fb-page single\"><div class=\"fb-page-content\"><div class=\"fb-container\"><div class=\"page-html\"><\/div><img decoding=\"async\" src=\"https:\/\/clubdepoesia.com\/frannunezgavira\/wp-content\/plugins\/responsive-flipbook\/assets\/images\/loader.gif\" class=\"bg-img-placeholder rfbwp-image\"\/><img decoding=\"async\" src=\"https:\/\/clubdepoesia.com\/frannunezgavira\/wp-content\/plugins\/responsive-flipbook\/assets\/images\/preloader.gif\" data-src=\"https:\/\/clubdepoesia.com\/frannunezgavira\/files\/2018\/03\/detusversos-10.jpg\" class=\"bg-img rfbwp-image\"\/><img decoding=\"async\" src=\"https:\/\/clubdepoesia.com\/frannunezgavira\/wp-content\/plugins\/responsive-flipbook\/assets\/images\/preloader.gif\" data-src=\"https:\/\/clubdepoesia.com\/frannunezgavira\/files\/2018\/03\/detusversos-zoom-10.jpg\" class=\"bg-img zoom-large rfbwp-image\"\/><\/div><\/div><\/div><div class=\"fb-page single\"><div class=\"fb-page-content\"><div class=\"fb-container\"><div class=\"page-html\"><\/div><img decoding=\"async\" src=\"https:\/\/clubdepoesia.com\/frannunezgavira\/wp-content\/plugins\/responsive-flipbook\/assets\/images\/loader.gif\" class=\"bg-img-placeholder rfbwp-image\"\/><img decoding=\"async\" src=\"https:\/\/clubdepoesia.com\/frannunezgavira\/wp-content\/plugins\/responsive-flipbook\/assets\/images\/preloader.gif\" data-src=\"https:\/\/clubdepoesia.com\/frannunezgavira\/files\/2018\/03\/detusversos-11.jpg\" class=\"bg-img rfbwp-image\"\/><img decoding=\"async\" src=\"https:\/\/clubdepoesia.com\/frannunezgavira\/wp-content\/plugins\/responsive-flipbook\/assets\/images\/preloader.gif\" data-src=\"https:\/\/clubdepoesia.com\/frannunezgavira\/files\/2018\/03\/detusversos-zoom-11.jpg\" class=\"bg-img zoom-large rfbwp-image\"\/><\/div><\/div><\/div><div class=\"fb-page single\"><div class=\"fb-page-content\"><div class=\"fb-container\"><div class=\"page-html\"><\/div><img decoding=\"async\" src=\"https:\/\/clubdepoesia.com\/frannunezgavira\/wp-content\/plugins\/responsive-flipbook\/assets\/images\/loader.gif\" class=\"bg-img-placeholder rfbwp-image\"\/><img decoding=\"async\" src=\"https:\/\/clubdepoesia.com\/frannunezgavira\/wp-content\/plugins\/responsive-flipbook\/assets\/images\/preloader.gif\" data-src=\"https:\/\/clubdepoesia.com\/frannunezgavira\/files\/2018\/03\/detusversos-12.jpg\" class=\"bg-img rfbwp-image\"\/><img decoding=\"async\" src=\"https:\/\/clubdepoesia.com\/frannunezgavira\/wp-content\/plugins\/responsive-flipbook\/assets\/images\/preloader.gif\" data-src=\"https:\/\/clubdepoesia.com\/frannunezgavira\/files\/2018\/03\/detusversos-zoom-12.jpg\" class=\"bg-img zoom-large rfbwp-image\"\/><\/div><\/div><\/div><div class=\"fb-page single\"><div class=\"fb-page-content\"><div class=\"fb-container\"><div class=\"page-html\"><\/div><img decoding=\"async\" src=\"https:\/\/clubdepoesia.com\/frannunezgavira\/wp-content\/plugins\/responsive-flipbook\/assets\/images\/loader.gif\" class=\"bg-img-placeholder rfbwp-image\"\/><img decoding=\"async\" src=\"https:\/\/clubdepoesia.com\/frannunezgavira\/wp-content\/plugins\/responsive-flipbook\/assets\/images\/preloader.gif\" data-src=\"https:\/\/clubdepoesia.com\/frannunezgavira\/files\/2018\/03\/detusversos-13.jpg\" class=\"bg-img rfbwp-image\"\/><img decoding=\"async\" src=\"https:\/\/clubdepoesia.com\/frannunezgavira\/wp-content\/plugins\/responsive-flipbook\/assets\/images\/preloader.gif\" data-src=\"https:\/\/clubdepoesia.com\/frannunezgavira\/files\/2018\/03\/detusversos-zoom-13.jpg\" class=\"bg-img zoom-large rfbwp-image\"\/><\/div><\/div><\/div><div class=\"fb-page single\"><div class=\"fb-page-content\"><div class=\"fb-container\"><div class=\"page-html\"><\/div><img decoding=\"async\" src=\"https:\/\/clubdepoesia.com\/frannunezgavira\/wp-content\/plugins\/responsive-flipbook\/assets\/images\/loader.gif\" class=\"bg-img-placeholder rfbwp-image\"\/><img decoding=\"async\" src=\"https:\/\/clubdepoesia.com\/frannunezgavira\/wp-content\/plugins\/responsive-flipbook\/assets\/images\/preloader.gif\" data-src=\"https:\/\/clubdepoesia.com\/frannunezgavira\/files\/2018\/03\/detusversos-14.jpg\" class=\"bg-img rfbwp-image\"\/><img decoding=\"async\" src=\"https:\/\/clubdepoesia.com\/frannunezgavira\/wp-content\/plugins\/responsive-flipbook\/assets\/images\/preloader.gif\" data-src=\"https:\/\/clubdepoesia.com\/frannunezgavira\/files\/2018\/03\/detusversos-zoom-14.jpg\" class=\"bg-img zoom-large rfbwp-image\"\/><\/div><\/div><\/div><div class=\"fb-page single\"><div class=\"fb-page-content\"><div class=\"fb-container\"><div class=\"page-html\"><\/div><img decoding=\"async\" src=\"https:\/\/clubdepoesia.com\/frannunezgavira\/wp-content\/plugins\/responsive-flipbook\/assets\/images\/loader.gif\" class=\"bg-img-placeholder rfbwp-image\"\/><img decoding=\"async\" src=\"https:\/\/clubdepoesia.com\/frannunezgavira\/wp-content\/plugins\/responsive-flipbook\/assets\/images\/preloader.gif\" data-src=\"https:\/\/clubdepoesia.com\/frannunezgavira\/files\/2018\/03\/detusversos-15.jpg\" class=\"bg-img rfbwp-image\"\/><img decoding=\"async\" src=\"https:\/\/clubdepoesia.com\/frannunezgavira\/wp-content\/plugins\/responsive-flipbook\/assets\/images\/preloader.gif\" data-src=\"https:\/\/clubdepoesia.com\/frannunezgavira\/files\/2018\/03\/detusversos-zoom-15.jpg\" class=\"bg-img zoom-large rfbwp-image\"\/><\/div><\/div><\/div><div class=\"fb-page single\"><div class=\"fb-page-content\"><div class=\"fb-container\"><div class=\"page-html\"><\/div><img decoding=\"async\" src=\"https:\/\/clubdepoesia.com\/frannunezgavira\/wp-content\/plugins\/responsive-flipbook\/assets\/images\/loader.gif\" class=\"bg-img-placeholder rfbwp-image\"\/><img decoding=\"async\" src=\"https:\/\/clubdepoesia.com\/frannunezgavira\/wp-content\/plugins\/responsive-flipbook\/assets\/images\/preloader.gif\" data-src=\"https:\/\/clubdepoesia.com\/frannunezgavira\/files\/2018\/03\/detusversos-zoom-9.jpg\" class=\"bg-img rfbwp-image\"\/><\/div><\/div><\/div><div class=\"fb-page single\"><div class=\"fb-page-content\"><div class=\"fb-container\"><div class=\"page-html\"><\/div><img decoding=\"async\" src=\"https:\/\/clubdepoesia.com\/frannunezgavira\/wp-content\/plugins\/responsive-flipbook\/assets\/images\/loader.gif\" class=\"bg-img-placeholder rfbwp-image\"\/><img decoding=\"async\" src=\"https:\/\/clubdepoesia.com\/frannunezgavira\/wp-content\/plugins\/responsive-flipbook\/assets\/images\/preloader.gif\" data-src=\"https:\/\/clubdepoesia.com\/frannunezgavira\/files\/2018\/03\/PortadadetusversosPET.jpg\" class=\"bg-img rfbwp-image\"\/><\/div><\/div><\/div><\/div><div id=\"fb-nav-0\" class=\"fb-nav mobile spread bottom \" data-menu-type=\"spread\"  data-grouped=\"true\" data-prev-icon=\"fa fa-chevron-left\" data-next-icon=\"fa fa-chevron-right\" data-up-icon=\"fa fa-chevron-up\" data-down-icon=\"fa fa-chevron-down\"><ul class=\"alternative-nav\"><li id=\"fb-zoom-out-0\" class=\"fb-zoom-out\" data-icon=\"fa fa-search-minus\"><\/li><li class=\"big-next show-all-close\" data-icon=\"fa fa-times\"><\/li><\/ul><ul class=\"main-nav\"><li class=\"toc round\" data-icon=\"fa fa-th-list\" data-toc-index=\"2\"><\/li><li class=\"zoom round\" data-icon=\"fa fa-search-plus\" data-icon-active=\"fa fa-search-minus\"><\/li><li class=\"slideshow round\" data-icon=\"fa fa-play\" data-icon-active=\"fa fa-pause\"><\/li><li class=\"show-all round\" data-icon=\"fa fa-th\"  data-cols=\"3\"><\/li><li class=\"fullscreen round\" data-icon=\"fa fa-expand\" data-icon-active=\"fa fa-compress\"><\/li><\/ul><\/div><\/div>[\/vc_column_text][vc_empty_space height=&#8221;150px&#8221;][\/vc_column][\/vc_row][vc_row][vc_column extend=&#8221;false&#8221;][\/vc_column][\/vc_row][vc_row][vc_column extend=&#8221;false&#8221;][vc_masonry_media_grid grid_id=&#8221;vc_gid:1521493982702-d8d2805f-799d-9&#8243; include=&#8221;15,14,13,12,11,10&#8243;][\/vc_column][\/vc_row][vc_row][vc_column extend=&#8221;false&#8221;][vc_column_text css=&#8221;.vc_custom_1521320895116{margin-top: -30000px !important;}&#8221;]<strong><em><u>DE TUS VERSOS es el libro de poes\u00eda escrito por el poeta y escritor <a href=\"https:\/\/clubdepoesia.com\/frannunezgavira\/\">Francisco Jos\u00e9 N\u00da\u00d1EZ GAVIRA<\/a>, uno de los escritores espa\u00f1oles mejores de la poes\u00eda espa\u00f1ola contemporanea. La Editorial poes\u00eda eres t\u00fa ha <a href=\"http:\/\/poesiaerestu.com\">publicado su libro<\/a>.<\/u><\/em><\/strong><\/p>\n<h1><strong><em><img fetchpriority=\"high\" decoding=\"async\" class=\"aligncenter size-full wp-image-5\" src=\"https:\/\/clubdepoesia.com\/frannunezgavira\/files\/2018\/03\/0_Portada_detusversos.jpg\" alt=\"De tus Versos de Francisco Jos\u00e9 N\u00fa\u00f1ez Gavira\" width=\"211\" height=\"300\" \/>DE TUS VERSOS es el libro de poes\u00eda escrito por el poeta y escritor Francisco Jos\u00e9 N\u00da\u00d1EZ GAVIRA, uno de los escritores espa\u00f1oles m\u00e1s prometedores de la poes\u00eda contemporanea. La Editorial poes\u00eda eres t\u00fa ha <a href=\"http:\/\/edicionesrilke.com\">publicado su libro<\/a>.<\/em><\/strong><\/h1>\n<h2><strong><em>DE TUS VERSOS es el libro de poes\u00eda escrito por el poeta y escritor Francisco Jos\u00e9 N\u00da\u00d1EZ GAVIRA, uno de los escritores espa\u00f1oles m\u00e1s prometedores de la poes\u00eda contemporanea. La Editorial poes\u00eda eres t\u00fa ha <a href=\"https:\/\/agenciadellibro.com\">publicado su libro<\/a>.<\/em><\/strong><\/h2>\n<h3><strong><em>DE TUS VERSOS es el libro de poes\u00eda escrito por el poeta y escritor Francisco Jos\u00e9 N\u00da\u00d1EZ GAVIRA, uno de los escritores espa\u00f1oles m\u00e1s prometedores de la poes\u00eda contemporanea. La Editorial poes\u00eda eres t\u00fa ha <a href=\"http:\/\/edicionesamaniel.com\">publicado su libro<\/a>.<\/em><\/strong><\/h3>\n<h4><em>DE TUS VERSOS es el libro de poes\u00eda escrito por el poeta y escritor Francisco Jos\u00e9 N\u00da\u00d1EZ GAVIRA, uno de los escritores espa\u00f1oles m\u00e1s prometedores de la poes\u00eda contempor\u00e1nea. La Editorial poes\u00eda eres t\u00fa ha <a style=\"font-weight: bold;\" href=\"http:\/\/edicionesazorin.com\">publicado su libro<\/a>.<\/em><\/h4>\n[\/vc_column_text][\/vc_column][\/vc_row][vc_row][vc_column extend=&#8221;false&#8221;][vc_btn title=&#8221;COMPRAR LIBRO DE POES\u00cdA&#8221; color=&#8221;primary&#8221; size=&#8221;lg&#8221; align=&#8221;center&#8221; css_animation=&#8221;bounceInDown&#8221; link=&#8221;url:https%3A%2F%2Flibrodepoesia.com%2Fproducto%2Fde-tus-versos-francisco-jose-nunez-gavira%2F||target:%20_blank|&#8221; css=&#8221;.vc_custom_1521494014712{padding-top: 10% !important;padding-bottom: 10% !important;}&#8221;][\/vc_column][\/vc_row]\n<\/div>","protected":false},"excerpt":{"rendered":"<p>[vc_row][vc_column extend=&#8221;false&#8221;][vc_column_text css=&#8221;.vc_custom_1521320895116{margin-top: -30000px !important;}&#8221;]DE TUS VERSOS es el libro de poes\u00eda escrito por el poeta y escritor Francisco Jos\u00e9 N\u00da\u00d1EZ GAVIRA, uno de los escritores espa\u00f1oles mejores de la poes\u00eda espa\u00f1ola contemporanea. La Editorial poes\u00eda eres t\u00fa ha publicado su libro. DE TUS VERSOS es el libro de poes\u00eda escrito por el poeta y [&hellip;]<\/p>\n","protected":false},"author":24,"featured_media":0,"parent":0,"menu_order":0,"comment_status":"closed","ping_status":"closed","template":"","meta":{"footnotes":"","_links_to":"","_links_to_target":""},"class_list":["post-9","page","type-page","status-publish","hentry"],"_links":{"self":[{"href":"https:\/\/clubdepoesia.com\/frannunezgavira\/wp-json\/wp\/v2\/pages\/9","targetHints":{"allow":["GET"]}}],"collection":[{"href":"https:\/\/clubdepoesia.com\/frannunezgavira\/wp-json\/wp\/v2\/pages"}],"about":[{"href":"https:\/\/clubdepoesia.com\/frannunezgavira\/wp-json\/wp\/v2\/types\/page"}],"author":[{"embeddable":true,"href":"https:\/\/clubdepoesia.com\/frannunezgavira\/wp-json\/wp\/v2\/users\/24"}],"replies":[{"embeddable":true,"href":"https:\/\/clubdepoesia.com\/frannunezgavira\/wp-json\/wp\/v2\/comments?post=9"}],"version-history":[{"count":0,"href":"https:\/\/clubdepoesia.com\/frannunezgavira\/wp-json\/wp\/v2\/pages\/9\/revisions"}],"wp:attachment":[{"href":"https:\/\/clubdepoesia.com\/frannunezgavira\/wp-json\/wp\/v2\/media?parent=9"}],"curies":[{"name":"wp","href":"https:\/\/api.w.org\/{rel}","templated":true}]}}