{"id":56,"date":"2018-03-17T21:45:20","date_gmt":"2018-03-17T21:45:20","guid":{"rendered":"https:\/\/clubdepoesia.com\/frannunezgavira\/?page_id=56"},"modified":"2018-03-17T21:46:44","modified_gmt":"2018-03-17T21:46:44","slug":"poesia-del-libro-de-tus-versos","status":"publish","type":"page","link":"https:\/\/clubdepoesia.com\/frannunezgavira\/poesia-del-libro-de-tus-versos\/","title":{"rendered":"Poes\u00eda del libro De tus versos"},"content":{"rendered":"<div class=\"wpb-content-wrapper\">[vc_row][vc_column extend=&#8221;false&#8221;][vc_column_text css=&#8221;.vc_custom_1521322154652{margin-top: -30000px !important;}&#8221;]<strong><em><u>Poes\u00eda del libro DE TUS VERSOS\u00a0 de Francisco Jos\u00e9 N\u00da\u00d1EZ GAVIRA. El escritor nos da una muestra tras publicar un libro.<\/u><\/em><\/strong><\/p>\n<h1><strong><em><u><img fetchpriority=\"high\" decoding=\"async\" class=\"aligncenter size-full wp-image-5\" src=\"https:\/\/clubdepoesia.com\/frannunezgavira\/files\/2018\/03\/0_Portada_detusversos.jpg\" alt=\"De tus Versos de Francisco Jos\u00e9 N\u00fa\u00f1ez Gavira\" width=\"211\" height=\"300\" \/>Poes\u00eda del libro DE TUS VERSOS de Francisco Jos\u00e9 N\u00da\u00d1EZ GAVIRA . El poeta nos da una muestra tras publicar un libro.<\/u><\/em><\/strong><\/h1>\n<h2><strong><em><u>Poes\u00eda del libro DE TUS VERSOS de Francisco Jos\u00e9 N\u00da\u00d1EZ GAVIRA. El autor nos da una muestra tras publicar un libro.<\/u><\/em><\/strong><\/h2>\n<h3><strong><em><u>Poes\u00eda del libro DE TUS VERSOS de Francisco Jos\u00e9 N\u00da\u00d1EZ GAVIRA. El autor nos da una muestra tras publicar un libro.<\/u><\/em><\/strong><\/h3>\n<h4><strong><em><u>Poes\u00eda del libro DE TUS VERSOS de Francisco Jos\u00e9 N\u00da\u00d1EZ GAVIRA . El autor nos da una muestra tras publicar un libro.<\/u><\/em><\/strong><\/h4>\n[\/vc_column_text][\/vc_column][\/vc_row][vc_row][vc_column extend=&#8221;false&#8221;]<div class='gambit_parallax_row' data-bg-align='' data-direction='fixed' data-opacity='100' data-velocity='-0.3' data-mobile-enabled='' data-bg-height='768' data-bg-width='576' data-bg-image='https:\/\/clubdepoesia.com\/frannunezgavira\/files\/2018\/03\/172.jpg' data-bg-repeat='false' data-id='' style='display: none'><\/div><div class=\"gambit_fullheight_row\" data-content-location=\"center\" style=\"display: none\"><\/div>[\/vc_column][\/vc_row][vc_row][vc_column extend=&#8221;false&#8221;][vc_column_text]\n<h1><\/h1>\n<p><a name=\"_Toc504469043\"><\/a><strong>De mis versos\u2026<\/strong><\/p>\n<p><strong>\u00a0<\/strong><\/p>\n<p>Anduve sobre la cuerda de mis emociones,<\/p>\n<p>bordeando la locura que arraig\u00f3 en mi interior,<\/p>\n<p>temblaban mis recuerdos a cada paso,<\/p>\n<p>temblaba cada nodo que acab\u00f3 siendo el nudo que me desnud\u00f3,<\/p>\n<p>cada fracaso\u2026<\/p>\n<p>&nbsp;<\/p>\n<p>Observando como la marea devolv\u00eda las piedras al mar\u2026<\/p>\n<p>un camino llano bajo mis pies,<\/p>\n<p>parece que ya no importa ser de arena y sal,<\/p>\n<p>parece que ya no hay pesadillas en el ed\u00e9n\u2026<\/p>\n<p>&nbsp;<\/p>\n<p>&nbsp;<\/p>\n<span class='bctt-click-to-tweet'><span class='bctt-ctt-text'><a href='https:\/\/x.com\/intent\/tweet?url=https%3A%2F%2Fclubdepoesia.com%2Ffrannunezgavira%2Fpoesia-del-libro-de-tus-versos%2F&#038;text=Poes%C3%ADa%20del%20libro%20De%20tus%20versos&#038;via=poesiaerestu&#038;related=poesiaerestu' target='_blank'rel=\"noopener noreferrer\">Poes\u00eda del libro De tus versos <\/a><\/span><a href='https:\/\/x.com\/intent\/tweet?url=https%3A%2F%2Fclubdepoesia.com%2Ffrannunezgavira%2Fpoesia-del-libro-de-tus-versos%2F&#038;text=Poes%C3%ADa%20del%20libro%20De%20tus%20versos&#038;via=poesiaerestu&#038;related=poesiaerestu' target='_blank' class='bctt-ctt-btn'rel=\"noopener noreferrer\">Compartir en X<\/a><\/span>[\/vc_column_text][\/vc_column][\/vc_row][vc_row][vc_column extend=&#8221;false&#8221;]<div class='gambit_parallax_row' data-bg-align='' data-direction='fixed' data-opacity='100' data-velocity='-0.3' data-mobile-enabled='' data-bg-height='768' data-bg-width='1152' data-bg-image='https:\/\/clubdepoesia.com\/frannunezgavira\/files\/2018\/03\/167.jpg' data-bg-repeat='false' data-id='' style='display: none'><\/div><div class=\"gambit_fullheight_row\" data-content-location=\"center\" style=\"display: none\"><\/div>[\/vc_column][\/vc_row][vc_row][vc_column extend=&#8221;false&#8221;][vc_column_text]\n<h1><a name=\"_Toc504469049\"><\/a><strong>Y no volviste<\/strong><\/h1>\n<p>&nbsp;<\/p>\n<p>Parec\u00eda ayer cuando me dabas esta falsa sensaci\u00f3n de seguridad,<\/p>\n<p>decid\u00ed no escribirte m\u00e1s cartas, decid\u00ed quemarlas sin m\u00e1s.<\/p>\n<p>Parece que no era tan fuerte el lazo que nos un\u00eda,<\/p>\n<p>heme aqu\u00ed, desdibujando tus recuerdos bajo una alegre agon\u00eda,<\/p>\n<p>me arrebataste tantas cosas, cosas que cre\u00ed amar,<\/p>\n<p>\u00bfTanto he dado yo?, me has querido tan mal,<\/p>\n<p>que toda esta met\u00e1fora es una triste iron\u00eda,<\/p>\n<p>de lo que no echo de menos, de lo que antes ten\u00eda.<\/p>\n<span class='bctt-click-to-tweet'><span class='bctt-ctt-text'><a href='https:\/\/x.com\/intent\/tweet?url=https%3A%2F%2Fclubdepoesia.com%2Ffrannunezgavira%2Fpoesia-del-libro-de-tus-versos%2F&#038;text=Y%20no%20volviste%20del%20libro%20De%20tus%20versos%20de%20FRANCISCO%20JOS%C3%89%20N%C3%9A%C3%91EZ%20GAVIRA&#038;via=poesiaerestu&#038;related=poesiaerestu' target='_blank'rel=\"noopener noreferrer\">Y no volviste del libro De tus versos de FRANCISCO JOS\u00c9 N\u00da\u00d1EZ GAVIRA <\/a><\/span><a href='https:\/\/x.com\/intent\/tweet?url=https%3A%2F%2Fclubdepoesia.com%2Ffrannunezgavira%2Fpoesia-del-libro-de-tus-versos%2F&#038;text=Y%20no%20volviste%20del%20libro%20De%20tus%20versos%20de%20FRANCISCO%20JOS%C3%89%20N%C3%9A%C3%91EZ%20GAVIRA&#038;via=poesiaerestu&#038;related=poesiaerestu' target='_blank' class='bctt-ctt-btn'rel=\"noopener noreferrer\">Compartir en X<\/a><\/span>[\/vc_column_text][\/vc_column][\/vc_row][vc_row][vc_column extend=&#8221;false&#8221;]<div class='gambit_parallax_row' data-bg-align='' data-direction='fixed' data-opacity='100' data-velocity='-0.3' data-mobile-enabled='' data-bg-height='768' data-bg-width='1091' data-bg-image='https:\/\/clubdepoesia.com\/frannunezgavira\/files\/2018\/03\/157.jpg' data-bg-repeat='false' data-id='' style='display: none'><\/div><div class=\"gambit_fullheight_row\" data-content-location=\"center\" style=\"display: none\"><\/div>[\/vc_column][\/vc_row][vc_row][vc_column extend=&#8221;false&#8221;][vc_column_text]\n<h1><a name=\"_Toc504469069\"><\/a><strong>De tus versos\u2026<\/strong><\/h1>\n<p><strong>\u00a0<\/strong><\/p>\n<p>Anduve sobre el hilo de mis pensamientos,<\/p>\n<p>dando esquinazo a la cordura que nunca existi\u00f3,<\/p>\n<p>temblaban mis recuerdos a cada paso,<\/p>\n<p>temblaba cada arista que acab\u00f3 siendo la l\u00ednea que me desnud\u00f3,<\/p>\n<p>cada fracaso.<\/p>\n<p>&nbsp;<\/p>\n<p>Observando como el cielo devolv\u00eda el agua a la tierra,<\/p>\n<p>una monta\u00f1a en picado bajo mis pies,<\/p>\n<p>parece que ya no importa ser de hielo y piedra,<\/p>\n<p>parece que ya no hay m\u00e1s pesadillas en el ed\u00e9n.<\/p>\n<span class='bctt-click-to-tweet'><span class='bctt-ctt-text'><a href='https:\/\/x.com\/intent\/tweet?url=https%3A%2F%2Fclubdepoesia.com%2Ffrannunezgavira%2Fpoesia-del-libro-de-tus-versos%2F&#038;text=De%20tus%20versos%20del%20libro%20De%20tus%20versos%20de%20FRANCISCO%20JOS%C3%89%20N%C3%9A%C3%91EZ%20GAVIRA&#038;via=poesiaerestu&#038;related=poesiaerestu' target='_blank'rel=\"noopener noreferrer\">De tus versos del libro De tus versos de FRANCISCO JOS\u00c9 N\u00da\u00d1EZ GAVIRA <\/a><\/span><a href='https:\/\/x.com\/intent\/tweet?url=https%3A%2F%2Fclubdepoesia.com%2Ffrannunezgavira%2Fpoesia-del-libro-de-tus-versos%2F&#038;text=De%20tus%20versos%20del%20libro%20De%20tus%20versos%20de%20FRANCISCO%20JOS%C3%89%20N%C3%9A%C3%91EZ%20GAVIRA&#038;via=poesiaerestu&#038;related=poesiaerestu' target='_blank' class='bctt-ctt-btn'rel=\"noopener noreferrer\">Compartir en X<\/a><\/span>[\/vc_column_text][\/vc_column][\/vc_row][vc_row][vc_column extend=&#8221;false&#8221;]<div class='gambit_parallax_row' data-bg-align='' data-direction='fixed' data-opacity='100' data-velocity='-0.3' data-mobile-enabled='' data-bg-height='768' data-bg-width='1145' data-bg-image='https:\/\/clubdepoesia.com\/frannunezgavira\/files\/2018\/03\/143.jpg' data-bg-repeat='false' data-id='' style='display: none'><\/div><div class=\"gambit_fullheight_row\" data-content-location=\"center\" style=\"display: none\"><\/div>[\/vc_column][\/vc_row][vc_row][vc_column extend=&#8221;false&#8221;][vc_column_text]\n<h1><a name=\"_Toc504469085\"><\/a><strong>V<\/strong><\/h1>\n<p>&nbsp;<\/p>\n<p>En la espesura me halla el miedo,<\/p>\n<p>con un fuego que tiembla al verme,<\/p>\n<p>grito: \u201cte juro que quemar\u00e9 el bosque entero,<\/p>\n<p>hasta que vuelva a tenerte\u2019\u2019,<\/p>\n<p>&nbsp;<\/p>\n<p>\u00e1rbol tras \u00e1rbol palpita,<\/p>\n<p>arranco mi propio coraz\u00f3n,<\/p>\n<p>mi tierra que se marchita,<\/p>\n<p>caen astillas de dolor.<\/p>\n<p>&nbsp;<\/p>\n<p>En el \u00faltimo por fin te encuentro,<\/p>\n<p>aletargada y llorando\u2026<\/p>\n<p>tus ramas est\u00e1n ardiendo,<\/p>\n<p>tu verde se va apagando.<\/p>\n<span class='bctt-click-to-tweet'><span class='bctt-ctt-text'><a href='https:\/\/x.com\/intent\/tweet?url=https%3A%2F%2Fclubdepoesia.com%2Ffrannunezgavira%2Fpoesia-del-libro-de-tus-versos%2F&#038;text=V%20del%20libro%20De%20tus%20versos%20de%20FRANCISCO%20JOS%C3%89%20N%C3%9A%C3%91EZ%20GAVIRA&#038;via=poesiaerestu&#038;related=poesiaerestu' target='_blank'rel=\"noopener noreferrer\">V del libro De tus versos de FRANCISCO JOS\u00c9 N\u00da\u00d1EZ GAVIRA <\/a><\/span><a href='https:\/\/x.com\/intent\/tweet?url=https%3A%2F%2Fclubdepoesia.com%2Ffrannunezgavira%2Fpoesia-del-libro-de-tus-versos%2F&#038;text=V%20del%20libro%20De%20tus%20versos%20de%20FRANCISCO%20JOS%C3%89%20N%C3%9A%C3%91EZ%20GAVIRA&#038;via=poesiaerestu&#038;related=poesiaerestu' target='_blank' class='bctt-ctt-btn'rel=\"noopener noreferrer\">Compartir en X<\/a><\/span>[\/vc_column_text][\/vc_column][\/vc_row][vc_row][vc_column extend=&#8221;false&#8221;]<div class='gambit_parallax_row' data-bg-align='' data-direction='fixed' data-opacity='100' data-velocity='-0.3' data-mobile-enabled='' data-bg-height='768' data-bg-width='1152' data-bg-image='https:\/\/clubdepoesia.com\/frannunezgavira\/files\/2018\/03\/156.jpg' data-bg-repeat='false' data-id='' style='display: none'><\/div><div class=\"gambit_fullheight_row\" data-content-location=\"center\" style=\"display: none\"><\/div>[\/vc_column][\/vc_row][vc_row][vc_column extend=&#8221;false&#8221;][vc_column_text css=&#8221;.vc_custom_1521322154652{margin-top: -30000px !important;}&#8221;]<strong><em><u>Poes\u00eda del libro DE TUS VERSOS\u00a0 de Francisco Jos\u00e9 N\u00da\u00d1EZ GAVIRA. El escritor nos da una muestra tras publicar un libro.<\/u><\/em><\/strong><\/p>\n<h1><strong><em><u><img fetchpriority=\"high\" decoding=\"async\" class=\"aligncenter size-full wp-image-5\" src=\"https:\/\/clubdepoesia.com\/frannunezgavira\/files\/2018\/03\/0_Portada_detusversos.jpg\" alt=\"De tus Versos de Francisco Jos\u00e9 N\u00fa\u00f1ez Gavira\" width=\"211\" height=\"300\" \/>Poes\u00eda del libro DE TUS VERSOS de Francisco Jos\u00e9 N\u00da\u00d1EZ GAVIRA . El poeta nos da una muestra tras publicar un libro.<\/u><\/em><\/strong><\/h1>\n<h2><strong><em><u>Poes\u00eda del libro DE TUS VERSOS de Francisco Jos\u00e9 N\u00da\u00d1EZ GAVIRA. El autor nos da una muestra tras publicar un libro.<\/u><\/em><\/strong><\/h2>\n<h3><strong><em><u>Poes\u00eda del libro DE TUS VERSOS de Francisco Jos\u00e9 N\u00da\u00d1EZ GAVIRA. El autor nos da una muestra tras publicar un libro.<\/u><\/em><\/strong><\/h3>\n<h4><strong><em><u>Poes\u00eda del libro DE TUS VERSOS de Francisco Jos\u00e9 N\u00da\u00d1EZ GAVIRA . El autor nos da una muestra tras publicar un libro.<\/u><\/em><\/strong><\/h4>\n[\/vc_column_text][\/vc_column][\/vc_row]\n<\/div>","protected":false},"excerpt":{"rendered":"<p>[vc_row][vc_column extend=&#8221;false&#8221;][vc_column_text css=&#8221;.vc_custom_1521322154652{margin-top: -30000px !important;}&#8221;]Poes\u00eda del libro DE TUS VERSOS\u00a0 de Francisco Jos\u00e9 N\u00da\u00d1EZ GAVIRA. El escritor nos da una muestra tras publicar un libro. Poes\u00eda del libro DE TUS VERSOS de Francisco Jos\u00e9 N\u00da\u00d1EZ GAVIRA . El poeta nos da una muestra tras publicar un libro. Poes\u00eda del libro DE TUS VERSOS de Francisco [&hellip;]<\/p>\n","protected":false},"author":24,"featured_media":0,"parent":0,"menu_order":3,"comment_status":"closed","ping_status":"closed","template":"","meta":{"footnotes":"","_links_to":"","_links_to_target":""},"class_list":["post-56","page","type-page","status-publish","hentry"],"_links":{"self":[{"href":"https:\/\/clubdepoesia.com\/frannunezgavira\/wp-json\/wp\/v2\/pages\/56","targetHints":{"allow":["GET"]}}],"collection":[{"href":"https:\/\/clubdepoesia.com\/frannunezgavira\/wp-json\/wp\/v2\/pages"}],"about":[{"href":"https:\/\/clubdepoesia.com\/frannunezgavira\/wp-json\/wp\/v2\/types\/page"}],"author":[{"embeddable":true,"href":"https:\/\/clubdepoesia.com\/frannunezgavira\/wp-json\/wp\/v2\/users\/24"}],"replies":[{"embeddable":true,"href":"https:\/\/clubdepoesia.com\/frannunezgavira\/wp-json\/wp\/v2\/comments?post=56"}],"version-history":[{"count":0,"href":"https:\/\/clubdepoesia.com\/frannunezgavira\/wp-json\/wp\/v2\/pages\/56\/revisions"}],"wp:attachment":[{"href":"https:\/\/clubdepoesia.com\/frannunezgavira\/wp-json\/wp\/v2\/media?parent=56"}],"curies":[{"name":"wp","href":"https:\/\/api.w.org\/{rel}","templated":true}]}}