{"id":86,"date":"2016-07-31T17:37:46","date_gmt":"2016-07-31T17:37:46","guid":{"rendered":"http:\/\/clubdepoesia.com\/franciscomanuelrodriguez\/?page_id=86"},"modified":"2016-07-31T17:40:18","modified_gmt":"2016-07-31T17:40:18","slug":"los-autores","status":"publish","type":"page","link":"https:\/\/clubdepoesia.com\/franciscomanuelrodriguez\/los-autores\/","title":{"rendered":"Los autores"},"content":{"rendered":"<div class=\"wpb-content-wrapper\">[vc_row][vc_column width=&#8221;1\/4&#8243;][vc_single_image image=&#8221;87&#8243; img_size=&#8221;medium&#8221;][\/vc_column][vc_column width=&#8221;3\/4&#8243;][vc_column_text]\n<h1>Eva Mar\u00eda Garc\u00eda (Ilustradora)<\/h1>\n<p>Ha expuesto su obra gr\u00e1fica en galer\u00edas y centros culturales. Ha sido directora de arte en videosclips musicales de artistas nacionales, cortometrajes y spots publicitarios. Ha participado en el dise\u00f1o de escenograf\u00edas y de vestuario para diversas compa\u00f1\u00edas de teatro, conocidas series de televisi\u00f3n y largometrajes con directores como Carlos Saura, Jos\u00e9 Luis Garci y Antonio Hern\u00e1ndez, entre otros.[\/vc_column_text][\/vc_column][\/vc_row][vc_row][vc_column]<div class=\"cq-hr cq-hr-rounded\" data-bgcolor=\"#333333\" data-fontcolor=\"#ffffff\" data-shape=\"rounded\" data-borderstyle=\"solid\" data-bordercolor=\"#333\" data-centerbordercolor=\"\" data-leftcolor=\"\" data-centercolor=\"\" data-rightcolor=\"\" data-elementwidth=\"100%\" data-bordersize=\"1px\" data-fontsize=\"1em\" data-titleposition=\"50%\" data-titlewidth=\"\" data-borderradius=\"4px\" data-padding=\"\" data-fontfamily=\"\" data-margin=\"\"><div class=\"cq-hr-icon-container\"><i style=\"\" class=\"cq-hr-symbol fa fa-star-o\"><\/i><\/div><\/div>[\/vc_column][\/vc_row][vc_row][vc_column width=&#8221;1\/4&#8243;][vc_single_image image=&#8221;88&#8243; img_size=&#8221;medium&#8221;][\/vc_column][vc_column width=&#8221;3\/4&#8243;][vc_column_text]\n<h1>Francisco Manuel Rodr\u00edguez<\/h1>\n<p>Autor del poemario \u201cCiudad sin Nombre\u201d, Ediciones en Huida, 2015. Finalista del Premio Internacional de Poes\u00eda Jovellanos, Ediciones Nobel, 2015. Selecci\u00f3n de poemas publicados en la revista Nayagua, julio 2015, en la secci\u00f3n Poetas Emergentes. Ha coordinado la edici\u00f3n de varios libros ilustrados, de relatos, de investigaci\u00f3n social, de fotograf\u00edas, y manuales para diversas entidades como Junta de Andaluc\u00eda, Ayuntamiento de Sevilla o Fundaci\u00f3n Biodiversidad[\/vc_column_text][\/vc_column][\/vc_row]\n<\/div>","protected":false},"excerpt":{"rendered":"<p>[vc_row][vc_column width=&#8221;1\/4&#8243;][vc_single_image image=&#8221;87&#8243; img_size=&#8221;medium&#8221;][\/vc_column][vc_column width=&#8221;3\/4&#8243;][vc_column_text] Eva Mar\u00eda Garc\u00eda (Ilustradora) Ha expuesto su obra gr\u00e1fica en galer\u00edas y centros culturales. Ha sido directora de arte en videosclips musicales de artistas nacionales, cortometrajes y spots publicitarios. Ha participado en el dise\u00f1o de escenograf\u00edas y de vestuario para diversas compa\u00f1\u00edas de teatro, conocidas series de televisi\u00f3n y largometrajes [&hellip;]<\/p>\n","protected":false},"author":24,"featured_media":0,"parent":0,"menu_order":4,"comment_status":"closed","ping_status":"closed","template":"","meta":{"footnotes":"","_links_to":"","_links_to_target":""},"class_list":["post-86","page","type-page","status-publish","hentry"],"_links":{"self":[{"href":"https:\/\/clubdepoesia.com\/franciscomanuelrodriguez\/wp-json\/wp\/v2\/pages\/86","targetHints":{"allow":["GET"]}}],"collection":[{"href":"https:\/\/clubdepoesia.com\/franciscomanuelrodriguez\/wp-json\/wp\/v2\/pages"}],"about":[{"href":"https:\/\/clubdepoesia.com\/franciscomanuelrodriguez\/wp-json\/wp\/v2\/types\/page"}],"author":[{"embeddable":true,"href":"https:\/\/clubdepoesia.com\/franciscomanuelrodriguez\/wp-json\/wp\/v2\/users\/24"}],"replies":[{"embeddable":true,"href":"https:\/\/clubdepoesia.com\/franciscomanuelrodriguez\/wp-json\/wp\/v2\/comments?post=86"}],"version-history":[{"count":0,"href":"https:\/\/clubdepoesia.com\/franciscomanuelrodriguez\/wp-json\/wp\/v2\/pages\/86\/revisions"}],"wp:attachment":[{"href":"https:\/\/clubdepoesia.com\/franciscomanuelrodriguez\/wp-json\/wp\/v2\/media?parent=86"}],"curies":[{"name":"wp","href":"https:\/\/api.w.org\/{rel}","templated":true}]}}